{"id":2271,"date":"2025-07-18T22:31:37","date_gmt":"2025-07-18T20:31:37","guid":{"rendered":"http:\/\/192.168.2.106\/index.php\/produkt\/kawa-ziarnista-mieszana-rioba-espresso-gold-arabica-robusta-80-20-3kg\/"},"modified":"2025-07-18T22:31:37","modified_gmt":"2025-07-18T20:31:37","slug":"kawa-ziarnista-mieszana-rioba-espresso-gold-arabica-robusta-80-20-3kg","status":"publish","type":"product","link":"https:\/\/racom.com.pl\/index.php\/produkt\/kawa-ziarnista-mieszana-rioba-espresso-gold-arabica-robusta-80-20-3kg\/","title":{"rendered":"Kawa ziarnista mieszana Rioba Espresso GOLD Arabica\/Robusta 80\/20% 3kg"},"content":{"rendered":"<h2>Kawa Ziarnista Rioba Gold 3KG Arabica 80% Robusta 20% 3000G<\/h2>\n<p><b>Rioba Espresso Gold 3000g<\/b> to wyj\u0105tkowa mieszanka <b>najlepszych ziaren arabiki i rubusty z Brazylii, Ameryki \u015arodkowej i Indii<\/b> charakteryzuj\u0105cych si\u0119 <b>intensywnym aromatem i wyrazistym smakiem.<\/b><\/p>\n<p><b>Sk\u0142ad:&nbsp;<\/b>80% kawa arabica, 20% kawa robusta<\/p>\n<p><b>Warunki przechowywania:<\/b><\/p>\n<p>Przechowywa\u0107 w ch\u0142odnym; suchym miejscu z dala od bezpo\u015bredniego \u015bwiat\u0142a s\u0142onecznego i silnych zapach\u00f3w<\/p>\n<p><b>Pojemno\u015b\u0107: 3000g<\/b><\/p>\n<p>Marka Rioba zosta\u0142a pierwotnie opracowana do profesjonalnych zastosowa\u0144 w kawiarniach, restauracjach i barach.<\/p>\n<p>Teraz przygotowywanie najlepszej kawy jest \u0142atwe, zamiast m\u0119czy\u0107 si\u0119 z ziarnami kawy o niskiej jako\u015bci, wystarczy kupi\u0107 dedykowan\u0105 kaw\u0119 marki Rioba.<\/p>\n","protected":false},"excerpt":{"rendered":"<p>Kawa Ziarnista Rioba Gold 3KG Arabica 80% Robusta 20% 3000G Rioba Espresso Gold 3000g to wyj\u0105tkowa mieszanka najlepszych ziaren arabiki i rubusty z Brazylii, Ameryki \u015arodkowej i Indii charakteryzuj\u0105cych si\u0119 intensywnym aromatem i wyrazistym smakiem. Sk\u0142ad:&nbsp;80% kawa arabica, 20% kawa robusta Warunki przechowywania: Przechowywa\u0107 w ch\u0142odnym; suchym miejscu z dala od bezpo\u015bredniego \u015bwiat\u0142a s\u0142onecznego i [&hellip;]<\/p>\n","protected":false},"featured_media":2273,"comment_status":"open","ping_status":"closed","template":"","meta":[],"product_brand":[117],"product_cat":[119],"product_tag":[],"class_list":{"0":"post-2271","1":"product","2":"type-product","3":"status-publish","4":"has-post-thumbnail","6":"product_brand-rioba","7":"product_cat-kawa","9":"first","10":"instock","11":"taxable","12":"shipping-taxable","13":"purchasable","14":"product-type-simple"},"yoast_head":"<!-- This site is optimized with the Yoast SEO plugin v27.3 - https:\/\/yoast.com\/product\/yoast-seo-wordpress\/ -->\n<title>Kawa ziarnista mieszana Rioba Espresso GOLD Arabica\/Robusta 80\/20% 3kg - Mix Market - Supermarket z wszystkim co potrzeba<\/title>\n<meta name=\"robots\" content=\"index, follow, max-snippet:-1, max-image-preview:large, max-video-preview:-1\" \/>\n<link rel=\"canonical\" href=\"https:\/\/racom.com.pl\/index.php\/produkt\/kawa-ziarnista-mieszana-rioba-espresso-gold-arabica-robusta-80-20-3kg\/\" \/>\n<meta property=\"og:locale\" content=\"pl_PL\" \/>\n<meta property=\"og:type\" content=\"article\" \/>\n<meta property=\"og:title\" content=\"Kawa ziarnista mieszana Rioba Espresso GOLD Arabica\/Robusta 80\/20% 3kg - Mix Market - Supermarket z wszystkim co potrzeba\" \/>\n<meta property=\"og:description\" content=\"Kawa Ziarnista Rioba Gold 3KG Arabica 80% Robusta 20% 3000G Rioba Espresso Gold 3000g to wyj\u0105tkowa mieszanka najlepszych ziaren arabiki i rubusty z Brazylii, Ameryki \u015arodkowej i Indii charakteryzuj\u0105cych si\u0119 intensywnym aromatem i wyrazistym smakiem. Sk\u0142ad:&nbsp;80% kawa arabica, 20% kawa robusta Warunki przechowywania: Przechowywa\u0107 w ch\u0142odnym; suchym miejscu z dala od bezpo\u015bredniego \u015bwiat\u0142a s\u0142onecznego i [&hellip;]\" \/>\n<meta property=\"og:url\" content=\"https:\/\/racom.com.pl\/index.php\/produkt\/kawa-ziarnista-mieszana-rioba-espresso-gold-arabica-robusta-80-20-3kg\/\" \/>\n<meta property=\"og:site_name\" content=\"Mix Market - Supermarket z wszystkim co potrzeba\" \/>\n<meta property=\"og:image\" content=\"https:\/\/racom.com.pl\/wp-content\/uploads\/2025\/07\/allegro_687aaf3fb9c285.82179527_fde0bcae4dc59575420cab7475e2.jpg\" \/>\n\t<meta property=\"og:image:width\" content=\"2560\" \/>\n\t<meta property=\"og:image:height\" content=\"2560\" \/>\n\t<meta property=\"og:image:type\" content=\"image\/jpeg\" \/>\n<meta name=\"twitter:card\" content=\"summary_large_image\" \/>\n<script type=\"application\/ld+json\" class=\"yoast-schema-graph\">{\"@context\":\"https:\\\/\\\/schema.org\",\"@graph\":[{\"@type\":\"WebPage\",\"@id\":\"https:\\\/\\\/racom.com.pl\\\/index.php\\\/produkt\\\/kawa-ziarnista-mieszana-rioba-espresso-gold-arabica-robusta-80-20-3kg\\\/\",\"url\":\"https:\\\/\\\/racom.com.pl\\\/index.php\\\/produkt\\\/kawa-ziarnista-mieszana-rioba-espresso-gold-arabica-robusta-80-20-3kg\\\/\",\"name\":\"Kawa ziarnista mieszana Rioba Espresso GOLD Arabica\\\/Robusta 80\\\/20% 3kg - Mix Market - Supermarket z wszystkim co potrzeba\",\"isPartOf\":{\"@id\":\"https:\\\/\\\/racom.com.pl\\\/#website\"},\"primaryImageOfPage\":{\"@id\":\"https:\\\/\\\/racom.com.pl\\\/index.php\\\/produkt\\\/kawa-ziarnista-mieszana-rioba-espresso-gold-arabica-robusta-80-20-3kg\\\/#primaryimage\"},\"image\":{\"@id\":\"https:\\\/\\\/racom.com.pl\\\/index.php\\\/produkt\\\/kawa-ziarnista-mieszana-rioba-espresso-gold-arabica-robusta-80-20-3kg\\\/#primaryimage\"},\"thumbnailUrl\":\"https:\\\/\\\/racom.com.pl\\\/wp-content\\\/uploads\\\/2025\\\/07\\\/allegro_687aaf3fb9c285.82179527_fde0bcae4dc59575420cab7475e2.jpg\",\"datePublished\":\"2025-07-18T20:31:37+00:00\",\"breadcrumb\":{\"@id\":\"https:\\\/\\\/racom.com.pl\\\/index.php\\\/produkt\\\/kawa-ziarnista-mieszana-rioba-espresso-gold-arabica-robusta-80-20-3kg\\\/#breadcrumb\"},\"inLanguage\":\"pl-PL\",\"potentialAction\":[{\"@type\":\"ReadAction\",\"target\":[\"https:\\\/\\\/racom.com.pl\\\/index.php\\\/produkt\\\/kawa-ziarnista-mieszana-rioba-espresso-gold-arabica-robusta-80-20-3kg\\\/\"]}]},{\"@type\":\"ImageObject\",\"inLanguage\":\"pl-PL\",\"@id\":\"https:\\\/\\\/racom.com.pl\\\/index.php\\\/produkt\\\/kawa-ziarnista-mieszana-rioba-espresso-gold-arabica-robusta-80-20-3kg\\\/#primaryimage\",\"url\":\"https:\\\/\\\/racom.com.pl\\\/wp-content\\\/uploads\\\/2025\\\/07\\\/allegro_687aaf3fb9c285.82179527_fde0bcae4dc59575420cab7475e2.jpg\",\"contentUrl\":\"https:\\\/\\\/racom.com.pl\\\/wp-content\\\/uploads\\\/2025\\\/07\\\/allegro_687aaf3fb9c285.82179527_fde0bcae4dc59575420cab7475e2.jpg\",\"width\":2560,\"height\":2560},{\"@type\":\"BreadcrumbList\",\"@id\":\"https:\\\/\\\/racom.com.pl\\\/index.php\\\/produkt\\\/kawa-ziarnista-mieszana-rioba-espresso-gold-arabica-robusta-80-20-3kg\\\/#breadcrumb\",\"itemListElement\":[{\"@type\":\"ListItem\",\"position\":1,\"name\":\"Strona g\u0142\u00f3wna\",\"item\":\"https:\\\/\\\/racom.com.pl\\\/\"},{\"@type\":\"ListItem\",\"position\":2,\"name\":\"Sklep\",\"item\":\"https:\\\/\\\/racom.com.pl\\\/\"},{\"@type\":\"ListItem\",\"position\":3,\"name\":\"Kawa ziarnista mieszana Rioba Espresso GOLD Arabica\\\/Robusta 80\\\/20% 3kg\"}]},{\"@type\":\"WebSite\",\"@id\":\"https:\\\/\\\/racom.com.pl\\\/#website\",\"url\":\"https:\\\/\\\/racom.com.pl\\\/\",\"name\":\"Mix Market - Supermarket z wszystkim co potrzeba do domu i nie tylko\",\"description\":\"\",\"publisher\":{\"@id\":\"https:\\\/\\\/racom.com.pl\\\/#organization\"},\"potentialAction\":[{\"@type\":\"SearchAction\",\"target\":{\"@type\":\"EntryPoint\",\"urlTemplate\":\"https:\\\/\\\/racom.com.pl\\\/?s={search_term_string}\"},\"query-input\":{\"@type\":\"PropertyValueSpecification\",\"valueRequired\":true,\"valueName\":\"search_term_string\"}}],\"inLanguage\":\"pl-PL\"},{\"@type\":\"Organization\",\"@id\":\"https:\\\/\\\/racom.com.pl\\\/#organization\",\"name\":\"Mix Market - Supermarket z wszystkim co potrzeba do domu i nie tylko\",\"url\":\"https:\\\/\\\/racom.com.pl\\\/\",\"logo\":{\"@type\":\"ImageObject\",\"inLanguage\":\"pl-PL\",\"@id\":\"https:\\\/\\\/racom.com.pl\\\/#\\\/schema\\\/logo\\\/image\\\/\",\"url\":\"https:\\\/\\\/racom.com.pl\\\/wp-content\\\/uploads\\\/2025\\\/07\\\/mixmarket_logo.png\",\"contentUrl\":\"https:\\\/\\\/racom.com.pl\\\/wp-content\\\/uploads\\\/2025\\\/07\\\/mixmarket_logo.png\",\"width\":1024,\"height\":1024,\"caption\":\"Mix Market - Supermarket z wszystkim co potrzeba do domu i nie tylko\"},\"image\":{\"@id\":\"https:\\\/\\\/racom.com.pl\\\/#\\\/schema\\\/logo\\\/image\\\/\"}}]}<\/script>\n<!-- \/ Yoast SEO plugin. -->","yoast_head_json":{"title":"Kawa ziarnista mieszana Rioba Espresso GOLD Arabica\/Robusta 80\/20% 3kg - Mix Market - Supermarket z wszystkim co potrzeba","robots":{"index":"index","follow":"follow","max-snippet":"max-snippet:-1","max-image-preview":"max-image-preview:large","max-video-preview":"max-video-preview:-1"},"canonical":"https:\/\/racom.com.pl\/index.php\/produkt\/kawa-ziarnista-mieszana-rioba-espresso-gold-arabica-robusta-80-20-3kg\/","og_locale":"pl_PL","og_type":"article","og_title":"Kawa ziarnista mieszana Rioba Espresso GOLD Arabica\/Robusta 80\/20% 3kg - Mix Market - Supermarket z wszystkim co potrzeba","og_description":"Kawa Ziarnista Rioba Gold 3KG Arabica 80% Robusta 20% 3000G Rioba Espresso Gold 3000g to wyj\u0105tkowa mieszanka najlepszych ziaren arabiki i rubusty z Brazylii, Ameryki \u015arodkowej i Indii charakteryzuj\u0105cych si\u0119 intensywnym aromatem i wyrazistym smakiem. Sk\u0142ad:&nbsp;80% kawa arabica, 20% kawa robusta Warunki przechowywania: Przechowywa\u0107 w ch\u0142odnym; suchym miejscu z dala od bezpo\u015bredniego \u015bwiat\u0142a s\u0142onecznego i [&hellip;]","og_url":"https:\/\/racom.com.pl\/index.php\/produkt\/kawa-ziarnista-mieszana-rioba-espresso-gold-arabica-robusta-80-20-3kg\/","og_site_name":"Mix Market - Supermarket z wszystkim co potrzeba","og_image":[{"width":2560,"height":2560,"url":"https:\/\/racom.com.pl\/wp-content\/uploads\/2025\/07\/allegro_687aaf3fb9c285.82179527_fde0bcae4dc59575420cab7475e2.jpg","type":"image\/jpeg"}],"twitter_card":"summary_large_image","schema":{"@context":"https:\/\/schema.org","@graph":[{"@type":"WebPage","@id":"https:\/\/racom.com.pl\/index.php\/produkt\/kawa-ziarnista-mieszana-rioba-espresso-gold-arabica-robusta-80-20-3kg\/","url":"https:\/\/racom.com.pl\/index.php\/produkt\/kawa-ziarnista-mieszana-rioba-espresso-gold-arabica-robusta-80-20-3kg\/","name":"Kawa ziarnista mieszana Rioba Espresso GOLD Arabica\/Robusta 80\/20% 3kg - Mix Market - Supermarket z wszystkim co potrzeba","isPartOf":{"@id":"https:\/\/racom.com.pl\/#website"},"primaryImageOfPage":{"@id":"https:\/\/racom.com.pl\/index.php\/produkt\/kawa-ziarnista-mieszana-rioba-espresso-gold-arabica-robusta-80-20-3kg\/#primaryimage"},"image":{"@id":"https:\/\/racom.com.pl\/index.php\/produkt\/kawa-ziarnista-mieszana-rioba-espresso-gold-arabica-robusta-80-20-3kg\/#primaryimage"},"thumbnailUrl":"https:\/\/racom.com.pl\/wp-content\/uploads\/2025\/07\/allegro_687aaf3fb9c285.82179527_fde0bcae4dc59575420cab7475e2.jpg","datePublished":"2025-07-18T20:31:37+00:00","breadcrumb":{"@id":"https:\/\/racom.com.pl\/index.php\/produkt\/kawa-ziarnista-mieszana-rioba-espresso-gold-arabica-robusta-80-20-3kg\/#breadcrumb"},"inLanguage":"pl-PL","potentialAction":[{"@type":"ReadAction","target":["https:\/\/racom.com.pl\/index.php\/produkt\/kawa-ziarnista-mieszana-rioba-espresso-gold-arabica-robusta-80-20-3kg\/"]}]},{"@type":"ImageObject","inLanguage":"pl-PL","@id":"https:\/\/racom.com.pl\/index.php\/produkt\/kawa-ziarnista-mieszana-rioba-espresso-gold-arabica-robusta-80-20-3kg\/#primaryimage","url":"https:\/\/racom.com.pl\/wp-content\/uploads\/2025\/07\/allegro_687aaf3fb9c285.82179527_fde0bcae4dc59575420cab7475e2.jpg","contentUrl":"https:\/\/racom.com.pl\/wp-content\/uploads\/2025\/07\/allegro_687aaf3fb9c285.82179527_fde0bcae4dc59575420cab7475e2.jpg","width":2560,"height":2560},{"@type":"BreadcrumbList","@id":"https:\/\/racom.com.pl\/index.php\/produkt\/kawa-ziarnista-mieszana-rioba-espresso-gold-arabica-robusta-80-20-3kg\/#breadcrumb","itemListElement":[{"@type":"ListItem","position":1,"name":"Strona g\u0142\u00f3wna","item":"https:\/\/racom.com.pl\/"},{"@type":"ListItem","position":2,"name":"Sklep","item":"https:\/\/racom.com.pl\/"},{"@type":"ListItem","position":3,"name":"Kawa ziarnista mieszana Rioba Espresso GOLD Arabica\/Robusta 80\/20% 3kg"}]},{"@type":"WebSite","@id":"https:\/\/racom.com.pl\/#website","url":"https:\/\/racom.com.pl\/","name":"Mix Market - Supermarket z wszystkim co potrzeba do domu i nie tylko","description":"","publisher":{"@id":"https:\/\/racom.com.pl\/#organization"},"potentialAction":[{"@type":"SearchAction","target":{"@type":"EntryPoint","urlTemplate":"https:\/\/racom.com.pl\/?s={search_term_string}"},"query-input":{"@type":"PropertyValueSpecification","valueRequired":true,"valueName":"search_term_string"}}],"inLanguage":"pl-PL"},{"@type":"Organization","@id":"https:\/\/racom.com.pl\/#organization","name":"Mix Market - Supermarket z wszystkim co potrzeba do domu i nie tylko","url":"https:\/\/racom.com.pl\/","logo":{"@type":"ImageObject","inLanguage":"pl-PL","@id":"https:\/\/racom.com.pl\/#\/schema\/logo\/image\/","url":"https:\/\/racom.com.pl\/wp-content\/uploads\/2025\/07\/mixmarket_logo.png","contentUrl":"https:\/\/racom.com.pl\/wp-content\/uploads\/2025\/07\/mixmarket_logo.png","width":1024,"height":1024,"caption":"Mix Market - Supermarket z wszystkim co potrzeba do domu i nie tylko"},"image":{"@id":"https:\/\/racom.com.pl\/#\/schema\/logo\/image\/"}}]}},"_links":{"self":[{"href":"https:\/\/racom.com.pl\/index.php\/wp-json\/wp\/v2\/product\/2271","targetHints":{"allow":["GET"]}}],"collection":[{"href":"https:\/\/racom.com.pl\/index.php\/wp-json\/wp\/v2\/product"}],"about":[{"href":"https:\/\/racom.com.pl\/index.php\/wp-json\/wp\/v2\/types\/product"}],"replies":[{"embeddable":true,"href":"https:\/\/racom.com.pl\/index.php\/wp-json\/wp\/v2\/comments?post=2271"}],"wp:featuredmedia":[{"embeddable":true,"href":"https:\/\/racom.com.pl\/index.php\/wp-json\/wp\/v2\/media\/2273"}],"wp:attachment":[{"href":"https:\/\/racom.com.pl\/index.php\/wp-json\/wp\/v2\/media?parent=2271"}],"wp:term":[{"taxonomy":"product_brand","embeddable":true,"href":"https:\/\/racom.com.pl\/index.php\/wp-json\/wp\/v2\/product_brand?post=2271"},{"taxonomy":"product_cat","embeddable":true,"href":"https:\/\/racom.com.pl\/index.php\/wp-json\/wp\/v2\/product_cat?post=2271"},{"taxonomy":"product_tag","embeddable":true,"href":"https:\/\/racom.com.pl\/index.php\/wp-json\/wp\/v2\/product_tag?post=2271"}],"curies":[{"name":"wp","href":"https:\/\/api.w.org\/{rel}","templated":true}]}}