{"id":2351,"date":"2025-07-18T22:48:55","date_gmt":"2025-07-18T20:48:55","guid":{"rendered":"http:\/\/192.168.2.106\/index.php\/produkt\/goccia-doro-oliwa-z-oliwek-na-zimno-extra-virgin-grezzo-naturale-1l\/"},"modified":"2025-07-18T22:48:55","modified_gmt":"2025-07-18T20:48:55","slug":"goccia-doro-oliwa-z-oliwek-na-zimno-extra-virgin-grezzo-naturale-1l","status":"publish","type":"product","link":"https:\/\/racom.com.pl\/index.php\/produkt\/goccia-doro-oliwa-z-oliwek-na-zimno-extra-virgin-grezzo-naturale-1l\/","title":{"rendered":"Goccia D&#8217;Oro Oliwa z oliwek NA ZIMNO Extra Virgin Grezzo Naturale 1L"},"content":{"rendered":"<h2>GOCCIA D&#8217;ORO OLIWA EXTRA VIRGINE GREZZO 1 L<\/h2>\n<p>Je\u015bli szukasz oliwy z najwy\u017cszej p\u00f3\u0142ki, kt\u00f3ra zadowoli nawet najbardziej wymagaj\u0105ce podniebienia, to <b>GOCCIA D&#8217;ORO OLIWA EXTRA VIRGINE GREZZO 1 L<\/b> jest idealnym wyborem dla Ciebie. Ta oliwa extra vergine z w\u0142oskiej Toskanii to prawdziwy klejnot w\u015br\u00f3d oliw z oliwek.<\/p>\n<p>Zosta\u0142a wyprodukowana z najwy\u017cszej jako\u015bci oliwek, kt\u00f3re zosta\u0142y zebrane r\u0119cznie i przetworzone w ci\u0105gu 24 godzin od zbioru. Dzi\u0119ki temu oliwa zachowuje wszystkie swoje naturalne w\u0142a\u015bciwo\u015bci i smak.<\/p>\n<p>GOCCIA D&#8217;ORO OLIWA EXTRA VIRGINE GREZZO 1 L to oliwa o wyj\u0105tkowo intensywnym smaku i aromacie.<\/p>\n<p>Jest to oliwa otrzymywana <b>z pierwszego t\u0142oczenia na zimno<\/b>, co oznacza, \u017ce \u200b\u200bjest to oliwa o najwy\u017cszej jako\u015bci. Oliwa ta jest idealna do sa\u0142atek, makaron\u00f3w, mi\u0119s i ryb.<\/p>\n<p>Mo\u017cna j\u0105 r\u00f3wnie\u017c stosowa\u0107 do sma\u017cenia i pieczenia.<\/p>\n<p><b>Sk\u0142ad:<\/b><\/p>\n<ul>\n<li>100% oliwa extra vergine z oliwek<\/li>\n<\/ul>\n<p>GOCCIA D&#8217;ORO OLIWA EXTRA VIRGINE GREZZO 1 L to oliwa, kt\u00f3ra nie zawiera \u017cadnych dodatk\u00f3w ani konserwant\u00f3w. Jest to oliwa naturalna, kt\u00f3ra zachowuje wszystkie swoje w\u0142a\u015bciwo\u015bci i smak. Oliwa ta jest bogata w kwasy t\u0142uszczowe jednonienasycone, kt\u00f3re s\u0105 korzystne dla zdrowia. Oliwa ta jest r\u00f3wnie\u017c bogata w witamin\u0119 E, kt\u00f3ra jest silnym przeciwutleniaczem.Je\u015bli szukasz oliwy z najwy\u017cszej jako\u015bci, kt\u00f3ra zachowa sw\u00f3j smak i aromat przez d\u0142ugi czas, to GOCCIA D&#8217;ORO OLIWA EXTRA VIRGINE GREZZO 1 L jest idealnym wyborem dla Ciebie.<\/p>\n","protected":false},"excerpt":{"rendered":"<p>GOCCIA D&#8217;ORO OLIWA EXTRA VIRGINE GREZZO 1 L Je\u015bli szukasz oliwy z najwy\u017cszej p\u00f3\u0142ki, kt\u00f3ra zadowoli nawet najbardziej wymagaj\u0105ce podniebienia, to GOCCIA D&#8217;ORO OLIWA EXTRA VIRGINE GREZZO 1 L jest idealnym wyborem dla Ciebie. Ta oliwa extra vergine z w\u0142oskiej Toskanii to prawdziwy klejnot w\u015br\u00f3d oliw z oliwek. Zosta\u0142a wyprodukowana z najwy\u017cszej jako\u015bci oliwek, kt\u00f3re [&hellip;]<\/p>\n","protected":false},"featured_media":2354,"comment_status":"open","ping_status":"closed","template":"","meta":[],"product_brand":[129],"product_cat":[114],"product_tag":[],"class_list":{"0":"post-2351","1":"product","2":"type-product","3":"status-publish","4":"has-post-thumbnail","6":"product_brand-name","7":"product_cat-oliwa-olej-ocet","9":"first","10":"instock","11":"taxable","12":"shipping-taxable","13":"purchasable","14":"product-type-simple"},"yoast_head":"<!-- This site is optimized with the Yoast SEO plugin v27.3 - https:\/\/yoast.com\/product\/yoast-seo-wordpress\/ -->\n<title>Goccia D&#039;Oro Oliwa z oliwek NA ZIMNO Extra Virgin Grezzo Naturale 1L - Mix Market - Supermarket z wszystkim co potrzeba<\/title>\n<meta name=\"robots\" content=\"index, follow, max-snippet:-1, max-image-preview:large, max-video-preview:-1\" \/>\n<link rel=\"canonical\" href=\"https:\/\/racom.com.pl\/index.php\/produkt\/goccia-doro-oliwa-z-oliwek-na-zimno-extra-virgin-grezzo-naturale-1l\/\" \/>\n<meta property=\"og:locale\" content=\"pl_PL\" \/>\n<meta property=\"og:type\" content=\"article\" \/>\n<meta property=\"og:title\" content=\"Goccia D&#039;Oro Oliwa z oliwek NA ZIMNO Extra Virgin Grezzo Naturale 1L - Mix Market - Supermarket z wszystkim co potrzeba\" \/>\n<meta property=\"og:description\" content=\"GOCCIA D&#8217;ORO OLIWA EXTRA VIRGINE GREZZO 1 L Je\u015bli szukasz oliwy z najwy\u017cszej p\u00f3\u0142ki, kt\u00f3ra zadowoli nawet najbardziej wymagaj\u0105ce podniebienia, to GOCCIA D&#8217;ORO OLIWA EXTRA VIRGINE GREZZO 1 L jest idealnym wyborem dla Ciebie. Ta oliwa extra vergine z w\u0142oskiej Toskanii to prawdziwy klejnot w\u015br\u00f3d oliw z oliwek. Zosta\u0142a wyprodukowana z najwy\u017cszej jako\u015bci oliwek, kt\u00f3re [&hellip;]\" \/>\n<meta property=\"og:url\" content=\"https:\/\/racom.com.pl\/index.php\/produkt\/goccia-doro-oliwa-z-oliwek-na-zimno-extra-virgin-grezzo-naturale-1l\/\" \/>\n<meta property=\"og:site_name\" content=\"Mix Market - Supermarket z wszystkim co potrzeba\" \/>\n<meta property=\"og:image\" content=\"https:\/\/racom.com.pl\/wp-content\/uploads\/2025\/07\/allegro_687ab36283c714.16788187_3cc618d947bebef879c2eead6554.jpg\" \/>\n\t<meta property=\"og:image:width\" content=\"856\" \/>\n\t<meta property=\"og:image:height\" content=\"988\" \/>\n\t<meta property=\"og:image:type\" content=\"image\/jpeg\" \/>\n<meta name=\"twitter:card\" content=\"summary_large_image\" \/>\n<meta name=\"twitter:label1\" content=\"Szacowany czas czytania\" \/>\n\t<meta name=\"twitter:data1\" content=\"1 minuta\" \/>\n<script type=\"application\/ld+json\" class=\"yoast-schema-graph\">{\"@context\":\"https:\\\/\\\/schema.org\",\"@graph\":[{\"@type\":\"WebPage\",\"@id\":\"https:\\\/\\\/racom.com.pl\\\/index.php\\\/produkt\\\/goccia-doro-oliwa-z-oliwek-na-zimno-extra-virgin-grezzo-naturale-1l\\\/\",\"url\":\"https:\\\/\\\/racom.com.pl\\\/index.php\\\/produkt\\\/goccia-doro-oliwa-z-oliwek-na-zimno-extra-virgin-grezzo-naturale-1l\\\/\",\"name\":\"Goccia D'Oro Oliwa z oliwek NA ZIMNO Extra Virgin Grezzo Naturale 1L - Mix Market - Supermarket z wszystkim co potrzeba\",\"isPartOf\":{\"@id\":\"https:\\\/\\\/racom.com.pl\\\/#website\"},\"primaryImageOfPage\":{\"@id\":\"https:\\\/\\\/racom.com.pl\\\/index.php\\\/produkt\\\/goccia-doro-oliwa-z-oliwek-na-zimno-extra-virgin-grezzo-naturale-1l\\\/#primaryimage\"},\"image\":{\"@id\":\"https:\\\/\\\/racom.com.pl\\\/index.php\\\/produkt\\\/goccia-doro-oliwa-z-oliwek-na-zimno-extra-virgin-grezzo-naturale-1l\\\/#primaryimage\"},\"thumbnailUrl\":\"https:\\\/\\\/racom.com.pl\\\/wp-content\\\/uploads\\\/2025\\\/07\\\/allegro_687ab36283c714.16788187_3cc618d947bebef879c2eead6554.jpg\",\"datePublished\":\"2025-07-18T20:48:55+00:00\",\"breadcrumb\":{\"@id\":\"https:\\\/\\\/racom.com.pl\\\/index.php\\\/produkt\\\/goccia-doro-oliwa-z-oliwek-na-zimno-extra-virgin-grezzo-naturale-1l\\\/#breadcrumb\"},\"inLanguage\":\"pl-PL\",\"potentialAction\":[{\"@type\":\"ReadAction\",\"target\":[\"https:\\\/\\\/racom.com.pl\\\/index.php\\\/produkt\\\/goccia-doro-oliwa-z-oliwek-na-zimno-extra-virgin-grezzo-naturale-1l\\\/\"]}]},{\"@type\":\"ImageObject\",\"inLanguage\":\"pl-PL\",\"@id\":\"https:\\\/\\\/racom.com.pl\\\/index.php\\\/produkt\\\/goccia-doro-oliwa-z-oliwek-na-zimno-extra-virgin-grezzo-naturale-1l\\\/#primaryimage\",\"url\":\"https:\\\/\\\/racom.com.pl\\\/wp-content\\\/uploads\\\/2025\\\/07\\\/allegro_687ab36283c714.16788187_3cc618d947bebef879c2eead6554.jpg\",\"contentUrl\":\"https:\\\/\\\/racom.com.pl\\\/wp-content\\\/uploads\\\/2025\\\/07\\\/allegro_687ab36283c714.16788187_3cc618d947bebef879c2eead6554.jpg\",\"width\":856,\"height\":988},{\"@type\":\"BreadcrumbList\",\"@id\":\"https:\\\/\\\/racom.com.pl\\\/index.php\\\/produkt\\\/goccia-doro-oliwa-z-oliwek-na-zimno-extra-virgin-grezzo-naturale-1l\\\/#breadcrumb\",\"itemListElement\":[{\"@type\":\"ListItem\",\"position\":1,\"name\":\"Strona g\u0142\u00f3wna\",\"item\":\"https:\\\/\\\/racom.com.pl\\\/\"},{\"@type\":\"ListItem\",\"position\":2,\"name\":\"Sklep\",\"item\":\"https:\\\/\\\/racom.com.pl\\\/\"},{\"@type\":\"ListItem\",\"position\":3,\"name\":\"Goccia D&#8217;Oro Oliwa z oliwek NA ZIMNO Extra Virgin Grezzo Naturale 1L\"}]},{\"@type\":\"WebSite\",\"@id\":\"https:\\\/\\\/racom.com.pl\\\/#website\",\"url\":\"https:\\\/\\\/racom.com.pl\\\/\",\"name\":\"Mix Market - Supermarket z wszystkim co potrzeba do domu i nie tylko\",\"description\":\"\",\"publisher\":{\"@id\":\"https:\\\/\\\/racom.com.pl\\\/#organization\"},\"potentialAction\":[{\"@type\":\"SearchAction\",\"target\":{\"@type\":\"EntryPoint\",\"urlTemplate\":\"https:\\\/\\\/racom.com.pl\\\/?s={search_term_string}\"},\"query-input\":{\"@type\":\"PropertyValueSpecification\",\"valueRequired\":true,\"valueName\":\"search_term_string\"}}],\"inLanguage\":\"pl-PL\"},{\"@type\":\"Organization\",\"@id\":\"https:\\\/\\\/racom.com.pl\\\/#organization\",\"name\":\"Mix Market - Supermarket z wszystkim co potrzeba do domu i nie tylko\",\"url\":\"https:\\\/\\\/racom.com.pl\\\/\",\"logo\":{\"@type\":\"ImageObject\",\"inLanguage\":\"pl-PL\",\"@id\":\"https:\\\/\\\/racom.com.pl\\\/#\\\/schema\\\/logo\\\/image\\\/\",\"url\":\"https:\\\/\\\/racom.com.pl\\\/wp-content\\\/uploads\\\/2025\\\/07\\\/mixmarket_logo.png\",\"contentUrl\":\"https:\\\/\\\/racom.com.pl\\\/wp-content\\\/uploads\\\/2025\\\/07\\\/mixmarket_logo.png\",\"width\":1024,\"height\":1024,\"caption\":\"Mix Market - Supermarket z wszystkim co potrzeba do domu i nie tylko\"},\"image\":{\"@id\":\"https:\\\/\\\/racom.com.pl\\\/#\\\/schema\\\/logo\\\/image\\\/\"}}]}<\/script>\n<!-- \/ Yoast SEO plugin. -->","yoast_head_json":{"title":"Goccia D'Oro Oliwa z oliwek NA ZIMNO Extra Virgin Grezzo Naturale 1L - Mix Market - Supermarket z wszystkim co potrzeba","robots":{"index":"index","follow":"follow","max-snippet":"max-snippet:-1","max-image-preview":"max-image-preview:large","max-video-preview":"max-video-preview:-1"},"canonical":"https:\/\/racom.com.pl\/index.php\/produkt\/goccia-doro-oliwa-z-oliwek-na-zimno-extra-virgin-grezzo-naturale-1l\/","og_locale":"pl_PL","og_type":"article","og_title":"Goccia D'Oro Oliwa z oliwek NA ZIMNO Extra Virgin Grezzo Naturale 1L - Mix Market - Supermarket z wszystkim co potrzeba","og_description":"GOCCIA D&#8217;ORO OLIWA EXTRA VIRGINE GREZZO 1 L Je\u015bli szukasz oliwy z najwy\u017cszej p\u00f3\u0142ki, kt\u00f3ra zadowoli nawet najbardziej wymagaj\u0105ce podniebienia, to GOCCIA D&#8217;ORO OLIWA EXTRA VIRGINE GREZZO 1 L jest idealnym wyborem dla Ciebie. Ta oliwa extra vergine z w\u0142oskiej Toskanii to prawdziwy klejnot w\u015br\u00f3d oliw z oliwek. Zosta\u0142a wyprodukowana z najwy\u017cszej jako\u015bci oliwek, kt\u00f3re [&hellip;]","og_url":"https:\/\/racom.com.pl\/index.php\/produkt\/goccia-doro-oliwa-z-oliwek-na-zimno-extra-virgin-grezzo-naturale-1l\/","og_site_name":"Mix Market - Supermarket z wszystkim co potrzeba","og_image":[{"width":856,"height":988,"url":"https:\/\/racom.com.pl\/wp-content\/uploads\/2025\/07\/allegro_687ab36283c714.16788187_3cc618d947bebef879c2eead6554.jpg","type":"image\/jpeg"}],"twitter_card":"summary_large_image","twitter_misc":{"Szacowany czas czytania":"1 minuta"},"schema":{"@context":"https:\/\/schema.org","@graph":[{"@type":"WebPage","@id":"https:\/\/racom.com.pl\/index.php\/produkt\/goccia-doro-oliwa-z-oliwek-na-zimno-extra-virgin-grezzo-naturale-1l\/","url":"https:\/\/racom.com.pl\/index.php\/produkt\/goccia-doro-oliwa-z-oliwek-na-zimno-extra-virgin-grezzo-naturale-1l\/","name":"Goccia D'Oro Oliwa z oliwek NA ZIMNO Extra Virgin Grezzo Naturale 1L - Mix Market - Supermarket z wszystkim co potrzeba","isPartOf":{"@id":"https:\/\/racom.com.pl\/#website"},"primaryImageOfPage":{"@id":"https:\/\/racom.com.pl\/index.php\/produkt\/goccia-doro-oliwa-z-oliwek-na-zimno-extra-virgin-grezzo-naturale-1l\/#primaryimage"},"image":{"@id":"https:\/\/racom.com.pl\/index.php\/produkt\/goccia-doro-oliwa-z-oliwek-na-zimno-extra-virgin-grezzo-naturale-1l\/#primaryimage"},"thumbnailUrl":"https:\/\/racom.com.pl\/wp-content\/uploads\/2025\/07\/allegro_687ab36283c714.16788187_3cc618d947bebef879c2eead6554.jpg","datePublished":"2025-07-18T20:48:55+00:00","breadcrumb":{"@id":"https:\/\/racom.com.pl\/index.php\/produkt\/goccia-doro-oliwa-z-oliwek-na-zimno-extra-virgin-grezzo-naturale-1l\/#breadcrumb"},"inLanguage":"pl-PL","potentialAction":[{"@type":"ReadAction","target":["https:\/\/racom.com.pl\/index.php\/produkt\/goccia-doro-oliwa-z-oliwek-na-zimno-extra-virgin-grezzo-naturale-1l\/"]}]},{"@type":"ImageObject","inLanguage":"pl-PL","@id":"https:\/\/racom.com.pl\/index.php\/produkt\/goccia-doro-oliwa-z-oliwek-na-zimno-extra-virgin-grezzo-naturale-1l\/#primaryimage","url":"https:\/\/racom.com.pl\/wp-content\/uploads\/2025\/07\/allegro_687ab36283c714.16788187_3cc618d947bebef879c2eead6554.jpg","contentUrl":"https:\/\/racom.com.pl\/wp-content\/uploads\/2025\/07\/allegro_687ab36283c714.16788187_3cc618d947bebef879c2eead6554.jpg","width":856,"height":988},{"@type":"BreadcrumbList","@id":"https:\/\/racom.com.pl\/index.php\/produkt\/goccia-doro-oliwa-z-oliwek-na-zimno-extra-virgin-grezzo-naturale-1l\/#breadcrumb","itemListElement":[{"@type":"ListItem","position":1,"name":"Strona g\u0142\u00f3wna","item":"https:\/\/racom.com.pl\/"},{"@type":"ListItem","position":2,"name":"Sklep","item":"https:\/\/racom.com.pl\/"},{"@type":"ListItem","position":3,"name":"Goccia D&#8217;Oro Oliwa z oliwek NA ZIMNO Extra Virgin Grezzo Naturale 1L"}]},{"@type":"WebSite","@id":"https:\/\/racom.com.pl\/#website","url":"https:\/\/racom.com.pl\/","name":"Mix Market - Supermarket z wszystkim co potrzeba do domu i nie tylko","description":"","publisher":{"@id":"https:\/\/racom.com.pl\/#organization"},"potentialAction":[{"@type":"SearchAction","target":{"@type":"EntryPoint","urlTemplate":"https:\/\/racom.com.pl\/?s={search_term_string}"},"query-input":{"@type":"PropertyValueSpecification","valueRequired":true,"valueName":"search_term_string"}}],"inLanguage":"pl-PL"},{"@type":"Organization","@id":"https:\/\/racom.com.pl\/#organization","name":"Mix Market - Supermarket z wszystkim co potrzeba do domu i nie tylko","url":"https:\/\/racom.com.pl\/","logo":{"@type":"ImageObject","inLanguage":"pl-PL","@id":"https:\/\/racom.com.pl\/#\/schema\/logo\/image\/","url":"https:\/\/racom.com.pl\/wp-content\/uploads\/2025\/07\/mixmarket_logo.png","contentUrl":"https:\/\/racom.com.pl\/wp-content\/uploads\/2025\/07\/mixmarket_logo.png","width":1024,"height":1024,"caption":"Mix Market - Supermarket z wszystkim co potrzeba do domu i nie tylko"},"image":{"@id":"https:\/\/racom.com.pl\/#\/schema\/logo\/image\/"}}]}},"_links":{"self":[{"href":"https:\/\/racom.com.pl\/index.php\/wp-json\/wp\/v2\/product\/2351","targetHints":{"allow":["GET"]}}],"collection":[{"href":"https:\/\/racom.com.pl\/index.php\/wp-json\/wp\/v2\/product"}],"about":[{"href":"https:\/\/racom.com.pl\/index.php\/wp-json\/wp\/v2\/types\/product"}],"replies":[{"embeddable":true,"href":"https:\/\/racom.com.pl\/index.php\/wp-json\/wp\/v2\/comments?post=2351"}],"wp:featuredmedia":[{"embeddable":true,"href":"https:\/\/racom.com.pl\/index.php\/wp-json\/wp\/v2\/media\/2354"}],"wp:attachment":[{"href":"https:\/\/racom.com.pl\/index.php\/wp-json\/wp\/v2\/media?parent=2351"}],"wp:term":[{"taxonomy":"product_brand","embeddable":true,"href":"https:\/\/racom.com.pl\/index.php\/wp-json\/wp\/v2\/product_brand?post=2351"},{"taxonomy":"product_cat","embeddable":true,"href":"https:\/\/racom.com.pl\/index.php\/wp-json\/wp\/v2\/product_cat?post=2351"},{"taxonomy":"product_tag","embeddable":true,"href":"https:\/\/racom.com.pl\/index.php\/wp-json\/wp\/v2\/product_tag?post=2351"}],"curies":[{"name":"wp","href":"https:\/\/api.w.org\/{rel}","templated":true}]}}