{"id":2355,"date":"2025-07-18T22:49:51","date_gmt":"2025-07-18T20:49:51","guid":{"rendered":"http:\/\/192.168.2.106\/index.php\/produkt\/oliwa-z-oliwek-extra-vergine-monini-750-ml\/"},"modified":"2025-07-18T22:49:51","modified_gmt":"2025-07-18T20:49:51","slug":"oliwa-z-oliwek-extra-vergine-monini-750-ml","status":"publish","type":"product","link":"https:\/\/racom.com.pl\/index.php\/produkt\/oliwa-z-oliwek-extra-vergine-monini-750-ml\/","title":{"rendered":"Oliwa z oliwek Extra Vergine Monini 750 ml"},"content":{"rendered":"<p><b>MONINI CLASSICO OLIWA Z OLIWEK 750 ML<\/b><\/p>\n<p>Monini Classico Oliwa z oliwek najwy\u017cszej jako\u015bci z pierwszego t\u0142oczenia 750 ml Najwy\u017csza kategoria oliwy z oliwek, uzyskana bezpo\u015brednio z oliwek i wy\u0142\u0105cznie za pomoc\u0105 \u015brodk\u00f3w mechanicznych. &#8211; Classico &#8211; numer 1 we W\u0142oszech &#8211; przyjemny, \u015bwie\u017cy zapach i \u015brednio intensywny smak &#8211; uniwersalno\u015b\u0107 u\u017cycia: nadaje si\u0119 zar\u00f3wno do doprawiania jak i gotowania &#8211; dzi\u0119ki wysokiej temperaturze krytycznej (210\u00b0C) sma\u017cenie na oliwie jest ca\u0142kowicie bezpieczne &#8211; gwarancja marki Monini &#8211; od 1920 roku robimy oliw\u0119 z pasj\u0105! GTIN \/ EAN : 80508816<\/p>\n<p>Warto\u015b\u0107 od\u017cywcza\/ 100 g na 100 ml:<\/p>\n<p>Warto\u015b\u0107 energetyczna 3404 kJ Warto\u015b\u0107 energetyczna 828 kcal T\u0142uszcz 92 g w tym kwasy t\u0142uszczowe nasycone 14 g w tym kwasy t\u0142uszczowe jednonienasycone 69 g w tym kwasy t\u0142uszczowe wielonienasycone 9 g W\u0119glowodany 0 g w tym cukry 0 g B\u0142onnik 0 g Bia\u0142ko 0 g S\u00f3l 0 g Witamina E 17 mg<\/p>\n","protected":false},"excerpt":{"rendered":"<p>MONINI CLASSICO OLIWA Z OLIWEK 750 ML Monini Classico Oliwa z oliwek najwy\u017cszej jako\u015bci z pierwszego t\u0142oczenia 750 ml Najwy\u017csza kategoria oliwy z oliwek, uzyskana bezpo\u015brednio z oliwek i wy\u0142\u0105cznie za pomoc\u0105 \u015brodk\u00f3w mechanicznych. &#8211; Classico &#8211; numer 1 we W\u0142oszech &#8211; przyjemny, \u015bwie\u017cy zapach i \u015brednio intensywny smak &#8211; uniwersalno\u015b\u0107 u\u017cycia: nadaje si\u0119 zar\u00f3wno [&hellip;]<\/p>\n","protected":false},"featured_media":2358,"comment_status":"open","ping_status":"closed","template":"","meta":[],"product_brand":[133],"product_cat":[114],"product_tag":[],"class_list":{"0":"post-2355","1":"product","2":"type-product","3":"status-publish","4":"has-post-thumbnail","6":"product_brand-monini","7":"product_cat-oliwa-olej-ocet","9":"first","10":"instock","11":"taxable","12":"shipping-taxable","13":"purchasable","14":"product-type-simple"},"yoast_head":"<!-- This site is optimized with the Yoast SEO plugin v27.3 - https:\/\/yoast.com\/product\/yoast-seo-wordpress\/ -->\n<title>Oliwa z oliwek Extra Vergine Monini 750 ml - Mix Market - Supermarket z wszystkim co potrzeba<\/title>\n<meta name=\"robots\" content=\"index, follow, max-snippet:-1, max-image-preview:large, max-video-preview:-1\" \/>\n<link rel=\"canonical\" href=\"https:\/\/racom.com.pl\/index.php\/produkt\/oliwa-z-oliwek-extra-vergine-monini-750-ml\/\" \/>\n<meta property=\"og:locale\" content=\"pl_PL\" \/>\n<meta property=\"og:type\" content=\"article\" \/>\n<meta property=\"og:title\" content=\"Oliwa z oliwek Extra Vergine Monini 750 ml - Mix Market - Supermarket z wszystkim co potrzeba\" \/>\n<meta property=\"og:description\" content=\"MONINI CLASSICO OLIWA Z OLIWEK 750 ML Monini Classico Oliwa z oliwek najwy\u017cszej jako\u015bci z pierwszego t\u0142oczenia 750 ml Najwy\u017csza kategoria oliwy z oliwek, uzyskana bezpo\u015brednio z oliwek i wy\u0142\u0105cznie za pomoc\u0105 \u015brodk\u00f3w mechanicznych. &#8211; Classico &#8211; numer 1 we W\u0142oszech &#8211; przyjemny, \u015bwie\u017cy zapach i \u015brednio intensywny smak &#8211; uniwersalno\u015b\u0107 u\u017cycia: nadaje si\u0119 zar\u00f3wno [&hellip;]\" \/>\n<meta property=\"og:url\" content=\"https:\/\/racom.com.pl\/index.php\/produkt\/oliwa-z-oliwek-extra-vergine-monini-750-ml\/\" \/>\n<meta property=\"og:site_name\" content=\"Mix Market - Supermarket z wszystkim co potrzeba\" \/>\n<meta property=\"og:image\" content=\"https:\/\/racom.com.pl\/wp-content\/uploads\/2025\/07\/allegro_687ab39e085616.63349564_cbf5e3564674b700034247668488.jpg\" \/>\n\t<meta property=\"og:image:width\" content=\"460\" \/>\n\t<meta property=\"og:image:height\" content=\"460\" \/>\n\t<meta property=\"og:image:type\" content=\"image\/jpeg\" \/>\n<meta name=\"twitter:card\" content=\"summary_large_image\" \/>\n<meta name=\"twitter:label1\" content=\"Szacowany czas czytania\" \/>\n\t<meta name=\"twitter:data1\" content=\"1 minuta\" \/>\n<script type=\"application\/ld+json\" class=\"yoast-schema-graph\">{\"@context\":\"https:\\\/\\\/schema.org\",\"@graph\":[{\"@type\":\"WebPage\",\"@id\":\"https:\\\/\\\/racom.com.pl\\\/index.php\\\/produkt\\\/oliwa-z-oliwek-extra-vergine-monini-750-ml\\\/\",\"url\":\"https:\\\/\\\/racom.com.pl\\\/index.php\\\/produkt\\\/oliwa-z-oliwek-extra-vergine-monini-750-ml\\\/\",\"name\":\"Oliwa z oliwek Extra Vergine Monini 750 ml - Mix Market - Supermarket z wszystkim co potrzeba\",\"isPartOf\":{\"@id\":\"https:\\\/\\\/racom.com.pl\\\/#website\"},\"primaryImageOfPage\":{\"@id\":\"https:\\\/\\\/racom.com.pl\\\/index.php\\\/produkt\\\/oliwa-z-oliwek-extra-vergine-monini-750-ml\\\/#primaryimage\"},\"image\":{\"@id\":\"https:\\\/\\\/racom.com.pl\\\/index.php\\\/produkt\\\/oliwa-z-oliwek-extra-vergine-monini-750-ml\\\/#primaryimage\"},\"thumbnailUrl\":\"https:\\\/\\\/racom.com.pl\\\/wp-content\\\/uploads\\\/2025\\\/07\\\/allegro_687ab39e085616.63349564_cbf5e3564674b700034247668488.jpg\",\"datePublished\":\"2025-07-18T20:49:51+00:00\",\"breadcrumb\":{\"@id\":\"https:\\\/\\\/racom.com.pl\\\/index.php\\\/produkt\\\/oliwa-z-oliwek-extra-vergine-monini-750-ml\\\/#breadcrumb\"},\"inLanguage\":\"pl-PL\",\"potentialAction\":[{\"@type\":\"ReadAction\",\"target\":[\"https:\\\/\\\/racom.com.pl\\\/index.php\\\/produkt\\\/oliwa-z-oliwek-extra-vergine-monini-750-ml\\\/\"]}]},{\"@type\":\"ImageObject\",\"inLanguage\":\"pl-PL\",\"@id\":\"https:\\\/\\\/racom.com.pl\\\/index.php\\\/produkt\\\/oliwa-z-oliwek-extra-vergine-monini-750-ml\\\/#primaryimage\",\"url\":\"https:\\\/\\\/racom.com.pl\\\/wp-content\\\/uploads\\\/2025\\\/07\\\/allegro_687ab39e085616.63349564_cbf5e3564674b700034247668488.jpg\",\"contentUrl\":\"https:\\\/\\\/racom.com.pl\\\/wp-content\\\/uploads\\\/2025\\\/07\\\/allegro_687ab39e085616.63349564_cbf5e3564674b700034247668488.jpg\",\"width\":460,\"height\":460},{\"@type\":\"BreadcrumbList\",\"@id\":\"https:\\\/\\\/racom.com.pl\\\/index.php\\\/produkt\\\/oliwa-z-oliwek-extra-vergine-monini-750-ml\\\/#breadcrumb\",\"itemListElement\":[{\"@type\":\"ListItem\",\"position\":1,\"name\":\"Strona g\u0142\u00f3wna\",\"item\":\"https:\\\/\\\/racom.com.pl\\\/\"},{\"@type\":\"ListItem\",\"position\":2,\"name\":\"Sklep\",\"item\":\"https:\\\/\\\/racom.com.pl\\\/\"},{\"@type\":\"ListItem\",\"position\":3,\"name\":\"Oliwa z oliwek Extra Vergine Monini 750 ml\"}]},{\"@type\":\"WebSite\",\"@id\":\"https:\\\/\\\/racom.com.pl\\\/#website\",\"url\":\"https:\\\/\\\/racom.com.pl\\\/\",\"name\":\"Mix Market - Supermarket z wszystkim co potrzeba do domu i nie tylko\",\"description\":\"\",\"publisher\":{\"@id\":\"https:\\\/\\\/racom.com.pl\\\/#organization\"},\"potentialAction\":[{\"@type\":\"SearchAction\",\"target\":{\"@type\":\"EntryPoint\",\"urlTemplate\":\"https:\\\/\\\/racom.com.pl\\\/?s={search_term_string}\"},\"query-input\":{\"@type\":\"PropertyValueSpecification\",\"valueRequired\":true,\"valueName\":\"search_term_string\"}}],\"inLanguage\":\"pl-PL\"},{\"@type\":\"Organization\",\"@id\":\"https:\\\/\\\/racom.com.pl\\\/#organization\",\"name\":\"Mix Market - Supermarket z wszystkim co potrzeba do domu i nie tylko\",\"url\":\"https:\\\/\\\/racom.com.pl\\\/\",\"logo\":{\"@type\":\"ImageObject\",\"inLanguage\":\"pl-PL\",\"@id\":\"https:\\\/\\\/racom.com.pl\\\/#\\\/schema\\\/logo\\\/image\\\/\",\"url\":\"https:\\\/\\\/racom.com.pl\\\/wp-content\\\/uploads\\\/2025\\\/07\\\/mixmarket_logo.png\",\"contentUrl\":\"https:\\\/\\\/racom.com.pl\\\/wp-content\\\/uploads\\\/2025\\\/07\\\/mixmarket_logo.png\",\"width\":1024,\"height\":1024,\"caption\":\"Mix Market - Supermarket z wszystkim co potrzeba do domu i nie tylko\"},\"image\":{\"@id\":\"https:\\\/\\\/racom.com.pl\\\/#\\\/schema\\\/logo\\\/image\\\/\"}}]}<\/script>\n<!-- \/ Yoast SEO plugin. -->","yoast_head_json":{"title":"Oliwa z oliwek Extra Vergine Monini 750 ml - Mix Market - Supermarket z wszystkim co potrzeba","robots":{"index":"index","follow":"follow","max-snippet":"max-snippet:-1","max-image-preview":"max-image-preview:large","max-video-preview":"max-video-preview:-1"},"canonical":"https:\/\/racom.com.pl\/index.php\/produkt\/oliwa-z-oliwek-extra-vergine-monini-750-ml\/","og_locale":"pl_PL","og_type":"article","og_title":"Oliwa z oliwek Extra Vergine Monini 750 ml - Mix Market - Supermarket z wszystkim co potrzeba","og_description":"MONINI CLASSICO OLIWA Z OLIWEK 750 ML Monini Classico Oliwa z oliwek najwy\u017cszej jako\u015bci z pierwszego t\u0142oczenia 750 ml Najwy\u017csza kategoria oliwy z oliwek, uzyskana bezpo\u015brednio z oliwek i wy\u0142\u0105cznie za pomoc\u0105 \u015brodk\u00f3w mechanicznych. &#8211; Classico &#8211; numer 1 we W\u0142oszech &#8211; przyjemny, \u015bwie\u017cy zapach i \u015brednio intensywny smak &#8211; uniwersalno\u015b\u0107 u\u017cycia: nadaje si\u0119 zar\u00f3wno [&hellip;]","og_url":"https:\/\/racom.com.pl\/index.php\/produkt\/oliwa-z-oliwek-extra-vergine-monini-750-ml\/","og_site_name":"Mix Market - Supermarket z wszystkim co potrzeba","og_image":[{"width":460,"height":460,"url":"https:\/\/racom.com.pl\/wp-content\/uploads\/2025\/07\/allegro_687ab39e085616.63349564_cbf5e3564674b700034247668488.jpg","type":"image\/jpeg"}],"twitter_card":"summary_large_image","twitter_misc":{"Szacowany czas czytania":"1 minuta"},"schema":{"@context":"https:\/\/schema.org","@graph":[{"@type":"WebPage","@id":"https:\/\/racom.com.pl\/index.php\/produkt\/oliwa-z-oliwek-extra-vergine-monini-750-ml\/","url":"https:\/\/racom.com.pl\/index.php\/produkt\/oliwa-z-oliwek-extra-vergine-monini-750-ml\/","name":"Oliwa z oliwek Extra Vergine Monini 750 ml - Mix Market - Supermarket z wszystkim co potrzeba","isPartOf":{"@id":"https:\/\/racom.com.pl\/#website"},"primaryImageOfPage":{"@id":"https:\/\/racom.com.pl\/index.php\/produkt\/oliwa-z-oliwek-extra-vergine-monini-750-ml\/#primaryimage"},"image":{"@id":"https:\/\/racom.com.pl\/index.php\/produkt\/oliwa-z-oliwek-extra-vergine-monini-750-ml\/#primaryimage"},"thumbnailUrl":"https:\/\/racom.com.pl\/wp-content\/uploads\/2025\/07\/allegro_687ab39e085616.63349564_cbf5e3564674b700034247668488.jpg","datePublished":"2025-07-18T20:49:51+00:00","breadcrumb":{"@id":"https:\/\/racom.com.pl\/index.php\/produkt\/oliwa-z-oliwek-extra-vergine-monini-750-ml\/#breadcrumb"},"inLanguage":"pl-PL","potentialAction":[{"@type":"ReadAction","target":["https:\/\/racom.com.pl\/index.php\/produkt\/oliwa-z-oliwek-extra-vergine-monini-750-ml\/"]}]},{"@type":"ImageObject","inLanguage":"pl-PL","@id":"https:\/\/racom.com.pl\/index.php\/produkt\/oliwa-z-oliwek-extra-vergine-monini-750-ml\/#primaryimage","url":"https:\/\/racom.com.pl\/wp-content\/uploads\/2025\/07\/allegro_687ab39e085616.63349564_cbf5e3564674b700034247668488.jpg","contentUrl":"https:\/\/racom.com.pl\/wp-content\/uploads\/2025\/07\/allegro_687ab39e085616.63349564_cbf5e3564674b700034247668488.jpg","width":460,"height":460},{"@type":"BreadcrumbList","@id":"https:\/\/racom.com.pl\/index.php\/produkt\/oliwa-z-oliwek-extra-vergine-monini-750-ml\/#breadcrumb","itemListElement":[{"@type":"ListItem","position":1,"name":"Strona g\u0142\u00f3wna","item":"https:\/\/racom.com.pl\/"},{"@type":"ListItem","position":2,"name":"Sklep","item":"https:\/\/racom.com.pl\/"},{"@type":"ListItem","position":3,"name":"Oliwa z oliwek Extra Vergine Monini 750 ml"}]},{"@type":"WebSite","@id":"https:\/\/racom.com.pl\/#website","url":"https:\/\/racom.com.pl\/","name":"Mix Market - Supermarket z wszystkim co potrzeba do domu i nie tylko","description":"","publisher":{"@id":"https:\/\/racom.com.pl\/#organization"},"potentialAction":[{"@type":"SearchAction","target":{"@type":"EntryPoint","urlTemplate":"https:\/\/racom.com.pl\/?s={search_term_string}"},"query-input":{"@type":"PropertyValueSpecification","valueRequired":true,"valueName":"search_term_string"}}],"inLanguage":"pl-PL"},{"@type":"Organization","@id":"https:\/\/racom.com.pl\/#organization","name":"Mix Market - Supermarket z wszystkim co potrzeba do domu i nie tylko","url":"https:\/\/racom.com.pl\/","logo":{"@type":"ImageObject","inLanguage":"pl-PL","@id":"https:\/\/racom.com.pl\/#\/schema\/logo\/image\/","url":"https:\/\/racom.com.pl\/wp-content\/uploads\/2025\/07\/mixmarket_logo.png","contentUrl":"https:\/\/racom.com.pl\/wp-content\/uploads\/2025\/07\/mixmarket_logo.png","width":1024,"height":1024,"caption":"Mix Market - Supermarket z wszystkim co potrzeba do domu i nie tylko"},"image":{"@id":"https:\/\/racom.com.pl\/#\/schema\/logo\/image\/"}}]}},"_links":{"self":[{"href":"https:\/\/racom.com.pl\/index.php\/wp-json\/wp\/v2\/product\/2355","targetHints":{"allow":["GET"]}}],"collection":[{"href":"https:\/\/racom.com.pl\/index.php\/wp-json\/wp\/v2\/product"}],"about":[{"href":"https:\/\/racom.com.pl\/index.php\/wp-json\/wp\/v2\/types\/product"}],"replies":[{"embeddable":true,"href":"https:\/\/racom.com.pl\/index.php\/wp-json\/wp\/v2\/comments?post=2355"}],"wp:featuredmedia":[{"embeddable":true,"href":"https:\/\/racom.com.pl\/index.php\/wp-json\/wp\/v2\/media\/2358"}],"wp:attachment":[{"href":"https:\/\/racom.com.pl\/index.php\/wp-json\/wp\/v2\/media?parent=2355"}],"wp:term":[{"taxonomy":"product_brand","embeddable":true,"href":"https:\/\/racom.com.pl\/index.php\/wp-json\/wp\/v2\/product_brand?post=2355"},{"taxonomy":"product_cat","embeddable":true,"href":"https:\/\/racom.com.pl\/index.php\/wp-json\/wp\/v2\/product_cat?post=2355"},{"taxonomy":"product_tag","embeddable":true,"href":"https:\/\/racom.com.pl\/index.php\/wp-json\/wp\/v2\/product_tag?post=2355"}],"curies":[{"name":"wp","href":"https:\/\/api.w.org\/{rel}","templated":true}]}}