{"id":2362,"date":"2025-07-18T22:51:43","date_gmt":"2025-07-18T20:51:43","guid":{"rendered":"http:\/\/192.168.2.106\/index.php\/produkt\/tetley-one-cup-herbata-czarna-big-bag-duze-opakowanie-440-torebek\/"},"modified":"2025-07-18T22:51:43","modified_gmt":"2025-07-18T20:51:43","slug":"tetley-one-cup-herbata-czarna-big-bag-duze-opakowanie-440-torebek","status":"publish","type":"product","link":"https:\/\/racom.com.pl\/index.php\/produkt\/tetley-one-cup-herbata-czarna-big-bag-duze-opakowanie-440-torebek\/","title":{"rendered":"TETLEY ONE CUP Herbata Czarna BIG BAG Du\u017ce opakowanie 440 torebek"},"content":{"rendered":"<h2>TETLEY<\/h2>\n<h2>Original One Cup czarna herbata 440 torebek<\/h2>\n<p>Tetley Original One Cup to kompozycja czarnych herbat o pe\u0142nym, intensywnym i orze\u017awiaj\u0105cym smaku, zawarta w du\u017cym opakowaniu z wygodnym suwakiem zamykaj\u0105cym dla zachowania aromatu i \u015bwie\u017co\u015bci.<\/p>\n<p>Dzi\u0119ki unikalnej mieszance li\u015bci herbaty afryka\u0144skiej oraz assamskiej mo\u017cesz by\u0107 pewny, \u017ce otrzymasz wyj\u0105tkowy i aromatyczny napar. Li\u015bcie tej herbaty s\u0105 starannie zbierane r\u0119cznie, nast\u0119pnie krojone, suszone i o\u015bmiokrotnie testowane przez wyspecjalizowane miksery. Torebeczki z herbat\u0105 maj\u0105 okrag\u0142y kszta\u0142t.<\/p>\n<p>Herbata pochodzi w 100% z certyfikowanych plantacji Rainforest Alliance. Jest sprowadzana do Polski z Wielkiej Brytanii.<\/p>\n<p><b>Dane:<\/b><\/p>\n<ul>\n<li>producent: Tetley<\/li>\n<li>ilo\u015b\u0107 torebek: 440<\/li>\n<\/ul>\n","protected":false},"excerpt":{"rendered":"<p>TETLEY Original One Cup czarna herbata 440 torebek Tetley Original One Cup to kompozycja czarnych herbat o pe\u0142nym, intensywnym i orze\u017awiaj\u0105cym smaku, zawarta w du\u017cym opakowaniu z wygodnym suwakiem zamykaj\u0105cym dla zachowania aromatu i \u015bwie\u017co\u015bci. Dzi\u0119ki unikalnej mieszance li\u015bci herbaty afryka\u0144skiej oraz assamskiej mo\u017cesz by\u0107 pewny, \u017ce otrzymasz wyj\u0105tkowy i aromatyczny napar. Li\u015bcie tej herbaty [&hellip;]<\/p>\n","protected":false},"featured_media":2364,"comment_status":"open","ping_status":"closed","template":"","meta":[],"product_brand":[146],"product_cat":[141],"product_tag":[],"class_list":{"0":"post-2362","1":"product","2":"type-product","3":"status-publish","4":"has-post-thumbnail","6":"product_brand-tetley","7":"product_cat-herbata-i-napary","9":"first","10":"instock","11":"taxable","12":"shipping-taxable","13":"purchasable","14":"product-type-simple"},"yoast_head":"<!-- This site is optimized with the Yoast SEO plugin v27.3 - https:\/\/yoast.com\/product\/yoast-seo-wordpress\/ -->\n<title>TETLEY ONE CUP Herbata Czarna BIG BAG Du\u017ce opakowanie 440 torebek - Mix Market - Supermarket z wszystkim co potrzeba<\/title>\n<meta name=\"robots\" content=\"index, follow, max-snippet:-1, max-image-preview:large, max-video-preview:-1\" \/>\n<link rel=\"canonical\" href=\"https:\/\/racom.com.pl\/index.php\/produkt\/tetley-one-cup-herbata-czarna-big-bag-duze-opakowanie-440-torebek\/\" \/>\n<meta property=\"og:locale\" content=\"pl_PL\" \/>\n<meta property=\"og:type\" content=\"article\" \/>\n<meta property=\"og:title\" content=\"TETLEY ONE CUP Herbata Czarna BIG BAG Du\u017ce opakowanie 440 torebek - Mix Market - Supermarket z wszystkim co potrzeba\" \/>\n<meta property=\"og:description\" content=\"TETLEY Original One Cup czarna herbata 440 torebek Tetley Original One Cup to kompozycja czarnych herbat o pe\u0142nym, intensywnym i orze\u017awiaj\u0105cym smaku, zawarta w du\u017cym opakowaniu z wygodnym suwakiem zamykaj\u0105cym dla zachowania aromatu i \u015bwie\u017co\u015bci. Dzi\u0119ki unikalnej mieszance li\u015bci herbaty afryka\u0144skiej oraz assamskiej mo\u017cesz by\u0107 pewny, \u017ce otrzymasz wyj\u0105tkowy i aromatyczny napar. Li\u015bcie tej herbaty [&hellip;]\" \/>\n<meta property=\"og:url\" content=\"https:\/\/racom.com.pl\/index.php\/produkt\/tetley-one-cup-herbata-czarna-big-bag-duze-opakowanie-440-torebek\/\" \/>\n<meta property=\"og:site_name\" content=\"Mix Market - Supermarket z wszystkim co potrzeba\" \/>\n<meta property=\"og:image\" content=\"https:\/\/racom.com.pl\/wp-content\/uploads\/2025\/07\/allegro_687ab3fe9db200.78627639_68811b6d4e608461763d8e9d6a9c.jpg\" \/>\n\t<meta property=\"og:image:width\" content=\"492\" \/>\n\t<meta property=\"og:image:height\" content=\"800\" \/>\n\t<meta property=\"og:image:type\" content=\"image\/jpeg\" \/>\n<meta name=\"twitter:card\" content=\"summary_large_image\" \/>\n<meta name=\"twitter:label1\" content=\"Szacowany czas czytania\" \/>\n\t<meta name=\"twitter:data1\" content=\"1 minuta\" \/>\n<script type=\"application\/ld+json\" class=\"yoast-schema-graph\">{\"@context\":\"https:\\\/\\\/schema.org\",\"@graph\":[{\"@type\":\"WebPage\",\"@id\":\"https:\\\/\\\/racom.com.pl\\\/index.php\\\/produkt\\\/tetley-one-cup-herbata-czarna-big-bag-duze-opakowanie-440-torebek\\\/\",\"url\":\"https:\\\/\\\/racom.com.pl\\\/index.php\\\/produkt\\\/tetley-one-cup-herbata-czarna-big-bag-duze-opakowanie-440-torebek\\\/\",\"name\":\"TETLEY ONE CUP Herbata Czarna BIG BAG Du\u017ce opakowanie 440 torebek - Mix Market - Supermarket z wszystkim co potrzeba\",\"isPartOf\":{\"@id\":\"https:\\\/\\\/racom.com.pl\\\/#website\"},\"primaryImageOfPage\":{\"@id\":\"https:\\\/\\\/racom.com.pl\\\/index.php\\\/produkt\\\/tetley-one-cup-herbata-czarna-big-bag-duze-opakowanie-440-torebek\\\/#primaryimage\"},\"image\":{\"@id\":\"https:\\\/\\\/racom.com.pl\\\/index.php\\\/produkt\\\/tetley-one-cup-herbata-czarna-big-bag-duze-opakowanie-440-torebek\\\/#primaryimage\"},\"thumbnailUrl\":\"https:\\\/\\\/racom.com.pl\\\/wp-content\\\/uploads\\\/2025\\\/07\\\/allegro_687ab3fe9db200.78627639_68811b6d4e608461763d8e9d6a9c.jpg\",\"datePublished\":\"2025-07-18T20:51:43+00:00\",\"breadcrumb\":{\"@id\":\"https:\\\/\\\/racom.com.pl\\\/index.php\\\/produkt\\\/tetley-one-cup-herbata-czarna-big-bag-duze-opakowanie-440-torebek\\\/#breadcrumb\"},\"inLanguage\":\"pl-PL\",\"potentialAction\":[{\"@type\":\"ReadAction\",\"target\":[\"https:\\\/\\\/racom.com.pl\\\/index.php\\\/produkt\\\/tetley-one-cup-herbata-czarna-big-bag-duze-opakowanie-440-torebek\\\/\"]}]},{\"@type\":\"ImageObject\",\"inLanguage\":\"pl-PL\",\"@id\":\"https:\\\/\\\/racom.com.pl\\\/index.php\\\/produkt\\\/tetley-one-cup-herbata-czarna-big-bag-duze-opakowanie-440-torebek\\\/#primaryimage\",\"url\":\"https:\\\/\\\/racom.com.pl\\\/wp-content\\\/uploads\\\/2025\\\/07\\\/allegro_687ab3fe9db200.78627639_68811b6d4e608461763d8e9d6a9c.jpg\",\"contentUrl\":\"https:\\\/\\\/racom.com.pl\\\/wp-content\\\/uploads\\\/2025\\\/07\\\/allegro_687ab3fe9db200.78627639_68811b6d4e608461763d8e9d6a9c.jpg\",\"width\":492,\"height\":800},{\"@type\":\"BreadcrumbList\",\"@id\":\"https:\\\/\\\/racom.com.pl\\\/index.php\\\/produkt\\\/tetley-one-cup-herbata-czarna-big-bag-duze-opakowanie-440-torebek\\\/#breadcrumb\",\"itemListElement\":[{\"@type\":\"ListItem\",\"position\":1,\"name\":\"Strona g\u0142\u00f3wna\",\"item\":\"https:\\\/\\\/racom.com.pl\\\/\"},{\"@type\":\"ListItem\",\"position\":2,\"name\":\"Sklep\",\"item\":\"https:\\\/\\\/racom.com.pl\\\/\"},{\"@type\":\"ListItem\",\"position\":3,\"name\":\"TETLEY ONE CUP Herbata Czarna BIG BAG Du\u017ce opakowanie 440 torebek\"}]},{\"@type\":\"WebSite\",\"@id\":\"https:\\\/\\\/racom.com.pl\\\/#website\",\"url\":\"https:\\\/\\\/racom.com.pl\\\/\",\"name\":\"Mix Market - Supermarket z wszystkim co potrzeba do domu i nie tylko\",\"description\":\"\",\"publisher\":{\"@id\":\"https:\\\/\\\/racom.com.pl\\\/#organization\"},\"potentialAction\":[{\"@type\":\"SearchAction\",\"target\":{\"@type\":\"EntryPoint\",\"urlTemplate\":\"https:\\\/\\\/racom.com.pl\\\/?s={search_term_string}\"},\"query-input\":{\"@type\":\"PropertyValueSpecification\",\"valueRequired\":true,\"valueName\":\"search_term_string\"}}],\"inLanguage\":\"pl-PL\"},{\"@type\":\"Organization\",\"@id\":\"https:\\\/\\\/racom.com.pl\\\/#organization\",\"name\":\"Mix Market - Supermarket z wszystkim co potrzeba do domu i nie tylko\",\"url\":\"https:\\\/\\\/racom.com.pl\\\/\",\"logo\":{\"@type\":\"ImageObject\",\"inLanguage\":\"pl-PL\",\"@id\":\"https:\\\/\\\/racom.com.pl\\\/#\\\/schema\\\/logo\\\/image\\\/\",\"url\":\"https:\\\/\\\/racom.com.pl\\\/wp-content\\\/uploads\\\/2025\\\/07\\\/mixmarket_logo.png\",\"contentUrl\":\"https:\\\/\\\/racom.com.pl\\\/wp-content\\\/uploads\\\/2025\\\/07\\\/mixmarket_logo.png\",\"width\":1024,\"height\":1024,\"caption\":\"Mix Market - Supermarket z wszystkim co potrzeba do domu i nie tylko\"},\"image\":{\"@id\":\"https:\\\/\\\/racom.com.pl\\\/#\\\/schema\\\/logo\\\/image\\\/\"}}]}<\/script>\n<!-- \/ Yoast SEO plugin. -->","yoast_head_json":{"title":"TETLEY ONE CUP Herbata Czarna BIG BAG Du\u017ce opakowanie 440 torebek - Mix Market - Supermarket z wszystkim co potrzeba","robots":{"index":"index","follow":"follow","max-snippet":"max-snippet:-1","max-image-preview":"max-image-preview:large","max-video-preview":"max-video-preview:-1"},"canonical":"https:\/\/racom.com.pl\/index.php\/produkt\/tetley-one-cup-herbata-czarna-big-bag-duze-opakowanie-440-torebek\/","og_locale":"pl_PL","og_type":"article","og_title":"TETLEY ONE CUP Herbata Czarna BIG BAG Du\u017ce opakowanie 440 torebek - Mix Market - Supermarket z wszystkim co potrzeba","og_description":"TETLEY Original One Cup czarna herbata 440 torebek Tetley Original One Cup to kompozycja czarnych herbat o pe\u0142nym, intensywnym i orze\u017awiaj\u0105cym smaku, zawarta w du\u017cym opakowaniu z wygodnym suwakiem zamykaj\u0105cym dla zachowania aromatu i \u015bwie\u017co\u015bci. Dzi\u0119ki unikalnej mieszance li\u015bci herbaty afryka\u0144skiej oraz assamskiej mo\u017cesz by\u0107 pewny, \u017ce otrzymasz wyj\u0105tkowy i aromatyczny napar. Li\u015bcie tej herbaty [&hellip;]","og_url":"https:\/\/racom.com.pl\/index.php\/produkt\/tetley-one-cup-herbata-czarna-big-bag-duze-opakowanie-440-torebek\/","og_site_name":"Mix Market - Supermarket z wszystkim co potrzeba","og_image":[{"width":492,"height":800,"url":"https:\/\/racom.com.pl\/wp-content\/uploads\/2025\/07\/allegro_687ab3fe9db200.78627639_68811b6d4e608461763d8e9d6a9c.jpg","type":"image\/jpeg"}],"twitter_card":"summary_large_image","twitter_misc":{"Szacowany czas czytania":"1 minuta"},"schema":{"@context":"https:\/\/schema.org","@graph":[{"@type":"WebPage","@id":"https:\/\/racom.com.pl\/index.php\/produkt\/tetley-one-cup-herbata-czarna-big-bag-duze-opakowanie-440-torebek\/","url":"https:\/\/racom.com.pl\/index.php\/produkt\/tetley-one-cup-herbata-czarna-big-bag-duze-opakowanie-440-torebek\/","name":"TETLEY ONE CUP Herbata Czarna BIG BAG Du\u017ce opakowanie 440 torebek - Mix Market - Supermarket z wszystkim co potrzeba","isPartOf":{"@id":"https:\/\/racom.com.pl\/#website"},"primaryImageOfPage":{"@id":"https:\/\/racom.com.pl\/index.php\/produkt\/tetley-one-cup-herbata-czarna-big-bag-duze-opakowanie-440-torebek\/#primaryimage"},"image":{"@id":"https:\/\/racom.com.pl\/index.php\/produkt\/tetley-one-cup-herbata-czarna-big-bag-duze-opakowanie-440-torebek\/#primaryimage"},"thumbnailUrl":"https:\/\/racom.com.pl\/wp-content\/uploads\/2025\/07\/allegro_687ab3fe9db200.78627639_68811b6d4e608461763d8e9d6a9c.jpg","datePublished":"2025-07-18T20:51:43+00:00","breadcrumb":{"@id":"https:\/\/racom.com.pl\/index.php\/produkt\/tetley-one-cup-herbata-czarna-big-bag-duze-opakowanie-440-torebek\/#breadcrumb"},"inLanguage":"pl-PL","potentialAction":[{"@type":"ReadAction","target":["https:\/\/racom.com.pl\/index.php\/produkt\/tetley-one-cup-herbata-czarna-big-bag-duze-opakowanie-440-torebek\/"]}]},{"@type":"ImageObject","inLanguage":"pl-PL","@id":"https:\/\/racom.com.pl\/index.php\/produkt\/tetley-one-cup-herbata-czarna-big-bag-duze-opakowanie-440-torebek\/#primaryimage","url":"https:\/\/racom.com.pl\/wp-content\/uploads\/2025\/07\/allegro_687ab3fe9db200.78627639_68811b6d4e608461763d8e9d6a9c.jpg","contentUrl":"https:\/\/racom.com.pl\/wp-content\/uploads\/2025\/07\/allegro_687ab3fe9db200.78627639_68811b6d4e608461763d8e9d6a9c.jpg","width":492,"height":800},{"@type":"BreadcrumbList","@id":"https:\/\/racom.com.pl\/index.php\/produkt\/tetley-one-cup-herbata-czarna-big-bag-duze-opakowanie-440-torebek\/#breadcrumb","itemListElement":[{"@type":"ListItem","position":1,"name":"Strona g\u0142\u00f3wna","item":"https:\/\/racom.com.pl\/"},{"@type":"ListItem","position":2,"name":"Sklep","item":"https:\/\/racom.com.pl\/"},{"@type":"ListItem","position":3,"name":"TETLEY ONE CUP Herbata Czarna BIG BAG Du\u017ce opakowanie 440 torebek"}]},{"@type":"WebSite","@id":"https:\/\/racom.com.pl\/#website","url":"https:\/\/racom.com.pl\/","name":"Mix Market - Supermarket z wszystkim co potrzeba do domu i nie tylko","description":"","publisher":{"@id":"https:\/\/racom.com.pl\/#organization"},"potentialAction":[{"@type":"SearchAction","target":{"@type":"EntryPoint","urlTemplate":"https:\/\/racom.com.pl\/?s={search_term_string}"},"query-input":{"@type":"PropertyValueSpecification","valueRequired":true,"valueName":"search_term_string"}}],"inLanguage":"pl-PL"},{"@type":"Organization","@id":"https:\/\/racom.com.pl\/#organization","name":"Mix Market - Supermarket z wszystkim co potrzeba do domu i nie tylko","url":"https:\/\/racom.com.pl\/","logo":{"@type":"ImageObject","inLanguage":"pl-PL","@id":"https:\/\/racom.com.pl\/#\/schema\/logo\/image\/","url":"https:\/\/racom.com.pl\/wp-content\/uploads\/2025\/07\/mixmarket_logo.png","contentUrl":"https:\/\/racom.com.pl\/wp-content\/uploads\/2025\/07\/mixmarket_logo.png","width":1024,"height":1024,"caption":"Mix Market - Supermarket z wszystkim co potrzeba do domu i nie tylko"},"image":{"@id":"https:\/\/racom.com.pl\/#\/schema\/logo\/image\/"}}]}},"_links":{"self":[{"href":"https:\/\/racom.com.pl\/index.php\/wp-json\/wp\/v2\/product\/2362","targetHints":{"allow":["GET"]}}],"collection":[{"href":"https:\/\/racom.com.pl\/index.php\/wp-json\/wp\/v2\/product"}],"about":[{"href":"https:\/\/racom.com.pl\/index.php\/wp-json\/wp\/v2\/types\/product"}],"replies":[{"embeddable":true,"href":"https:\/\/racom.com.pl\/index.php\/wp-json\/wp\/v2\/comments?post=2362"}],"wp:featuredmedia":[{"embeddable":true,"href":"https:\/\/racom.com.pl\/index.php\/wp-json\/wp\/v2\/media\/2364"}],"wp:attachment":[{"href":"https:\/\/racom.com.pl\/index.php\/wp-json\/wp\/v2\/media?parent=2362"}],"wp:term":[{"taxonomy":"product_brand","embeddable":true,"href":"https:\/\/racom.com.pl\/index.php\/wp-json\/wp\/v2\/product_brand?post=2362"},{"taxonomy":"product_cat","embeddable":true,"href":"https:\/\/racom.com.pl\/index.php\/wp-json\/wp\/v2\/product_cat?post=2362"},{"taxonomy":"product_tag","embeddable":true,"href":"https:\/\/racom.com.pl\/index.php\/wp-json\/wp\/v2\/product_tag?post=2362"}],"curies":[{"name":"wp","href":"https:\/\/api.w.org\/{rel}","templated":true}]}}