{"id":2365,"date":"2025-07-18T22:52:31","date_gmt":"2025-07-18T20:52:31","guid":{"rendered":"http:\/\/192.168.2.106\/index.php\/produkt\/rioba-syrop-zestaw-do-drinkow-sex-on-the-beach-1400-ml\/"},"modified":"2025-07-18T22:52:31","modified_gmt":"2025-07-18T20:52:31","slug":"rioba-syrop-zestaw-do-drinkow-sex-on-the-beach-1400-ml","status":"publish","type":"product","link":"https:\/\/racom.com.pl\/index.php\/produkt\/rioba-syrop-zestaw-do-drinkow-sex-on-the-beach-1400-ml\/","title":{"rendered":"Rioba Syrop ZESTAW do drink\u00f3w SEX ON THE BEACH 1400 ml"},"content":{"rendered":"<h2>Zestaw syrop\u00f3w barma\u0144skich RIOBA do drink\u00f3w SEX ON THE BEACH<\/h2>\n<p>Zestaw, kt\u00f3ry zapewni Ci niezapomniane doznania smakowe podczas imprez i spotka\u0144 ze znajomymi. To idealna kombinacja smak\u00f3w, kt\u00f3ra pozwoli Ci przygotowa\u0107 klasyczne, intensywne i niezwykle smaczne&nbsp;drinki <b>Sex on The Beach<\/b>&nbsp;w wygodny spos\u00f3b.<\/p>\n<p>(Syrop Brzoskwiniowy 700ml, Syrop Grenadine 700ml).<\/p>\n<p><b>PRZEPIS NA KOKTAJL:<\/b><\/p>\n<p>Sk\u0142adniki:<\/p>\n<ul>\n<li>50 ml w\u00f3dki<\/li>\n<li>15 ml syropu brzoskwiniowego<\/li>\n<li>60 ml&nbsp; soku pomara\u0144czowego<\/li>\n<li>15 ml syropu grenadine<\/li>\n<li>l\u00f3d<\/li>\n<li>plasterek pomara\u0144czy i wi\u015bni do dekoracji<\/li>\n<\/ul>\n<p><b>Przygotowanie:<\/b><\/p>\n<p>1. Wlej grenadyn\u0119 do szklanki, a nast\u0119pnie dodaj kilka kostek lodu.<\/p>\n<p>2. Dodaj w\u00f3dk\u0119, syrop brzoskwiniowy, a na koniec sok pomara\u0144czowy z pomoca \u0142y\u017cki barma\u0144skiej tak, aby obydwie warstwy si\u0119 nie pomiesza\u0142y.<\/p>\n<p>3. Udekoruj koktajl plasterkiem pomara\u0144czy i wi\u015bni.<\/p>\n","protected":false},"excerpt":{"rendered":"<p>Zestaw syrop\u00f3w barma\u0144skich RIOBA do drink\u00f3w SEX ON THE BEACH Zestaw, kt\u00f3ry zapewni Ci niezapomniane doznania smakowe podczas imprez i spotka\u0144 ze znajomymi. To idealna kombinacja smak\u00f3w, kt\u00f3ra pozwoli Ci przygotowa\u0107 klasyczne, intensywne i niezwykle smaczne&nbsp;drinki Sex on The Beach&nbsp;w wygodny spos\u00f3b. (Syrop Brzoskwiniowy 700ml, Syrop Grenadine 700ml). PRZEPIS NA KOKTAJL: Sk\u0142adniki: 50 ml w\u00f3dki [&hellip;]<\/p>\n","protected":false},"featured_media":2368,"comment_status":"open","ping_status":"closed","template":"","meta":[],"product_brand":[117],"product_cat":[147],"product_tag":[],"class_list":{"0":"post-2365","1":"product","2":"type-product","3":"status-publish","4":"has-post-thumbnail","6":"product_brand-rioba","7":"product_cat-zdrowa-zywnosc","9":"first","10":"instock","11":"taxable","12":"shipping-taxable","13":"purchasable","14":"product-type-simple"},"yoast_head":"<!-- This site is optimized with the Yoast SEO plugin v27.3 - https:\/\/yoast.com\/product\/yoast-seo-wordpress\/ -->\n<title>Rioba Syrop ZESTAW do drink\u00f3w SEX ON THE BEACH 1400 ml - Mix Market - Supermarket z wszystkim co potrzeba<\/title>\n<meta name=\"robots\" content=\"index, follow, max-snippet:-1, max-image-preview:large, max-video-preview:-1\" \/>\n<link rel=\"canonical\" href=\"https:\/\/racom.com.pl\/index.php\/produkt\/rioba-syrop-zestaw-do-drinkow-sex-on-the-beach-1400-ml\/\" \/>\n<meta property=\"og:locale\" content=\"pl_PL\" \/>\n<meta property=\"og:type\" content=\"article\" \/>\n<meta property=\"og:title\" content=\"Rioba Syrop ZESTAW do drink\u00f3w SEX ON THE BEACH 1400 ml - Mix Market - Supermarket z wszystkim co potrzeba\" \/>\n<meta property=\"og:description\" content=\"Zestaw syrop\u00f3w barma\u0144skich RIOBA do drink\u00f3w SEX ON THE BEACH Zestaw, kt\u00f3ry zapewni Ci niezapomniane doznania smakowe podczas imprez i spotka\u0144 ze znajomymi. To idealna kombinacja smak\u00f3w, kt\u00f3ra pozwoli Ci przygotowa\u0107 klasyczne, intensywne i niezwykle smaczne&nbsp;drinki Sex on The Beach&nbsp;w wygodny spos\u00f3b. (Syrop Brzoskwiniowy 700ml, Syrop Grenadine 700ml). PRZEPIS NA KOKTAJL: Sk\u0142adniki: 50 ml w\u00f3dki [&hellip;]\" \/>\n<meta property=\"og:url\" content=\"https:\/\/racom.com.pl\/index.php\/produkt\/rioba-syrop-zestaw-do-drinkow-sex-on-the-beach-1400-ml\/\" \/>\n<meta property=\"og:site_name\" content=\"Mix Market - Supermarket z wszystkim co potrzeba\" \/>\n<meta property=\"og:image\" content=\"https:\/\/racom.com.pl\/wp-content\/uploads\/2025\/07\/allegro_687ab42e392a50.41099780_b2a13066475393dea543bc492e1a.jpg\" \/>\n\t<meta property=\"og:image:width\" content=\"606\" \/>\n\t<meta property=\"og:image:height\" content=\"680\" \/>\n\t<meta property=\"og:image:type\" content=\"image\/jpeg\" \/>\n<meta name=\"twitter:card\" content=\"summary_large_image\" \/>\n<meta name=\"twitter:label1\" content=\"Szacowany czas czytania\" \/>\n\t<meta name=\"twitter:data1\" content=\"1 minuta\" \/>\n<script type=\"application\/ld+json\" class=\"yoast-schema-graph\">{\"@context\":\"https:\\\/\\\/schema.org\",\"@graph\":[{\"@type\":\"WebPage\",\"@id\":\"https:\\\/\\\/racom.com.pl\\\/index.php\\\/produkt\\\/rioba-syrop-zestaw-do-drinkow-sex-on-the-beach-1400-ml\\\/\",\"url\":\"https:\\\/\\\/racom.com.pl\\\/index.php\\\/produkt\\\/rioba-syrop-zestaw-do-drinkow-sex-on-the-beach-1400-ml\\\/\",\"name\":\"Rioba Syrop ZESTAW do drink\u00f3w SEX ON THE BEACH 1400 ml - Mix Market - Supermarket z wszystkim co potrzeba\",\"isPartOf\":{\"@id\":\"https:\\\/\\\/racom.com.pl\\\/#website\"},\"primaryImageOfPage\":{\"@id\":\"https:\\\/\\\/racom.com.pl\\\/index.php\\\/produkt\\\/rioba-syrop-zestaw-do-drinkow-sex-on-the-beach-1400-ml\\\/#primaryimage\"},\"image\":{\"@id\":\"https:\\\/\\\/racom.com.pl\\\/index.php\\\/produkt\\\/rioba-syrop-zestaw-do-drinkow-sex-on-the-beach-1400-ml\\\/#primaryimage\"},\"thumbnailUrl\":\"https:\\\/\\\/racom.com.pl\\\/wp-content\\\/uploads\\\/2025\\\/07\\\/allegro_687ab42e392a50.41099780_b2a13066475393dea543bc492e1a.jpg\",\"datePublished\":\"2025-07-18T20:52:31+00:00\",\"breadcrumb\":{\"@id\":\"https:\\\/\\\/racom.com.pl\\\/index.php\\\/produkt\\\/rioba-syrop-zestaw-do-drinkow-sex-on-the-beach-1400-ml\\\/#breadcrumb\"},\"inLanguage\":\"pl-PL\",\"potentialAction\":[{\"@type\":\"ReadAction\",\"target\":[\"https:\\\/\\\/racom.com.pl\\\/index.php\\\/produkt\\\/rioba-syrop-zestaw-do-drinkow-sex-on-the-beach-1400-ml\\\/\"]}]},{\"@type\":\"ImageObject\",\"inLanguage\":\"pl-PL\",\"@id\":\"https:\\\/\\\/racom.com.pl\\\/index.php\\\/produkt\\\/rioba-syrop-zestaw-do-drinkow-sex-on-the-beach-1400-ml\\\/#primaryimage\",\"url\":\"https:\\\/\\\/racom.com.pl\\\/wp-content\\\/uploads\\\/2025\\\/07\\\/allegro_687ab42e392a50.41099780_b2a13066475393dea543bc492e1a.jpg\",\"contentUrl\":\"https:\\\/\\\/racom.com.pl\\\/wp-content\\\/uploads\\\/2025\\\/07\\\/allegro_687ab42e392a50.41099780_b2a13066475393dea543bc492e1a.jpg\",\"width\":606,\"height\":680},{\"@type\":\"BreadcrumbList\",\"@id\":\"https:\\\/\\\/racom.com.pl\\\/index.php\\\/produkt\\\/rioba-syrop-zestaw-do-drinkow-sex-on-the-beach-1400-ml\\\/#breadcrumb\",\"itemListElement\":[{\"@type\":\"ListItem\",\"position\":1,\"name\":\"Strona g\u0142\u00f3wna\",\"item\":\"https:\\\/\\\/racom.com.pl\\\/\"},{\"@type\":\"ListItem\",\"position\":2,\"name\":\"Sklep\",\"item\":\"https:\\\/\\\/racom.com.pl\\\/\"},{\"@type\":\"ListItem\",\"position\":3,\"name\":\"Rioba Syrop ZESTAW do drink\u00f3w SEX ON THE BEACH 1400 ml\"}]},{\"@type\":\"WebSite\",\"@id\":\"https:\\\/\\\/racom.com.pl\\\/#website\",\"url\":\"https:\\\/\\\/racom.com.pl\\\/\",\"name\":\"Mix Market - Supermarket z wszystkim co potrzeba do domu i nie tylko\",\"description\":\"\",\"publisher\":{\"@id\":\"https:\\\/\\\/racom.com.pl\\\/#organization\"},\"potentialAction\":[{\"@type\":\"SearchAction\",\"target\":{\"@type\":\"EntryPoint\",\"urlTemplate\":\"https:\\\/\\\/racom.com.pl\\\/?s={search_term_string}\"},\"query-input\":{\"@type\":\"PropertyValueSpecification\",\"valueRequired\":true,\"valueName\":\"search_term_string\"}}],\"inLanguage\":\"pl-PL\"},{\"@type\":\"Organization\",\"@id\":\"https:\\\/\\\/racom.com.pl\\\/#organization\",\"name\":\"Mix Market - Supermarket z wszystkim co potrzeba do domu i nie tylko\",\"url\":\"https:\\\/\\\/racom.com.pl\\\/\",\"logo\":{\"@type\":\"ImageObject\",\"inLanguage\":\"pl-PL\",\"@id\":\"https:\\\/\\\/racom.com.pl\\\/#\\\/schema\\\/logo\\\/image\\\/\",\"url\":\"https:\\\/\\\/racom.com.pl\\\/wp-content\\\/uploads\\\/2025\\\/07\\\/mixmarket_logo.png\",\"contentUrl\":\"https:\\\/\\\/racom.com.pl\\\/wp-content\\\/uploads\\\/2025\\\/07\\\/mixmarket_logo.png\",\"width\":1024,\"height\":1024,\"caption\":\"Mix Market - Supermarket z wszystkim co potrzeba do domu i nie tylko\"},\"image\":{\"@id\":\"https:\\\/\\\/racom.com.pl\\\/#\\\/schema\\\/logo\\\/image\\\/\"}}]}<\/script>\n<!-- \/ Yoast SEO plugin. -->","yoast_head_json":{"title":"Rioba Syrop ZESTAW do drink\u00f3w SEX ON THE BEACH 1400 ml - Mix Market - Supermarket z wszystkim co potrzeba","robots":{"index":"index","follow":"follow","max-snippet":"max-snippet:-1","max-image-preview":"max-image-preview:large","max-video-preview":"max-video-preview:-1"},"canonical":"https:\/\/racom.com.pl\/index.php\/produkt\/rioba-syrop-zestaw-do-drinkow-sex-on-the-beach-1400-ml\/","og_locale":"pl_PL","og_type":"article","og_title":"Rioba Syrop ZESTAW do drink\u00f3w SEX ON THE BEACH 1400 ml - Mix Market - Supermarket z wszystkim co potrzeba","og_description":"Zestaw syrop\u00f3w barma\u0144skich RIOBA do drink\u00f3w SEX ON THE BEACH Zestaw, kt\u00f3ry zapewni Ci niezapomniane doznania smakowe podczas imprez i spotka\u0144 ze znajomymi. To idealna kombinacja smak\u00f3w, kt\u00f3ra pozwoli Ci przygotowa\u0107 klasyczne, intensywne i niezwykle smaczne&nbsp;drinki Sex on The Beach&nbsp;w wygodny spos\u00f3b. (Syrop Brzoskwiniowy 700ml, Syrop Grenadine 700ml). PRZEPIS NA KOKTAJL: Sk\u0142adniki: 50 ml w\u00f3dki [&hellip;]","og_url":"https:\/\/racom.com.pl\/index.php\/produkt\/rioba-syrop-zestaw-do-drinkow-sex-on-the-beach-1400-ml\/","og_site_name":"Mix Market - Supermarket z wszystkim co potrzeba","og_image":[{"width":606,"height":680,"url":"https:\/\/racom.com.pl\/wp-content\/uploads\/2025\/07\/allegro_687ab42e392a50.41099780_b2a13066475393dea543bc492e1a.jpg","type":"image\/jpeg"}],"twitter_card":"summary_large_image","twitter_misc":{"Szacowany czas czytania":"1 minuta"},"schema":{"@context":"https:\/\/schema.org","@graph":[{"@type":"WebPage","@id":"https:\/\/racom.com.pl\/index.php\/produkt\/rioba-syrop-zestaw-do-drinkow-sex-on-the-beach-1400-ml\/","url":"https:\/\/racom.com.pl\/index.php\/produkt\/rioba-syrop-zestaw-do-drinkow-sex-on-the-beach-1400-ml\/","name":"Rioba Syrop ZESTAW do drink\u00f3w SEX ON THE BEACH 1400 ml - Mix Market - Supermarket z wszystkim co potrzeba","isPartOf":{"@id":"https:\/\/racom.com.pl\/#website"},"primaryImageOfPage":{"@id":"https:\/\/racom.com.pl\/index.php\/produkt\/rioba-syrop-zestaw-do-drinkow-sex-on-the-beach-1400-ml\/#primaryimage"},"image":{"@id":"https:\/\/racom.com.pl\/index.php\/produkt\/rioba-syrop-zestaw-do-drinkow-sex-on-the-beach-1400-ml\/#primaryimage"},"thumbnailUrl":"https:\/\/racom.com.pl\/wp-content\/uploads\/2025\/07\/allegro_687ab42e392a50.41099780_b2a13066475393dea543bc492e1a.jpg","datePublished":"2025-07-18T20:52:31+00:00","breadcrumb":{"@id":"https:\/\/racom.com.pl\/index.php\/produkt\/rioba-syrop-zestaw-do-drinkow-sex-on-the-beach-1400-ml\/#breadcrumb"},"inLanguage":"pl-PL","potentialAction":[{"@type":"ReadAction","target":["https:\/\/racom.com.pl\/index.php\/produkt\/rioba-syrop-zestaw-do-drinkow-sex-on-the-beach-1400-ml\/"]}]},{"@type":"ImageObject","inLanguage":"pl-PL","@id":"https:\/\/racom.com.pl\/index.php\/produkt\/rioba-syrop-zestaw-do-drinkow-sex-on-the-beach-1400-ml\/#primaryimage","url":"https:\/\/racom.com.pl\/wp-content\/uploads\/2025\/07\/allegro_687ab42e392a50.41099780_b2a13066475393dea543bc492e1a.jpg","contentUrl":"https:\/\/racom.com.pl\/wp-content\/uploads\/2025\/07\/allegro_687ab42e392a50.41099780_b2a13066475393dea543bc492e1a.jpg","width":606,"height":680},{"@type":"BreadcrumbList","@id":"https:\/\/racom.com.pl\/index.php\/produkt\/rioba-syrop-zestaw-do-drinkow-sex-on-the-beach-1400-ml\/#breadcrumb","itemListElement":[{"@type":"ListItem","position":1,"name":"Strona g\u0142\u00f3wna","item":"https:\/\/racom.com.pl\/"},{"@type":"ListItem","position":2,"name":"Sklep","item":"https:\/\/racom.com.pl\/"},{"@type":"ListItem","position":3,"name":"Rioba Syrop ZESTAW do drink\u00f3w SEX ON THE BEACH 1400 ml"}]},{"@type":"WebSite","@id":"https:\/\/racom.com.pl\/#website","url":"https:\/\/racom.com.pl\/","name":"Mix Market - Supermarket z wszystkim co potrzeba do domu i nie tylko","description":"","publisher":{"@id":"https:\/\/racom.com.pl\/#organization"},"potentialAction":[{"@type":"SearchAction","target":{"@type":"EntryPoint","urlTemplate":"https:\/\/racom.com.pl\/?s={search_term_string}"},"query-input":{"@type":"PropertyValueSpecification","valueRequired":true,"valueName":"search_term_string"}}],"inLanguage":"pl-PL"},{"@type":"Organization","@id":"https:\/\/racom.com.pl\/#organization","name":"Mix Market - Supermarket z wszystkim co potrzeba do domu i nie tylko","url":"https:\/\/racom.com.pl\/","logo":{"@type":"ImageObject","inLanguage":"pl-PL","@id":"https:\/\/racom.com.pl\/#\/schema\/logo\/image\/","url":"https:\/\/racom.com.pl\/wp-content\/uploads\/2025\/07\/mixmarket_logo.png","contentUrl":"https:\/\/racom.com.pl\/wp-content\/uploads\/2025\/07\/mixmarket_logo.png","width":1024,"height":1024,"caption":"Mix Market - Supermarket z wszystkim co potrzeba do domu i nie tylko"},"image":{"@id":"https:\/\/racom.com.pl\/#\/schema\/logo\/image\/"}}]}},"_links":{"self":[{"href":"https:\/\/racom.com.pl\/index.php\/wp-json\/wp\/v2\/product\/2365","targetHints":{"allow":["GET"]}}],"collection":[{"href":"https:\/\/racom.com.pl\/index.php\/wp-json\/wp\/v2\/product"}],"about":[{"href":"https:\/\/racom.com.pl\/index.php\/wp-json\/wp\/v2\/types\/product"}],"replies":[{"embeddable":true,"href":"https:\/\/racom.com.pl\/index.php\/wp-json\/wp\/v2\/comments?post=2365"}],"wp:featuredmedia":[{"embeddable":true,"href":"https:\/\/racom.com.pl\/index.php\/wp-json\/wp\/v2\/media\/2368"}],"wp:attachment":[{"href":"https:\/\/racom.com.pl\/index.php\/wp-json\/wp\/v2\/media?parent=2365"}],"wp:term":[{"taxonomy":"product_brand","embeddable":true,"href":"https:\/\/racom.com.pl\/index.php\/wp-json\/wp\/v2\/product_brand?post=2365"},{"taxonomy":"product_cat","embeddable":true,"href":"https:\/\/racom.com.pl\/index.php\/wp-json\/wp\/v2\/product_cat?post=2365"},{"taxonomy":"product_tag","embeddable":true,"href":"https:\/\/racom.com.pl\/index.php\/wp-json\/wp\/v2\/product_tag?post=2365"}],"curies":[{"name":"wp","href":"https:\/\/api.w.org\/{rel}","templated":true}]}}