{"id":237,"date":"2025-07-18T17:19:06","date_gmt":"2025-07-18T15:19:06","guid":{"rendered":"http:\/\/192.168.2.106\/index.php\/produkt\/bransoleta-motorola-moto-360-siatka-3-kolory\/"},"modified":"2025-07-18T17:19:06","modified_gmt":"2025-07-18T15:19:06","slug":"bransoleta-motorola-moto-360-siatka-3-kolory","status":"publish","type":"product","link":"https:\/\/racom.com.pl\/index.php\/produkt\/bransoleta-motorola-moto-360-siatka-3-kolory\/","title":{"rendered":"BRANSOLETA MOTOROLA MOTO 360 SIATKA 3-kolory"},"content":{"rendered":"<h2>Bransoleta do Motoroli MOTO360 3-kolory<\/h2>\n<p>Przedmiotem oferty jest bransoleta do Motoroli MOTO360 w 3 kolorach do wyboru.<\/p>\n<p>Oferowana bransoleta ma 22mm szeroko\u015bci i prawie 170mm d\u0142ugo\u015bci ca\u0142kowitej.<\/p>\n<p>Wykonana jest z wysokiej klasy stali z sygnatur\u0105 Stainless Steel, jej struktura przypomina drucian\u0105 siatk\u0119.<\/p>\n<p>Do wyboru kolory:<\/p>\n<p>1. CZARNY<\/p>\n<p>2. SREBRNY<\/p>\n<p>3. Z\u0141OTY<\/p>\n<h2>KOMPATYBILNE ZEGARKI<\/h2>\n<ul>\n<li>Asus ZenWatch WI500Q<\/li>\n<li>Asus ZenWatch 2 WI501Q<\/li>\n<li>Fossil Q Explorist<\/li>\n<li>Huawei Watch 2 Classic<\/li>\n<li>Huawei Watch 2 Pro<\/li>\n<li>LG Watch W100<\/li>\n<li>LG Watch R W110<\/li>\n<li>LG Watch Urbane W150<\/li>\n<li>Motorola MOTO 360 (wersja 46mm oraz 42mm)<\/li>\n<li>Samsung Galaxy Watch (wersja 46mm)<\/li>\n<li>Samsung Gear S3 Classic<\/li>\n<li>Samsung Gear S3 Frontier<\/li>\n<li>Xiaomi AmazFit Pace<\/li>\n<li>Xiaomi AmazFit Stratos<\/li>\n<li>Inne &#8211; z paskiem o szeroko\u015bci 22 mm z mocowaniem na bolce teleskopowe<\/li>\n<\/ul>\n<p>W zestawie znajduj\u0105 si\u0119 narz\u0119dzie do wymiany i 3 teleskopy GRATIS.<\/p>\n<p>*Po zakupie prosimy o informacj\u0119, jaki kolor wys\u0142a\u0107.<\/p>\n<ul>\n<li><b>Kod produktu:<\/b> A816<\/li>\n<\/ul>\n","protected":false},"excerpt":{"rendered":"<p>Bransoleta do Motoroli MOTO360 3-kolory Przedmiotem oferty jest bransoleta do Motoroli MOTO360 w 3 kolorach do wyboru. Oferowana bransoleta ma 22mm szeroko\u015bci i prawie 170mm d\u0142ugo\u015bci ca\u0142kowitej. Wykonana jest z wysokiej klasy stali z sygnatur\u0105 Stainless Steel, jej struktura przypomina drucian\u0105 siatk\u0119. Do wyboru kolory: 1. CZARNY 2. SREBRNY 3. Z\u0141OTY KOMPATYBILNE ZEGARKI Asus ZenWatch [&hellip;]<\/p>\n","protected":false},"featured_media":241,"comment_status":"open","ping_status":"closed","template":"","meta":[],"product_brand":[],"product_cat":[34],"product_tag":[],"class_list":{"0":"post-237","1":"product","2":"type-product","3":"status-publish","4":"has-post-thumbnail","6":"product_cat-smartwatche-i-akcesoria","8":"first","9":"instock","10":"taxable","11":"shipping-taxable","12":"purchasable","13":"product-type-simple"},"yoast_head":"<!-- This site is optimized with the Yoast SEO plugin v27.3 - https:\/\/yoast.com\/product\/yoast-seo-wordpress\/ -->\n<title>BRANSOLETA MOTOROLA MOTO 360 SIATKA 3-kolory - Mix Market - Supermarket z wszystkim co potrzeba<\/title>\n<meta name=\"robots\" content=\"index, follow, max-snippet:-1, max-image-preview:large, max-video-preview:-1\" \/>\n<link rel=\"canonical\" href=\"https:\/\/racom.com.pl\/index.php\/produkt\/bransoleta-motorola-moto-360-siatka-3-kolory\/\" \/>\n<meta property=\"og:locale\" content=\"pl_PL\" \/>\n<meta property=\"og:type\" content=\"article\" \/>\n<meta property=\"og:title\" content=\"BRANSOLETA MOTOROLA MOTO 360 SIATKA 3-kolory - Mix Market - Supermarket z wszystkim co potrzeba\" \/>\n<meta property=\"og:description\" content=\"Bransoleta do Motoroli MOTO360 3-kolory Przedmiotem oferty jest bransoleta do Motoroli MOTO360 w 3 kolorach do wyboru. Oferowana bransoleta ma 22mm szeroko\u015bci i prawie 170mm d\u0142ugo\u015bci ca\u0142kowitej. Wykonana jest z wysokiej klasy stali z sygnatur\u0105 Stainless Steel, jej struktura przypomina drucian\u0105 siatk\u0119. Do wyboru kolory: 1. CZARNY 2. SREBRNY 3. Z\u0141OTY KOMPATYBILNE ZEGARKI Asus ZenWatch [&hellip;]\" \/>\n<meta property=\"og:url\" content=\"https:\/\/racom.com.pl\/index.php\/produkt\/bransoleta-motorola-moto-360-siatka-3-kolory\/\" \/>\n<meta property=\"og:site_name\" content=\"Mix Market - Supermarket z wszystkim co potrzeba\" \/>\n<meta property=\"og:image\" content=\"https:\/\/racom.com.pl\/wp-content\/uploads\/2025\/07\/allegro_687a65f7806f39.96235895_e022af6849b9bba4aa904ad72133.jpg\" \/>\n\t<meta property=\"og:image:width\" content=\"575\" \/>\n\t<meta property=\"og:image:height\" content=\"2560\" \/>\n\t<meta property=\"og:image:type\" content=\"image\/jpeg\" \/>\n<meta name=\"twitter:card\" content=\"summary_large_image\" \/>\n<meta name=\"twitter:label1\" content=\"Szacowany czas czytania\" \/>\n\t<meta name=\"twitter:data1\" content=\"1 minuta\" \/>\n<script type=\"application\/ld+json\" class=\"yoast-schema-graph\">{\"@context\":\"https:\\\/\\\/schema.org\",\"@graph\":[{\"@type\":\"WebPage\",\"@id\":\"https:\\\/\\\/racom.com.pl\\\/index.php\\\/produkt\\\/bransoleta-motorola-moto-360-siatka-3-kolory\\\/\",\"url\":\"https:\\\/\\\/racom.com.pl\\\/index.php\\\/produkt\\\/bransoleta-motorola-moto-360-siatka-3-kolory\\\/\",\"name\":\"BRANSOLETA MOTOROLA MOTO 360 SIATKA 3-kolory - Mix Market - Supermarket z wszystkim co potrzeba\",\"isPartOf\":{\"@id\":\"https:\\\/\\\/racom.com.pl\\\/#website\"},\"primaryImageOfPage\":{\"@id\":\"https:\\\/\\\/racom.com.pl\\\/index.php\\\/produkt\\\/bransoleta-motorola-moto-360-siatka-3-kolory\\\/#primaryimage\"},\"image\":{\"@id\":\"https:\\\/\\\/racom.com.pl\\\/index.php\\\/produkt\\\/bransoleta-motorola-moto-360-siatka-3-kolory\\\/#primaryimage\"},\"thumbnailUrl\":\"https:\\\/\\\/racom.com.pl\\\/wp-content\\\/uploads\\\/2025\\\/07\\\/allegro_687a65f7806f39.96235895_e022af6849b9bba4aa904ad72133.jpg\",\"datePublished\":\"2025-07-18T15:19:06+00:00\",\"breadcrumb\":{\"@id\":\"https:\\\/\\\/racom.com.pl\\\/index.php\\\/produkt\\\/bransoleta-motorola-moto-360-siatka-3-kolory\\\/#breadcrumb\"},\"inLanguage\":\"pl-PL\",\"potentialAction\":[{\"@type\":\"ReadAction\",\"target\":[\"https:\\\/\\\/racom.com.pl\\\/index.php\\\/produkt\\\/bransoleta-motorola-moto-360-siatka-3-kolory\\\/\"]}]},{\"@type\":\"ImageObject\",\"inLanguage\":\"pl-PL\",\"@id\":\"https:\\\/\\\/racom.com.pl\\\/index.php\\\/produkt\\\/bransoleta-motorola-moto-360-siatka-3-kolory\\\/#primaryimage\",\"url\":\"https:\\\/\\\/racom.com.pl\\\/wp-content\\\/uploads\\\/2025\\\/07\\\/allegro_687a65f7806f39.96235895_e022af6849b9bba4aa904ad72133.jpg\",\"contentUrl\":\"https:\\\/\\\/racom.com.pl\\\/wp-content\\\/uploads\\\/2025\\\/07\\\/allegro_687a65f7806f39.96235895_e022af6849b9bba4aa904ad72133.jpg\",\"width\":575,\"height\":2560},{\"@type\":\"BreadcrumbList\",\"@id\":\"https:\\\/\\\/racom.com.pl\\\/index.php\\\/produkt\\\/bransoleta-motorola-moto-360-siatka-3-kolory\\\/#breadcrumb\",\"itemListElement\":[{\"@type\":\"ListItem\",\"position\":1,\"name\":\"Strona g\u0142\u00f3wna\",\"item\":\"https:\\\/\\\/racom.com.pl\\\/\"},{\"@type\":\"ListItem\",\"position\":2,\"name\":\"Sklep\",\"item\":\"https:\\\/\\\/racom.com.pl\\\/\"},{\"@type\":\"ListItem\",\"position\":3,\"name\":\"BRANSOLETA MOTOROLA MOTO 360 SIATKA 3-kolory\"}]},{\"@type\":\"WebSite\",\"@id\":\"https:\\\/\\\/racom.com.pl\\\/#website\",\"url\":\"https:\\\/\\\/racom.com.pl\\\/\",\"name\":\"Mix Market - Supermarket z wszystkim co potrzeba do domu i nie tylko\",\"description\":\"\",\"publisher\":{\"@id\":\"https:\\\/\\\/racom.com.pl\\\/#organization\"},\"potentialAction\":[{\"@type\":\"SearchAction\",\"target\":{\"@type\":\"EntryPoint\",\"urlTemplate\":\"https:\\\/\\\/racom.com.pl\\\/?s={search_term_string}\"},\"query-input\":{\"@type\":\"PropertyValueSpecification\",\"valueRequired\":true,\"valueName\":\"search_term_string\"}}],\"inLanguage\":\"pl-PL\"},{\"@type\":\"Organization\",\"@id\":\"https:\\\/\\\/racom.com.pl\\\/#organization\",\"name\":\"Mix Market - Supermarket z wszystkim co potrzeba do domu i nie tylko\",\"url\":\"https:\\\/\\\/racom.com.pl\\\/\",\"logo\":{\"@type\":\"ImageObject\",\"inLanguage\":\"pl-PL\",\"@id\":\"https:\\\/\\\/racom.com.pl\\\/#\\\/schema\\\/logo\\\/image\\\/\",\"url\":\"https:\\\/\\\/racom.com.pl\\\/wp-content\\\/uploads\\\/2025\\\/07\\\/mixmarket_logo.png\",\"contentUrl\":\"https:\\\/\\\/racom.com.pl\\\/wp-content\\\/uploads\\\/2025\\\/07\\\/mixmarket_logo.png\",\"width\":1024,\"height\":1024,\"caption\":\"Mix Market - Supermarket z wszystkim co potrzeba do domu i nie tylko\"},\"image\":{\"@id\":\"https:\\\/\\\/racom.com.pl\\\/#\\\/schema\\\/logo\\\/image\\\/\"}}]}<\/script>\n<!-- \/ Yoast SEO plugin. -->","yoast_head_json":{"title":"BRANSOLETA MOTOROLA MOTO 360 SIATKA 3-kolory - Mix Market - Supermarket z wszystkim co potrzeba","robots":{"index":"index","follow":"follow","max-snippet":"max-snippet:-1","max-image-preview":"max-image-preview:large","max-video-preview":"max-video-preview:-1"},"canonical":"https:\/\/racom.com.pl\/index.php\/produkt\/bransoleta-motorola-moto-360-siatka-3-kolory\/","og_locale":"pl_PL","og_type":"article","og_title":"BRANSOLETA MOTOROLA MOTO 360 SIATKA 3-kolory - Mix Market - Supermarket z wszystkim co potrzeba","og_description":"Bransoleta do Motoroli MOTO360 3-kolory Przedmiotem oferty jest bransoleta do Motoroli MOTO360 w 3 kolorach do wyboru. Oferowana bransoleta ma 22mm szeroko\u015bci i prawie 170mm d\u0142ugo\u015bci ca\u0142kowitej. Wykonana jest z wysokiej klasy stali z sygnatur\u0105 Stainless Steel, jej struktura przypomina drucian\u0105 siatk\u0119. Do wyboru kolory: 1. CZARNY 2. SREBRNY 3. Z\u0141OTY KOMPATYBILNE ZEGARKI Asus ZenWatch [&hellip;]","og_url":"https:\/\/racom.com.pl\/index.php\/produkt\/bransoleta-motorola-moto-360-siatka-3-kolory\/","og_site_name":"Mix Market - Supermarket z wszystkim co potrzeba","og_image":[{"width":575,"height":2560,"url":"https:\/\/racom.com.pl\/wp-content\/uploads\/2025\/07\/allegro_687a65f7806f39.96235895_e022af6849b9bba4aa904ad72133.jpg","type":"image\/jpeg"}],"twitter_card":"summary_large_image","twitter_misc":{"Szacowany czas czytania":"1 minuta"},"schema":{"@context":"https:\/\/schema.org","@graph":[{"@type":"WebPage","@id":"https:\/\/racom.com.pl\/index.php\/produkt\/bransoleta-motorola-moto-360-siatka-3-kolory\/","url":"https:\/\/racom.com.pl\/index.php\/produkt\/bransoleta-motorola-moto-360-siatka-3-kolory\/","name":"BRANSOLETA MOTOROLA MOTO 360 SIATKA 3-kolory - Mix Market - Supermarket z wszystkim co potrzeba","isPartOf":{"@id":"https:\/\/racom.com.pl\/#website"},"primaryImageOfPage":{"@id":"https:\/\/racom.com.pl\/index.php\/produkt\/bransoleta-motorola-moto-360-siatka-3-kolory\/#primaryimage"},"image":{"@id":"https:\/\/racom.com.pl\/index.php\/produkt\/bransoleta-motorola-moto-360-siatka-3-kolory\/#primaryimage"},"thumbnailUrl":"https:\/\/racom.com.pl\/wp-content\/uploads\/2025\/07\/allegro_687a65f7806f39.96235895_e022af6849b9bba4aa904ad72133.jpg","datePublished":"2025-07-18T15:19:06+00:00","breadcrumb":{"@id":"https:\/\/racom.com.pl\/index.php\/produkt\/bransoleta-motorola-moto-360-siatka-3-kolory\/#breadcrumb"},"inLanguage":"pl-PL","potentialAction":[{"@type":"ReadAction","target":["https:\/\/racom.com.pl\/index.php\/produkt\/bransoleta-motorola-moto-360-siatka-3-kolory\/"]}]},{"@type":"ImageObject","inLanguage":"pl-PL","@id":"https:\/\/racom.com.pl\/index.php\/produkt\/bransoleta-motorola-moto-360-siatka-3-kolory\/#primaryimage","url":"https:\/\/racom.com.pl\/wp-content\/uploads\/2025\/07\/allegro_687a65f7806f39.96235895_e022af6849b9bba4aa904ad72133.jpg","contentUrl":"https:\/\/racom.com.pl\/wp-content\/uploads\/2025\/07\/allegro_687a65f7806f39.96235895_e022af6849b9bba4aa904ad72133.jpg","width":575,"height":2560},{"@type":"BreadcrumbList","@id":"https:\/\/racom.com.pl\/index.php\/produkt\/bransoleta-motorola-moto-360-siatka-3-kolory\/#breadcrumb","itemListElement":[{"@type":"ListItem","position":1,"name":"Strona g\u0142\u00f3wna","item":"https:\/\/racom.com.pl\/"},{"@type":"ListItem","position":2,"name":"Sklep","item":"https:\/\/racom.com.pl\/"},{"@type":"ListItem","position":3,"name":"BRANSOLETA MOTOROLA MOTO 360 SIATKA 3-kolory"}]},{"@type":"WebSite","@id":"https:\/\/racom.com.pl\/#website","url":"https:\/\/racom.com.pl\/","name":"Mix Market - Supermarket z wszystkim co potrzeba do domu i nie tylko","description":"","publisher":{"@id":"https:\/\/racom.com.pl\/#organization"},"potentialAction":[{"@type":"SearchAction","target":{"@type":"EntryPoint","urlTemplate":"https:\/\/racom.com.pl\/?s={search_term_string}"},"query-input":{"@type":"PropertyValueSpecification","valueRequired":true,"valueName":"search_term_string"}}],"inLanguage":"pl-PL"},{"@type":"Organization","@id":"https:\/\/racom.com.pl\/#organization","name":"Mix Market - Supermarket z wszystkim co potrzeba do domu i nie tylko","url":"https:\/\/racom.com.pl\/","logo":{"@type":"ImageObject","inLanguage":"pl-PL","@id":"https:\/\/racom.com.pl\/#\/schema\/logo\/image\/","url":"https:\/\/racom.com.pl\/wp-content\/uploads\/2025\/07\/mixmarket_logo.png","contentUrl":"https:\/\/racom.com.pl\/wp-content\/uploads\/2025\/07\/mixmarket_logo.png","width":1024,"height":1024,"caption":"Mix Market - Supermarket z wszystkim co potrzeba do domu i nie tylko"},"image":{"@id":"https:\/\/racom.com.pl\/#\/schema\/logo\/image\/"}}]}},"_links":{"self":[{"href":"https:\/\/racom.com.pl\/index.php\/wp-json\/wp\/v2\/product\/237","targetHints":{"allow":["GET"]}}],"collection":[{"href":"https:\/\/racom.com.pl\/index.php\/wp-json\/wp\/v2\/product"}],"about":[{"href":"https:\/\/racom.com.pl\/index.php\/wp-json\/wp\/v2\/types\/product"}],"replies":[{"embeddable":true,"href":"https:\/\/racom.com.pl\/index.php\/wp-json\/wp\/v2\/comments?post=237"}],"wp:featuredmedia":[{"embeddable":true,"href":"https:\/\/racom.com.pl\/index.php\/wp-json\/wp\/v2\/media\/241"}],"wp:attachment":[{"href":"https:\/\/racom.com.pl\/index.php\/wp-json\/wp\/v2\/media?parent=237"}],"wp:term":[{"taxonomy":"product_brand","embeddable":true,"href":"https:\/\/racom.com.pl\/index.php\/wp-json\/wp\/v2\/product_brand?post=237"},{"taxonomy":"product_cat","embeddable":true,"href":"https:\/\/racom.com.pl\/index.php\/wp-json\/wp\/v2\/product_cat?post=237"},{"taxonomy":"product_tag","embeddable":true,"href":"https:\/\/racom.com.pl\/index.php\/wp-json\/wp\/v2\/product_tag?post=237"}],"curies":[{"name":"wp","href":"https:\/\/api.w.org\/{rel}","templated":true}]}}