{"id":2380,"date":"2025-07-18T22:54:23","date_gmt":"2025-07-18T20:54:23","guid":{"rendered":"http:\/\/192.168.2.106\/index.php\/produkt\/ryz-parboiled-risaia-italiana-dlugoziarnisty-5kg\/"},"modified":"2025-07-18T22:54:23","modified_gmt":"2025-07-18T20:54:23","slug":"ryz-parboiled-risaia-italiana-dlugoziarnisty-5kg","status":"publish","type":"product","link":"https:\/\/racom.com.pl\/index.php\/produkt\/ryz-parboiled-risaia-italiana-dlugoziarnisty-5kg\/","title":{"rendered":"Ry\u017c parboiled Risaia Italiana D\u0141UGOZIARNISTY 5kg"},"content":{"rendered":"<h2>Risaia Italiana Ry\u017c D\u0142ugoziarnisty 5 Kg<\/h2>\n<p>Ry\u017c parboiled uzyskuje si\u0119 w specjalnym procesie produkcji. Ziarna ry\u017cu moczy si\u0119 w wodzie, poddaje dzia\u0142aniu pary wodnej i suszy, a nast\u0119pnie ry\u017c gotuje si\u0119 w tradycyjny spos\u00f3b. Taki proces produkcji pozwala na zachowanie wi\u0119kszo\u015bci sk\u0142adnik\u00f3w od\u017cywczych i sprawia, \u017ce ry\u017c doskonale sprawdza si\u0119 w gotowaniu. Idealny jako dodatek do dania g\u0142\u00f3wnego.<\/p>\n<p>Typ: Parboiled<\/p>\n<p>Kraj pochodzenia: W\u0142ochy<\/p>\n<p>Temperatura przechowywania min \u2013 max: 0 \u2013 25 \u00b0C<\/p>\n<p>Waga jednostkowa brutto: 5,02 kg<\/p>\n<p><b>WARTO\u015a\u0106 OD\u017bYWCZA:<\/b><\/p>\n<p>Zawarto\u015b\u0107 bia\u0142ek w porcji (og\u00f3lnie): 7,4 g<\/p>\n<p>Zawarto\u015b\u0107 b\u0142onnika w porcji (og\u00f3lnie): 1,6 g<\/p>\n<p>Zawarto\u015b\u0107 soli w porcji (og\u00f3lnie): 0 g<\/p>\n<p>Zawarto\u015b\u0107 w\u0119glowodan\u00f3w w porcji (cukry): 0,5 g<\/p>\n<p>Zawarto\u015b\u0107 w\u0119glowodan\u00f3w w porcji: 75,8 g<\/p>\n<p>Jednostka b\u0119d\u0105ca podstaw\u0105 przelicze\u0144: g\/100 g<\/p>\n<p>Warto\u015b\u0107 energetyczna kcal w porcji (energia): 351 kcal<\/p>\n<p>Warto\u015b\u0107 energetyczna kJ w porcji (energia): 1490 kJ<\/p>\n<p>Wielko\u015b\u0107 porcji: 100 g<\/p>\n<p>Zawarto\u015b\u0107 t\u0142uszcz\u00f3w w porcji (kwasy t\u0142uszczowe nasycone): 0,5 g<\/p>\n<p>Zawarto\u015b\u0107 t\u0142uszcz\u00f3w w porcji (og\u00f3lnie): 1,7 g<\/p>\n","protected":false},"excerpt":{"rendered":"<p>Risaia Italiana Ry\u017c D\u0142ugoziarnisty 5 Kg Ry\u017c parboiled uzyskuje si\u0119 w specjalnym procesie produkcji. Ziarna ry\u017cu moczy si\u0119 w wodzie, poddaje dzia\u0142aniu pary wodnej i suszy, a nast\u0119pnie ry\u017c gotuje si\u0119 w tradycyjny spos\u00f3b. Taki proces produkcji pozwala na zachowanie wi\u0119kszo\u015bci sk\u0142adnik\u00f3w od\u017cywczych i sprawia, \u017ce ry\u017c doskonale sprawdza si\u0119 w gotowaniu. Idealny jako dodatek [&hellip;]<\/p>\n","protected":false},"featured_media":2383,"comment_status":"open","ping_status":"closed","template":"","meta":[],"product_brand":[149],"product_cat":[130],"product_tag":[],"class_list":{"0":"post-2380","1":"product","2":"type-product","3":"status-publish","4":"has-post-thumbnail","6":"product_brand-rolnik","7":"product_cat-produkty-sypkie","9":"first","10":"instock","11":"taxable","12":"shipping-taxable","13":"purchasable","14":"product-type-simple"},"yoast_head":"<!-- This site is optimized with the Yoast SEO plugin v27.3 - https:\/\/yoast.com\/product\/yoast-seo-wordpress\/ -->\n<title>Ry\u017c parboiled Risaia Italiana D\u0141UGOZIARNISTY 5kg - Mix Market - Supermarket z wszystkim co potrzeba<\/title>\n<meta name=\"robots\" content=\"index, follow, max-snippet:-1, max-image-preview:large, max-video-preview:-1\" \/>\n<link rel=\"canonical\" href=\"https:\/\/racom.com.pl\/index.php\/produkt\/ryz-parboiled-risaia-italiana-dlugoziarnisty-5kg\/\" \/>\n<meta property=\"og:locale\" content=\"pl_PL\" \/>\n<meta property=\"og:type\" content=\"article\" \/>\n<meta property=\"og:title\" content=\"Ry\u017c parboiled Risaia Italiana D\u0141UGOZIARNISTY 5kg - Mix Market - Supermarket z wszystkim co potrzeba\" \/>\n<meta property=\"og:description\" content=\"Risaia Italiana Ry\u017c D\u0142ugoziarnisty 5 Kg Ry\u017c parboiled uzyskuje si\u0119 w specjalnym procesie produkcji. Ziarna ry\u017cu moczy si\u0119 w wodzie, poddaje dzia\u0142aniu pary wodnej i suszy, a nast\u0119pnie ry\u017c gotuje si\u0119 w tradycyjny spos\u00f3b. Taki proces produkcji pozwala na zachowanie wi\u0119kszo\u015bci sk\u0142adnik\u00f3w od\u017cywczych i sprawia, \u017ce ry\u017c doskonale sprawdza si\u0119 w gotowaniu. Idealny jako dodatek [&hellip;]\" \/>\n<meta property=\"og:url\" content=\"https:\/\/racom.com.pl\/index.php\/produkt\/ryz-parboiled-risaia-italiana-dlugoziarnisty-5kg\/\" \/>\n<meta property=\"og:site_name\" content=\"Mix Market - Supermarket z wszystkim co potrzeba\" \/>\n<meta property=\"og:image\" content=\"https:\/\/racom.com.pl\/wp-content\/uploads\/2025\/07\/allegro_687ab495c8bde3.47841468_4848f3b9406e84dea1d46669a7f7.jpg\" \/>\n\t<meta property=\"og:image:width\" content=\"1000\" \/>\n\t<meta property=\"og:image:height\" content=\"1000\" \/>\n\t<meta property=\"og:image:type\" content=\"image\/jpeg\" \/>\n<meta name=\"twitter:card\" content=\"summary_large_image\" \/>\n<meta name=\"twitter:label1\" content=\"Szacowany czas czytania\" \/>\n\t<meta name=\"twitter:data1\" content=\"1 minuta\" \/>\n<script type=\"application\/ld+json\" class=\"yoast-schema-graph\">{\"@context\":\"https:\\\/\\\/schema.org\",\"@graph\":[{\"@type\":\"WebPage\",\"@id\":\"https:\\\/\\\/racom.com.pl\\\/index.php\\\/produkt\\\/ryz-parboiled-risaia-italiana-dlugoziarnisty-5kg\\\/\",\"url\":\"https:\\\/\\\/racom.com.pl\\\/index.php\\\/produkt\\\/ryz-parboiled-risaia-italiana-dlugoziarnisty-5kg\\\/\",\"name\":\"Ry\u017c parboiled Risaia Italiana D\u0141UGOZIARNISTY 5kg - Mix Market - Supermarket z wszystkim co potrzeba\",\"isPartOf\":{\"@id\":\"https:\\\/\\\/racom.com.pl\\\/#website\"},\"primaryImageOfPage\":{\"@id\":\"https:\\\/\\\/racom.com.pl\\\/index.php\\\/produkt\\\/ryz-parboiled-risaia-italiana-dlugoziarnisty-5kg\\\/#primaryimage\"},\"image\":{\"@id\":\"https:\\\/\\\/racom.com.pl\\\/index.php\\\/produkt\\\/ryz-parboiled-risaia-italiana-dlugoziarnisty-5kg\\\/#primaryimage\"},\"thumbnailUrl\":\"https:\\\/\\\/racom.com.pl\\\/wp-content\\\/uploads\\\/2025\\\/07\\\/allegro_687ab495c8bde3.47841468_4848f3b9406e84dea1d46669a7f7.jpg\",\"datePublished\":\"2025-07-18T20:54:23+00:00\",\"breadcrumb\":{\"@id\":\"https:\\\/\\\/racom.com.pl\\\/index.php\\\/produkt\\\/ryz-parboiled-risaia-italiana-dlugoziarnisty-5kg\\\/#breadcrumb\"},\"inLanguage\":\"pl-PL\",\"potentialAction\":[{\"@type\":\"ReadAction\",\"target\":[\"https:\\\/\\\/racom.com.pl\\\/index.php\\\/produkt\\\/ryz-parboiled-risaia-italiana-dlugoziarnisty-5kg\\\/\"]}]},{\"@type\":\"ImageObject\",\"inLanguage\":\"pl-PL\",\"@id\":\"https:\\\/\\\/racom.com.pl\\\/index.php\\\/produkt\\\/ryz-parboiled-risaia-italiana-dlugoziarnisty-5kg\\\/#primaryimage\",\"url\":\"https:\\\/\\\/racom.com.pl\\\/wp-content\\\/uploads\\\/2025\\\/07\\\/allegro_687ab495c8bde3.47841468_4848f3b9406e84dea1d46669a7f7.jpg\",\"contentUrl\":\"https:\\\/\\\/racom.com.pl\\\/wp-content\\\/uploads\\\/2025\\\/07\\\/allegro_687ab495c8bde3.47841468_4848f3b9406e84dea1d46669a7f7.jpg\",\"width\":1000,\"height\":1000},{\"@type\":\"BreadcrumbList\",\"@id\":\"https:\\\/\\\/racom.com.pl\\\/index.php\\\/produkt\\\/ryz-parboiled-risaia-italiana-dlugoziarnisty-5kg\\\/#breadcrumb\",\"itemListElement\":[{\"@type\":\"ListItem\",\"position\":1,\"name\":\"Strona g\u0142\u00f3wna\",\"item\":\"https:\\\/\\\/racom.com.pl\\\/\"},{\"@type\":\"ListItem\",\"position\":2,\"name\":\"Sklep\",\"item\":\"https:\\\/\\\/racom.com.pl\\\/\"},{\"@type\":\"ListItem\",\"position\":3,\"name\":\"Ry\u017c parboiled Risaia Italiana D\u0141UGOZIARNISTY 5kg\"}]},{\"@type\":\"WebSite\",\"@id\":\"https:\\\/\\\/racom.com.pl\\\/#website\",\"url\":\"https:\\\/\\\/racom.com.pl\\\/\",\"name\":\"Mix Market - Supermarket z wszystkim co potrzeba do domu i nie tylko\",\"description\":\"\",\"publisher\":{\"@id\":\"https:\\\/\\\/racom.com.pl\\\/#organization\"},\"potentialAction\":[{\"@type\":\"SearchAction\",\"target\":{\"@type\":\"EntryPoint\",\"urlTemplate\":\"https:\\\/\\\/racom.com.pl\\\/?s={search_term_string}\"},\"query-input\":{\"@type\":\"PropertyValueSpecification\",\"valueRequired\":true,\"valueName\":\"search_term_string\"}}],\"inLanguage\":\"pl-PL\"},{\"@type\":\"Organization\",\"@id\":\"https:\\\/\\\/racom.com.pl\\\/#organization\",\"name\":\"Mix Market - Supermarket z wszystkim co potrzeba do domu i nie tylko\",\"url\":\"https:\\\/\\\/racom.com.pl\\\/\",\"logo\":{\"@type\":\"ImageObject\",\"inLanguage\":\"pl-PL\",\"@id\":\"https:\\\/\\\/racom.com.pl\\\/#\\\/schema\\\/logo\\\/image\\\/\",\"url\":\"https:\\\/\\\/racom.com.pl\\\/wp-content\\\/uploads\\\/2025\\\/07\\\/mixmarket_logo.png\",\"contentUrl\":\"https:\\\/\\\/racom.com.pl\\\/wp-content\\\/uploads\\\/2025\\\/07\\\/mixmarket_logo.png\",\"width\":1024,\"height\":1024,\"caption\":\"Mix Market - Supermarket z wszystkim co potrzeba do domu i nie tylko\"},\"image\":{\"@id\":\"https:\\\/\\\/racom.com.pl\\\/#\\\/schema\\\/logo\\\/image\\\/\"}}]}<\/script>\n<!-- \/ Yoast SEO plugin. -->","yoast_head_json":{"title":"Ry\u017c parboiled Risaia Italiana D\u0141UGOZIARNISTY 5kg - Mix Market - Supermarket z wszystkim co potrzeba","robots":{"index":"index","follow":"follow","max-snippet":"max-snippet:-1","max-image-preview":"max-image-preview:large","max-video-preview":"max-video-preview:-1"},"canonical":"https:\/\/racom.com.pl\/index.php\/produkt\/ryz-parboiled-risaia-italiana-dlugoziarnisty-5kg\/","og_locale":"pl_PL","og_type":"article","og_title":"Ry\u017c parboiled Risaia Italiana D\u0141UGOZIARNISTY 5kg - Mix Market - Supermarket z wszystkim co potrzeba","og_description":"Risaia Italiana Ry\u017c D\u0142ugoziarnisty 5 Kg Ry\u017c parboiled uzyskuje si\u0119 w specjalnym procesie produkcji. Ziarna ry\u017cu moczy si\u0119 w wodzie, poddaje dzia\u0142aniu pary wodnej i suszy, a nast\u0119pnie ry\u017c gotuje si\u0119 w tradycyjny spos\u00f3b. Taki proces produkcji pozwala na zachowanie wi\u0119kszo\u015bci sk\u0142adnik\u00f3w od\u017cywczych i sprawia, \u017ce ry\u017c doskonale sprawdza si\u0119 w gotowaniu. Idealny jako dodatek [&hellip;]","og_url":"https:\/\/racom.com.pl\/index.php\/produkt\/ryz-parboiled-risaia-italiana-dlugoziarnisty-5kg\/","og_site_name":"Mix Market - Supermarket z wszystkim co potrzeba","og_image":[{"width":1000,"height":1000,"url":"https:\/\/racom.com.pl\/wp-content\/uploads\/2025\/07\/allegro_687ab495c8bde3.47841468_4848f3b9406e84dea1d46669a7f7.jpg","type":"image\/jpeg"}],"twitter_card":"summary_large_image","twitter_misc":{"Szacowany czas czytania":"1 minuta"},"schema":{"@context":"https:\/\/schema.org","@graph":[{"@type":"WebPage","@id":"https:\/\/racom.com.pl\/index.php\/produkt\/ryz-parboiled-risaia-italiana-dlugoziarnisty-5kg\/","url":"https:\/\/racom.com.pl\/index.php\/produkt\/ryz-parboiled-risaia-italiana-dlugoziarnisty-5kg\/","name":"Ry\u017c parboiled Risaia Italiana D\u0141UGOZIARNISTY 5kg - Mix Market - Supermarket z wszystkim co potrzeba","isPartOf":{"@id":"https:\/\/racom.com.pl\/#website"},"primaryImageOfPage":{"@id":"https:\/\/racom.com.pl\/index.php\/produkt\/ryz-parboiled-risaia-italiana-dlugoziarnisty-5kg\/#primaryimage"},"image":{"@id":"https:\/\/racom.com.pl\/index.php\/produkt\/ryz-parboiled-risaia-italiana-dlugoziarnisty-5kg\/#primaryimage"},"thumbnailUrl":"https:\/\/racom.com.pl\/wp-content\/uploads\/2025\/07\/allegro_687ab495c8bde3.47841468_4848f3b9406e84dea1d46669a7f7.jpg","datePublished":"2025-07-18T20:54:23+00:00","breadcrumb":{"@id":"https:\/\/racom.com.pl\/index.php\/produkt\/ryz-parboiled-risaia-italiana-dlugoziarnisty-5kg\/#breadcrumb"},"inLanguage":"pl-PL","potentialAction":[{"@type":"ReadAction","target":["https:\/\/racom.com.pl\/index.php\/produkt\/ryz-parboiled-risaia-italiana-dlugoziarnisty-5kg\/"]}]},{"@type":"ImageObject","inLanguage":"pl-PL","@id":"https:\/\/racom.com.pl\/index.php\/produkt\/ryz-parboiled-risaia-italiana-dlugoziarnisty-5kg\/#primaryimage","url":"https:\/\/racom.com.pl\/wp-content\/uploads\/2025\/07\/allegro_687ab495c8bde3.47841468_4848f3b9406e84dea1d46669a7f7.jpg","contentUrl":"https:\/\/racom.com.pl\/wp-content\/uploads\/2025\/07\/allegro_687ab495c8bde3.47841468_4848f3b9406e84dea1d46669a7f7.jpg","width":1000,"height":1000},{"@type":"BreadcrumbList","@id":"https:\/\/racom.com.pl\/index.php\/produkt\/ryz-parboiled-risaia-italiana-dlugoziarnisty-5kg\/#breadcrumb","itemListElement":[{"@type":"ListItem","position":1,"name":"Strona g\u0142\u00f3wna","item":"https:\/\/racom.com.pl\/"},{"@type":"ListItem","position":2,"name":"Sklep","item":"https:\/\/racom.com.pl\/"},{"@type":"ListItem","position":3,"name":"Ry\u017c parboiled Risaia Italiana D\u0141UGOZIARNISTY 5kg"}]},{"@type":"WebSite","@id":"https:\/\/racom.com.pl\/#website","url":"https:\/\/racom.com.pl\/","name":"Mix Market - Supermarket z wszystkim co potrzeba do domu i nie tylko","description":"","publisher":{"@id":"https:\/\/racom.com.pl\/#organization"},"potentialAction":[{"@type":"SearchAction","target":{"@type":"EntryPoint","urlTemplate":"https:\/\/racom.com.pl\/?s={search_term_string}"},"query-input":{"@type":"PropertyValueSpecification","valueRequired":true,"valueName":"search_term_string"}}],"inLanguage":"pl-PL"},{"@type":"Organization","@id":"https:\/\/racom.com.pl\/#organization","name":"Mix Market - Supermarket z wszystkim co potrzeba do domu i nie tylko","url":"https:\/\/racom.com.pl\/","logo":{"@type":"ImageObject","inLanguage":"pl-PL","@id":"https:\/\/racom.com.pl\/#\/schema\/logo\/image\/","url":"https:\/\/racom.com.pl\/wp-content\/uploads\/2025\/07\/mixmarket_logo.png","contentUrl":"https:\/\/racom.com.pl\/wp-content\/uploads\/2025\/07\/mixmarket_logo.png","width":1024,"height":1024,"caption":"Mix Market - Supermarket z wszystkim co potrzeba do domu i nie tylko"},"image":{"@id":"https:\/\/racom.com.pl\/#\/schema\/logo\/image\/"}}]}},"_links":{"self":[{"href":"https:\/\/racom.com.pl\/index.php\/wp-json\/wp\/v2\/product\/2380","targetHints":{"allow":["GET"]}}],"collection":[{"href":"https:\/\/racom.com.pl\/index.php\/wp-json\/wp\/v2\/product"}],"about":[{"href":"https:\/\/racom.com.pl\/index.php\/wp-json\/wp\/v2\/types\/product"}],"replies":[{"embeddable":true,"href":"https:\/\/racom.com.pl\/index.php\/wp-json\/wp\/v2\/comments?post=2380"}],"wp:featuredmedia":[{"embeddable":true,"href":"https:\/\/racom.com.pl\/index.php\/wp-json\/wp\/v2\/media\/2383"}],"wp:attachment":[{"href":"https:\/\/racom.com.pl\/index.php\/wp-json\/wp\/v2\/media?parent=2380"}],"wp:term":[{"taxonomy":"product_brand","embeddable":true,"href":"https:\/\/racom.com.pl\/index.php\/wp-json\/wp\/v2\/product_brand?post=2380"},{"taxonomy":"product_cat","embeddable":true,"href":"https:\/\/racom.com.pl\/index.php\/wp-json\/wp\/v2\/product_cat?post=2380"},{"taxonomy":"product_tag","embeddable":true,"href":"https:\/\/racom.com.pl\/index.php\/wp-json\/wp\/v2\/product_tag?post=2380"}],"curies":[{"name":"wp","href":"https:\/\/api.w.org\/{rel}","templated":true}]}}