{"id":2391,"date":"2025-07-18T22:57:03","date_gmt":"2025-07-18T20:57:03","guid":{"rendered":"http:\/\/192.168.2.106\/index.php\/produkt\/knorr-sos-pieczarkowo-borowikowy-1-kg\/"},"modified":"2025-07-18T22:57:03","modified_gmt":"2025-07-18T20:57:03","slug":"knorr-sos-pieczarkowo-borowikowy-1-kg","status":"publish","type":"product","link":"https:\/\/racom.com.pl\/index.php\/produkt\/knorr-sos-pieczarkowo-borowikowy-1-kg\/","title":{"rendered":"KNORR Sos pieczarkowo-borowikowy 1 kg"},"content":{"rendered":"<h2>KNORR SOS PIECZARKOWO-BOROWIKOWY 1 KG<\/h2>\n<h2>KNORR SOS PIECZARKOWO-BOROWIKOWY 1 KG<\/h2>\n<p>Sos pieczarkowo-borowikowy: &#8211; Wyj\u0105tkowy smak szlachetnego borowika i delikatnej pieczarki, w po\u0142\u0105czeniu z kremow\u0105 konsystencj\u0105 sosu idealnie nadaje si\u0119 do mi\u0119s (wo\u0142owiny, wieprzowiny, drobiu) oraz do da\u0144 kuchni w\u0142oskiej.<\/p>\n<p>t\u0142uszcz palmowy, m\u0105ka PSZENNA, maltodekstryna, skrobia modyfikowana, LAKTOZA, s\u00f3l, ekstrakt z pieczarek (3,2%), preparat serwatkowy (MLEKO), ekstrakt dro\u017cd\u017cowy, bia\u0142ka MLEKA, borowiki (1,8%), pieczarki (1,7%), cukier, aromaty, sok z cytryny suszony, ekstrakt z bia\u0142ego wina, kurkuma<\/p>\n<p>Mo\u017ce zawiera\u0107 jaja, seler i gorczyc\u0119.<\/p>\n<p>100 ml przygotowanego produktu: Energia: 518 kJ\/124 kcal, T\u0142uszcz : 7,8 g, w tym kw. t\u0142uszczowe nasycone: 4,8 g, W\u0119glowodany : 11 g, w tym cukry : 2 g, B\u0142onnik : 0,5 g, Bia\u0142ko : 1,9 g, S\u00f3l : 1,2 g<\/p>\n<p>Pasja dobrego smaku le\u017cy w naszej naturze!<\/p>\n<p>Knorr pomaga tworzy\u0107 smaczne i atrakcyjne dania.<\/p>\n","protected":false},"excerpt":{"rendered":"<p>KNORR SOS PIECZARKOWO-BOROWIKOWY 1 KG KNORR SOS PIECZARKOWO-BOROWIKOWY 1 KG Sos pieczarkowo-borowikowy: &#8211; Wyj\u0105tkowy smak szlachetnego borowika i delikatnej pieczarki, w po\u0142\u0105czeniu z kremow\u0105 konsystencj\u0105 sosu idealnie nadaje si\u0119 do mi\u0119s (wo\u0142owiny, wieprzowiny, drobiu) oraz do da\u0144 kuchni w\u0142oskiej. t\u0142uszcz palmowy, m\u0105ka PSZENNA, maltodekstryna, skrobia modyfikowana, LAKTOZA, s\u00f3l, ekstrakt z pieczarek (3,2%), preparat serwatkowy (MLEKO), [&hellip;]<\/p>\n","protected":false},"featured_media":2394,"comment_status":"open","ping_status":"closed","template":"","meta":[],"product_brand":[112],"product_cat":[109],"product_tag":[],"class_list":{"0":"post-2391","1":"product","2":"type-product","3":"status-publish","4":"has-post-thumbnail","6":"product_brand-knorr","7":"product_cat-sosy-kanapkowe-i-dressingi","9":"first","10":"instock","11":"taxable","12":"shipping-taxable","13":"purchasable","14":"product-type-simple"},"yoast_head":"<!-- This site is optimized with the Yoast SEO plugin v27.3 - https:\/\/yoast.com\/product\/yoast-seo-wordpress\/ -->\n<title>KNORR Sos pieczarkowo-borowikowy 1 kg - Mix Market - Supermarket z wszystkim co potrzeba<\/title>\n<meta name=\"robots\" content=\"index, follow, max-snippet:-1, max-image-preview:large, max-video-preview:-1\" \/>\n<link rel=\"canonical\" href=\"https:\/\/racom.com.pl\/index.php\/produkt\/knorr-sos-pieczarkowo-borowikowy-1-kg\/\" \/>\n<meta property=\"og:locale\" content=\"pl_PL\" \/>\n<meta property=\"og:type\" content=\"article\" \/>\n<meta property=\"og:title\" content=\"KNORR Sos pieczarkowo-borowikowy 1 kg - Mix Market - Supermarket z wszystkim co potrzeba\" \/>\n<meta property=\"og:description\" content=\"KNORR SOS PIECZARKOWO-BOROWIKOWY 1 KG KNORR SOS PIECZARKOWO-BOROWIKOWY 1 KG Sos pieczarkowo-borowikowy: &#8211; Wyj\u0105tkowy smak szlachetnego borowika i delikatnej pieczarki, w po\u0142\u0105czeniu z kremow\u0105 konsystencj\u0105 sosu idealnie nadaje si\u0119 do mi\u0119s (wo\u0142owiny, wieprzowiny, drobiu) oraz do da\u0144 kuchni w\u0142oskiej. t\u0142uszcz palmowy, m\u0105ka PSZENNA, maltodekstryna, skrobia modyfikowana, LAKTOZA, s\u00f3l, ekstrakt z pieczarek (3,2%), preparat serwatkowy (MLEKO), [&hellip;]\" \/>\n<meta property=\"og:url\" content=\"https:\/\/racom.com.pl\/index.php\/produkt\/knorr-sos-pieczarkowo-borowikowy-1-kg\/\" \/>\n<meta property=\"og:site_name\" content=\"Mix Market - Supermarket z wszystkim co potrzeba\" \/>\n<meta property=\"og:image\" content=\"https:\/\/racom.com.pl\/wp-content\/uploads\/2025\/07\/allegro_687ab55421bef8.58536633_2f5be97a48aab355c06a4d356ee1.jpg\" \/>\n\t<meta property=\"og:image:width\" content=\"2365\" \/>\n\t<meta property=\"og:image:height\" content=\"2365\" \/>\n\t<meta property=\"og:image:type\" content=\"image\/jpeg\" \/>\n<meta name=\"twitter:card\" content=\"summary_large_image\" \/>\n<meta name=\"twitter:label1\" content=\"Szacowany czas czytania\" \/>\n\t<meta name=\"twitter:data1\" content=\"1 minuta\" \/>\n<script type=\"application\/ld+json\" class=\"yoast-schema-graph\">{\"@context\":\"https:\\\/\\\/schema.org\",\"@graph\":[{\"@type\":\"WebPage\",\"@id\":\"https:\\\/\\\/racom.com.pl\\\/index.php\\\/produkt\\\/knorr-sos-pieczarkowo-borowikowy-1-kg\\\/\",\"url\":\"https:\\\/\\\/racom.com.pl\\\/index.php\\\/produkt\\\/knorr-sos-pieczarkowo-borowikowy-1-kg\\\/\",\"name\":\"KNORR Sos pieczarkowo-borowikowy 1 kg - Mix Market - Supermarket z wszystkim co potrzeba\",\"isPartOf\":{\"@id\":\"https:\\\/\\\/racom.com.pl\\\/#website\"},\"primaryImageOfPage\":{\"@id\":\"https:\\\/\\\/racom.com.pl\\\/index.php\\\/produkt\\\/knorr-sos-pieczarkowo-borowikowy-1-kg\\\/#primaryimage\"},\"image\":{\"@id\":\"https:\\\/\\\/racom.com.pl\\\/index.php\\\/produkt\\\/knorr-sos-pieczarkowo-borowikowy-1-kg\\\/#primaryimage\"},\"thumbnailUrl\":\"https:\\\/\\\/racom.com.pl\\\/wp-content\\\/uploads\\\/2025\\\/07\\\/allegro_687ab55421bef8.58536633_2f5be97a48aab355c06a4d356ee1.jpg\",\"datePublished\":\"2025-07-18T20:57:03+00:00\",\"breadcrumb\":{\"@id\":\"https:\\\/\\\/racom.com.pl\\\/index.php\\\/produkt\\\/knorr-sos-pieczarkowo-borowikowy-1-kg\\\/#breadcrumb\"},\"inLanguage\":\"pl-PL\",\"potentialAction\":[{\"@type\":\"ReadAction\",\"target\":[\"https:\\\/\\\/racom.com.pl\\\/index.php\\\/produkt\\\/knorr-sos-pieczarkowo-borowikowy-1-kg\\\/\"]}]},{\"@type\":\"ImageObject\",\"inLanguage\":\"pl-PL\",\"@id\":\"https:\\\/\\\/racom.com.pl\\\/index.php\\\/produkt\\\/knorr-sos-pieczarkowo-borowikowy-1-kg\\\/#primaryimage\",\"url\":\"https:\\\/\\\/racom.com.pl\\\/wp-content\\\/uploads\\\/2025\\\/07\\\/allegro_687ab55421bef8.58536633_2f5be97a48aab355c06a4d356ee1.jpg\",\"contentUrl\":\"https:\\\/\\\/racom.com.pl\\\/wp-content\\\/uploads\\\/2025\\\/07\\\/allegro_687ab55421bef8.58536633_2f5be97a48aab355c06a4d356ee1.jpg\",\"width\":2365,\"height\":2365},{\"@type\":\"BreadcrumbList\",\"@id\":\"https:\\\/\\\/racom.com.pl\\\/index.php\\\/produkt\\\/knorr-sos-pieczarkowo-borowikowy-1-kg\\\/#breadcrumb\",\"itemListElement\":[{\"@type\":\"ListItem\",\"position\":1,\"name\":\"Strona g\u0142\u00f3wna\",\"item\":\"https:\\\/\\\/racom.com.pl\\\/\"},{\"@type\":\"ListItem\",\"position\":2,\"name\":\"Sklep\",\"item\":\"https:\\\/\\\/racom.com.pl\\\/\"},{\"@type\":\"ListItem\",\"position\":3,\"name\":\"KNORR Sos pieczarkowo-borowikowy 1 kg\"}]},{\"@type\":\"WebSite\",\"@id\":\"https:\\\/\\\/racom.com.pl\\\/#website\",\"url\":\"https:\\\/\\\/racom.com.pl\\\/\",\"name\":\"Mix Market - Supermarket z wszystkim co potrzeba do domu i nie tylko\",\"description\":\"\",\"publisher\":{\"@id\":\"https:\\\/\\\/racom.com.pl\\\/#organization\"},\"potentialAction\":[{\"@type\":\"SearchAction\",\"target\":{\"@type\":\"EntryPoint\",\"urlTemplate\":\"https:\\\/\\\/racom.com.pl\\\/?s={search_term_string}\"},\"query-input\":{\"@type\":\"PropertyValueSpecification\",\"valueRequired\":true,\"valueName\":\"search_term_string\"}}],\"inLanguage\":\"pl-PL\"},{\"@type\":\"Organization\",\"@id\":\"https:\\\/\\\/racom.com.pl\\\/#organization\",\"name\":\"Mix Market - Supermarket z wszystkim co potrzeba do domu i nie tylko\",\"url\":\"https:\\\/\\\/racom.com.pl\\\/\",\"logo\":{\"@type\":\"ImageObject\",\"inLanguage\":\"pl-PL\",\"@id\":\"https:\\\/\\\/racom.com.pl\\\/#\\\/schema\\\/logo\\\/image\\\/\",\"url\":\"https:\\\/\\\/racom.com.pl\\\/wp-content\\\/uploads\\\/2025\\\/07\\\/mixmarket_logo.png\",\"contentUrl\":\"https:\\\/\\\/racom.com.pl\\\/wp-content\\\/uploads\\\/2025\\\/07\\\/mixmarket_logo.png\",\"width\":1024,\"height\":1024,\"caption\":\"Mix Market - Supermarket z wszystkim co potrzeba do domu i nie tylko\"},\"image\":{\"@id\":\"https:\\\/\\\/racom.com.pl\\\/#\\\/schema\\\/logo\\\/image\\\/\"}}]}<\/script>\n<!-- \/ Yoast SEO plugin. -->","yoast_head_json":{"title":"KNORR Sos pieczarkowo-borowikowy 1 kg - Mix Market - Supermarket z wszystkim co potrzeba","robots":{"index":"index","follow":"follow","max-snippet":"max-snippet:-1","max-image-preview":"max-image-preview:large","max-video-preview":"max-video-preview:-1"},"canonical":"https:\/\/racom.com.pl\/index.php\/produkt\/knorr-sos-pieczarkowo-borowikowy-1-kg\/","og_locale":"pl_PL","og_type":"article","og_title":"KNORR Sos pieczarkowo-borowikowy 1 kg - Mix Market - Supermarket z wszystkim co potrzeba","og_description":"KNORR SOS PIECZARKOWO-BOROWIKOWY 1 KG KNORR SOS PIECZARKOWO-BOROWIKOWY 1 KG Sos pieczarkowo-borowikowy: &#8211; Wyj\u0105tkowy smak szlachetnego borowika i delikatnej pieczarki, w po\u0142\u0105czeniu z kremow\u0105 konsystencj\u0105 sosu idealnie nadaje si\u0119 do mi\u0119s (wo\u0142owiny, wieprzowiny, drobiu) oraz do da\u0144 kuchni w\u0142oskiej. t\u0142uszcz palmowy, m\u0105ka PSZENNA, maltodekstryna, skrobia modyfikowana, LAKTOZA, s\u00f3l, ekstrakt z pieczarek (3,2%), preparat serwatkowy (MLEKO), [&hellip;]","og_url":"https:\/\/racom.com.pl\/index.php\/produkt\/knorr-sos-pieczarkowo-borowikowy-1-kg\/","og_site_name":"Mix Market - Supermarket z wszystkim co potrzeba","og_image":[{"width":2365,"height":2365,"url":"https:\/\/racom.com.pl\/wp-content\/uploads\/2025\/07\/allegro_687ab55421bef8.58536633_2f5be97a48aab355c06a4d356ee1.jpg","type":"image\/jpeg"}],"twitter_card":"summary_large_image","twitter_misc":{"Szacowany czas czytania":"1 minuta"},"schema":{"@context":"https:\/\/schema.org","@graph":[{"@type":"WebPage","@id":"https:\/\/racom.com.pl\/index.php\/produkt\/knorr-sos-pieczarkowo-borowikowy-1-kg\/","url":"https:\/\/racom.com.pl\/index.php\/produkt\/knorr-sos-pieczarkowo-borowikowy-1-kg\/","name":"KNORR Sos pieczarkowo-borowikowy 1 kg - Mix Market - Supermarket z wszystkim co potrzeba","isPartOf":{"@id":"https:\/\/racom.com.pl\/#website"},"primaryImageOfPage":{"@id":"https:\/\/racom.com.pl\/index.php\/produkt\/knorr-sos-pieczarkowo-borowikowy-1-kg\/#primaryimage"},"image":{"@id":"https:\/\/racom.com.pl\/index.php\/produkt\/knorr-sos-pieczarkowo-borowikowy-1-kg\/#primaryimage"},"thumbnailUrl":"https:\/\/racom.com.pl\/wp-content\/uploads\/2025\/07\/allegro_687ab55421bef8.58536633_2f5be97a48aab355c06a4d356ee1.jpg","datePublished":"2025-07-18T20:57:03+00:00","breadcrumb":{"@id":"https:\/\/racom.com.pl\/index.php\/produkt\/knorr-sos-pieczarkowo-borowikowy-1-kg\/#breadcrumb"},"inLanguage":"pl-PL","potentialAction":[{"@type":"ReadAction","target":["https:\/\/racom.com.pl\/index.php\/produkt\/knorr-sos-pieczarkowo-borowikowy-1-kg\/"]}]},{"@type":"ImageObject","inLanguage":"pl-PL","@id":"https:\/\/racom.com.pl\/index.php\/produkt\/knorr-sos-pieczarkowo-borowikowy-1-kg\/#primaryimage","url":"https:\/\/racom.com.pl\/wp-content\/uploads\/2025\/07\/allegro_687ab55421bef8.58536633_2f5be97a48aab355c06a4d356ee1.jpg","contentUrl":"https:\/\/racom.com.pl\/wp-content\/uploads\/2025\/07\/allegro_687ab55421bef8.58536633_2f5be97a48aab355c06a4d356ee1.jpg","width":2365,"height":2365},{"@type":"BreadcrumbList","@id":"https:\/\/racom.com.pl\/index.php\/produkt\/knorr-sos-pieczarkowo-borowikowy-1-kg\/#breadcrumb","itemListElement":[{"@type":"ListItem","position":1,"name":"Strona g\u0142\u00f3wna","item":"https:\/\/racom.com.pl\/"},{"@type":"ListItem","position":2,"name":"Sklep","item":"https:\/\/racom.com.pl\/"},{"@type":"ListItem","position":3,"name":"KNORR Sos pieczarkowo-borowikowy 1 kg"}]},{"@type":"WebSite","@id":"https:\/\/racom.com.pl\/#website","url":"https:\/\/racom.com.pl\/","name":"Mix Market - Supermarket z wszystkim co potrzeba do domu i nie tylko","description":"","publisher":{"@id":"https:\/\/racom.com.pl\/#organization"},"potentialAction":[{"@type":"SearchAction","target":{"@type":"EntryPoint","urlTemplate":"https:\/\/racom.com.pl\/?s={search_term_string}"},"query-input":{"@type":"PropertyValueSpecification","valueRequired":true,"valueName":"search_term_string"}}],"inLanguage":"pl-PL"},{"@type":"Organization","@id":"https:\/\/racom.com.pl\/#organization","name":"Mix Market - Supermarket z wszystkim co potrzeba do domu i nie tylko","url":"https:\/\/racom.com.pl\/","logo":{"@type":"ImageObject","inLanguage":"pl-PL","@id":"https:\/\/racom.com.pl\/#\/schema\/logo\/image\/","url":"https:\/\/racom.com.pl\/wp-content\/uploads\/2025\/07\/mixmarket_logo.png","contentUrl":"https:\/\/racom.com.pl\/wp-content\/uploads\/2025\/07\/mixmarket_logo.png","width":1024,"height":1024,"caption":"Mix Market - Supermarket z wszystkim co potrzeba do domu i nie tylko"},"image":{"@id":"https:\/\/racom.com.pl\/#\/schema\/logo\/image\/"}}]}},"_links":{"self":[{"href":"https:\/\/racom.com.pl\/index.php\/wp-json\/wp\/v2\/product\/2391","targetHints":{"allow":["GET"]}}],"collection":[{"href":"https:\/\/racom.com.pl\/index.php\/wp-json\/wp\/v2\/product"}],"about":[{"href":"https:\/\/racom.com.pl\/index.php\/wp-json\/wp\/v2\/types\/product"}],"replies":[{"embeddable":true,"href":"https:\/\/racom.com.pl\/index.php\/wp-json\/wp\/v2\/comments?post=2391"}],"wp:featuredmedia":[{"embeddable":true,"href":"https:\/\/racom.com.pl\/index.php\/wp-json\/wp\/v2\/media\/2394"}],"wp:attachment":[{"href":"https:\/\/racom.com.pl\/index.php\/wp-json\/wp\/v2\/media?parent=2391"}],"wp:term":[{"taxonomy":"product_brand","embeddable":true,"href":"https:\/\/racom.com.pl\/index.php\/wp-json\/wp\/v2\/product_brand?post=2391"},{"taxonomy":"product_cat","embeddable":true,"href":"https:\/\/racom.com.pl\/index.php\/wp-json\/wp\/v2\/product_cat?post=2391"},{"taxonomy":"product_tag","embeddable":true,"href":"https:\/\/racom.com.pl\/index.php\/wp-json\/wp\/v2\/product_tag?post=2391"}],"curies":[{"name":"wp","href":"https:\/\/api.w.org\/{rel}","templated":true}]}}