{"id":2395,"date":"2025-07-18T22:58:12","date_gmt":"2025-07-18T20:58:12","guid":{"rendered":"http:\/\/192.168.2.106\/index.php\/produkt\/sos-knorr-cytrynowo-maslany-do-ryb-miesa-kurczaka-indyka-800g\/"},"modified":"2025-07-18T22:58:12","modified_gmt":"2025-07-18T20:58:12","slug":"sos-knorr-cytrynowo-maslany-do-ryb-miesa-kurczaka-indyka-800g","status":"publish","type":"product","link":"https:\/\/racom.com.pl\/index.php\/produkt\/sos-knorr-cytrynowo-maslany-do-ryb-miesa-kurczaka-indyka-800g\/","title":{"rendered":"Sos Knorr Cytrynowo-Ma\u015blany do RYB Mi\u0119sa Kurczaka Indyka 800g"},"content":{"rendered":"<h2>Knorr Sos cytrynowo-ma\u015blany 0,8 kg<\/h2>\n<h2>KNORR<\/h2>\n<p>Sos Cytrynowo-ma\u015blany: &#8211; Aksamitny sos o lekko kremowej konsystencji. &#8211; Doskonale podkre\u015bla smak drobiu, ryb, kr\u00f3lika oraz warzyw.<\/p>\n<p>Pasja dobrego smaku le\u017cy w naszej naturze!<\/p>\n<p>Knorr pomaga tworzy\u0107 smaczne i atrakcyjne dania. Odkryj pasj\u0119 doskona\u0142ego smaku i zobacz, jak wspieramy zr\u00f3wnowa\u017cony rozw\u00f3j na &#8211; .<\/p>\n<p>autentyczny smak, najlepsze sk\u0142adniki. bez sztucznych barwnik\u00f3w. bez dodatku glutaminianu sodu. wydajno\u015b\u0107 4,2 L<\/p>\n<p>Spos\u00f3b przechowywania: Przechowywa\u0107 w temperaturze otoczenia<\/p>\n<p>Spos\u00f3b u\u017cycia: Spos\u00f3b przygotowania: Zawarto\u015b\u0107 opakowania wsyp do 4,2 litra wrz\u0105cej wody, dok\u0142adnie wymieszaj. Doprowad\u017a do wrzenia. Gotuj na wolnym ogniu przez 2 minuty, mieszaj\u0105c od czasu do czasu. Aby przygotowa\u0107 1 litr sosu, wsyp 190 g produktu do 1 litra wrz\u0105cej wody.<\/p>\n<p>Dozowanie 190 g\/1 L<\/p>\n<p>Dozowanie Produkt 190 g \/ Woda 1 l Produkt 0,8 kg \/ Woda 4,2 l<\/p>\n<p>Termin wa\u017cno\u015bci: Przechowywa\u0107 w suchym, ch\u0142odnym i zaciemnionym miejscu.<\/p>\n<p>Sk\u0142ad produktu: maltodekstryna. skrobia modyfikowana. MAS\u0141O w proszku (17%). kukurydza. MLEKO odt\u0142uszczone w proszku. serwatka (MLEKO). t\u0142uszcz palmowy. s\u00f3l jodowana. cukier. s\u00f3l. aromaty (w tym MLEKO). LAKTOZA. m\u0105ka PSZENNA. skrobia. jab\u0142ka. regulatory kwasowo\u015bci (w\u0119glany sodu, cytryniany sodu). sok z cytryny (0,7%). ekstrakt z bia\u0142ego wina. kwas (kwas cytrynowy). ekstrakt dro\u017cd\u017cowy. koncentrat soku z marchwi. kurkuma<\/p>\n<p>100 ml przygotowanego produktuEnergia360 kJ\/85 kcalT\u0142uszcz4,0 g w tym kw. t\u0142uszczowe nasycone2,5 gW\u0119glowodany11 g w tym cukry2,5 gB\u0142onnik0,2 gBia\u0142ko0,9 gS\u00f3l1,4 g<\/p>\n","protected":false},"excerpt":{"rendered":"<p>Knorr Sos cytrynowo-ma\u015blany 0,8 kg KNORR Sos Cytrynowo-ma\u015blany: &#8211; Aksamitny sos o lekko kremowej konsystencji. &#8211; Doskonale podkre\u015bla smak drobiu, ryb, kr\u00f3lika oraz warzyw. Pasja dobrego smaku le\u017cy w naszej naturze! Knorr pomaga tworzy\u0107 smaczne i atrakcyjne dania. Odkryj pasj\u0119 doskona\u0142ego smaku i zobacz, jak wspieramy zr\u00f3wnowa\u017cony rozw\u00f3j na &#8211; . autentyczny smak, najlepsze sk\u0142adniki. [&hellip;]<\/p>\n","protected":false},"featured_media":2398,"comment_status":"open","ping_status":"closed","template":"","meta":[],"product_brand":[112],"product_cat":[109],"product_tag":[],"class_list":{"0":"post-2395","1":"product","2":"type-product","3":"status-publish","4":"has-post-thumbnail","6":"product_brand-knorr","7":"product_cat-sosy-kanapkowe-i-dressingi","9":"first","10":"instock","11":"taxable","12":"shipping-taxable","13":"purchasable","14":"product-type-simple"},"yoast_head":"<!-- This site is optimized with the Yoast SEO plugin v27.3 - https:\/\/yoast.com\/product\/yoast-seo-wordpress\/ -->\n<title>Sos Knorr Cytrynowo-Ma\u015blany do RYB Mi\u0119sa Kurczaka Indyka 800g - Mix Market - Supermarket z wszystkim co potrzeba<\/title>\n<meta name=\"robots\" content=\"index, follow, max-snippet:-1, max-image-preview:large, max-video-preview:-1\" \/>\n<link rel=\"canonical\" href=\"https:\/\/racom.com.pl\/index.php\/produkt\/sos-knorr-cytrynowo-maslany-do-ryb-miesa-kurczaka-indyka-800g\/\" \/>\n<meta property=\"og:locale\" content=\"pl_PL\" \/>\n<meta property=\"og:type\" content=\"article\" \/>\n<meta property=\"og:title\" content=\"Sos Knorr Cytrynowo-Ma\u015blany do RYB Mi\u0119sa Kurczaka Indyka 800g - Mix Market - Supermarket z wszystkim co potrzeba\" \/>\n<meta property=\"og:description\" content=\"Knorr Sos cytrynowo-ma\u015blany 0,8 kg KNORR Sos Cytrynowo-ma\u015blany: &#8211; Aksamitny sos o lekko kremowej konsystencji. &#8211; Doskonale podkre\u015bla smak drobiu, ryb, kr\u00f3lika oraz warzyw. Pasja dobrego smaku le\u017cy w naszej naturze! Knorr pomaga tworzy\u0107 smaczne i atrakcyjne dania. Odkryj pasj\u0119 doskona\u0142ego smaku i zobacz, jak wspieramy zr\u00f3wnowa\u017cony rozw\u00f3j na &#8211; . autentyczny smak, najlepsze sk\u0142adniki. [&hellip;]\" \/>\n<meta property=\"og:url\" content=\"https:\/\/racom.com.pl\/index.php\/produkt\/sos-knorr-cytrynowo-maslany-do-ryb-miesa-kurczaka-indyka-800g\/\" \/>\n<meta property=\"og:site_name\" content=\"Mix Market - Supermarket z wszystkim co potrzeba\" \/>\n<meta property=\"og:image\" content=\"https:\/\/racom.com.pl\/wp-content\/uploads\/2025\/07\/allegro_687ab58c129bc8.45782062_b855939b40bdaa30574aa513762b.jpg\" \/>\n\t<meta property=\"og:image:width\" content=\"1072\" \/>\n\t<meta property=\"og:image:height\" content=\"1500\" \/>\n\t<meta property=\"og:image:type\" content=\"image\/jpeg\" \/>\n<meta name=\"twitter:card\" content=\"summary_large_image\" \/>\n<meta name=\"twitter:label1\" content=\"Szacowany czas czytania\" \/>\n\t<meta name=\"twitter:data1\" content=\"1 minuta\" \/>\n<script type=\"application\/ld+json\" class=\"yoast-schema-graph\">{\"@context\":\"https:\\\/\\\/schema.org\",\"@graph\":[{\"@type\":\"WebPage\",\"@id\":\"https:\\\/\\\/racom.com.pl\\\/index.php\\\/produkt\\\/sos-knorr-cytrynowo-maslany-do-ryb-miesa-kurczaka-indyka-800g\\\/\",\"url\":\"https:\\\/\\\/racom.com.pl\\\/index.php\\\/produkt\\\/sos-knorr-cytrynowo-maslany-do-ryb-miesa-kurczaka-indyka-800g\\\/\",\"name\":\"Sos Knorr Cytrynowo-Ma\u015blany do RYB Mi\u0119sa Kurczaka Indyka 800g - Mix Market - Supermarket z wszystkim co potrzeba\",\"isPartOf\":{\"@id\":\"https:\\\/\\\/racom.com.pl\\\/#website\"},\"primaryImageOfPage\":{\"@id\":\"https:\\\/\\\/racom.com.pl\\\/index.php\\\/produkt\\\/sos-knorr-cytrynowo-maslany-do-ryb-miesa-kurczaka-indyka-800g\\\/#primaryimage\"},\"image\":{\"@id\":\"https:\\\/\\\/racom.com.pl\\\/index.php\\\/produkt\\\/sos-knorr-cytrynowo-maslany-do-ryb-miesa-kurczaka-indyka-800g\\\/#primaryimage\"},\"thumbnailUrl\":\"https:\\\/\\\/racom.com.pl\\\/wp-content\\\/uploads\\\/2025\\\/07\\\/allegro_687ab58c129bc8.45782062_b855939b40bdaa30574aa513762b.jpg\",\"datePublished\":\"2025-07-18T20:58:12+00:00\",\"breadcrumb\":{\"@id\":\"https:\\\/\\\/racom.com.pl\\\/index.php\\\/produkt\\\/sos-knorr-cytrynowo-maslany-do-ryb-miesa-kurczaka-indyka-800g\\\/#breadcrumb\"},\"inLanguage\":\"pl-PL\",\"potentialAction\":[{\"@type\":\"ReadAction\",\"target\":[\"https:\\\/\\\/racom.com.pl\\\/index.php\\\/produkt\\\/sos-knorr-cytrynowo-maslany-do-ryb-miesa-kurczaka-indyka-800g\\\/\"]}]},{\"@type\":\"ImageObject\",\"inLanguage\":\"pl-PL\",\"@id\":\"https:\\\/\\\/racom.com.pl\\\/index.php\\\/produkt\\\/sos-knorr-cytrynowo-maslany-do-ryb-miesa-kurczaka-indyka-800g\\\/#primaryimage\",\"url\":\"https:\\\/\\\/racom.com.pl\\\/wp-content\\\/uploads\\\/2025\\\/07\\\/allegro_687ab58c129bc8.45782062_b855939b40bdaa30574aa513762b.jpg\",\"contentUrl\":\"https:\\\/\\\/racom.com.pl\\\/wp-content\\\/uploads\\\/2025\\\/07\\\/allegro_687ab58c129bc8.45782062_b855939b40bdaa30574aa513762b.jpg\",\"width\":1072,\"height\":1500},{\"@type\":\"BreadcrumbList\",\"@id\":\"https:\\\/\\\/racom.com.pl\\\/index.php\\\/produkt\\\/sos-knorr-cytrynowo-maslany-do-ryb-miesa-kurczaka-indyka-800g\\\/#breadcrumb\",\"itemListElement\":[{\"@type\":\"ListItem\",\"position\":1,\"name\":\"Strona g\u0142\u00f3wna\",\"item\":\"https:\\\/\\\/racom.com.pl\\\/\"},{\"@type\":\"ListItem\",\"position\":2,\"name\":\"Sklep\",\"item\":\"https:\\\/\\\/racom.com.pl\\\/\"},{\"@type\":\"ListItem\",\"position\":3,\"name\":\"Sos Knorr Cytrynowo-Ma\u015blany do RYB Mi\u0119sa Kurczaka Indyka 800g\"}]},{\"@type\":\"WebSite\",\"@id\":\"https:\\\/\\\/racom.com.pl\\\/#website\",\"url\":\"https:\\\/\\\/racom.com.pl\\\/\",\"name\":\"Mix Market - Supermarket z wszystkim co potrzeba do domu i nie tylko\",\"description\":\"\",\"publisher\":{\"@id\":\"https:\\\/\\\/racom.com.pl\\\/#organization\"},\"potentialAction\":[{\"@type\":\"SearchAction\",\"target\":{\"@type\":\"EntryPoint\",\"urlTemplate\":\"https:\\\/\\\/racom.com.pl\\\/?s={search_term_string}\"},\"query-input\":{\"@type\":\"PropertyValueSpecification\",\"valueRequired\":true,\"valueName\":\"search_term_string\"}}],\"inLanguage\":\"pl-PL\"},{\"@type\":\"Organization\",\"@id\":\"https:\\\/\\\/racom.com.pl\\\/#organization\",\"name\":\"Mix Market - Supermarket z wszystkim co potrzeba do domu i nie tylko\",\"url\":\"https:\\\/\\\/racom.com.pl\\\/\",\"logo\":{\"@type\":\"ImageObject\",\"inLanguage\":\"pl-PL\",\"@id\":\"https:\\\/\\\/racom.com.pl\\\/#\\\/schema\\\/logo\\\/image\\\/\",\"url\":\"https:\\\/\\\/racom.com.pl\\\/wp-content\\\/uploads\\\/2025\\\/07\\\/mixmarket_logo.png\",\"contentUrl\":\"https:\\\/\\\/racom.com.pl\\\/wp-content\\\/uploads\\\/2025\\\/07\\\/mixmarket_logo.png\",\"width\":1024,\"height\":1024,\"caption\":\"Mix Market - Supermarket z wszystkim co potrzeba do domu i nie tylko\"},\"image\":{\"@id\":\"https:\\\/\\\/racom.com.pl\\\/#\\\/schema\\\/logo\\\/image\\\/\"}}]}<\/script>\n<!-- \/ Yoast SEO plugin. -->","yoast_head_json":{"title":"Sos Knorr Cytrynowo-Ma\u015blany do RYB Mi\u0119sa Kurczaka Indyka 800g - Mix Market - Supermarket z wszystkim co potrzeba","robots":{"index":"index","follow":"follow","max-snippet":"max-snippet:-1","max-image-preview":"max-image-preview:large","max-video-preview":"max-video-preview:-1"},"canonical":"https:\/\/racom.com.pl\/index.php\/produkt\/sos-knorr-cytrynowo-maslany-do-ryb-miesa-kurczaka-indyka-800g\/","og_locale":"pl_PL","og_type":"article","og_title":"Sos Knorr Cytrynowo-Ma\u015blany do RYB Mi\u0119sa Kurczaka Indyka 800g - Mix Market - Supermarket z wszystkim co potrzeba","og_description":"Knorr Sos cytrynowo-ma\u015blany 0,8 kg KNORR Sos Cytrynowo-ma\u015blany: &#8211; Aksamitny sos o lekko kremowej konsystencji. &#8211; Doskonale podkre\u015bla smak drobiu, ryb, kr\u00f3lika oraz warzyw. Pasja dobrego smaku le\u017cy w naszej naturze! Knorr pomaga tworzy\u0107 smaczne i atrakcyjne dania. Odkryj pasj\u0119 doskona\u0142ego smaku i zobacz, jak wspieramy zr\u00f3wnowa\u017cony rozw\u00f3j na &#8211; . autentyczny smak, najlepsze sk\u0142adniki. [&hellip;]","og_url":"https:\/\/racom.com.pl\/index.php\/produkt\/sos-knorr-cytrynowo-maslany-do-ryb-miesa-kurczaka-indyka-800g\/","og_site_name":"Mix Market - Supermarket z wszystkim co potrzeba","og_image":[{"width":1072,"height":1500,"url":"https:\/\/racom.com.pl\/wp-content\/uploads\/2025\/07\/allegro_687ab58c129bc8.45782062_b855939b40bdaa30574aa513762b.jpg","type":"image\/jpeg"}],"twitter_card":"summary_large_image","twitter_misc":{"Szacowany czas czytania":"1 minuta"},"schema":{"@context":"https:\/\/schema.org","@graph":[{"@type":"WebPage","@id":"https:\/\/racom.com.pl\/index.php\/produkt\/sos-knorr-cytrynowo-maslany-do-ryb-miesa-kurczaka-indyka-800g\/","url":"https:\/\/racom.com.pl\/index.php\/produkt\/sos-knorr-cytrynowo-maslany-do-ryb-miesa-kurczaka-indyka-800g\/","name":"Sos Knorr Cytrynowo-Ma\u015blany do RYB Mi\u0119sa Kurczaka Indyka 800g - Mix Market - Supermarket z wszystkim co potrzeba","isPartOf":{"@id":"https:\/\/racom.com.pl\/#website"},"primaryImageOfPage":{"@id":"https:\/\/racom.com.pl\/index.php\/produkt\/sos-knorr-cytrynowo-maslany-do-ryb-miesa-kurczaka-indyka-800g\/#primaryimage"},"image":{"@id":"https:\/\/racom.com.pl\/index.php\/produkt\/sos-knorr-cytrynowo-maslany-do-ryb-miesa-kurczaka-indyka-800g\/#primaryimage"},"thumbnailUrl":"https:\/\/racom.com.pl\/wp-content\/uploads\/2025\/07\/allegro_687ab58c129bc8.45782062_b855939b40bdaa30574aa513762b.jpg","datePublished":"2025-07-18T20:58:12+00:00","breadcrumb":{"@id":"https:\/\/racom.com.pl\/index.php\/produkt\/sos-knorr-cytrynowo-maslany-do-ryb-miesa-kurczaka-indyka-800g\/#breadcrumb"},"inLanguage":"pl-PL","potentialAction":[{"@type":"ReadAction","target":["https:\/\/racom.com.pl\/index.php\/produkt\/sos-knorr-cytrynowo-maslany-do-ryb-miesa-kurczaka-indyka-800g\/"]}]},{"@type":"ImageObject","inLanguage":"pl-PL","@id":"https:\/\/racom.com.pl\/index.php\/produkt\/sos-knorr-cytrynowo-maslany-do-ryb-miesa-kurczaka-indyka-800g\/#primaryimage","url":"https:\/\/racom.com.pl\/wp-content\/uploads\/2025\/07\/allegro_687ab58c129bc8.45782062_b855939b40bdaa30574aa513762b.jpg","contentUrl":"https:\/\/racom.com.pl\/wp-content\/uploads\/2025\/07\/allegro_687ab58c129bc8.45782062_b855939b40bdaa30574aa513762b.jpg","width":1072,"height":1500},{"@type":"BreadcrumbList","@id":"https:\/\/racom.com.pl\/index.php\/produkt\/sos-knorr-cytrynowo-maslany-do-ryb-miesa-kurczaka-indyka-800g\/#breadcrumb","itemListElement":[{"@type":"ListItem","position":1,"name":"Strona g\u0142\u00f3wna","item":"https:\/\/racom.com.pl\/"},{"@type":"ListItem","position":2,"name":"Sklep","item":"https:\/\/racom.com.pl\/"},{"@type":"ListItem","position":3,"name":"Sos Knorr Cytrynowo-Ma\u015blany do RYB Mi\u0119sa Kurczaka Indyka 800g"}]},{"@type":"WebSite","@id":"https:\/\/racom.com.pl\/#website","url":"https:\/\/racom.com.pl\/","name":"Mix Market - Supermarket z wszystkim co potrzeba do domu i nie tylko","description":"","publisher":{"@id":"https:\/\/racom.com.pl\/#organization"},"potentialAction":[{"@type":"SearchAction","target":{"@type":"EntryPoint","urlTemplate":"https:\/\/racom.com.pl\/?s={search_term_string}"},"query-input":{"@type":"PropertyValueSpecification","valueRequired":true,"valueName":"search_term_string"}}],"inLanguage":"pl-PL"},{"@type":"Organization","@id":"https:\/\/racom.com.pl\/#organization","name":"Mix Market - Supermarket z wszystkim co potrzeba do domu i nie tylko","url":"https:\/\/racom.com.pl\/","logo":{"@type":"ImageObject","inLanguage":"pl-PL","@id":"https:\/\/racom.com.pl\/#\/schema\/logo\/image\/","url":"https:\/\/racom.com.pl\/wp-content\/uploads\/2025\/07\/mixmarket_logo.png","contentUrl":"https:\/\/racom.com.pl\/wp-content\/uploads\/2025\/07\/mixmarket_logo.png","width":1024,"height":1024,"caption":"Mix Market - Supermarket z wszystkim co potrzeba do domu i nie tylko"},"image":{"@id":"https:\/\/racom.com.pl\/#\/schema\/logo\/image\/"}}]}},"_links":{"self":[{"href":"https:\/\/racom.com.pl\/index.php\/wp-json\/wp\/v2\/product\/2395","targetHints":{"allow":["GET"]}}],"collection":[{"href":"https:\/\/racom.com.pl\/index.php\/wp-json\/wp\/v2\/product"}],"about":[{"href":"https:\/\/racom.com.pl\/index.php\/wp-json\/wp\/v2\/types\/product"}],"replies":[{"embeddable":true,"href":"https:\/\/racom.com.pl\/index.php\/wp-json\/wp\/v2\/comments?post=2395"}],"wp:featuredmedia":[{"embeddable":true,"href":"https:\/\/racom.com.pl\/index.php\/wp-json\/wp\/v2\/media\/2398"}],"wp:attachment":[{"href":"https:\/\/racom.com.pl\/index.php\/wp-json\/wp\/v2\/media?parent=2395"}],"wp:term":[{"taxonomy":"product_brand","embeddable":true,"href":"https:\/\/racom.com.pl\/index.php\/wp-json\/wp\/v2\/product_brand?post=2395"},{"taxonomy":"product_cat","embeddable":true,"href":"https:\/\/racom.com.pl\/index.php\/wp-json\/wp\/v2\/product_cat?post=2395"},{"taxonomy":"product_tag","embeddable":true,"href":"https:\/\/racom.com.pl\/index.php\/wp-json\/wp\/v2\/product_tag?post=2395"}],"curies":[{"name":"wp","href":"https:\/\/api.w.org\/{rel}","templated":true}]}}