{"id":2422,"date":"2025-07-18T23:05:10","date_gmt":"2025-07-18T21:05:10","guid":{"rendered":"http:\/\/192.168.2.106\/index.php\/produkt\/sos-fanex-ketchup-lagodny-grill-01-do-grilla-duza-butelka-1kg\/"},"modified":"2025-07-18T23:05:10","modified_gmt":"2025-07-18T21:05:10","slug":"sos-fanex-ketchup-lagodny-grill-01-do-grilla-duza-butelka-1kg","status":"publish","type":"product","link":"https:\/\/racom.com.pl\/index.php\/produkt\/sos-fanex-ketchup-lagodny-grill-01-do-grilla-duza-butelka-1kg\/","title":{"rendered":"Sos FANEX Ketchup \u0142agodny GRILL 01 do grilla du\u017ca butelka 1kg"},"content":{"rendered":"<h2>Ketchup grill \u0142agodny 1000 g<\/h2>\n<p>Grillowanie to jedna z najsmaczniejszych atrakcji wiosny i lata. Wzboga\u0107 j\u0105 o&nbsp;najlepszy ketchup&nbsp;do przygotowywanych na ruszcie mi\u0119s oraz warzyw \u2013&nbsp;Ketchup \u0142agodny&nbsp;do grillowania od marki Fanex. Bukiet zi\u00f3\u0142 u\u017cyty do jego przyprawienia gwarantuje niepowtarzalne doznania smakowe \u2013 podobnie jak pomidory, kt\u00f3re zosta\u0142y starannie wyselekcjonowane przez naszych pracownik\u00f3w.<\/p>\n<p>Konsystencja&nbsp;najlepszego ketchupu&nbsp;do grilla nie rozwarstwia si\u0119 i ca\u0142y czas jest tak samo apetyczna \u2013 nawet, gdy jest on nak\u0142adany na gor\u0105ce potrawy. \u0141agodny smak pokochaj\u0105 nie tylko osoby, kt\u00f3re nie przepadaj\u0105 za pikanteri\u0105 w jedzeniu, ale r\u00f3wnie\u017c najm\u0142odsi.&nbsp;Ketchup Fanex&nbsp;kusi bowiem naturaln\u0105 s\u0142odycz\u0105 dojrza\u0142ych pomidor\u00f3w i nie dominuje nad smakiem potrawy, ale idealnie go uzupe\u0142nia.<\/p>\n<p>Ketchup grill \u0142agodny Fanex &#8211; przyjemno\u015b\u0107 grillowania i smakowania<\/p>\n<p><b>SK\u0141AD:<\/b><\/p>\n<p>Woda, koncentrat pomidorowy (46%), cukier, ocet spirytusowy, skrobia modyfikowana, mieszanka przypraw, s\u00f3l, substancje zag\u0119szczaj\u0105ce (guma guar, guma ksantanowa), substancja konserwuj\u0105ca (sorbinian potasu), aromat.<\/p>\n<h2>WARTO\u015a\u0106 OD\u017bYWCZA W 100 G<\/h2>\n<ul>\n<li>Warto\u015b\u0107 energetyczna: 343 kJ | 82 kcal<\/li>\n<li>T\u0142uszcze: 0,04 g<\/li>\n<li>w tym Kwasy t\u0142uszczowe nasycone: 0,01 g<\/li>\n<li>W\u0119glowodany: 0,4 g<\/li>\n<li>w tym Cukry: 17,3 g<\/li>\n<li>Bia\u0142ko: 0,86 g<\/li>\n<li>S\u00f3l: 1,96 g<\/li>\n<\/ul>\n","protected":false},"excerpt":{"rendered":"<p>Ketchup grill \u0142agodny 1000 g Grillowanie to jedna z najsmaczniejszych atrakcji wiosny i lata. Wzboga\u0107 j\u0105 o&nbsp;najlepszy ketchup&nbsp;do przygotowywanych na ruszcie mi\u0119s oraz warzyw \u2013&nbsp;Ketchup \u0142agodny&nbsp;do grillowania od marki Fanex. Bukiet zi\u00f3\u0142 u\u017cyty do jego przyprawienia gwarantuje niepowtarzalne doznania smakowe \u2013 podobnie jak pomidory, kt\u00f3re zosta\u0142y starannie wyselekcjonowane przez naszych pracownik\u00f3w. Konsystencja&nbsp;najlepszego ketchupu&nbsp;do grilla nie [&hellip;]<\/p>\n","protected":false},"featured_media":2426,"comment_status":"open","ping_status":"closed","template":"","meta":[],"product_brand":[110],"product_cat":[109],"product_tag":[],"class_list":{"0":"post-2422","1":"product","2":"type-product","3":"status-publish","4":"has-post-thumbnail","6":"product_brand-fanex","7":"product_cat-sosy-kanapkowe-i-dressingi","9":"first","10":"instock","11":"taxable","12":"shipping-taxable","13":"purchasable","14":"product-type-simple"},"yoast_head":"<!-- This site is optimized with the Yoast SEO plugin v27.3 - https:\/\/yoast.com\/product\/yoast-seo-wordpress\/ -->\n<title>Sos FANEX Ketchup \u0142agodny GRILL 01 do grilla du\u017ca butelka 1kg - Mix Market - Supermarket z wszystkim co potrzeba<\/title>\n<meta name=\"robots\" content=\"index, follow, max-snippet:-1, max-image-preview:large, max-video-preview:-1\" \/>\n<link rel=\"canonical\" href=\"https:\/\/racom.com.pl\/index.php\/produkt\/sos-fanex-ketchup-lagodny-grill-01-do-grilla-duza-butelka-1kg\/\" \/>\n<meta property=\"og:locale\" content=\"pl_PL\" \/>\n<meta property=\"og:type\" content=\"article\" \/>\n<meta property=\"og:title\" content=\"Sos FANEX Ketchup \u0142agodny GRILL 01 do grilla du\u017ca butelka 1kg - Mix Market - Supermarket z wszystkim co potrzeba\" \/>\n<meta property=\"og:description\" content=\"Ketchup grill \u0142agodny 1000 g Grillowanie to jedna z najsmaczniejszych atrakcji wiosny i lata. Wzboga\u0107 j\u0105 o&nbsp;najlepszy ketchup&nbsp;do przygotowywanych na ruszcie mi\u0119s oraz warzyw \u2013&nbsp;Ketchup \u0142agodny&nbsp;do grillowania od marki Fanex. Bukiet zi\u00f3\u0142 u\u017cyty do jego przyprawienia gwarantuje niepowtarzalne doznania smakowe \u2013 podobnie jak pomidory, kt\u00f3re zosta\u0142y starannie wyselekcjonowane przez naszych pracownik\u00f3w. Konsystencja&nbsp;najlepszego ketchupu&nbsp;do grilla nie [&hellip;]\" \/>\n<meta property=\"og:url\" content=\"https:\/\/racom.com.pl\/index.php\/produkt\/sos-fanex-ketchup-lagodny-grill-01-do-grilla-duza-butelka-1kg\/\" \/>\n<meta property=\"og:site_name\" content=\"Mix Market - Supermarket z wszystkim co potrzeba\" \/>\n<meta property=\"og:image\" content=\"https:\/\/racom.com.pl\/wp-content\/uploads\/2025\/07\/allegro_687ab731a89689.23213769_336e2e4c43d3afcdeec5d8b91b4e.jpg\" \/>\n\t<meta property=\"og:image:width\" content=\"1046\" \/>\n\t<meta property=\"og:image:height\" content=\"877\" \/>\n\t<meta property=\"og:image:type\" content=\"image\/jpeg\" \/>\n<meta name=\"twitter:card\" content=\"summary_large_image\" \/>\n<meta name=\"twitter:label1\" content=\"Szacowany czas czytania\" \/>\n\t<meta name=\"twitter:data1\" content=\"1 minuta\" \/>\n<script type=\"application\/ld+json\" class=\"yoast-schema-graph\">{\"@context\":\"https:\\\/\\\/schema.org\",\"@graph\":[{\"@type\":\"WebPage\",\"@id\":\"https:\\\/\\\/racom.com.pl\\\/index.php\\\/produkt\\\/sos-fanex-ketchup-lagodny-grill-01-do-grilla-duza-butelka-1kg\\\/\",\"url\":\"https:\\\/\\\/racom.com.pl\\\/index.php\\\/produkt\\\/sos-fanex-ketchup-lagodny-grill-01-do-grilla-duza-butelka-1kg\\\/\",\"name\":\"Sos FANEX Ketchup \u0142agodny GRILL 01 do grilla du\u017ca butelka 1kg - Mix Market - Supermarket z wszystkim co potrzeba\",\"isPartOf\":{\"@id\":\"https:\\\/\\\/racom.com.pl\\\/#website\"},\"primaryImageOfPage\":{\"@id\":\"https:\\\/\\\/racom.com.pl\\\/index.php\\\/produkt\\\/sos-fanex-ketchup-lagodny-grill-01-do-grilla-duza-butelka-1kg\\\/#primaryimage\"},\"image\":{\"@id\":\"https:\\\/\\\/racom.com.pl\\\/index.php\\\/produkt\\\/sos-fanex-ketchup-lagodny-grill-01-do-grilla-duza-butelka-1kg\\\/#primaryimage\"},\"thumbnailUrl\":\"https:\\\/\\\/racom.com.pl\\\/wp-content\\\/uploads\\\/2025\\\/07\\\/allegro_687ab731a89689.23213769_336e2e4c43d3afcdeec5d8b91b4e.jpg\",\"datePublished\":\"2025-07-18T21:05:10+00:00\",\"breadcrumb\":{\"@id\":\"https:\\\/\\\/racom.com.pl\\\/index.php\\\/produkt\\\/sos-fanex-ketchup-lagodny-grill-01-do-grilla-duza-butelka-1kg\\\/#breadcrumb\"},\"inLanguage\":\"pl-PL\",\"potentialAction\":[{\"@type\":\"ReadAction\",\"target\":[\"https:\\\/\\\/racom.com.pl\\\/index.php\\\/produkt\\\/sos-fanex-ketchup-lagodny-grill-01-do-grilla-duza-butelka-1kg\\\/\"]}]},{\"@type\":\"ImageObject\",\"inLanguage\":\"pl-PL\",\"@id\":\"https:\\\/\\\/racom.com.pl\\\/index.php\\\/produkt\\\/sos-fanex-ketchup-lagodny-grill-01-do-grilla-duza-butelka-1kg\\\/#primaryimage\",\"url\":\"https:\\\/\\\/racom.com.pl\\\/wp-content\\\/uploads\\\/2025\\\/07\\\/allegro_687ab731a89689.23213769_336e2e4c43d3afcdeec5d8b91b4e.jpg\",\"contentUrl\":\"https:\\\/\\\/racom.com.pl\\\/wp-content\\\/uploads\\\/2025\\\/07\\\/allegro_687ab731a89689.23213769_336e2e4c43d3afcdeec5d8b91b4e.jpg\",\"width\":1046,\"height\":877},{\"@type\":\"BreadcrumbList\",\"@id\":\"https:\\\/\\\/racom.com.pl\\\/index.php\\\/produkt\\\/sos-fanex-ketchup-lagodny-grill-01-do-grilla-duza-butelka-1kg\\\/#breadcrumb\",\"itemListElement\":[{\"@type\":\"ListItem\",\"position\":1,\"name\":\"Strona g\u0142\u00f3wna\",\"item\":\"https:\\\/\\\/racom.com.pl\\\/\"},{\"@type\":\"ListItem\",\"position\":2,\"name\":\"Sklep\",\"item\":\"https:\\\/\\\/racom.com.pl\\\/\"},{\"@type\":\"ListItem\",\"position\":3,\"name\":\"Sos FANEX Ketchup \u0142agodny GRILL 01 do grilla du\u017ca butelka 1kg\"}]},{\"@type\":\"WebSite\",\"@id\":\"https:\\\/\\\/racom.com.pl\\\/#website\",\"url\":\"https:\\\/\\\/racom.com.pl\\\/\",\"name\":\"Mix Market - Supermarket z wszystkim co potrzeba do domu i nie tylko\",\"description\":\"\",\"publisher\":{\"@id\":\"https:\\\/\\\/racom.com.pl\\\/#organization\"},\"potentialAction\":[{\"@type\":\"SearchAction\",\"target\":{\"@type\":\"EntryPoint\",\"urlTemplate\":\"https:\\\/\\\/racom.com.pl\\\/?s={search_term_string}\"},\"query-input\":{\"@type\":\"PropertyValueSpecification\",\"valueRequired\":true,\"valueName\":\"search_term_string\"}}],\"inLanguage\":\"pl-PL\"},{\"@type\":\"Organization\",\"@id\":\"https:\\\/\\\/racom.com.pl\\\/#organization\",\"name\":\"Mix Market - Supermarket z wszystkim co potrzeba do domu i nie tylko\",\"url\":\"https:\\\/\\\/racom.com.pl\\\/\",\"logo\":{\"@type\":\"ImageObject\",\"inLanguage\":\"pl-PL\",\"@id\":\"https:\\\/\\\/racom.com.pl\\\/#\\\/schema\\\/logo\\\/image\\\/\",\"url\":\"https:\\\/\\\/racom.com.pl\\\/wp-content\\\/uploads\\\/2025\\\/07\\\/mixmarket_logo.png\",\"contentUrl\":\"https:\\\/\\\/racom.com.pl\\\/wp-content\\\/uploads\\\/2025\\\/07\\\/mixmarket_logo.png\",\"width\":1024,\"height\":1024,\"caption\":\"Mix Market - Supermarket z wszystkim co potrzeba do domu i nie tylko\"},\"image\":{\"@id\":\"https:\\\/\\\/racom.com.pl\\\/#\\\/schema\\\/logo\\\/image\\\/\"}}]}<\/script>\n<!-- \/ Yoast SEO plugin. -->","yoast_head_json":{"title":"Sos FANEX Ketchup \u0142agodny GRILL 01 do grilla du\u017ca butelka 1kg - Mix Market - Supermarket z wszystkim co potrzeba","robots":{"index":"index","follow":"follow","max-snippet":"max-snippet:-1","max-image-preview":"max-image-preview:large","max-video-preview":"max-video-preview:-1"},"canonical":"https:\/\/racom.com.pl\/index.php\/produkt\/sos-fanex-ketchup-lagodny-grill-01-do-grilla-duza-butelka-1kg\/","og_locale":"pl_PL","og_type":"article","og_title":"Sos FANEX Ketchup \u0142agodny GRILL 01 do grilla du\u017ca butelka 1kg - Mix Market - Supermarket z wszystkim co potrzeba","og_description":"Ketchup grill \u0142agodny 1000 g Grillowanie to jedna z najsmaczniejszych atrakcji wiosny i lata. Wzboga\u0107 j\u0105 o&nbsp;najlepszy ketchup&nbsp;do przygotowywanych na ruszcie mi\u0119s oraz warzyw \u2013&nbsp;Ketchup \u0142agodny&nbsp;do grillowania od marki Fanex. Bukiet zi\u00f3\u0142 u\u017cyty do jego przyprawienia gwarantuje niepowtarzalne doznania smakowe \u2013 podobnie jak pomidory, kt\u00f3re zosta\u0142y starannie wyselekcjonowane przez naszych pracownik\u00f3w. Konsystencja&nbsp;najlepszego ketchupu&nbsp;do grilla nie [&hellip;]","og_url":"https:\/\/racom.com.pl\/index.php\/produkt\/sos-fanex-ketchup-lagodny-grill-01-do-grilla-duza-butelka-1kg\/","og_site_name":"Mix Market - Supermarket z wszystkim co potrzeba","og_image":[{"width":1046,"height":877,"url":"https:\/\/racom.com.pl\/wp-content\/uploads\/2025\/07\/allegro_687ab731a89689.23213769_336e2e4c43d3afcdeec5d8b91b4e.jpg","type":"image\/jpeg"}],"twitter_card":"summary_large_image","twitter_misc":{"Szacowany czas czytania":"1 minuta"},"schema":{"@context":"https:\/\/schema.org","@graph":[{"@type":"WebPage","@id":"https:\/\/racom.com.pl\/index.php\/produkt\/sos-fanex-ketchup-lagodny-grill-01-do-grilla-duza-butelka-1kg\/","url":"https:\/\/racom.com.pl\/index.php\/produkt\/sos-fanex-ketchup-lagodny-grill-01-do-grilla-duza-butelka-1kg\/","name":"Sos FANEX Ketchup \u0142agodny GRILL 01 do grilla du\u017ca butelka 1kg - Mix Market - Supermarket z wszystkim co potrzeba","isPartOf":{"@id":"https:\/\/racom.com.pl\/#website"},"primaryImageOfPage":{"@id":"https:\/\/racom.com.pl\/index.php\/produkt\/sos-fanex-ketchup-lagodny-grill-01-do-grilla-duza-butelka-1kg\/#primaryimage"},"image":{"@id":"https:\/\/racom.com.pl\/index.php\/produkt\/sos-fanex-ketchup-lagodny-grill-01-do-grilla-duza-butelka-1kg\/#primaryimage"},"thumbnailUrl":"https:\/\/racom.com.pl\/wp-content\/uploads\/2025\/07\/allegro_687ab731a89689.23213769_336e2e4c43d3afcdeec5d8b91b4e.jpg","datePublished":"2025-07-18T21:05:10+00:00","breadcrumb":{"@id":"https:\/\/racom.com.pl\/index.php\/produkt\/sos-fanex-ketchup-lagodny-grill-01-do-grilla-duza-butelka-1kg\/#breadcrumb"},"inLanguage":"pl-PL","potentialAction":[{"@type":"ReadAction","target":["https:\/\/racom.com.pl\/index.php\/produkt\/sos-fanex-ketchup-lagodny-grill-01-do-grilla-duza-butelka-1kg\/"]}]},{"@type":"ImageObject","inLanguage":"pl-PL","@id":"https:\/\/racom.com.pl\/index.php\/produkt\/sos-fanex-ketchup-lagodny-grill-01-do-grilla-duza-butelka-1kg\/#primaryimage","url":"https:\/\/racom.com.pl\/wp-content\/uploads\/2025\/07\/allegro_687ab731a89689.23213769_336e2e4c43d3afcdeec5d8b91b4e.jpg","contentUrl":"https:\/\/racom.com.pl\/wp-content\/uploads\/2025\/07\/allegro_687ab731a89689.23213769_336e2e4c43d3afcdeec5d8b91b4e.jpg","width":1046,"height":877},{"@type":"BreadcrumbList","@id":"https:\/\/racom.com.pl\/index.php\/produkt\/sos-fanex-ketchup-lagodny-grill-01-do-grilla-duza-butelka-1kg\/#breadcrumb","itemListElement":[{"@type":"ListItem","position":1,"name":"Strona g\u0142\u00f3wna","item":"https:\/\/racom.com.pl\/"},{"@type":"ListItem","position":2,"name":"Sklep","item":"https:\/\/racom.com.pl\/"},{"@type":"ListItem","position":3,"name":"Sos FANEX Ketchup \u0142agodny GRILL 01 do grilla du\u017ca butelka 1kg"}]},{"@type":"WebSite","@id":"https:\/\/racom.com.pl\/#website","url":"https:\/\/racom.com.pl\/","name":"Mix Market - Supermarket z wszystkim co potrzeba do domu i nie tylko","description":"","publisher":{"@id":"https:\/\/racom.com.pl\/#organization"},"potentialAction":[{"@type":"SearchAction","target":{"@type":"EntryPoint","urlTemplate":"https:\/\/racom.com.pl\/?s={search_term_string}"},"query-input":{"@type":"PropertyValueSpecification","valueRequired":true,"valueName":"search_term_string"}}],"inLanguage":"pl-PL"},{"@type":"Organization","@id":"https:\/\/racom.com.pl\/#organization","name":"Mix Market - Supermarket z wszystkim co potrzeba do domu i nie tylko","url":"https:\/\/racom.com.pl\/","logo":{"@type":"ImageObject","inLanguage":"pl-PL","@id":"https:\/\/racom.com.pl\/#\/schema\/logo\/image\/","url":"https:\/\/racom.com.pl\/wp-content\/uploads\/2025\/07\/mixmarket_logo.png","contentUrl":"https:\/\/racom.com.pl\/wp-content\/uploads\/2025\/07\/mixmarket_logo.png","width":1024,"height":1024,"caption":"Mix Market - Supermarket z wszystkim co potrzeba do domu i nie tylko"},"image":{"@id":"https:\/\/racom.com.pl\/#\/schema\/logo\/image\/"}}]}},"_links":{"self":[{"href":"https:\/\/racom.com.pl\/index.php\/wp-json\/wp\/v2\/product\/2422","targetHints":{"allow":["GET"]}}],"collection":[{"href":"https:\/\/racom.com.pl\/index.php\/wp-json\/wp\/v2\/product"}],"about":[{"href":"https:\/\/racom.com.pl\/index.php\/wp-json\/wp\/v2\/types\/product"}],"replies":[{"embeddable":true,"href":"https:\/\/racom.com.pl\/index.php\/wp-json\/wp\/v2\/comments?post=2422"}],"wp:featuredmedia":[{"embeddable":true,"href":"https:\/\/racom.com.pl\/index.php\/wp-json\/wp\/v2\/media\/2426"}],"wp:attachment":[{"href":"https:\/\/racom.com.pl\/index.php\/wp-json\/wp\/v2\/media?parent=2422"}],"wp:term":[{"taxonomy":"product_brand","embeddable":true,"href":"https:\/\/racom.com.pl\/index.php\/wp-json\/wp\/v2\/product_brand?post=2422"},{"taxonomy":"product_cat","embeddable":true,"href":"https:\/\/racom.com.pl\/index.php\/wp-json\/wp\/v2\/product_cat?post=2422"},{"taxonomy":"product_tag","embeddable":true,"href":"https:\/\/racom.com.pl\/index.php\/wp-json\/wp\/v2\/product_tag?post=2422"}],"curies":[{"name":"wp","href":"https:\/\/api.w.org\/{rel}","templated":true}]}}