{"id":2427,"date":"2025-07-18T23:06:01","date_gmt":"2025-07-18T21:06:01","guid":{"rendered":"http:\/\/192.168.2.106\/index.php\/produkt\/ketchup-lagodny-pomidorowy-fanex-vii-premium-butelka-szklana-580-g\/"},"modified":"2025-07-18T23:06:01","modified_gmt":"2025-07-18T21:06:01","slug":"ketchup-lagodny-pomidorowy-fanex-vii-premium-butelka-szklana-580-g","status":"publish","type":"product","link":"https:\/\/racom.com.pl\/index.php\/produkt\/ketchup-lagodny-pomidorowy-fanex-vii-premium-butelka-szklana-580-g\/","title":{"rendered":"Ketchup \u0142agodny pomidorowy FANEX VII PREMIUM butelka szklana 580 g"},"content":{"rendered":"<h2>Fanex Ketchup nr VII 580 g<\/h2>\n<p><b>Fanex Ketchup nr VII<\/b><\/p>\n<p><b>Opis Produktu<\/b><\/p>\n<p>Ketchup nr VII Fanex to doskona\u0142y dodatek do zapiekanek, frytek, hamburger\u00f3w, hot dog\u00f3w oraz innych potraw.<\/p>\n<p><b>Marka standaryzowana: <\/b>Fanex<\/p>\n<p><b>Jednostka opisowa: <\/b>580 g<\/p>\n<p><b>Zdrowie i styl \u017cycia<\/b><\/p>\n<p><b>Sk\u0142adniki:<\/b>&nbsp;koncentrat pomidorowy (78%, co odpowiada 200 g \u015bwie\u017cych pomidor\u00f3w na ka\u017cde 100 g ketchupu), woda, cukier, ocet spirytusowy, s\u00f3l, skrobia modyfikowana, mieszanka przypraw, substancje zag\u0119szczaj\u0105ce (guma guar, guma ksantanowa), regulator kwasowo\u015bci (kwas cytrynowy), aromat<\/p>\n<p><b>Pozostale informacje:&nbsp;<\/b>Jedna porcja (15 g) dostarcza: energia 94 kJ\/22 kcal 1%*, w 100 g: 626 kJ\/147 kcal, *RWS: Referencyjna warto\u015b\u0107 spo\u017cycia dla przeci\u0119tnej osoby doros\u0142ej (8 400 kJ\/2 000 kcal).<\/p>\n<p><b>Zdrowie i styl \u017cycia<\/b><\/p>\n<p><b>Sk\u0142adniki:<\/b>&nbsp;koncentrat pomidorowy (78%, co odpowiada 200 g \u015bwie\u017cych pomidor\u00f3w na ka\u017cde 100 g ketchupu), woda, cukier, ocet spirytusowy, s\u00f3l, skrobia modyfikowana, mieszanka przypraw, substancje zag\u0119szczaj\u0105ce (guma guar, guma ksantanowa), regulator kwasowo\u015bci (kwas cytrynowy), aromat<\/p>\n<p><b>Pozostale informacje:&nbsp;<\/b>Jedna porcja (15 g) dostarcza: energia 94 kJ\/22 kcal 1%*, w 100 g: 626 kJ\/147 kcal, *RWS: Referencyjna warto\u015b\u0107 spo\u017cycia dla przeci\u0119tnej osoby doros\u0142ej (8 400 kJ\/2 000 kcal).<\/p>\n","protected":false},"excerpt":{"rendered":"<p>Fanex Ketchup nr VII 580 g Fanex Ketchup nr VII Opis Produktu Ketchup nr VII Fanex to doskona\u0142y dodatek do zapiekanek, frytek, hamburger\u00f3w, hot dog\u00f3w oraz innych potraw. Marka standaryzowana: Fanex Jednostka opisowa: 580 g Zdrowie i styl \u017cycia Sk\u0142adniki:&nbsp;koncentrat pomidorowy (78%, co odpowiada 200 g \u015bwie\u017cych pomidor\u00f3w na ka\u017cde 100 g ketchupu), woda, cukier, [&hellip;]<\/p>\n","protected":false},"featured_media":2430,"comment_status":"open","ping_status":"closed","template":"","meta":[],"product_brand":[110],"product_cat":[109],"product_tag":[],"class_list":{"0":"post-2427","1":"product","2":"type-product","3":"status-publish","4":"has-post-thumbnail","6":"product_brand-fanex","7":"product_cat-sosy-kanapkowe-i-dressingi","9":"first","10":"instock","11":"taxable","12":"shipping-taxable","13":"purchasable","14":"product-type-simple"},"yoast_head":"<!-- This site is optimized with the Yoast SEO plugin v27.3 - https:\/\/yoast.com\/product\/yoast-seo-wordpress\/ -->\n<title>Ketchup \u0142agodny pomidorowy FANEX VII PREMIUM butelka szklana 580 g - Mix Market - Supermarket z wszystkim co potrzeba<\/title>\n<meta name=\"robots\" content=\"index, follow, max-snippet:-1, max-image-preview:large, max-video-preview:-1\" \/>\n<link rel=\"canonical\" href=\"https:\/\/racom.com.pl\/index.php\/produkt\/ketchup-lagodny-pomidorowy-fanex-vii-premium-butelka-szklana-580-g\/\" \/>\n<meta property=\"og:locale\" content=\"pl_PL\" \/>\n<meta property=\"og:type\" content=\"article\" \/>\n<meta property=\"og:title\" content=\"Ketchup \u0142agodny pomidorowy FANEX VII PREMIUM butelka szklana 580 g - Mix Market - Supermarket z wszystkim co potrzeba\" \/>\n<meta property=\"og:description\" content=\"Fanex Ketchup nr VII 580 g Fanex Ketchup nr VII Opis Produktu Ketchup nr VII Fanex to doskona\u0142y dodatek do zapiekanek, frytek, hamburger\u00f3w, hot dog\u00f3w oraz innych potraw. Marka standaryzowana: Fanex Jednostka opisowa: 580 g Zdrowie i styl \u017cycia Sk\u0142adniki:&nbsp;koncentrat pomidorowy (78%, co odpowiada 200 g \u015bwie\u017cych pomidor\u00f3w na ka\u017cde 100 g ketchupu), woda, cukier, [&hellip;]\" \/>\n<meta property=\"og:url\" content=\"https:\/\/racom.com.pl\/index.php\/produkt\/ketchup-lagodny-pomidorowy-fanex-vii-premium-butelka-szklana-580-g\/\" \/>\n<meta property=\"og:site_name\" content=\"Mix Market - Supermarket z wszystkim co potrzeba\" \/>\n<meta property=\"og:image\" content=\"https:\/\/racom.com.pl\/wp-content\/uploads\/2025\/07\/allegro_687ab7552ec008.13629548_42afc4fd4b00805a62a62af1c906.jpg\" \/>\n\t<meta property=\"og:image:width\" content=\"2365\" \/>\n\t<meta property=\"og:image:height\" content=\"2365\" \/>\n\t<meta property=\"og:image:type\" content=\"image\/jpeg\" \/>\n<meta name=\"twitter:card\" content=\"summary_large_image\" \/>\n<meta name=\"twitter:label1\" content=\"Szacowany czas czytania\" \/>\n\t<meta name=\"twitter:data1\" content=\"1 minuta\" \/>\n<script type=\"application\/ld+json\" class=\"yoast-schema-graph\">{\"@context\":\"https:\\\/\\\/schema.org\",\"@graph\":[{\"@type\":\"WebPage\",\"@id\":\"https:\\\/\\\/racom.com.pl\\\/index.php\\\/produkt\\\/ketchup-lagodny-pomidorowy-fanex-vii-premium-butelka-szklana-580-g\\\/\",\"url\":\"https:\\\/\\\/racom.com.pl\\\/index.php\\\/produkt\\\/ketchup-lagodny-pomidorowy-fanex-vii-premium-butelka-szklana-580-g\\\/\",\"name\":\"Ketchup \u0142agodny pomidorowy FANEX VII PREMIUM butelka szklana 580 g - Mix Market - Supermarket z wszystkim co potrzeba\",\"isPartOf\":{\"@id\":\"https:\\\/\\\/racom.com.pl\\\/#website\"},\"primaryImageOfPage\":{\"@id\":\"https:\\\/\\\/racom.com.pl\\\/index.php\\\/produkt\\\/ketchup-lagodny-pomidorowy-fanex-vii-premium-butelka-szklana-580-g\\\/#primaryimage\"},\"image\":{\"@id\":\"https:\\\/\\\/racom.com.pl\\\/index.php\\\/produkt\\\/ketchup-lagodny-pomidorowy-fanex-vii-premium-butelka-szklana-580-g\\\/#primaryimage\"},\"thumbnailUrl\":\"https:\\\/\\\/racom.com.pl\\\/wp-content\\\/uploads\\\/2025\\\/07\\\/allegro_687ab7552ec008.13629548_42afc4fd4b00805a62a62af1c906.jpg\",\"datePublished\":\"2025-07-18T21:06:01+00:00\",\"breadcrumb\":{\"@id\":\"https:\\\/\\\/racom.com.pl\\\/index.php\\\/produkt\\\/ketchup-lagodny-pomidorowy-fanex-vii-premium-butelka-szklana-580-g\\\/#breadcrumb\"},\"inLanguage\":\"pl-PL\",\"potentialAction\":[{\"@type\":\"ReadAction\",\"target\":[\"https:\\\/\\\/racom.com.pl\\\/index.php\\\/produkt\\\/ketchup-lagodny-pomidorowy-fanex-vii-premium-butelka-szklana-580-g\\\/\"]}]},{\"@type\":\"ImageObject\",\"inLanguage\":\"pl-PL\",\"@id\":\"https:\\\/\\\/racom.com.pl\\\/index.php\\\/produkt\\\/ketchup-lagodny-pomidorowy-fanex-vii-premium-butelka-szklana-580-g\\\/#primaryimage\",\"url\":\"https:\\\/\\\/racom.com.pl\\\/wp-content\\\/uploads\\\/2025\\\/07\\\/allegro_687ab7552ec008.13629548_42afc4fd4b00805a62a62af1c906.jpg\",\"contentUrl\":\"https:\\\/\\\/racom.com.pl\\\/wp-content\\\/uploads\\\/2025\\\/07\\\/allegro_687ab7552ec008.13629548_42afc4fd4b00805a62a62af1c906.jpg\",\"width\":2365,\"height\":2365},{\"@type\":\"BreadcrumbList\",\"@id\":\"https:\\\/\\\/racom.com.pl\\\/index.php\\\/produkt\\\/ketchup-lagodny-pomidorowy-fanex-vii-premium-butelka-szklana-580-g\\\/#breadcrumb\",\"itemListElement\":[{\"@type\":\"ListItem\",\"position\":1,\"name\":\"Strona g\u0142\u00f3wna\",\"item\":\"https:\\\/\\\/racom.com.pl\\\/\"},{\"@type\":\"ListItem\",\"position\":2,\"name\":\"Sklep\",\"item\":\"https:\\\/\\\/racom.com.pl\\\/\"},{\"@type\":\"ListItem\",\"position\":3,\"name\":\"Ketchup \u0142agodny pomidorowy FANEX VII PREMIUM butelka szklana 580 g\"}]},{\"@type\":\"WebSite\",\"@id\":\"https:\\\/\\\/racom.com.pl\\\/#website\",\"url\":\"https:\\\/\\\/racom.com.pl\\\/\",\"name\":\"Mix Market - Supermarket z wszystkim co potrzeba do domu i nie tylko\",\"description\":\"\",\"publisher\":{\"@id\":\"https:\\\/\\\/racom.com.pl\\\/#organization\"},\"potentialAction\":[{\"@type\":\"SearchAction\",\"target\":{\"@type\":\"EntryPoint\",\"urlTemplate\":\"https:\\\/\\\/racom.com.pl\\\/?s={search_term_string}\"},\"query-input\":{\"@type\":\"PropertyValueSpecification\",\"valueRequired\":true,\"valueName\":\"search_term_string\"}}],\"inLanguage\":\"pl-PL\"},{\"@type\":\"Organization\",\"@id\":\"https:\\\/\\\/racom.com.pl\\\/#organization\",\"name\":\"Mix Market - Supermarket z wszystkim co potrzeba do domu i nie tylko\",\"url\":\"https:\\\/\\\/racom.com.pl\\\/\",\"logo\":{\"@type\":\"ImageObject\",\"inLanguage\":\"pl-PL\",\"@id\":\"https:\\\/\\\/racom.com.pl\\\/#\\\/schema\\\/logo\\\/image\\\/\",\"url\":\"https:\\\/\\\/racom.com.pl\\\/wp-content\\\/uploads\\\/2025\\\/07\\\/mixmarket_logo.png\",\"contentUrl\":\"https:\\\/\\\/racom.com.pl\\\/wp-content\\\/uploads\\\/2025\\\/07\\\/mixmarket_logo.png\",\"width\":1024,\"height\":1024,\"caption\":\"Mix Market - Supermarket z wszystkim co potrzeba do domu i nie tylko\"},\"image\":{\"@id\":\"https:\\\/\\\/racom.com.pl\\\/#\\\/schema\\\/logo\\\/image\\\/\"}}]}<\/script>\n<!-- \/ Yoast SEO plugin. -->","yoast_head_json":{"title":"Ketchup \u0142agodny pomidorowy FANEX VII PREMIUM butelka szklana 580 g - Mix Market - Supermarket z wszystkim co potrzeba","robots":{"index":"index","follow":"follow","max-snippet":"max-snippet:-1","max-image-preview":"max-image-preview:large","max-video-preview":"max-video-preview:-1"},"canonical":"https:\/\/racom.com.pl\/index.php\/produkt\/ketchup-lagodny-pomidorowy-fanex-vii-premium-butelka-szklana-580-g\/","og_locale":"pl_PL","og_type":"article","og_title":"Ketchup \u0142agodny pomidorowy FANEX VII PREMIUM butelka szklana 580 g - Mix Market - Supermarket z wszystkim co potrzeba","og_description":"Fanex Ketchup nr VII 580 g Fanex Ketchup nr VII Opis Produktu Ketchup nr VII Fanex to doskona\u0142y dodatek do zapiekanek, frytek, hamburger\u00f3w, hot dog\u00f3w oraz innych potraw. Marka standaryzowana: Fanex Jednostka opisowa: 580 g Zdrowie i styl \u017cycia Sk\u0142adniki:&nbsp;koncentrat pomidorowy (78%, co odpowiada 200 g \u015bwie\u017cych pomidor\u00f3w na ka\u017cde 100 g ketchupu), woda, cukier, [&hellip;]","og_url":"https:\/\/racom.com.pl\/index.php\/produkt\/ketchup-lagodny-pomidorowy-fanex-vii-premium-butelka-szklana-580-g\/","og_site_name":"Mix Market - Supermarket z wszystkim co potrzeba","og_image":[{"width":2365,"height":2365,"url":"https:\/\/racom.com.pl\/wp-content\/uploads\/2025\/07\/allegro_687ab7552ec008.13629548_42afc4fd4b00805a62a62af1c906.jpg","type":"image\/jpeg"}],"twitter_card":"summary_large_image","twitter_misc":{"Szacowany czas czytania":"1 minuta"},"schema":{"@context":"https:\/\/schema.org","@graph":[{"@type":"WebPage","@id":"https:\/\/racom.com.pl\/index.php\/produkt\/ketchup-lagodny-pomidorowy-fanex-vii-premium-butelka-szklana-580-g\/","url":"https:\/\/racom.com.pl\/index.php\/produkt\/ketchup-lagodny-pomidorowy-fanex-vii-premium-butelka-szklana-580-g\/","name":"Ketchup \u0142agodny pomidorowy FANEX VII PREMIUM butelka szklana 580 g - Mix Market - Supermarket z wszystkim co potrzeba","isPartOf":{"@id":"https:\/\/racom.com.pl\/#website"},"primaryImageOfPage":{"@id":"https:\/\/racom.com.pl\/index.php\/produkt\/ketchup-lagodny-pomidorowy-fanex-vii-premium-butelka-szklana-580-g\/#primaryimage"},"image":{"@id":"https:\/\/racom.com.pl\/index.php\/produkt\/ketchup-lagodny-pomidorowy-fanex-vii-premium-butelka-szklana-580-g\/#primaryimage"},"thumbnailUrl":"https:\/\/racom.com.pl\/wp-content\/uploads\/2025\/07\/allegro_687ab7552ec008.13629548_42afc4fd4b00805a62a62af1c906.jpg","datePublished":"2025-07-18T21:06:01+00:00","breadcrumb":{"@id":"https:\/\/racom.com.pl\/index.php\/produkt\/ketchup-lagodny-pomidorowy-fanex-vii-premium-butelka-szklana-580-g\/#breadcrumb"},"inLanguage":"pl-PL","potentialAction":[{"@type":"ReadAction","target":["https:\/\/racom.com.pl\/index.php\/produkt\/ketchup-lagodny-pomidorowy-fanex-vii-premium-butelka-szklana-580-g\/"]}]},{"@type":"ImageObject","inLanguage":"pl-PL","@id":"https:\/\/racom.com.pl\/index.php\/produkt\/ketchup-lagodny-pomidorowy-fanex-vii-premium-butelka-szklana-580-g\/#primaryimage","url":"https:\/\/racom.com.pl\/wp-content\/uploads\/2025\/07\/allegro_687ab7552ec008.13629548_42afc4fd4b00805a62a62af1c906.jpg","contentUrl":"https:\/\/racom.com.pl\/wp-content\/uploads\/2025\/07\/allegro_687ab7552ec008.13629548_42afc4fd4b00805a62a62af1c906.jpg","width":2365,"height":2365},{"@type":"BreadcrumbList","@id":"https:\/\/racom.com.pl\/index.php\/produkt\/ketchup-lagodny-pomidorowy-fanex-vii-premium-butelka-szklana-580-g\/#breadcrumb","itemListElement":[{"@type":"ListItem","position":1,"name":"Strona g\u0142\u00f3wna","item":"https:\/\/racom.com.pl\/"},{"@type":"ListItem","position":2,"name":"Sklep","item":"https:\/\/racom.com.pl\/"},{"@type":"ListItem","position":3,"name":"Ketchup \u0142agodny pomidorowy FANEX VII PREMIUM butelka szklana 580 g"}]},{"@type":"WebSite","@id":"https:\/\/racom.com.pl\/#website","url":"https:\/\/racom.com.pl\/","name":"Mix Market - Supermarket z wszystkim co potrzeba do domu i nie tylko","description":"","publisher":{"@id":"https:\/\/racom.com.pl\/#organization"},"potentialAction":[{"@type":"SearchAction","target":{"@type":"EntryPoint","urlTemplate":"https:\/\/racom.com.pl\/?s={search_term_string}"},"query-input":{"@type":"PropertyValueSpecification","valueRequired":true,"valueName":"search_term_string"}}],"inLanguage":"pl-PL"},{"@type":"Organization","@id":"https:\/\/racom.com.pl\/#organization","name":"Mix Market - Supermarket z wszystkim co potrzeba do domu i nie tylko","url":"https:\/\/racom.com.pl\/","logo":{"@type":"ImageObject","inLanguage":"pl-PL","@id":"https:\/\/racom.com.pl\/#\/schema\/logo\/image\/","url":"https:\/\/racom.com.pl\/wp-content\/uploads\/2025\/07\/mixmarket_logo.png","contentUrl":"https:\/\/racom.com.pl\/wp-content\/uploads\/2025\/07\/mixmarket_logo.png","width":1024,"height":1024,"caption":"Mix Market - Supermarket z wszystkim co potrzeba do domu i nie tylko"},"image":{"@id":"https:\/\/racom.com.pl\/#\/schema\/logo\/image\/"}}]}},"_links":{"self":[{"href":"https:\/\/racom.com.pl\/index.php\/wp-json\/wp\/v2\/product\/2427","targetHints":{"allow":["GET"]}}],"collection":[{"href":"https:\/\/racom.com.pl\/index.php\/wp-json\/wp\/v2\/product"}],"about":[{"href":"https:\/\/racom.com.pl\/index.php\/wp-json\/wp\/v2\/types\/product"}],"replies":[{"embeddable":true,"href":"https:\/\/racom.com.pl\/index.php\/wp-json\/wp\/v2\/comments?post=2427"}],"wp:featuredmedia":[{"embeddable":true,"href":"https:\/\/racom.com.pl\/index.php\/wp-json\/wp\/v2\/media\/2430"}],"wp:attachment":[{"href":"https:\/\/racom.com.pl\/index.php\/wp-json\/wp\/v2\/media?parent=2427"}],"wp:term":[{"taxonomy":"product_brand","embeddable":true,"href":"https:\/\/racom.com.pl\/index.php\/wp-json\/wp\/v2\/product_brand?post=2427"},{"taxonomy":"product_cat","embeddable":true,"href":"https:\/\/racom.com.pl\/index.php\/wp-json\/wp\/v2\/product_cat?post=2427"},{"taxonomy":"product_tag","embeddable":true,"href":"https:\/\/racom.com.pl\/index.php\/wp-json\/wp\/v2\/product_tag?post=2427"}],"curies":[{"name":"wp","href":"https:\/\/api.w.org\/{rel}","templated":true}]}}