{"id":2431,"date":"2025-07-18T23:06:42","date_gmt":"2025-07-18T21:06:42","guid":{"rendered":"http:\/\/192.168.2.106\/index.php\/produkt\/majonez-dekoracyjny-kremowy-fanex-wiaderko-do-gastronomii-2-8kg\/"},"modified":"2025-07-18T23:06:42","modified_gmt":"2025-07-18T21:06:42","slug":"majonez-dekoracyjny-kremowy-fanex-wiaderko-do-gastronomii-2-8kg","status":"publish","type":"product","link":"https:\/\/racom.com.pl\/index.php\/produkt\/majonez-dekoracyjny-kremowy-fanex-wiaderko-do-gastronomii-2-8kg\/","title":{"rendered":"Majonez dekoracyjny kremowy Fanex WIADERKO do gastronomii 2.8KG"},"content":{"rendered":"<h2>Fanex Majonez dekoracyjny 2,8 kg<\/h2>\n<h2>FANEX<\/h2>\n<p>Sztuka tworzenia smaku<\/p>\n<p>Smak le\u017cy u podstaw wszystkiego, co robimy. Naszym celem jest sprawienie, aby by\u0142 tak bliski doskona\u0142o\u015bci, jak to mo\u017cliwe.<\/p>\n<p>Spos\u00f3b przechowywania: Przechowywa\u0107 w temperaturze otoczenia<\/p>\n<p>Termin wa\u017cno\u015bci: Przechowywa\u0107 w temperaturze pokojowej.<\/p>\n<p>Sk\u0142ad produktu: olej rzepakowy. woda. cukier. \u017c\u00f3\u0142tko jaja w proszku. ocet spirytusowy. musztarda (woda, gorczyca, ocet spirytusowy, cukier, s\u00f3l, przyprawy). s\u00f3l. skrobia modyfikowana. regulator kwasowo\u015bci (kwas mlekowy). substancje zag\u0119szczaj\u0105ce (guma guar, guma ksantanowa). barwnik (karoteny). przeciwutleniacz (s\u00f3l wapniowo-disodowa EDTA)<\/p>\n<p>Warto\u015b\u0107 od\u017cywcza produktu w 100 g<\/p>\n<p>Warto\u015b\u0107 energetyczna 2697 kJ \/ 655 kcal<\/p>\n<p>T\u0142uszcz 71 g<\/p>\n<p>W tym kwasy t\u0142uszczowe nasycone 5,5 g<\/p>\n<p>W\u0119glowodany 4,0 g<\/p>\n<p>W tym cukry 3,2 g<\/p>\n<p>Bia\u0142ko 0,9 g<\/p>\n<p>S\u00f3l 1,0 g<\/p>\n","protected":false},"excerpt":{"rendered":"<p>Fanex Majonez dekoracyjny 2,8 kg FANEX Sztuka tworzenia smaku Smak le\u017cy u podstaw wszystkiego, co robimy. Naszym celem jest sprawienie, aby by\u0142 tak bliski doskona\u0142o\u015bci, jak to mo\u017cliwe. Spos\u00f3b przechowywania: Przechowywa\u0107 w temperaturze otoczenia Termin wa\u017cno\u015bci: Przechowywa\u0107 w temperaturze pokojowej. Sk\u0142ad produktu: olej rzepakowy. woda. cukier. \u017c\u00f3\u0142tko jaja w proszku. ocet spirytusowy. musztarda (woda, gorczyca, [&hellip;]<\/p>\n","protected":false},"featured_media":2434,"comment_status":"open","ping_status":"closed","template":"","meta":[],"product_brand":[110],"product_cat":[109],"product_tag":[],"class_list":{"0":"post-2431","1":"product","2":"type-product","3":"status-publish","4":"has-post-thumbnail","6":"product_brand-fanex","7":"product_cat-sosy-kanapkowe-i-dressingi","9":"first","10":"instock","11":"taxable","12":"shipping-taxable","13":"purchasable","14":"product-type-simple"},"yoast_head":"<!-- This site is optimized with the Yoast SEO plugin v27.3 - https:\/\/yoast.com\/product\/yoast-seo-wordpress\/ -->\n<title>Majonez dekoracyjny kremowy Fanex WIADERKO do gastronomii 2.8KG - Mix Market - Supermarket z wszystkim co potrzeba<\/title>\n<meta name=\"robots\" content=\"index, follow, max-snippet:-1, max-image-preview:large, max-video-preview:-1\" \/>\n<link rel=\"canonical\" href=\"https:\/\/racom.com.pl\/index.php\/produkt\/majonez-dekoracyjny-kremowy-fanex-wiaderko-do-gastronomii-2-8kg\/\" \/>\n<meta property=\"og:locale\" content=\"pl_PL\" \/>\n<meta property=\"og:type\" content=\"article\" \/>\n<meta property=\"og:title\" content=\"Majonez dekoracyjny kremowy Fanex WIADERKO do gastronomii 2.8KG - Mix Market - Supermarket z wszystkim co potrzeba\" \/>\n<meta property=\"og:description\" content=\"Fanex Majonez dekoracyjny 2,8 kg FANEX Sztuka tworzenia smaku Smak le\u017cy u podstaw wszystkiego, co robimy. Naszym celem jest sprawienie, aby by\u0142 tak bliski doskona\u0142o\u015bci, jak to mo\u017cliwe. Spos\u00f3b przechowywania: Przechowywa\u0107 w temperaturze otoczenia Termin wa\u017cno\u015bci: Przechowywa\u0107 w temperaturze pokojowej. Sk\u0142ad produktu: olej rzepakowy. woda. cukier. \u017c\u00f3\u0142tko jaja w proszku. ocet spirytusowy. musztarda (woda, gorczyca, [&hellip;]\" \/>\n<meta property=\"og:url\" content=\"https:\/\/racom.com.pl\/index.php\/produkt\/majonez-dekoracyjny-kremowy-fanex-wiaderko-do-gastronomii-2-8kg\/\" \/>\n<meta property=\"og:site_name\" content=\"Mix Market - Supermarket z wszystkim co potrzeba\" \/>\n<meta property=\"og:image\" content=\"https:\/\/racom.com.pl\/wp-content\/uploads\/2025\/07\/allegro_687ab76cac1dc1.45307522_ba9268794bde8d124562dd1f02fa.jpg\" \/>\n\t<meta property=\"og:image:width\" content=\"498\" \/>\n\t<meta property=\"og:image:height\" content=\"865\" \/>\n\t<meta property=\"og:image:type\" content=\"image\/jpeg\" \/>\n<meta name=\"twitter:card\" content=\"summary_large_image\" \/>\n<meta name=\"twitter:label1\" content=\"Szacowany czas czytania\" \/>\n\t<meta name=\"twitter:data1\" content=\"1 minuta\" \/>\n<script type=\"application\/ld+json\" class=\"yoast-schema-graph\">{\"@context\":\"https:\\\/\\\/schema.org\",\"@graph\":[{\"@type\":\"WebPage\",\"@id\":\"https:\\\/\\\/racom.com.pl\\\/index.php\\\/produkt\\\/majonez-dekoracyjny-kremowy-fanex-wiaderko-do-gastronomii-2-8kg\\\/\",\"url\":\"https:\\\/\\\/racom.com.pl\\\/index.php\\\/produkt\\\/majonez-dekoracyjny-kremowy-fanex-wiaderko-do-gastronomii-2-8kg\\\/\",\"name\":\"Majonez dekoracyjny kremowy Fanex WIADERKO do gastronomii 2.8KG - Mix Market - Supermarket z wszystkim co potrzeba\",\"isPartOf\":{\"@id\":\"https:\\\/\\\/racom.com.pl\\\/#website\"},\"primaryImageOfPage\":{\"@id\":\"https:\\\/\\\/racom.com.pl\\\/index.php\\\/produkt\\\/majonez-dekoracyjny-kremowy-fanex-wiaderko-do-gastronomii-2-8kg\\\/#primaryimage\"},\"image\":{\"@id\":\"https:\\\/\\\/racom.com.pl\\\/index.php\\\/produkt\\\/majonez-dekoracyjny-kremowy-fanex-wiaderko-do-gastronomii-2-8kg\\\/#primaryimage\"},\"thumbnailUrl\":\"https:\\\/\\\/racom.com.pl\\\/wp-content\\\/uploads\\\/2025\\\/07\\\/allegro_687ab76cac1dc1.45307522_ba9268794bde8d124562dd1f02fa.jpg\",\"datePublished\":\"2025-07-18T21:06:42+00:00\",\"breadcrumb\":{\"@id\":\"https:\\\/\\\/racom.com.pl\\\/index.php\\\/produkt\\\/majonez-dekoracyjny-kremowy-fanex-wiaderko-do-gastronomii-2-8kg\\\/#breadcrumb\"},\"inLanguage\":\"pl-PL\",\"potentialAction\":[{\"@type\":\"ReadAction\",\"target\":[\"https:\\\/\\\/racom.com.pl\\\/index.php\\\/produkt\\\/majonez-dekoracyjny-kremowy-fanex-wiaderko-do-gastronomii-2-8kg\\\/\"]}]},{\"@type\":\"ImageObject\",\"inLanguage\":\"pl-PL\",\"@id\":\"https:\\\/\\\/racom.com.pl\\\/index.php\\\/produkt\\\/majonez-dekoracyjny-kremowy-fanex-wiaderko-do-gastronomii-2-8kg\\\/#primaryimage\",\"url\":\"https:\\\/\\\/racom.com.pl\\\/wp-content\\\/uploads\\\/2025\\\/07\\\/allegro_687ab76cac1dc1.45307522_ba9268794bde8d124562dd1f02fa.jpg\",\"contentUrl\":\"https:\\\/\\\/racom.com.pl\\\/wp-content\\\/uploads\\\/2025\\\/07\\\/allegro_687ab76cac1dc1.45307522_ba9268794bde8d124562dd1f02fa.jpg\",\"width\":498,\"height\":865},{\"@type\":\"BreadcrumbList\",\"@id\":\"https:\\\/\\\/racom.com.pl\\\/index.php\\\/produkt\\\/majonez-dekoracyjny-kremowy-fanex-wiaderko-do-gastronomii-2-8kg\\\/#breadcrumb\",\"itemListElement\":[{\"@type\":\"ListItem\",\"position\":1,\"name\":\"Strona g\u0142\u00f3wna\",\"item\":\"https:\\\/\\\/racom.com.pl\\\/\"},{\"@type\":\"ListItem\",\"position\":2,\"name\":\"Sklep\",\"item\":\"https:\\\/\\\/racom.com.pl\\\/\"},{\"@type\":\"ListItem\",\"position\":3,\"name\":\"Majonez dekoracyjny kremowy Fanex WIADERKO do gastronomii 2.8KG\"}]},{\"@type\":\"WebSite\",\"@id\":\"https:\\\/\\\/racom.com.pl\\\/#website\",\"url\":\"https:\\\/\\\/racom.com.pl\\\/\",\"name\":\"Mix Market - Supermarket z wszystkim co potrzeba do domu i nie tylko\",\"description\":\"\",\"publisher\":{\"@id\":\"https:\\\/\\\/racom.com.pl\\\/#organization\"},\"potentialAction\":[{\"@type\":\"SearchAction\",\"target\":{\"@type\":\"EntryPoint\",\"urlTemplate\":\"https:\\\/\\\/racom.com.pl\\\/?s={search_term_string}\"},\"query-input\":{\"@type\":\"PropertyValueSpecification\",\"valueRequired\":true,\"valueName\":\"search_term_string\"}}],\"inLanguage\":\"pl-PL\"},{\"@type\":\"Organization\",\"@id\":\"https:\\\/\\\/racom.com.pl\\\/#organization\",\"name\":\"Mix Market - Supermarket z wszystkim co potrzeba do domu i nie tylko\",\"url\":\"https:\\\/\\\/racom.com.pl\\\/\",\"logo\":{\"@type\":\"ImageObject\",\"inLanguage\":\"pl-PL\",\"@id\":\"https:\\\/\\\/racom.com.pl\\\/#\\\/schema\\\/logo\\\/image\\\/\",\"url\":\"https:\\\/\\\/racom.com.pl\\\/wp-content\\\/uploads\\\/2025\\\/07\\\/mixmarket_logo.png\",\"contentUrl\":\"https:\\\/\\\/racom.com.pl\\\/wp-content\\\/uploads\\\/2025\\\/07\\\/mixmarket_logo.png\",\"width\":1024,\"height\":1024,\"caption\":\"Mix Market - Supermarket z wszystkim co potrzeba do domu i nie tylko\"},\"image\":{\"@id\":\"https:\\\/\\\/racom.com.pl\\\/#\\\/schema\\\/logo\\\/image\\\/\"}}]}<\/script>\n<!-- \/ Yoast SEO plugin. -->","yoast_head_json":{"title":"Majonez dekoracyjny kremowy Fanex WIADERKO do gastronomii 2.8KG - Mix Market - Supermarket z wszystkim co potrzeba","robots":{"index":"index","follow":"follow","max-snippet":"max-snippet:-1","max-image-preview":"max-image-preview:large","max-video-preview":"max-video-preview:-1"},"canonical":"https:\/\/racom.com.pl\/index.php\/produkt\/majonez-dekoracyjny-kremowy-fanex-wiaderko-do-gastronomii-2-8kg\/","og_locale":"pl_PL","og_type":"article","og_title":"Majonez dekoracyjny kremowy Fanex WIADERKO do gastronomii 2.8KG - Mix Market - Supermarket z wszystkim co potrzeba","og_description":"Fanex Majonez dekoracyjny 2,8 kg FANEX Sztuka tworzenia smaku Smak le\u017cy u podstaw wszystkiego, co robimy. Naszym celem jest sprawienie, aby by\u0142 tak bliski doskona\u0142o\u015bci, jak to mo\u017cliwe. Spos\u00f3b przechowywania: Przechowywa\u0107 w temperaturze otoczenia Termin wa\u017cno\u015bci: Przechowywa\u0107 w temperaturze pokojowej. Sk\u0142ad produktu: olej rzepakowy. woda. cukier. \u017c\u00f3\u0142tko jaja w proszku. ocet spirytusowy. musztarda (woda, gorczyca, [&hellip;]","og_url":"https:\/\/racom.com.pl\/index.php\/produkt\/majonez-dekoracyjny-kremowy-fanex-wiaderko-do-gastronomii-2-8kg\/","og_site_name":"Mix Market - Supermarket z wszystkim co potrzeba","og_image":[{"width":498,"height":865,"url":"https:\/\/racom.com.pl\/wp-content\/uploads\/2025\/07\/allegro_687ab76cac1dc1.45307522_ba9268794bde8d124562dd1f02fa.jpg","type":"image\/jpeg"}],"twitter_card":"summary_large_image","twitter_misc":{"Szacowany czas czytania":"1 minuta"},"schema":{"@context":"https:\/\/schema.org","@graph":[{"@type":"WebPage","@id":"https:\/\/racom.com.pl\/index.php\/produkt\/majonez-dekoracyjny-kremowy-fanex-wiaderko-do-gastronomii-2-8kg\/","url":"https:\/\/racom.com.pl\/index.php\/produkt\/majonez-dekoracyjny-kremowy-fanex-wiaderko-do-gastronomii-2-8kg\/","name":"Majonez dekoracyjny kremowy Fanex WIADERKO do gastronomii 2.8KG - Mix Market - Supermarket z wszystkim co potrzeba","isPartOf":{"@id":"https:\/\/racom.com.pl\/#website"},"primaryImageOfPage":{"@id":"https:\/\/racom.com.pl\/index.php\/produkt\/majonez-dekoracyjny-kremowy-fanex-wiaderko-do-gastronomii-2-8kg\/#primaryimage"},"image":{"@id":"https:\/\/racom.com.pl\/index.php\/produkt\/majonez-dekoracyjny-kremowy-fanex-wiaderko-do-gastronomii-2-8kg\/#primaryimage"},"thumbnailUrl":"https:\/\/racom.com.pl\/wp-content\/uploads\/2025\/07\/allegro_687ab76cac1dc1.45307522_ba9268794bde8d124562dd1f02fa.jpg","datePublished":"2025-07-18T21:06:42+00:00","breadcrumb":{"@id":"https:\/\/racom.com.pl\/index.php\/produkt\/majonez-dekoracyjny-kremowy-fanex-wiaderko-do-gastronomii-2-8kg\/#breadcrumb"},"inLanguage":"pl-PL","potentialAction":[{"@type":"ReadAction","target":["https:\/\/racom.com.pl\/index.php\/produkt\/majonez-dekoracyjny-kremowy-fanex-wiaderko-do-gastronomii-2-8kg\/"]}]},{"@type":"ImageObject","inLanguage":"pl-PL","@id":"https:\/\/racom.com.pl\/index.php\/produkt\/majonez-dekoracyjny-kremowy-fanex-wiaderko-do-gastronomii-2-8kg\/#primaryimage","url":"https:\/\/racom.com.pl\/wp-content\/uploads\/2025\/07\/allegro_687ab76cac1dc1.45307522_ba9268794bde8d124562dd1f02fa.jpg","contentUrl":"https:\/\/racom.com.pl\/wp-content\/uploads\/2025\/07\/allegro_687ab76cac1dc1.45307522_ba9268794bde8d124562dd1f02fa.jpg","width":498,"height":865},{"@type":"BreadcrumbList","@id":"https:\/\/racom.com.pl\/index.php\/produkt\/majonez-dekoracyjny-kremowy-fanex-wiaderko-do-gastronomii-2-8kg\/#breadcrumb","itemListElement":[{"@type":"ListItem","position":1,"name":"Strona g\u0142\u00f3wna","item":"https:\/\/racom.com.pl\/"},{"@type":"ListItem","position":2,"name":"Sklep","item":"https:\/\/racom.com.pl\/"},{"@type":"ListItem","position":3,"name":"Majonez dekoracyjny kremowy Fanex WIADERKO do gastronomii 2.8KG"}]},{"@type":"WebSite","@id":"https:\/\/racom.com.pl\/#website","url":"https:\/\/racom.com.pl\/","name":"Mix Market - Supermarket z wszystkim co potrzeba do domu i nie tylko","description":"","publisher":{"@id":"https:\/\/racom.com.pl\/#organization"},"potentialAction":[{"@type":"SearchAction","target":{"@type":"EntryPoint","urlTemplate":"https:\/\/racom.com.pl\/?s={search_term_string}"},"query-input":{"@type":"PropertyValueSpecification","valueRequired":true,"valueName":"search_term_string"}}],"inLanguage":"pl-PL"},{"@type":"Organization","@id":"https:\/\/racom.com.pl\/#organization","name":"Mix Market - Supermarket z wszystkim co potrzeba do domu i nie tylko","url":"https:\/\/racom.com.pl\/","logo":{"@type":"ImageObject","inLanguage":"pl-PL","@id":"https:\/\/racom.com.pl\/#\/schema\/logo\/image\/","url":"https:\/\/racom.com.pl\/wp-content\/uploads\/2025\/07\/mixmarket_logo.png","contentUrl":"https:\/\/racom.com.pl\/wp-content\/uploads\/2025\/07\/mixmarket_logo.png","width":1024,"height":1024,"caption":"Mix Market - Supermarket z wszystkim co potrzeba do domu i nie tylko"},"image":{"@id":"https:\/\/racom.com.pl\/#\/schema\/logo\/image\/"}}]}},"_links":{"self":[{"href":"https:\/\/racom.com.pl\/index.php\/wp-json\/wp\/v2\/product\/2431","targetHints":{"allow":["GET"]}}],"collection":[{"href":"https:\/\/racom.com.pl\/index.php\/wp-json\/wp\/v2\/product"}],"about":[{"href":"https:\/\/racom.com.pl\/index.php\/wp-json\/wp\/v2\/types\/product"}],"replies":[{"embeddable":true,"href":"https:\/\/racom.com.pl\/index.php\/wp-json\/wp\/v2\/comments?post=2431"}],"wp:featuredmedia":[{"embeddable":true,"href":"https:\/\/racom.com.pl\/index.php\/wp-json\/wp\/v2\/media\/2434"}],"wp:attachment":[{"href":"https:\/\/racom.com.pl\/index.php\/wp-json\/wp\/v2\/media?parent=2431"}],"wp:term":[{"taxonomy":"product_brand","embeddable":true,"href":"https:\/\/racom.com.pl\/index.php\/wp-json\/wp\/v2\/product_brand?post=2431"},{"taxonomy":"product_cat","embeddable":true,"href":"https:\/\/racom.com.pl\/index.php\/wp-json\/wp\/v2\/product_cat?post=2431"},{"taxonomy":"product_tag","embeddable":true,"href":"https:\/\/racom.com.pl\/index.php\/wp-json\/wp\/v2\/product_tag?post=2431"}],"curies":[{"name":"wp","href":"https:\/\/api.w.org\/{rel}","templated":true}]}}