{"id":2439,"date":"2025-07-18T23:07:30","date_gmt":"2025-07-18T21:07:30","guid":{"rendered":"http:\/\/192.168.2.106\/index.php\/produkt\/sos-bazyliowy-fanex-bez-konserwantow-bazylia-duza-butelka-950g\/"},"modified":"2025-07-18T23:07:30","modified_gmt":"2025-07-18T21:07:30","slug":"sos-bazyliowy-fanex-bez-konserwantow-bazylia-duza-butelka-950g","status":"publish","type":"product","link":"https:\/\/racom.com.pl\/index.php\/produkt\/sos-bazyliowy-fanex-bez-konserwantow-bazylia-duza-butelka-950g\/","title":{"rendered":"Sos bazyliowy Fanex bez konserwant\u00f3w BAZYLIA du\u017ca butelka 950G"},"content":{"rendered":"<h2>Fanex Sos bazyliowy 950 G<\/h2>\n<h2>FANEX<\/h2>\n<p>Wyj\u0105tkowy aromat i smak \u015bwie\u017cych listk\u00f3w bazylii komponowany w delikatny sos majonezowy to przyci\u0105gaj\u0105ca kolorem propozycja nowych dozna\u0144 smakowych. Polecany do frytek, kurczaka, \u0142ososia i sa\u0142atek. Doskonale podkre\u015bla r\u00f3wnie\u017c smak potraw z grilla.<\/p>\n<p><b>Sk\u0142adniki:<\/b> Olej rzepakowy, woda, cukier, skrobia, musztarda (woda, ocet spirytusowy, gorczyca, cukier, s\u00f3l), pesto bazyliowe 2,5% (bazylia 74,5%, olej rzepakowy, woda, czosnek, s\u00f3l, regulator kwasowo\u015bci: kwas cytrynowy), \u017c\u00f3\u0142tko jaja w proszku, ocet spirytusowy, s\u00f3l, koncentrat pomidorowy, koncentrat soku z cytryny, warzywa granulowane (w tym czosnek 0,3%), aromat naturalny, kurkuma, barwnik (kompleksy miedziowe chlorofilin), przeciwutleniacz (s\u00f3l wapniowo-disodowa edta).<\/p>\n<p><b>Zawarto\u015b\u0107 netto:<\/b> 950 g<\/p>\n<p>Alergeny<\/p>\n<p><b>Gorczyca i produkty pochodne:<\/b> Tak<\/p>\n<p><b>Jaja i produkty pochodne:<\/b> Tak<\/p>\n<p><b>Spos\u00f3b przechowywania:<\/b> przechowywa\u0107 w temperaturze pokojowej. Po otwarciu przechowywa\u0107 w lod\u00f3wce.<\/p>\n<p>Warto\u015b\u0107 od\u017cywcza w 100g produktu:<\/p>\n<p><b>Zawarto\u015b\u0107 t\u0142uszcz\u00f3w (og\u00f3lnie) w zadeklarowanej jednostce (g):<\/b> 43 g<\/p>\n<p><b>Zawarto\u015b\u0107 t\u0142uszcz\u00f3w (kwasy t\u0142uszczowe nasycone) w zadeklarowanej jednostce (g):<\/b> 3,3 g<\/p>\n<p><b>Zawarto\u015b\u0107 w\u0119glowodan\u00f3w (cukry) w zadeklarowanej jednostce (g):<\/b> 5,6 g<\/p>\n<p><b>Zawarto\u015b\u0107 soli (og\u00f3lnie) w zadeklarowanej jednostce (g lub ml):<\/b> 1,7 g<\/p>\n<p><b>Warto\u015b\u0107 energetyczna kcal (energia) w zadeklarowanej jednostce:<\/b> 1780 kcal\/100g<\/p>\n","protected":false},"excerpt":{"rendered":"<p>Fanex Sos bazyliowy 950 G FANEX Wyj\u0105tkowy aromat i smak \u015bwie\u017cych listk\u00f3w bazylii komponowany w delikatny sos majonezowy to przyci\u0105gaj\u0105ca kolorem propozycja nowych dozna\u0144 smakowych. Polecany do frytek, kurczaka, \u0142ososia i sa\u0142atek. Doskonale podkre\u015bla r\u00f3wnie\u017c smak potraw z grilla. Sk\u0142adniki: Olej rzepakowy, woda, cukier, skrobia, musztarda (woda, ocet spirytusowy, gorczyca, cukier, s\u00f3l), pesto bazyliowe 2,5% [&hellip;]<\/p>\n","protected":false},"featured_media":2442,"comment_status":"open","ping_status":"closed","template":"","meta":[],"product_brand":[110],"product_cat":[109],"product_tag":[],"class_list":{"0":"post-2439","1":"product","2":"type-product","3":"status-publish","4":"has-post-thumbnail","6":"product_brand-fanex","7":"product_cat-sosy-kanapkowe-i-dressingi","9":"first","10":"instock","11":"taxable","12":"shipping-taxable","13":"purchasable","14":"product-type-simple"},"yoast_head":"<!-- This site is optimized with the Yoast SEO plugin v27.4 - https:\/\/yoast.com\/product\/yoast-seo-wordpress\/ -->\n<title>Sos bazyliowy Fanex bez konserwant\u00f3w BAZYLIA du\u017ca butelka 950G - Mix Market - Supermarket z wszystkim co potrzeba<\/title>\n<meta name=\"robots\" content=\"index, follow, max-snippet:-1, max-image-preview:large, max-video-preview:-1\" \/>\n<link rel=\"canonical\" href=\"https:\/\/racom.com.pl\/index.php\/produkt\/sos-bazyliowy-fanex-bez-konserwantow-bazylia-duza-butelka-950g\/\" \/>\n<meta property=\"og:locale\" content=\"pl_PL\" \/>\n<meta property=\"og:type\" content=\"article\" \/>\n<meta property=\"og:title\" content=\"Sos bazyliowy Fanex bez konserwant\u00f3w BAZYLIA du\u017ca butelka 950G - Mix Market - Supermarket z wszystkim co potrzeba\" \/>\n<meta property=\"og:description\" content=\"Fanex Sos bazyliowy 950 G FANEX Wyj\u0105tkowy aromat i smak \u015bwie\u017cych listk\u00f3w bazylii komponowany w delikatny sos majonezowy to przyci\u0105gaj\u0105ca kolorem propozycja nowych dozna\u0144 smakowych. Polecany do frytek, kurczaka, \u0142ososia i sa\u0142atek. Doskonale podkre\u015bla r\u00f3wnie\u017c smak potraw z grilla. Sk\u0142adniki: Olej rzepakowy, woda, cukier, skrobia, musztarda (woda, ocet spirytusowy, gorczyca, cukier, s\u00f3l), pesto bazyliowe 2,5% [&hellip;]\" \/>\n<meta property=\"og:url\" content=\"https:\/\/racom.com.pl\/index.php\/produkt\/sos-bazyliowy-fanex-bez-konserwantow-bazylia-duza-butelka-950g\/\" \/>\n<meta property=\"og:site_name\" content=\"Mix Market - Supermarket z wszystkim co potrzeba\" \/>\n<meta property=\"og:image\" content=\"https:\/\/racom.com.pl\/wp-content\/uploads\/2025\/07\/allegro_687ab7a7631cb1.70416392_f682acec499eb70107e34027cd78.jpg\" \/>\n\t<meta property=\"og:image:width\" content=\"759\" \/>\n\t<meta property=\"og:image:height\" content=\"2560\" \/>\n\t<meta property=\"og:image:type\" content=\"image\/jpeg\" \/>\n<meta name=\"twitter:card\" content=\"summary_large_image\" \/>\n<meta name=\"twitter:label1\" content=\"Szacowany czas czytania\" \/>\n\t<meta name=\"twitter:data1\" content=\"1 minuta\" \/>\n<script type=\"application\/ld+json\" class=\"yoast-schema-graph\">{\"@context\":\"https:\\\/\\\/schema.org\",\"@graph\":[{\"@type\":\"WebPage\",\"@id\":\"https:\\\/\\\/racom.com.pl\\\/index.php\\\/produkt\\\/sos-bazyliowy-fanex-bez-konserwantow-bazylia-duza-butelka-950g\\\/\",\"url\":\"https:\\\/\\\/racom.com.pl\\\/index.php\\\/produkt\\\/sos-bazyliowy-fanex-bez-konserwantow-bazylia-duza-butelka-950g\\\/\",\"name\":\"Sos bazyliowy Fanex bez konserwant\u00f3w BAZYLIA du\u017ca butelka 950G - Mix Market - Supermarket z wszystkim co potrzeba\",\"isPartOf\":{\"@id\":\"https:\\\/\\\/racom.com.pl\\\/#website\"},\"primaryImageOfPage\":{\"@id\":\"https:\\\/\\\/racom.com.pl\\\/index.php\\\/produkt\\\/sos-bazyliowy-fanex-bez-konserwantow-bazylia-duza-butelka-950g\\\/#primaryimage\"},\"image\":{\"@id\":\"https:\\\/\\\/racom.com.pl\\\/index.php\\\/produkt\\\/sos-bazyliowy-fanex-bez-konserwantow-bazylia-duza-butelka-950g\\\/#primaryimage\"},\"thumbnailUrl\":\"https:\\\/\\\/racom.com.pl\\\/wp-content\\\/uploads\\\/2025\\\/07\\\/allegro_687ab7a7631cb1.70416392_f682acec499eb70107e34027cd78.jpg\",\"datePublished\":\"2025-07-18T21:07:30+00:00\",\"breadcrumb\":{\"@id\":\"https:\\\/\\\/racom.com.pl\\\/index.php\\\/produkt\\\/sos-bazyliowy-fanex-bez-konserwantow-bazylia-duza-butelka-950g\\\/#breadcrumb\"},\"inLanguage\":\"pl-PL\",\"potentialAction\":[{\"@type\":\"ReadAction\",\"target\":[\"https:\\\/\\\/racom.com.pl\\\/index.php\\\/produkt\\\/sos-bazyliowy-fanex-bez-konserwantow-bazylia-duza-butelka-950g\\\/\"]}]},{\"@type\":\"ImageObject\",\"inLanguage\":\"pl-PL\",\"@id\":\"https:\\\/\\\/racom.com.pl\\\/index.php\\\/produkt\\\/sos-bazyliowy-fanex-bez-konserwantow-bazylia-duza-butelka-950g\\\/#primaryimage\",\"url\":\"https:\\\/\\\/racom.com.pl\\\/wp-content\\\/uploads\\\/2025\\\/07\\\/allegro_687ab7a7631cb1.70416392_f682acec499eb70107e34027cd78.jpg\",\"contentUrl\":\"https:\\\/\\\/racom.com.pl\\\/wp-content\\\/uploads\\\/2025\\\/07\\\/allegro_687ab7a7631cb1.70416392_f682acec499eb70107e34027cd78.jpg\",\"width\":759,\"height\":2560},{\"@type\":\"BreadcrumbList\",\"@id\":\"https:\\\/\\\/racom.com.pl\\\/index.php\\\/produkt\\\/sos-bazyliowy-fanex-bez-konserwantow-bazylia-duza-butelka-950g\\\/#breadcrumb\",\"itemListElement\":[{\"@type\":\"ListItem\",\"position\":1,\"name\":\"Strona g\u0142\u00f3wna\",\"item\":\"https:\\\/\\\/racom.com.pl\\\/\"},{\"@type\":\"ListItem\",\"position\":2,\"name\":\"Sklep\",\"item\":\"https:\\\/\\\/racom.com.pl\\\/\"},{\"@type\":\"ListItem\",\"position\":3,\"name\":\"Sos bazyliowy Fanex bez konserwant\u00f3w BAZYLIA du\u017ca butelka 950G\"}]},{\"@type\":\"WebSite\",\"@id\":\"https:\\\/\\\/racom.com.pl\\\/#website\",\"url\":\"https:\\\/\\\/racom.com.pl\\\/\",\"name\":\"Mix Market - Supermarket z wszystkim co potrzeba do domu i nie tylko\",\"description\":\"\",\"publisher\":{\"@id\":\"https:\\\/\\\/racom.com.pl\\\/#organization\"},\"potentialAction\":[{\"@type\":\"SearchAction\",\"target\":{\"@type\":\"EntryPoint\",\"urlTemplate\":\"https:\\\/\\\/racom.com.pl\\\/?s={search_term_string}\"},\"query-input\":{\"@type\":\"PropertyValueSpecification\",\"valueRequired\":true,\"valueName\":\"search_term_string\"}}],\"inLanguage\":\"pl-PL\"},{\"@type\":\"Organization\",\"@id\":\"https:\\\/\\\/racom.com.pl\\\/#organization\",\"name\":\"Mix Market - Supermarket z wszystkim co potrzeba do domu i nie tylko\",\"url\":\"https:\\\/\\\/racom.com.pl\\\/\",\"logo\":{\"@type\":\"ImageObject\",\"inLanguage\":\"pl-PL\",\"@id\":\"https:\\\/\\\/racom.com.pl\\\/#\\\/schema\\\/logo\\\/image\\\/\",\"url\":\"https:\\\/\\\/racom.com.pl\\\/wp-content\\\/uploads\\\/2025\\\/07\\\/mixmarket_logo.png\",\"contentUrl\":\"https:\\\/\\\/racom.com.pl\\\/wp-content\\\/uploads\\\/2025\\\/07\\\/mixmarket_logo.png\",\"width\":1024,\"height\":1024,\"caption\":\"Mix Market - Supermarket z wszystkim co potrzeba do domu i nie tylko\"},\"image\":{\"@id\":\"https:\\\/\\\/racom.com.pl\\\/#\\\/schema\\\/logo\\\/image\\\/\"}}]}<\/script>\n<!-- \/ Yoast SEO plugin. -->","yoast_head_json":{"title":"Sos bazyliowy Fanex bez konserwant\u00f3w BAZYLIA du\u017ca butelka 950G - Mix Market - Supermarket z wszystkim co potrzeba","robots":{"index":"index","follow":"follow","max-snippet":"max-snippet:-1","max-image-preview":"max-image-preview:large","max-video-preview":"max-video-preview:-1"},"canonical":"https:\/\/racom.com.pl\/index.php\/produkt\/sos-bazyliowy-fanex-bez-konserwantow-bazylia-duza-butelka-950g\/","og_locale":"pl_PL","og_type":"article","og_title":"Sos bazyliowy Fanex bez konserwant\u00f3w BAZYLIA du\u017ca butelka 950G - Mix Market - Supermarket z wszystkim co potrzeba","og_description":"Fanex Sos bazyliowy 950 G FANEX Wyj\u0105tkowy aromat i smak \u015bwie\u017cych listk\u00f3w bazylii komponowany w delikatny sos majonezowy to przyci\u0105gaj\u0105ca kolorem propozycja nowych dozna\u0144 smakowych. Polecany do frytek, kurczaka, \u0142ososia i sa\u0142atek. Doskonale podkre\u015bla r\u00f3wnie\u017c smak potraw z grilla. Sk\u0142adniki: Olej rzepakowy, woda, cukier, skrobia, musztarda (woda, ocet spirytusowy, gorczyca, cukier, s\u00f3l), pesto bazyliowe 2,5% [&hellip;]","og_url":"https:\/\/racom.com.pl\/index.php\/produkt\/sos-bazyliowy-fanex-bez-konserwantow-bazylia-duza-butelka-950g\/","og_site_name":"Mix Market - Supermarket z wszystkim co potrzeba","og_image":[{"width":759,"height":2560,"url":"https:\/\/racom.com.pl\/wp-content\/uploads\/2025\/07\/allegro_687ab7a7631cb1.70416392_f682acec499eb70107e34027cd78.jpg","type":"image\/jpeg"}],"twitter_card":"summary_large_image","twitter_misc":{"Szacowany czas czytania":"1 minuta"},"schema":{"@context":"https:\/\/schema.org","@graph":[{"@type":"WebPage","@id":"https:\/\/racom.com.pl\/index.php\/produkt\/sos-bazyliowy-fanex-bez-konserwantow-bazylia-duza-butelka-950g\/","url":"https:\/\/racom.com.pl\/index.php\/produkt\/sos-bazyliowy-fanex-bez-konserwantow-bazylia-duza-butelka-950g\/","name":"Sos bazyliowy Fanex bez konserwant\u00f3w BAZYLIA du\u017ca butelka 950G - Mix Market - Supermarket z wszystkim co potrzeba","isPartOf":{"@id":"https:\/\/racom.com.pl\/#website"},"primaryImageOfPage":{"@id":"https:\/\/racom.com.pl\/index.php\/produkt\/sos-bazyliowy-fanex-bez-konserwantow-bazylia-duza-butelka-950g\/#primaryimage"},"image":{"@id":"https:\/\/racom.com.pl\/index.php\/produkt\/sos-bazyliowy-fanex-bez-konserwantow-bazylia-duza-butelka-950g\/#primaryimage"},"thumbnailUrl":"https:\/\/racom.com.pl\/wp-content\/uploads\/2025\/07\/allegro_687ab7a7631cb1.70416392_f682acec499eb70107e34027cd78.jpg","datePublished":"2025-07-18T21:07:30+00:00","breadcrumb":{"@id":"https:\/\/racom.com.pl\/index.php\/produkt\/sos-bazyliowy-fanex-bez-konserwantow-bazylia-duza-butelka-950g\/#breadcrumb"},"inLanguage":"pl-PL","potentialAction":[{"@type":"ReadAction","target":["https:\/\/racom.com.pl\/index.php\/produkt\/sos-bazyliowy-fanex-bez-konserwantow-bazylia-duza-butelka-950g\/"]}]},{"@type":"ImageObject","inLanguage":"pl-PL","@id":"https:\/\/racom.com.pl\/index.php\/produkt\/sos-bazyliowy-fanex-bez-konserwantow-bazylia-duza-butelka-950g\/#primaryimage","url":"https:\/\/racom.com.pl\/wp-content\/uploads\/2025\/07\/allegro_687ab7a7631cb1.70416392_f682acec499eb70107e34027cd78.jpg","contentUrl":"https:\/\/racom.com.pl\/wp-content\/uploads\/2025\/07\/allegro_687ab7a7631cb1.70416392_f682acec499eb70107e34027cd78.jpg","width":759,"height":2560},{"@type":"BreadcrumbList","@id":"https:\/\/racom.com.pl\/index.php\/produkt\/sos-bazyliowy-fanex-bez-konserwantow-bazylia-duza-butelka-950g\/#breadcrumb","itemListElement":[{"@type":"ListItem","position":1,"name":"Strona g\u0142\u00f3wna","item":"https:\/\/racom.com.pl\/"},{"@type":"ListItem","position":2,"name":"Sklep","item":"https:\/\/racom.com.pl\/"},{"@type":"ListItem","position":3,"name":"Sos bazyliowy Fanex bez konserwant\u00f3w BAZYLIA du\u017ca butelka 950G"}]},{"@type":"WebSite","@id":"https:\/\/racom.com.pl\/#website","url":"https:\/\/racom.com.pl\/","name":"Mix Market - Supermarket z wszystkim co potrzeba do domu i nie tylko","description":"","publisher":{"@id":"https:\/\/racom.com.pl\/#organization"},"potentialAction":[{"@type":"SearchAction","target":{"@type":"EntryPoint","urlTemplate":"https:\/\/racom.com.pl\/?s={search_term_string}"},"query-input":{"@type":"PropertyValueSpecification","valueRequired":true,"valueName":"search_term_string"}}],"inLanguage":"pl-PL"},{"@type":"Organization","@id":"https:\/\/racom.com.pl\/#organization","name":"Mix Market - Supermarket z wszystkim co potrzeba do domu i nie tylko","url":"https:\/\/racom.com.pl\/","logo":{"@type":"ImageObject","inLanguage":"pl-PL","@id":"https:\/\/racom.com.pl\/#\/schema\/logo\/image\/","url":"https:\/\/racom.com.pl\/wp-content\/uploads\/2025\/07\/mixmarket_logo.png","contentUrl":"https:\/\/racom.com.pl\/wp-content\/uploads\/2025\/07\/mixmarket_logo.png","width":1024,"height":1024,"caption":"Mix Market - Supermarket z wszystkim co potrzeba do domu i nie tylko"},"image":{"@id":"https:\/\/racom.com.pl\/#\/schema\/logo\/image\/"}}]}},"_links":{"self":[{"href":"https:\/\/racom.com.pl\/index.php\/wp-json\/wp\/v2\/product\/2439","targetHints":{"allow":["GET"]}}],"collection":[{"href":"https:\/\/racom.com.pl\/index.php\/wp-json\/wp\/v2\/product"}],"about":[{"href":"https:\/\/racom.com.pl\/index.php\/wp-json\/wp\/v2\/types\/product"}],"replies":[{"embeddable":true,"href":"https:\/\/racom.com.pl\/index.php\/wp-json\/wp\/v2\/comments?post=2439"}],"wp:featuredmedia":[{"embeddable":true,"href":"https:\/\/racom.com.pl\/index.php\/wp-json\/wp\/v2\/media\/2442"}],"wp:attachment":[{"href":"https:\/\/racom.com.pl\/index.php\/wp-json\/wp\/v2\/media?parent=2439"}],"wp:term":[{"taxonomy":"product_brand","embeddable":true,"href":"https:\/\/racom.com.pl\/index.php\/wp-json\/wp\/v2\/product_brand?post=2439"},{"taxonomy":"product_cat","embeddable":true,"href":"https:\/\/racom.com.pl\/index.php\/wp-json\/wp\/v2\/product_cat?post=2439"},{"taxonomy":"product_tag","embeddable":true,"href":"https:\/\/racom.com.pl\/index.php\/wp-json\/wp\/v2\/product_tag?post=2439"}],"curies":[{"name":"wp","href":"https:\/\/api.w.org\/{rel}","templated":true}]}}