{"id":2447,"date":"2025-07-18T23:08:33","date_gmt":"2025-07-18T21:08:33","guid":{"rendered":"http:\/\/192.168.2.106\/index.php\/produkt\/sos-kebab-gyros-ostry-folwark-800g\/"},"modified":"2025-07-18T23:08:33","modified_gmt":"2025-07-18T21:08:33","slug":"sos-kebab-gyros-ostry-folwark-800g","status":"publish","type":"product","link":"https:\/\/racom.com.pl\/index.php\/produkt\/sos-kebab-gyros-ostry-folwark-800g\/","title":{"rendered":"Sos KEBAB GYROS ostry FOLWARK 800g"},"content":{"rendered":"<h2>FOLWARK SOS KEBAB-GYROS OSTRY 800 G<\/h2>\n<p>Je\u015bli szukasz dodatku, kt\u00f3ry doda Twojemu kebabowi lub gyrosowi wyj\u0105tkowego smaku, to <b>FOLWARK SOS KEBAB-GYROS OSTRY 800 G<\/b> jest w\u0142a\u015bnie dla Ciebie! Ten wyj\u0105tkowy sos zosta\u0142 stworzony z my\u015bl\u0105 o mi\u0142o\u015bnikach ostrego jedzenia, kt\u00f3rzy nie boj\u0105 si\u0119 wyzwa\u0144 smakowych.<\/p>\n<p><b>FOLWARK SOS KEBAB-GYROS OSTRY 800 G<\/b> to po\u0142\u0105czenie pikantnej papryki, aromatycznych zi\u00f3\u0142 oraz wyselekcjonowanych przypraw, kt\u00f3re razem tworz\u0105 niepowtarzalny smak. Ten sos idealnie komponuje si\u0119 z mi\u0119sem, ale r\u00f3wnie\u017c \u015bwietnie smakuje z warzywami czy sa\u0142atkami.<\/p>\n<p><b>Sk\u0142ad:<\/b><\/p>\n<ul>\n<li>woda<\/li>\n<li>ocet spirytusowy<\/li>\n<li>cukier<\/li>\n<li>papryka ostra<\/li>\n<li>s\u00f3l<\/li>\n<li>skrobia modyfikowana<\/li>\n<li>koncentrat pomidorowy<\/li>\n<li>przyprawy<\/li>\n<li>aromaty<\/li>\n<li>regulator kwasowo\u015bci: kwas cytrynowy<\/li>\n<li>substancja zag\u0119szczaj\u0105ca: guma ksantanowa<\/li>\n<\/ul>\n<p><b>FOLWARK SOS KEBAB-GYROS OSTRY 800 G<\/b> to produkt wysokiej jako\u015bci, kt\u00f3ry zosta\u0142 stworzony z my\u015bl\u0105 o wymagaj\u0105cych klientach. Dzi\u0119ki temu, \u017ce jest on \u0142atwo dost\u0119pny, mo\u017cesz cieszy\u0107 si\u0119 jego wyj\u0105tkowym smakiem w ka\u017cdej chwili.<\/p>\n<p>Nie czekaj d\u0142u\u017cej i dodaj <b>FOLWARK SOS KEBAB-GYROS OSTRY 800 G<\/b> do swojego koszyka ju\u017c dzi\u015b! Ten sos z pewno\u015bci\u0105 zadowoli Twoje podniebienie i sprawi, \u017ce Twoje ulubione dania b\u0119d\u0105 jeszcze smaczniejsze.<\/p>\n","protected":false},"excerpt":{"rendered":"<p>FOLWARK SOS KEBAB-GYROS OSTRY 800 G Je\u015bli szukasz dodatku, kt\u00f3ry doda Twojemu kebabowi lub gyrosowi wyj\u0105tkowego smaku, to FOLWARK SOS KEBAB-GYROS OSTRY 800 G jest w\u0142a\u015bnie dla Ciebie! Ten wyj\u0105tkowy sos zosta\u0142 stworzony z my\u015bl\u0105 o mi\u0142o\u015bnikach ostrego jedzenia, kt\u00f3rzy nie boj\u0105 si\u0119 wyzwa\u0144 smakowych. FOLWARK SOS KEBAB-GYROS OSTRY 800 G to po\u0142\u0105czenie pikantnej papryki, [&hellip;]<\/p>\n","protected":false},"featured_media":2450,"comment_status":"open","ping_status":"closed","template":"","meta":[],"product_brand":[152],"product_cat":[109],"product_tag":[],"class_list":{"0":"post-2447","1":"product","2":"type-product","3":"status-publish","4":"has-post-thumbnail","6":"product_brand-folwark","7":"product_cat-sosy-kanapkowe-i-dressingi","9":"first","10":"instock","11":"taxable","12":"shipping-taxable","13":"purchasable","14":"product-type-simple"},"yoast_head":"<!-- This site is optimized with the Yoast SEO plugin v27.3 - https:\/\/yoast.com\/product\/yoast-seo-wordpress\/ -->\n<title>Sos KEBAB GYROS ostry FOLWARK 800g - Mix Market - Supermarket z wszystkim co potrzeba<\/title>\n<meta name=\"robots\" content=\"index, follow, max-snippet:-1, max-image-preview:large, max-video-preview:-1\" \/>\n<link rel=\"canonical\" href=\"https:\/\/racom.com.pl\/index.php\/produkt\/sos-kebab-gyros-ostry-folwark-800g\/\" \/>\n<meta property=\"og:locale\" content=\"pl_PL\" \/>\n<meta property=\"og:type\" content=\"article\" \/>\n<meta property=\"og:title\" content=\"Sos KEBAB GYROS ostry FOLWARK 800g - Mix Market - Supermarket z wszystkim co potrzeba\" \/>\n<meta property=\"og:description\" content=\"FOLWARK SOS KEBAB-GYROS OSTRY 800 G Je\u015bli szukasz dodatku, kt\u00f3ry doda Twojemu kebabowi lub gyrosowi wyj\u0105tkowego smaku, to FOLWARK SOS KEBAB-GYROS OSTRY 800 G jest w\u0142a\u015bnie dla Ciebie! Ten wyj\u0105tkowy sos zosta\u0142 stworzony z my\u015bl\u0105 o mi\u0142o\u015bnikach ostrego jedzenia, kt\u00f3rzy nie boj\u0105 si\u0119 wyzwa\u0144 smakowych. FOLWARK SOS KEBAB-GYROS OSTRY 800 G to po\u0142\u0105czenie pikantnej papryki, [&hellip;]\" \/>\n<meta property=\"og:url\" content=\"https:\/\/racom.com.pl\/index.php\/produkt\/sos-kebab-gyros-ostry-folwark-800g\/\" \/>\n<meta property=\"og:site_name\" content=\"Mix Market - Supermarket z wszystkim co potrzeba\" \/>\n<meta property=\"og:image\" content=\"https:\/\/racom.com.pl\/wp-content\/uploads\/2025\/07\/allegro_687ab7dd58df17.43881168_11c036ee4149a70d4191896a7f22.jpg\" \/>\n\t<meta property=\"og:image:width\" content=\"1000\" \/>\n\t<meta property=\"og:image:height\" content=\"1000\" \/>\n\t<meta property=\"og:image:type\" content=\"image\/jpeg\" \/>\n<meta name=\"twitter:card\" content=\"summary_large_image\" \/>\n<meta name=\"twitter:label1\" content=\"Szacowany czas czytania\" \/>\n\t<meta name=\"twitter:data1\" content=\"1 minuta\" \/>\n<script type=\"application\/ld+json\" class=\"yoast-schema-graph\">{\"@context\":\"https:\\\/\\\/schema.org\",\"@graph\":[{\"@type\":\"WebPage\",\"@id\":\"https:\\\/\\\/racom.com.pl\\\/index.php\\\/produkt\\\/sos-kebab-gyros-ostry-folwark-800g\\\/\",\"url\":\"https:\\\/\\\/racom.com.pl\\\/index.php\\\/produkt\\\/sos-kebab-gyros-ostry-folwark-800g\\\/\",\"name\":\"Sos KEBAB GYROS ostry FOLWARK 800g - Mix Market - Supermarket z wszystkim co potrzeba\",\"isPartOf\":{\"@id\":\"https:\\\/\\\/racom.com.pl\\\/#website\"},\"primaryImageOfPage\":{\"@id\":\"https:\\\/\\\/racom.com.pl\\\/index.php\\\/produkt\\\/sos-kebab-gyros-ostry-folwark-800g\\\/#primaryimage\"},\"image\":{\"@id\":\"https:\\\/\\\/racom.com.pl\\\/index.php\\\/produkt\\\/sos-kebab-gyros-ostry-folwark-800g\\\/#primaryimage\"},\"thumbnailUrl\":\"https:\\\/\\\/racom.com.pl\\\/wp-content\\\/uploads\\\/2025\\\/07\\\/allegro_687ab7dd58df17.43881168_11c036ee4149a70d4191896a7f22.jpg\",\"datePublished\":\"2025-07-18T21:08:33+00:00\",\"breadcrumb\":{\"@id\":\"https:\\\/\\\/racom.com.pl\\\/index.php\\\/produkt\\\/sos-kebab-gyros-ostry-folwark-800g\\\/#breadcrumb\"},\"inLanguage\":\"pl-PL\",\"potentialAction\":[{\"@type\":\"ReadAction\",\"target\":[\"https:\\\/\\\/racom.com.pl\\\/index.php\\\/produkt\\\/sos-kebab-gyros-ostry-folwark-800g\\\/\"]}]},{\"@type\":\"ImageObject\",\"inLanguage\":\"pl-PL\",\"@id\":\"https:\\\/\\\/racom.com.pl\\\/index.php\\\/produkt\\\/sos-kebab-gyros-ostry-folwark-800g\\\/#primaryimage\",\"url\":\"https:\\\/\\\/racom.com.pl\\\/wp-content\\\/uploads\\\/2025\\\/07\\\/allegro_687ab7dd58df17.43881168_11c036ee4149a70d4191896a7f22.jpg\",\"contentUrl\":\"https:\\\/\\\/racom.com.pl\\\/wp-content\\\/uploads\\\/2025\\\/07\\\/allegro_687ab7dd58df17.43881168_11c036ee4149a70d4191896a7f22.jpg\",\"width\":1000,\"height\":1000},{\"@type\":\"BreadcrumbList\",\"@id\":\"https:\\\/\\\/racom.com.pl\\\/index.php\\\/produkt\\\/sos-kebab-gyros-ostry-folwark-800g\\\/#breadcrumb\",\"itemListElement\":[{\"@type\":\"ListItem\",\"position\":1,\"name\":\"Strona g\u0142\u00f3wna\",\"item\":\"https:\\\/\\\/racom.com.pl\\\/\"},{\"@type\":\"ListItem\",\"position\":2,\"name\":\"Sklep\",\"item\":\"https:\\\/\\\/racom.com.pl\\\/\"},{\"@type\":\"ListItem\",\"position\":3,\"name\":\"Sos KEBAB GYROS ostry FOLWARK 800g\"}]},{\"@type\":\"WebSite\",\"@id\":\"https:\\\/\\\/racom.com.pl\\\/#website\",\"url\":\"https:\\\/\\\/racom.com.pl\\\/\",\"name\":\"Mix Market - Supermarket z wszystkim co potrzeba do domu i nie tylko\",\"description\":\"\",\"publisher\":{\"@id\":\"https:\\\/\\\/racom.com.pl\\\/#organization\"},\"potentialAction\":[{\"@type\":\"SearchAction\",\"target\":{\"@type\":\"EntryPoint\",\"urlTemplate\":\"https:\\\/\\\/racom.com.pl\\\/?s={search_term_string}\"},\"query-input\":{\"@type\":\"PropertyValueSpecification\",\"valueRequired\":true,\"valueName\":\"search_term_string\"}}],\"inLanguage\":\"pl-PL\"},{\"@type\":\"Organization\",\"@id\":\"https:\\\/\\\/racom.com.pl\\\/#organization\",\"name\":\"Mix Market - Supermarket z wszystkim co potrzeba do domu i nie tylko\",\"url\":\"https:\\\/\\\/racom.com.pl\\\/\",\"logo\":{\"@type\":\"ImageObject\",\"inLanguage\":\"pl-PL\",\"@id\":\"https:\\\/\\\/racom.com.pl\\\/#\\\/schema\\\/logo\\\/image\\\/\",\"url\":\"https:\\\/\\\/racom.com.pl\\\/wp-content\\\/uploads\\\/2025\\\/07\\\/mixmarket_logo.png\",\"contentUrl\":\"https:\\\/\\\/racom.com.pl\\\/wp-content\\\/uploads\\\/2025\\\/07\\\/mixmarket_logo.png\",\"width\":1024,\"height\":1024,\"caption\":\"Mix Market - Supermarket z wszystkim co potrzeba do domu i nie tylko\"},\"image\":{\"@id\":\"https:\\\/\\\/racom.com.pl\\\/#\\\/schema\\\/logo\\\/image\\\/\"}}]}<\/script>\n<!-- \/ Yoast SEO plugin. -->","yoast_head_json":{"title":"Sos KEBAB GYROS ostry FOLWARK 800g - Mix Market - Supermarket z wszystkim co potrzeba","robots":{"index":"index","follow":"follow","max-snippet":"max-snippet:-1","max-image-preview":"max-image-preview:large","max-video-preview":"max-video-preview:-1"},"canonical":"https:\/\/racom.com.pl\/index.php\/produkt\/sos-kebab-gyros-ostry-folwark-800g\/","og_locale":"pl_PL","og_type":"article","og_title":"Sos KEBAB GYROS ostry FOLWARK 800g - Mix Market - Supermarket z wszystkim co potrzeba","og_description":"FOLWARK SOS KEBAB-GYROS OSTRY 800 G Je\u015bli szukasz dodatku, kt\u00f3ry doda Twojemu kebabowi lub gyrosowi wyj\u0105tkowego smaku, to FOLWARK SOS KEBAB-GYROS OSTRY 800 G jest w\u0142a\u015bnie dla Ciebie! Ten wyj\u0105tkowy sos zosta\u0142 stworzony z my\u015bl\u0105 o mi\u0142o\u015bnikach ostrego jedzenia, kt\u00f3rzy nie boj\u0105 si\u0119 wyzwa\u0144 smakowych. FOLWARK SOS KEBAB-GYROS OSTRY 800 G to po\u0142\u0105czenie pikantnej papryki, [&hellip;]","og_url":"https:\/\/racom.com.pl\/index.php\/produkt\/sos-kebab-gyros-ostry-folwark-800g\/","og_site_name":"Mix Market - Supermarket z wszystkim co potrzeba","og_image":[{"width":1000,"height":1000,"url":"https:\/\/racom.com.pl\/wp-content\/uploads\/2025\/07\/allegro_687ab7dd58df17.43881168_11c036ee4149a70d4191896a7f22.jpg","type":"image\/jpeg"}],"twitter_card":"summary_large_image","twitter_misc":{"Szacowany czas czytania":"1 minuta"},"schema":{"@context":"https:\/\/schema.org","@graph":[{"@type":"WebPage","@id":"https:\/\/racom.com.pl\/index.php\/produkt\/sos-kebab-gyros-ostry-folwark-800g\/","url":"https:\/\/racom.com.pl\/index.php\/produkt\/sos-kebab-gyros-ostry-folwark-800g\/","name":"Sos KEBAB GYROS ostry FOLWARK 800g - Mix Market - Supermarket z wszystkim co potrzeba","isPartOf":{"@id":"https:\/\/racom.com.pl\/#website"},"primaryImageOfPage":{"@id":"https:\/\/racom.com.pl\/index.php\/produkt\/sos-kebab-gyros-ostry-folwark-800g\/#primaryimage"},"image":{"@id":"https:\/\/racom.com.pl\/index.php\/produkt\/sos-kebab-gyros-ostry-folwark-800g\/#primaryimage"},"thumbnailUrl":"https:\/\/racom.com.pl\/wp-content\/uploads\/2025\/07\/allegro_687ab7dd58df17.43881168_11c036ee4149a70d4191896a7f22.jpg","datePublished":"2025-07-18T21:08:33+00:00","breadcrumb":{"@id":"https:\/\/racom.com.pl\/index.php\/produkt\/sos-kebab-gyros-ostry-folwark-800g\/#breadcrumb"},"inLanguage":"pl-PL","potentialAction":[{"@type":"ReadAction","target":["https:\/\/racom.com.pl\/index.php\/produkt\/sos-kebab-gyros-ostry-folwark-800g\/"]}]},{"@type":"ImageObject","inLanguage":"pl-PL","@id":"https:\/\/racom.com.pl\/index.php\/produkt\/sos-kebab-gyros-ostry-folwark-800g\/#primaryimage","url":"https:\/\/racom.com.pl\/wp-content\/uploads\/2025\/07\/allegro_687ab7dd58df17.43881168_11c036ee4149a70d4191896a7f22.jpg","contentUrl":"https:\/\/racom.com.pl\/wp-content\/uploads\/2025\/07\/allegro_687ab7dd58df17.43881168_11c036ee4149a70d4191896a7f22.jpg","width":1000,"height":1000},{"@type":"BreadcrumbList","@id":"https:\/\/racom.com.pl\/index.php\/produkt\/sos-kebab-gyros-ostry-folwark-800g\/#breadcrumb","itemListElement":[{"@type":"ListItem","position":1,"name":"Strona g\u0142\u00f3wna","item":"https:\/\/racom.com.pl\/"},{"@type":"ListItem","position":2,"name":"Sklep","item":"https:\/\/racom.com.pl\/"},{"@type":"ListItem","position":3,"name":"Sos KEBAB GYROS ostry FOLWARK 800g"}]},{"@type":"WebSite","@id":"https:\/\/racom.com.pl\/#website","url":"https:\/\/racom.com.pl\/","name":"Mix Market - Supermarket z wszystkim co potrzeba do domu i nie tylko","description":"","publisher":{"@id":"https:\/\/racom.com.pl\/#organization"},"potentialAction":[{"@type":"SearchAction","target":{"@type":"EntryPoint","urlTemplate":"https:\/\/racom.com.pl\/?s={search_term_string}"},"query-input":{"@type":"PropertyValueSpecification","valueRequired":true,"valueName":"search_term_string"}}],"inLanguage":"pl-PL"},{"@type":"Organization","@id":"https:\/\/racom.com.pl\/#organization","name":"Mix Market - Supermarket z wszystkim co potrzeba do domu i nie tylko","url":"https:\/\/racom.com.pl\/","logo":{"@type":"ImageObject","inLanguage":"pl-PL","@id":"https:\/\/racom.com.pl\/#\/schema\/logo\/image\/","url":"https:\/\/racom.com.pl\/wp-content\/uploads\/2025\/07\/mixmarket_logo.png","contentUrl":"https:\/\/racom.com.pl\/wp-content\/uploads\/2025\/07\/mixmarket_logo.png","width":1024,"height":1024,"caption":"Mix Market - Supermarket z wszystkim co potrzeba do domu i nie tylko"},"image":{"@id":"https:\/\/racom.com.pl\/#\/schema\/logo\/image\/"}}]}},"_links":{"self":[{"href":"https:\/\/racom.com.pl\/index.php\/wp-json\/wp\/v2\/product\/2447","targetHints":{"allow":["GET"]}}],"collection":[{"href":"https:\/\/racom.com.pl\/index.php\/wp-json\/wp\/v2\/product"}],"about":[{"href":"https:\/\/racom.com.pl\/index.php\/wp-json\/wp\/v2\/types\/product"}],"replies":[{"embeddable":true,"href":"https:\/\/racom.com.pl\/index.php\/wp-json\/wp\/v2\/comments?post=2447"}],"wp:featuredmedia":[{"embeddable":true,"href":"https:\/\/racom.com.pl\/index.php\/wp-json\/wp\/v2\/media\/2450"}],"wp:attachment":[{"href":"https:\/\/racom.com.pl\/index.php\/wp-json\/wp\/v2\/media?parent=2447"}],"wp:term":[{"taxonomy":"product_brand","embeddable":true,"href":"https:\/\/racom.com.pl\/index.php\/wp-json\/wp\/v2\/product_brand?post=2447"},{"taxonomy":"product_cat","embeddable":true,"href":"https:\/\/racom.com.pl\/index.php\/wp-json\/wp\/v2\/product_cat?post=2447"},{"taxonomy":"product_tag","embeddable":true,"href":"https:\/\/racom.com.pl\/index.php\/wp-json\/wp\/v2\/product_tag?post=2447"}],"curies":[{"name":"wp","href":"https:\/\/api.w.org\/{rel}","templated":true}]}}