{"id":2451,"date":"2025-07-18T23:08:51","date_gmt":"2025-07-18T21:08:51","guid":{"rendered":"http:\/\/192.168.2.106\/index.php\/produkt\/kotlin-ketchup-lagodny-duza-butelka-950-g\/"},"modified":"2025-07-18T23:08:51","modified_gmt":"2025-07-18T21:08:51","slug":"kotlin-ketchup-lagodny-duza-butelka-950-g","status":"publish","type":"product","link":"https:\/\/racom.com.pl\/index.php\/produkt\/kotlin-ketchup-lagodny-duza-butelka-950-g\/","title":{"rendered":"KOTLIN Ketchup \u0141agodny du\u017ca butelka 950 g"},"content":{"rendered":"<h2>KOTLIN Ketchup \u0141agodny du\u017ca butelka 950 g<\/h2>\n<p><b>Waga:&nbsp;<\/b>Waga brutto &#8211; 1014 g<\/p>\n<p><b>Zalecenia dla alergik\u00f3w:&nbsp;<\/b>SELER &#8211; Mo\u017ce zawiera\u0107, ZBO\u017bA zawieraj\u0105ce GLUTEN &#8211; Nie zawiera<\/p>\n<p><b>Informacje dot stylu \u017cycia:&nbsp;<\/b>Bezglutenowy<\/p>\n<p>Sk\u0142adniki:<\/p>\n<ul>\n<li>pomidory (160 g pomidor\u00f3w ZU\u017bYTO na 100 g produktu),<\/li>\n<li>cukier,<\/li>\n<li>ocet,<\/li>\n<li>skrobia modyfikowana,<\/li>\n<li>s\u00f3l,<\/li>\n<li>regulator kwasowo\u015bci &#8211; kwas cytrynowy,<\/li>\n<li>naturalne aromaty,<\/li>\n<li>przyprawy<\/li>\n<\/ul>\n<p>Przygotowanie i stosowanie:&nbsp;Przed pierwszym u\u017cyciem odkr\u0119\u0107 zakr\u0119tk\u0119 i usu\u0144 foli\u0119 ochronn\u0105. Po otwarciu przechowuj w lod\u00f3wce.<\/p>\n","protected":false},"excerpt":{"rendered":"<p>KOTLIN Ketchup \u0141agodny du\u017ca butelka 950 g Waga:&nbsp;Waga brutto &#8211; 1014 g Zalecenia dla alergik\u00f3w:&nbsp;SELER &#8211; Mo\u017ce zawiera\u0107, ZBO\u017bA zawieraj\u0105ce GLUTEN &#8211; Nie zawiera Informacje dot stylu \u017cycia:&nbsp;Bezglutenowy Sk\u0142adniki: pomidory (160 g pomidor\u00f3w ZU\u017bYTO na 100 g produktu), cukier, ocet, skrobia modyfikowana, s\u00f3l, regulator kwasowo\u015bci &#8211; kwas cytrynowy, naturalne aromaty, przyprawy Przygotowanie i stosowanie:&nbsp;Przed pierwszym [&hellip;]<\/p>\n","protected":false},"featured_media":2455,"comment_status":"open","ping_status":"closed","template":"","meta":[],"product_brand":[153],"product_cat":[109],"product_tag":[],"class_list":{"0":"post-2451","1":"product","2":"type-product","3":"status-publish","4":"has-post-thumbnail","6":"product_brand-kotlin","7":"product_cat-sosy-kanapkowe-i-dressingi","9":"first","10":"instock","11":"taxable","12":"shipping-taxable","13":"purchasable","14":"product-type-simple"},"yoast_head":"<!-- This site is optimized with the Yoast SEO plugin v27.3 - https:\/\/yoast.com\/product\/yoast-seo-wordpress\/ -->\n<title>KOTLIN Ketchup \u0141agodny du\u017ca butelka 950 g - Mix Market - Supermarket z wszystkim co potrzeba<\/title>\n<meta name=\"robots\" content=\"index, follow, max-snippet:-1, max-image-preview:large, max-video-preview:-1\" \/>\n<link rel=\"canonical\" href=\"https:\/\/racom.com.pl\/index.php\/produkt\/kotlin-ketchup-lagodny-duza-butelka-950-g\/\" \/>\n<meta property=\"og:locale\" content=\"pl_PL\" \/>\n<meta property=\"og:type\" content=\"article\" \/>\n<meta property=\"og:title\" content=\"KOTLIN Ketchup \u0141agodny du\u017ca butelka 950 g - Mix Market - Supermarket z wszystkim co potrzeba\" \/>\n<meta property=\"og:description\" content=\"KOTLIN Ketchup \u0141agodny du\u017ca butelka 950 g Waga:&nbsp;Waga brutto &#8211; 1014 g Zalecenia dla alergik\u00f3w:&nbsp;SELER &#8211; Mo\u017ce zawiera\u0107, ZBO\u017bA zawieraj\u0105ce GLUTEN &#8211; Nie zawiera Informacje dot stylu \u017cycia:&nbsp;Bezglutenowy Sk\u0142adniki: pomidory (160 g pomidor\u00f3w ZU\u017bYTO na 100 g produktu), cukier, ocet, skrobia modyfikowana, s\u00f3l, regulator kwasowo\u015bci &#8211; kwas cytrynowy, naturalne aromaty, przyprawy Przygotowanie i stosowanie:&nbsp;Przed pierwszym [&hellip;]\" \/>\n<meta property=\"og:url\" content=\"https:\/\/racom.com.pl\/index.php\/produkt\/kotlin-ketchup-lagodny-duza-butelka-950-g\/\" \/>\n<meta property=\"og:site_name\" content=\"Mix Market - Supermarket z wszystkim co potrzeba\" \/>\n<meta property=\"og:image\" content=\"https:\/\/racom.com.pl\/wp-content\/uploads\/2025\/07\/allegro_687ab814327298.66642588_0e7e9fd14187a9e631eb9e1c6e40.jpg\" \/>\n\t<meta property=\"og:image:width\" content=\"2365\" \/>\n\t<meta property=\"og:image:height\" content=\"2365\" \/>\n\t<meta property=\"og:image:type\" content=\"image\/jpeg\" \/>\n<meta name=\"twitter:card\" content=\"summary_large_image\" \/>\n<script type=\"application\/ld+json\" class=\"yoast-schema-graph\">{\"@context\":\"https:\\\/\\\/schema.org\",\"@graph\":[{\"@type\":\"WebPage\",\"@id\":\"https:\\\/\\\/racom.com.pl\\\/index.php\\\/produkt\\\/kotlin-ketchup-lagodny-duza-butelka-950-g\\\/\",\"url\":\"https:\\\/\\\/racom.com.pl\\\/index.php\\\/produkt\\\/kotlin-ketchup-lagodny-duza-butelka-950-g\\\/\",\"name\":\"KOTLIN Ketchup \u0141agodny du\u017ca butelka 950 g - Mix Market - Supermarket z wszystkim co potrzeba\",\"isPartOf\":{\"@id\":\"https:\\\/\\\/racom.com.pl\\\/#website\"},\"primaryImageOfPage\":{\"@id\":\"https:\\\/\\\/racom.com.pl\\\/index.php\\\/produkt\\\/kotlin-ketchup-lagodny-duza-butelka-950-g\\\/#primaryimage\"},\"image\":{\"@id\":\"https:\\\/\\\/racom.com.pl\\\/index.php\\\/produkt\\\/kotlin-ketchup-lagodny-duza-butelka-950-g\\\/#primaryimage\"},\"thumbnailUrl\":\"https:\\\/\\\/racom.com.pl\\\/wp-content\\\/uploads\\\/2025\\\/07\\\/allegro_687ab814327298.66642588_0e7e9fd14187a9e631eb9e1c6e40.jpg\",\"datePublished\":\"2025-07-18T21:08:51+00:00\",\"breadcrumb\":{\"@id\":\"https:\\\/\\\/racom.com.pl\\\/index.php\\\/produkt\\\/kotlin-ketchup-lagodny-duza-butelka-950-g\\\/#breadcrumb\"},\"inLanguage\":\"pl-PL\",\"potentialAction\":[{\"@type\":\"ReadAction\",\"target\":[\"https:\\\/\\\/racom.com.pl\\\/index.php\\\/produkt\\\/kotlin-ketchup-lagodny-duza-butelka-950-g\\\/\"]}]},{\"@type\":\"ImageObject\",\"inLanguage\":\"pl-PL\",\"@id\":\"https:\\\/\\\/racom.com.pl\\\/index.php\\\/produkt\\\/kotlin-ketchup-lagodny-duza-butelka-950-g\\\/#primaryimage\",\"url\":\"https:\\\/\\\/racom.com.pl\\\/wp-content\\\/uploads\\\/2025\\\/07\\\/allegro_687ab814327298.66642588_0e7e9fd14187a9e631eb9e1c6e40.jpg\",\"contentUrl\":\"https:\\\/\\\/racom.com.pl\\\/wp-content\\\/uploads\\\/2025\\\/07\\\/allegro_687ab814327298.66642588_0e7e9fd14187a9e631eb9e1c6e40.jpg\",\"width\":2365,\"height\":2365},{\"@type\":\"BreadcrumbList\",\"@id\":\"https:\\\/\\\/racom.com.pl\\\/index.php\\\/produkt\\\/kotlin-ketchup-lagodny-duza-butelka-950-g\\\/#breadcrumb\",\"itemListElement\":[{\"@type\":\"ListItem\",\"position\":1,\"name\":\"Strona g\u0142\u00f3wna\",\"item\":\"https:\\\/\\\/racom.com.pl\\\/\"},{\"@type\":\"ListItem\",\"position\":2,\"name\":\"Sklep\",\"item\":\"https:\\\/\\\/racom.com.pl\\\/\"},{\"@type\":\"ListItem\",\"position\":3,\"name\":\"KOTLIN Ketchup \u0141agodny du\u017ca butelka 950 g\"}]},{\"@type\":\"WebSite\",\"@id\":\"https:\\\/\\\/racom.com.pl\\\/#website\",\"url\":\"https:\\\/\\\/racom.com.pl\\\/\",\"name\":\"Mix Market - Supermarket z wszystkim co potrzeba do domu i nie tylko\",\"description\":\"\",\"publisher\":{\"@id\":\"https:\\\/\\\/racom.com.pl\\\/#organization\"},\"potentialAction\":[{\"@type\":\"SearchAction\",\"target\":{\"@type\":\"EntryPoint\",\"urlTemplate\":\"https:\\\/\\\/racom.com.pl\\\/?s={search_term_string}\"},\"query-input\":{\"@type\":\"PropertyValueSpecification\",\"valueRequired\":true,\"valueName\":\"search_term_string\"}}],\"inLanguage\":\"pl-PL\"},{\"@type\":\"Organization\",\"@id\":\"https:\\\/\\\/racom.com.pl\\\/#organization\",\"name\":\"Mix Market - Supermarket z wszystkim co potrzeba do domu i nie tylko\",\"url\":\"https:\\\/\\\/racom.com.pl\\\/\",\"logo\":{\"@type\":\"ImageObject\",\"inLanguage\":\"pl-PL\",\"@id\":\"https:\\\/\\\/racom.com.pl\\\/#\\\/schema\\\/logo\\\/image\\\/\",\"url\":\"https:\\\/\\\/racom.com.pl\\\/wp-content\\\/uploads\\\/2025\\\/07\\\/mixmarket_logo.png\",\"contentUrl\":\"https:\\\/\\\/racom.com.pl\\\/wp-content\\\/uploads\\\/2025\\\/07\\\/mixmarket_logo.png\",\"width\":1024,\"height\":1024,\"caption\":\"Mix Market - Supermarket z wszystkim co potrzeba do domu i nie tylko\"},\"image\":{\"@id\":\"https:\\\/\\\/racom.com.pl\\\/#\\\/schema\\\/logo\\\/image\\\/\"}}]}<\/script>\n<!-- \/ Yoast SEO plugin. -->","yoast_head_json":{"title":"KOTLIN Ketchup \u0141agodny du\u017ca butelka 950 g - Mix Market - Supermarket z wszystkim co potrzeba","robots":{"index":"index","follow":"follow","max-snippet":"max-snippet:-1","max-image-preview":"max-image-preview:large","max-video-preview":"max-video-preview:-1"},"canonical":"https:\/\/racom.com.pl\/index.php\/produkt\/kotlin-ketchup-lagodny-duza-butelka-950-g\/","og_locale":"pl_PL","og_type":"article","og_title":"KOTLIN Ketchup \u0141agodny du\u017ca butelka 950 g - Mix Market - Supermarket z wszystkim co potrzeba","og_description":"KOTLIN Ketchup \u0141agodny du\u017ca butelka 950 g Waga:&nbsp;Waga brutto &#8211; 1014 g Zalecenia dla alergik\u00f3w:&nbsp;SELER &#8211; Mo\u017ce zawiera\u0107, ZBO\u017bA zawieraj\u0105ce GLUTEN &#8211; Nie zawiera Informacje dot stylu \u017cycia:&nbsp;Bezglutenowy Sk\u0142adniki: pomidory (160 g pomidor\u00f3w ZU\u017bYTO na 100 g produktu), cukier, ocet, skrobia modyfikowana, s\u00f3l, regulator kwasowo\u015bci &#8211; kwas cytrynowy, naturalne aromaty, przyprawy Przygotowanie i stosowanie:&nbsp;Przed pierwszym [&hellip;]","og_url":"https:\/\/racom.com.pl\/index.php\/produkt\/kotlin-ketchup-lagodny-duza-butelka-950-g\/","og_site_name":"Mix Market - Supermarket z wszystkim co potrzeba","og_image":[{"width":2365,"height":2365,"url":"https:\/\/racom.com.pl\/wp-content\/uploads\/2025\/07\/allegro_687ab814327298.66642588_0e7e9fd14187a9e631eb9e1c6e40.jpg","type":"image\/jpeg"}],"twitter_card":"summary_large_image","schema":{"@context":"https:\/\/schema.org","@graph":[{"@type":"WebPage","@id":"https:\/\/racom.com.pl\/index.php\/produkt\/kotlin-ketchup-lagodny-duza-butelka-950-g\/","url":"https:\/\/racom.com.pl\/index.php\/produkt\/kotlin-ketchup-lagodny-duza-butelka-950-g\/","name":"KOTLIN Ketchup \u0141agodny du\u017ca butelka 950 g - Mix Market - Supermarket z wszystkim co potrzeba","isPartOf":{"@id":"https:\/\/racom.com.pl\/#website"},"primaryImageOfPage":{"@id":"https:\/\/racom.com.pl\/index.php\/produkt\/kotlin-ketchup-lagodny-duza-butelka-950-g\/#primaryimage"},"image":{"@id":"https:\/\/racom.com.pl\/index.php\/produkt\/kotlin-ketchup-lagodny-duza-butelka-950-g\/#primaryimage"},"thumbnailUrl":"https:\/\/racom.com.pl\/wp-content\/uploads\/2025\/07\/allegro_687ab814327298.66642588_0e7e9fd14187a9e631eb9e1c6e40.jpg","datePublished":"2025-07-18T21:08:51+00:00","breadcrumb":{"@id":"https:\/\/racom.com.pl\/index.php\/produkt\/kotlin-ketchup-lagodny-duza-butelka-950-g\/#breadcrumb"},"inLanguage":"pl-PL","potentialAction":[{"@type":"ReadAction","target":["https:\/\/racom.com.pl\/index.php\/produkt\/kotlin-ketchup-lagodny-duza-butelka-950-g\/"]}]},{"@type":"ImageObject","inLanguage":"pl-PL","@id":"https:\/\/racom.com.pl\/index.php\/produkt\/kotlin-ketchup-lagodny-duza-butelka-950-g\/#primaryimage","url":"https:\/\/racom.com.pl\/wp-content\/uploads\/2025\/07\/allegro_687ab814327298.66642588_0e7e9fd14187a9e631eb9e1c6e40.jpg","contentUrl":"https:\/\/racom.com.pl\/wp-content\/uploads\/2025\/07\/allegro_687ab814327298.66642588_0e7e9fd14187a9e631eb9e1c6e40.jpg","width":2365,"height":2365},{"@type":"BreadcrumbList","@id":"https:\/\/racom.com.pl\/index.php\/produkt\/kotlin-ketchup-lagodny-duza-butelka-950-g\/#breadcrumb","itemListElement":[{"@type":"ListItem","position":1,"name":"Strona g\u0142\u00f3wna","item":"https:\/\/racom.com.pl\/"},{"@type":"ListItem","position":2,"name":"Sklep","item":"https:\/\/racom.com.pl\/"},{"@type":"ListItem","position":3,"name":"KOTLIN Ketchup \u0141agodny du\u017ca butelka 950 g"}]},{"@type":"WebSite","@id":"https:\/\/racom.com.pl\/#website","url":"https:\/\/racom.com.pl\/","name":"Mix Market - Supermarket z wszystkim co potrzeba do domu i nie tylko","description":"","publisher":{"@id":"https:\/\/racom.com.pl\/#organization"},"potentialAction":[{"@type":"SearchAction","target":{"@type":"EntryPoint","urlTemplate":"https:\/\/racom.com.pl\/?s={search_term_string}"},"query-input":{"@type":"PropertyValueSpecification","valueRequired":true,"valueName":"search_term_string"}}],"inLanguage":"pl-PL"},{"@type":"Organization","@id":"https:\/\/racom.com.pl\/#organization","name":"Mix Market - Supermarket z wszystkim co potrzeba do domu i nie tylko","url":"https:\/\/racom.com.pl\/","logo":{"@type":"ImageObject","inLanguage":"pl-PL","@id":"https:\/\/racom.com.pl\/#\/schema\/logo\/image\/","url":"https:\/\/racom.com.pl\/wp-content\/uploads\/2025\/07\/mixmarket_logo.png","contentUrl":"https:\/\/racom.com.pl\/wp-content\/uploads\/2025\/07\/mixmarket_logo.png","width":1024,"height":1024,"caption":"Mix Market - Supermarket z wszystkim co potrzeba do domu i nie tylko"},"image":{"@id":"https:\/\/racom.com.pl\/#\/schema\/logo\/image\/"}}]}},"_links":{"self":[{"href":"https:\/\/racom.com.pl\/index.php\/wp-json\/wp\/v2\/product\/2451","targetHints":{"allow":["GET"]}}],"collection":[{"href":"https:\/\/racom.com.pl\/index.php\/wp-json\/wp\/v2\/product"}],"about":[{"href":"https:\/\/racom.com.pl\/index.php\/wp-json\/wp\/v2\/types\/product"}],"replies":[{"embeddable":true,"href":"https:\/\/racom.com.pl\/index.php\/wp-json\/wp\/v2\/comments?post=2451"}],"wp:featuredmedia":[{"embeddable":true,"href":"https:\/\/racom.com.pl\/index.php\/wp-json\/wp\/v2\/media\/2455"}],"wp:attachment":[{"href":"https:\/\/racom.com.pl\/index.php\/wp-json\/wp\/v2\/media?parent=2451"}],"wp:term":[{"taxonomy":"product_brand","embeddable":true,"href":"https:\/\/racom.com.pl\/index.php\/wp-json\/wp\/v2\/product_brand?post=2451"},{"taxonomy":"product_cat","embeddable":true,"href":"https:\/\/racom.com.pl\/index.php\/wp-json\/wp\/v2\/product_cat?post=2451"},{"taxonomy":"product_tag","embeddable":true,"href":"https:\/\/racom.com.pl\/index.php\/wp-json\/wp\/v2\/product_tag?post=2451"}],"curies":[{"name":"wp","href":"https:\/\/api.w.org\/{rel}","templated":true}]}}