{"id":2462,"date":"2025-07-18T23:11:05","date_gmt":"2025-07-18T21:11:05","guid":{"rendered":"http:\/\/192.168.2.106\/index.php\/produkt\/olej-z-pestek-dyni-nierafinowany-goccia-doro-250-ml\/"},"modified":"2025-07-18T23:11:05","modified_gmt":"2025-07-18T21:11:05","slug":"olej-z-pestek-dyni-nierafinowany-goccia-doro-250-ml","status":"publish","type":"product","link":"https:\/\/racom.com.pl\/index.php\/produkt\/olej-z-pestek-dyni-nierafinowany-goccia-doro-250-ml\/","title":{"rendered":"Olej z pestek dyni nierafinowany Goccia D&#8217;Oro 250 ml"},"content":{"rendered":"<h2>Olej z pestek dyni Goccia D&#8217;oro 250 ml<\/h2>\n<p>Olej z pestek dyni jest bardzo bogaty w NNKT (Niezb\u0119dne Nienasycone Kwasy T\u0142uszczowe) niezb\u0119dne do prawid\u0142owego wzrastania organizmu. Dzi\u0119ki du\u017cej zawarto\u015bci witaminy E jest naturalnym antyutleniaczem szeroko stosowanym w r\u00f3\u017cnych rodzajach diet leczniczych i odchudzaj\u0105cych. Stosowany w naturalnej profilaktyce prawid\u0142owego funkcjonowania prostaty i uk\u0142adu moczowego. Ma dobroczynne dzia\u0142anie na uk\u0142ad trawienny, reguluje flor\u0119 bakteryjn\u0105 jelit. Olej z pestek dyni jest idealny do spo\u017cycia na surowo, do przyprawiania wielu potraw, m.in. sos\u00f3w, mi\u0119s, zup, ser\u00f3w, sa\u0142atek i lod\u00f3w.<\/p>\n<p><b>Metoda t\u0142oczenia:<\/b> Na zimno<\/p>\n<p><b>Pojemno\u015b\u0107:<\/b> 250 ml<\/p>\n<p><b>Kraj pochodzenia\/Wyprodukowano w:<\/b> W\u0142ochy<\/p>\n<p><b>Zastosowanie:<\/b> Do gotowania, Do pieczenia, Do sa\u0142atek, Do sma\u017cenia<\/p>\n<p><b>Sk\u0142adniki:<\/b> 100% olej z pestek dyni. zawiera kwasy omega-6 i omega-9.<\/p>\n<p><b>Temperatura przechowywania min &#8211; max:<\/b> 0 &#8211; 20 \u00b0C<\/p>\n<p><b>Spos\u00f3b przechowywania:<\/b> przechowywa\u0107 w suchym i ch\u0142odnym miejscu<\/p>\n<p>Warto\u015b\u0107 od\u017cywcza \/ <b>Wielko\u015b\u0107 porcji:<\/b> 100 ml<\/p>\n<p><b>Zawarto\u015b\u0107 t\u0142uszcz\u00f3w (og\u00f3lnie) w zadeklarowanej jednostce (g):<\/b> 92 g<\/p>\n<p><b>Zawarto\u015b\u0107 soli (og\u00f3lnie) w zadeklarowanej jednostce (g lub ml):<\/b> 0 g<\/p>\n<p><b>Zawarto\u015b\u0107 t\u0142uszcz\u00f3w (kwasy t\u0142uszczowe nasycone) w zadeklarowanej jednostce (g):<\/b> 16 g<\/p>\n<p><b>Warto\u015b\u0107 energetyczna kcal (energia) w zadeklarowanej jednostce:<\/b> 828 kcal\/100ml<\/p>\n<p><b>Zawarto\u015b\u0107 w\u0119glowodan\u00f3w (cukry) w zadeklarowanej jednostce (g):<\/b> 0 g<\/p>\n<p>Witaminy i sk\u0142adniki mineralne<\/p>\n<ul>\n<li><b>Witamina E (%RWS):<\/b> 150 %RWS<\/li>\n<li><b>Witamina E:<\/b> 18 mg\/100g<\/li>\n<\/ul>\n","protected":false},"excerpt":{"rendered":"<p>Olej z pestek dyni Goccia D&#8217;oro 250 ml Olej z pestek dyni jest bardzo bogaty w NNKT (Niezb\u0119dne Nienasycone Kwasy T\u0142uszczowe) niezb\u0119dne do prawid\u0142owego wzrastania organizmu. Dzi\u0119ki du\u017cej zawarto\u015bci witaminy E jest naturalnym antyutleniaczem szeroko stosowanym w r\u00f3\u017cnych rodzajach diet leczniczych i odchudzaj\u0105cych. Stosowany w naturalnej profilaktyce prawid\u0142owego funkcjonowania prostaty i uk\u0142adu moczowego. Ma dobroczynne [&hellip;]<\/p>\n","protected":false},"featured_media":2466,"comment_status":"open","ping_status":"closed","template":"","meta":[],"product_brand":[118],"product_cat":[114],"product_tag":[],"class_list":{"0":"post-2462","1":"product","2":"type-product","3":"status-publish","4":"has-post-thumbnail","6":"product_brand-goccia-doro","7":"product_cat-oliwa-olej-ocet","9":"first","10":"instock","11":"taxable","12":"shipping-taxable","13":"purchasable","14":"product-type-simple"},"yoast_head":"<!-- This site is optimized with the Yoast SEO plugin v27.4 - https:\/\/yoast.com\/product\/yoast-seo-wordpress\/ -->\n<title>Olej z pestek dyni nierafinowany Goccia D&#039;Oro 250 ml - Mix Market - Supermarket z wszystkim co potrzeba<\/title>\n<meta name=\"robots\" content=\"index, follow, max-snippet:-1, max-image-preview:large, max-video-preview:-1\" \/>\n<link rel=\"canonical\" href=\"https:\/\/racom.com.pl\/index.php\/produkt\/olej-z-pestek-dyni-nierafinowany-goccia-doro-250-ml\/\" \/>\n<meta property=\"og:locale\" content=\"pl_PL\" \/>\n<meta property=\"og:type\" content=\"article\" \/>\n<meta property=\"og:title\" content=\"Olej z pestek dyni nierafinowany Goccia D&#039;Oro 250 ml - Mix Market - Supermarket z wszystkim co potrzeba\" \/>\n<meta property=\"og:description\" content=\"Olej z pestek dyni Goccia D&#8217;oro 250 ml Olej z pestek dyni jest bardzo bogaty w NNKT (Niezb\u0119dne Nienasycone Kwasy T\u0142uszczowe) niezb\u0119dne do prawid\u0142owego wzrastania organizmu. Dzi\u0119ki du\u017cej zawarto\u015bci witaminy E jest naturalnym antyutleniaczem szeroko stosowanym w r\u00f3\u017cnych rodzajach diet leczniczych i odchudzaj\u0105cych. Stosowany w naturalnej profilaktyce prawid\u0142owego funkcjonowania prostaty i uk\u0142adu moczowego. Ma dobroczynne [&hellip;]\" \/>\n<meta property=\"og:url\" content=\"https:\/\/racom.com.pl\/index.php\/produkt\/olej-z-pestek-dyni-nierafinowany-goccia-doro-250-ml\/\" \/>\n<meta property=\"og:site_name\" content=\"Mix Market - Supermarket z wszystkim co potrzeba\" \/>\n<meta property=\"og:image\" content=\"https:\/\/racom.com.pl\/wp-content\/uploads\/2025\/07\/allegro_687ab89b010258.83128307_9bde40454e5cabcb48c180f6a58b.jpg\" \/>\n\t<meta property=\"og:image:width\" content=\"649\" \/>\n\t<meta property=\"og:image:height\" content=\"873\" \/>\n\t<meta property=\"og:image:type\" content=\"image\/jpeg\" \/>\n<meta name=\"twitter:card\" content=\"summary_large_image\" \/>\n<meta name=\"twitter:label1\" content=\"Szacowany czas czytania\" \/>\n\t<meta name=\"twitter:data1\" content=\"1 minuta\" \/>\n<script type=\"application\/ld+json\" class=\"yoast-schema-graph\">{\"@context\":\"https:\\\/\\\/schema.org\",\"@graph\":[{\"@type\":\"WebPage\",\"@id\":\"https:\\\/\\\/racom.com.pl\\\/index.php\\\/produkt\\\/olej-z-pestek-dyni-nierafinowany-goccia-doro-250-ml\\\/\",\"url\":\"https:\\\/\\\/racom.com.pl\\\/index.php\\\/produkt\\\/olej-z-pestek-dyni-nierafinowany-goccia-doro-250-ml\\\/\",\"name\":\"Olej z pestek dyni nierafinowany Goccia D'Oro 250 ml - Mix Market - Supermarket z wszystkim co potrzeba\",\"isPartOf\":{\"@id\":\"https:\\\/\\\/racom.com.pl\\\/#website\"},\"primaryImageOfPage\":{\"@id\":\"https:\\\/\\\/racom.com.pl\\\/index.php\\\/produkt\\\/olej-z-pestek-dyni-nierafinowany-goccia-doro-250-ml\\\/#primaryimage\"},\"image\":{\"@id\":\"https:\\\/\\\/racom.com.pl\\\/index.php\\\/produkt\\\/olej-z-pestek-dyni-nierafinowany-goccia-doro-250-ml\\\/#primaryimage\"},\"thumbnailUrl\":\"https:\\\/\\\/racom.com.pl\\\/wp-content\\\/uploads\\\/2025\\\/07\\\/allegro_687ab89b010258.83128307_9bde40454e5cabcb48c180f6a58b.jpg\",\"datePublished\":\"2025-07-18T21:11:05+00:00\",\"breadcrumb\":{\"@id\":\"https:\\\/\\\/racom.com.pl\\\/index.php\\\/produkt\\\/olej-z-pestek-dyni-nierafinowany-goccia-doro-250-ml\\\/#breadcrumb\"},\"inLanguage\":\"pl-PL\",\"potentialAction\":[{\"@type\":\"ReadAction\",\"target\":[\"https:\\\/\\\/racom.com.pl\\\/index.php\\\/produkt\\\/olej-z-pestek-dyni-nierafinowany-goccia-doro-250-ml\\\/\"]}]},{\"@type\":\"ImageObject\",\"inLanguage\":\"pl-PL\",\"@id\":\"https:\\\/\\\/racom.com.pl\\\/index.php\\\/produkt\\\/olej-z-pestek-dyni-nierafinowany-goccia-doro-250-ml\\\/#primaryimage\",\"url\":\"https:\\\/\\\/racom.com.pl\\\/wp-content\\\/uploads\\\/2025\\\/07\\\/allegro_687ab89b010258.83128307_9bde40454e5cabcb48c180f6a58b.jpg\",\"contentUrl\":\"https:\\\/\\\/racom.com.pl\\\/wp-content\\\/uploads\\\/2025\\\/07\\\/allegro_687ab89b010258.83128307_9bde40454e5cabcb48c180f6a58b.jpg\",\"width\":649,\"height\":873},{\"@type\":\"BreadcrumbList\",\"@id\":\"https:\\\/\\\/racom.com.pl\\\/index.php\\\/produkt\\\/olej-z-pestek-dyni-nierafinowany-goccia-doro-250-ml\\\/#breadcrumb\",\"itemListElement\":[{\"@type\":\"ListItem\",\"position\":1,\"name\":\"Strona g\u0142\u00f3wna\",\"item\":\"https:\\\/\\\/racom.com.pl\\\/\"},{\"@type\":\"ListItem\",\"position\":2,\"name\":\"Sklep\",\"item\":\"https:\\\/\\\/racom.com.pl\\\/\"},{\"@type\":\"ListItem\",\"position\":3,\"name\":\"Olej z pestek dyni nierafinowany Goccia D&#8217;Oro 250 ml\"}]},{\"@type\":\"WebSite\",\"@id\":\"https:\\\/\\\/racom.com.pl\\\/#website\",\"url\":\"https:\\\/\\\/racom.com.pl\\\/\",\"name\":\"Mix Market - Supermarket z wszystkim co potrzeba do domu i nie tylko\",\"description\":\"\",\"publisher\":{\"@id\":\"https:\\\/\\\/racom.com.pl\\\/#organization\"},\"potentialAction\":[{\"@type\":\"SearchAction\",\"target\":{\"@type\":\"EntryPoint\",\"urlTemplate\":\"https:\\\/\\\/racom.com.pl\\\/?s={search_term_string}\"},\"query-input\":{\"@type\":\"PropertyValueSpecification\",\"valueRequired\":true,\"valueName\":\"search_term_string\"}}],\"inLanguage\":\"pl-PL\"},{\"@type\":\"Organization\",\"@id\":\"https:\\\/\\\/racom.com.pl\\\/#organization\",\"name\":\"Mix Market - Supermarket z wszystkim co potrzeba do domu i nie tylko\",\"url\":\"https:\\\/\\\/racom.com.pl\\\/\",\"logo\":{\"@type\":\"ImageObject\",\"inLanguage\":\"pl-PL\",\"@id\":\"https:\\\/\\\/racom.com.pl\\\/#\\\/schema\\\/logo\\\/image\\\/\",\"url\":\"https:\\\/\\\/racom.com.pl\\\/wp-content\\\/uploads\\\/2025\\\/07\\\/mixmarket_logo.png\",\"contentUrl\":\"https:\\\/\\\/racom.com.pl\\\/wp-content\\\/uploads\\\/2025\\\/07\\\/mixmarket_logo.png\",\"width\":1024,\"height\":1024,\"caption\":\"Mix Market - Supermarket z wszystkim co potrzeba do domu i nie tylko\"},\"image\":{\"@id\":\"https:\\\/\\\/racom.com.pl\\\/#\\\/schema\\\/logo\\\/image\\\/\"}}]}<\/script>\n<!-- \/ Yoast SEO plugin. -->","yoast_head_json":{"title":"Olej z pestek dyni nierafinowany Goccia D'Oro 250 ml - Mix Market - Supermarket z wszystkim co potrzeba","robots":{"index":"index","follow":"follow","max-snippet":"max-snippet:-1","max-image-preview":"max-image-preview:large","max-video-preview":"max-video-preview:-1"},"canonical":"https:\/\/racom.com.pl\/index.php\/produkt\/olej-z-pestek-dyni-nierafinowany-goccia-doro-250-ml\/","og_locale":"pl_PL","og_type":"article","og_title":"Olej z pestek dyni nierafinowany Goccia D'Oro 250 ml - Mix Market - Supermarket z wszystkim co potrzeba","og_description":"Olej z pestek dyni Goccia D&#8217;oro 250 ml Olej z pestek dyni jest bardzo bogaty w NNKT (Niezb\u0119dne Nienasycone Kwasy T\u0142uszczowe) niezb\u0119dne do prawid\u0142owego wzrastania organizmu. Dzi\u0119ki du\u017cej zawarto\u015bci witaminy E jest naturalnym antyutleniaczem szeroko stosowanym w r\u00f3\u017cnych rodzajach diet leczniczych i odchudzaj\u0105cych. Stosowany w naturalnej profilaktyce prawid\u0142owego funkcjonowania prostaty i uk\u0142adu moczowego. Ma dobroczynne [&hellip;]","og_url":"https:\/\/racom.com.pl\/index.php\/produkt\/olej-z-pestek-dyni-nierafinowany-goccia-doro-250-ml\/","og_site_name":"Mix Market - Supermarket z wszystkim co potrzeba","og_image":[{"width":649,"height":873,"url":"https:\/\/racom.com.pl\/wp-content\/uploads\/2025\/07\/allegro_687ab89b010258.83128307_9bde40454e5cabcb48c180f6a58b.jpg","type":"image\/jpeg"}],"twitter_card":"summary_large_image","twitter_misc":{"Szacowany czas czytania":"1 minuta"},"schema":{"@context":"https:\/\/schema.org","@graph":[{"@type":"WebPage","@id":"https:\/\/racom.com.pl\/index.php\/produkt\/olej-z-pestek-dyni-nierafinowany-goccia-doro-250-ml\/","url":"https:\/\/racom.com.pl\/index.php\/produkt\/olej-z-pestek-dyni-nierafinowany-goccia-doro-250-ml\/","name":"Olej z pestek dyni nierafinowany Goccia D'Oro 250 ml - Mix Market - Supermarket z wszystkim co potrzeba","isPartOf":{"@id":"https:\/\/racom.com.pl\/#website"},"primaryImageOfPage":{"@id":"https:\/\/racom.com.pl\/index.php\/produkt\/olej-z-pestek-dyni-nierafinowany-goccia-doro-250-ml\/#primaryimage"},"image":{"@id":"https:\/\/racom.com.pl\/index.php\/produkt\/olej-z-pestek-dyni-nierafinowany-goccia-doro-250-ml\/#primaryimage"},"thumbnailUrl":"https:\/\/racom.com.pl\/wp-content\/uploads\/2025\/07\/allegro_687ab89b010258.83128307_9bde40454e5cabcb48c180f6a58b.jpg","datePublished":"2025-07-18T21:11:05+00:00","breadcrumb":{"@id":"https:\/\/racom.com.pl\/index.php\/produkt\/olej-z-pestek-dyni-nierafinowany-goccia-doro-250-ml\/#breadcrumb"},"inLanguage":"pl-PL","potentialAction":[{"@type":"ReadAction","target":["https:\/\/racom.com.pl\/index.php\/produkt\/olej-z-pestek-dyni-nierafinowany-goccia-doro-250-ml\/"]}]},{"@type":"ImageObject","inLanguage":"pl-PL","@id":"https:\/\/racom.com.pl\/index.php\/produkt\/olej-z-pestek-dyni-nierafinowany-goccia-doro-250-ml\/#primaryimage","url":"https:\/\/racom.com.pl\/wp-content\/uploads\/2025\/07\/allegro_687ab89b010258.83128307_9bde40454e5cabcb48c180f6a58b.jpg","contentUrl":"https:\/\/racom.com.pl\/wp-content\/uploads\/2025\/07\/allegro_687ab89b010258.83128307_9bde40454e5cabcb48c180f6a58b.jpg","width":649,"height":873},{"@type":"BreadcrumbList","@id":"https:\/\/racom.com.pl\/index.php\/produkt\/olej-z-pestek-dyni-nierafinowany-goccia-doro-250-ml\/#breadcrumb","itemListElement":[{"@type":"ListItem","position":1,"name":"Strona g\u0142\u00f3wna","item":"https:\/\/racom.com.pl\/"},{"@type":"ListItem","position":2,"name":"Sklep","item":"https:\/\/racom.com.pl\/"},{"@type":"ListItem","position":3,"name":"Olej z pestek dyni nierafinowany Goccia D&#8217;Oro 250 ml"}]},{"@type":"WebSite","@id":"https:\/\/racom.com.pl\/#website","url":"https:\/\/racom.com.pl\/","name":"Mix Market - Supermarket z wszystkim co potrzeba do domu i nie tylko","description":"","publisher":{"@id":"https:\/\/racom.com.pl\/#organization"},"potentialAction":[{"@type":"SearchAction","target":{"@type":"EntryPoint","urlTemplate":"https:\/\/racom.com.pl\/?s={search_term_string}"},"query-input":{"@type":"PropertyValueSpecification","valueRequired":true,"valueName":"search_term_string"}}],"inLanguage":"pl-PL"},{"@type":"Organization","@id":"https:\/\/racom.com.pl\/#organization","name":"Mix Market - Supermarket z wszystkim co potrzeba do domu i nie tylko","url":"https:\/\/racom.com.pl\/","logo":{"@type":"ImageObject","inLanguage":"pl-PL","@id":"https:\/\/racom.com.pl\/#\/schema\/logo\/image\/","url":"https:\/\/racom.com.pl\/wp-content\/uploads\/2025\/07\/mixmarket_logo.png","contentUrl":"https:\/\/racom.com.pl\/wp-content\/uploads\/2025\/07\/mixmarket_logo.png","width":1024,"height":1024,"caption":"Mix Market - Supermarket z wszystkim co potrzeba do domu i nie tylko"},"image":{"@id":"https:\/\/racom.com.pl\/#\/schema\/logo\/image\/"}}]}},"_links":{"self":[{"href":"https:\/\/racom.com.pl\/index.php\/wp-json\/wp\/v2\/product\/2462","targetHints":{"allow":["GET"]}}],"collection":[{"href":"https:\/\/racom.com.pl\/index.php\/wp-json\/wp\/v2\/product"}],"about":[{"href":"https:\/\/racom.com.pl\/index.php\/wp-json\/wp\/v2\/types\/product"}],"replies":[{"embeddable":true,"href":"https:\/\/racom.com.pl\/index.php\/wp-json\/wp\/v2\/comments?post=2462"}],"wp:featuredmedia":[{"embeddable":true,"href":"https:\/\/racom.com.pl\/index.php\/wp-json\/wp\/v2\/media\/2466"}],"wp:attachment":[{"href":"https:\/\/racom.com.pl\/index.php\/wp-json\/wp\/v2\/media?parent=2462"}],"wp:term":[{"taxonomy":"product_brand","embeddable":true,"href":"https:\/\/racom.com.pl\/index.php\/wp-json\/wp\/v2\/product_brand?post=2462"},{"taxonomy":"product_cat","embeddable":true,"href":"https:\/\/racom.com.pl\/index.php\/wp-json\/wp\/v2\/product_cat?post=2462"},{"taxonomy":"product_tag","embeddable":true,"href":"https:\/\/racom.com.pl\/index.php\/wp-json\/wp\/v2\/product_tag?post=2462"}],"curies":[{"name":"wp","href":"https:\/\/api.w.org\/{rel}","templated":true}]}}