{"id":2471,"date":"2025-07-18T23:13:30","date_gmt":"2025-07-18T21:13:30","guid":{"rendered":"http:\/\/192.168.2.106\/index.php\/produkt\/woda-kokosowa-puszka-z-kofeina-320ml-qf-12-sztuk\/"},"modified":"2025-07-18T23:13:30","modified_gmt":"2025-07-18T21:13:30","slug":"woda-kokosowa-puszka-z-kofeina-320ml-qf-12-sztuk","status":"publish","type":"product","link":"https:\/\/racom.com.pl\/index.php\/produkt\/woda-kokosowa-puszka-z-kofeina-320ml-qf-12-sztuk\/","title":{"rendered":"Woda kokosowa PUSZKA z kofein\u0105 320ml QF 12 sztuk"},"content":{"rendered":"<h2>Woda kokosowa z kofein\u0105 Zestaw 12 x 320 ml<\/h2>\n<ul>\n<li><b>Producent:<\/b> Quality Food<\/li>\n<li><b>Zawarto\u015b\u0107:<\/b> 12 x 320 ml<\/li>\n<li><b>Wega\u0144ski:<\/b> tak<\/li>\n<li><b>Wegetaria\u0144ski:<\/b> tak<\/li>\n<\/ul>\n<p><b>Zestaw 12 x Woda kokosowa z kofein\u0105 QF 320 ml<\/b><\/p>\n<p>Naturalne orze\u017awienie p\u0142yn\u0105ce z m\u0142odego kokosa.<\/p>\n<ul>\n<li>Nie zawiera konserwant\u00f3w ani cukru.<\/li>\n<li>Nawadnia organizm i dodaje energii.<\/li>\n<li>100% wody kokosowej trafia bezpo\u015brednio do puszki.<\/li>\n<\/ul>\n<p><b>Sk\u0142adniki:<\/b><\/p>\n<p>Woda kokosowa 99,9 %, regulator kwasowo\u015bci: kwas askorbinowy, kofeina z guarany 0,032 %. Wysoka zawarto\u015b\u0107 kofeiny; nie zaleca si\u0119 stosowania u dzieci, kobiet w ci\u0105\u017cy i kobiet karmi\u0105cych piersi\u0105 (zawiera 32 mg kofeiny na 100 ml).<\/p>\n<p><b>Warto\u015bci od\u017cywcze:<\/b><\/p>\n<ul>\n<li>warto\u015b\u0107 energetyczna 99\/23 kJ\/kcal,<\/li>\n<li>t\u0142uszcz 0 g, w tym<\/li>\n<li>kwasy t\u0142uszczowe nasycone 0 g,<\/li>\n<li>w\u0119glowodany 5,8 g, w tym<\/li>\n<li>cukry 3,0 g,<\/li>\n<li>bia\u0142ko 0 g,<\/li>\n<li>s\u00f3l 0,10<\/li>\n<\/ul>\n<p><b>Spos\u00f3b przygotowania i przechowywania:<\/b><\/p>\n<p>Po otwarciu przechowywa\u0107 w lod\u00f3wce przez maksymalnie 1 dzie\u0144.<\/p>\n","protected":false},"excerpt":{"rendered":"<p>Woda kokosowa z kofein\u0105 Zestaw 12 x 320 ml Producent: Quality Food Zawarto\u015b\u0107: 12 x 320 ml Wega\u0144ski: tak Wegetaria\u0144ski: tak Zestaw 12 x Woda kokosowa z kofein\u0105 QF 320 ml Naturalne orze\u017awienie p\u0142yn\u0105ce z m\u0142odego kokosa. Nie zawiera konserwant\u00f3w ani cukru. Nawadnia organizm i dodaje energii. 100% wody kokosowej trafia bezpo\u015brednio do puszki. Sk\u0142adniki: [&hellip;]<\/p>\n","protected":false},"featured_media":2475,"comment_status":"open","ping_status":"closed","template":"","meta":[],"product_brand":[155],"product_cat":[116],"product_tag":[],"class_list":{"0":"post-2471","1":"product","2":"type-product","3":"status-publish","4":"has-post-thumbnail","6":"product_brand-qf","7":"product_cat-napoje-i-akcesoria","9":"first","10":"instock","11":"taxable","12":"shipping-taxable","13":"purchasable","14":"product-type-simple"},"yoast_head":"<!-- This site is optimized with the Yoast SEO plugin v27.3 - https:\/\/yoast.com\/product\/yoast-seo-wordpress\/ -->\n<title>Woda kokosowa PUSZKA z kofein\u0105 320ml QF 12 sztuk - Mix Market - Supermarket z wszystkim co potrzeba<\/title>\n<meta name=\"robots\" content=\"index, follow, max-snippet:-1, max-image-preview:large, max-video-preview:-1\" \/>\n<link rel=\"canonical\" href=\"https:\/\/racom.com.pl\/index.php\/produkt\/woda-kokosowa-puszka-z-kofeina-320ml-qf-12-sztuk\/\" \/>\n<meta property=\"og:locale\" content=\"pl_PL\" \/>\n<meta property=\"og:type\" content=\"article\" \/>\n<meta property=\"og:title\" content=\"Woda kokosowa PUSZKA z kofein\u0105 320ml QF 12 sztuk - Mix Market - Supermarket z wszystkim co potrzeba\" \/>\n<meta property=\"og:description\" content=\"Woda kokosowa z kofein\u0105 Zestaw 12 x 320 ml Producent: Quality Food Zawarto\u015b\u0107: 12 x 320 ml Wega\u0144ski: tak Wegetaria\u0144ski: tak Zestaw 12 x Woda kokosowa z kofein\u0105 QF 320 ml Naturalne orze\u017awienie p\u0142yn\u0105ce z m\u0142odego kokosa. Nie zawiera konserwant\u00f3w ani cukru. Nawadnia organizm i dodaje energii. 100% wody kokosowej trafia bezpo\u015brednio do puszki. Sk\u0142adniki: [&hellip;]\" \/>\n<meta property=\"og:url\" content=\"https:\/\/racom.com.pl\/index.php\/produkt\/woda-kokosowa-puszka-z-kofeina-320ml-qf-12-sztuk\/\" \/>\n<meta property=\"og:site_name\" content=\"Mix Market - Supermarket z wszystkim co potrzeba\" \/>\n<meta property=\"og:image\" content=\"https:\/\/racom.com.pl\/wp-content\/uploads\/2025\/07\/allegro_687ab9265efed6.76612076_fef257064e399db72292f1af00c6.jpg\" \/>\n\t<meta property=\"og:image:width\" content=\"2365\" \/>\n\t<meta property=\"og:image:height\" content=\"2365\" \/>\n\t<meta property=\"og:image:type\" content=\"image\/jpeg\" \/>\n<meta name=\"twitter:card\" content=\"summary_large_image\" \/>\n<meta name=\"twitter:label1\" content=\"Szacowany czas czytania\" \/>\n\t<meta name=\"twitter:data1\" content=\"1 minuta\" \/>\n<script type=\"application\/ld+json\" class=\"yoast-schema-graph\">{\"@context\":\"https:\\\/\\\/schema.org\",\"@graph\":[{\"@type\":\"WebPage\",\"@id\":\"https:\\\/\\\/racom.com.pl\\\/index.php\\\/produkt\\\/woda-kokosowa-puszka-z-kofeina-320ml-qf-12-sztuk\\\/\",\"url\":\"https:\\\/\\\/racom.com.pl\\\/index.php\\\/produkt\\\/woda-kokosowa-puszka-z-kofeina-320ml-qf-12-sztuk\\\/\",\"name\":\"Woda kokosowa PUSZKA z kofein\u0105 320ml QF 12 sztuk - Mix Market - Supermarket z wszystkim co potrzeba\",\"isPartOf\":{\"@id\":\"https:\\\/\\\/racom.com.pl\\\/#website\"},\"primaryImageOfPage\":{\"@id\":\"https:\\\/\\\/racom.com.pl\\\/index.php\\\/produkt\\\/woda-kokosowa-puszka-z-kofeina-320ml-qf-12-sztuk\\\/#primaryimage\"},\"image\":{\"@id\":\"https:\\\/\\\/racom.com.pl\\\/index.php\\\/produkt\\\/woda-kokosowa-puszka-z-kofeina-320ml-qf-12-sztuk\\\/#primaryimage\"},\"thumbnailUrl\":\"https:\\\/\\\/racom.com.pl\\\/wp-content\\\/uploads\\\/2025\\\/07\\\/allegro_687ab9265efed6.76612076_fef257064e399db72292f1af00c6.jpg\",\"datePublished\":\"2025-07-18T21:13:30+00:00\",\"breadcrumb\":{\"@id\":\"https:\\\/\\\/racom.com.pl\\\/index.php\\\/produkt\\\/woda-kokosowa-puszka-z-kofeina-320ml-qf-12-sztuk\\\/#breadcrumb\"},\"inLanguage\":\"pl-PL\",\"potentialAction\":[{\"@type\":\"ReadAction\",\"target\":[\"https:\\\/\\\/racom.com.pl\\\/index.php\\\/produkt\\\/woda-kokosowa-puszka-z-kofeina-320ml-qf-12-sztuk\\\/\"]}]},{\"@type\":\"ImageObject\",\"inLanguage\":\"pl-PL\",\"@id\":\"https:\\\/\\\/racom.com.pl\\\/index.php\\\/produkt\\\/woda-kokosowa-puszka-z-kofeina-320ml-qf-12-sztuk\\\/#primaryimage\",\"url\":\"https:\\\/\\\/racom.com.pl\\\/wp-content\\\/uploads\\\/2025\\\/07\\\/allegro_687ab9265efed6.76612076_fef257064e399db72292f1af00c6.jpg\",\"contentUrl\":\"https:\\\/\\\/racom.com.pl\\\/wp-content\\\/uploads\\\/2025\\\/07\\\/allegro_687ab9265efed6.76612076_fef257064e399db72292f1af00c6.jpg\",\"width\":2365,\"height\":2365},{\"@type\":\"BreadcrumbList\",\"@id\":\"https:\\\/\\\/racom.com.pl\\\/index.php\\\/produkt\\\/woda-kokosowa-puszka-z-kofeina-320ml-qf-12-sztuk\\\/#breadcrumb\",\"itemListElement\":[{\"@type\":\"ListItem\",\"position\":1,\"name\":\"Strona g\u0142\u00f3wna\",\"item\":\"https:\\\/\\\/racom.com.pl\\\/\"},{\"@type\":\"ListItem\",\"position\":2,\"name\":\"Sklep\",\"item\":\"https:\\\/\\\/racom.com.pl\\\/\"},{\"@type\":\"ListItem\",\"position\":3,\"name\":\"Woda kokosowa PUSZKA z kofein\u0105 320ml QF 12 sztuk\"}]},{\"@type\":\"WebSite\",\"@id\":\"https:\\\/\\\/racom.com.pl\\\/#website\",\"url\":\"https:\\\/\\\/racom.com.pl\\\/\",\"name\":\"Mix Market - Supermarket z wszystkim co potrzeba do domu i nie tylko\",\"description\":\"\",\"publisher\":{\"@id\":\"https:\\\/\\\/racom.com.pl\\\/#organization\"},\"potentialAction\":[{\"@type\":\"SearchAction\",\"target\":{\"@type\":\"EntryPoint\",\"urlTemplate\":\"https:\\\/\\\/racom.com.pl\\\/?s={search_term_string}\"},\"query-input\":{\"@type\":\"PropertyValueSpecification\",\"valueRequired\":true,\"valueName\":\"search_term_string\"}}],\"inLanguage\":\"pl-PL\"},{\"@type\":\"Organization\",\"@id\":\"https:\\\/\\\/racom.com.pl\\\/#organization\",\"name\":\"Mix Market - Supermarket z wszystkim co potrzeba do domu i nie tylko\",\"url\":\"https:\\\/\\\/racom.com.pl\\\/\",\"logo\":{\"@type\":\"ImageObject\",\"inLanguage\":\"pl-PL\",\"@id\":\"https:\\\/\\\/racom.com.pl\\\/#\\\/schema\\\/logo\\\/image\\\/\",\"url\":\"https:\\\/\\\/racom.com.pl\\\/wp-content\\\/uploads\\\/2025\\\/07\\\/mixmarket_logo.png\",\"contentUrl\":\"https:\\\/\\\/racom.com.pl\\\/wp-content\\\/uploads\\\/2025\\\/07\\\/mixmarket_logo.png\",\"width\":1024,\"height\":1024,\"caption\":\"Mix Market - Supermarket z wszystkim co potrzeba do domu i nie tylko\"},\"image\":{\"@id\":\"https:\\\/\\\/racom.com.pl\\\/#\\\/schema\\\/logo\\\/image\\\/\"}}]}<\/script>\n<!-- \/ Yoast SEO plugin. -->","yoast_head_json":{"title":"Woda kokosowa PUSZKA z kofein\u0105 320ml QF 12 sztuk - Mix Market - Supermarket z wszystkim co potrzeba","robots":{"index":"index","follow":"follow","max-snippet":"max-snippet:-1","max-image-preview":"max-image-preview:large","max-video-preview":"max-video-preview:-1"},"canonical":"https:\/\/racom.com.pl\/index.php\/produkt\/woda-kokosowa-puszka-z-kofeina-320ml-qf-12-sztuk\/","og_locale":"pl_PL","og_type":"article","og_title":"Woda kokosowa PUSZKA z kofein\u0105 320ml QF 12 sztuk - Mix Market - Supermarket z wszystkim co potrzeba","og_description":"Woda kokosowa z kofein\u0105 Zestaw 12 x 320 ml Producent: Quality Food Zawarto\u015b\u0107: 12 x 320 ml Wega\u0144ski: tak Wegetaria\u0144ski: tak Zestaw 12 x Woda kokosowa z kofein\u0105 QF 320 ml Naturalne orze\u017awienie p\u0142yn\u0105ce z m\u0142odego kokosa. Nie zawiera konserwant\u00f3w ani cukru. Nawadnia organizm i dodaje energii. 100% wody kokosowej trafia bezpo\u015brednio do puszki. Sk\u0142adniki: [&hellip;]","og_url":"https:\/\/racom.com.pl\/index.php\/produkt\/woda-kokosowa-puszka-z-kofeina-320ml-qf-12-sztuk\/","og_site_name":"Mix Market - Supermarket z wszystkim co potrzeba","og_image":[{"width":2365,"height":2365,"url":"https:\/\/racom.com.pl\/wp-content\/uploads\/2025\/07\/allegro_687ab9265efed6.76612076_fef257064e399db72292f1af00c6.jpg","type":"image\/jpeg"}],"twitter_card":"summary_large_image","twitter_misc":{"Szacowany czas czytania":"1 minuta"},"schema":{"@context":"https:\/\/schema.org","@graph":[{"@type":"WebPage","@id":"https:\/\/racom.com.pl\/index.php\/produkt\/woda-kokosowa-puszka-z-kofeina-320ml-qf-12-sztuk\/","url":"https:\/\/racom.com.pl\/index.php\/produkt\/woda-kokosowa-puszka-z-kofeina-320ml-qf-12-sztuk\/","name":"Woda kokosowa PUSZKA z kofein\u0105 320ml QF 12 sztuk - Mix Market - Supermarket z wszystkim co potrzeba","isPartOf":{"@id":"https:\/\/racom.com.pl\/#website"},"primaryImageOfPage":{"@id":"https:\/\/racom.com.pl\/index.php\/produkt\/woda-kokosowa-puszka-z-kofeina-320ml-qf-12-sztuk\/#primaryimage"},"image":{"@id":"https:\/\/racom.com.pl\/index.php\/produkt\/woda-kokosowa-puszka-z-kofeina-320ml-qf-12-sztuk\/#primaryimage"},"thumbnailUrl":"https:\/\/racom.com.pl\/wp-content\/uploads\/2025\/07\/allegro_687ab9265efed6.76612076_fef257064e399db72292f1af00c6.jpg","datePublished":"2025-07-18T21:13:30+00:00","breadcrumb":{"@id":"https:\/\/racom.com.pl\/index.php\/produkt\/woda-kokosowa-puszka-z-kofeina-320ml-qf-12-sztuk\/#breadcrumb"},"inLanguage":"pl-PL","potentialAction":[{"@type":"ReadAction","target":["https:\/\/racom.com.pl\/index.php\/produkt\/woda-kokosowa-puszka-z-kofeina-320ml-qf-12-sztuk\/"]}]},{"@type":"ImageObject","inLanguage":"pl-PL","@id":"https:\/\/racom.com.pl\/index.php\/produkt\/woda-kokosowa-puszka-z-kofeina-320ml-qf-12-sztuk\/#primaryimage","url":"https:\/\/racom.com.pl\/wp-content\/uploads\/2025\/07\/allegro_687ab9265efed6.76612076_fef257064e399db72292f1af00c6.jpg","contentUrl":"https:\/\/racom.com.pl\/wp-content\/uploads\/2025\/07\/allegro_687ab9265efed6.76612076_fef257064e399db72292f1af00c6.jpg","width":2365,"height":2365},{"@type":"BreadcrumbList","@id":"https:\/\/racom.com.pl\/index.php\/produkt\/woda-kokosowa-puszka-z-kofeina-320ml-qf-12-sztuk\/#breadcrumb","itemListElement":[{"@type":"ListItem","position":1,"name":"Strona g\u0142\u00f3wna","item":"https:\/\/racom.com.pl\/"},{"@type":"ListItem","position":2,"name":"Sklep","item":"https:\/\/racom.com.pl\/"},{"@type":"ListItem","position":3,"name":"Woda kokosowa PUSZKA z kofein\u0105 320ml QF 12 sztuk"}]},{"@type":"WebSite","@id":"https:\/\/racom.com.pl\/#website","url":"https:\/\/racom.com.pl\/","name":"Mix Market - Supermarket z wszystkim co potrzeba do domu i nie tylko","description":"","publisher":{"@id":"https:\/\/racom.com.pl\/#organization"},"potentialAction":[{"@type":"SearchAction","target":{"@type":"EntryPoint","urlTemplate":"https:\/\/racom.com.pl\/?s={search_term_string}"},"query-input":{"@type":"PropertyValueSpecification","valueRequired":true,"valueName":"search_term_string"}}],"inLanguage":"pl-PL"},{"@type":"Organization","@id":"https:\/\/racom.com.pl\/#organization","name":"Mix Market - Supermarket z wszystkim co potrzeba do domu i nie tylko","url":"https:\/\/racom.com.pl\/","logo":{"@type":"ImageObject","inLanguage":"pl-PL","@id":"https:\/\/racom.com.pl\/#\/schema\/logo\/image\/","url":"https:\/\/racom.com.pl\/wp-content\/uploads\/2025\/07\/mixmarket_logo.png","contentUrl":"https:\/\/racom.com.pl\/wp-content\/uploads\/2025\/07\/mixmarket_logo.png","width":1024,"height":1024,"caption":"Mix Market - Supermarket z wszystkim co potrzeba do domu i nie tylko"},"image":{"@id":"https:\/\/racom.com.pl\/#\/schema\/logo\/image\/"}}]}},"_links":{"self":[{"href":"https:\/\/racom.com.pl\/index.php\/wp-json\/wp\/v2\/product\/2471","targetHints":{"allow":["GET"]}}],"collection":[{"href":"https:\/\/racom.com.pl\/index.php\/wp-json\/wp\/v2\/product"}],"about":[{"href":"https:\/\/racom.com.pl\/index.php\/wp-json\/wp\/v2\/types\/product"}],"replies":[{"embeddable":true,"href":"https:\/\/racom.com.pl\/index.php\/wp-json\/wp\/v2\/comments?post=2471"}],"wp:featuredmedia":[{"embeddable":true,"href":"https:\/\/racom.com.pl\/index.php\/wp-json\/wp\/v2\/media\/2475"}],"wp:attachment":[{"href":"https:\/\/racom.com.pl\/index.php\/wp-json\/wp\/v2\/media?parent=2471"}],"wp:term":[{"taxonomy":"product_brand","embeddable":true,"href":"https:\/\/racom.com.pl\/index.php\/wp-json\/wp\/v2\/product_brand?post=2471"},{"taxonomy":"product_cat","embeddable":true,"href":"https:\/\/racom.com.pl\/index.php\/wp-json\/wp\/v2\/product_cat?post=2471"},{"taxonomy":"product_tag","embeddable":true,"href":"https:\/\/racom.com.pl\/index.php\/wp-json\/wp\/v2\/product_tag?post=2471"}],"curies":[{"name":"wp","href":"https:\/\/api.w.org\/{rel}","templated":true}]}}