{"id":2480,"date":"2025-07-18T23:15:37","date_gmt":"2025-07-18T21:15:37","guid":{"rendered":"http:\/\/192.168.2.106\/index.php\/produkt\/woda-mineralna-lecznicza-z-uzdrowiska-wielka-pieniawa-karton-5l\/"},"modified":"2025-07-18T23:15:37","modified_gmt":"2025-07-18T21:15:37","slug":"woda-mineralna-lecznicza-z-uzdrowiska-wielka-pieniawa-karton-5l","status":"publish","type":"product","link":"https:\/\/racom.com.pl\/index.php\/produkt\/woda-mineralna-lecznicza-z-uzdrowiska-wielka-pieniawa-karton-5l\/","title":{"rendered":"Woda mineralna lecznicza z uzdrowiska Wielka Pieniawa karton 5L"},"content":{"rendered":"<h2>Woda Lecznicza Wielka Pieniawa naturalna 5 l<\/h2>\n<p><b>Wielka Pieniawa <\/b>jest znakomitym \u017ar\u00f3d\u0142em <b>magnezu, wapnia i potasu<\/b>, kt\u00f3rych organizm nie potrafi sam produkowa\u0107 i kt\u00f3re trzeba dostarcza\u0107 mu codziennie. W wodzie wyst\u0119puje tak\u017ce w niewielkiej ilo\u015bci dwutlenek w\u0119gla, kt\u00f3ry jest naturalny i pochodzi bezpo\u015brednio ze \u017ar\u00f3d\u0142a. Poprawia smak wody, a <b>dodatkowo pobudza czynno\u015b\u0107 perystaltyczn\u0105 \u017co\u0142\u0105dka<\/b>. W\u015br\u00f3d pozosta\u0142ych mikroelement\u00f3w zawartych w wodzie Wielka Pieniawa mo\u017cna znale\u017a\u0107 r\u00f3wnie\u017c: <b>\u017celazo, s\u00f3d, lit, chlor, cynk, mied\u017a, krzem.<\/b> S\u0105 to sk\u0142adniki, kt\u00f3rych niedob\u00f3r prowadzi do schorze\u0144 sprawiaj\u0105cych cz\u0119sto trudno\u015bci diagnostyczne i lecznicze.<\/p>\n<p>Cechuje j\u0105 du\u017ca zawarto\u015b\u0107 pierwiastk\u00f3w chemicznych niezb\u0119dnych do prawid\u0142owego funkcjonowania organizmu, co wzmacnia jego si\u0142y obronne i chroni przed negatywnym wp\u0142ywem \u015brodowiska. Jest idealna na codzienne stresy oraz podwy\u017cszony stan dra\u017cliwo\u015bci. Jej specjalny sk\u0142ad pomaga przy problemach <b>trawiennych i \u017co\u0142\u0105dkowych<\/b>. W\u015br\u00f3d <b>czynnik\u00f3w ryzyka zawa\u0142\u00f3w serca, kardiolodzy wymieniaj\u0105 mi\u0119kk\u0105 wod\u0119<\/b>, kt\u00f3ra wyst\u0119puje w wielu rejonach naszego kraju. Picie wody mineralnej poprawia stan zdrowia.<\/p>\n<p>Osoby stosuj\u0105ce Wielk\u0105 Pieniaw\u0119 jako pomoc w dolegliwo\u015bciach przewodu pokarmowego, powinny j\u0105 pi\u0107&nbsp;<b>2&nbsp;x dziennie po ok. 250. ml<\/b>&nbsp;powoli, przez rurk\u0119, na pusty \u017co\u0142\u0105dek, ok. 1 godz. przed jedzeniem &#8211; przy wi\u0119kszo\u015bci schorze\u0144- lub ok. 1,5 godz. po jedzeniu &#8211; przy obni\u017conej kwasocie \u017co\u0142\u0105dka. Polecamy j\u0105 jednak wszystkim, w odpowiednich ilo\u015bciach, poniewa\u017c gasi pragnienie oraz dostarcza naszemu organizmowi mikroelement\u00f3w wa\u017cnych dla zdrowia i zachowania dobrej kondycji.<\/p>\n","protected":false},"excerpt":{"rendered":"<p>Woda Lecznicza Wielka Pieniawa naturalna 5 l Wielka Pieniawa jest znakomitym \u017ar\u00f3d\u0142em magnezu, wapnia i potasu, kt\u00f3rych organizm nie potrafi sam produkowa\u0107 i kt\u00f3re trzeba dostarcza\u0107 mu codziennie. W wodzie wyst\u0119puje tak\u017ce w niewielkiej ilo\u015bci dwutlenek w\u0119gla, kt\u00f3ry jest naturalny i pochodzi bezpo\u015brednio ze \u017ar\u00f3d\u0142a. Poprawia smak wody, a dodatkowo pobudza czynno\u015b\u0107 perystaltyczn\u0105 \u017co\u0142\u0105dka. W\u015br\u00f3d [&hellip;]<\/p>\n","protected":false},"featured_media":2484,"comment_status":"open","ping_status":"closed","template":"","meta":[],"product_brand":[156],"product_cat":[116],"product_tag":[],"class_list":{"0":"post-2480","1":"product","2":"type-product","3":"status-publish","4":"has-post-thumbnail","6":"product_brand-wielka-pieniawa","7":"product_cat-napoje-i-akcesoria","9":"first","10":"instock","11":"taxable","12":"shipping-taxable","13":"purchasable","14":"product-type-simple"},"yoast_head":"<!-- This site is optimized with the Yoast SEO plugin v27.3 - https:\/\/yoast.com\/product\/yoast-seo-wordpress\/ -->\n<title>Woda mineralna lecznicza z uzdrowiska Wielka Pieniawa karton 5L - Mix Market - Supermarket z wszystkim co potrzeba<\/title>\n<meta name=\"robots\" content=\"index, follow, max-snippet:-1, max-image-preview:large, max-video-preview:-1\" \/>\n<link rel=\"canonical\" href=\"https:\/\/racom.com.pl\/index.php\/produkt\/woda-mineralna-lecznicza-z-uzdrowiska-wielka-pieniawa-karton-5l\/\" \/>\n<meta property=\"og:locale\" content=\"pl_PL\" \/>\n<meta property=\"og:type\" content=\"article\" \/>\n<meta property=\"og:title\" content=\"Woda mineralna lecznicza z uzdrowiska Wielka Pieniawa karton 5L - Mix Market - Supermarket z wszystkim co potrzeba\" \/>\n<meta property=\"og:description\" content=\"Woda Lecznicza Wielka Pieniawa naturalna 5 l Wielka Pieniawa jest znakomitym \u017ar\u00f3d\u0142em magnezu, wapnia i potasu, kt\u00f3rych organizm nie potrafi sam produkowa\u0107 i kt\u00f3re trzeba dostarcza\u0107 mu codziennie. W wodzie wyst\u0119puje tak\u017ce w niewielkiej ilo\u015bci dwutlenek w\u0119gla, kt\u00f3ry jest naturalny i pochodzi bezpo\u015brednio ze \u017ar\u00f3d\u0142a. Poprawia smak wody, a dodatkowo pobudza czynno\u015b\u0107 perystaltyczn\u0105 \u017co\u0142\u0105dka. W\u015br\u00f3d [&hellip;]\" \/>\n<meta property=\"og:url\" content=\"https:\/\/racom.com.pl\/index.php\/produkt\/woda-mineralna-lecznicza-z-uzdrowiska-wielka-pieniawa-karton-5l\/\" \/>\n<meta property=\"og:site_name\" content=\"Mix Market - Supermarket z wszystkim co potrzeba\" \/>\n<meta property=\"og:image\" content=\"https:\/\/racom.com.pl\/wp-content\/uploads\/2025\/07\/allegro_687ab9dbab6034.44362559_5921732a4da396ee4a80ba8d36d1.jpg\" \/>\n\t<meta property=\"og:image:width\" content=\"1080\" \/>\n\t<meta property=\"og:image:height\" content=\"1080\" \/>\n\t<meta property=\"og:image:type\" content=\"image\/jpeg\" \/>\n<meta name=\"twitter:card\" content=\"summary_large_image\" \/>\n<meta name=\"twitter:label1\" content=\"Szacowany czas czytania\" \/>\n\t<meta name=\"twitter:data1\" content=\"1 minuta\" \/>\n<script type=\"application\/ld+json\" class=\"yoast-schema-graph\">{\"@context\":\"https:\\\/\\\/schema.org\",\"@graph\":[{\"@type\":\"WebPage\",\"@id\":\"https:\\\/\\\/racom.com.pl\\\/index.php\\\/produkt\\\/woda-mineralna-lecznicza-z-uzdrowiska-wielka-pieniawa-karton-5l\\\/\",\"url\":\"https:\\\/\\\/racom.com.pl\\\/index.php\\\/produkt\\\/woda-mineralna-lecznicza-z-uzdrowiska-wielka-pieniawa-karton-5l\\\/\",\"name\":\"Woda mineralna lecznicza z uzdrowiska Wielka Pieniawa karton 5L - Mix Market - Supermarket z wszystkim co potrzeba\",\"isPartOf\":{\"@id\":\"https:\\\/\\\/racom.com.pl\\\/#website\"},\"primaryImageOfPage\":{\"@id\":\"https:\\\/\\\/racom.com.pl\\\/index.php\\\/produkt\\\/woda-mineralna-lecznicza-z-uzdrowiska-wielka-pieniawa-karton-5l\\\/#primaryimage\"},\"image\":{\"@id\":\"https:\\\/\\\/racom.com.pl\\\/index.php\\\/produkt\\\/woda-mineralna-lecznicza-z-uzdrowiska-wielka-pieniawa-karton-5l\\\/#primaryimage\"},\"thumbnailUrl\":\"https:\\\/\\\/racom.com.pl\\\/wp-content\\\/uploads\\\/2025\\\/07\\\/allegro_687ab9dbab6034.44362559_5921732a4da396ee4a80ba8d36d1.jpg\",\"datePublished\":\"2025-07-18T21:15:37+00:00\",\"breadcrumb\":{\"@id\":\"https:\\\/\\\/racom.com.pl\\\/index.php\\\/produkt\\\/woda-mineralna-lecznicza-z-uzdrowiska-wielka-pieniawa-karton-5l\\\/#breadcrumb\"},\"inLanguage\":\"pl-PL\",\"potentialAction\":[{\"@type\":\"ReadAction\",\"target\":[\"https:\\\/\\\/racom.com.pl\\\/index.php\\\/produkt\\\/woda-mineralna-lecznicza-z-uzdrowiska-wielka-pieniawa-karton-5l\\\/\"]}]},{\"@type\":\"ImageObject\",\"inLanguage\":\"pl-PL\",\"@id\":\"https:\\\/\\\/racom.com.pl\\\/index.php\\\/produkt\\\/woda-mineralna-lecznicza-z-uzdrowiska-wielka-pieniawa-karton-5l\\\/#primaryimage\",\"url\":\"https:\\\/\\\/racom.com.pl\\\/wp-content\\\/uploads\\\/2025\\\/07\\\/allegro_687ab9dbab6034.44362559_5921732a4da396ee4a80ba8d36d1.jpg\",\"contentUrl\":\"https:\\\/\\\/racom.com.pl\\\/wp-content\\\/uploads\\\/2025\\\/07\\\/allegro_687ab9dbab6034.44362559_5921732a4da396ee4a80ba8d36d1.jpg\",\"width\":1080,\"height\":1080},{\"@type\":\"BreadcrumbList\",\"@id\":\"https:\\\/\\\/racom.com.pl\\\/index.php\\\/produkt\\\/woda-mineralna-lecznicza-z-uzdrowiska-wielka-pieniawa-karton-5l\\\/#breadcrumb\",\"itemListElement\":[{\"@type\":\"ListItem\",\"position\":1,\"name\":\"Strona g\u0142\u00f3wna\",\"item\":\"https:\\\/\\\/racom.com.pl\\\/\"},{\"@type\":\"ListItem\",\"position\":2,\"name\":\"Sklep\",\"item\":\"https:\\\/\\\/racom.com.pl\\\/\"},{\"@type\":\"ListItem\",\"position\":3,\"name\":\"Woda mineralna lecznicza z uzdrowiska Wielka Pieniawa karton 5L\"}]},{\"@type\":\"WebSite\",\"@id\":\"https:\\\/\\\/racom.com.pl\\\/#website\",\"url\":\"https:\\\/\\\/racom.com.pl\\\/\",\"name\":\"Mix Market - Supermarket z wszystkim co potrzeba do domu i nie tylko\",\"description\":\"\",\"publisher\":{\"@id\":\"https:\\\/\\\/racom.com.pl\\\/#organization\"},\"potentialAction\":[{\"@type\":\"SearchAction\",\"target\":{\"@type\":\"EntryPoint\",\"urlTemplate\":\"https:\\\/\\\/racom.com.pl\\\/?s={search_term_string}\"},\"query-input\":{\"@type\":\"PropertyValueSpecification\",\"valueRequired\":true,\"valueName\":\"search_term_string\"}}],\"inLanguage\":\"pl-PL\"},{\"@type\":\"Organization\",\"@id\":\"https:\\\/\\\/racom.com.pl\\\/#organization\",\"name\":\"Mix Market - Supermarket z wszystkim co potrzeba do domu i nie tylko\",\"url\":\"https:\\\/\\\/racom.com.pl\\\/\",\"logo\":{\"@type\":\"ImageObject\",\"inLanguage\":\"pl-PL\",\"@id\":\"https:\\\/\\\/racom.com.pl\\\/#\\\/schema\\\/logo\\\/image\\\/\",\"url\":\"https:\\\/\\\/racom.com.pl\\\/wp-content\\\/uploads\\\/2025\\\/07\\\/mixmarket_logo.png\",\"contentUrl\":\"https:\\\/\\\/racom.com.pl\\\/wp-content\\\/uploads\\\/2025\\\/07\\\/mixmarket_logo.png\",\"width\":1024,\"height\":1024,\"caption\":\"Mix Market - Supermarket z wszystkim co potrzeba do domu i nie tylko\"},\"image\":{\"@id\":\"https:\\\/\\\/racom.com.pl\\\/#\\\/schema\\\/logo\\\/image\\\/\"}}]}<\/script>\n<!-- \/ Yoast SEO plugin. -->","yoast_head_json":{"title":"Woda mineralna lecznicza z uzdrowiska Wielka Pieniawa karton 5L - Mix Market - Supermarket z wszystkim co potrzeba","robots":{"index":"index","follow":"follow","max-snippet":"max-snippet:-1","max-image-preview":"max-image-preview:large","max-video-preview":"max-video-preview:-1"},"canonical":"https:\/\/racom.com.pl\/index.php\/produkt\/woda-mineralna-lecznicza-z-uzdrowiska-wielka-pieniawa-karton-5l\/","og_locale":"pl_PL","og_type":"article","og_title":"Woda mineralna lecznicza z uzdrowiska Wielka Pieniawa karton 5L - Mix Market - Supermarket z wszystkim co potrzeba","og_description":"Woda Lecznicza Wielka Pieniawa naturalna 5 l Wielka Pieniawa jest znakomitym \u017ar\u00f3d\u0142em magnezu, wapnia i potasu, kt\u00f3rych organizm nie potrafi sam produkowa\u0107 i kt\u00f3re trzeba dostarcza\u0107 mu codziennie. W wodzie wyst\u0119puje tak\u017ce w niewielkiej ilo\u015bci dwutlenek w\u0119gla, kt\u00f3ry jest naturalny i pochodzi bezpo\u015brednio ze \u017ar\u00f3d\u0142a. Poprawia smak wody, a dodatkowo pobudza czynno\u015b\u0107 perystaltyczn\u0105 \u017co\u0142\u0105dka. W\u015br\u00f3d [&hellip;]","og_url":"https:\/\/racom.com.pl\/index.php\/produkt\/woda-mineralna-lecznicza-z-uzdrowiska-wielka-pieniawa-karton-5l\/","og_site_name":"Mix Market - Supermarket z wszystkim co potrzeba","og_image":[{"width":1080,"height":1080,"url":"https:\/\/racom.com.pl\/wp-content\/uploads\/2025\/07\/allegro_687ab9dbab6034.44362559_5921732a4da396ee4a80ba8d36d1.jpg","type":"image\/jpeg"}],"twitter_card":"summary_large_image","twitter_misc":{"Szacowany czas czytania":"1 minuta"},"schema":{"@context":"https:\/\/schema.org","@graph":[{"@type":"WebPage","@id":"https:\/\/racom.com.pl\/index.php\/produkt\/woda-mineralna-lecznicza-z-uzdrowiska-wielka-pieniawa-karton-5l\/","url":"https:\/\/racom.com.pl\/index.php\/produkt\/woda-mineralna-lecznicza-z-uzdrowiska-wielka-pieniawa-karton-5l\/","name":"Woda mineralna lecznicza z uzdrowiska Wielka Pieniawa karton 5L - Mix Market - Supermarket z wszystkim co potrzeba","isPartOf":{"@id":"https:\/\/racom.com.pl\/#website"},"primaryImageOfPage":{"@id":"https:\/\/racom.com.pl\/index.php\/produkt\/woda-mineralna-lecznicza-z-uzdrowiska-wielka-pieniawa-karton-5l\/#primaryimage"},"image":{"@id":"https:\/\/racom.com.pl\/index.php\/produkt\/woda-mineralna-lecznicza-z-uzdrowiska-wielka-pieniawa-karton-5l\/#primaryimage"},"thumbnailUrl":"https:\/\/racom.com.pl\/wp-content\/uploads\/2025\/07\/allegro_687ab9dbab6034.44362559_5921732a4da396ee4a80ba8d36d1.jpg","datePublished":"2025-07-18T21:15:37+00:00","breadcrumb":{"@id":"https:\/\/racom.com.pl\/index.php\/produkt\/woda-mineralna-lecznicza-z-uzdrowiska-wielka-pieniawa-karton-5l\/#breadcrumb"},"inLanguage":"pl-PL","potentialAction":[{"@type":"ReadAction","target":["https:\/\/racom.com.pl\/index.php\/produkt\/woda-mineralna-lecznicza-z-uzdrowiska-wielka-pieniawa-karton-5l\/"]}]},{"@type":"ImageObject","inLanguage":"pl-PL","@id":"https:\/\/racom.com.pl\/index.php\/produkt\/woda-mineralna-lecznicza-z-uzdrowiska-wielka-pieniawa-karton-5l\/#primaryimage","url":"https:\/\/racom.com.pl\/wp-content\/uploads\/2025\/07\/allegro_687ab9dbab6034.44362559_5921732a4da396ee4a80ba8d36d1.jpg","contentUrl":"https:\/\/racom.com.pl\/wp-content\/uploads\/2025\/07\/allegro_687ab9dbab6034.44362559_5921732a4da396ee4a80ba8d36d1.jpg","width":1080,"height":1080},{"@type":"BreadcrumbList","@id":"https:\/\/racom.com.pl\/index.php\/produkt\/woda-mineralna-lecznicza-z-uzdrowiska-wielka-pieniawa-karton-5l\/#breadcrumb","itemListElement":[{"@type":"ListItem","position":1,"name":"Strona g\u0142\u00f3wna","item":"https:\/\/racom.com.pl\/"},{"@type":"ListItem","position":2,"name":"Sklep","item":"https:\/\/racom.com.pl\/"},{"@type":"ListItem","position":3,"name":"Woda mineralna lecznicza z uzdrowiska Wielka Pieniawa karton 5L"}]},{"@type":"WebSite","@id":"https:\/\/racom.com.pl\/#website","url":"https:\/\/racom.com.pl\/","name":"Mix Market - Supermarket z wszystkim co potrzeba do domu i nie tylko","description":"","publisher":{"@id":"https:\/\/racom.com.pl\/#organization"},"potentialAction":[{"@type":"SearchAction","target":{"@type":"EntryPoint","urlTemplate":"https:\/\/racom.com.pl\/?s={search_term_string}"},"query-input":{"@type":"PropertyValueSpecification","valueRequired":true,"valueName":"search_term_string"}}],"inLanguage":"pl-PL"},{"@type":"Organization","@id":"https:\/\/racom.com.pl\/#organization","name":"Mix Market - Supermarket z wszystkim co potrzeba do domu i nie tylko","url":"https:\/\/racom.com.pl\/","logo":{"@type":"ImageObject","inLanguage":"pl-PL","@id":"https:\/\/racom.com.pl\/#\/schema\/logo\/image\/","url":"https:\/\/racom.com.pl\/wp-content\/uploads\/2025\/07\/mixmarket_logo.png","contentUrl":"https:\/\/racom.com.pl\/wp-content\/uploads\/2025\/07\/mixmarket_logo.png","width":1024,"height":1024,"caption":"Mix Market - Supermarket z wszystkim co potrzeba do domu i nie tylko"},"image":{"@id":"https:\/\/racom.com.pl\/#\/schema\/logo\/image\/"}}]}},"_links":{"self":[{"href":"https:\/\/racom.com.pl\/index.php\/wp-json\/wp\/v2\/product\/2480","targetHints":{"allow":["GET"]}}],"collection":[{"href":"https:\/\/racom.com.pl\/index.php\/wp-json\/wp\/v2\/product"}],"about":[{"href":"https:\/\/racom.com.pl\/index.php\/wp-json\/wp\/v2\/types\/product"}],"replies":[{"embeddable":true,"href":"https:\/\/racom.com.pl\/index.php\/wp-json\/wp\/v2\/comments?post=2480"}],"wp:featuredmedia":[{"embeddable":true,"href":"https:\/\/racom.com.pl\/index.php\/wp-json\/wp\/v2\/media\/2484"}],"wp:attachment":[{"href":"https:\/\/racom.com.pl\/index.php\/wp-json\/wp\/v2\/media?parent=2480"}],"wp:term":[{"taxonomy":"product_brand","embeddable":true,"href":"https:\/\/racom.com.pl\/index.php\/wp-json\/wp\/v2\/product_brand?post=2480"},{"taxonomy":"product_cat","embeddable":true,"href":"https:\/\/racom.com.pl\/index.php\/wp-json\/wp\/v2\/product_cat?post=2480"},{"taxonomy":"product_tag","embeddable":true,"href":"https:\/\/racom.com.pl\/index.php\/wp-json\/wp\/v2\/product_tag?post=2480"}],"curies":[{"name":"wp","href":"https:\/\/api.w.org\/{rel}","templated":true}]}}