{"id":253,"date":"2025-07-18T17:19:58","date_gmt":"2025-07-18T15:19:58","guid":{"rendered":"http:\/\/192.168.2.106\/index.php\/produkt\/worek-do-odkurzaczy-miele-7291640-7805100-p205-fjm\/"},"modified":"2025-07-18T17:19:58","modified_gmt":"2025-07-18T15:19:58","slug":"worek-do-odkurzaczy-miele-7291640-7805100-p205-fjm","status":"publish","type":"product","link":"https:\/\/racom.com.pl\/index.php\/produkt\/worek-do-odkurzaczy-miele-7291640-7805100-p205-fjm\/","title":{"rendered":"WOREK DO ODKURZACZY MIELE 7291640 7805100 P205 FJM"},"content":{"rendered":"<p><b>WOREK TEKSTYLNY DO ODKURZACZY MIELE<\/b><\/p>\n<p><b>Oznaczenia producenta Miele<\/b> 7291640 \/ 7805100 \/ P205 \/ FJM<\/p>\n<p><b>Materia\u0142<\/b>: tworzywo sztuczne i w\u0142\u00f3kniny<\/p>\n<p><b>Nadaje si\u0119 do:<\/b><\/p>\n<p>Miele S200 kompaktowy pojemnik<\/p>\n<p>Miele S205 kompaktowy pojemnik<\/p>\n<p>Pojemnik \u015bredniej wielko\u015bci Miele S300<\/p>\n<p>Seria Miele S305 \u015bredniej wielko\u015bci kanister<\/p>\n<p>Pojemnik \u015bredniej wielko\u015bci Miele S500<\/p>\n<p>S290-seria S291 Miele<\/p>\n<p>S300i-S399 Miele serii<\/p>\n<p>S500-seria S578 Miele<\/p>\n<p>S700-seria S758 Miele<\/p>\n<p><b>Modele Miele<\/b> z serii # S246i-256i<\/p>\n<p>Seria S6000 &#8211; S6999 (S6)<\/p>\n<p>Seria S4000 &#8211; S4999 (S4)<\/p>\n<p><b>Oferta dotyczy 1szt.<\/b><\/p>\n<p>Przed zakupem upewnij si\u0119, \u017ce Tw\u00f3j odkurzacz posiada taki sam worek.<\/p>\n<p>Wyst\u0119puje kilka typ\u00f3w work\u00f3w zamiennych do tego modelu.<\/p>\n<p>Zdj\u0119cie przedstawia oferowany produkt.<\/p>\n<p><b>Wymiary worka: 245mm x 290mm<\/b><\/p>\n<p><b>Rozmiar otworu: 30mm (guma), maksymalnie 40mm<\/b><\/p>\n<p>Kod produktu: B279<\/p>\n","protected":false},"excerpt":{"rendered":"<p>WOREK TEKSTYLNY DO ODKURZACZY MIELE Oznaczenia producenta Miele 7291640 \/ 7805100 \/ P205 \/ FJM Materia\u0142: tworzywo sztuczne i w\u0142\u00f3kniny Nadaje si\u0119 do: Miele S200 kompaktowy pojemnik Miele S205 kompaktowy pojemnik Pojemnik \u015bredniej wielko\u015bci Miele S300 Seria Miele S305 \u015bredniej wielko\u015bci kanister Pojemnik \u015bredniej wielko\u015bci Miele S500 S290-seria S291 Miele S300i-S399 Miele serii S500-seria S578 [&hellip;]<\/p>\n","protected":false},"featured_media":259,"comment_status":"open","ping_status":"closed","template":"","meta":[],"product_brand":[],"product_cat":[32],"product_tag":[],"class_list":{"0":"post-253","1":"product","2":"type-product","3":"status-publish","4":"has-post-thumbnail","6":"product_cat-agd-drobne","8":"first","9":"instock","10":"taxable","11":"shipping-taxable","12":"purchasable","13":"product-type-simple"},"yoast_head":"<!-- This site is optimized with the Yoast SEO plugin v27.3 - https:\/\/yoast.com\/product\/yoast-seo-wordpress\/ -->\n<title>WOREK DO ODKURZACZY MIELE 7291640 7805100 P205 FJM - Mix Market - Supermarket z wszystkim co potrzeba<\/title>\n<meta name=\"robots\" content=\"index, follow, max-snippet:-1, max-image-preview:large, max-video-preview:-1\" \/>\n<link rel=\"canonical\" href=\"https:\/\/racom.com.pl\/index.php\/produkt\/worek-do-odkurzaczy-miele-7291640-7805100-p205-fjm\/\" \/>\n<meta property=\"og:locale\" content=\"pl_PL\" \/>\n<meta property=\"og:type\" content=\"article\" \/>\n<meta property=\"og:title\" content=\"WOREK DO ODKURZACZY MIELE 7291640 7805100 P205 FJM - Mix Market - Supermarket z wszystkim co potrzeba\" \/>\n<meta property=\"og:description\" content=\"WOREK TEKSTYLNY DO ODKURZACZY MIELE Oznaczenia producenta Miele 7291640 \/ 7805100 \/ P205 \/ FJM Materia\u0142: tworzywo sztuczne i w\u0142\u00f3kniny Nadaje si\u0119 do: Miele S200 kompaktowy pojemnik Miele S205 kompaktowy pojemnik Pojemnik \u015bredniej wielko\u015bci Miele S300 Seria Miele S305 \u015bredniej wielko\u015bci kanister Pojemnik \u015bredniej wielko\u015bci Miele S500 S290-seria S291 Miele S300i-S399 Miele serii S500-seria S578 [&hellip;]\" \/>\n<meta property=\"og:url\" content=\"https:\/\/racom.com.pl\/index.php\/produkt\/worek-do-odkurzaczy-miele-7291640-7805100-p205-fjm\/\" \/>\n<meta property=\"og:site_name\" content=\"Mix Market - Supermarket z wszystkim co potrzeba\" \/>\n<meta property=\"og:image\" content=\"https:\/\/racom.com.pl\/wp-content\/uploads\/2025\/07\/allegro_687a6636a68692.15899782_294470a9459087d41abae2778707.jpg\" \/>\n\t<meta property=\"og:image:width\" content=\"2016\" \/>\n\t<meta property=\"og:image:height\" content=\"1512\" \/>\n\t<meta property=\"og:image:type\" content=\"image\/jpeg\" \/>\n<meta name=\"twitter:card\" content=\"summary_large_image\" \/>\n<meta name=\"twitter:label1\" content=\"Szacowany czas czytania\" \/>\n\t<meta name=\"twitter:data1\" content=\"1 minuta\" \/>\n<script type=\"application\/ld+json\" class=\"yoast-schema-graph\">{\"@context\":\"https:\\\/\\\/schema.org\",\"@graph\":[{\"@type\":\"WebPage\",\"@id\":\"https:\\\/\\\/racom.com.pl\\\/index.php\\\/produkt\\\/worek-do-odkurzaczy-miele-7291640-7805100-p205-fjm\\\/\",\"url\":\"https:\\\/\\\/racom.com.pl\\\/index.php\\\/produkt\\\/worek-do-odkurzaczy-miele-7291640-7805100-p205-fjm\\\/\",\"name\":\"WOREK DO ODKURZACZY MIELE 7291640 7805100 P205 FJM - Mix Market - Supermarket z wszystkim co potrzeba\",\"isPartOf\":{\"@id\":\"https:\\\/\\\/racom.com.pl\\\/#website\"},\"primaryImageOfPage\":{\"@id\":\"https:\\\/\\\/racom.com.pl\\\/index.php\\\/produkt\\\/worek-do-odkurzaczy-miele-7291640-7805100-p205-fjm\\\/#primaryimage\"},\"image\":{\"@id\":\"https:\\\/\\\/racom.com.pl\\\/index.php\\\/produkt\\\/worek-do-odkurzaczy-miele-7291640-7805100-p205-fjm\\\/#primaryimage\"},\"thumbnailUrl\":\"https:\\\/\\\/racom.com.pl\\\/wp-content\\\/uploads\\\/2025\\\/07\\\/allegro_687a6636a68692.15899782_294470a9459087d41abae2778707.jpg\",\"datePublished\":\"2025-07-18T15:19:58+00:00\",\"breadcrumb\":{\"@id\":\"https:\\\/\\\/racom.com.pl\\\/index.php\\\/produkt\\\/worek-do-odkurzaczy-miele-7291640-7805100-p205-fjm\\\/#breadcrumb\"},\"inLanguage\":\"pl-PL\",\"potentialAction\":[{\"@type\":\"ReadAction\",\"target\":[\"https:\\\/\\\/racom.com.pl\\\/index.php\\\/produkt\\\/worek-do-odkurzaczy-miele-7291640-7805100-p205-fjm\\\/\"]}]},{\"@type\":\"ImageObject\",\"inLanguage\":\"pl-PL\",\"@id\":\"https:\\\/\\\/racom.com.pl\\\/index.php\\\/produkt\\\/worek-do-odkurzaczy-miele-7291640-7805100-p205-fjm\\\/#primaryimage\",\"url\":\"https:\\\/\\\/racom.com.pl\\\/wp-content\\\/uploads\\\/2025\\\/07\\\/allegro_687a6636a68692.15899782_294470a9459087d41abae2778707.jpg\",\"contentUrl\":\"https:\\\/\\\/racom.com.pl\\\/wp-content\\\/uploads\\\/2025\\\/07\\\/allegro_687a6636a68692.15899782_294470a9459087d41abae2778707.jpg\",\"width\":2016,\"height\":1512},{\"@type\":\"BreadcrumbList\",\"@id\":\"https:\\\/\\\/racom.com.pl\\\/index.php\\\/produkt\\\/worek-do-odkurzaczy-miele-7291640-7805100-p205-fjm\\\/#breadcrumb\",\"itemListElement\":[{\"@type\":\"ListItem\",\"position\":1,\"name\":\"Strona g\u0142\u00f3wna\",\"item\":\"https:\\\/\\\/racom.com.pl\\\/\"},{\"@type\":\"ListItem\",\"position\":2,\"name\":\"Sklep\",\"item\":\"https:\\\/\\\/racom.com.pl\\\/\"},{\"@type\":\"ListItem\",\"position\":3,\"name\":\"WOREK DO ODKURZACZY MIELE 7291640 7805100 P205 FJM\"}]},{\"@type\":\"WebSite\",\"@id\":\"https:\\\/\\\/racom.com.pl\\\/#website\",\"url\":\"https:\\\/\\\/racom.com.pl\\\/\",\"name\":\"Mix Market - Supermarket z wszystkim co potrzeba do domu i nie tylko\",\"description\":\"\",\"publisher\":{\"@id\":\"https:\\\/\\\/racom.com.pl\\\/#organization\"},\"potentialAction\":[{\"@type\":\"SearchAction\",\"target\":{\"@type\":\"EntryPoint\",\"urlTemplate\":\"https:\\\/\\\/racom.com.pl\\\/?s={search_term_string}\"},\"query-input\":{\"@type\":\"PropertyValueSpecification\",\"valueRequired\":true,\"valueName\":\"search_term_string\"}}],\"inLanguage\":\"pl-PL\"},{\"@type\":\"Organization\",\"@id\":\"https:\\\/\\\/racom.com.pl\\\/#organization\",\"name\":\"Mix Market - Supermarket z wszystkim co potrzeba do domu i nie tylko\",\"url\":\"https:\\\/\\\/racom.com.pl\\\/\",\"logo\":{\"@type\":\"ImageObject\",\"inLanguage\":\"pl-PL\",\"@id\":\"https:\\\/\\\/racom.com.pl\\\/#\\\/schema\\\/logo\\\/image\\\/\",\"url\":\"https:\\\/\\\/racom.com.pl\\\/wp-content\\\/uploads\\\/2025\\\/07\\\/mixmarket_logo.png\",\"contentUrl\":\"https:\\\/\\\/racom.com.pl\\\/wp-content\\\/uploads\\\/2025\\\/07\\\/mixmarket_logo.png\",\"width\":1024,\"height\":1024,\"caption\":\"Mix Market - Supermarket z wszystkim co potrzeba do domu i nie tylko\"},\"image\":{\"@id\":\"https:\\\/\\\/racom.com.pl\\\/#\\\/schema\\\/logo\\\/image\\\/\"}}]}<\/script>\n<!-- \/ Yoast SEO plugin. -->","yoast_head_json":{"title":"WOREK DO ODKURZACZY MIELE 7291640 7805100 P205 FJM - Mix Market - Supermarket z wszystkim co potrzeba","robots":{"index":"index","follow":"follow","max-snippet":"max-snippet:-1","max-image-preview":"max-image-preview:large","max-video-preview":"max-video-preview:-1"},"canonical":"https:\/\/racom.com.pl\/index.php\/produkt\/worek-do-odkurzaczy-miele-7291640-7805100-p205-fjm\/","og_locale":"pl_PL","og_type":"article","og_title":"WOREK DO ODKURZACZY MIELE 7291640 7805100 P205 FJM - Mix Market - Supermarket z wszystkim co potrzeba","og_description":"WOREK TEKSTYLNY DO ODKURZACZY MIELE Oznaczenia producenta Miele 7291640 \/ 7805100 \/ P205 \/ FJM Materia\u0142: tworzywo sztuczne i w\u0142\u00f3kniny Nadaje si\u0119 do: Miele S200 kompaktowy pojemnik Miele S205 kompaktowy pojemnik Pojemnik \u015bredniej wielko\u015bci Miele S300 Seria Miele S305 \u015bredniej wielko\u015bci kanister Pojemnik \u015bredniej wielko\u015bci Miele S500 S290-seria S291 Miele S300i-S399 Miele serii S500-seria S578 [&hellip;]","og_url":"https:\/\/racom.com.pl\/index.php\/produkt\/worek-do-odkurzaczy-miele-7291640-7805100-p205-fjm\/","og_site_name":"Mix Market - Supermarket z wszystkim co potrzeba","og_image":[{"width":2016,"height":1512,"url":"https:\/\/racom.com.pl\/wp-content\/uploads\/2025\/07\/allegro_687a6636a68692.15899782_294470a9459087d41abae2778707.jpg","type":"image\/jpeg"}],"twitter_card":"summary_large_image","twitter_misc":{"Szacowany czas czytania":"1 minuta"},"schema":{"@context":"https:\/\/schema.org","@graph":[{"@type":"WebPage","@id":"https:\/\/racom.com.pl\/index.php\/produkt\/worek-do-odkurzaczy-miele-7291640-7805100-p205-fjm\/","url":"https:\/\/racom.com.pl\/index.php\/produkt\/worek-do-odkurzaczy-miele-7291640-7805100-p205-fjm\/","name":"WOREK DO ODKURZACZY MIELE 7291640 7805100 P205 FJM - Mix Market - Supermarket z wszystkim co potrzeba","isPartOf":{"@id":"https:\/\/racom.com.pl\/#website"},"primaryImageOfPage":{"@id":"https:\/\/racom.com.pl\/index.php\/produkt\/worek-do-odkurzaczy-miele-7291640-7805100-p205-fjm\/#primaryimage"},"image":{"@id":"https:\/\/racom.com.pl\/index.php\/produkt\/worek-do-odkurzaczy-miele-7291640-7805100-p205-fjm\/#primaryimage"},"thumbnailUrl":"https:\/\/racom.com.pl\/wp-content\/uploads\/2025\/07\/allegro_687a6636a68692.15899782_294470a9459087d41abae2778707.jpg","datePublished":"2025-07-18T15:19:58+00:00","breadcrumb":{"@id":"https:\/\/racom.com.pl\/index.php\/produkt\/worek-do-odkurzaczy-miele-7291640-7805100-p205-fjm\/#breadcrumb"},"inLanguage":"pl-PL","potentialAction":[{"@type":"ReadAction","target":["https:\/\/racom.com.pl\/index.php\/produkt\/worek-do-odkurzaczy-miele-7291640-7805100-p205-fjm\/"]}]},{"@type":"ImageObject","inLanguage":"pl-PL","@id":"https:\/\/racom.com.pl\/index.php\/produkt\/worek-do-odkurzaczy-miele-7291640-7805100-p205-fjm\/#primaryimage","url":"https:\/\/racom.com.pl\/wp-content\/uploads\/2025\/07\/allegro_687a6636a68692.15899782_294470a9459087d41abae2778707.jpg","contentUrl":"https:\/\/racom.com.pl\/wp-content\/uploads\/2025\/07\/allegro_687a6636a68692.15899782_294470a9459087d41abae2778707.jpg","width":2016,"height":1512},{"@type":"BreadcrumbList","@id":"https:\/\/racom.com.pl\/index.php\/produkt\/worek-do-odkurzaczy-miele-7291640-7805100-p205-fjm\/#breadcrumb","itemListElement":[{"@type":"ListItem","position":1,"name":"Strona g\u0142\u00f3wna","item":"https:\/\/racom.com.pl\/"},{"@type":"ListItem","position":2,"name":"Sklep","item":"https:\/\/racom.com.pl\/"},{"@type":"ListItem","position":3,"name":"WOREK DO ODKURZACZY MIELE 7291640 7805100 P205 FJM"}]},{"@type":"WebSite","@id":"https:\/\/racom.com.pl\/#website","url":"https:\/\/racom.com.pl\/","name":"Mix Market - Supermarket z wszystkim co potrzeba do domu i nie tylko","description":"","publisher":{"@id":"https:\/\/racom.com.pl\/#organization"},"potentialAction":[{"@type":"SearchAction","target":{"@type":"EntryPoint","urlTemplate":"https:\/\/racom.com.pl\/?s={search_term_string}"},"query-input":{"@type":"PropertyValueSpecification","valueRequired":true,"valueName":"search_term_string"}}],"inLanguage":"pl-PL"},{"@type":"Organization","@id":"https:\/\/racom.com.pl\/#organization","name":"Mix Market - Supermarket z wszystkim co potrzeba do domu i nie tylko","url":"https:\/\/racom.com.pl\/","logo":{"@type":"ImageObject","inLanguage":"pl-PL","@id":"https:\/\/racom.com.pl\/#\/schema\/logo\/image\/","url":"https:\/\/racom.com.pl\/wp-content\/uploads\/2025\/07\/mixmarket_logo.png","contentUrl":"https:\/\/racom.com.pl\/wp-content\/uploads\/2025\/07\/mixmarket_logo.png","width":1024,"height":1024,"caption":"Mix Market - Supermarket z wszystkim co potrzeba do domu i nie tylko"},"image":{"@id":"https:\/\/racom.com.pl\/#\/schema\/logo\/image\/"}}]}},"_links":{"self":[{"href":"https:\/\/racom.com.pl\/index.php\/wp-json\/wp\/v2\/product\/253","targetHints":{"allow":["GET"]}}],"collection":[{"href":"https:\/\/racom.com.pl\/index.php\/wp-json\/wp\/v2\/product"}],"about":[{"href":"https:\/\/racom.com.pl\/index.php\/wp-json\/wp\/v2\/types\/product"}],"replies":[{"embeddable":true,"href":"https:\/\/racom.com.pl\/index.php\/wp-json\/wp\/v2\/comments?post=253"}],"wp:featuredmedia":[{"embeddable":true,"href":"https:\/\/racom.com.pl\/index.php\/wp-json\/wp\/v2\/media\/259"}],"wp:attachment":[{"href":"https:\/\/racom.com.pl\/index.php\/wp-json\/wp\/v2\/media?parent=253"}],"wp:term":[{"taxonomy":"product_brand","embeddable":true,"href":"https:\/\/racom.com.pl\/index.php\/wp-json\/wp\/v2\/product_brand?post=253"},{"taxonomy":"product_cat","embeddable":true,"href":"https:\/\/racom.com.pl\/index.php\/wp-json\/wp\/v2\/product_cat?post=253"},{"taxonomy":"product_tag","embeddable":true,"href":"https:\/\/racom.com.pl\/index.php\/wp-json\/wp\/v2\/product_tag?post=253"}],"curies":[{"name":"wp","href":"https:\/\/api.w.org\/{rel}","templated":true}]}}