{"id":2549,"date":"2025-07-18T23:33:57","date_gmt":"2025-07-18T21:33:57","guid":{"rendered":"http:\/\/192.168.2.106\/index.php\/produkt\/delta-mar-panierka-japonska-tempura-do-krewetek-kalmarow-sushi-1kg\/"},"modified":"2025-07-18T23:33:57","modified_gmt":"2025-07-18T21:33:57","slug":"delta-mar-panierka-japonska-tempura-do-krewetek-kalmarow-sushi-1kg","status":"publish","type":"product","link":"https:\/\/racom.com.pl\/index.php\/produkt\/delta-mar-panierka-japonska-tempura-do-krewetek-kalmarow-sushi-1kg\/","title":{"rendered":"DELTA MAR Panierka japo\u0144ska TEMPURA do KREWETEK Kalmar\u00f3w SUSHI 1kg"},"content":{"rendered":"<h2>Mieszanka Do Tempury<\/h2>\n<h2>Panierka Tempura 1000g Delta-mar<\/h2>\n<p>Sk\u0142adniki:&nbsp;M\u0105ka pszenna, skrobia kukurydziana, s\u00f3l, substancja spulchniaj\u0105ca: wodorow\u0119glan sodu, regulator kwasowo\u015bci: wodorowinian potasu, glukoza.<\/p>\n<p>\u27a1\ufe0f <b>Mieszanka Do Tempury 1000 G <\/b>to wyj\u0105tkowy produkt, kt\u00f3ry wyr\u00f3\u017cnia si\u0119 na rynku dzi\u0119ki swojej doskona\u0142ej jako\u015bci .<\/p>\n<p>\u27a1\ufe0f Dzi\u0119ki swoim wyj\u0105tkowym cechom, produkt ten z pewno\u015bci\u0105 spe\u0142ni oczekiwania nawet najbardziej wymagaj\u0105cych u\u017cytkownik\u00f3w.<\/p>\n","protected":false},"excerpt":{"rendered":"<p>Mieszanka Do Tempury Panierka Tempura 1000g Delta-mar Sk\u0142adniki:&nbsp;M\u0105ka pszenna, skrobia kukurydziana, s\u00f3l, substancja spulchniaj\u0105ca: wodorow\u0119glan sodu, regulator kwasowo\u015bci: wodorowinian potasu, glukoza. \u27a1\ufe0f Mieszanka Do Tempury 1000 G to wyj\u0105tkowy produkt, kt\u00f3ry wyr\u00f3\u017cnia si\u0119 na rynku dzi\u0119ki swojej doskona\u0142ej jako\u015bci . \u27a1\ufe0f Dzi\u0119ki swoim wyj\u0105tkowym cechom, produkt ten z pewno\u015bci\u0105 spe\u0142ni oczekiwania nawet najbardziej wymagaj\u0105cych u\u017cytkownik\u00f3w.<\/p>\n","protected":false},"featured_media":2552,"comment_status":"open","ping_status":"closed","template":"","meta":[],"product_brand":[129],"product_cat":[132],"product_tag":[],"class_list":{"0":"post-2549","1":"product","2":"type-product","3":"status-publish","4":"has-post-thumbnail","6":"product_brand-name","7":"product_cat-kuchnie-swiata","9":"first","10":"instock","11":"taxable","12":"shipping-taxable","13":"purchasable","14":"product-type-simple"},"yoast_head":"<!-- This site is optimized with the Yoast SEO plugin v27.3 - https:\/\/yoast.com\/product\/yoast-seo-wordpress\/ -->\n<title>DELTA MAR Panierka japo\u0144ska TEMPURA do KREWETEK Kalmar\u00f3w SUSHI 1kg - Mix Market - Supermarket z wszystkim co potrzeba<\/title>\n<meta name=\"robots\" content=\"index, follow, max-snippet:-1, max-image-preview:large, max-video-preview:-1\" \/>\n<link rel=\"canonical\" href=\"https:\/\/racom.com.pl\/index.php\/produkt\/delta-mar-panierka-japonska-tempura-do-krewetek-kalmarow-sushi-1kg\/\" \/>\n<meta property=\"og:locale\" content=\"pl_PL\" \/>\n<meta property=\"og:type\" content=\"article\" \/>\n<meta property=\"og:title\" content=\"DELTA MAR Panierka japo\u0144ska TEMPURA do KREWETEK Kalmar\u00f3w SUSHI 1kg - Mix Market - Supermarket z wszystkim co potrzeba\" \/>\n<meta property=\"og:description\" content=\"Mieszanka Do Tempury Panierka Tempura 1000g Delta-mar Sk\u0142adniki:&nbsp;M\u0105ka pszenna, skrobia kukurydziana, s\u00f3l, substancja spulchniaj\u0105ca: wodorow\u0119glan sodu, regulator kwasowo\u015bci: wodorowinian potasu, glukoza. \u27a1\ufe0f Mieszanka Do Tempury 1000 G to wyj\u0105tkowy produkt, kt\u00f3ry wyr\u00f3\u017cnia si\u0119 na rynku dzi\u0119ki swojej doskona\u0142ej jako\u015bci . \u27a1\ufe0f Dzi\u0119ki swoim wyj\u0105tkowym cechom, produkt ten z pewno\u015bci\u0105 spe\u0142ni oczekiwania nawet najbardziej wymagaj\u0105cych u\u017cytkownik\u00f3w.\" \/>\n<meta property=\"og:url\" content=\"https:\/\/racom.com.pl\/index.php\/produkt\/delta-mar-panierka-japonska-tempura-do-krewetek-kalmarow-sushi-1kg\/\" \/>\n<meta property=\"og:site_name\" content=\"Mix Market - Supermarket z wszystkim co potrzeba\" \/>\n<meta property=\"og:image\" content=\"https:\/\/racom.com.pl\/wp-content\/uploads\/2025\/07\/allegro_687abde0d735f0.09301013_af5e31f04aa08b50b372449e250e.jpg\" \/>\n\t<meta property=\"og:image:width\" content=\"1696\" \/>\n\t<meta property=\"og:image:height\" content=\"2312\" \/>\n\t<meta property=\"og:image:type\" content=\"image\/jpeg\" \/>\n<meta name=\"twitter:card\" content=\"summary_large_image\" \/>\n<script type=\"application\/ld+json\" class=\"yoast-schema-graph\">{\"@context\":\"https:\\\/\\\/schema.org\",\"@graph\":[{\"@type\":\"WebPage\",\"@id\":\"https:\\\/\\\/racom.com.pl\\\/index.php\\\/produkt\\\/delta-mar-panierka-japonska-tempura-do-krewetek-kalmarow-sushi-1kg\\\/\",\"url\":\"https:\\\/\\\/racom.com.pl\\\/index.php\\\/produkt\\\/delta-mar-panierka-japonska-tempura-do-krewetek-kalmarow-sushi-1kg\\\/\",\"name\":\"DELTA MAR Panierka japo\u0144ska TEMPURA do KREWETEK Kalmar\u00f3w SUSHI 1kg - Mix Market - Supermarket z wszystkim co potrzeba\",\"isPartOf\":{\"@id\":\"https:\\\/\\\/racom.com.pl\\\/#website\"},\"primaryImageOfPage\":{\"@id\":\"https:\\\/\\\/racom.com.pl\\\/index.php\\\/produkt\\\/delta-mar-panierka-japonska-tempura-do-krewetek-kalmarow-sushi-1kg\\\/#primaryimage\"},\"image\":{\"@id\":\"https:\\\/\\\/racom.com.pl\\\/index.php\\\/produkt\\\/delta-mar-panierka-japonska-tempura-do-krewetek-kalmarow-sushi-1kg\\\/#primaryimage\"},\"thumbnailUrl\":\"https:\\\/\\\/racom.com.pl\\\/wp-content\\\/uploads\\\/2025\\\/07\\\/allegro_687abde0d735f0.09301013_af5e31f04aa08b50b372449e250e.jpg\",\"datePublished\":\"2025-07-18T21:33:57+00:00\",\"breadcrumb\":{\"@id\":\"https:\\\/\\\/racom.com.pl\\\/index.php\\\/produkt\\\/delta-mar-panierka-japonska-tempura-do-krewetek-kalmarow-sushi-1kg\\\/#breadcrumb\"},\"inLanguage\":\"pl-PL\",\"potentialAction\":[{\"@type\":\"ReadAction\",\"target\":[\"https:\\\/\\\/racom.com.pl\\\/index.php\\\/produkt\\\/delta-mar-panierka-japonska-tempura-do-krewetek-kalmarow-sushi-1kg\\\/\"]}]},{\"@type\":\"ImageObject\",\"inLanguage\":\"pl-PL\",\"@id\":\"https:\\\/\\\/racom.com.pl\\\/index.php\\\/produkt\\\/delta-mar-panierka-japonska-tempura-do-krewetek-kalmarow-sushi-1kg\\\/#primaryimage\",\"url\":\"https:\\\/\\\/racom.com.pl\\\/wp-content\\\/uploads\\\/2025\\\/07\\\/allegro_687abde0d735f0.09301013_af5e31f04aa08b50b372449e250e.jpg\",\"contentUrl\":\"https:\\\/\\\/racom.com.pl\\\/wp-content\\\/uploads\\\/2025\\\/07\\\/allegro_687abde0d735f0.09301013_af5e31f04aa08b50b372449e250e.jpg\",\"width\":1696,\"height\":2312},{\"@type\":\"BreadcrumbList\",\"@id\":\"https:\\\/\\\/racom.com.pl\\\/index.php\\\/produkt\\\/delta-mar-panierka-japonska-tempura-do-krewetek-kalmarow-sushi-1kg\\\/#breadcrumb\",\"itemListElement\":[{\"@type\":\"ListItem\",\"position\":1,\"name\":\"Strona g\u0142\u00f3wna\",\"item\":\"https:\\\/\\\/racom.com.pl\\\/\"},{\"@type\":\"ListItem\",\"position\":2,\"name\":\"Sklep\",\"item\":\"https:\\\/\\\/racom.com.pl\\\/\"},{\"@type\":\"ListItem\",\"position\":3,\"name\":\"DELTA MAR Panierka japo\u0144ska TEMPURA do KREWETEK Kalmar\u00f3w SUSHI 1kg\"}]},{\"@type\":\"WebSite\",\"@id\":\"https:\\\/\\\/racom.com.pl\\\/#website\",\"url\":\"https:\\\/\\\/racom.com.pl\\\/\",\"name\":\"Mix Market - Supermarket z wszystkim co potrzeba do domu i nie tylko\",\"description\":\"\",\"publisher\":{\"@id\":\"https:\\\/\\\/racom.com.pl\\\/#organization\"},\"potentialAction\":[{\"@type\":\"SearchAction\",\"target\":{\"@type\":\"EntryPoint\",\"urlTemplate\":\"https:\\\/\\\/racom.com.pl\\\/?s={search_term_string}\"},\"query-input\":{\"@type\":\"PropertyValueSpecification\",\"valueRequired\":true,\"valueName\":\"search_term_string\"}}],\"inLanguage\":\"pl-PL\"},{\"@type\":\"Organization\",\"@id\":\"https:\\\/\\\/racom.com.pl\\\/#organization\",\"name\":\"Mix Market - Supermarket z wszystkim co potrzeba do domu i nie tylko\",\"url\":\"https:\\\/\\\/racom.com.pl\\\/\",\"logo\":{\"@type\":\"ImageObject\",\"inLanguage\":\"pl-PL\",\"@id\":\"https:\\\/\\\/racom.com.pl\\\/#\\\/schema\\\/logo\\\/image\\\/\",\"url\":\"https:\\\/\\\/racom.com.pl\\\/wp-content\\\/uploads\\\/2025\\\/07\\\/mixmarket_logo.png\",\"contentUrl\":\"https:\\\/\\\/racom.com.pl\\\/wp-content\\\/uploads\\\/2025\\\/07\\\/mixmarket_logo.png\",\"width\":1024,\"height\":1024,\"caption\":\"Mix Market - Supermarket z wszystkim co potrzeba do domu i nie tylko\"},\"image\":{\"@id\":\"https:\\\/\\\/racom.com.pl\\\/#\\\/schema\\\/logo\\\/image\\\/\"}}]}<\/script>\n<!-- \/ Yoast SEO plugin. -->","yoast_head_json":{"title":"DELTA MAR Panierka japo\u0144ska TEMPURA do KREWETEK Kalmar\u00f3w SUSHI 1kg - Mix Market - Supermarket z wszystkim co potrzeba","robots":{"index":"index","follow":"follow","max-snippet":"max-snippet:-1","max-image-preview":"max-image-preview:large","max-video-preview":"max-video-preview:-1"},"canonical":"https:\/\/racom.com.pl\/index.php\/produkt\/delta-mar-panierka-japonska-tempura-do-krewetek-kalmarow-sushi-1kg\/","og_locale":"pl_PL","og_type":"article","og_title":"DELTA MAR Panierka japo\u0144ska TEMPURA do KREWETEK Kalmar\u00f3w SUSHI 1kg - Mix Market - Supermarket z wszystkim co potrzeba","og_description":"Mieszanka Do Tempury Panierka Tempura 1000g Delta-mar Sk\u0142adniki:&nbsp;M\u0105ka pszenna, skrobia kukurydziana, s\u00f3l, substancja spulchniaj\u0105ca: wodorow\u0119glan sodu, regulator kwasowo\u015bci: wodorowinian potasu, glukoza. \u27a1\ufe0f Mieszanka Do Tempury 1000 G to wyj\u0105tkowy produkt, kt\u00f3ry wyr\u00f3\u017cnia si\u0119 na rynku dzi\u0119ki swojej doskona\u0142ej jako\u015bci . \u27a1\ufe0f Dzi\u0119ki swoim wyj\u0105tkowym cechom, produkt ten z pewno\u015bci\u0105 spe\u0142ni oczekiwania nawet najbardziej wymagaj\u0105cych u\u017cytkownik\u00f3w.","og_url":"https:\/\/racom.com.pl\/index.php\/produkt\/delta-mar-panierka-japonska-tempura-do-krewetek-kalmarow-sushi-1kg\/","og_site_name":"Mix Market - Supermarket z wszystkim co potrzeba","og_image":[{"width":1696,"height":2312,"url":"https:\/\/racom.com.pl\/wp-content\/uploads\/2025\/07\/allegro_687abde0d735f0.09301013_af5e31f04aa08b50b372449e250e.jpg","type":"image\/jpeg"}],"twitter_card":"summary_large_image","schema":{"@context":"https:\/\/schema.org","@graph":[{"@type":"WebPage","@id":"https:\/\/racom.com.pl\/index.php\/produkt\/delta-mar-panierka-japonska-tempura-do-krewetek-kalmarow-sushi-1kg\/","url":"https:\/\/racom.com.pl\/index.php\/produkt\/delta-mar-panierka-japonska-tempura-do-krewetek-kalmarow-sushi-1kg\/","name":"DELTA MAR Panierka japo\u0144ska TEMPURA do KREWETEK Kalmar\u00f3w SUSHI 1kg - Mix Market - Supermarket z wszystkim co potrzeba","isPartOf":{"@id":"https:\/\/racom.com.pl\/#website"},"primaryImageOfPage":{"@id":"https:\/\/racom.com.pl\/index.php\/produkt\/delta-mar-panierka-japonska-tempura-do-krewetek-kalmarow-sushi-1kg\/#primaryimage"},"image":{"@id":"https:\/\/racom.com.pl\/index.php\/produkt\/delta-mar-panierka-japonska-tempura-do-krewetek-kalmarow-sushi-1kg\/#primaryimage"},"thumbnailUrl":"https:\/\/racom.com.pl\/wp-content\/uploads\/2025\/07\/allegro_687abde0d735f0.09301013_af5e31f04aa08b50b372449e250e.jpg","datePublished":"2025-07-18T21:33:57+00:00","breadcrumb":{"@id":"https:\/\/racom.com.pl\/index.php\/produkt\/delta-mar-panierka-japonska-tempura-do-krewetek-kalmarow-sushi-1kg\/#breadcrumb"},"inLanguage":"pl-PL","potentialAction":[{"@type":"ReadAction","target":["https:\/\/racom.com.pl\/index.php\/produkt\/delta-mar-panierka-japonska-tempura-do-krewetek-kalmarow-sushi-1kg\/"]}]},{"@type":"ImageObject","inLanguage":"pl-PL","@id":"https:\/\/racom.com.pl\/index.php\/produkt\/delta-mar-panierka-japonska-tempura-do-krewetek-kalmarow-sushi-1kg\/#primaryimage","url":"https:\/\/racom.com.pl\/wp-content\/uploads\/2025\/07\/allegro_687abde0d735f0.09301013_af5e31f04aa08b50b372449e250e.jpg","contentUrl":"https:\/\/racom.com.pl\/wp-content\/uploads\/2025\/07\/allegro_687abde0d735f0.09301013_af5e31f04aa08b50b372449e250e.jpg","width":1696,"height":2312},{"@type":"BreadcrumbList","@id":"https:\/\/racom.com.pl\/index.php\/produkt\/delta-mar-panierka-japonska-tempura-do-krewetek-kalmarow-sushi-1kg\/#breadcrumb","itemListElement":[{"@type":"ListItem","position":1,"name":"Strona g\u0142\u00f3wna","item":"https:\/\/racom.com.pl\/"},{"@type":"ListItem","position":2,"name":"Sklep","item":"https:\/\/racom.com.pl\/"},{"@type":"ListItem","position":3,"name":"DELTA MAR Panierka japo\u0144ska TEMPURA do KREWETEK Kalmar\u00f3w SUSHI 1kg"}]},{"@type":"WebSite","@id":"https:\/\/racom.com.pl\/#website","url":"https:\/\/racom.com.pl\/","name":"Mix Market - Supermarket z wszystkim co potrzeba do domu i nie tylko","description":"","publisher":{"@id":"https:\/\/racom.com.pl\/#organization"},"potentialAction":[{"@type":"SearchAction","target":{"@type":"EntryPoint","urlTemplate":"https:\/\/racom.com.pl\/?s={search_term_string}"},"query-input":{"@type":"PropertyValueSpecification","valueRequired":true,"valueName":"search_term_string"}}],"inLanguage":"pl-PL"},{"@type":"Organization","@id":"https:\/\/racom.com.pl\/#organization","name":"Mix Market - Supermarket z wszystkim co potrzeba do domu i nie tylko","url":"https:\/\/racom.com.pl\/","logo":{"@type":"ImageObject","inLanguage":"pl-PL","@id":"https:\/\/racom.com.pl\/#\/schema\/logo\/image\/","url":"https:\/\/racom.com.pl\/wp-content\/uploads\/2025\/07\/mixmarket_logo.png","contentUrl":"https:\/\/racom.com.pl\/wp-content\/uploads\/2025\/07\/mixmarket_logo.png","width":1024,"height":1024,"caption":"Mix Market - Supermarket z wszystkim co potrzeba do domu i nie tylko"},"image":{"@id":"https:\/\/racom.com.pl\/#\/schema\/logo\/image\/"}}]}},"_links":{"self":[{"href":"https:\/\/racom.com.pl\/index.php\/wp-json\/wp\/v2\/product\/2549","targetHints":{"allow":["GET"]}}],"collection":[{"href":"https:\/\/racom.com.pl\/index.php\/wp-json\/wp\/v2\/product"}],"about":[{"href":"https:\/\/racom.com.pl\/index.php\/wp-json\/wp\/v2\/types\/product"}],"replies":[{"embeddable":true,"href":"https:\/\/racom.com.pl\/index.php\/wp-json\/wp\/v2\/comments?post=2549"}],"wp:featuredmedia":[{"embeddable":true,"href":"https:\/\/racom.com.pl\/index.php\/wp-json\/wp\/v2\/media\/2552"}],"wp:attachment":[{"href":"https:\/\/racom.com.pl\/index.php\/wp-json\/wp\/v2\/media?parent=2549"}],"wp:term":[{"taxonomy":"product_brand","embeddable":true,"href":"https:\/\/racom.com.pl\/index.php\/wp-json\/wp\/v2\/product_brand?post=2549"},{"taxonomy":"product_cat","embeddable":true,"href":"https:\/\/racom.com.pl\/index.php\/wp-json\/wp\/v2\/product_cat?post=2549"},{"taxonomy":"product_tag","embeddable":true,"href":"https:\/\/racom.com.pl\/index.php\/wp-json\/wp\/v2\/product_tag?post=2549"}],"curies":[{"name":"wp","href":"https:\/\/api.w.org\/{rel}","templated":true}]}}