{"id":2561,"date":"2025-07-18T23:35:44","date_gmt":"2025-07-18T21:35:44","guid":{"rendered":"http:\/\/192.168.2.106\/index.php\/produkt\/winiary-sos-pieczeniowy-duze-opakowanie-wiaderko-1-kg\/"},"modified":"2025-07-18T23:35:44","modified_gmt":"2025-07-18T21:35:44","slug":"winiary-sos-pieczeniowy-duze-opakowanie-wiaderko-1-kg","status":"publish","type":"product","link":"https:\/\/racom.com.pl\/index.php\/produkt\/winiary-sos-pieczeniowy-duze-opakowanie-wiaderko-1-kg\/","title":{"rendered":"Winiary Sos pieczeniowy Du\u017ce opakowanie Wiaderko 1 kg"},"content":{"rendered":"<h2>Winiary &#8211; Sos pieczeniowy (wiaderko) 1kg<\/h2>\n<p><b>Spos\u00f3b przyrz\u0105dzenia<\/b>: Zawarto\u015b\u0107 opakowania rozprowadzi\u0107 w 10 litrach gotuj\u0105cej si\u0119 wody, dok\u0142adnie wymieszaj trzepaczk\u0105, do ca\u0142kowitego rozpuszczenia si\u0119 proszku. Gotuj na ma\u0142ym ogniu przez 5 minut, cz\u0119sto mieszaj\u0105c.<\/p>\n<p>Wydajno\u015b\u0107 10 litr\u00f3w, dozowanie: 100g\/litr, opakowanie zawiera 100 porcji po 100ml, na gor\u0105c\u0105 wod\u0119.<\/p>\n<p><b>Sk\u0142adniki<\/b>: m\u0105ka pszenna, maltodekstryna, skrobia ziemniaczana, aromaty (z glutenem, soj\u0105) cukier, s\u00f3l, olej palmowy, cukier karmelizowany, ekstrakt dro\u017cd\u017cy, suszone warzywa 2,3% (czosnek, cebula), t\u0142uszcz palmowy, kwas (kwas cytrynowy), przyprawy. Produkt mo\u017ce zawiera\u0107: jaja, mleka, seler, gorczyc\u0119.<\/p>\n","protected":false},"excerpt":{"rendered":"<p>Winiary &#8211; Sos pieczeniowy (wiaderko) 1kg Spos\u00f3b przyrz\u0105dzenia: Zawarto\u015b\u0107 opakowania rozprowadzi\u0107 w 10 litrach gotuj\u0105cej si\u0119 wody, dok\u0142adnie wymieszaj trzepaczk\u0105, do ca\u0142kowitego rozpuszczenia si\u0119 proszku. Gotuj na ma\u0142ym ogniu przez 5 minut, cz\u0119sto mieszaj\u0105c. Wydajno\u015b\u0107 10 litr\u00f3w, dozowanie: 100g\/litr, opakowanie zawiera 100 porcji po 100ml, na gor\u0105c\u0105 wod\u0119. Sk\u0142adniki: m\u0105ka pszenna, maltodekstryna, skrobia ziemniaczana, aromaty [&hellip;]<\/p>\n","protected":false},"featured_media":2564,"comment_status":"open","ping_status":"closed","template":"","meta":[],"product_brand":[166],"product_cat":[109],"product_tag":[],"class_list":{"0":"post-2561","1":"product","2":"type-product","3":"status-publish","4":"has-post-thumbnail","6":"product_brand-winiary","7":"product_cat-sosy-kanapkowe-i-dressingi","9":"first","10":"instock","11":"taxable","12":"shipping-taxable","13":"purchasable","14":"product-type-simple"},"yoast_head":"<!-- This site is optimized with the Yoast SEO plugin v27.3 - https:\/\/yoast.com\/product\/yoast-seo-wordpress\/ -->\n<title>Winiary Sos pieczeniowy Du\u017ce opakowanie Wiaderko 1 kg - Mix Market - Supermarket z wszystkim co potrzeba<\/title>\n<meta name=\"robots\" content=\"index, follow, max-snippet:-1, max-image-preview:large, max-video-preview:-1\" \/>\n<link rel=\"canonical\" href=\"https:\/\/racom.com.pl\/index.php\/produkt\/winiary-sos-pieczeniowy-duze-opakowanie-wiaderko-1-kg\/\" \/>\n<meta property=\"og:locale\" content=\"pl_PL\" \/>\n<meta property=\"og:type\" content=\"article\" \/>\n<meta property=\"og:title\" content=\"Winiary Sos pieczeniowy Du\u017ce opakowanie Wiaderko 1 kg - Mix Market - Supermarket z wszystkim co potrzeba\" \/>\n<meta property=\"og:description\" content=\"Winiary &#8211; Sos pieczeniowy (wiaderko) 1kg Spos\u00f3b przyrz\u0105dzenia: Zawarto\u015b\u0107 opakowania rozprowadzi\u0107 w 10 litrach gotuj\u0105cej si\u0119 wody, dok\u0142adnie wymieszaj trzepaczk\u0105, do ca\u0142kowitego rozpuszczenia si\u0119 proszku. Gotuj na ma\u0142ym ogniu przez 5 minut, cz\u0119sto mieszaj\u0105c. Wydajno\u015b\u0107 10 litr\u00f3w, dozowanie: 100g\/litr, opakowanie zawiera 100 porcji po 100ml, na gor\u0105c\u0105 wod\u0119. Sk\u0142adniki: m\u0105ka pszenna, maltodekstryna, skrobia ziemniaczana, aromaty [&hellip;]\" \/>\n<meta property=\"og:url\" content=\"https:\/\/racom.com.pl\/index.php\/produkt\/winiary-sos-pieczeniowy-duze-opakowanie-wiaderko-1-kg\/\" \/>\n<meta property=\"og:site_name\" content=\"Mix Market - Supermarket z wszystkim co potrzeba\" \/>\n<meta property=\"og:image\" content=\"https:\/\/racom.com.pl\/wp-content\/uploads\/2025\/07\/allegro_687abe4278a9c7.48567357_3a17880548838097d4f6cab62006.jpg\" \/>\n\t<meta property=\"og:image:width\" content=\"800\" \/>\n\t<meta property=\"og:image:height\" content=\"800\" \/>\n\t<meta property=\"og:image:type\" content=\"image\/jpeg\" \/>\n<meta name=\"twitter:card\" content=\"summary_large_image\" \/>\n<script type=\"application\/ld+json\" class=\"yoast-schema-graph\">{\"@context\":\"https:\\\/\\\/schema.org\",\"@graph\":[{\"@type\":\"WebPage\",\"@id\":\"https:\\\/\\\/racom.com.pl\\\/index.php\\\/produkt\\\/winiary-sos-pieczeniowy-duze-opakowanie-wiaderko-1-kg\\\/\",\"url\":\"https:\\\/\\\/racom.com.pl\\\/index.php\\\/produkt\\\/winiary-sos-pieczeniowy-duze-opakowanie-wiaderko-1-kg\\\/\",\"name\":\"Winiary Sos pieczeniowy Du\u017ce opakowanie Wiaderko 1 kg - Mix Market - Supermarket z wszystkim co potrzeba\",\"isPartOf\":{\"@id\":\"https:\\\/\\\/racom.com.pl\\\/#website\"},\"primaryImageOfPage\":{\"@id\":\"https:\\\/\\\/racom.com.pl\\\/index.php\\\/produkt\\\/winiary-sos-pieczeniowy-duze-opakowanie-wiaderko-1-kg\\\/#primaryimage\"},\"image\":{\"@id\":\"https:\\\/\\\/racom.com.pl\\\/index.php\\\/produkt\\\/winiary-sos-pieczeniowy-duze-opakowanie-wiaderko-1-kg\\\/#primaryimage\"},\"thumbnailUrl\":\"https:\\\/\\\/racom.com.pl\\\/wp-content\\\/uploads\\\/2025\\\/07\\\/allegro_687abe4278a9c7.48567357_3a17880548838097d4f6cab62006.jpg\",\"datePublished\":\"2025-07-18T21:35:44+00:00\",\"breadcrumb\":{\"@id\":\"https:\\\/\\\/racom.com.pl\\\/index.php\\\/produkt\\\/winiary-sos-pieczeniowy-duze-opakowanie-wiaderko-1-kg\\\/#breadcrumb\"},\"inLanguage\":\"pl-PL\",\"potentialAction\":[{\"@type\":\"ReadAction\",\"target\":[\"https:\\\/\\\/racom.com.pl\\\/index.php\\\/produkt\\\/winiary-sos-pieczeniowy-duze-opakowanie-wiaderko-1-kg\\\/\"]}]},{\"@type\":\"ImageObject\",\"inLanguage\":\"pl-PL\",\"@id\":\"https:\\\/\\\/racom.com.pl\\\/index.php\\\/produkt\\\/winiary-sos-pieczeniowy-duze-opakowanie-wiaderko-1-kg\\\/#primaryimage\",\"url\":\"https:\\\/\\\/racom.com.pl\\\/wp-content\\\/uploads\\\/2025\\\/07\\\/allegro_687abe4278a9c7.48567357_3a17880548838097d4f6cab62006.jpg\",\"contentUrl\":\"https:\\\/\\\/racom.com.pl\\\/wp-content\\\/uploads\\\/2025\\\/07\\\/allegro_687abe4278a9c7.48567357_3a17880548838097d4f6cab62006.jpg\",\"width\":800,\"height\":800},{\"@type\":\"BreadcrumbList\",\"@id\":\"https:\\\/\\\/racom.com.pl\\\/index.php\\\/produkt\\\/winiary-sos-pieczeniowy-duze-opakowanie-wiaderko-1-kg\\\/#breadcrumb\",\"itemListElement\":[{\"@type\":\"ListItem\",\"position\":1,\"name\":\"Strona g\u0142\u00f3wna\",\"item\":\"https:\\\/\\\/racom.com.pl\\\/\"},{\"@type\":\"ListItem\",\"position\":2,\"name\":\"Sklep\",\"item\":\"https:\\\/\\\/racom.com.pl\\\/\"},{\"@type\":\"ListItem\",\"position\":3,\"name\":\"Winiary Sos pieczeniowy Du\u017ce opakowanie Wiaderko 1 kg\"}]},{\"@type\":\"WebSite\",\"@id\":\"https:\\\/\\\/racom.com.pl\\\/#website\",\"url\":\"https:\\\/\\\/racom.com.pl\\\/\",\"name\":\"Mix Market - Supermarket z wszystkim co potrzeba do domu i nie tylko\",\"description\":\"\",\"publisher\":{\"@id\":\"https:\\\/\\\/racom.com.pl\\\/#organization\"},\"potentialAction\":[{\"@type\":\"SearchAction\",\"target\":{\"@type\":\"EntryPoint\",\"urlTemplate\":\"https:\\\/\\\/racom.com.pl\\\/?s={search_term_string}\"},\"query-input\":{\"@type\":\"PropertyValueSpecification\",\"valueRequired\":true,\"valueName\":\"search_term_string\"}}],\"inLanguage\":\"pl-PL\"},{\"@type\":\"Organization\",\"@id\":\"https:\\\/\\\/racom.com.pl\\\/#organization\",\"name\":\"Mix Market - Supermarket z wszystkim co potrzeba do domu i nie tylko\",\"url\":\"https:\\\/\\\/racom.com.pl\\\/\",\"logo\":{\"@type\":\"ImageObject\",\"inLanguage\":\"pl-PL\",\"@id\":\"https:\\\/\\\/racom.com.pl\\\/#\\\/schema\\\/logo\\\/image\\\/\",\"url\":\"https:\\\/\\\/racom.com.pl\\\/wp-content\\\/uploads\\\/2025\\\/07\\\/mixmarket_logo.png\",\"contentUrl\":\"https:\\\/\\\/racom.com.pl\\\/wp-content\\\/uploads\\\/2025\\\/07\\\/mixmarket_logo.png\",\"width\":1024,\"height\":1024,\"caption\":\"Mix Market - Supermarket z wszystkim co potrzeba do domu i nie tylko\"},\"image\":{\"@id\":\"https:\\\/\\\/racom.com.pl\\\/#\\\/schema\\\/logo\\\/image\\\/\"}}]}<\/script>\n<!-- \/ Yoast SEO plugin. -->","yoast_head_json":{"title":"Winiary Sos pieczeniowy Du\u017ce opakowanie Wiaderko 1 kg - Mix Market - Supermarket z wszystkim co potrzeba","robots":{"index":"index","follow":"follow","max-snippet":"max-snippet:-1","max-image-preview":"max-image-preview:large","max-video-preview":"max-video-preview:-1"},"canonical":"https:\/\/racom.com.pl\/index.php\/produkt\/winiary-sos-pieczeniowy-duze-opakowanie-wiaderko-1-kg\/","og_locale":"pl_PL","og_type":"article","og_title":"Winiary Sos pieczeniowy Du\u017ce opakowanie Wiaderko 1 kg - Mix Market - Supermarket z wszystkim co potrzeba","og_description":"Winiary &#8211; Sos pieczeniowy (wiaderko) 1kg Spos\u00f3b przyrz\u0105dzenia: Zawarto\u015b\u0107 opakowania rozprowadzi\u0107 w 10 litrach gotuj\u0105cej si\u0119 wody, dok\u0142adnie wymieszaj trzepaczk\u0105, do ca\u0142kowitego rozpuszczenia si\u0119 proszku. Gotuj na ma\u0142ym ogniu przez 5 minut, cz\u0119sto mieszaj\u0105c. Wydajno\u015b\u0107 10 litr\u00f3w, dozowanie: 100g\/litr, opakowanie zawiera 100 porcji po 100ml, na gor\u0105c\u0105 wod\u0119. Sk\u0142adniki: m\u0105ka pszenna, maltodekstryna, skrobia ziemniaczana, aromaty [&hellip;]","og_url":"https:\/\/racom.com.pl\/index.php\/produkt\/winiary-sos-pieczeniowy-duze-opakowanie-wiaderko-1-kg\/","og_site_name":"Mix Market - Supermarket z wszystkim co potrzeba","og_image":[{"width":800,"height":800,"url":"https:\/\/racom.com.pl\/wp-content\/uploads\/2025\/07\/allegro_687abe4278a9c7.48567357_3a17880548838097d4f6cab62006.jpg","type":"image\/jpeg"}],"twitter_card":"summary_large_image","schema":{"@context":"https:\/\/schema.org","@graph":[{"@type":"WebPage","@id":"https:\/\/racom.com.pl\/index.php\/produkt\/winiary-sos-pieczeniowy-duze-opakowanie-wiaderko-1-kg\/","url":"https:\/\/racom.com.pl\/index.php\/produkt\/winiary-sos-pieczeniowy-duze-opakowanie-wiaderko-1-kg\/","name":"Winiary Sos pieczeniowy Du\u017ce opakowanie Wiaderko 1 kg - Mix Market - Supermarket z wszystkim co potrzeba","isPartOf":{"@id":"https:\/\/racom.com.pl\/#website"},"primaryImageOfPage":{"@id":"https:\/\/racom.com.pl\/index.php\/produkt\/winiary-sos-pieczeniowy-duze-opakowanie-wiaderko-1-kg\/#primaryimage"},"image":{"@id":"https:\/\/racom.com.pl\/index.php\/produkt\/winiary-sos-pieczeniowy-duze-opakowanie-wiaderko-1-kg\/#primaryimage"},"thumbnailUrl":"https:\/\/racom.com.pl\/wp-content\/uploads\/2025\/07\/allegro_687abe4278a9c7.48567357_3a17880548838097d4f6cab62006.jpg","datePublished":"2025-07-18T21:35:44+00:00","breadcrumb":{"@id":"https:\/\/racom.com.pl\/index.php\/produkt\/winiary-sos-pieczeniowy-duze-opakowanie-wiaderko-1-kg\/#breadcrumb"},"inLanguage":"pl-PL","potentialAction":[{"@type":"ReadAction","target":["https:\/\/racom.com.pl\/index.php\/produkt\/winiary-sos-pieczeniowy-duze-opakowanie-wiaderko-1-kg\/"]}]},{"@type":"ImageObject","inLanguage":"pl-PL","@id":"https:\/\/racom.com.pl\/index.php\/produkt\/winiary-sos-pieczeniowy-duze-opakowanie-wiaderko-1-kg\/#primaryimage","url":"https:\/\/racom.com.pl\/wp-content\/uploads\/2025\/07\/allegro_687abe4278a9c7.48567357_3a17880548838097d4f6cab62006.jpg","contentUrl":"https:\/\/racom.com.pl\/wp-content\/uploads\/2025\/07\/allegro_687abe4278a9c7.48567357_3a17880548838097d4f6cab62006.jpg","width":800,"height":800},{"@type":"BreadcrumbList","@id":"https:\/\/racom.com.pl\/index.php\/produkt\/winiary-sos-pieczeniowy-duze-opakowanie-wiaderko-1-kg\/#breadcrumb","itemListElement":[{"@type":"ListItem","position":1,"name":"Strona g\u0142\u00f3wna","item":"https:\/\/racom.com.pl\/"},{"@type":"ListItem","position":2,"name":"Sklep","item":"https:\/\/racom.com.pl\/"},{"@type":"ListItem","position":3,"name":"Winiary Sos pieczeniowy Du\u017ce opakowanie Wiaderko 1 kg"}]},{"@type":"WebSite","@id":"https:\/\/racom.com.pl\/#website","url":"https:\/\/racom.com.pl\/","name":"Mix Market - Supermarket z wszystkim co potrzeba do domu i nie tylko","description":"","publisher":{"@id":"https:\/\/racom.com.pl\/#organization"},"potentialAction":[{"@type":"SearchAction","target":{"@type":"EntryPoint","urlTemplate":"https:\/\/racom.com.pl\/?s={search_term_string}"},"query-input":{"@type":"PropertyValueSpecification","valueRequired":true,"valueName":"search_term_string"}}],"inLanguage":"pl-PL"},{"@type":"Organization","@id":"https:\/\/racom.com.pl\/#organization","name":"Mix Market - Supermarket z wszystkim co potrzeba do domu i nie tylko","url":"https:\/\/racom.com.pl\/","logo":{"@type":"ImageObject","inLanguage":"pl-PL","@id":"https:\/\/racom.com.pl\/#\/schema\/logo\/image\/","url":"https:\/\/racom.com.pl\/wp-content\/uploads\/2025\/07\/mixmarket_logo.png","contentUrl":"https:\/\/racom.com.pl\/wp-content\/uploads\/2025\/07\/mixmarket_logo.png","width":1024,"height":1024,"caption":"Mix Market - Supermarket z wszystkim co potrzeba do domu i nie tylko"},"image":{"@id":"https:\/\/racom.com.pl\/#\/schema\/logo\/image\/"}}]}},"_links":{"self":[{"href":"https:\/\/racom.com.pl\/index.php\/wp-json\/wp\/v2\/product\/2561","targetHints":{"allow":["GET"]}}],"collection":[{"href":"https:\/\/racom.com.pl\/index.php\/wp-json\/wp\/v2\/product"}],"about":[{"href":"https:\/\/racom.com.pl\/index.php\/wp-json\/wp\/v2\/types\/product"}],"replies":[{"embeddable":true,"href":"https:\/\/racom.com.pl\/index.php\/wp-json\/wp\/v2\/comments?post=2561"}],"wp:featuredmedia":[{"embeddable":true,"href":"https:\/\/racom.com.pl\/index.php\/wp-json\/wp\/v2\/media\/2564"}],"wp:attachment":[{"href":"https:\/\/racom.com.pl\/index.php\/wp-json\/wp\/v2\/media?parent=2561"}],"wp:term":[{"taxonomy":"product_brand","embeddable":true,"href":"https:\/\/racom.com.pl\/index.php\/wp-json\/wp\/v2\/product_brand?post=2561"},{"taxonomy":"product_cat","embeddable":true,"href":"https:\/\/racom.com.pl\/index.php\/wp-json\/wp\/v2\/product_cat?post=2561"},{"taxonomy":"product_tag","embeddable":true,"href":"https:\/\/racom.com.pl\/index.php\/wp-json\/wp\/v2\/product_tag?post=2561"}],"curies":[{"name":"wp","href":"https:\/\/api.w.org\/{rel}","templated":true}]}}