{"id":2565,"date":"2025-07-18T23:36:10","date_gmt":"2025-07-18T21:36:10","guid":{"rendered":"http:\/\/192.168.2.106\/index.php\/produkt\/sos-ogrodowy-mc-makro-chef-do-salatek-duze-opakowanie-700g\/"},"modified":"2025-07-18T23:36:10","modified_gmt":"2025-07-18T21:36:10","slug":"sos-ogrodowy-mc-makro-chef-do-salatek-duze-opakowanie-700g","status":"publish","type":"product","link":"https:\/\/racom.com.pl\/index.php\/produkt\/sos-ogrodowy-mc-makro-chef-do-salatek-duze-opakowanie-700g\/","title":{"rendered":"SOS OGRODOWY MC Makro Chef DO SA\u0141ATEK du\u017ce opakowanie 700g"},"content":{"rendered":"<h2>MAKRO CHEF SOS OGRODOWY 700g<\/h2>\n<p>Je\u015bli szukasz sosu, kt\u00f3ry doda Twoim potrawom wyj\u0105tkowego smaku, to <b>MAKRO CHEF SOS OGRODOWY 0,7 KG<\/b> jest w\u0142a\u015bnie dla Ciebie! Ten wyj\u0105tkowy sos zosta\u0142 stworzony z my\u015bl\u0105 o mi\u0142o\u015bnikach kuchni, kt\u00f3rzy ceni\u0105 sobie naturalne sk\u0142adniki i wyj\u0105tkowy smak.<\/p>\n<p><b>MAKRO CHEF SOS OGRODOWY 0,7 KG<\/b> to po\u0142\u0105czenie wyselekcjonowanych warzyw i zi\u00f3\u0142, kt\u00f3re zosta\u0142y starannie dobranych, aby stworzy\u0107 idealny smak. Sos ten jest idealny do mi\u0119s, ryb, sa\u0142atek oraz jako dodatek do kanapek. Dzi\u0119ki swojemu wyj\u0105tkowemu smakowi, MAKRO CHEF SOS OGRODOWY 0,7 KG z pewno\u015bci\u0105 zadowoli nawet najbardziej wymagaj\u0105cych smakoszy.<\/p>\n<p><b>Sk\u0142ad:<\/b><\/p>\n<ul>\n<li>woda<\/li>\n<li>cukier<\/li>\n<li>ocet spirytusowy<\/li>\n<li>s\u00f3l<\/li>\n<li>warzywa (cebula, marchew, papryka, czosnek)<\/li>\n<li>zio\u0142a (majeranek, tymianek, oregano, bazylia)<\/li>\n<li>skrobia kukurydziana<\/li>\n<li>regulator kwasowo\u015bci: kwas cytrynowy<\/li>\n<li>substancja zag\u0119szczaj\u0105ca: guma ksantanowa<\/li>\n<li>konserwant: sorbinian potasu<\/li>\n<\/ul>\n<p><b>MAKRO CHEF SOS OGRODOWY 0,7 KG<\/b> to produkt, kt\u00f3ry z pewno\u015bci\u0105 zadowoli ka\u017cdego mi\u0142o\u015bnika kuchni. Dzi\u0119ki swojemu wyj\u0105tkowemu smakowi oraz naturalnym sk\u0142adnikom, ten sos jest idealnym dodatkiem do Twoich potraw. Nie czekaj, zam\u00f3w ju\u017c dzi\u015b i ciesz si\u0119 wyj\u0105tkowym smakiem!<\/p>\n","protected":false},"excerpt":{"rendered":"<p>MAKRO CHEF SOS OGRODOWY 700g Je\u015bli szukasz sosu, kt\u00f3ry doda Twoim potrawom wyj\u0105tkowego smaku, to MAKRO CHEF SOS OGRODOWY 0,7 KG jest w\u0142a\u015bnie dla Ciebie! Ten wyj\u0105tkowy sos zosta\u0142 stworzony z my\u015bl\u0105 o mi\u0142o\u015bnikach kuchni, kt\u00f3rzy ceni\u0105 sobie naturalne sk\u0142adniki i wyj\u0105tkowy smak. MAKRO CHEF SOS OGRODOWY 0,7 KG to po\u0142\u0105czenie wyselekcjonowanych warzyw i zi\u00f3\u0142, [&hellip;]<\/p>\n","protected":false},"featured_media":2568,"comment_status":"open","ping_status":"closed","template":"","meta":[],"product_brand":[167],"product_cat":[109],"product_tag":[],"class_list":{"0":"post-2565","1":"product","2":"type-product","3":"status-publish","4":"has-post-thumbnail","6":"product_brand-makro-chef","7":"product_cat-sosy-kanapkowe-i-dressingi","9":"first","10":"instock","11":"taxable","12":"shipping-taxable","13":"purchasable","14":"product-type-simple"},"yoast_head":"<!-- This site is optimized with the Yoast SEO plugin v27.3 - https:\/\/yoast.com\/product\/yoast-seo-wordpress\/ -->\n<title>SOS OGRODOWY MC Makro Chef DO SA\u0141ATEK du\u017ce opakowanie 700g - Mix Market - Supermarket z wszystkim co potrzeba<\/title>\n<meta name=\"robots\" content=\"index, follow, max-snippet:-1, max-image-preview:large, max-video-preview:-1\" \/>\n<link rel=\"canonical\" href=\"https:\/\/racom.com.pl\/index.php\/produkt\/sos-ogrodowy-mc-makro-chef-do-salatek-duze-opakowanie-700g\/\" \/>\n<meta property=\"og:locale\" content=\"pl_PL\" \/>\n<meta property=\"og:type\" content=\"article\" \/>\n<meta property=\"og:title\" content=\"SOS OGRODOWY MC Makro Chef DO SA\u0141ATEK du\u017ce opakowanie 700g - Mix Market - Supermarket z wszystkim co potrzeba\" \/>\n<meta property=\"og:description\" content=\"MAKRO CHEF SOS OGRODOWY 700g Je\u015bli szukasz sosu, kt\u00f3ry doda Twoim potrawom wyj\u0105tkowego smaku, to MAKRO CHEF SOS OGRODOWY 0,7 KG jest w\u0142a\u015bnie dla Ciebie! Ten wyj\u0105tkowy sos zosta\u0142 stworzony z my\u015bl\u0105 o mi\u0142o\u015bnikach kuchni, kt\u00f3rzy ceni\u0105 sobie naturalne sk\u0142adniki i wyj\u0105tkowy smak. MAKRO CHEF SOS OGRODOWY 0,7 KG to po\u0142\u0105czenie wyselekcjonowanych warzyw i zi\u00f3\u0142, [&hellip;]\" \/>\n<meta property=\"og:url\" content=\"https:\/\/racom.com.pl\/index.php\/produkt\/sos-ogrodowy-mc-makro-chef-do-salatek-duze-opakowanie-700g\/\" \/>\n<meta property=\"og:site_name\" content=\"Mix Market - Supermarket z wszystkim co potrzeba\" \/>\n<meta property=\"og:image\" content=\"https:\/\/racom.com.pl\/wp-content\/uploads\/2025\/07\/allegro_687abe5a770a85.28553113_851af337400caf93daf5169e8eb0.jpg\" \/>\n\t<meta property=\"og:image:width\" content=\"400\" \/>\n\t<meta property=\"og:image:height\" content=\"400\" \/>\n\t<meta property=\"og:image:type\" content=\"image\/jpeg\" \/>\n<meta name=\"twitter:card\" content=\"summary_large_image\" \/>\n<meta name=\"twitter:label1\" content=\"Szacowany czas czytania\" \/>\n\t<meta name=\"twitter:data1\" content=\"1 minuta\" \/>\n<script type=\"application\/ld+json\" class=\"yoast-schema-graph\">{\"@context\":\"https:\\\/\\\/schema.org\",\"@graph\":[{\"@type\":\"WebPage\",\"@id\":\"https:\\\/\\\/racom.com.pl\\\/index.php\\\/produkt\\\/sos-ogrodowy-mc-makro-chef-do-salatek-duze-opakowanie-700g\\\/\",\"url\":\"https:\\\/\\\/racom.com.pl\\\/index.php\\\/produkt\\\/sos-ogrodowy-mc-makro-chef-do-salatek-duze-opakowanie-700g\\\/\",\"name\":\"SOS OGRODOWY MC Makro Chef DO SA\u0141ATEK du\u017ce opakowanie 700g - Mix Market - Supermarket z wszystkim co potrzeba\",\"isPartOf\":{\"@id\":\"https:\\\/\\\/racom.com.pl\\\/#website\"},\"primaryImageOfPage\":{\"@id\":\"https:\\\/\\\/racom.com.pl\\\/index.php\\\/produkt\\\/sos-ogrodowy-mc-makro-chef-do-salatek-duze-opakowanie-700g\\\/#primaryimage\"},\"image\":{\"@id\":\"https:\\\/\\\/racom.com.pl\\\/index.php\\\/produkt\\\/sos-ogrodowy-mc-makro-chef-do-salatek-duze-opakowanie-700g\\\/#primaryimage\"},\"thumbnailUrl\":\"https:\\\/\\\/racom.com.pl\\\/wp-content\\\/uploads\\\/2025\\\/07\\\/allegro_687abe5a770a85.28553113_851af337400caf93daf5169e8eb0.jpg\",\"datePublished\":\"2025-07-18T21:36:10+00:00\",\"breadcrumb\":{\"@id\":\"https:\\\/\\\/racom.com.pl\\\/index.php\\\/produkt\\\/sos-ogrodowy-mc-makro-chef-do-salatek-duze-opakowanie-700g\\\/#breadcrumb\"},\"inLanguage\":\"pl-PL\",\"potentialAction\":[{\"@type\":\"ReadAction\",\"target\":[\"https:\\\/\\\/racom.com.pl\\\/index.php\\\/produkt\\\/sos-ogrodowy-mc-makro-chef-do-salatek-duze-opakowanie-700g\\\/\"]}]},{\"@type\":\"ImageObject\",\"inLanguage\":\"pl-PL\",\"@id\":\"https:\\\/\\\/racom.com.pl\\\/index.php\\\/produkt\\\/sos-ogrodowy-mc-makro-chef-do-salatek-duze-opakowanie-700g\\\/#primaryimage\",\"url\":\"https:\\\/\\\/racom.com.pl\\\/wp-content\\\/uploads\\\/2025\\\/07\\\/allegro_687abe5a770a85.28553113_851af337400caf93daf5169e8eb0.jpg\",\"contentUrl\":\"https:\\\/\\\/racom.com.pl\\\/wp-content\\\/uploads\\\/2025\\\/07\\\/allegro_687abe5a770a85.28553113_851af337400caf93daf5169e8eb0.jpg\",\"width\":400,\"height\":400},{\"@type\":\"BreadcrumbList\",\"@id\":\"https:\\\/\\\/racom.com.pl\\\/index.php\\\/produkt\\\/sos-ogrodowy-mc-makro-chef-do-salatek-duze-opakowanie-700g\\\/#breadcrumb\",\"itemListElement\":[{\"@type\":\"ListItem\",\"position\":1,\"name\":\"Strona g\u0142\u00f3wna\",\"item\":\"https:\\\/\\\/racom.com.pl\\\/\"},{\"@type\":\"ListItem\",\"position\":2,\"name\":\"Sklep\",\"item\":\"https:\\\/\\\/racom.com.pl\\\/\"},{\"@type\":\"ListItem\",\"position\":3,\"name\":\"SOS OGRODOWY MC Makro Chef DO SA\u0141ATEK du\u017ce opakowanie 700g\"}]},{\"@type\":\"WebSite\",\"@id\":\"https:\\\/\\\/racom.com.pl\\\/#website\",\"url\":\"https:\\\/\\\/racom.com.pl\\\/\",\"name\":\"Mix Market - Supermarket z wszystkim co potrzeba do domu i nie tylko\",\"description\":\"\",\"publisher\":{\"@id\":\"https:\\\/\\\/racom.com.pl\\\/#organization\"},\"potentialAction\":[{\"@type\":\"SearchAction\",\"target\":{\"@type\":\"EntryPoint\",\"urlTemplate\":\"https:\\\/\\\/racom.com.pl\\\/?s={search_term_string}\"},\"query-input\":{\"@type\":\"PropertyValueSpecification\",\"valueRequired\":true,\"valueName\":\"search_term_string\"}}],\"inLanguage\":\"pl-PL\"},{\"@type\":\"Organization\",\"@id\":\"https:\\\/\\\/racom.com.pl\\\/#organization\",\"name\":\"Mix Market - Supermarket z wszystkim co potrzeba do domu i nie tylko\",\"url\":\"https:\\\/\\\/racom.com.pl\\\/\",\"logo\":{\"@type\":\"ImageObject\",\"inLanguage\":\"pl-PL\",\"@id\":\"https:\\\/\\\/racom.com.pl\\\/#\\\/schema\\\/logo\\\/image\\\/\",\"url\":\"https:\\\/\\\/racom.com.pl\\\/wp-content\\\/uploads\\\/2025\\\/07\\\/mixmarket_logo.png\",\"contentUrl\":\"https:\\\/\\\/racom.com.pl\\\/wp-content\\\/uploads\\\/2025\\\/07\\\/mixmarket_logo.png\",\"width\":1024,\"height\":1024,\"caption\":\"Mix Market - Supermarket z wszystkim co potrzeba do domu i nie tylko\"},\"image\":{\"@id\":\"https:\\\/\\\/racom.com.pl\\\/#\\\/schema\\\/logo\\\/image\\\/\"}}]}<\/script>\n<!-- \/ Yoast SEO plugin. -->","yoast_head_json":{"title":"SOS OGRODOWY MC Makro Chef DO SA\u0141ATEK du\u017ce opakowanie 700g - Mix Market - Supermarket z wszystkim co potrzeba","robots":{"index":"index","follow":"follow","max-snippet":"max-snippet:-1","max-image-preview":"max-image-preview:large","max-video-preview":"max-video-preview:-1"},"canonical":"https:\/\/racom.com.pl\/index.php\/produkt\/sos-ogrodowy-mc-makro-chef-do-salatek-duze-opakowanie-700g\/","og_locale":"pl_PL","og_type":"article","og_title":"SOS OGRODOWY MC Makro Chef DO SA\u0141ATEK du\u017ce opakowanie 700g - Mix Market - Supermarket z wszystkim co potrzeba","og_description":"MAKRO CHEF SOS OGRODOWY 700g Je\u015bli szukasz sosu, kt\u00f3ry doda Twoim potrawom wyj\u0105tkowego smaku, to MAKRO CHEF SOS OGRODOWY 0,7 KG jest w\u0142a\u015bnie dla Ciebie! Ten wyj\u0105tkowy sos zosta\u0142 stworzony z my\u015bl\u0105 o mi\u0142o\u015bnikach kuchni, kt\u00f3rzy ceni\u0105 sobie naturalne sk\u0142adniki i wyj\u0105tkowy smak. MAKRO CHEF SOS OGRODOWY 0,7 KG to po\u0142\u0105czenie wyselekcjonowanych warzyw i zi\u00f3\u0142, [&hellip;]","og_url":"https:\/\/racom.com.pl\/index.php\/produkt\/sos-ogrodowy-mc-makro-chef-do-salatek-duze-opakowanie-700g\/","og_site_name":"Mix Market - Supermarket z wszystkim co potrzeba","og_image":[{"width":400,"height":400,"url":"https:\/\/racom.com.pl\/wp-content\/uploads\/2025\/07\/allegro_687abe5a770a85.28553113_851af337400caf93daf5169e8eb0.jpg","type":"image\/jpeg"}],"twitter_card":"summary_large_image","twitter_misc":{"Szacowany czas czytania":"1 minuta"},"schema":{"@context":"https:\/\/schema.org","@graph":[{"@type":"WebPage","@id":"https:\/\/racom.com.pl\/index.php\/produkt\/sos-ogrodowy-mc-makro-chef-do-salatek-duze-opakowanie-700g\/","url":"https:\/\/racom.com.pl\/index.php\/produkt\/sos-ogrodowy-mc-makro-chef-do-salatek-duze-opakowanie-700g\/","name":"SOS OGRODOWY MC Makro Chef DO SA\u0141ATEK du\u017ce opakowanie 700g - Mix Market - Supermarket z wszystkim co potrzeba","isPartOf":{"@id":"https:\/\/racom.com.pl\/#website"},"primaryImageOfPage":{"@id":"https:\/\/racom.com.pl\/index.php\/produkt\/sos-ogrodowy-mc-makro-chef-do-salatek-duze-opakowanie-700g\/#primaryimage"},"image":{"@id":"https:\/\/racom.com.pl\/index.php\/produkt\/sos-ogrodowy-mc-makro-chef-do-salatek-duze-opakowanie-700g\/#primaryimage"},"thumbnailUrl":"https:\/\/racom.com.pl\/wp-content\/uploads\/2025\/07\/allegro_687abe5a770a85.28553113_851af337400caf93daf5169e8eb0.jpg","datePublished":"2025-07-18T21:36:10+00:00","breadcrumb":{"@id":"https:\/\/racom.com.pl\/index.php\/produkt\/sos-ogrodowy-mc-makro-chef-do-salatek-duze-opakowanie-700g\/#breadcrumb"},"inLanguage":"pl-PL","potentialAction":[{"@type":"ReadAction","target":["https:\/\/racom.com.pl\/index.php\/produkt\/sos-ogrodowy-mc-makro-chef-do-salatek-duze-opakowanie-700g\/"]}]},{"@type":"ImageObject","inLanguage":"pl-PL","@id":"https:\/\/racom.com.pl\/index.php\/produkt\/sos-ogrodowy-mc-makro-chef-do-salatek-duze-opakowanie-700g\/#primaryimage","url":"https:\/\/racom.com.pl\/wp-content\/uploads\/2025\/07\/allegro_687abe5a770a85.28553113_851af337400caf93daf5169e8eb0.jpg","contentUrl":"https:\/\/racom.com.pl\/wp-content\/uploads\/2025\/07\/allegro_687abe5a770a85.28553113_851af337400caf93daf5169e8eb0.jpg","width":400,"height":400},{"@type":"BreadcrumbList","@id":"https:\/\/racom.com.pl\/index.php\/produkt\/sos-ogrodowy-mc-makro-chef-do-salatek-duze-opakowanie-700g\/#breadcrumb","itemListElement":[{"@type":"ListItem","position":1,"name":"Strona g\u0142\u00f3wna","item":"https:\/\/racom.com.pl\/"},{"@type":"ListItem","position":2,"name":"Sklep","item":"https:\/\/racom.com.pl\/"},{"@type":"ListItem","position":3,"name":"SOS OGRODOWY MC Makro Chef DO SA\u0141ATEK du\u017ce opakowanie 700g"}]},{"@type":"WebSite","@id":"https:\/\/racom.com.pl\/#website","url":"https:\/\/racom.com.pl\/","name":"Mix Market - Supermarket z wszystkim co potrzeba do domu i nie tylko","description":"","publisher":{"@id":"https:\/\/racom.com.pl\/#organization"},"potentialAction":[{"@type":"SearchAction","target":{"@type":"EntryPoint","urlTemplate":"https:\/\/racom.com.pl\/?s={search_term_string}"},"query-input":{"@type":"PropertyValueSpecification","valueRequired":true,"valueName":"search_term_string"}}],"inLanguage":"pl-PL"},{"@type":"Organization","@id":"https:\/\/racom.com.pl\/#organization","name":"Mix Market - Supermarket z wszystkim co potrzeba do domu i nie tylko","url":"https:\/\/racom.com.pl\/","logo":{"@type":"ImageObject","inLanguage":"pl-PL","@id":"https:\/\/racom.com.pl\/#\/schema\/logo\/image\/","url":"https:\/\/racom.com.pl\/wp-content\/uploads\/2025\/07\/mixmarket_logo.png","contentUrl":"https:\/\/racom.com.pl\/wp-content\/uploads\/2025\/07\/mixmarket_logo.png","width":1024,"height":1024,"caption":"Mix Market - Supermarket z wszystkim co potrzeba do domu i nie tylko"},"image":{"@id":"https:\/\/racom.com.pl\/#\/schema\/logo\/image\/"}}]}},"_links":{"self":[{"href":"https:\/\/racom.com.pl\/index.php\/wp-json\/wp\/v2\/product\/2565","targetHints":{"allow":["GET"]}}],"collection":[{"href":"https:\/\/racom.com.pl\/index.php\/wp-json\/wp\/v2\/product"}],"about":[{"href":"https:\/\/racom.com.pl\/index.php\/wp-json\/wp\/v2\/types\/product"}],"replies":[{"embeddable":true,"href":"https:\/\/racom.com.pl\/index.php\/wp-json\/wp\/v2\/comments?post=2565"}],"wp:featuredmedia":[{"embeddable":true,"href":"https:\/\/racom.com.pl\/index.php\/wp-json\/wp\/v2\/media\/2568"}],"wp:attachment":[{"href":"https:\/\/racom.com.pl\/index.php\/wp-json\/wp\/v2\/media?parent=2565"}],"wp:term":[{"taxonomy":"product_brand","embeddable":true,"href":"https:\/\/racom.com.pl\/index.php\/wp-json\/wp\/v2\/product_brand?post=2565"},{"taxonomy":"product_cat","embeddable":true,"href":"https:\/\/racom.com.pl\/index.php\/wp-json\/wp\/v2\/product_cat?post=2565"},{"taxonomy":"product_tag","embeddable":true,"href":"https:\/\/racom.com.pl\/index.php\/wp-json\/wp\/v2\/product_tag?post=2565"}],"curies":[{"name":"wp","href":"https:\/\/api.w.org\/{rel}","templated":true}]}}