{"id":2575,"date":"2025-07-18T23:37:34","date_gmt":"2025-07-18T21:37:34","guid":{"rendered":"http:\/\/192.168.2.106\/index.php\/produkt\/ekland-herbata-instant-o-smaku-cytrynowo-malinowym-z-witamina-c-mv204-1kg\/"},"modified":"2025-07-18T23:37:34","modified_gmt":"2025-07-18T21:37:34","slug":"ekland-herbata-instant-o-smaku-cytrynowo-malinowym-z-witamina-c-mv204-1kg","status":"publish","type":"product","link":"https:\/\/racom.com.pl\/index.php\/produkt\/ekland-herbata-instant-o-smaku-cytrynowo-malinowym-z-witamina-c-mv204-1kg\/","title":{"rendered":"Ekland HERBATA INSTANT o smaku cytrynowo-malinowym z witamin\u0105 C MV204 1kg"},"content":{"rendered":"<h2>Ekland Nap\u00f3j Herbaciany Instant O Smaku Cytrynowo-Malinowym Z Witamin\u0105 C Mv 204 1000 G<\/h2>\n<p><b>\u2714\ufe0f Opis szczeg\u00f3\u0142owy<\/b><\/p>\n<p>Zalecane dozowanie: 10-12 g na 180 ml wody. Opakowanie zawiera 90 sugerowanych porcji.<\/p>\n<p>Parametry produktu<b>Typ:<\/b> Rozpuszczalna<\/p>\n<p><b>Rodzaj:<\/b> Owocowa<\/p>\n<p><b>Smak:<\/b> Cytrynowy, Malinowy<\/p>\n<p><b>Kraj pochodzenia\/Wyprodukowano w:<\/b> Polska<\/p>\n<p><b>Zawarto\u015b\u0107 netto:<\/b> 1 kg<\/p>\n<p><b>Sk\u0142adniki:<\/b> Cukier, glukoza, reg-ator kwasowo\u015bci &#8211; kwas cytrynowy, ekstrakt herbaty (0,4%), aromaty, proszek cytrynowy (0,2%), proszek malinowy (0,2%), ekstrakt z aronii, substancja przeciwzbrylaj\u0105ca &#8211; e341, witamina c produkt mo\u017ce zawiera\u0107: mleko, soj\u0119, gluten i seler<\/p>\n<p><b>Temperatura przechowywania min &#8211; max:<\/b> 5 &#8211; 22 \u00b0C<\/p>\n<p><b>Zbo\u017ca zawierajace gluten:<\/b> Mo\u017ce zawiera\u0107<\/p>\n<p><b>Seler i produkty pochodne:<\/b> Mo\u017ce zawiera\u0107<\/p>\n<p><b>Soja i produkty pochodne:<\/b> Mo\u017ce zawiera\u0107<\/p>\n<p><b>Mleko i produkty pochodne (\u0142\u0105cznie z laktoz\u0105):<\/b> Mo\u017ce zawiera\u0107<\/p>\n<p><b>Spos\u00f3b przechowywania:<\/b> przechowywa\u0107 w suchym i ch\u0142odnym miejscu<\/p>\n<p><b>Warto\u015b\u0107 energetyczna kcal (energia) w zadeklarowanej jednostce:<\/b> 382 kcal\/100g<\/p>\n<p><b>Zawarto\u015b\u0107 t\u0142uszcz\u00f3w w porcji (og\u00f3lnie):<\/b> 0 g<\/p>\n","protected":false},"excerpt":{"rendered":"<p>Ekland Nap\u00f3j Herbaciany Instant O Smaku Cytrynowo-Malinowym Z Witamin\u0105 C Mv 204 1000 G \u2714\ufe0f Opis szczeg\u00f3\u0142owy Zalecane dozowanie: 10-12 g na 180 ml wody. Opakowanie zawiera 90 sugerowanych porcji. Parametry produktuTyp: Rozpuszczalna Rodzaj: Owocowa Smak: Cytrynowy, Malinowy Kraj pochodzenia\/Wyprodukowano w: Polska Zawarto\u015b\u0107 netto: 1 kg Sk\u0142adniki: Cukier, glukoza, reg-ator kwasowo\u015bci &#8211; kwas cytrynowy, ekstrakt [&hellip;]<\/p>\n","protected":false},"featured_media":2578,"comment_status":"open","ping_status":"closed","template":"","meta":[],"product_brand":[169],"product_cat":[141],"product_tag":[],"class_list":{"0":"post-2575","1":"product","2":"type-product","3":"status-publish","4":"has-post-thumbnail","6":"product_brand-ekland","7":"product_cat-herbata-i-napary","9":"first","10":"instock","11":"taxable","12":"shipping-taxable","13":"purchasable","14":"product-type-simple"},"yoast_head":"<!-- This site is optimized with the Yoast SEO plugin v27.3 - https:\/\/yoast.com\/product\/yoast-seo-wordpress\/ -->\n<title>Ekland HERBATA INSTANT o smaku cytrynowo-malinowym z witamin\u0105 C MV204 1kg - Mix Market - Supermarket z wszystkim co potrzeba<\/title>\n<meta name=\"robots\" content=\"index, follow, max-snippet:-1, max-image-preview:large, max-video-preview:-1\" \/>\n<link rel=\"canonical\" href=\"https:\/\/racom.com.pl\/index.php\/produkt\/ekland-herbata-instant-o-smaku-cytrynowo-malinowym-z-witamina-c-mv204-1kg\/\" \/>\n<meta property=\"og:locale\" content=\"pl_PL\" \/>\n<meta property=\"og:type\" content=\"article\" \/>\n<meta property=\"og:title\" content=\"Ekland HERBATA INSTANT o smaku cytrynowo-malinowym z witamin\u0105 C MV204 1kg - Mix Market - Supermarket z wszystkim co potrzeba\" \/>\n<meta property=\"og:description\" content=\"Ekland Nap\u00f3j Herbaciany Instant O Smaku Cytrynowo-Malinowym Z Witamin\u0105 C Mv 204 1000 G \u2714\ufe0f Opis szczeg\u00f3\u0142owy Zalecane dozowanie: 10-12 g na 180 ml wody. Opakowanie zawiera 90 sugerowanych porcji. Parametry produktuTyp: Rozpuszczalna Rodzaj: Owocowa Smak: Cytrynowy, Malinowy Kraj pochodzenia\/Wyprodukowano w: Polska Zawarto\u015b\u0107 netto: 1 kg Sk\u0142adniki: Cukier, glukoza, reg-ator kwasowo\u015bci &#8211; kwas cytrynowy, ekstrakt [&hellip;]\" \/>\n<meta property=\"og:url\" content=\"https:\/\/racom.com.pl\/index.php\/produkt\/ekland-herbata-instant-o-smaku-cytrynowo-malinowym-z-witamina-c-mv204-1kg\/\" \/>\n<meta property=\"og:site_name\" content=\"Mix Market - Supermarket z wszystkim co potrzeba\" \/>\n<meta property=\"og:image\" content=\"https:\/\/racom.com.pl\/wp-content\/uploads\/2025\/07\/allegro_687abeccb46db0.99179068_a009800e45428fa0931b026b1397.jpg\" \/>\n\t<meta property=\"og:image:width\" content=\"2365\" \/>\n\t<meta property=\"og:image:height\" content=\"2365\" \/>\n\t<meta property=\"og:image:type\" content=\"image\/jpeg\" \/>\n<meta name=\"twitter:card\" content=\"summary_large_image\" \/>\n<meta name=\"twitter:label1\" content=\"Szacowany czas czytania\" \/>\n\t<meta name=\"twitter:data1\" content=\"1 minuta\" \/>\n<script type=\"application\/ld+json\" class=\"yoast-schema-graph\">{\"@context\":\"https:\\\/\\\/schema.org\",\"@graph\":[{\"@type\":\"WebPage\",\"@id\":\"https:\\\/\\\/racom.com.pl\\\/index.php\\\/produkt\\\/ekland-herbata-instant-o-smaku-cytrynowo-malinowym-z-witamina-c-mv204-1kg\\\/\",\"url\":\"https:\\\/\\\/racom.com.pl\\\/index.php\\\/produkt\\\/ekland-herbata-instant-o-smaku-cytrynowo-malinowym-z-witamina-c-mv204-1kg\\\/\",\"name\":\"Ekland HERBATA INSTANT o smaku cytrynowo-malinowym z witamin\u0105 C MV204 1kg - Mix Market - Supermarket z wszystkim co potrzeba\",\"isPartOf\":{\"@id\":\"https:\\\/\\\/racom.com.pl\\\/#website\"},\"primaryImageOfPage\":{\"@id\":\"https:\\\/\\\/racom.com.pl\\\/index.php\\\/produkt\\\/ekland-herbata-instant-o-smaku-cytrynowo-malinowym-z-witamina-c-mv204-1kg\\\/#primaryimage\"},\"image\":{\"@id\":\"https:\\\/\\\/racom.com.pl\\\/index.php\\\/produkt\\\/ekland-herbata-instant-o-smaku-cytrynowo-malinowym-z-witamina-c-mv204-1kg\\\/#primaryimage\"},\"thumbnailUrl\":\"https:\\\/\\\/racom.com.pl\\\/wp-content\\\/uploads\\\/2025\\\/07\\\/allegro_687abeccb46db0.99179068_a009800e45428fa0931b026b1397.jpg\",\"datePublished\":\"2025-07-18T21:37:34+00:00\",\"breadcrumb\":{\"@id\":\"https:\\\/\\\/racom.com.pl\\\/index.php\\\/produkt\\\/ekland-herbata-instant-o-smaku-cytrynowo-malinowym-z-witamina-c-mv204-1kg\\\/#breadcrumb\"},\"inLanguage\":\"pl-PL\",\"potentialAction\":[{\"@type\":\"ReadAction\",\"target\":[\"https:\\\/\\\/racom.com.pl\\\/index.php\\\/produkt\\\/ekland-herbata-instant-o-smaku-cytrynowo-malinowym-z-witamina-c-mv204-1kg\\\/\"]}]},{\"@type\":\"ImageObject\",\"inLanguage\":\"pl-PL\",\"@id\":\"https:\\\/\\\/racom.com.pl\\\/index.php\\\/produkt\\\/ekland-herbata-instant-o-smaku-cytrynowo-malinowym-z-witamina-c-mv204-1kg\\\/#primaryimage\",\"url\":\"https:\\\/\\\/racom.com.pl\\\/wp-content\\\/uploads\\\/2025\\\/07\\\/allegro_687abeccb46db0.99179068_a009800e45428fa0931b026b1397.jpg\",\"contentUrl\":\"https:\\\/\\\/racom.com.pl\\\/wp-content\\\/uploads\\\/2025\\\/07\\\/allegro_687abeccb46db0.99179068_a009800e45428fa0931b026b1397.jpg\",\"width\":2365,\"height\":2365},{\"@type\":\"BreadcrumbList\",\"@id\":\"https:\\\/\\\/racom.com.pl\\\/index.php\\\/produkt\\\/ekland-herbata-instant-o-smaku-cytrynowo-malinowym-z-witamina-c-mv204-1kg\\\/#breadcrumb\",\"itemListElement\":[{\"@type\":\"ListItem\",\"position\":1,\"name\":\"Strona g\u0142\u00f3wna\",\"item\":\"https:\\\/\\\/racom.com.pl\\\/\"},{\"@type\":\"ListItem\",\"position\":2,\"name\":\"Sklep\",\"item\":\"https:\\\/\\\/racom.com.pl\\\/\"},{\"@type\":\"ListItem\",\"position\":3,\"name\":\"Ekland HERBATA INSTANT o smaku cytrynowo-malinowym z witamin\u0105 C MV204 1kg\"}]},{\"@type\":\"WebSite\",\"@id\":\"https:\\\/\\\/racom.com.pl\\\/#website\",\"url\":\"https:\\\/\\\/racom.com.pl\\\/\",\"name\":\"Mix Market - Supermarket z wszystkim co potrzeba do domu i nie tylko\",\"description\":\"\",\"publisher\":{\"@id\":\"https:\\\/\\\/racom.com.pl\\\/#organization\"},\"potentialAction\":[{\"@type\":\"SearchAction\",\"target\":{\"@type\":\"EntryPoint\",\"urlTemplate\":\"https:\\\/\\\/racom.com.pl\\\/?s={search_term_string}\"},\"query-input\":{\"@type\":\"PropertyValueSpecification\",\"valueRequired\":true,\"valueName\":\"search_term_string\"}}],\"inLanguage\":\"pl-PL\"},{\"@type\":\"Organization\",\"@id\":\"https:\\\/\\\/racom.com.pl\\\/#organization\",\"name\":\"Mix Market - Supermarket z wszystkim co potrzeba do domu i nie tylko\",\"url\":\"https:\\\/\\\/racom.com.pl\\\/\",\"logo\":{\"@type\":\"ImageObject\",\"inLanguage\":\"pl-PL\",\"@id\":\"https:\\\/\\\/racom.com.pl\\\/#\\\/schema\\\/logo\\\/image\\\/\",\"url\":\"https:\\\/\\\/racom.com.pl\\\/wp-content\\\/uploads\\\/2025\\\/07\\\/mixmarket_logo.png\",\"contentUrl\":\"https:\\\/\\\/racom.com.pl\\\/wp-content\\\/uploads\\\/2025\\\/07\\\/mixmarket_logo.png\",\"width\":1024,\"height\":1024,\"caption\":\"Mix Market - Supermarket z wszystkim co potrzeba do domu i nie tylko\"},\"image\":{\"@id\":\"https:\\\/\\\/racom.com.pl\\\/#\\\/schema\\\/logo\\\/image\\\/\"}}]}<\/script>\n<!-- \/ Yoast SEO plugin. -->","yoast_head_json":{"title":"Ekland HERBATA INSTANT o smaku cytrynowo-malinowym z witamin\u0105 C MV204 1kg - Mix Market - Supermarket z wszystkim co potrzeba","robots":{"index":"index","follow":"follow","max-snippet":"max-snippet:-1","max-image-preview":"max-image-preview:large","max-video-preview":"max-video-preview:-1"},"canonical":"https:\/\/racom.com.pl\/index.php\/produkt\/ekland-herbata-instant-o-smaku-cytrynowo-malinowym-z-witamina-c-mv204-1kg\/","og_locale":"pl_PL","og_type":"article","og_title":"Ekland HERBATA INSTANT o smaku cytrynowo-malinowym z witamin\u0105 C MV204 1kg - Mix Market - Supermarket z wszystkim co potrzeba","og_description":"Ekland Nap\u00f3j Herbaciany Instant O Smaku Cytrynowo-Malinowym Z Witamin\u0105 C Mv 204 1000 G \u2714\ufe0f Opis szczeg\u00f3\u0142owy Zalecane dozowanie: 10-12 g na 180 ml wody. Opakowanie zawiera 90 sugerowanych porcji. Parametry produktuTyp: Rozpuszczalna Rodzaj: Owocowa Smak: Cytrynowy, Malinowy Kraj pochodzenia\/Wyprodukowano w: Polska Zawarto\u015b\u0107 netto: 1 kg Sk\u0142adniki: Cukier, glukoza, reg-ator kwasowo\u015bci &#8211; kwas cytrynowy, ekstrakt [&hellip;]","og_url":"https:\/\/racom.com.pl\/index.php\/produkt\/ekland-herbata-instant-o-smaku-cytrynowo-malinowym-z-witamina-c-mv204-1kg\/","og_site_name":"Mix Market - Supermarket z wszystkim co potrzeba","og_image":[{"width":2365,"height":2365,"url":"https:\/\/racom.com.pl\/wp-content\/uploads\/2025\/07\/allegro_687abeccb46db0.99179068_a009800e45428fa0931b026b1397.jpg","type":"image\/jpeg"}],"twitter_card":"summary_large_image","twitter_misc":{"Szacowany czas czytania":"1 minuta"},"schema":{"@context":"https:\/\/schema.org","@graph":[{"@type":"WebPage","@id":"https:\/\/racom.com.pl\/index.php\/produkt\/ekland-herbata-instant-o-smaku-cytrynowo-malinowym-z-witamina-c-mv204-1kg\/","url":"https:\/\/racom.com.pl\/index.php\/produkt\/ekland-herbata-instant-o-smaku-cytrynowo-malinowym-z-witamina-c-mv204-1kg\/","name":"Ekland HERBATA INSTANT o smaku cytrynowo-malinowym z witamin\u0105 C MV204 1kg - Mix Market - Supermarket z wszystkim co potrzeba","isPartOf":{"@id":"https:\/\/racom.com.pl\/#website"},"primaryImageOfPage":{"@id":"https:\/\/racom.com.pl\/index.php\/produkt\/ekland-herbata-instant-o-smaku-cytrynowo-malinowym-z-witamina-c-mv204-1kg\/#primaryimage"},"image":{"@id":"https:\/\/racom.com.pl\/index.php\/produkt\/ekland-herbata-instant-o-smaku-cytrynowo-malinowym-z-witamina-c-mv204-1kg\/#primaryimage"},"thumbnailUrl":"https:\/\/racom.com.pl\/wp-content\/uploads\/2025\/07\/allegro_687abeccb46db0.99179068_a009800e45428fa0931b026b1397.jpg","datePublished":"2025-07-18T21:37:34+00:00","breadcrumb":{"@id":"https:\/\/racom.com.pl\/index.php\/produkt\/ekland-herbata-instant-o-smaku-cytrynowo-malinowym-z-witamina-c-mv204-1kg\/#breadcrumb"},"inLanguage":"pl-PL","potentialAction":[{"@type":"ReadAction","target":["https:\/\/racom.com.pl\/index.php\/produkt\/ekland-herbata-instant-o-smaku-cytrynowo-malinowym-z-witamina-c-mv204-1kg\/"]}]},{"@type":"ImageObject","inLanguage":"pl-PL","@id":"https:\/\/racom.com.pl\/index.php\/produkt\/ekland-herbata-instant-o-smaku-cytrynowo-malinowym-z-witamina-c-mv204-1kg\/#primaryimage","url":"https:\/\/racom.com.pl\/wp-content\/uploads\/2025\/07\/allegro_687abeccb46db0.99179068_a009800e45428fa0931b026b1397.jpg","contentUrl":"https:\/\/racom.com.pl\/wp-content\/uploads\/2025\/07\/allegro_687abeccb46db0.99179068_a009800e45428fa0931b026b1397.jpg","width":2365,"height":2365},{"@type":"BreadcrumbList","@id":"https:\/\/racom.com.pl\/index.php\/produkt\/ekland-herbata-instant-o-smaku-cytrynowo-malinowym-z-witamina-c-mv204-1kg\/#breadcrumb","itemListElement":[{"@type":"ListItem","position":1,"name":"Strona g\u0142\u00f3wna","item":"https:\/\/racom.com.pl\/"},{"@type":"ListItem","position":2,"name":"Sklep","item":"https:\/\/racom.com.pl\/"},{"@type":"ListItem","position":3,"name":"Ekland HERBATA INSTANT o smaku cytrynowo-malinowym z witamin\u0105 C MV204 1kg"}]},{"@type":"WebSite","@id":"https:\/\/racom.com.pl\/#website","url":"https:\/\/racom.com.pl\/","name":"Mix Market - Supermarket z wszystkim co potrzeba do domu i nie tylko","description":"","publisher":{"@id":"https:\/\/racom.com.pl\/#organization"},"potentialAction":[{"@type":"SearchAction","target":{"@type":"EntryPoint","urlTemplate":"https:\/\/racom.com.pl\/?s={search_term_string}"},"query-input":{"@type":"PropertyValueSpecification","valueRequired":true,"valueName":"search_term_string"}}],"inLanguage":"pl-PL"},{"@type":"Organization","@id":"https:\/\/racom.com.pl\/#organization","name":"Mix Market - Supermarket z wszystkim co potrzeba do domu i nie tylko","url":"https:\/\/racom.com.pl\/","logo":{"@type":"ImageObject","inLanguage":"pl-PL","@id":"https:\/\/racom.com.pl\/#\/schema\/logo\/image\/","url":"https:\/\/racom.com.pl\/wp-content\/uploads\/2025\/07\/mixmarket_logo.png","contentUrl":"https:\/\/racom.com.pl\/wp-content\/uploads\/2025\/07\/mixmarket_logo.png","width":1024,"height":1024,"caption":"Mix Market - Supermarket z wszystkim co potrzeba do domu i nie tylko"},"image":{"@id":"https:\/\/racom.com.pl\/#\/schema\/logo\/image\/"}}]}},"_links":{"self":[{"href":"https:\/\/racom.com.pl\/index.php\/wp-json\/wp\/v2\/product\/2575","targetHints":{"allow":["GET"]}}],"collection":[{"href":"https:\/\/racom.com.pl\/index.php\/wp-json\/wp\/v2\/product"}],"about":[{"href":"https:\/\/racom.com.pl\/index.php\/wp-json\/wp\/v2\/types\/product"}],"replies":[{"embeddable":true,"href":"https:\/\/racom.com.pl\/index.php\/wp-json\/wp\/v2\/comments?post=2575"}],"wp:featuredmedia":[{"embeddable":true,"href":"https:\/\/racom.com.pl\/index.php\/wp-json\/wp\/v2\/media\/2578"}],"wp:attachment":[{"href":"https:\/\/racom.com.pl\/index.php\/wp-json\/wp\/v2\/media?parent=2575"}],"wp:term":[{"taxonomy":"product_brand","embeddable":true,"href":"https:\/\/racom.com.pl\/index.php\/wp-json\/wp\/v2\/product_brand?post=2575"},{"taxonomy":"product_cat","embeddable":true,"href":"https:\/\/racom.com.pl\/index.php\/wp-json\/wp\/v2\/product_cat?post=2575"},{"taxonomy":"product_tag","embeddable":true,"href":"https:\/\/racom.com.pl\/index.php\/wp-json\/wp\/v2\/product_tag?post=2575"}],"curies":[{"name":"wp","href":"https:\/\/api.w.org\/{rel}","templated":true}]}}