{"id":2585,"date":"2025-07-18T23:39:39","date_gmt":"2025-07-18T21:39:39","guid":{"rendered":"http:\/\/192.168.2.106\/index.php\/produkt\/zabielacz-do-kawy-instant-maspex-coffeeta-mv-301-duze-opakowanie-1kg\/"},"modified":"2025-07-18T23:39:39","modified_gmt":"2025-07-18T21:39:39","slug":"zabielacz-do-kawy-instant-maspex-coffeeta-mv-301-duze-opakowanie-1kg","status":"publish","type":"product","link":"https:\/\/racom.com.pl\/index.php\/produkt\/zabielacz-do-kawy-instant-maspex-coffeeta-mv-301-duze-opakowanie-1kg\/","title":{"rendered":"Zabielacz do KAWY Instant MASPEX Coffeeta MV 301 du\u017ce opakowanie 1kg"},"content":{"rendered":"<h2>Coffeeta MV 301 zabielacz do kawy instant 1 kg<\/h2>\n<p>Coffeeta MV 301 <b>zabielacz do kawy instant<\/b> 1 kg jest idealnym wyborem dla mi\u0142o\u015bnik\u00f3w aromatycznej kawy. Jego doskona\u0142a rozpuszczalno\u015b\u0107 i \u0142atwo\u015b\u0107 w dozowaniu sprawiaj\u0105, \u017ce dodanie go do fili\u017canki kawy to czysta przyjemno\u015b\u0107. Ta popularna i dobrze znana formu\u0142a \u015bwietnie \u0142agodzi smak kawy, zapewniaj\u0105c niezapomniane doznania smakowe.<\/p>\n<p><b>Nie tylko jest wyj\u0105tkowo smaczny, ale tak\u017ce odporny na podwy\u017cszon\u0105 wilgotno\u015b\u0107<\/b>. Dzi\u0119ki temu mo\u017cesz zawsze cieszy\u0107 si\u0119 doskona\u0142ym smakiem kawy, nawet w trudnych warunkach atmosferycznych. Rekomendowane dozowanie Coffeety MV 301 to 6-7g na kubek 180 ml jako dodatek do kawy, lub 16-18g jako nap\u00f3j mleczny. Mo\u017cesz wi\u0119c dopasowa\u0107 ilo\u015b\u0107 do swojego indywidualnego gustu i preferencji.<\/p>\n<p>Dodatkowo, Coffeeta MV 301 zabielacz do kawy instant dost\u0119pny jest w praktycznym opakowaniu o wadze 1 kg. Jest to doskona\u0142a opcja zar\u00f3wno dla mi\u0142o\u015bnik\u00f3w jednorazowych zakup\u00f3w, jak i dla w\u0142a\u015bcicieli kawiarni czy restauracji. Opakowanie zawiera 10 sztuk produktu, co daje mo\u017cliwo\u015b\u0107 d\u0142ugotrwa\u0142ego korzystania z jego zalet.<\/p>\n<p>Coffeeta MV 301 zabielacz do kawy instant 1 kg <b>produkowany jest przez renomowan\u0105 firm\u0119<\/b> Maspex Wadowice. Mo\u017cesz mie\u0107 pewno\u015b\u0107, \u017ce otrzymujesz produkt najwy\u017cszej jako\u015bci, kt\u00f3ry spe\u0142ni Twoje najwy\u017csze oczekiwania. Wybierz Coffeet\u0119 MV 301 i ciesz si\u0119 doskona\u0142ym smakiem kawy, kt\u00f3ry rozpie\u015bci Twoje kubki smakowe za ka\u017cdym razem.<\/p>\n","protected":false},"excerpt":{"rendered":"<p>Coffeeta MV 301 zabielacz do kawy instant 1 kg Coffeeta MV 301 zabielacz do kawy instant 1 kg jest idealnym wyborem dla mi\u0142o\u015bnik\u00f3w aromatycznej kawy. Jego doskona\u0142a rozpuszczalno\u015b\u0107 i \u0142atwo\u015b\u0107 w dozowaniu sprawiaj\u0105, \u017ce dodanie go do fili\u017canki kawy to czysta przyjemno\u015b\u0107. Ta popularna i dobrze znana formu\u0142a \u015bwietnie \u0142agodzi smak kawy, zapewniaj\u0105c niezapomniane doznania [&hellip;]<\/p>\n","protected":false},"featured_media":2588,"comment_status":"open","ping_status":"closed","template":"","meta":[],"product_brand":[170],"product_cat":[119],"product_tag":[],"class_list":{"0":"post-2585","1":"product","2":"type-product","3":"status-publish","4":"has-post-thumbnail","6":"product_brand-maspex","7":"product_cat-kawa","9":"first","10":"instock","11":"taxable","12":"shipping-taxable","13":"purchasable","14":"product-type-simple"},"yoast_head":"<!-- This site is optimized with the Yoast SEO plugin v27.3 - https:\/\/yoast.com\/product\/yoast-seo-wordpress\/ -->\n<title>Zabielacz do KAWY Instant MASPEX Coffeeta MV 301 du\u017ce opakowanie 1kg - Mix Market - Supermarket z wszystkim co potrzeba<\/title>\n<meta name=\"robots\" content=\"index, follow, max-snippet:-1, max-image-preview:large, max-video-preview:-1\" \/>\n<link rel=\"canonical\" href=\"https:\/\/racom.com.pl\/index.php\/produkt\/zabielacz-do-kawy-instant-maspex-coffeeta-mv-301-duze-opakowanie-1kg\/\" \/>\n<meta property=\"og:locale\" content=\"pl_PL\" \/>\n<meta property=\"og:type\" content=\"article\" \/>\n<meta property=\"og:title\" content=\"Zabielacz do KAWY Instant MASPEX Coffeeta MV 301 du\u017ce opakowanie 1kg - Mix Market - Supermarket z wszystkim co potrzeba\" \/>\n<meta property=\"og:description\" content=\"Coffeeta MV 301 zabielacz do kawy instant 1 kg Coffeeta MV 301 zabielacz do kawy instant 1 kg jest idealnym wyborem dla mi\u0142o\u015bnik\u00f3w aromatycznej kawy. Jego doskona\u0142a rozpuszczalno\u015b\u0107 i \u0142atwo\u015b\u0107 w dozowaniu sprawiaj\u0105, \u017ce dodanie go do fili\u017canki kawy to czysta przyjemno\u015b\u0107. Ta popularna i dobrze znana formu\u0142a \u015bwietnie \u0142agodzi smak kawy, zapewniaj\u0105c niezapomniane doznania [&hellip;]\" \/>\n<meta property=\"og:url\" content=\"https:\/\/racom.com.pl\/index.php\/produkt\/zabielacz-do-kawy-instant-maspex-coffeeta-mv-301-duze-opakowanie-1kg\/\" \/>\n<meta property=\"og:site_name\" content=\"Mix Market - Supermarket z wszystkim co potrzeba\" \/>\n<meta property=\"og:image\" content=\"https:\/\/racom.com.pl\/wp-content\/uploads\/2025\/07\/allegro_687abf4c8224c4.38055848_2b9b85b04c6ab58ea3ef687f4482.jpg\" \/>\n\t<meta property=\"og:image:width\" content=\"2365\" \/>\n\t<meta property=\"og:image:height\" content=\"2365\" \/>\n\t<meta property=\"og:image:type\" content=\"image\/jpeg\" \/>\n<meta name=\"twitter:card\" content=\"summary_large_image\" \/>\n<meta name=\"twitter:label1\" content=\"Szacowany czas czytania\" \/>\n\t<meta name=\"twitter:data1\" content=\"1 minuta\" \/>\n<script type=\"application\/ld+json\" class=\"yoast-schema-graph\">{\"@context\":\"https:\\\/\\\/schema.org\",\"@graph\":[{\"@type\":\"WebPage\",\"@id\":\"https:\\\/\\\/racom.com.pl\\\/index.php\\\/produkt\\\/zabielacz-do-kawy-instant-maspex-coffeeta-mv-301-duze-opakowanie-1kg\\\/\",\"url\":\"https:\\\/\\\/racom.com.pl\\\/index.php\\\/produkt\\\/zabielacz-do-kawy-instant-maspex-coffeeta-mv-301-duze-opakowanie-1kg\\\/\",\"name\":\"Zabielacz do KAWY Instant MASPEX Coffeeta MV 301 du\u017ce opakowanie 1kg - Mix Market - Supermarket z wszystkim co potrzeba\",\"isPartOf\":{\"@id\":\"https:\\\/\\\/racom.com.pl\\\/#website\"},\"primaryImageOfPage\":{\"@id\":\"https:\\\/\\\/racom.com.pl\\\/index.php\\\/produkt\\\/zabielacz-do-kawy-instant-maspex-coffeeta-mv-301-duze-opakowanie-1kg\\\/#primaryimage\"},\"image\":{\"@id\":\"https:\\\/\\\/racom.com.pl\\\/index.php\\\/produkt\\\/zabielacz-do-kawy-instant-maspex-coffeeta-mv-301-duze-opakowanie-1kg\\\/#primaryimage\"},\"thumbnailUrl\":\"https:\\\/\\\/racom.com.pl\\\/wp-content\\\/uploads\\\/2025\\\/07\\\/allegro_687abf4c8224c4.38055848_2b9b85b04c6ab58ea3ef687f4482.jpg\",\"datePublished\":\"2025-07-18T21:39:39+00:00\",\"breadcrumb\":{\"@id\":\"https:\\\/\\\/racom.com.pl\\\/index.php\\\/produkt\\\/zabielacz-do-kawy-instant-maspex-coffeeta-mv-301-duze-opakowanie-1kg\\\/#breadcrumb\"},\"inLanguage\":\"pl-PL\",\"potentialAction\":[{\"@type\":\"ReadAction\",\"target\":[\"https:\\\/\\\/racom.com.pl\\\/index.php\\\/produkt\\\/zabielacz-do-kawy-instant-maspex-coffeeta-mv-301-duze-opakowanie-1kg\\\/\"]}]},{\"@type\":\"ImageObject\",\"inLanguage\":\"pl-PL\",\"@id\":\"https:\\\/\\\/racom.com.pl\\\/index.php\\\/produkt\\\/zabielacz-do-kawy-instant-maspex-coffeeta-mv-301-duze-opakowanie-1kg\\\/#primaryimage\",\"url\":\"https:\\\/\\\/racom.com.pl\\\/wp-content\\\/uploads\\\/2025\\\/07\\\/allegro_687abf4c8224c4.38055848_2b9b85b04c6ab58ea3ef687f4482.jpg\",\"contentUrl\":\"https:\\\/\\\/racom.com.pl\\\/wp-content\\\/uploads\\\/2025\\\/07\\\/allegro_687abf4c8224c4.38055848_2b9b85b04c6ab58ea3ef687f4482.jpg\",\"width\":2365,\"height\":2365},{\"@type\":\"BreadcrumbList\",\"@id\":\"https:\\\/\\\/racom.com.pl\\\/index.php\\\/produkt\\\/zabielacz-do-kawy-instant-maspex-coffeeta-mv-301-duze-opakowanie-1kg\\\/#breadcrumb\",\"itemListElement\":[{\"@type\":\"ListItem\",\"position\":1,\"name\":\"Strona g\u0142\u00f3wna\",\"item\":\"https:\\\/\\\/racom.com.pl\\\/\"},{\"@type\":\"ListItem\",\"position\":2,\"name\":\"Sklep\",\"item\":\"https:\\\/\\\/racom.com.pl\\\/\"},{\"@type\":\"ListItem\",\"position\":3,\"name\":\"Zabielacz do KAWY Instant MASPEX Coffeeta MV 301 du\u017ce opakowanie 1kg\"}]},{\"@type\":\"WebSite\",\"@id\":\"https:\\\/\\\/racom.com.pl\\\/#website\",\"url\":\"https:\\\/\\\/racom.com.pl\\\/\",\"name\":\"Mix Market - Supermarket z wszystkim co potrzeba do domu i nie tylko\",\"description\":\"\",\"publisher\":{\"@id\":\"https:\\\/\\\/racom.com.pl\\\/#organization\"},\"potentialAction\":[{\"@type\":\"SearchAction\",\"target\":{\"@type\":\"EntryPoint\",\"urlTemplate\":\"https:\\\/\\\/racom.com.pl\\\/?s={search_term_string}\"},\"query-input\":{\"@type\":\"PropertyValueSpecification\",\"valueRequired\":true,\"valueName\":\"search_term_string\"}}],\"inLanguage\":\"pl-PL\"},{\"@type\":\"Organization\",\"@id\":\"https:\\\/\\\/racom.com.pl\\\/#organization\",\"name\":\"Mix Market - Supermarket z wszystkim co potrzeba do domu i nie tylko\",\"url\":\"https:\\\/\\\/racom.com.pl\\\/\",\"logo\":{\"@type\":\"ImageObject\",\"inLanguage\":\"pl-PL\",\"@id\":\"https:\\\/\\\/racom.com.pl\\\/#\\\/schema\\\/logo\\\/image\\\/\",\"url\":\"https:\\\/\\\/racom.com.pl\\\/wp-content\\\/uploads\\\/2025\\\/07\\\/mixmarket_logo.png\",\"contentUrl\":\"https:\\\/\\\/racom.com.pl\\\/wp-content\\\/uploads\\\/2025\\\/07\\\/mixmarket_logo.png\",\"width\":1024,\"height\":1024,\"caption\":\"Mix Market - Supermarket z wszystkim co potrzeba do domu i nie tylko\"},\"image\":{\"@id\":\"https:\\\/\\\/racom.com.pl\\\/#\\\/schema\\\/logo\\\/image\\\/\"}}]}<\/script>\n<!-- \/ Yoast SEO plugin. -->","yoast_head_json":{"title":"Zabielacz do KAWY Instant MASPEX Coffeeta MV 301 du\u017ce opakowanie 1kg - Mix Market - Supermarket z wszystkim co potrzeba","robots":{"index":"index","follow":"follow","max-snippet":"max-snippet:-1","max-image-preview":"max-image-preview:large","max-video-preview":"max-video-preview:-1"},"canonical":"https:\/\/racom.com.pl\/index.php\/produkt\/zabielacz-do-kawy-instant-maspex-coffeeta-mv-301-duze-opakowanie-1kg\/","og_locale":"pl_PL","og_type":"article","og_title":"Zabielacz do KAWY Instant MASPEX Coffeeta MV 301 du\u017ce opakowanie 1kg - Mix Market - Supermarket z wszystkim co potrzeba","og_description":"Coffeeta MV 301 zabielacz do kawy instant 1 kg Coffeeta MV 301 zabielacz do kawy instant 1 kg jest idealnym wyborem dla mi\u0142o\u015bnik\u00f3w aromatycznej kawy. Jego doskona\u0142a rozpuszczalno\u015b\u0107 i \u0142atwo\u015b\u0107 w dozowaniu sprawiaj\u0105, \u017ce dodanie go do fili\u017canki kawy to czysta przyjemno\u015b\u0107. Ta popularna i dobrze znana formu\u0142a \u015bwietnie \u0142agodzi smak kawy, zapewniaj\u0105c niezapomniane doznania [&hellip;]","og_url":"https:\/\/racom.com.pl\/index.php\/produkt\/zabielacz-do-kawy-instant-maspex-coffeeta-mv-301-duze-opakowanie-1kg\/","og_site_name":"Mix Market - Supermarket z wszystkim co potrzeba","og_image":[{"width":2365,"height":2365,"url":"https:\/\/racom.com.pl\/wp-content\/uploads\/2025\/07\/allegro_687abf4c8224c4.38055848_2b9b85b04c6ab58ea3ef687f4482.jpg","type":"image\/jpeg"}],"twitter_card":"summary_large_image","twitter_misc":{"Szacowany czas czytania":"1 minuta"},"schema":{"@context":"https:\/\/schema.org","@graph":[{"@type":"WebPage","@id":"https:\/\/racom.com.pl\/index.php\/produkt\/zabielacz-do-kawy-instant-maspex-coffeeta-mv-301-duze-opakowanie-1kg\/","url":"https:\/\/racom.com.pl\/index.php\/produkt\/zabielacz-do-kawy-instant-maspex-coffeeta-mv-301-duze-opakowanie-1kg\/","name":"Zabielacz do KAWY Instant MASPEX Coffeeta MV 301 du\u017ce opakowanie 1kg - Mix Market - Supermarket z wszystkim co potrzeba","isPartOf":{"@id":"https:\/\/racom.com.pl\/#website"},"primaryImageOfPage":{"@id":"https:\/\/racom.com.pl\/index.php\/produkt\/zabielacz-do-kawy-instant-maspex-coffeeta-mv-301-duze-opakowanie-1kg\/#primaryimage"},"image":{"@id":"https:\/\/racom.com.pl\/index.php\/produkt\/zabielacz-do-kawy-instant-maspex-coffeeta-mv-301-duze-opakowanie-1kg\/#primaryimage"},"thumbnailUrl":"https:\/\/racom.com.pl\/wp-content\/uploads\/2025\/07\/allegro_687abf4c8224c4.38055848_2b9b85b04c6ab58ea3ef687f4482.jpg","datePublished":"2025-07-18T21:39:39+00:00","breadcrumb":{"@id":"https:\/\/racom.com.pl\/index.php\/produkt\/zabielacz-do-kawy-instant-maspex-coffeeta-mv-301-duze-opakowanie-1kg\/#breadcrumb"},"inLanguage":"pl-PL","potentialAction":[{"@type":"ReadAction","target":["https:\/\/racom.com.pl\/index.php\/produkt\/zabielacz-do-kawy-instant-maspex-coffeeta-mv-301-duze-opakowanie-1kg\/"]}]},{"@type":"ImageObject","inLanguage":"pl-PL","@id":"https:\/\/racom.com.pl\/index.php\/produkt\/zabielacz-do-kawy-instant-maspex-coffeeta-mv-301-duze-opakowanie-1kg\/#primaryimage","url":"https:\/\/racom.com.pl\/wp-content\/uploads\/2025\/07\/allegro_687abf4c8224c4.38055848_2b9b85b04c6ab58ea3ef687f4482.jpg","contentUrl":"https:\/\/racom.com.pl\/wp-content\/uploads\/2025\/07\/allegro_687abf4c8224c4.38055848_2b9b85b04c6ab58ea3ef687f4482.jpg","width":2365,"height":2365},{"@type":"BreadcrumbList","@id":"https:\/\/racom.com.pl\/index.php\/produkt\/zabielacz-do-kawy-instant-maspex-coffeeta-mv-301-duze-opakowanie-1kg\/#breadcrumb","itemListElement":[{"@type":"ListItem","position":1,"name":"Strona g\u0142\u00f3wna","item":"https:\/\/racom.com.pl\/"},{"@type":"ListItem","position":2,"name":"Sklep","item":"https:\/\/racom.com.pl\/"},{"@type":"ListItem","position":3,"name":"Zabielacz do KAWY Instant MASPEX Coffeeta MV 301 du\u017ce opakowanie 1kg"}]},{"@type":"WebSite","@id":"https:\/\/racom.com.pl\/#website","url":"https:\/\/racom.com.pl\/","name":"Mix Market - Supermarket z wszystkim co potrzeba do domu i nie tylko","description":"","publisher":{"@id":"https:\/\/racom.com.pl\/#organization"},"potentialAction":[{"@type":"SearchAction","target":{"@type":"EntryPoint","urlTemplate":"https:\/\/racom.com.pl\/?s={search_term_string}"},"query-input":{"@type":"PropertyValueSpecification","valueRequired":true,"valueName":"search_term_string"}}],"inLanguage":"pl-PL"},{"@type":"Organization","@id":"https:\/\/racom.com.pl\/#organization","name":"Mix Market - Supermarket z wszystkim co potrzeba do domu i nie tylko","url":"https:\/\/racom.com.pl\/","logo":{"@type":"ImageObject","inLanguage":"pl-PL","@id":"https:\/\/racom.com.pl\/#\/schema\/logo\/image\/","url":"https:\/\/racom.com.pl\/wp-content\/uploads\/2025\/07\/mixmarket_logo.png","contentUrl":"https:\/\/racom.com.pl\/wp-content\/uploads\/2025\/07\/mixmarket_logo.png","width":1024,"height":1024,"caption":"Mix Market - Supermarket z wszystkim co potrzeba do domu i nie tylko"},"image":{"@id":"https:\/\/racom.com.pl\/#\/schema\/logo\/image\/"}}]}},"_links":{"self":[{"href":"https:\/\/racom.com.pl\/index.php\/wp-json\/wp\/v2\/product\/2585","targetHints":{"allow":["GET"]}}],"collection":[{"href":"https:\/\/racom.com.pl\/index.php\/wp-json\/wp\/v2\/product"}],"about":[{"href":"https:\/\/racom.com.pl\/index.php\/wp-json\/wp\/v2\/types\/product"}],"replies":[{"embeddable":true,"href":"https:\/\/racom.com.pl\/index.php\/wp-json\/wp\/v2\/comments?post=2585"}],"wp:featuredmedia":[{"embeddable":true,"href":"https:\/\/racom.com.pl\/index.php\/wp-json\/wp\/v2\/media\/2588"}],"wp:attachment":[{"href":"https:\/\/racom.com.pl\/index.php\/wp-json\/wp\/v2\/media?parent=2585"}],"wp:term":[{"taxonomy":"product_brand","embeddable":true,"href":"https:\/\/racom.com.pl\/index.php\/wp-json\/wp\/v2\/product_brand?post=2585"},{"taxonomy":"product_cat","embeddable":true,"href":"https:\/\/racom.com.pl\/index.php\/wp-json\/wp\/v2\/product_cat?post=2585"},{"taxonomy":"product_tag","embeddable":true,"href":"https:\/\/racom.com.pl\/index.php\/wp-json\/wp\/v2\/product_tag?post=2585"}],"curies":[{"name":"wp","href":"https:\/\/api.w.org\/{rel}","templated":true}]}}