{"id":2589,"date":"2025-07-18T23:40:44","date_gmt":"2025-07-18T21:40:44","guid":{"rendered":"http:\/\/192.168.2.106\/index.php\/produkt\/puree-marakuja-mc-metro-chef-pulpa-owocowa-duze-opakowanie-1kg\/"},"modified":"2025-07-18T23:40:44","modified_gmt":"2025-07-18T21:40:44","slug":"puree-marakuja-mc-metro-chef-pulpa-owocowa-duze-opakowanie-1kg","status":"publish","type":"product","link":"https:\/\/racom.com.pl\/index.php\/produkt\/puree-marakuja-mc-metro-chef-pulpa-owocowa-duze-opakowanie-1kg\/","title":{"rendered":"Puree MARAKUJA MC Metro Chef PULPA OWOCOWA du\u017ce opakowanie 1kg"},"content":{"rendered":"<h2>MARAKUJA Puree Metro Chef Pulpa HORECA 1KG<\/h2>\n<p><b>MARAKUJA Puree Premium Metro Chef<\/b><\/p>\n<p>Ciesz si\u0119 prawdziwym smakiem tropik\u00f3w dzi\u0119ki MARAKUJA Puree. To doskona\u0142e po\u0142\u0105czenie naturalnych w\u0142a\u015bciwo\u015bci marakujowca z delikatnie dos\u0142adzaj\u0105cym cukrem.<\/p>\n<p>Nasze puree MARAKUJA powstaje z my\u015bl\u0105 o jako\u015bci i autentycznym smaku. Dzi\u0119ki starannie przemy\u015blanemu procesowi pasteryzacji, zachowujemy wszystkie cenne sk\u0142adniki owocu, gwarantuj\u0105c niepowtarzalny aromat i wyj\u0105tkowy smak marakui.<\/p>\n<p>Dodaj odrobin\u0119 tropik\u00f3w do swojego dnia, dodaj\u0105c MARAKUJA Puree do smoothies, sok\u00f3w, lod\u00f3w, ciast i wielu innych przepis\u00f3w. To wyj\u0105tkowy produkt, kt\u00f3ry pozwoli Ci eksperymentowa\u0107 i odkrywa\u0107 nowe mo\u017cliwo\u015bci, jakie daje marakuja.<\/p>\n<p>Opakowanie MARAKUJA Puree zawiera 1 kg produktu, zapewniaj\u0105c Tobie d\u0142ugotrwa\u0142\u0105 przyjemno\u015b\u0107 z u\u017cytkowania.<\/p>\n<p>Spraw, by Tw\u00f3j przepis zyska\u0142 niepowtarzalny tropikalny akcent. Zam\u00f3w MARAKUJA Puree ju\u017c dzi\u015b i pozw\u00f3l sobie na smak przygody!<\/p>\n","protected":false},"excerpt":{"rendered":"<p>MARAKUJA Puree Metro Chef Pulpa HORECA 1KG MARAKUJA Puree Premium Metro Chef Ciesz si\u0119 prawdziwym smakiem tropik\u00f3w dzi\u0119ki MARAKUJA Puree. To doskona\u0142e po\u0142\u0105czenie naturalnych w\u0142a\u015bciwo\u015bci marakujowca z delikatnie dos\u0142adzaj\u0105cym cukrem. Nasze puree MARAKUJA powstaje z my\u015bl\u0105 o jako\u015bci i autentycznym smaku. Dzi\u0119ki starannie przemy\u015blanemu procesowi pasteryzacji, zachowujemy wszystkie cenne sk\u0142adniki owocu, gwarantuj\u0105c niepowtarzalny aromat i [&hellip;]<\/p>\n","protected":false},"featured_media":2592,"comment_status":"open","ping_status":"closed","template":"","meta":[],"product_brand":[168],"product_cat":[123],"product_tag":[],"class_list":{"0":"post-2589","1":"product","2":"type-product","3":"status-publish","4":"has-post-thumbnail","6":"product_brand-metro","7":"product_cat-przetwory","9":"first","10":"instock","11":"taxable","12":"shipping-taxable","13":"purchasable","14":"product-type-simple"},"yoast_head":"<!-- This site is optimized with the Yoast SEO plugin v27.3 - https:\/\/yoast.com\/product\/yoast-seo-wordpress\/ -->\n<title>Puree MARAKUJA MC Metro Chef PULPA OWOCOWA du\u017ce opakowanie 1kg - Mix Market - Supermarket z wszystkim co potrzeba<\/title>\n<meta name=\"robots\" content=\"index, follow, max-snippet:-1, max-image-preview:large, max-video-preview:-1\" \/>\n<link rel=\"canonical\" href=\"https:\/\/racom.com.pl\/index.php\/produkt\/puree-marakuja-mc-metro-chef-pulpa-owocowa-duze-opakowanie-1kg\/\" \/>\n<meta property=\"og:locale\" content=\"pl_PL\" \/>\n<meta property=\"og:type\" content=\"article\" \/>\n<meta property=\"og:title\" content=\"Puree MARAKUJA MC Metro Chef PULPA OWOCOWA du\u017ce opakowanie 1kg - Mix Market - Supermarket z wszystkim co potrzeba\" \/>\n<meta property=\"og:description\" content=\"MARAKUJA Puree Metro Chef Pulpa HORECA 1KG MARAKUJA Puree Premium Metro Chef Ciesz si\u0119 prawdziwym smakiem tropik\u00f3w dzi\u0119ki MARAKUJA Puree. To doskona\u0142e po\u0142\u0105czenie naturalnych w\u0142a\u015bciwo\u015bci marakujowca z delikatnie dos\u0142adzaj\u0105cym cukrem. Nasze puree MARAKUJA powstaje z my\u015bl\u0105 o jako\u015bci i autentycznym smaku. Dzi\u0119ki starannie przemy\u015blanemu procesowi pasteryzacji, zachowujemy wszystkie cenne sk\u0142adniki owocu, gwarantuj\u0105c niepowtarzalny aromat i [&hellip;]\" \/>\n<meta property=\"og:url\" content=\"https:\/\/racom.com.pl\/index.php\/produkt\/puree-marakuja-mc-metro-chef-pulpa-owocowa-duze-opakowanie-1kg\/\" \/>\n<meta property=\"og:site_name\" content=\"Mix Market - Supermarket z wszystkim co potrzeba\" \/>\n<meta property=\"og:image\" content=\"https:\/\/racom.com.pl\/wp-content\/uploads\/2025\/07\/allegro_687abf88efa898.86125422_a72beec64da396da9856d9fc5364.jpg\" \/>\n\t<meta property=\"og:image:width\" content=\"921\" \/>\n\t<meta property=\"og:image:height\" content=\"1440\" \/>\n\t<meta property=\"og:image:type\" content=\"image\/jpeg\" \/>\n<meta name=\"twitter:card\" content=\"summary_large_image\" \/>\n<meta name=\"twitter:label1\" content=\"Szacowany czas czytania\" \/>\n\t<meta name=\"twitter:data1\" content=\"1 minuta\" \/>\n<script type=\"application\/ld+json\" class=\"yoast-schema-graph\">{\"@context\":\"https:\\\/\\\/schema.org\",\"@graph\":[{\"@type\":\"WebPage\",\"@id\":\"https:\\\/\\\/racom.com.pl\\\/index.php\\\/produkt\\\/puree-marakuja-mc-metro-chef-pulpa-owocowa-duze-opakowanie-1kg\\\/\",\"url\":\"https:\\\/\\\/racom.com.pl\\\/index.php\\\/produkt\\\/puree-marakuja-mc-metro-chef-pulpa-owocowa-duze-opakowanie-1kg\\\/\",\"name\":\"Puree MARAKUJA MC Metro Chef PULPA OWOCOWA du\u017ce opakowanie 1kg - Mix Market - Supermarket z wszystkim co potrzeba\",\"isPartOf\":{\"@id\":\"https:\\\/\\\/racom.com.pl\\\/#website\"},\"primaryImageOfPage\":{\"@id\":\"https:\\\/\\\/racom.com.pl\\\/index.php\\\/produkt\\\/puree-marakuja-mc-metro-chef-pulpa-owocowa-duze-opakowanie-1kg\\\/#primaryimage\"},\"image\":{\"@id\":\"https:\\\/\\\/racom.com.pl\\\/index.php\\\/produkt\\\/puree-marakuja-mc-metro-chef-pulpa-owocowa-duze-opakowanie-1kg\\\/#primaryimage\"},\"thumbnailUrl\":\"https:\\\/\\\/racom.com.pl\\\/wp-content\\\/uploads\\\/2025\\\/07\\\/allegro_687abf88efa898.86125422_a72beec64da396da9856d9fc5364.jpg\",\"datePublished\":\"2025-07-18T21:40:44+00:00\",\"breadcrumb\":{\"@id\":\"https:\\\/\\\/racom.com.pl\\\/index.php\\\/produkt\\\/puree-marakuja-mc-metro-chef-pulpa-owocowa-duze-opakowanie-1kg\\\/#breadcrumb\"},\"inLanguage\":\"pl-PL\",\"potentialAction\":[{\"@type\":\"ReadAction\",\"target\":[\"https:\\\/\\\/racom.com.pl\\\/index.php\\\/produkt\\\/puree-marakuja-mc-metro-chef-pulpa-owocowa-duze-opakowanie-1kg\\\/\"]}]},{\"@type\":\"ImageObject\",\"inLanguage\":\"pl-PL\",\"@id\":\"https:\\\/\\\/racom.com.pl\\\/index.php\\\/produkt\\\/puree-marakuja-mc-metro-chef-pulpa-owocowa-duze-opakowanie-1kg\\\/#primaryimage\",\"url\":\"https:\\\/\\\/racom.com.pl\\\/wp-content\\\/uploads\\\/2025\\\/07\\\/allegro_687abf88efa898.86125422_a72beec64da396da9856d9fc5364.jpg\",\"contentUrl\":\"https:\\\/\\\/racom.com.pl\\\/wp-content\\\/uploads\\\/2025\\\/07\\\/allegro_687abf88efa898.86125422_a72beec64da396da9856d9fc5364.jpg\",\"width\":921,\"height\":1440},{\"@type\":\"BreadcrumbList\",\"@id\":\"https:\\\/\\\/racom.com.pl\\\/index.php\\\/produkt\\\/puree-marakuja-mc-metro-chef-pulpa-owocowa-duze-opakowanie-1kg\\\/#breadcrumb\",\"itemListElement\":[{\"@type\":\"ListItem\",\"position\":1,\"name\":\"Strona g\u0142\u00f3wna\",\"item\":\"https:\\\/\\\/racom.com.pl\\\/\"},{\"@type\":\"ListItem\",\"position\":2,\"name\":\"Sklep\",\"item\":\"https:\\\/\\\/racom.com.pl\\\/\"},{\"@type\":\"ListItem\",\"position\":3,\"name\":\"Puree MARAKUJA MC Metro Chef PULPA OWOCOWA du\u017ce opakowanie 1kg\"}]},{\"@type\":\"WebSite\",\"@id\":\"https:\\\/\\\/racom.com.pl\\\/#website\",\"url\":\"https:\\\/\\\/racom.com.pl\\\/\",\"name\":\"Mix Market - Supermarket z wszystkim co potrzeba do domu i nie tylko\",\"description\":\"\",\"publisher\":{\"@id\":\"https:\\\/\\\/racom.com.pl\\\/#organization\"},\"potentialAction\":[{\"@type\":\"SearchAction\",\"target\":{\"@type\":\"EntryPoint\",\"urlTemplate\":\"https:\\\/\\\/racom.com.pl\\\/?s={search_term_string}\"},\"query-input\":{\"@type\":\"PropertyValueSpecification\",\"valueRequired\":true,\"valueName\":\"search_term_string\"}}],\"inLanguage\":\"pl-PL\"},{\"@type\":\"Organization\",\"@id\":\"https:\\\/\\\/racom.com.pl\\\/#organization\",\"name\":\"Mix Market - Supermarket z wszystkim co potrzeba do domu i nie tylko\",\"url\":\"https:\\\/\\\/racom.com.pl\\\/\",\"logo\":{\"@type\":\"ImageObject\",\"inLanguage\":\"pl-PL\",\"@id\":\"https:\\\/\\\/racom.com.pl\\\/#\\\/schema\\\/logo\\\/image\\\/\",\"url\":\"https:\\\/\\\/racom.com.pl\\\/wp-content\\\/uploads\\\/2025\\\/07\\\/mixmarket_logo.png\",\"contentUrl\":\"https:\\\/\\\/racom.com.pl\\\/wp-content\\\/uploads\\\/2025\\\/07\\\/mixmarket_logo.png\",\"width\":1024,\"height\":1024,\"caption\":\"Mix Market - Supermarket z wszystkim co potrzeba do domu i nie tylko\"},\"image\":{\"@id\":\"https:\\\/\\\/racom.com.pl\\\/#\\\/schema\\\/logo\\\/image\\\/\"}}]}<\/script>\n<!-- \/ Yoast SEO plugin. -->","yoast_head_json":{"title":"Puree MARAKUJA MC Metro Chef PULPA OWOCOWA du\u017ce opakowanie 1kg - Mix Market - Supermarket z wszystkim co potrzeba","robots":{"index":"index","follow":"follow","max-snippet":"max-snippet:-1","max-image-preview":"max-image-preview:large","max-video-preview":"max-video-preview:-1"},"canonical":"https:\/\/racom.com.pl\/index.php\/produkt\/puree-marakuja-mc-metro-chef-pulpa-owocowa-duze-opakowanie-1kg\/","og_locale":"pl_PL","og_type":"article","og_title":"Puree MARAKUJA MC Metro Chef PULPA OWOCOWA du\u017ce opakowanie 1kg - Mix Market - Supermarket z wszystkim co potrzeba","og_description":"MARAKUJA Puree Metro Chef Pulpa HORECA 1KG MARAKUJA Puree Premium Metro Chef Ciesz si\u0119 prawdziwym smakiem tropik\u00f3w dzi\u0119ki MARAKUJA Puree. To doskona\u0142e po\u0142\u0105czenie naturalnych w\u0142a\u015bciwo\u015bci marakujowca z delikatnie dos\u0142adzaj\u0105cym cukrem. Nasze puree MARAKUJA powstaje z my\u015bl\u0105 o jako\u015bci i autentycznym smaku. Dzi\u0119ki starannie przemy\u015blanemu procesowi pasteryzacji, zachowujemy wszystkie cenne sk\u0142adniki owocu, gwarantuj\u0105c niepowtarzalny aromat i [&hellip;]","og_url":"https:\/\/racom.com.pl\/index.php\/produkt\/puree-marakuja-mc-metro-chef-pulpa-owocowa-duze-opakowanie-1kg\/","og_site_name":"Mix Market - Supermarket z wszystkim co potrzeba","og_image":[{"width":921,"height":1440,"url":"https:\/\/racom.com.pl\/wp-content\/uploads\/2025\/07\/allegro_687abf88efa898.86125422_a72beec64da396da9856d9fc5364.jpg","type":"image\/jpeg"}],"twitter_card":"summary_large_image","twitter_misc":{"Szacowany czas czytania":"1 minuta"},"schema":{"@context":"https:\/\/schema.org","@graph":[{"@type":"WebPage","@id":"https:\/\/racom.com.pl\/index.php\/produkt\/puree-marakuja-mc-metro-chef-pulpa-owocowa-duze-opakowanie-1kg\/","url":"https:\/\/racom.com.pl\/index.php\/produkt\/puree-marakuja-mc-metro-chef-pulpa-owocowa-duze-opakowanie-1kg\/","name":"Puree MARAKUJA MC Metro Chef PULPA OWOCOWA du\u017ce opakowanie 1kg - Mix Market - Supermarket z wszystkim co potrzeba","isPartOf":{"@id":"https:\/\/racom.com.pl\/#website"},"primaryImageOfPage":{"@id":"https:\/\/racom.com.pl\/index.php\/produkt\/puree-marakuja-mc-metro-chef-pulpa-owocowa-duze-opakowanie-1kg\/#primaryimage"},"image":{"@id":"https:\/\/racom.com.pl\/index.php\/produkt\/puree-marakuja-mc-metro-chef-pulpa-owocowa-duze-opakowanie-1kg\/#primaryimage"},"thumbnailUrl":"https:\/\/racom.com.pl\/wp-content\/uploads\/2025\/07\/allegro_687abf88efa898.86125422_a72beec64da396da9856d9fc5364.jpg","datePublished":"2025-07-18T21:40:44+00:00","breadcrumb":{"@id":"https:\/\/racom.com.pl\/index.php\/produkt\/puree-marakuja-mc-metro-chef-pulpa-owocowa-duze-opakowanie-1kg\/#breadcrumb"},"inLanguage":"pl-PL","potentialAction":[{"@type":"ReadAction","target":["https:\/\/racom.com.pl\/index.php\/produkt\/puree-marakuja-mc-metro-chef-pulpa-owocowa-duze-opakowanie-1kg\/"]}]},{"@type":"ImageObject","inLanguage":"pl-PL","@id":"https:\/\/racom.com.pl\/index.php\/produkt\/puree-marakuja-mc-metro-chef-pulpa-owocowa-duze-opakowanie-1kg\/#primaryimage","url":"https:\/\/racom.com.pl\/wp-content\/uploads\/2025\/07\/allegro_687abf88efa898.86125422_a72beec64da396da9856d9fc5364.jpg","contentUrl":"https:\/\/racom.com.pl\/wp-content\/uploads\/2025\/07\/allegro_687abf88efa898.86125422_a72beec64da396da9856d9fc5364.jpg","width":921,"height":1440},{"@type":"BreadcrumbList","@id":"https:\/\/racom.com.pl\/index.php\/produkt\/puree-marakuja-mc-metro-chef-pulpa-owocowa-duze-opakowanie-1kg\/#breadcrumb","itemListElement":[{"@type":"ListItem","position":1,"name":"Strona g\u0142\u00f3wna","item":"https:\/\/racom.com.pl\/"},{"@type":"ListItem","position":2,"name":"Sklep","item":"https:\/\/racom.com.pl\/"},{"@type":"ListItem","position":3,"name":"Puree MARAKUJA MC Metro Chef PULPA OWOCOWA du\u017ce opakowanie 1kg"}]},{"@type":"WebSite","@id":"https:\/\/racom.com.pl\/#website","url":"https:\/\/racom.com.pl\/","name":"Mix Market - Supermarket z wszystkim co potrzeba do domu i nie tylko","description":"","publisher":{"@id":"https:\/\/racom.com.pl\/#organization"},"potentialAction":[{"@type":"SearchAction","target":{"@type":"EntryPoint","urlTemplate":"https:\/\/racom.com.pl\/?s={search_term_string}"},"query-input":{"@type":"PropertyValueSpecification","valueRequired":true,"valueName":"search_term_string"}}],"inLanguage":"pl-PL"},{"@type":"Organization","@id":"https:\/\/racom.com.pl\/#organization","name":"Mix Market - Supermarket z wszystkim co potrzeba do domu i nie tylko","url":"https:\/\/racom.com.pl\/","logo":{"@type":"ImageObject","inLanguage":"pl-PL","@id":"https:\/\/racom.com.pl\/#\/schema\/logo\/image\/","url":"https:\/\/racom.com.pl\/wp-content\/uploads\/2025\/07\/mixmarket_logo.png","contentUrl":"https:\/\/racom.com.pl\/wp-content\/uploads\/2025\/07\/mixmarket_logo.png","width":1024,"height":1024,"caption":"Mix Market - Supermarket z wszystkim co potrzeba do domu i nie tylko"},"image":{"@id":"https:\/\/racom.com.pl\/#\/schema\/logo\/image\/"}}]}},"_links":{"self":[{"href":"https:\/\/racom.com.pl\/index.php\/wp-json\/wp\/v2\/product\/2589","targetHints":{"allow":["GET"]}}],"collection":[{"href":"https:\/\/racom.com.pl\/index.php\/wp-json\/wp\/v2\/product"}],"about":[{"href":"https:\/\/racom.com.pl\/index.php\/wp-json\/wp\/v2\/types\/product"}],"replies":[{"embeddable":true,"href":"https:\/\/racom.com.pl\/index.php\/wp-json\/wp\/v2\/comments?post=2589"}],"wp:featuredmedia":[{"embeddable":true,"href":"https:\/\/racom.com.pl\/index.php\/wp-json\/wp\/v2\/media\/2592"}],"wp:attachment":[{"href":"https:\/\/racom.com.pl\/index.php\/wp-json\/wp\/v2\/media?parent=2589"}],"wp:term":[{"taxonomy":"product_brand","embeddable":true,"href":"https:\/\/racom.com.pl\/index.php\/wp-json\/wp\/v2\/product_brand?post=2589"},{"taxonomy":"product_cat","embeddable":true,"href":"https:\/\/racom.com.pl\/index.php\/wp-json\/wp\/v2\/product_cat?post=2589"},{"taxonomy":"product_tag","embeddable":true,"href":"https:\/\/racom.com.pl\/index.php\/wp-json\/wp\/v2\/product_tag?post=2589"}],"curies":[{"name":"wp","href":"https:\/\/api.w.org\/{rel}","templated":true}]}}