{"id":2593,"date":"2025-07-18T23:41:42","date_gmt":"2025-07-18T21:41:42","guid":{"rendered":"http:\/\/192.168.2.106\/index.php\/produkt\/cukier-trzcinowy-w-kostkach-rioba-pakowany-pojedynczo-1kg\/"},"modified":"2025-07-18T23:41:42","modified_gmt":"2025-07-18T21:41:42","slug":"cukier-trzcinowy-w-kostkach-rioba-pakowany-pojedynczo-1kg","status":"publish","type":"product","link":"https:\/\/racom.com.pl\/index.php\/produkt\/cukier-trzcinowy-w-kostkach-rioba-pakowany-pojedynczo-1kg\/","title":{"rendered":"Cukier TRZCINOWY w KOSTKACH Rioba pakowany pojedynczo 1kg"},"content":{"rendered":"<h2>Rioba Cukier trzcinowy w kostkach 1 kg<\/h2>\n<p>Cukier trzcinowy Rioba \u2013 zdrowy i pe\u0142ny smaku<\/p>\n<p>Szukasz zdrowej i tak samo smacznej alternatywy dla bia\u0142ego cukru? Koniecznie wypr\u00f3buj cukier trzcinowy Rioba. Dzi\u0119ki niemu nie musisz rezygnowa\u0107 ze s\u0142odzenia kawy czy herbaty i mo\u017cesz cieszy\u0107 si\u0119 perfekcyjnym smakiem swoich ulubionych, gor\u0105cych napoj\u00f3w ka\u017cdego dnia.<\/p>\n<p>Praktyczne kostki cukru trzcinowego Rioba<\/p>\n<p>Cukier trzcinowy Rioba ma form\u0119 kostek, dzi\u0119ki kt\u00f3rym porcjowanie i dozowanie cukru jest o wiele \u0142atwiejsze. Ma\u0142o tego, ka\u017cda kostka zosta\u0142a zapakowana osobno, dzi\u0119ki czemu masz pewno\u015b\u0107, \u017ce cukier nie zawilgotnieje, nawet je\u015bli po otworzeniu ca\u0142ej paczki b\u0119dziesz u\u017cywa\u0107 go bardzo rzadko.<\/p>\n<p>Do domu, biura i gastronomii \u2013 cukier trzcinowy Rioba<\/p>\n<p>Taka forma cukru trzcinowego Rioba \u2013 w postaci kostek pakowanych osobno \u2013 to \u015bwietne rozwi\u0105zanie nie tylko do Twojego domu. Higieniczna forma podania sprawia, \u017ce produkt doskonale nadaje si\u0119 do lokali gastronomicznych, ale r\u00f3wnie\u017c do firmowej kuchni, w kt\u00f3rej z pewno\u015bci\u0105 wiele os\u00f3b potrzebuje cukru do os\u0142adzania codziennej kawy i herbaty.<\/p>\n<p>Specyfikacja:<\/p>\n<p>\u2022 1 kg<\/p>\n<p>\u2022 Osobno pakowane kostki<\/p>\n","protected":false},"excerpt":{"rendered":"<p>Rioba Cukier trzcinowy w kostkach 1 kg Cukier trzcinowy Rioba \u2013 zdrowy i pe\u0142ny smaku Szukasz zdrowej i tak samo smacznej alternatywy dla bia\u0142ego cukru? Koniecznie wypr\u00f3buj cukier trzcinowy Rioba. Dzi\u0119ki niemu nie musisz rezygnowa\u0107 ze s\u0142odzenia kawy czy herbaty i mo\u017cesz cieszy\u0107 si\u0119 perfekcyjnym smakiem swoich ulubionych, gor\u0105cych napoj\u00f3w ka\u017cdego dnia. Praktyczne kostki cukru [&hellip;]<\/p>\n","protected":false},"featured_media":2596,"comment_status":"open","ping_status":"closed","template":"","meta":[],"product_brand":[117],"product_cat":[137],"product_tag":[],"class_list":{"0":"post-2593","1":"product","2":"type-product","3":"status-publish","4":"has-post-thumbnail","6":"product_brand-rioba","7":"product_cat-cukier-i-substancje-slodzace","9":"first","10":"instock","11":"taxable","12":"shipping-taxable","13":"purchasable","14":"product-type-simple"},"yoast_head":"<!-- This site is optimized with the Yoast SEO plugin v27.3 - https:\/\/yoast.com\/product\/yoast-seo-wordpress\/ -->\n<title>Cukier TRZCINOWY w KOSTKACH Rioba pakowany pojedynczo 1kg - Mix Market - Supermarket z wszystkim co potrzeba<\/title>\n<meta name=\"robots\" content=\"index, follow, max-snippet:-1, max-image-preview:large, max-video-preview:-1\" \/>\n<link rel=\"canonical\" href=\"https:\/\/racom.com.pl\/index.php\/produkt\/cukier-trzcinowy-w-kostkach-rioba-pakowany-pojedynczo-1kg\/\" \/>\n<meta property=\"og:locale\" content=\"pl_PL\" \/>\n<meta property=\"og:type\" content=\"article\" \/>\n<meta property=\"og:title\" content=\"Cukier TRZCINOWY w KOSTKACH Rioba pakowany pojedynczo 1kg - Mix Market - Supermarket z wszystkim co potrzeba\" \/>\n<meta property=\"og:description\" content=\"Rioba Cukier trzcinowy w kostkach 1 kg Cukier trzcinowy Rioba \u2013 zdrowy i pe\u0142ny smaku Szukasz zdrowej i tak samo smacznej alternatywy dla bia\u0142ego cukru? Koniecznie wypr\u00f3buj cukier trzcinowy Rioba. Dzi\u0119ki niemu nie musisz rezygnowa\u0107 ze s\u0142odzenia kawy czy herbaty i mo\u017cesz cieszy\u0107 si\u0119 perfekcyjnym smakiem swoich ulubionych, gor\u0105cych napoj\u00f3w ka\u017cdego dnia. Praktyczne kostki cukru [&hellip;]\" \/>\n<meta property=\"og:url\" content=\"https:\/\/racom.com.pl\/index.php\/produkt\/cukier-trzcinowy-w-kostkach-rioba-pakowany-pojedynczo-1kg\/\" \/>\n<meta property=\"og:site_name\" content=\"Mix Market - Supermarket z wszystkim co potrzeba\" \/>\n<meta property=\"og:image\" content=\"https:\/\/racom.com.pl\/wp-content\/uploads\/2025\/07\/allegro_687abfbb69fdd8.39011173_4f8473c44bfdb48f9e8ed52346b2.jpg\" \/>\n\t<meta property=\"og:image:width\" content=\"500\" \/>\n\t<meta property=\"og:image:height\" content=\"500\" \/>\n\t<meta property=\"og:image:type\" content=\"image\/jpeg\" \/>\n<meta name=\"twitter:card\" content=\"summary_large_image\" \/>\n<meta name=\"twitter:label1\" content=\"Szacowany czas czytania\" \/>\n\t<meta name=\"twitter:data1\" content=\"1 minuta\" \/>\n<script type=\"application\/ld+json\" class=\"yoast-schema-graph\">{\"@context\":\"https:\\\/\\\/schema.org\",\"@graph\":[{\"@type\":\"WebPage\",\"@id\":\"https:\\\/\\\/racom.com.pl\\\/index.php\\\/produkt\\\/cukier-trzcinowy-w-kostkach-rioba-pakowany-pojedynczo-1kg\\\/\",\"url\":\"https:\\\/\\\/racom.com.pl\\\/index.php\\\/produkt\\\/cukier-trzcinowy-w-kostkach-rioba-pakowany-pojedynczo-1kg\\\/\",\"name\":\"Cukier TRZCINOWY w KOSTKACH Rioba pakowany pojedynczo 1kg - Mix Market - Supermarket z wszystkim co potrzeba\",\"isPartOf\":{\"@id\":\"https:\\\/\\\/racom.com.pl\\\/#website\"},\"primaryImageOfPage\":{\"@id\":\"https:\\\/\\\/racom.com.pl\\\/index.php\\\/produkt\\\/cukier-trzcinowy-w-kostkach-rioba-pakowany-pojedynczo-1kg\\\/#primaryimage\"},\"image\":{\"@id\":\"https:\\\/\\\/racom.com.pl\\\/index.php\\\/produkt\\\/cukier-trzcinowy-w-kostkach-rioba-pakowany-pojedynczo-1kg\\\/#primaryimage\"},\"thumbnailUrl\":\"https:\\\/\\\/racom.com.pl\\\/wp-content\\\/uploads\\\/2025\\\/07\\\/allegro_687abfbb69fdd8.39011173_4f8473c44bfdb48f9e8ed52346b2.jpg\",\"datePublished\":\"2025-07-18T21:41:42+00:00\",\"breadcrumb\":{\"@id\":\"https:\\\/\\\/racom.com.pl\\\/index.php\\\/produkt\\\/cukier-trzcinowy-w-kostkach-rioba-pakowany-pojedynczo-1kg\\\/#breadcrumb\"},\"inLanguage\":\"pl-PL\",\"potentialAction\":[{\"@type\":\"ReadAction\",\"target\":[\"https:\\\/\\\/racom.com.pl\\\/index.php\\\/produkt\\\/cukier-trzcinowy-w-kostkach-rioba-pakowany-pojedynczo-1kg\\\/\"]}]},{\"@type\":\"ImageObject\",\"inLanguage\":\"pl-PL\",\"@id\":\"https:\\\/\\\/racom.com.pl\\\/index.php\\\/produkt\\\/cukier-trzcinowy-w-kostkach-rioba-pakowany-pojedynczo-1kg\\\/#primaryimage\",\"url\":\"https:\\\/\\\/racom.com.pl\\\/wp-content\\\/uploads\\\/2025\\\/07\\\/allegro_687abfbb69fdd8.39011173_4f8473c44bfdb48f9e8ed52346b2.jpg\",\"contentUrl\":\"https:\\\/\\\/racom.com.pl\\\/wp-content\\\/uploads\\\/2025\\\/07\\\/allegro_687abfbb69fdd8.39011173_4f8473c44bfdb48f9e8ed52346b2.jpg\",\"width\":500,\"height\":500},{\"@type\":\"BreadcrumbList\",\"@id\":\"https:\\\/\\\/racom.com.pl\\\/index.php\\\/produkt\\\/cukier-trzcinowy-w-kostkach-rioba-pakowany-pojedynczo-1kg\\\/#breadcrumb\",\"itemListElement\":[{\"@type\":\"ListItem\",\"position\":1,\"name\":\"Strona g\u0142\u00f3wna\",\"item\":\"https:\\\/\\\/racom.com.pl\\\/\"},{\"@type\":\"ListItem\",\"position\":2,\"name\":\"Sklep\",\"item\":\"https:\\\/\\\/racom.com.pl\\\/\"},{\"@type\":\"ListItem\",\"position\":3,\"name\":\"Cukier TRZCINOWY w KOSTKACH Rioba pakowany pojedynczo 1kg\"}]},{\"@type\":\"WebSite\",\"@id\":\"https:\\\/\\\/racom.com.pl\\\/#website\",\"url\":\"https:\\\/\\\/racom.com.pl\\\/\",\"name\":\"Mix Market - Supermarket z wszystkim co potrzeba do domu i nie tylko\",\"description\":\"\",\"publisher\":{\"@id\":\"https:\\\/\\\/racom.com.pl\\\/#organization\"},\"potentialAction\":[{\"@type\":\"SearchAction\",\"target\":{\"@type\":\"EntryPoint\",\"urlTemplate\":\"https:\\\/\\\/racom.com.pl\\\/?s={search_term_string}\"},\"query-input\":{\"@type\":\"PropertyValueSpecification\",\"valueRequired\":true,\"valueName\":\"search_term_string\"}}],\"inLanguage\":\"pl-PL\"},{\"@type\":\"Organization\",\"@id\":\"https:\\\/\\\/racom.com.pl\\\/#organization\",\"name\":\"Mix Market - Supermarket z wszystkim co potrzeba do domu i nie tylko\",\"url\":\"https:\\\/\\\/racom.com.pl\\\/\",\"logo\":{\"@type\":\"ImageObject\",\"inLanguage\":\"pl-PL\",\"@id\":\"https:\\\/\\\/racom.com.pl\\\/#\\\/schema\\\/logo\\\/image\\\/\",\"url\":\"https:\\\/\\\/racom.com.pl\\\/wp-content\\\/uploads\\\/2025\\\/07\\\/mixmarket_logo.png\",\"contentUrl\":\"https:\\\/\\\/racom.com.pl\\\/wp-content\\\/uploads\\\/2025\\\/07\\\/mixmarket_logo.png\",\"width\":1024,\"height\":1024,\"caption\":\"Mix Market - Supermarket z wszystkim co potrzeba do domu i nie tylko\"},\"image\":{\"@id\":\"https:\\\/\\\/racom.com.pl\\\/#\\\/schema\\\/logo\\\/image\\\/\"}}]}<\/script>\n<!-- \/ Yoast SEO plugin. -->","yoast_head_json":{"title":"Cukier TRZCINOWY w KOSTKACH Rioba pakowany pojedynczo 1kg - Mix Market - Supermarket z wszystkim co potrzeba","robots":{"index":"index","follow":"follow","max-snippet":"max-snippet:-1","max-image-preview":"max-image-preview:large","max-video-preview":"max-video-preview:-1"},"canonical":"https:\/\/racom.com.pl\/index.php\/produkt\/cukier-trzcinowy-w-kostkach-rioba-pakowany-pojedynczo-1kg\/","og_locale":"pl_PL","og_type":"article","og_title":"Cukier TRZCINOWY w KOSTKACH Rioba pakowany pojedynczo 1kg - Mix Market - Supermarket z wszystkim co potrzeba","og_description":"Rioba Cukier trzcinowy w kostkach 1 kg Cukier trzcinowy Rioba \u2013 zdrowy i pe\u0142ny smaku Szukasz zdrowej i tak samo smacznej alternatywy dla bia\u0142ego cukru? Koniecznie wypr\u00f3buj cukier trzcinowy Rioba. Dzi\u0119ki niemu nie musisz rezygnowa\u0107 ze s\u0142odzenia kawy czy herbaty i mo\u017cesz cieszy\u0107 si\u0119 perfekcyjnym smakiem swoich ulubionych, gor\u0105cych napoj\u00f3w ka\u017cdego dnia. Praktyczne kostki cukru [&hellip;]","og_url":"https:\/\/racom.com.pl\/index.php\/produkt\/cukier-trzcinowy-w-kostkach-rioba-pakowany-pojedynczo-1kg\/","og_site_name":"Mix Market - Supermarket z wszystkim co potrzeba","og_image":[{"width":500,"height":500,"url":"https:\/\/racom.com.pl\/wp-content\/uploads\/2025\/07\/allegro_687abfbb69fdd8.39011173_4f8473c44bfdb48f9e8ed52346b2.jpg","type":"image\/jpeg"}],"twitter_card":"summary_large_image","twitter_misc":{"Szacowany czas czytania":"1 minuta"},"schema":{"@context":"https:\/\/schema.org","@graph":[{"@type":"WebPage","@id":"https:\/\/racom.com.pl\/index.php\/produkt\/cukier-trzcinowy-w-kostkach-rioba-pakowany-pojedynczo-1kg\/","url":"https:\/\/racom.com.pl\/index.php\/produkt\/cukier-trzcinowy-w-kostkach-rioba-pakowany-pojedynczo-1kg\/","name":"Cukier TRZCINOWY w KOSTKACH Rioba pakowany pojedynczo 1kg - Mix Market - Supermarket z wszystkim co potrzeba","isPartOf":{"@id":"https:\/\/racom.com.pl\/#website"},"primaryImageOfPage":{"@id":"https:\/\/racom.com.pl\/index.php\/produkt\/cukier-trzcinowy-w-kostkach-rioba-pakowany-pojedynczo-1kg\/#primaryimage"},"image":{"@id":"https:\/\/racom.com.pl\/index.php\/produkt\/cukier-trzcinowy-w-kostkach-rioba-pakowany-pojedynczo-1kg\/#primaryimage"},"thumbnailUrl":"https:\/\/racom.com.pl\/wp-content\/uploads\/2025\/07\/allegro_687abfbb69fdd8.39011173_4f8473c44bfdb48f9e8ed52346b2.jpg","datePublished":"2025-07-18T21:41:42+00:00","breadcrumb":{"@id":"https:\/\/racom.com.pl\/index.php\/produkt\/cukier-trzcinowy-w-kostkach-rioba-pakowany-pojedynczo-1kg\/#breadcrumb"},"inLanguage":"pl-PL","potentialAction":[{"@type":"ReadAction","target":["https:\/\/racom.com.pl\/index.php\/produkt\/cukier-trzcinowy-w-kostkach-rioba-pakowany-pojedynczo-1kg\/"]}]},{"@type":"ImageObject","inLanguage":"pl-PL","@id":"https:\/\/racom.com.pl\/index.php\/produkt\/cukier-trzcinowy-w-kostkach-rioba-pakowany-pojedynczo-1kg\/#primaryimage","url":"https:\/\/racom.com.pl\/wp-content\/uploads\/2025\/07\/allegro_687abfbb69fdd8.39011173_4f8473c44bfdb48f9e8ed52346b2.jpg","contentUrl":"https:\/\/racom.com.pl\/wp-content\/uploads\/2025\/07\/allegro_687abfbb69fdd8.39011173_4f8473c44bfdb48f9e8ed52346b2.jpg","width":500,"height":500},{"@type":"BreadcrumbList","@id":"https:\/\/racom.com.pl\/index.php\/produkt\/cukier-trzcinowy-w-kostkach-rioba-pakowany-pojedynczo-1kg\/#breadcrumb","itemListElement":[{"@type":"ListItem","position":1,"name":"Strona g\u0142\u00f3wna","item":"https:\/\/racom.com.pl\/"},{"@type":"ListItem","position":2,"name":"Sklep","item":"https:\/\/racom.com.pl\/"},{"@type":"ListItem","position":3,"name":"Cukier TRZCINOWY w KOSTKACH Rioba pakowany pojedynczo 1kg"}]},{"@type":"WebSite","@id":"https:\/\/racom.com.pl\/#website","url":"https:\/\/racom.com.pl\/","name":"Mix Market - Supermarket z wszystkim co potrzeba do domu i nie tylko","description":"","publisher":{"@id":"https:\/\/racom.com.pl\/#organization"},"potentialAction":[{"@type":"SearchAction","target":{"@type":"EntryPoint","urlTemplate":"https:\/\/racom.com.pl\/?s={search_term_string}"},"query-input":{"@type":"PropertyValueSpecification","valueRequired":true,"valueName":"search_term_string"}}],"inLanguage":"pl-PL"},{"@type":"Organization","@id":"https:\/\/racom.com.pl\/#organization","name":"Mix Market - Supermarket z wszystkim co potrzeba do domu i nie tylko","url":"https:\/\/racom.com.pl\/","logo":{"@type":"ImageObject","inLanguage":"pl-PL","@id":"https:\/\/racom.com.pl\/#\/schema\/logo\/image\/","url":"https:\/\/racom.com.pl\/wp-content\/uploads\/2025\/07\/mixmarket_logo.png","contentUrl":"https:\/\/racom.com.pl\/wp-content\/uploads\/2025\/07\/mixmarket_logo.png","width":1024,"height":1024,"caption":"Mix Market - Supermarket z wszystkim co potrzeba do domu i nie tylko"},"image":{"@id":"https:\/\/racom.com.pl\/#\/schema\/logo\/image\/"}}]}},"_links":{"self":[{"href":"https:\/\/racom.com.pl\/index.php\/wp-json\/wp\/v2\/product\/2593","targetHints":{"allow":["GET"]}}],"collection":[{"href":"https:\/\/racom.com.pl\/index.php\/wp-json\/wp\/v2\/product"}],"about":[{"href":"https:\/\/racom.com.pl\/index.php\/wp-json\/wp\/v2\/types\/product"}],"replies":[{"embeddable":true,"href":"https:\/\/racom.com.pl\/index.php\/wp-json\/wp\/v2\/comments?post=2593"}],"wp:featuredmedia":[{"embeddable":true,"href":"https:\/\/racom.com.pl\/index.php\/wp-json\/wp\/v2\/media\/2596"}],"wp:attachment":[{"href":"https:\/\/racom.com.pl\/index.php\/wp-json\/wp\/v2\/media?parent=2593"}],"wp:term":[{"taxonomy":"product_brand","embeddable":true,"href":"https:\/\/racom.com.pl\/index.php\/wp-json\/wp\/v2\/product_brand?post=2593"},{"taxonomy":"product_cat","embeddable":true,"href":"https:\/\/racom.com.pl\/index.php\/wp-json\/wp\/v2\/product_cat?post=2593"},{"taxonomy":"product_tag","embeddable":true,"href":"https:\/\/racom.com.pl\/index.php\/wp-json\/wp\/v2\/product_tag?post=2593"}],"curies":[{"name":"wp","href":"https:\/\/api.w.org\/{rel}","templated":true}]}}