{"id":2600,"date":"2025-07-18T23:43:11","date_gmt":"2025-07-18T21:43:11","guid":{"rendered":"http:\/\/192.168.2.106\/index.php\/produkt\/woda-cisowianka-perlage-mineralna-musujaca-700-ml-24szt\/"},"modified":"2025-07-18T23:43:11","modified_gmt":"2025-07-18T21:43:11","slug":"woda-cisowianka-perlage-mineralna-musujaca-700-ml-24szt","status":"publish","type":"product","link":"https:\/\/racom.com.pl\/index.php\/produkt\/woda-cisowianka-perlage-mineralna-musujaca-700-ml-24szt\/","title":{"rendered":"Woda Cisowianka Perlage mineralna musuj\u0105ca 700 ml (24szt)"},"content":{"rendered":"<h2>Perlage Naturalna woda mineralna musuj\u0105ca Zestaw 24 x 700 ml<\/h2>\n<ul>\n<li><b>Wegetaria\u0144ski:<\/b> tak<\/li>\n<li><b>Wega\u0144ski:<\/b> tak<\/li>\n<li><b>Bez glutenu:<\/b> tak<\/li>\n<li><b>Opakowanie:<\/b> plastikowe<\/li>\n<li><b>Kraj pochodzenia:<\/b> Polska<\/li>\n<li><b>Producent:<\/b> Cisowianka<\/li>\n<li><b>Perlage Naturalna woda mineralna musuj\u0105ca Zestaw 24 x 700 ml<\/b>\n<p><b>Nazwa uj\u0119cia:<\/b> Cisowianka; Drzewce k. Na\u0142\u0119czowa<\/p>\n<p><b>Sk\u0142adniki<\/b>: Naturalna woda mineralna, dwutlenek w\u0119gla pochodzenia naturalnego<\/p>\n<p><b>Og\u00f3lna mineralizacja<\/b> (mg\/l) 742<\/p>\n<p><b>G\u0142\u00f3wne sk\u0142adniki mineralne<\/b> (mg\/l) Ca2+ 130,3; Mg2+ 21,9; Na+ 11; HCO3- 539,1; SiO2 22,1;<\/p>\n<p><b>Warto\u015bci od\u017cywcze:<\/b><\/p>\n<p><b>Alergeny<\/b>: brak<\/p>\n<p><b>Spos\u00f3b przechowywania:<\/b> Przechowywa\u0107 w temperaturze otoczenia w suchym miejscu.<\/p>\n<\/li>\n<li>Warto\u015b\u0107 energetyczna (kJ i kcal)\/ % GDA 0\/0<\/li>\n<li>T\u0142uszcz (g)\/% 0\/0<\/li>\n<li>w tym: kw. t\u0142. nasycone (g)\/% 0\/0<\/li>\n<li>W\u0119glowodany (g)\/% 0\/0<\/li>\n<li>Cukry (g)\/% 0\/0<\/li>\n<li>Bia\u0142ko (g)\/% 0\/0<\/li>\n<li>S\u00f3l (g)\/% 0\/0<\/li>\n<li>wysokonasycona dwutlenkiem w\u0119gla<\/li>\n<li>\u015bredniozmineralizowana<\/li>\n<li>odpowiednia dla diety ubogiej w s\u00f3d<\/li>\n<li>napowietrzana i filtrowana<\/li>\n<\/ul>\n","protected":false},"excerpt":{"rendered":"<p>Perlage Naturalna woda mineralna musuj\u0105ca Zestaw 24 x 700 ml Wegetaria\u0144ski: tak Wega\u0144ski: tak Bez glutenu: tak Opakowanie: plastikowe Kraj pochodzenia: Polska Producent: Cisowianka Perlage Naturalna woda mineralna musuj\u0105ca Zestaw 24 x 700 ml Nazwa uj\u0119cia: Cisowianka; Drzewce k. Na\u0142\u0119czowa Sk\u0142adniki: Naturalna woda mineralna, dwutlenek w\u0119gla pochodzenia naturalnego Og\u00f3lna mineralizacja (mg\/l) 742 G\u0142\u00f3wne sk\u0142adniki mineralne [&hellip;]<\/p>\n","protected":false},"featured_media":2518,"comment_status":"open","ping_status":"closed","template":"","meta":[],"product_brand":[161],"product_cat":[116],"product_tag":[],"class_list":{"0":"post-2600","1":"product","2":"type-product","3":"status-publish","4":"has-post-thumbnail","6":"product_brand-cisowianka-perlage","7":"product_cat-napoje-i-akcesoria","9":"first","10":"instock","11":"taxable","12":"shipping-taxable","13":"purchasable","14":"product-type-simple"},"yoast_head":"<!-- This site is optimized with the Yoast SEO plugin v27.3 - https:\/\/yoast.com\/product\/yoast-seo-wordpress\/ -->\n<title>Woda Cisowianka Perlage mineralna musuj\u0105ca 700 ml (24szt) - Mix Market - Supermarket z wszystkim co potrzeba<\/title>\n<meta name=\"robots\" content=\"index, follow, max-snippet:-1, max-image-preview:large, max-video-preview:-1\" \/>\n<link rel=\"canonical\" href=\"https:\/\/racom.com.pl\/index.php\/produkt\/woda-cisowianka-perlage-mineralna-musujaca-700-ml-24szt\/\" \/>\n<meta property=\"og:locale\" content=\"pl_PL\" \/>\n<meta property=\"og:type\" content=\"article\" \/>\n<meta property=\"og:title\" content=\"Woda Cisowianka Perlage mineralna musuj\u0105ca 700 ml (24szt) - Mix Market - Supermarket z wszystkim co potrzeba\" \/>\n<meta property=\"og:description\" content=\"Perlage Naturalna woda mineralna musuj\u0105ca Zestaw 24 x 700 ml Wegetaria\u0144ski: tak Wega\u0144ski: tak Bez glutenu: tak Opakowanie: plastikowe Kraj pochodzenia: Polska Producent: Cisowianka Perlage Naturalna woda mineralna musuj\u0105ca Zestaw 24 x 700 ml Nazwa uj\u0119cia: Cisowianka; Drzewce k. Na\u0142\u0119czowa Sk\u0142adniki: Naturalna woda mineralna, dwutlenek w\u0119gla pochodzenia naturalnego Og\u00f3lna mineralizacja (mg\/l) 742 G\u0142\u00f3wne sk\u0142adniki mineralne [&hellip;]\" \/>\n<meta property=\"og:url\" content=\"https:\/\/racom.com.pl\/index.php\/produkt\/woda-cisowianka-perlage-mineralna-musujaca-700-ml-24szt\/\" \/>\n<meta property=\"og:site_name\" content=\"Mix Market - Supermarket z wszystkim co potrzeba\" \/>\n<meta property=\"og:image\" content=\"https:\/\/racom.com.pl\/wp-content\/uploads\/2025\/07\/allegro_687abbacdc54f0.81021874_b14befab425792955a48676c91c8.jpg\" \/>\n\t<meta property=\"og:image:width\" content=\"600\" \/>\n\t<meta property=\"og:image:height\" content=\"160\" \/>\n\t<meta property=\"og:image:type\" content=\"image\/jpeg\" \/>\n<meta name=\"twitter:card\" content=\"summary_large_image\" \/>\n<meta name=\"twitter:label1\" content=\"Szacowany czas czytania\" \/>\n\t<meta name=\"twitter:data1\" content=\"1 minuta\" \/>\n<script type=\"application\/ld+json\" class=\"yoast-schema-graph\">{\"@context\":\"https:\\\/\\\/schema.org\",\"@graph\":[{\"@type\":\"WebPage\",\"@id\":\"https:\\\/\\\/racom.com.pl\\\/index.php\\\/produkt\\\/woda-cisowianka-perlage-mineralna-musujaca-700-ml-24szt\\\/\",\"url\":\"https:\\\/\\\/racom.com.pl\\\/index.php\\\/produkt\\\/woda-cisowianka-perlage-mineralna-musujaca-700-ml-24szt\\\/\",\"name\":\"Woda Cisowianka Perlage mineralna musuj\u0105ca 700 ml (24szt) - Mix Market - Supermarket z wszystkim co potrzeba\",\"isPartOf\":{\"@id\":\"https:\\\/\\\/racom.com.pl\\\/#website\"},\"primaryImageOfPage\":{\"@id\":\"https:\\\/\\\/racom.com.pl\\\/index.php\\\/produkt\\\/woda-cisowianka-perlage-mineralna-musujaca-700-ml-24szt\\\/#primaryimage\"},\"image\":{\"@id\":\"https:\\\/\\\/racom.com.pl\\\/index.php\\\/produkt\\\/woda-cisowianka-perlage-mineralna-musujaca-700-ml-24szt\\\/#primaryimage\"},\"thumbnailUrl\":\"https:\\\/\\\/racom.com.pl\\\/wp-content\\\/uploads\\\/2025\\\/07\\\/allegro_687abbacdc54f0.81021874_b14befab425792955a48676c91c8.jpg\",\"datePublished\":\"2025-07-18T21:43:11+00:00\",\"breadcrumb\":{\"@id\":\"https:\\\/\\\/racom.com.pl\\\/index.php\\\/produkt\\\/woda-cisowianka-perlage-mineralna-musujaca-700-ml-24szt\\\/#breadcrumb\"},\"inLanguage\":\"pl-PL\",\"potentialAction\":[{\"@type\":\"ReadAction\",\"target\":[\"https:\\\/\\\/racom.com.pl\\\/index.php\\\/produkt\\\/woda-cisowianka-perlage-mineralna-musujaca-700-ml-24szt\\\/\"]}]},{\"@type\":\"ImageObject\",\"inLanguage\":\"pl-PL\",\"@id\":\"https:\\\/\\\/racom.com.pl\\\/index.php\\\/produkt\\\/woda-cisowianka-perlage-mineralna-musujaca-700-ml-24szt\\\/#primaryimage\",\"url\":\"https:\\\/\\\/racom.com.pl\\\/wp-content\\\/uploads\\\/2025\\\/07\\\/allegro_687abbacdc54f0.81021874_b14befab425792955a48676c91c8.jpg\",\"contentUrl\":\"https:\\\/\\\/racom.com.pl\\\/wp-content\\\/uploads\\\/2025\\\/07\\\/allegro_687abbacdc54f0.81021874_b14befab425792955a48676c91c8.jpg\",\"width\":600,\"height\":160},{\"@type\":\"BreadcrumbList\",\"@id\":\"https:\\\/\\\/racom.com.pl\\\/index.php\\\/produkt\\\/woda-cisowianka-perlage-mineralna-musujaca-700-ml-24szt\\\/#breadcrumb\",\"itemListElement\":[{\"@type\":\"ListItem\",\"position\":1,\"name\":\"Strona g\u0142\u00f3wna\",\"item\":\"https:\\\/\\\/racom.com.pl\\\/\"},{\"@type\":\"ListItem\",\"position\":2,\"name\":\"Sklep\",\"item\":\"https:\\\/\\\/racom.com.pl\\\/\"},{\"@type\":\"ListItem\",\"position\":3,\"name\":\"Woda Cisowianka Perlage mineralna musuj\u0105ca 700 ml (24szt)\"}]},{\"@type\":\"WebSite\",\"@id\":\"https:\\\/\\\/racom.com.pl\\\/#website\",\"url\":\"https:\\\/\\\/racom.com.pl\\\/\",\"name\":\"Mix Market - Supermarket z wszystkim co potrzeba do domu i nie tylko\",\"description\":\"\",\"publisher\":{\"@id\":\"https:\\\/\\\/racom.com.pl\\\/#organization\"},\"potentialAction\":[{\"@type\":\"SearchAction\",\"target\":{\"@type\":\"EntryPoint\",\"urlTemplate\":\"https:\\\/\\\/racom.com.pl\\\/?s={search_term_string}\"},\"query-input\":{\"@type\":\"PropertyValueSpecification\",\"valueRequired\":true,\"valueName\":\"search_term_string\"}}],\"inLanguage\":\"pl-PL\"},{\"@type\":\"Organization\",\"@id\":\"https:\\\/\\\/racom.com.pl\\\/#organization\",\"name\":\"Mix Market - Supermarket z wszystkim co potrzeba do domu i nie tylko\",\"url\":\"https:\\\/\\\/racom.com.pl\\\/\",\"logo\":{\"@type\":\"ImageObject\",\"inLanguage\":\"pl-PL\",\"@id\":\"https:\\\/\\\/racom.com.pl\\\/#\\\/schema\\\/logo\\\/image\\\/\",\"url\":\"https:\\\/\\\/racom.com.pl\\\/wp-content\\\/uploads\\\/2025\\\/07\\\/mixmarket_logo.png\",\"contentUrl\":\"https:\\\/\\\/racom.com.pl\\\/wp-content\\\/uploads\\\/2025\\\/07\\\/mixmarket_logo.png\",\"width\":1024,\"height\":1024,\"caption\":\"Mix Market - Supermarket z wszystkim co potrzeba do domu i nie tylko\"},\"image\":{\"@id\":\"https:\\\/\\\/racom.com.pl\\\/#\\\/schema\\\/logo\\\/image\\\/\"}}]}<\/script>\n<!-- \/ Yoast SEO plugin. -->","yoast_head_json":{"title":"Woda Cisowianka Perlage mineralna musuj\u0105ca 700 ml (24szt) - Mix Market - Supermarket z wszystkim co potrzeba","robots":{"index":"index","follow":"follow","max-snippet":"max-snippet:-1","max-image-preview":"max-image-preview:large","max-video-preview":"max-video-preview:-1"},"canonical":"https:\/\/racom.com.pl\/index.php\/produkt\/woda-cisowianka-perlage-mineralna-musujaca-700-ml-24szt\/","og_locale":"pl_PL","og_type":"article","og_title":"Woda Cisowianka Perlage mineralna musuj\u0105ca 700 ml (24szt) - Mix Market - Supermarket z wszystkim co potrzeba","og_description":"Perlage Naturalna woda mineralna musuj\u0105ca Zestaw 24 x 700 ml Wegetaria\u0144ski: tak Wega\u0144ski: tak Bez glutenu: tak Opakowanie: plastikowe Kraj pochodzenia: Polska Producent: Cisowianka Perlage Naturalna woda mineralna musuj\u0105ca Zestaw 24 x 700 ml Nazwa uj\u0119cia: Cisowianka; Drzewce k. Na\u0142\u0119czowa Sk\u0142adniki: Naturalna woda mineralna, dwutlenek w\u0119gla pochodzenia naturalnego Og\u00f3lna mineralizacja (mg\/l) 742 G\u0142\u00f3wne sk\u0142adniki mineralne [&hellip;]","og_url":"https:\/\/racom.com.pl\/index.php\/produkt\/woda-cisowianka-perlage-mineralna-musujaca-700-ml-24szt\/","og_site_name":"Mix Market - Supermarket z wszystkim co potrzeba","og_image":[{"width":600,"height":160,"url":"https:\/\/racom.com.pl\/wp-content\/uploads\/2025\/07\/allegro_687abbacdc54f0.81021874_b14befab425792955a48676c91c8.jpg","type":"image\/jpeg"}],"twitter_card":"summary_large_image","twitter_misc":{"Szacowany czas czytania":"1 minuta"},"schema":{"@context":"https:\/\/schema.org","@graph":[{"@type":"WebPage","@id":"https:\/\/racom.com.pl\/index.php\/produkt\/woda-cisowianka-perlage-mineralna-musujaca-700-ml-24szt\/","url":"https:\/\/racom.com.pl\/index.php\/produkt\/woda-cisowianka-perlage-mineralna-musujaca-700-ml-24szt\/","name":"Woda Cisowianka Perlage mineralna musuj\u0105ca 700 ml (24szt) - Mix Market - Supermarket z wszystkim co potrzeba","isPartOf":{"@id":"https:\/\/racom.com.pl\/#website"},"primaryImageOfPage":{"@id":"https:\/\/racom.com.pl\/index.php\/produkt\/woda-cisowianka-perlage-mineralna-musujaca-700-ml-24szt\/#primaryimage"},"image":{"@id":"https:\/\/racom.com.pl\/index.php\/produkt\/woda-cisowianka-perlage-mineralna-musujaca-700-ml-24szt\/#primaryimage"},"thumbnailUrl":"https:\/\/racom.com.pl\/wp-content\/uploads\/2025\/07\/allegro_687abbacdc54f0.81021874_b14befab425792955a48676c91c8.jpg","datePublished":"2025-07-18T21:43:11+00:00","breadcrumb":{"@id":"https:\/\/racom.com.pl\/index.php\/produkt\/woda-cisowianka-perlage-mineralna-musujaca-700-ml-24szt\/#breadcrumb"},"inLanguage":"pl-PL","potentialAction":[{"@type":"ReadAction","target":["https:\/\/racom.com.pl\/index.php\/produkt\/woda-cisowianka-perlage-mineralna-musujaca-700-ml-24szt\/"]}]},{"@type":"ImageObject","inLanguage":"pl-PL","@id":"https:\/\/racom.com.pl\/index.php\/produkt\/woda-cisowianka-perlage-mineralna-musujaca-700-ml-24szt\/#primaryimage","url":"https:\/\/racom.com.pl\/wp-content\/uploads\/2025\/07\/allegro_687abbacdc54f0.81021874_b14befab425792955a48676c91c8.jpg","contentUrl":"https:\/\/racom.com.pl\/wp-content\/uploads\/2025\/07\/allegro_687abbacdc54f0.81021874_b14befab425792955a48676c91c8.jpg","width":600,"height":160},{"@type":"BreadcrumbList","@id":"https:\/\/racom.com.pl\/index.php\/produkt\/woda-cisowianka-perlage-mineralna-musujaca-700-ml-24szt\/#breadcrumb","itemListElement":[{"@type":"ListItem","position":1,"name":"Strona g\u0142\u00f3wna","item":"https:\/\/racom.com.pl\/"},{"@type":"ListItem","position":2,"name":"Sklep","item":"https:\/\/racom.com.pl\/"},{"@type":"ListItem","position":3,"name":"Woda Cisowianka Perlage mineralna musuj\u0105ca 700 ml (24szt)"}]},{"@type":"WebSite","@id":"https:\/\/racom.com.pl\/#website","url":"https:\/\/racom.com.pl\/","name":"Mix Market - Supermarket z wszystkim co potrzeba do domu i nie tylko","description":"","publisher":{"@id":"https:\/\/racom.com.pl\/#organization"},"potentialAction":[{"@type":"SearchAction","target":{"@type":"EntryPoint","urlTemplate":"https:\/\/racom.com.pl\/?s={search_term_string}"},"query-input":{"@type":"PropertyValueSpecification","valueRequired":true,"valueName":"search_term_string"}}],"inLanguage":"pl-PL"},{"@type":"Organization","@id":"https:\/\/racom.com.pl\/#organization","name":"Mix Market - Supermarket z wszystkim co potrzeba do domu i nie tylko","url":"https:\/\/racom.com.pl\/","logo":{"@type":"ImageObject","inLanguage":"pl-PL","@id":"https:\/\/racom.com.pl\/#\/schema\/logo\/image\/","url":"https:\/\/racom.com.pl\/wp-content\/uploads\/2025\/07\/mixmarket_logo.png","contentUrl":"https:\/\/racom.com.pl\/wp-content\/uploads\/2025\/07\/mixmarket_logo.png","width":1024,"height":1024,"caption":"Mix Market - Supermarket z wszystkim co potrzeba do domu i nie tylko"},"image":{"@id":"https:\/\/racom.com.pl\/#\/schema\/logo\/image\/"}}]}},"_links":{"self":[{"href":"https:\/\/racom.com.pl\/index.php\/wp-json\/wp\/v2\/product\/2600","targetHints":{"allow":["GET"]}}],"collection":[{"href":"https:\/\/racom.com.pl\/index.php\/wp-json\/wp\/v2\/product"}],"about":[{"href":"https:\/\/racom.com.pl\/index.php\/wp-json\/wp\/v2\/types\/product"}],"replies":[{"embeddable":true,"href":"https:\/\/racom.com.pl\/index.php\/wp-json\/wp\/v2\/comments?post=2600"}],"wp:featuredmedia":[{"embeddable":true,"href":"https:\/\/racom.com.pl\/index.php\/wp-json\/wp\/v2\/media\/2518"}],"wp:attachment":[{"href":"https:\/\/racom.com.pl\/index.php\/wp-json\/wp\/v2\/media?parent=2600"}],"wp:term":[{"taxonomy":"product_brand","embeddable":true,"href":"https:\/\/racom.com.pl\/index.php\/wp-json\/wp\/v2\/product_brand?post=2600"},{"taxonomy":"product_cat","embeddable":true,"href":"https:\/\/racom.com.pl\/index.php\/wp-json\/wp\/v2\/product_cat?post=2600"},{"taxonomy":"product_tag","embeddable":true,"href":"https:\/\/racom.com.pl\/index.php\/wp-json\/wp\/v2\/product_tag?post=2600"}],"curies":[{"name":"wp","href":"https:\/\/api.w.org\/{rel}","templated":true}]}}