{"id":2616,"date":"2025-07-18T23:48:14","date_gmt":"2025-07-18T21:48:14","guid":{"rendered":"http:\/\/192.168.2.106\/index.php\/produkt\/ciasto-na-nalesniki-5000-g-emix-proszek-gotowe-nalesniki-5-kg\/"},"modified":"2025-07-18T23:48:14","modified_gmt":"2025-07-18T21:48:14","slug":"ciasto-na-nalesniki-5000-g-emix-proszek-gotowe-nalesniki-5-kg","status":"publish","type":"product","link":"https:\/\/racom.com.pl\/index.php\/produkt\/ciasto-na-nalesniki-5000-g-emix-proszek-gotowe-nalesniki-5-kg\/","title":{"rendered":"CIASTO NA NALE\u015aNIKI 5000 g Emix PROSZEK Gotowe Nale\u015bniki 5 kg"},"content":{"rendered":"<h2>CIASTO NA NALE\u015aNIKI 5000 g Emix PROSZEK Gotowe Nale\u015bniki 5 kg<\/h2>\n<p>Kraj pochodzenia Polska<\/p>\n<p>Sk\u0142adniki: .m\u0105ka pszenna, mleko odt\u0142uszczone w proszku, jaja w proszku, cukier, s\u00f3l, substancje spulchniaj\u0105ce: difosforany, w\u0119glany sodu, barwnik: karoteny.<\/p>\n<p>Produkt mo\u017ce zawiera\u0107 \u015bladowe ilo\u015bci&nbsp; soi.<\/p>\n<p>Spos\u00f3b przygotowania: do naczynia wla\u0107 1 l wody, doda\u0107 600g proszku i 4 \u0142y\u017cki oleju, miksowa\u0107 do uzyskania g\u0142adkiej, jednolitej konsystencji.<\/p>\n<p>Warto\u015bci od\u017cywcze w 100g produktu<\/p>\n<ul>\n<li><b>T\u0142uszcze:<\/b> 2,6g<\/li>\n<li><b>-w tym kwasy t\u0142uszczowe nasycone:<\/b> 0,8g<\/li>\n<li><b>W\u0119glowodany:<\/b> 68g<\/li>\n<li><b>-w tym cukry:<\/b> 7,6g<\/li>\n<li><b>B\u0142onnik: 1,9g<\/b><\/li>\n<li><b>Bia\u0142ko: 14g<\/b><\/li>\n<li><b>S\u00f3l:<\/b> 1,36g<\/li>\n<li><b>Warto\u015b\u0107 energetyczna:<\/b> 353 Kcal<\/li>\n<\/ul>\n<p>Przechowywa\u0107 w suchym i ch\u0142odnym miejscu.<\/p>\n<p>Wszystkie produkty posiadaj\u0105 aktualne terminy wa\u017cno\u015bci i atesty jako\u015bci.<\/p>\n","protected":false},"excerpt":{"rendered":"<p>CIASTO NA NALE\u015aNIKI 5000 g Emix PROSZEK Gotowe Nale\u015bniki 5 kg Kraj pochodzenia Polska Sk\u0142adniki: .m\u0105ka pszenna, mleko odt\u0142uszczone w proszku, jaja w proszku, cukier, s\u00f3l, substancje spulchniaj\u0105ce: difosforany, w\u0119glany sodu, barwnik: karoteny. Produkt mo\u017ce zawiera\u0107 \u015bladowe ilo\u015bci&nbsp; soi. Spos\u00f3b przygotowania: do naczynia wla\u0107 1 l wody, doda\u0107 600g proszku i 4 \u0142y\u017cki oleju, miksowa\u0107 [&hellip;]<\/p>\n","protected":false},"featured_media":2618,"comment_status":"open","ping_status":"closed","template":"","meta":[],"product_brand":[174],"product_cat":[173],"product_tag":[],"class_list":{"0":"post-2616","1":"product","2":"type-product","3":"status-publish","4":"has-post-thumbnail","6":"product_brand-emix","7":"product_cat-dekoracje-cukiernicze-i-produkty-do-pieczenia","9":"first","10":"instock","11":"taxable","12":"shipping-taxable","13":"purchasable","14":"product-type-simple"},"yoast_head":"<!-- This site is optimized with the Yoast SEO plugin v27.3 - https:\/\/yoast.com\/product\/yoast-seo-wordpress\/ -->\n<title>CIASTO NA NALE\u015aNIKI 5000 g Emix PROSZEK Gotowe Nale\u015bniki 5 kg - Mix Market - Supermarket z wszystkim co potrzeba<\/title>\n<meta name=\"robots\" content=\"index, follow, max-snippet:-1, max-image-preview:large, max-video-preview:-1\" \/>\n<link rel=\"canonical\" href=\"https:\/\/racom.com.pl\/index.php\/produkt\/ciasto-na-nalesniki-5000-g-emix-proszek-gotowe-nalesniki-5-kg\/\" \/>\n<meta property=\"og:locale\" content=\"pl_PL\" \/>\n<meta property=\"og:type\" content=\"article\" \/>\n<meta property=\"og:title\" content=\"CIASTO NA NALE\u015aNIKI 5000 g Emix PROSZEK Gotowe Nale\u015bniki 5 kg - Mix Market - Supermarket z wszystkim co potrzeba\" \/>\n<meta property=\"og:description\" content=\"CIASTO NA NALE\u015aNIKI 5000 g Emix PROSZEK Gotowe Nale\u015bniki 5 kg Kraj pochodzenia Polska Sk\u0142adniki: .m\u0105ka pszenna, mleko odt\u0142uszczone w proszku, jaja w proszku, cukier, s\u00f3l, substancje spulchniaj\u0105ce: difosforany, w\u0119glany sodu, barwnik: karoteny. Produkt mo\u017ce zawiera\u0107 \u015bladowe ilo\u015bci&nbsp; soi. Spos\u00f3b przygotowania: do naczynia wla\u0107 1 l wody, doda\u0107 600g proszku i 4 \u0142y\u017cki oleju, miksowa\u0107 [&hellip;]\" \/>\n<meta property=\"og:url\" content=\"https:\/\/racom.com.pl\/index.php\/produkt\/ciasto-na-nalesniki-5000-g-emix-proszek-gotowe-nalesniki-5-kg\/\" \/>\n<meta property=\"og:site_name\" content=\"Mix Market - Supermarket z wszystkim co potrzeba\" \/>\n<meta property=\"og:image\" content=\"https:\/\/racom.com.pl\/wp-content\/uploads\/2025\/07\/allegro_687ac1395f1131.45127624_6b1155cb403897da5e5bcb13dd26-1024x1024.jpg\" \/>\n\t<meta property=\"og:image:width\" content=\"1024\" \/>\n\t<meta property=\"og:image:height\" content=\"1024\" \/>\n\t<meta property=\"og:image:type\" content=\"image\/jpeg\" \/>\n<meta name=\"twitter:card\" content=\"summary_large_image\" \/>\n<meta name=\"twitter:label1\" content=\"Szacowany czas czytania\" \/>\n\t<meta name=\"twitter:data1\" content=\"1 minuta\" \/>\n<script type=\"application\/ld+json\" class=\"yoast-schema-graph\">{\"@context\":\"https:\\\/\\\/schema.org\",\"@graph\":[{\"@type\":\"WebPage\",\"@id\":\"https:\\\/\\\/racom.com.pl\\\/index.php\\\/produkt\\\/ciasto-na-nalesniki-5000-g-emix-proszek-gotowe-nalesniki-5-kg\\\/\",\"url\":\"https:\\\/\\\/racom.com.pl\\\/index.php\\\/produkt\\\/ciasto-na-nalesniki-5000-g-emix-proszek-gotowe-nalesniki-5-kg\\\/\",\"name\":\"CIASTO NA NALE\u015aNIKI 5000 g Emix PROSZEK Gotowe Nale\u015bniki 5 kg - Mix Market - Supermarket z wszystkim co potrzeba\",\"isPartOf\":{\"@id\":\"https:\\\/\\\/racom.com.pl\\\/#website\"},\"primaryImageOfPage\":{\"@id\":\"https:\\\/\\\/racom.com.pl\\\/index.php\\\/produkt\\\/ciasto-na-nalesniki-5000-g-emix-proszek-gotowe-nalesniki-5-kg\\\/#primaryimage\"},\"image\":{\"@id\":\"https:\\\/\\\/racom.com.pl\\\/index.php\\\/produkt\\\/ciasto-na-nalesniki-5000-g-emix-proszek-gotowe-nalesniki-5-kg\\\/#primaryimage\"},\"thumbnailUrl\":\"https:\\\/\\\/racom.com.pl\\\/wp-content\\\/uploads\\\/2025\\\/07\\\/allegro_687ac1395f1131.45127624_6b1155cb403897da5e5bcb13dd26.jpg\",\"datePublished\":\"2025-07-18T21:48:14+00:00\",\"breadcrumb\":{\"@id\":\"https:\\\/\\\/racom.com.pl\\\/index.php\\\/produkt\\\/ciasto-na-nalesniki-5000-g-emix-proszek-gotowe-nalesniki-5-kg\\\/#breadcrumb\"},\"inLanguage\":\"pl-PL\",\"potentialAction\":[{\"@type\":\"ReadAction\",\"target\":[\"https:\\\/\\\/racom.com.pl\\\/index.php\\\/produkt\\\/ciasto-na-nalesniki-5000-g-emix-proszek-gotowe-nalesniki-5-kg\\\/\"]}]},{\"@type\":\"ImageObject\",\"inLanguage\":\"pl-PL\",\"@id\":\"https:\\\/\\\/racom.com.pl\\\/index.php\\\/produkt\\\/ciasto-na-nalesniki-5000-g-emix-proszek-gotowe-nalesniki-5-kg\\\/#primaryimage\",\"url\":\"https:\\\/\\\/racom.com.pl\\\/wp-content\\\/uploads\\\/2025\\\/07\\\/allegro_687ac1395f1131.45127624_6b1155cb403897da5e5bcb13dd26.jpg\",\"contentUrl\":\"https:\\\/\\\/racom.com.pl\\\/wp-content\\\/uploads\\\/2025\\\/07\\\/allegro_687ac1395f1131.45127624_6b1155cb403897da5e5bcb13dd26.jpg\",\"width\":2560,\"height\":2560},{\"@type\":\"BreadcrumbList\",\"@id\":\"https:\\\/\\\/racom.com.pl\\\/index.php\\\/produkt\\\/ciasto-na-nalesniki-5000-g-emix-proszek-gotowe-nalesniki-5-kg\\\/#breadcrumb\",\"itemListElement\":[{\"@type\":\"ListItem\",\"position\":1,\"name\":\"Strona g\u0142\u00f3wna\",\"item\":\"https:\\\/\\\/racom.com.pl\\\/\"},{\"@type\":\"ListItem\",\"position\":2,\"name\":\"Sklep\",\"item\":\"https:\\\/\\\/racom.com.pl\\\/\"},{\"@type\":\"ListItem\",\"position\":3,\"name\":\"CIASTO NA NALE\u015aNIKI 5000 g Emix PROSZEK Gotowe Nale\u015bniki 5 kg\"}]},{\"@type\":\"WebSite\",\"@id\":\"https:\\\/\\\/racom.com.pl\\\/#website\",\"url\":\"https:\\\/\\\/racom.com.pl\\\/\",\"name\":\"Mix Market - Supermarket z wszystkim co potrzeba do domu i nie tylko\",\"description\":\"\",\"publisher\":{\"@id\":\"https:\\\/\\\/racom.com.pl\\\/#organization\"},\"potentialAction\":[{\"@type\":\"SearchAction\",\"target\":{\"@type\":\"EntryPoint\",\"urlTemplate\":\"https:\\\/\\\/racom.com.pl\\\/?s={search_term_string}\"},\"query-input\":{\"@type\":\"PropertyValueSpecification\",\"valueRequired\":true,\"valueName\":\"search_term_string\"}}],\"inLanguage\":\"pl-PL\"},{\"@type\":\"Organization\",\"@id\":\"https:\\\/\\\/racom.com.pl\\\/#organization\",\"name\":\"Mix Market - Supermarket z wszystkim co potrzeba do domu i nie tylko\",\"url\":\"https:\\\/\\\/racom.com.pl\\\/\",\"logo\":{\"@type\":\"ImageObject\",\"inLanguage\":\"pl-PL\",\"@id\":\"https:\\\/\\\/racom.com.pl\\\/#\\\/schema\\\/logo\\\/image\\\/\",\"url\":\"https:\\\/\\\/racom.com.pl\\\/wp-content\\\/uploads\\\/2025\\\/07\\\/mixmarket_logo.png\",\"contentUrl\":\"https:\\\/\\\/racom.com.pl\\\/wp-content\\\/uploads\\\/2025\\\/07\\\/mixmarket_logo.png\",\"width\":1024,\"height\":1024,\"caption\":\"Mix Market - Supermarket z wszystkim co potrzeba do domu i nie tylko\"},\"image\":{\"@id\":\"https:\\\/\\\/racom.com.pl\\\/#\\\/schema\\\/logo\\\/image\\\/\"}}]}<\/script>\n<!-- \/ Yoast SEO plugin. -->","yoast_head_json":{"title":"CIASTO NA NALE\u015aNIKI 5000 g Emix PROSZEK Gotowe Nale\u015bniki 5 kg - Mix Market - Supermarket z wszystkim co potrzeba","robots":{"index":"index","follow":"follow","max-snippet":"max-snippet:-1","max-image-preview":"max-image-preview:large","max-video-preview":"max-video-preview:-1"},"canonical":"https:\/\/racom.com.pl\/index.php\/produkt\/ciasto-na-nalesniki-5000-g-emix-proszek-gotowe-nalesniki-5-kg\/","og_locale":"pl_PL","og_type":"article","og_title":"CIASTO NA NALE\u015aNIKI 5000 g Emix PROSZEK Gotowe Nale\u015bniki 5 kg - Mix Market - Supermarket z wszystkim co potrzeba","og_description":"CIASTO NA NALE\u015aNIKI 5000 g Emix PROSZEK Gotowe Nale\u015bniki 5 kg Kraj pochodzenia Polska Sk\u0142adniki: .m\u0105ka pszenna, mleko odt\u0142uszczone w proszku, jaja w proszku, cukier, s\u00f3l, substancje spulchniaj\u0105ce: difosforany, w\u0119glany sodu, barwnik: karoteny. Produkt mo\u017ce zawiera\u0107 \u015bladowe ilo\u015bci&nbsp; soi. Spos\u00f3b przygotowania: do naczynia wla\u0107 1 l wody, doda\u0107 600g proszku i 4 \u0142y\u017cki oleju, miksowa\u0107 [&hellip;]","og_url":"https:\/\/racom.com.pl\/index.php\/produkt\/ciasto-na-nalesniki-5000-g-emix-proszek-gotowe-nalesniki-5-kg\/","og_site_name":"Mix Market - Supermarket z wszystkim co potrzeba","og_image":[{"width":1024,"height":1024,"url":"https:\/\/racom.com.pl\/wp-content\/uploads\/2025\/07\/allegro_687ac1395f1131.45127624_6b1155cb403897da5e5bcb13dd26-1024x1024.jpg","type":"image\/jpeg"}],"twitter_card":"summary_large_image","twitter_misc":{"Szacowany czas czytania":"1 minuta"},"schema":{"@context":"https:\/\/schema.org","@graph":[{"@type":"WebPage","@id":"https:\/\/racom.com.pl\/index.php\/produkt\/ciasto-na-nalesniki-5000-g-emix-proszek-gotowe-nalesniki-5-kg\/","url":"https:\/\/racom.com.pl\/index.php\/produkt\/ciasto-na-nalesniki-5000-g-emix-proszek-gotowe-nalesniki-5-kg\/","name":"CIASTO NA NALE\u015aNIKI 5000 g Emix PROSZEK Gotowe Nale\u015bniki 5 kg - Mix Market - Supermarket z wszystkim co potrzeba","isPartOf":{"@id":"https:\/\/racom.com.pl\/#website"},"primaryImageOfPage":{"@id":"https:\/\/racom.com.pl\/index.php\/produkt\/ciasto-na-nalesniki-5000-g-emix-proszek-gotowe-nalesniki-5-kg\/#primaryimage"},"image":{"@id":"https:\/\/racom.com.pl\/index.php\/produkt\/ciasto-na-nalesniki-5000-g-emix-proszek-gotowe-nalesniki-5-kg\/#primaryimage"},"thumbnailUrl":"https:\/\/racom.com.pl\/wp-content\/uploads\/2025\/07\/allegro_687ac1395f1131.45127624_6b1155cb403897da5e5bcb13dd26.jpg","datePublished":"2025-07-18T21:48:14+00:00","breadcrumb":{"@id":"https:\/\/racom.com.pl\/index.php\/produkt\/ciasto-na-nalesniki-5000-g-emix-proszek-gotowe-nalesniki-5-kg\/#breadcrumb"},"inLanguage":"pl-PL","potentialAction":[{"@type":"ReadAction","target":["https:\/\/racom.com.pl\/index.php\/produkt\/ciasto-na-nalesniki-5000-g-emix-proszek-gotowe-nalesniki-5-kg\/"]}]},{"@type":"ImageObject","inLanguage":"pl-PL","@id":"https:\/\/racom.com.pl\/index.php\/produkt\/ciasto-na-nalesniki-5000-g-emix-proszek-gotowe-nalesniki-5-kg\/#primaryimage","url":"https:\/\/racom.com.pl\/wp-content\/uploads\/2025\/07\/allegro_687ac1395f1131.45127624_6b1155cb403897da5e5bcb13dd26.jpg","contentUrl":"https:\/\/racom.com.pl\/wp-content\/uploads\/2025\/07\/allegro_687ac1395f1131.45127624_6b1155cb403897da5e5bcb13dd26.jpg","width":2560,"height":2560},{"@type":"BreadcrumbList","@id":"https:\/\/racom.com.pl\/index.php\/produkt\/ciasto-na-nalesniki-5000-g-emix-proszek-gotowe-nalesniki-5-kg\/#breadcrumb","itemListElement":[{"@type":"ListItem","position":1,"name":"Strona g\u0142\u00f3wna","item":"https:\/\/racom.com.pl\/"},{"@type":"ListItem","position":2,"name":"Sklep","item":"https:\/\/racom.com.pl\/"},{"@type":"ListItem","position":3,"name":"CIASTO NA NALE\u015aNIKI 5000 g Emix PROSZEK Gotowe Nale\u015bniki 5 kg"}]},{"@type":"WebSite","@id":"https:\/\/racom.com.pl\/#website","url":"https:\/\/racom.com.pl\/","name":"Mix Market - Supermarket z wszystkim co potrzeba do domu i nie tylko","description":"","publisher":{"@id":"https:\/\/racom.com.pl\/#organization"},"potentialAction":[{"@type":"SearchAction","target":{"@type":"EntryPoint","urlTemplate":"https:\/\/racom.com.pl\/?s={search_term_string}"},"query-input":{"@type":"PropertyValueSpecification","valueRequired":true,"valueName":"search_term_string"}}],"inLanguage":"pl-PL"},{"@type":"Organization","@id":"https:\/\/racom.com.pl\/#organization","name":"Mix Market - Supermarket z wszystkim co potrzeba do domu i nie tylko","url":"https:\/\/racom.com.pl\/","logo":{"@type":"ImageObject","inLanguage":"pl-PL","@id":"https:\/\/racom.com.pl\/#\/schema\/logo\/image\/","url":"https:\/\/racom.com.pl\/wp-content\/uploads\/2025\/07\/mixmarket_logo.png","contentUrl":"https:\/\/racom.com.pl\/wp-content\/uploads\/2025\/07\/mixmarket_logo.png","width":1024,"height":1024,"caption":"Mix Market - Supermarket z wszystkim co potrzeba do domu i nie tylko"},"image":{"@id":"https:\/\/racom.com.pl\/#\/schema\/logo\/image\/"}}]}},"_links":{"self":[{"href":"https:\/\/racom.com.pl\/index.php\/wp-json\/wp\/v2\/product\/2616","targetHints":{"allow":["GET"]}}],"collection":[{"href":"https:\/\/racom.com.pl\/index.php\/wp-json\/wp\/v2\/product"}],"about":[{"href":"https:\/\/racom.com.pl\/index.php\/wp-json\/wp\/v2\/types\/product"}],"replies":[{"embeddable":true,"href":"https:\/\/racom.com.pl\/index.php\/wp-json\/wp\/v2\/comments?post=2616"}],"wp:featuredmedia":[{"embeddable":true,"href":"https:\/\/racom.com.pl\/index.php\/wp-json\/wp\/v2\/media\/2618"}],"wp:attachment":[{"href":"https:\/\/racom.com.pl\/index.php\/wp-json\/wp\/v2\/media?parent=2616"}],"wp:term":[{"taxonomy":"product_brand","embeddable":true,"href":"https:\/\/racom.com.pl\/index.php\/wp-json\/wp\/v2\/product_brand?post=2616"},{"taxonomy":"product_cat","embeddable":true,"href":"https:\/\/racom.com.pl\/index.php\/wp-json\/wp\/v2\/product_cat?post=2616"},{"taxonomy":"product_tag","embeddable":true,"href":"https:\/\/racom.com.pl\/index.php\/wp-json\/wp\/v2\/product_tag?post=2616"}],"curies":[{"name":"wp","href":"https:\/\/api.w.org\/{rel}","templated":true}]}}