{"id":2622,"date":"2025-07-18T23:49:43","date_gmt":"2025-07-18T21:49:43","guid":{"rendered":"http:\/\/192.168.2.106\/index.php\/produkt\/borjomi-woda-gazowana-zgrzewka-12x-330ml-naturalna-wysokozmineralizowana\/"},"modified":"2025-07-18T23:49:43","modified_gmt":"2025-07-18T21:49:43","slug":"borjomi-woda-gazowana-zgrzewka-12x-330ml-naturalna-wysokozmineralizowana","status":"publish","type":"product","link":"https:\/\/racom.com.pl\/index.php\/produkt\/borjomi-woda-gazowana-zgrzewka-12x-330ml-naturalna-wysokozmineralizowana\/","title":{"rendered":"BORJOMI woda gazowana ZGRZEWKA 12x 330ml Naturalna wysokozmineralizowana"},"content":{"rendered":"<h2>BORJOMI woda gazowana ZGRZEWKA 12x 330ml Naturalna wysokozmineralizowana<\/h2>\n<h2>DLACZEGO WODA BORJOMI?:<\/h2>\n<p>Borjomi to wyj\u0105tkowy smak, czysto\u015b\u0107 mikrobiologiczna oraz w\u0142a\u015bciwo\u015bci wynikaj\u0105ce z unikalnego sk\u0142adu chemicznego. Woda zaliczana jest do grupy najlepszych na \u015bwiecie. Uj\u0119cie wody mie\u015bci si\u0119 w po\u0142o\u017conym od 850 do 2500 m nad poziomem morza Parku Narodowym Borjomi-Kharagauli. Dzia\u0142aj\u0105 tam 22 studnie z czego tylko 9 s\u0142u\u017cy do pozyskiwania wody, a pozosta\u0142e do monitoringu z\u0142\u00f3\u017c. To wyj\u0105tkowo czysty ekologicznie teren.<\/p>\n<h2>\u0179R\u00d3D\u0141O WODY:<\/h2>\n<p>Borjomi trafia na powierzchni\u0119 wypychana przez dwutlenek w\u0119gla z g\u0142\u0119boko\u015bci od 8 do 10 kilometr\u00f3w. W z\u0142o\u017cu ciecz ma wysok\u0105 temperatur\u0119, dzi\u0119ki czemu w trakcie wypychania na powierzchni\u0119 wyp\u0142ukuje sk\u0142adniki mineralne z warstw geologicznych pokrywaj\u0105cych z\u0142o\u017ce. Jest przy tym naturalnie nasycana dwutlenkiem w\u0119gla. Tu\u017c po wydostaniu si\u0119 na powierzchni\u0119, temperatura cieczy plasuje si\u0119 na poziomie od 38 do 41\u00b0C. Stopie\u0144 mineralizacji wynosz\u0105cy od 5,5 do 7,5 g\/l pozwala zaklasyfikowa\u0107 Borjomi do w\u00f3d o w\u0142a\u015bciwo\u015bciach leczniczych, kt\u00f3re jednak\u017ce bez przeszk\u00f3d mo\u017cna spo\u017cywa\u0107 na co dzie\u0144.<\/p>\n<h2>G\u0141OWNE SK\u0141ADNIKI MINERALNE:<\/h2>\n<ul>\n<li><b>Wodorow\u0119glany:<\/b> 3500-5000 mg \/ dm3<\/li>\n<li><b>Chlorki:<\/b> 250-500 mg \/ dm3<\/li>\n<li><b>Wap\u0144:<\/b> 20 -150 mg \/ dm3<\/li>\n<li><b>Magnez:<\/b> 20-150 mg \/ dm3<\/li>\n<li><b>S\u00f3d:<\/b> 1000-2000 mg \/ dm3<\/li>\n<li><b>Potas:<\/b> 15-45 mg \/ dm3<\/li>\n<li><b>Mineralizacja:<\/b> 5,0-7,5 g \/ dm3<\/li>\n<li><b>Dwutlenek w\u0119gla:<\/b> 0,6-0,3 %<\/li>\n<\/ul>\n<h2>WARIANTY OPAKOWANIA:<\/h2>\n<p>Woda Borjomi 0,33L pakowana jest w&nbsp;zgrzewki po 12 sztuk.<\/p>\n<h2>W\u0141A\u015aCIWO\u015aCI ZDROWOTNE- DLATEGO PIJEMY WOD\u0118 BORJOMI!:<\/h2>\n<p>Borjomi ma korzystny wp\u0142yw na metabolizm w\u0119glowodanowy i lipidowy, pomaga w regulacji pH. Naturalna woda mineralna Borjomi podnosi odporno\u015b\u0107 i jest skuteczna w zapobieganiu oraz leczeniu chor\u00f3b uk\u0142adu pokarmowego, poprawia tak\u017ce prac\u0119 jelit. Ze wzgl\u0119du na unikalny kompleks minera\u0142\u00f3w pochodzenia wulkanicznego doskonale oczyszcza organizm.<\/p>\n<p>Woda mineralna Borjomi nasycona jest kwasem w\u0119glowym i dwutlenkiem azotu. Dzi\u0119ki temu wp\u0142ywa koj\u0105co na schorzenia \u017co\u0142\u0105dka, jelit, w\u0105troby, a tak\u017ce dr\u00f3g moczowych i nerek. Korzystnie dzia\u0142a na przemian\u0119 materii. Systematyczne picie przynosi popraw\u0119 proces\u00f3w trawiennych, eliminuje zgag\u0119 i uczucie ci\u0119\u017cko\u015bci. Bogactwo minera\u0142\u00f3w wp\u0142ywa te\u017c na polepszenie og\u00f3lnego samopoczucia. Warto si\u0119ga\u0107 po t\u0119 wod\u0119 w celu oczyszczenia organizmu z toksyn, odtworzenia r\u00f3wnowagi biologicznej i uzupe\u0142nienia niedobor\u00f3w cennych sk\u0142adnik\u00f3w mineralnych. Odpowiednie nawodnianie organizmu dodaje energii i wzmacnia. Wydobyciem i konfekcjonowaniem produktu zajmuje si\u0119 sp\u00f3\u0142ka IDS BORJOMI Beverages Co. N. V. w Gruzji.<\/p>\n","protected":false},"excerpt":{"rendered":"<p>BORJOMI woda gazowana ZGRZEWKA 12x 330ml Naturalna wysokozmineralizowana DLACZEGO WODA BORJOMI?: Borjomi to wyj\u0105tkowy smak, czysto\u015b\u0107 mikrobiologiczna oraz w\u0142a\u015bciwo\u015bci wynikaj\u0105ce z unikalnego sk\u0142adu chemicznego. Woda zaliczana jest do grupy najlepszych na \u015bwiecie. Uj\u0119cie wody mie\u015bci si\u0119 w po\u0142o\u017conym od 850 do 2500 m nad poziomem morza Parku Narodowym Borjomi-Kharagauli. Dzia\u0142aj\u0105 tam 22 studnie z czego [&hellip;]<\/p>\n","protected":false},"featured_media":2626,"comment_status":"open","ping_status":"closed","template":"","meta":[],"product_brand":[175],"product_cat":[116],"product_tag":[],"class_list":{"0":"post-2622","1":"product","2":"type-product","3":"status-publish","4":"has-post-thumbnail","6":"product_brand-borjomi","7":"product_cat-napoje-i-akcesoria","9":"first","10":"instock","11":"taxable","12":"shipping-taxable","13":"purchasable","14":"product-type-simple"},"yoast_head":"<!-- This site is optimized with the Yoast SEO plugin v27.3 - https:\/\/yoast.com\/product\/yoast-seo-wordpress\/ -->\n<title>BORJOMI woda gazowana ZGRZEWKA 12x 330ml Naturalna wysokozmineralizowana - Mix Market - Supermarket z wszystkim co potrzeba<\/title>\n<meta name=\"robots\" content=\"index, follow, max-snippet:-1, max-image-preview:large, max-video-preview:-1\" \/>\n<link rel=\"canonical\" href=\"https:\/\/racom.com.pl\/index.php\/produkt\/borjomi-woda-gazowana-zgrzewka-12x-330ml-naturalna-wysokozmineralizowana\/\" \/>\n<meta property=\"og:locale\" content=\"pl_PL\" \/>\n<meta property=\"og:type\" content=\"article\" \/>\n<meta property=\"og:title\" content=\"BORJOMI woda gazowana ZGRZEWKA 12x 330ml Naturalna wysokozmineralizowana - Mix Market - Supermarket z wszystkim co potrzeba\" \/>\n<meta property=\"og:description\" content=\"BORJOMI woda gazowana ZGRZEWKA 12x 330ml Naturalna wysokozmineralizowana DLACZEGO WODA BORJOMI?: Borjomi to wyj\u0105tkowy smak, czysto\u015b\u0107 mikrobiologiczna oraz w\u0142a\u015bciwo\u015bci wynikaj\u0105ce z unikalnego sk\u0142adu chemicznego. Woda zaliczana jest do grupy najlepszych na \u015bwiecie. Uj\u0119cie wody mie\u015bci si\u0119 w po\u0142o\u017conym od 850 do 2500 m nad poziomem morza Parku Narodowym Borjomi-Kharagauli. Dzia\u0142aj\u0105 tam 22 studnie z czego [&hellip;]\" \/>\n<meta property=\"og:url\" content=\"https:\/\/racom.com.pl\/index.php\/produkt\/borjomi-woda-gazowana-zgrzewka-12x-330ml-naturalna-wysokozmineralizowana\/\" \/>\n<meta property=\"og:site_name\" content=\"Mix Market - Supermarket z wszystkim co potrzeba\" \/>\n<meta property=\"og:image\" content=\"https:\/\/racom.com.pl\/wp-content\/uploads\/2025\/07\/allegro_687ac1a21afaa6.55004753_02d2a3944dd3a53ff4032bee7070.jpg\" \/>\n\t<meta property=\"og:image:width\" content=\"1000\" \/>\n\t<meta property=\"og:image:height\" content=\"1000\" \/>\n\t<meta property=\"og:image:type\" content=\"image\/jpeg\" \/>\n<meta name=\"twitter:card\" content=\"summary_large_image\" \/>\n<meta name=\"twitter:label1\" content=\"Szacowany czas czytania\" \/>\n\t<meta name=\"twitter:data1\" content=\"2 minuty\" \/>\n<script type=\"application\/ld+json\" class=\"yoast-schema-graph\">{\"@context\":\"https:\\\/\\\/schema.org\",\"@graph\":[{\"@type\":\"WebPage\",\"@id\":\"https:\\\/\\\/racom.com.pl\\\/index.php\\\/produkt\\\/borjomi-woda-gazowana-zgrzewka-12x-330ml-naturalna-wysokozmineralizowana\\\/\",\"url\":\"https:\\\/\\\/racom.com.pl\\\/index.php\\\/produkt\\\/borjomi-woda-gazowana-zgrzewka-12x-330ml-naturalna-wysokozmineralizowana\\\/\",\"name\":\"BORJOMI woda gazowana ZGRZEWKA 12x 330ml Naturalna wysokozmineralizowana - Mix Market - Supermarket z wszystkim co potrzeba\",\"isPartOf\":{\"@id\":\"https:\\\/\\\/racom.com.pl\\\/#website\"},\"primaryImageOfPage\":{\"@id\":\"https:\\\/\\\/racom.com.pl\\\/index.php\\\/produkt\\\/borjomi-woda-gazowana-zgrzewka-12x-330ml-naturalna-wysokozmineralizowana\\\/#primaryimage\"},\"image\":{\"@id\":\"https:\\\/\\\/racom.com.pl\\\/index.php\\\/produkt\\\/borjomi-woda-gazowana-zgrzewka-12x-330ml-naturalna-wysokozmineralizowana\\\/#primaryimage\"},\"thumbnailUrl\":\"https:\\\/\\\/racom.com.pl\\\/wp-content\\\/uploads\\\/2025\\\/07\\\/allegro_687ac1a21afaa6.55004753_02d2a3944dd3a53ff4032bee7070.jpg\",\"datePublished\":\"2025-07-18T21:49:43+00:00\",\"breadcrumb\":{\"@id\":\"https:\\\/\\\/racom.com.pl\\\/index.php\\\/produkt\\\/borjomi-woda-gazowana-zgrzewka-12x-330ml-naturalna-wysokozmineralizowana\\\/#breadcrumb\"},\"inLanguage\":\"pl-PL\",\"potentialAction\":[{\"@type\":\"ReadAction\",\"target\":[\"https:\\\/\\\/racom.com.pl\\\/index.php\\\/produkt\\\/borjomi-woda-gazowana-zgrzewka-12x-330ml-naturalna-wysokozmineralizowana\\\/\"]}]},{\"@type\":\"ImageObject\",\"inLanguage\":\"pl-PL\",\"@id\":\"https:\\\/\\\/racom.com.pl\\\/index.php\\\/produkt\\\/borjomi-woda-gazowana-zgrzewka-12x-330ml-naturalna-wysokozmineralizowana\\\/#primaryimage\",\"url\":\"https:\\\/\\\/racom.com.pl\\\/wp-content\\\/uploads\\\/2025\\\/07\\\/allegro_687ac1a21afaa6.55004753_02d2a3944dd3a53ff4032bee7070.jpg\",\"contentUrl\":\"https:\\\/\\\/racom.com.pl\\\/wp-content\\\/uploads\\\/2025\\\/07\\\/allegro_687ac1a21afaa6.55004753_02d2a3944dd3a53ff4032bee7070.jpg\",\"width\":1000,\"height\":1000},{\"@type\":\"BreadcrumbList\",\"@id\":\"https:\\\/\\\/racom.com.pl\\\/index.php\\\/produkt\\\/borjomi-woda-gazowana-zgrzewka-12x-330ml-naturalna-wysokozmineralizowana\\\/#breadcrumb\",\"itemListElement\":[{\"@type\":\"ListItem\",\"position\":1,\"name\":\"Strona g\u0142\u00f3wna\",\"item\":\"https:\\\/\\\/racom.com.pl\\\/\"},{\"@type\":\"ListItem\",\"position\":2,\"name\":\"Sklep\",\"item\":\"https:\\\/\\\/racom.com.pl\\\/\"},{\"@type\":\"ListItem\",\"position\":3,\"name\":\"BORJOMI woda gazowana ZGRZEWKA 12x 330ml Naturalna wysokozmineralizowana\"}]},{\"@type\":\"WebSite\",\"@id\":\"https:\\\/\\\/racom.com.pl\\\/#website\",\"url\":\"https:\\\/\\\/racom.com.pl\\\/\",\"name\":\"Mix Market - Supermarket z wszystkim co potrzeba do domu i nie tylko\",\"description\":\"\",\"publisher\":{\"@id\":\"https:\\\/\\\/racom.com.pl\\\/#organization\"},\"potentialAction\":[{\"@type\":\"SearchAction\",\"target\":{\"@type\":\"EntryPoint\",\"urlTemplate\":\"https:\\\/\\\/racom.com.pl\\\/?s={search_term_string}\"},\"query-input\":{\"@type\":\"PropertyValueSpecification\",\"valueRequired\":true,\"valueName\":\"search_term_string\"}}],\"inLanguage\":\"pl-PL\"},{\"@type\":\"Organization\",\"@id\":\"https:\\\/\\\/racom.com.pl\\\/#organization\",\"name\":\"Mix Market - Supermarket z wszystkim co potrzeba do domu i nie tylko\",\"url\":\"https:\\\/\\\/racom.com.pl\\\/\",\"logo\":{\"@type\":\"ImageObject\",\"inLanguage\":\"pl-PL\",\"@id\":\"https:\\\/\\\/racom.com.pl\\\/#\\\/schema\\\/logo\\\/image\\\/\",\"url\":\"https:\\\/\\\/racom.com.pl\\\/wp-content\\\/uploads\\\/2025\\\/07\\\/mixmarket_logo.png\",\"contentUrl\":\"https:\\\/\\\/racom.com.pl\\\/wp-content\\\/uploads\\\/2025\\\/07\\\/mixmarket_logo.png\",\"width\":1024,\"height\":1024,\"caption\":\"Mix Market - Supermarket z wszystkim co potrzeba do domu i nie tylko\"},\"image\":{\"@id\":\"https:\\\/\\\/racom.com.pl\\\/#\\\/schema\\\/logo\\\/image\\\/\"}}]}<\/script>\n<!-- \/ Yoast SEO plugin. -->","yoast_head_json":{"title":"BORJOMI woda gazowana ZGRZEWKA 12x 330ml Naturalna wysokozmineralizowana - Mix Market - Supermarket z wszystkim co potrzeba","robots":{"index":"index","follow":"follow","max-snippet":"max-snippet:-1","max-image-preview":"max-image-preview:large","max-video-preview":"max-video-preview:-1"},"canonical":"https:\/\/racom.com.pl\/index.php\/produkt\/borjomi-woda-gazowana-zgrzewka-12x-330ml-naturalna-wysokozmineralizowana\/","og_locale":"pl_PL","og_type":"article","og_title":"BORJOMI woda gazowana ZGRZEWKA 12x 330ml Naturalna wysokozmineralizowana - Mix Market - Supermarket z wszystkim co potrzeba","og_description":"BORJOMI woda gazowana ZGRZEWKA 12x 330ml Naturalna wysokozmineralizowana DLACZEGO WODA BORJOMI?: Borjomi to wyj\u0105tkowy smak, czysto\u015b\u0107 mikrobiologiczna oraz w\u0142a\u015bciwo\u015bci wynikaj\u0105ce z unikalnego sk\u0142adu chemicznego. Woda zaliczana jest do grupy najlepszych na \u015bwiecie. Uj\u0119cie wody mie\u015bci si\u0119 w po\u0142o\u017conym od 850 do 2500 m nad poziomem morza Parku Narodowym Borjomi-Kharagauli. Dzia\u0142aj\u0105 tam 22 studnie z czego [&hellip;]","og_url":"https:\/\/racom.com.pl\/index.php\/produkt\/borjomi-woda-gazowana-zgrzewka-12x-330ml-naturalna-wysokozmineralizowana\/","og_site_name":"Mix Market - Supermarket z wszystkim co potrzeba","og_image":[{"width":1000,"height":1000,"url":"https:\/\/racom.com.pl\/wp-content\/uploads\/2025\/07\/allegro_687ac1a21afaa6.55004753_02d2a3944dd3a53ff4032bee7070.jpg","type":"image\/jpeg"}],"twitter_card":"summary_large_image","twitter_misc":{"Szacowany czas czytania":"2 minuty"},"schema":{"@context":"https:\/\/schema.org","@graph":[{"@type":"WebPage","@id":"https:\/\/racom.com.pl\/index.php\/produkt\/borjomi-woda-gazowana-zgrzewka-12x-330ml-naturalna-wysokozmineralizowana\/","url":"https:\/\/racom.com.pl\/index.php\/produkt\/borjomi-woda-gazowana-zgrzewka-12x-330ml-naturalna-wysokozmineralizowana\/","name":"BORJOMI woda gazowana ZGRZEWKA 12x 330ml Naturalna wysokozmineralizowana - Mix Market - Supermarket z wszystkim co potrzeba","isPartOf":{"@id":"https:\/\/racom.com.pl\/#website"},"primaryImageOfPage":{"@id":"https:\/\/racom.com.pl\/index.php\/produkt\/borjomi-woda-gazowana-zgrzewka-12x-330ml-naturalna-wysokozmineralizowana\/#primaryimage"},"image":{"@id":"https:\/\/racom.com.pl\/index.php\/produkt\/borjomi-woda-gazowana-zgrzewka-12x-330ml-naturalna-wysokozmineralizowana\/#primaryimage"},"thumbnailUrl":"https:\/\/racom.com.pl\/wp-content\/uploads\/2025\/07\/allegro_687ac1a21afaa6.55004753_02d2a3944dd3a53ff4032bee7070.jpg","datePublished":"2025-07-18T21:49:43+00:00","breadcrumb":{"@id":"https:\/\/racom.com.pl\/index.php\/produkt\/borjomi-woda-gazowana-zgrzewka-12x-330ml-naturalna-wysokozmineralizowana\/#breadcrumb"},"inLanguage":"pl-PL","potentialAction":[{"@type":"ReadAction","target":["https:\/\/racom.com.pl\/index.php\/produkt\/borjomi-woda-gazowana-zgrzewka-12x-330ml-naturalna-wysokozmineralizowana\/"]}]},{"@type":"ImageObject","inLanguage":"pl-PL","@id":"https:\/\/racom.com.pl\/index.php\/produkt\/borjomi-woda-gazowana-zgrzewka-12x-330ml-naturalna-wysokozmineralizowana\/#primaryimage","url":"https:\/\/racom.com.pl\/wp-content\/uploads\/2025\/07\/allegro_687ac1a21afaa6.55004753_02d2a3944dd3a53ff4032bee7070.jpg","contentUrl":"https:\/\/racom.com.pl\/wp-content\/uploads\/2025\/07\/allegro_687ac1a21afaa6.55004753_02d2a3944dd3a53ff4032bee7070.jpg","width":1000,"height":1000},{"@type":"BreadcrumbList","@id":"https:\/\/racom.com.pl\/index.php\/produkt\/borjomi-woda-gazowana-zgrzewka-12x-330ml-naturalna-wysokozmineralizowana\/#breadcrumb","itemListElement":[{"@type":"ListItem","position":1,"name":"Strona g\u0142\u00f3wna","item":"https:\/\/racom.com.pl\/"},{"@type":"ListItem","position":2,"name":"Sklep","item":"https:\/\/racom.com.pl\/"},{"@type":"ListItem","position":3,"name":"BORJOMI woda gazowana ZGRZEWKA 12x 330ml Naturalna wysokozmineralizowana"}]},{"@type":"WebSite","@id":"https:\/\/racom.com.pl\/#website","url":"https:\/\/racom.com.pl\/","name":"Mix Market - Supermarket z wszystkim co potrzeba do domu i nie tylko","description":"","publisher":{"@id":"https:\/\/racom.com.pl\/#organization"},"potentialAction":[{"@type":"SearchAction","target":{"@type":"EntryPoint","urlTemplate":"https:\/\/racom.com.pl\/?s={search_term_string}"},"query-input":{"@type":"PropertyValueSpecification","valueRequired":true,"valueName":"search_term_string"}}],"inLanguage":"pl-PL"},{"@type":"Organization","@id":"https:\/\/racom.com.pl\/#organization","name":"Mix Market - Supermarket z wszystkim co potrzeba do domu i nie tylko","url":"https:\/\/racom.com.pl\/","logo":{"@type":"ImageObject","inLanguage":"pl-PL","@id":"https:\/\/racom.com.pl\/#\/schema\/logo\/image\/","url":"https:\/\/racom.com.pl\/wp-content\/uploads\/2025\/07\/mixmarket_logo.png","contentUrl":"https:\/\/racom.com.pl\/wp-content\/uploads\/2025\/07\/mixmarket_logo.png","width":1024,"height":1024,"caption":"Mix Market - Supermarket z wszystkim co potrzeba do domu i nie tylko"},"image":{"@id":"https:\/\/racom.com.pl\/#\/schema\/logo\/image\/"}}]}},"_links":{"self":[{"href":"https:\/\/racom.com.pl\/index.php\/wp-json\/wp\/v2\/product\/2622","targetHints":{"allow":["GET"]}}],"collection":[{"href":"https:\/\/racom.com.pl\/index.php\/wp-json\/wp\/v2\/product"}],"about":[{"href":"https:\/\/racom.com.pl\/index.php\/wp-json\/wp\/v2\/types\/product"}],"replies":[{"embeddable":true,"href":"https:\/\/racom.com.pl\/index.php\/wp-json\/wp\/v2\/comments?post=2622"}],"wp:featuredmedia":[{"embeddable":true,"href":"https:\/\/racom.com.pl\/index.php\/wp-json\/wp\/v2\/media\/2626"}],"wp:attachment":[{"href":"https:\/\/racom.com.pl\/index.php\/wp-json\/wp\/v2\/media?parent=2622"}],"wp:term":[{"taxonomy":"product_brand","embeddable":true,"href":"https:\/\/racom.com.pl\/index.php\/wp-json\/wp\/v2\/product_brand?post=2622"},{"taxonomy":"product_cat","embeddable":true,"href":"https:\/\/racom.com.pl\/index.php\/wp-json\/wp\/v2\/product_cat?post=2622"},{"taxonomy":"product_tag","embeddable":true,"href":"https:\/\/racom.com.pl\/index.php\/wp-json\/wp\/v2\/product_tag?post=2622"}],"curies":[{"name":"wp","href":"https:\/\/api.w.org\/{rel}","templated":true}]}}