{"id":2627,"date":"2025-07-18T23:50:32","date_gmt":"2025-07-18T21:50:32","guid":{"rendered":"http:\/\/192.168.2.106\/index.php\/produkt\/woda-kokosowa-quality-food-niegazowana-z-kolagenem-i-acai-12-x-320ml\/"},"modified":"2025-07-18T23:50:32","modified_gmt":"2025-07-18T21:50:32","slug":"woda-kokosowa-quality-food-niegazowana-z-kolagenem-i-acai-12-x-320ml","status":"publish","type":"product","link":"https:\/\/racom.com.pl\/index.php\/produkt\/woda-kokosowa-quality-food-niegazowana-z-kolagenem-i-acai-12-x-320ml\/","title":{"rendered":"Woda kokosowa QUALITY FOOD niegazowana z KOLAGENEM i ACAI 12 x 320ml"},"content":{"rendered":"<h2>QUALITY FOOD Woda kokosowa z kolagenem i acai zgrzewka 12 x 320 ml<\/h2>\n<p><b>Woda kokosowa z kolagenem i acai<\/b> doskonale gasi pragnienie. Wysoka zawarto\u015b\u0107 witaminy C pomaga w prawid\u0142owej produkcji kolagenu w organizmie. \u015awietna alternatywna dla napoj\u00f3w energetycznych. W przeciwie\u0144stwie do kawy nie barwi z\u0119b\u00f3w oraz jest \u0142agodniejsza dla \u017co\u0142\u0105dka. Jest niskokaloryczna, zawiera tylko naturalnie wyst\u0119puj\u0105ce cukry oraz posiada prosty, naturalny sk\u0142ad.<\/p>\n<p><b>Sk\u0142adniki:<\/b><\/p>\n<p>Woda kokosowa 97 %, ekstrakt z jag\u00f3d acai 2 %, kolagen z <b>RYB<\/b> 0,7 %, aromat, regulator kwasowo\u015bci: kwas askorbinowy.<\/p>\n<p>Bez dodatku cukr\u00f3w. Zawiera naturalnie wyst\u0119puj\u0105ce cukry.<\/p>\n<p><b>Warto\u015bci od\u017cywcze:<\/b><\/p>\n<ul>\n<li>Warto\u015b\u0107 energetyczna 88\/21 kJ\/kcal,<\/li>\n<li>t\u0142uszcz 0 g, w tym<\/li>\n<li>kwasy t\u0142uszczowe nasycone 0 g,<\/li>\n<li>w\u0119glowodany 4,4 g, w tym<\/li>\n<li>cukry 4,2 g,<\/li>\n<li>bia\u0142ko 0,7 g,<\/li>\n<li>s\u00f3l 0,05 g<\/li>\n<\/ul>\n","protected":false},"excerpt":{"rendered":"<p>QUALITY FOOD Woda kokosowa z kolagenem i acai zgrzewka 12 x 320 ml Woda kokosowa z kolagenem i acai doskonale gasi pragnienie. Wysoka zawarto\u015b\u0107 witaminy C pomaga w prawid\u0142owej produkcji kolagenu w organizmie. \u015awietna alternatywna dla napoj\u00f3w energetycznych. W przeciwie\u0144stwie do kawy nie barwi z\u0119b\u00f3w oraz jest \u0142agodniejsza dla \u017co\u0142\u0105dka. Jest niskokaloryczna, zawiera tylko naturalnie [&hellip;]<\/p>\n","protected":false},"featured_media":2630,"comment_status":"open","ping_status":"closed","template":"","meta":[],"product_brand":[88],"product_cat":[116],"product_tag":[],"class_list":{"0":"post-2627","1":"product","2":"type-product","3":"status-publish","4":"has-post-thumbnail","6":"product_brand-bez-marki","7":"product_cat-napoje-i-akcesoria","9":"first","10":"instock","11":"taxable","12":"shipping-taxable","13":"purchasable","14":"product-type-simple"},"yoast_head":"<!-- This site is optimized with the Yoast SEO plugin v27.3 - https:\/\/yoast.com\/product\/yoast-seo-wordpress\/ -->\n<title>Woda kokosowa QUALITY FOOD niegazowana z KOLAGENEM i ACAI 12 x 320ml - Mix Market - Supermarket z wszystkim co potrzeba<\/title>\n<meta name=\"robots\" content=\"index, follow, max-snippet:-1, max-image-preview:large, max-video-preview:-1\" \/>\n<link rel=\"canonical\" href=\"https:\/\/racom.com.pl\/index.php\/produkt\/woda-kokosowa-quality-food-niegazowana-z-kolagenem-i-acai-12-x-320ml\/\" \/>\n<meta property=\"og:locale\" content=\"pl_PL\" \/>\n<meta property=\"og:type\" content=\"article\" \/>\n<meta property=\"og:title\" content=\"Woda kokosowa QUALITY FOOD niegazowana z KOLAGENEM i ACAI 12 x 320ml - Mix Market - Supermarket z wszystkim co potrzeba\" \/>\n<meta property=\"og:description\" content=\"QUALITY FOOD Woda kokosowa z kolagenem i acai zgrzewka 12 x 320 ml Woda kokosowa z kolagenem i acai doskonale gasi pragnienie. Wysoka zawarto\u015b\u0107 witaminy C pomaga w prawid\u0142owej produkcji kolagenu w organizmie. \u015awietna alternatywna dla napoj\u00f3w energetycznych. W przeciwie\u0144stwie do kawy nie barwi z\u0119b\u00f3w oraz jest \u0142agodniejsza dla \u017co\u0142\u0105dka. Jest niskokaloryczna, zawiera tylko naturalnie [&hellip;]\" \/>\n<meta property=\"og:url\" content=\"https:\/\/racom.com.pl\/index.php\/produkt\/woda-kokosowa-quality-food-niegazowana-z-kolagenem-i-acai-12-x-320ml\/\" \/>\n<meta property=\"og:site_name\" content=\"Mix Market - Supermarket z wszystkim co potrzeba\" \/>\n<meta property=\"og:image\" content=\"https:\/\/racom.com.pl\/wp-content\/uploads\/2025\/07\/allegro_687ac1c193fa36.31164341_479ef2c64c61a9bdde67261f0dfd.jpg\" \/>\n\t<meta property=\"og:image:width\" content=\"450\" \/>\n\t<meta property=\"og:image:height\" content=\"450\" \/>\n\t<meta property=\"og:image:type\" content=\"image\/jpeg\" \/>\n<meta name=\"twitter:card\" content=\"summary_large_image\" \/>\n<meta name=\"twitter:label1\" content=\"Szacowany czas czytania\" \/>\n\t<meta name=\"twitter:data1\" content=\"1 minuta\" \/>\n<script type=\"application\/ld+json\" class=\"yoast-schema-graph\">{\"@context\":\"https:\\\/\\\/schema.org\",\"@graph\":[{\"@type\":\"WebPage\",\"@id\":\"https:\\\/\\\/racom.com.pl\\\/index.php\\\/produkt\\\/woda-kokosowa-quality-food-niegazowana-z-kolagenem-i-acai-12-x-320ml\\\/\",\"url\":\"https:\\\/\\\/racom.com.pl\\\/index.php\\\/produkt\\\/woda-kokosowa-quality-food-niegazowana-z-kolagenem-i-acai-12-x-320ml\\\/\",\"name\":\"Woda kokosowa QUALITY FOOD niegazowana z KOLAGENEM i ACAI 12 x 320ml - Mix Market - Supermarket z wszystkim co potrzeba\",\"isPartOf\":{\"@id\":\"https:\\\/\\\/racom.com.pl\\\/#website\"},\"primaryImageOfPage\":{\"@id\":\"https:\\\/\\\/racom.com.pl\\\/index.php\\\/produkt\\\/woda-kokosowa-quality-food-niegazowana-z-kolagenem-i-acai-12-x-320ml\\\/#primaryimage\"},\"image\":{\"@id\":\"https:\\\/\\\/racom.com.pl\\\/index.php\\\/produkt\\\/woda-kokosowa-quality-food-niegazowana-z-kolagenem-i-acai-12-x-320ml\\\/#primaryimage\"},\"thumbnailUrl\":\"https:\\\/\\\/racom.com.pl\\\/wp-content\\\/uploads\\\/2025\\\/07\\\/allegro_687ac1c193fa36.31164341_479ef2c64c61a9bdde67261f0dfd.jpg\",\"datePublished\":\"2025-07-18T21:50:32+00:00\",\"breadcrumb\":{\"@id\":\"https:\\\/\\\/racom.com.pl\\\/index.php\\\/produkt\\\/woda-kokosowa-quality-food-niegazowana-z-kolagenem-i-acai-12-x-320ml\\\/#breadcrumb\"},\"inLanguage\":\"pl-PL\",\"potentialAction\":[{\"@type\":\"ReadAction\",\"target\":[\"https:\\\/\\\/racom.com.pl\\\/index.php\\\/produkt\\\/woda-kokosowa-quality-food-niegazowana-z-kolagenem-i-acai-12-x-320ml\\\/\"]}]},{\"@type\":\"ImageObject\",\"inLanguage\":\"pl-PL\",\"@id\":\"https:\\\/\\\/racom.com.pl\\\/index.php\\\/produkt\\\/woda-kokosowa-quality-food-niegazowana-z-kolagenem-i-acai-12-x-320ml\\\/#primaryimage\",\"url\":\"https:\\\/\\\/racom.com.pl\\\/wp-content\\\/uploads\\\/2025\\\/07\\\/allegro_687ac1c193fa36.31164341_479ef2c64c61a9bdde67261f0dfd.jpg\",\"contentUrl\":\"https:\\\/\\\/racom.com.pl\\\/wp-content\\\/uploads\\\/2025\\\/07\\\/allegro_687ac1c193fa36.31164341_479ef2c64c61a9bdde67261f0dfd.jpg\",\"width\":450,\"height\":450},{\"@type\":\"BreadcrumbList\",\"@id\":\"https:\\\/\\\/racom.com.pl\\\/index.php\\\/produkt\\\/woda-kokosowa-quality-food-niegazowana-z-kolagenem-i-acai-12-x-320ml\\\/#breadcrumb\",\"itemListElement\":[{\"@type\":\"ListItem\",\"position\":1,\"name\":\"Strona g\u0142\u00f3wna\",\"item\":\"https:\\\/\\\/racom.com.pl\\\/\"},{\"@type\":\"ListItem\",\"position\":2,\"name\":\"Sklep\",\"item\":\"https:\\\/\\\/racom.com.pl\\\/\"},{\"@type\":\"ListItem\",\"position\":3,\"name\":\"Woda kokosowa QUALITY FOOD niegazowana z KOLAGENEM i ACAI 12 x 320ml\"}]},{\"@type\":\"WebSite\",\"@id\":\"https:\\\/\\\/racom.com.pl\\\/#website\",\"url\":\"https:\\\/\\\/racom.com.pl\\\/\",\"name\":\"Mix Market - Supermarket z wszystkim co potrzeba do domu i nie tylko\",\"description\":\"\",\"publisher\":{\"@id\":\"https:\\\/\\\/racom.com.pl\\\/#organization\"},\"potentialAction\":[{\"@type\":\"SearchAction\",\"target\":{\"@type\":\"EntryPoint\",\"urlTemplate\":\"https:\\\/\\\/racom.com.pl\\\/?s={search_term_string}\"},\"query-input\":{\"@type\":\"PropertyValueSpecification\",\"valueRequired\":true,\"valueName\":\"search_term_string\"}}],\"inLanguage\":\"pl-PL\"},{\"@type\":\"Organization\",\"@id\":\"https:\\\/\\\/racom.com.pl\\\/#organization\",\"name\":\"Mix Market - Supermarket z wszystkim co potrzeba do domu i nie tylko\",\"url\":\"https:\\\/\\\/racom.com.pl\\\/\",\"logo\":{\"@type\":\"ImageObject\",\"inLanguage\":\"pl-PL\",\"@id\":\"https:\\\/\\\/racom.com.pl\\\/#\\\/schema\\\/logo\\\/image\\\/\",\"url\":\"https:\\\/\\\/racom.com.pl\\\/wp-content\\\/uploads\\\/2025\\\/07\\\/mixmarket_logo.png\",\"contentUrl\":\"https:\\\/\\\/racom.com.pl\\\/wp-content\\\/uploads\\\/2025\\\/07\\\/mixmarket_logo.png\",\"width\":1024,\"height\":1024,\"caption\":\"Mix Market - Supermarket z wszystkim co potrzeba do domu i nie tylko\"},\"image\":{\"@id\":\"https:\\\/\\\/racom.com.pl\\\/#\\\/schema\\\/logo\\\/image\\\/\"}}]}<\/script>\n<!-- \/ Yoast SEO plugin. -->","yoast_head_json":{"title":"Woda kokosowa QUALITY FOOD niegazowana z KOLAGENEM i ACAI 12 x 320ml - Mix Market - Supermarket z wszystkim co potrzeba","robots":{"index":"index","follow":"follow","max-snippet":"max-snippet:-1","max-image-preview":"max-image-preview:large","max-video-preview":"max-video-preview:-1"},"canonical":"https:\/\/racom.com.pl\/index.php\/produkt\/woda-kokosowa-quality-food-niegazowana-z-kolagenem-i-acai-12-x-320ml\/","og_locale":"pl_PL","og_type":"article","og_title":"Woda kokosowa QUALITY FOOD niegazowana z KOLAGENEM i ACAI 12 x 320ml - Mix Market - Supermarket z wszystkim co potrzeba","og_description":"QUALITY FOOD Woda kokosowa z kolagenem i acai zgrzewka 12 x 320 ml Woda kokosowa z kolagenem i acai doskonale gasi pragnienie. Wysoka zawarto\u015b\u0107 witaminy C pomaga w prawid\u0142owej produkcji kolagenu w organizmie. \u015awietna alternatywna dla napoj\u00f3w energetycznych. W przeciwie\u0144stwie do kawy nie barwi z\u0119b\u00f3w oraz jest \u0142agodniejsza dla \u017co\u0142\u0105dka. Jest niskokaloryczna, zawiera tylko naturalnie [&hellip;]","og_url":"https:\/\/racom.com.pl\/index.php\/produkt\/woda-kokosowa-quality-food-niegazowana-z-kolagenem-i-acai-12-x-320ml\/","og_site_name":"Mix Market - Supermarket z wszystkim co potrzeba","og_image":[{"width":450,"height":450,"url":"https:\/\/racom.com.pl\/wp-content\/uploads\/2025\/07\/allegro_687ac1c193fa36.31164341_479ef2c64c61a9bdde67261f0dfd.jpg","type":"image\/jpeg"}],"twitter_card":"summary_large_image","twitter_misc":{"Szacowany czas czytania":"1 minuta"},"schema":{"@context":"https:\/\/schema.org","@graph":[{"@type":"WebPage","@id":"https:\/\/racom.com.pl\/index.php\/produkt\/woda-kokosowa-quality-food-niegazowana-z-kolagenem-i-acai-12-x-320ml\/","url":"https:\/\/racom.com.pl\/index.php\/produkt\/woda-kokosowa-quality-food-niegazowana-z-kolagenem-i-acai-12-x-320ml\/","name":"Woda kokosowa QUALITY FOOD niegazowana z KOLAGENEM i ACAI 12 x 320ml - Mix Market - Supermarket z wszystkim co potrzeba","isPartOf":{"@id":"https:\/\/racom.com.pl\/#website"},"primaryImageOfPage":{"@id":"https:\/\/racom.com.pl\/index.php\/produkt\/woda-kokosowa-quality-food-niegazowana-z-kolagenem-i-acai-12-x-320ml\/#primaryimage"},"image":{"@id":"https:\/\/racom.com.pl\/index.php\/produkt\/woda-kokosowa-quality-food-niegazowana-z-kolagenem-i-acai-12-x-320ml\/#primaryimage"},"thumbnailUrl":"https:\/\/racom.com.pl\/wp-content\/uploads\/2025\/07\/allegro_687ac1c193fa36.31164341_479ef2c64c61a9bdde67261f0dfd.jpg","datePublished":"2025-07-18T21:50:32+00:00","breadcrumb":{"@id":"https:\/\/racom.com.pl\/index.php\/produkt\/woda-kokosowa-quality-food-niegazowana-z-kolagenem-i-acai-12-x-320ml\/#breadcrumb"},"inLanguage":"pl-PL","potentialAction":[{"@type":"ReadAction","target":["https:\/\/racom.com.pl\/index.php\/produkt\/woda-kokosowa-quality-food-niegazowana-z-kolagenem-i-acai-12-x-320ml\/"]}]},{"@type":"ImageObject","inLanguage":"pl-PL","@id":"https:\/\/racom.com.pl\/index.php\/produkt\/woda-kokosowa-quality-food-niegazowana-z-kolagenem-i-acai-12-x-320ml\/#primaryimage","url":"https:\/\/racom.com.pl\/wp-content\/uploads\/2025\/07\/allegro_687ac1c193fa36.31164341_479ef2c64c61a9bdde67261f0dfd.jpg","contentUrl":"https:\/\/racom.com.pl\/wp-content\/uploads\/2025\/07\/allegro_687ac1c193fa36.31164341_479ef2c64c61a9bdde67261f0dfd.jpg","width":450,"height":450},{"@type":"BreadcrumbList","@id":"https:\/\/racom.com.pl\/index.php\/produkt\/woda-kokosowa-quality-food-niegazowana-z-kolagenem-i-acai-12-x-320ml\/#breadcrumb","itemListElement":[{"@type":"ListItem","position":1,"name":"Strona g\u0142\u00f3wna","item":"https:\/\/racom.com.pl\/"},{"@type":"ListItem","position":2,"name":"Sklep","item":"https:\/\/racom.com.pl\/"},{"@type":"ListItem","position":3,"name":"Woda kokosowa QUALITY FOOD niegazowana z KOLAGENEM i ACAI 12 x 320ml"}]},{"@type":"WebSite","@id":"https:\/\/racom.com.pl\/#website","url":"https:\/\/racom.com.pl\/","name":"Mix Market - Supermarket z wszystkim co potrzeba do domu i nie tylko","description":"","publisher":{"@id":"https:\/\/racom.com.pl\/#organization"},"potentialAction":[{"@type":"SearchAction","target":{"@type":"EntryPoint","urlTemplate":"https:\/\/racom.com.pl\/?s={search_term_string}"},"query-input":{"@type":"PropertyValueSpecification","valueRequired":true,"valueName":"search_term_string"}}],"inLanguage":"pl-PL"},{"@type":"Organization","@id":"https:\/\/racom.com.pl\/#organization","name":"Mix Market - Supermarket z wszystkim co potrzeba do domu i nie tylko","url":"https:\/\/racom.com.pl\/","logo":{"@type":"ImageObject","inLanguage":"pl-PL","@id":"https:\/\/racom.com.pl\/#\/schema\/logo\/image\/","url":"https:\/\/racom.com.pl\/wp-content\/uploads\/2025\/07\/mixmarket_logo.png","contentUrl":"https:\/\/racom.com.pl\/wp-content\/uploads\/2025\/07\/mixmarket_logo.png","width":1024,"height":1024,"caption":"Mix Market - Supermarket z wszystkim co potrzeba do domu i nie tylko"},"image":{"@id":"https:\/\/racom.com.pl\/#\/schema\/logo\/image\/"}}]}},"_links":{"self":[{"href":"https:\/\/racom.com.pl\/index.php\/wp-json\/wp\/v2\/product\/2627","targetHints":{"allow":["GET"]}}],"collection":[{"href":"https:\/\/racom.com.pl\/index.php\/wp-json\/wp\/v2\/product"}],"about":[{"href":"https:\/\/racom.com.pl\/index.php\/wp-json\/wp\/v2\/types\/product"}],"replies":[{"embeddable":true,"href":"https:\/\/racom.com.pl\/index.php\/wp-json\/wp\/v2\/comments?post=2627"}],"wp:featuredmedia":[{"embeddable":true,"href":"https:\/\/racom.com.pl\/index.php\/wp-json\/wp\/v2\/media\/2630"}],"wp:attachment":[{"href":"https:\/\/racom.com.pl\/index.php\/wp-json\/wp\/v2\/media?parent=2627"}],"wp:term":[{"taxonomy":"product_brand","embeddable":true,"href":"https:\/\/racom.com.pl\/index.php\/wp-json\/wp\/v2\/product_brand?post=2627"},{"taxonomy":"product_cat","embeddable":true,"href":"https:\/\/racom.com.pl\/index.php\/wp-json\/wp\/v2\/product_cat?post=2627"},{"taxonomy":"product_tag","embeddable":true,"href":"https:\/\/racom.com.pl\/index.php\/wp-json\/wp\/v2\/product_tag?post=2627"}],"curies":[{"name":"wp","href":"https:\/\/api.w.org\/{rel}","templated":true}]}}