{"id":2631,"date":"2025-07-18T23:51:06","date_gmt":"2025-07-18T21:51:06","guid":{"rendered":"http:\/\/192.168.2.106\/index.php\/produkt\/krakus-gulasz-angielski-konserwa-wieprzowa-zgrzewka-zestaw-6x-300g\/"},"modified":"2025-07-18T23:51:06","modified_gmt":"2025-07-18T21:51:06","slug":"krakus-gulasz-angielski-konserwa-wieprzowa-zgrzewka-zestaw-6x-300g","status":"publish","type":"product","link":"https:\/\/racom.com.pl\/index.php\/produkt\/krakus-gulasz-angielski-konserwa-wieprzowa-zgrzewka-zestaw-6x-300g\/","title":{"rendered":"KRAKUS Gulasz angielski Konserwa wieprzowa ZGRZEWKA ZESTAW 6x 300g"},"content":{"rendered":"<h2>6x GULASZ ANGIELSKI WIEPRZOWA KONSERWA KRAKUS 300g<\/h2>\n<p><b>6 sztuk &#8211; GULASZ ANGIELSKI WIEPRZOWA KONSERWA KRAKUS 300g<\/b><\/p>\n<p><b>Gulasz angielski<\/b> Krakus to idealnie wymierzona oraz szczelnie zamkni\u0119ta porcja, wysokiej jako\u015bci mi\u0119sa wieprzowego. Sk\u0142ada si\u0119 ona g\u0142\u00f3wnie z chudego mi\u0119sa z du\u017c\u0105 zawarto\u015bci\u0105 szynki. Ca\u0142o\u015b\u0107 doprawiona jest gam\u0105 naturalnych przypraw, kt\u00f3re idealnie podkre\u015blaj\u0105 i wydobywaj\u0105 smak mi\u0119sa \u2013 a jest go w produkcie a\u017c 95%.<\/p>\n<p><b>Sk\u0142adniki:<\/b> mi\u0119so wieprzowe 95% s\u00f3l stabilizatory: difosforany pieprz bia\u0142y substancja konserwuj\u0105ca: azotyn sodu<\/p>\n<p><b>Zestaw zawiera 6szt konserwy 300g (zgrzewka).<\/b><\/p>\n<p><b>Warto\u015b\u0107 od\u017cywcza w 100 g:<\/b><\/p>\n<ul>\n<li>Warto\u015b\u0107 energetyczna:&nbsp;967 kJ \/ 233 kcal<\/li>\n<li>T\u0142uszcz:&nbsp;19 g<\/li>\n<li>w tym kwasy t\u0142uszczowe nasycone:&nbsp;7,6 g<\/li>\n<li>W\u0119glowodany:&nbsp;0,5 g<\/li>\n<li>w tym cukry:&nbsp;0 g<\/li>\n<li>Bia\u0142ko:&nbsp;15 g<\/li>\n<li>S\u00f3l:&nbsp;1,8 g<\/li>\n<\/ul>\n","protected":false},"excerpt":{"rendered":"<p>6x GULASZ ANGIELSKI WIEPRZOWA KONSERWA KRAKUS 300g 6 sztuk &#8211; GULASZ ANGIELSKI WIEPRZOWA KONSERWA KRAKUS 300g Gulasz angielski Krakus to idealnie wymierzona oraz szczelnie zamkni\u0119ta porcja, wysokiej jako\u015bci mi\u0119sa wieprzowego. Sk\u0142ada si\u0119 ona g\u0142\u00f3wnie z chudego mi\u0119sa z du\u017c\u0105 zawarto\u015bci\u0105 szynki. Ca\u0142o\u015b\u0107 doprawiona jest gam\u0105 naturalnych przypraw, kt\u00f3re idealnie podkre\u015blaj\u0105 i wydobywaj\u0105 smak mi\u0119sa \u2013 [&hellip;]<\/p>\n","protected":false},"featured_media":2634,"comment_status":"open","ping_status":"closed","template":"","meta":[],"product_brand":[176],"product_cat":[164],"product_tag":[],"class_list":{"0":"post-2631","1":"product","2":"type-product","3":"status-publish","4":"has-post-thumbnail","6":"product_brand-krakus","7":"product_cat-mieso-i-wedliny","9":"first","10":"instock","11":"taxable","12":"shipping-taxable","13":"purchasable","14":"product-type-simple"},"yoast_head":"<!-- This site is optimized with the Yoast SEO plugin v27.3 - https:\/\/yoast.com\/product\/yoast-seo-wordpress\/ -->\n<title>KRAKUS Gulasz angielski Konserwa wieprzowa ZGRZEWKA ZESTAW 6x 300g - Mix Market - Supermarket z wszystkim co potrzeba<\/title>\n<meta name=\"robots\" content=\"index, follow, max-snippet:-1, max-image-preview:large, max-video-preview:-1\" \/>\n<link rel=\"canonical\" href=\"https:\/\/racom.com.pl\/index.php\/produkt\/krakus-gulasz-angielski-konserwa-wieprzowa-zgrzewka-zestaw-6x-300g\/\" \/>\n<meta property=\"og:locale\" content=\"pl_PL\" \/>\n<meta property=\"og:type\" content=\"article\" \/>\n<meta property=\"og:title\" content=\"KRAKUS Gulasz angielski Konserwa wieprzowa ZGRZEWKA ZESTAW 6x 300g - Mix Market - Supermarket z wszystkim co potrzeba\" \/>\n<meta property=\"og:description\" content=\"6x GULASZ ANGIELSKI WIEPRZOWA KONSERWA KRAKUS 300g 6 sztuk &#8211; GULASZ ANGIELSKI WIEPRZOWA KONSERWA KRAKUS 300g Gulasz angielski Krakus to idealnie wymierzona oraz szczelnie zamkni\u0119ta porcja, wysokiej jako\u015bci mi\u0119sa wieprzowego. Sk\u0142ada si\u0119 ona g\u0142\u00f3wnie z chudego mi\u0119sa z du\u017c\u0105 zawarto\u015bci\u0105 szynki. Ca\u0142o\u015b\u0107 doprawiona jest gam\u0105 naturalnych przypraw, kt\u00f3re idealnie podkre\u015blaj\u0105 i wydobywaj\u0105 smak mi\u0119sa \u2013 [&hellip;]\" \/>\n<meta property=\"og:url\" content=\"https:\/\/racom.com.pl\/index.php\/produkt\/krakus-gulasz-angielski-konserwa-wieprzowa-zgrzewka-zestaw-6x-300g\/\" \/>\n<meta property=\"og:site_name\" content=\"Mix Market - Supermarket z wszystkim co potrzeba\" \/>\n<meta property=\"og:image\" content=\"https:\/\/racom.com.pl\/wp-content\/uploads\/2025\/07\/allegro_687ac1f3859980.16665690_d7a1d2794a4891514f8f3cf8e664.jpg\" \/>\n\t<meta property=\"og:image:width\" content=\"2365\" \/>\n\t<meta property=\"og:image:height\" content=\"2365\" \/>\n\t<meta property=\"og:image:type\" content=\"image\/jpeg\" \/>\n<meta name=\"twitter:card\" content=\"summary_large_image\" \/>\n<meta name=\"twitter:label1\" content=\"Szacowany czas czytania\" \/>\n\t<meta name=\"twitter:data1\" content=\"1 minuta\" \/>\n<script type=\"application\/ld+json\" class=\"yoast-schema-graph\">{\"@context\":\"https:\\\/\\\/schema.org\",\"@graph\":[{\"@type\":\"WebPage\",\"@id\":\"https:\\\/\\\/racom.com.pl\\\/index.php\\\/produkt\\\/krakus-gulasz-angielski-konserwa-wieprzowa-zgrzewka-zestaw-6x-300g\\\/\",\"url\":\"https:\\\/\\\/racom.com.pl\\\/index.php\\\/produkt\\\/krakus-gulasz-angielski-konserwa-wieprzowa-zgrzewka-zestaw-6x-300g\\\/\",\"name\":\"KRAKUS Gulasz angielski Konserwa wieprzowa ZGRZEWKA ZESTAW 6x 300g - Mix Market - Supermarket z wszystkim co potrzeba\",\"isPartOf\":{\"@id\":\"https:\\\/\\\/racom.com.pl\\\/#website\"},\"primaryImageOfPage\":{\"@id\":\"https:\\\/\\\/racom.com.pl\\\/index.php\\\/produkt\\\/krakus-gulasz-angielski-konserwa-wieprzowa-zgrzewka-zestaw-6x-300g\\\/#primaryimage\"},\"image\":{\"@id\":\"https:\\\/\\\/racom.com.pl\\\/index.php\\\/produkt\\\/krakus-gulasz-angielski-konserwa-wieprzowa-zgrzewka-zestaw-6x-300g\\\/#primaryimage\"},\"thumbnailUrl\":\"https:\\\/\\\/racom.com.pl\\\/wp-content\\\/uploads\\\/2025\\\/07\\\/allegro_687ac1f3859980.16665690_d7a1d2794a4891514f8f3cf8e664.jpg\",\"datePublished\":\"2025-07-18T21:51:06+00:00\",\"breadcrumb\":{\"@id\":\"https:\\\/\\\/racom.com.pl\\\/index.php\\\/produkt\\\/krakus-gulasz-angielski-konserwa-wieprzowa-zgrzewka-zestaw-6x-300g\\\/#breadcrumb\"},\"inLanguage\":\"pl-PL\",\"potentialAction\":[{\"@type\":\"ReadAction\",\"target\":[\"https:\\\/\\\/racom.com.pl\\\/index.php\\\/produkt\\\/krakus-gulasz-angielski-konserwa-wieprzowa-zgrzewka-zestaw-6x-300g\\\/\"]}]},{\"@type\":\"ImageObject\",\"inLanguage\":\"pl-PL\",\"@id\":\"https:\\\/\\\/racom.com.pl\\\/index.php\\\/produkt\\\/krakus-gulasz-angielski-konserwa-wieprzowa-zgrzewka-zestaw-6x-300g\\\/#primaryimage\",\"url\":\"https:\\\/\\\/racom.com.pl\\\/wp-content\\\/uploads\\\/2025\\\/07\\\/allegro_687ac1f3859980.16665690_d7a1d2794a4891514f8f3cf8e664.jpg\",\"contentUrl\":\"https:\\\/\\\/racom.com.pl\\\/wp-content\\\/uploads\\\/2025\\\/07\\\/allegro_687ac1f3859980.16665690_d7a1d2794a4891514f8f3cf8e664.jpg\",\"width\":2365,\"height\":2365},{\"@type\":\"BreadcrumbList\",\"@id\":\"https:\\\/\\\/racom.com.pl\\\/index.php\\\/produkt\\\/krakus-gulasz-angielski-konserwa-wieprzowa-zgrzewka-zestaw-6x-300g\\\/#breadcrumb\",\"itemListElement\":[{\"@type\":\"ListItem\",\"position\":1,\"name\":\"Strona g\u0142\u00f3wna\",\"item\":\"https:\\\/\\\/racom.com.pl\\\/\"},{\"@type\":\"ListItem\",\"position\":2,\"name\":\"Sklep\",\"item\":\"https:\\\/\\\/racom.com.pl\\\/\"},{\"@type\":\"ListItem\",\"position\":3,\"name\":\"KRAKUS Gulasz angielski Konserwa wieprzowa ZGRZEWKA ZESTAW 6x 300g\"}]},{\"@type\":\"WebSite\",\"@id\":\"https:\\\/\\\/racom.com.pl\\\/#website\",\"url\":\"https:\\\/\\\/racom.com.pl\\\/\",\"name\":\"Mix Market - Supermarket z wszystkim co potrzeba do domu i nie tylko\",\"description\":\"\",\"publisher\":{\"@id\":\"https:\\\/\\\/racom.com.pl\\\/#organization\"},\"potentialAction\":[{\"@type\":\"SearchAction\",\"target\":{\"@type\":\"EntryPoint\",\"urlTemplate\":\"https:\\\/\\\/racom.com.pl\\\/?s={search_term_string}\"},\"query-input\":{\"@type\":\"PropertyValueSpecification\",\"valueRequired\":true,\"valueName\":\"search_term_string\"}}],\"inLanguage\":\"pl-PL\"},{\"@type\":\"Organization\",\"@id\":\"https:\\\/\\\/racom.com.pl\\\/#organization\",\"name\":\"Mix Market - Supermarket z wszystkim co potrzeba do domu i nie tylko\",\"url\":\"https:\\\/\\\/racom.com.pl\\\/\",\"logo\":{\"@type\":\"ImageObject\",\"inLanguage\":\"pl-PL\",\"@id\":\"https:\\\/\\\/racom.com.pl\\\/#\\\/schema\\\/logo\\\/image\\\/\",\"url\":\"https:\\\/\\\/racom.com.pl\\\/wp-content\\\/uploads\\\/2025\\\/07\\\/mixmarket_logo.png\",\"contentUrl\":\"https:\\\/\\\/racom.com.pl\\\/wp-content\\\/uploads\\\/2025\\\/07\\\/mixmarket_logo.png\",\"width\":1024,\"height\":1024,\"caption\":\"Mix Market - Supermarket z wszystkim co potrzeba do domu i nie tylko\"},\"image\":{\"@id\":\"https:\\\/\\\/racom.com.pl\\\/#\\\/schema\\\/logo\\\/image\\\/\"}}]}<\/script>\n<!-- \/ Yoast SEO plugin. -->","yoast_head_json":{"title":"KRAKUS Gulasz angielski Konserwa wieprzowa ZGRZEWKA ZESTAW 6x 300g - Mix Market - Supermarket z wszystkim co potrzeba","robots":{"index":"index","follow":"follow","max-snippet":"max-snippet:-1","max-image-preview":"max-image-preview:large","max-video-preview":"max-video-preview:-1"},"canonical":"https:\/\/racom.com.pl\/index.php\/produkt\/krakus-gulasz-angielski-konserwa-wieprzowa-zgrzewka-zestaw-6x-300g\/","og_locale":"pl_PL","og_type":"article","og_title":"KRAKUS Gulasz angielski Konserwa wieprzowa ZGRZEWKA ZESTAW 6x 300g - Mix Market - Supermarket z wszystkim co potrzeba","og_description":"6x GULASZ ANGIELSKI WIEPRZOWA KONSERWA KRAKUS 300g 6 sztuk &#8211; GULASZ ANGIELSKI WIEPRZOWA KONSERWA KRAKUS 300g Gulasz angielski Krakus to idealnie wymierzona oraz szczelnie zamkni\u0119ta porcja, wysokiej jako\u015bci mi\u0119sa wieprzowego. Sk\u0142ada si\u0119 ona g\u0142\u00f3wnie z chudego mi\u0119sa z du\u017c\u0105 zawarto\u015bci\u0105 szynki. Ca\u0142o\u015b\u0107 doprawiona jest gam\u0105 naturalnych przypraw, kt\u00f3re idealnie podkre\u015blaj\u0105 i wydobywaj\u0105 smak mi\u0119sa \u2013 [&hellip;]","og_url":"https:\/\/racom.com.pl\/index.php\/produkt\/krakus-gulasz-angielski-konserwa-wieprzowa-zgrzewka-zestaw-6x-300g\/","og_site_name":"Mix Market - Supermarket z wszystkim co potrzeba","og_image":[{"width":2365,"height":2365,"url":"https:\/\/racom.com.pl\/wp-content\/uploads\/2025\/07\/allegro_687ac1f3859980.16665690_d7a1d2794a4891514f8f3cf8e664.jpg","type":"image\/jpeg"}],"twitter_card":"summary_large_image","twitter_misc":{"Szacowany czas czytania":"1 minuta"},"schema":{"@context":"https:\/\/schema.org","@graph":[{"@type":"WebPage","@id":"https:\/\/racom.com.pl\/index.php\/produkt\/krakus-gulasz-angielski-konserwa-wieprzowa-zgrzewka-zestaw-6x-300g\/","url":"https:\/\/racom.com.pl\/index.php\/produkt\/krakus-gulasz-angielski-konserwa-wieprzowa-zgrzewka-zestaw-6x-300g\/","name":"KRAKUS Gulasz angielski Konserwa wieprzowa ZGRZEWKA ZESTAW 6x 300g - Mix Market - Supermarket z wszystkim co potrzeba","isPartOf":{"@id":"https:\/\/racom.com.pl\/#website"},"primaryImageOfPage":{"@id":"https:\/\/racom.com.pl\/index.php\/produkt\/krakus-gulasz-angielski-konserwa-wieprzowa-zgrzewka-zestaw-6x-300g\/#primaryimage"},"image":{"@id":"https:\/\/racom.com.pl\/index.php\/produkt\/krakus-gulasz-angielski-konserwa-wieprzowa-zgrzewka-zestaw-6x-300g\/#primaryimage"},"thumbnailUrl":"https:\/\/racom.com.pl\/wp-content\/uploads\/2025\/07\/allegro_687ac1f3859980.16665690_d7a1d2794a4891514f8f3cf8e664.jpg","datePublished":"2025-07-18T21:51:06+00:00","breadcrumb":{"@id":"https:\/\/racom.com.pl\/index.php\/produkt\/krakus-gulasz-angielski-konserwa-wieprzowa-zgrzewka-zestaw-6x-300g\/#breadcrumb"},"inLanguage":"pl-PL","potentialAction":[{"@type":"ReadAction","target":["https:\/\/racom.com.pl\/index.php\/produkt\/krakus-gulasz-angielski-konserwa-wieprzowa-zgrzewka-zestaw-6x-300g\/"]}]},{"@type":"ImageObject","inLanguage":"pl-PL","@id":"https:\/\/racom.com.pl\/index.php\/produkt\/krakus-gulasz-angielski-konserwa-wieprzowa-zgrzewka-zestaw-6x-300g\/#primaryimage","url":"https:\/\/racom.com.pl\/wp-content\/uploads\/2025\/07\/allegro_687ac1f3859980.16665690_d7a1d2794a4891514f8f3cf8e664.jpg","contentUrl":"https:\/\/racom.com.pl\/wp-content\/uploads\/2025\/07\/allegro_687ac1f3859980.16665690_d7a1d2794a4891514f8f3cf8e664.jpg","width":2365,"height":2365},{"@type":"BreadcrumbList","@id":"https:\/\/racom.com.pl\/index.php\/produkt\/krakus-gulasz-angielski-konserwa-wieprzowa-zgrzewka-zestaw-6x-300g\/#breadcrumb","itemListElement":[{"@type":"ListItem","position":1,"name":"Strona g\u0142\u00f3wna","item":"https:\/\/racom.com.pl\/"},{"@type":"ListItem","position":2,"name":"Sklep","item":"https:\/\/racom.com.pl\/"},{"@type":"ListItem","position":3,"name":"KRAKUS Gulasz angielski Konserwa wieprzowa ZGRZEWKA ZESTAW 6x 300g"}]},{"@type":"WebSite","@id":"https:\/\/racom.com.pl\/#website","url":"https:\/\/racom.com.pl\/","name":"Mix Market - Supermarket z wszystkim co potrzeba do domu i nie tylko","description":"","publisher":{"@id":"https:\/\/racom.com.pl\/#organization"},"potentialAction":[{"@type":"SearchAction","target":{"@type":"EntryPoint","urlTemplate":"https:\/\/racom.com.pl\/?s={search_term_string}"},"query-input":{"@type":"PropertyValueSpecification","valueRequired":true,"valueName":"search_term_string"}}],"inLanguage":"pl-PL"},{"@type":"Organization","@id":"https:\/\/racom.com.pl\/#organization","name":"Mix Market - Supermarket z wszystkim co potrzeba do domu i nie tylko","url":"https:\/\/racom.com.pl\/","logo":{"@type":"ImageObject","inLanguage":"pl-PL","@id":"https:\/\/racom.com.pl\/#\/schema\/logo\/image\/","url":"https:\/\/racom.com.pl\/wp-content\/uploads\/2025\/07\/mixmarket_logo.png","contentUrl":"https:\/\/racom.com.pl\/wp-content\/uploads\/2025\/07\/mixmarket_logo.png","width":1024,"height":1024,"caption":"Mix Market - Supermarket z wszystkim co potrzeba do domu i nie tylko"},"image":{"@id":"https:\/\/racom.com.pl\/#\/schema\/logo\/image\/"}}]}},"_links":{"self":[{"href":"https:\/\/racom.com.pl\/index.php\/wp-json\/wp\/v2\/product\/2631","targetHints":{"allow":["GET"]}}],"collection":[{"href":"https:\/\/racom.com.pl\/index.php\/wp-json\/wp\/v2\/product"}],"about":[{"href":"https:\/\/racom.com.pl\/index.php\/wp-json\/wp\/v2\/types\/product"}],"replies":[{"embeddable":true,"href":"https:\/\/racom.com.pl\/index.php\/wp-json\/wp\/v2\/comments?post=2631"}],"wp:featuredmedia":[{"embeddable":true,"href":"https:\/\/racom.com.pl\/index.php\/wp-json\/wp\/v2\/media\/2634"}],"wp:attachment":[{"href":"https:\/\/racom.com.pl\/index.php\/wp-json\/wp\/v2\/media?parent=2631"}],"wp:term":[{"taxonomy":"product_brand","embeddable":true,"href":"https:\/\/racom.com.pl\/index.php\/wp-json\/wp\/v2\/product_brand?post=2631"},{"taxonomy":"product_cat","embeddable":true,"href":"https:\/\/racom.com.pl\/index.php\/wp-json\/wp\/v2\/product_cat?post=2631"},{"taxonomy":"product_tag","embeddable":true,"href":"https:\/\/racom.com.pl\/index.php\/wp-json\/wp\/v2\/product_tag?post=2631"}],"curies":[{"name":"wp","href":"https:\/\/api.w.org\/{rel}","templated":true}]}}