{"id":2649,"date":"2025-07-18T23:54:58","date_gmt":"2025-07-18T21:54:58","guid":{"rendered":"http:\/\/192.168.2.106\/index.php\/produkt\/woda-mineralna-san-pellegrino-gazowana-zgrzewka-12-sztuk-1l\/"},"modified":"2025-07-18T23:54:58","modified_gmt":"2025-07-18T21:54:58","slug":"woda-mineralna-san-pellegrino-gazowana-zgrzewka-12-sztuk-1l","status":"publish","type":"product","link":"https:\/\/racom.com.pl\/index.php\/produkt\/woda-mineralna-san-pellegrino-gazowana-zgrzewka-12-sztuk-1l\/","title":{"rendered":"WODA Mineralna San Pellegrino GAZOWANA ZGRZEWKA 12 sztuk 1L"},"content":{"rendered":"<h2>WODA S. PELLEGRINO GAZOWANA MINERALNA PET 1L<\/h2>\n<p><b>Zgrzewka 12 szt. x 1L<\/b><\/p>\n<p>Jest to jedna z najbardziej znanych w\u00f3d na \u015bwiecie i doskona\u0142y dodatek do najlepszych \u015bwiatowych sk\u0142adnik\u00f3w. Poniewa\u017c nic tak nie inspiruje ducha wsp\u00f3lnoty jak S.Pellegrino.<\/p>\n<p>Od momentu powstania w 1899 roku S.Pellegrino jest ikonicznym symbolem w\u0142oskiego stylu, dobrego jedzenia i stylu \u017cycia. Jest po to, aby od\u015bwie\u017cy\u0107 te cenne chwile dzielone z przyjaci\u00f3\u0142mi i rodzin\u0105 w domu. Stoi dumnie na sto\u0142ach niekt\u00f3rych z najs\u0142ynniejszych restauracji na \u015bwiecie, a wszystko to w musuj\u0105cym stylu i typowej w\u0142oskiej elegancji.Woda mineralna naturalnie gazowana S.Pellegrino rozprzestrzenia wyrazisty smak W\u0142och na ca\u0142ym \u015bwiecie; smak miejsca, w kt\u00f3rym ka\u017cda chwila jest cenna.<\/p>\n<p>Niepowtarzalny smak wody mineralnej S.Pellegrino to efekt naturalnej podr\u00f3\u017cy, kt\u00f3ra odbywa si\u0119 w dolomitowych g\u00f3rach z widokiem na dolin\u0119 rzeki Brembo. To tutaj, na nietkni\u0119tych ziemiach p\u00f3\u0142nocno-zachodnich Alp w\u0142oskich, woda S.Pellegrino rozpoczyna swoj\u0105 30-letni\u0105 podr\u00f3\u017c w g\u0142\u0105b ziemi. Podczas tej podr\u00f3\u017cy woda przep\u0142ywa powoli przez r\u00f3\u017cne formacje skalne, zbieraj\u0105c minera\u0142y, takie jak wap\u0144, magnez i potas, kt\u00f3re tworz\u0105 niepowtarzalny smak gazowanej naturalnej wody mineralnej S.Pellegrino.<\/p>\n<p><b>PARAMETRY PRODUKTU:<\/b><\/p>\n<p>Rodzaj: <b>Gazowana<\/b><\/p>\n<p>Pojemno\u015b\u0107: 1L&nbsp; (dm\u00b3)<\/p>\n<p>Typ: <b>Mineralna<\/b><\/p>\n<p>Kraj pochodzenia\/Wyprodukowano w: W\u0142ochy<\/p>\n<p>.<\/p>\n","protected":false},"excerpt":{"rendered":"<p>WODA S. PELLEGRINO GAZOWANA MINERALNA PET 1L Zgrzewka 12 szt. x 1L Jest to jedna z najbardziej znanych w\u00f3d na \u015bwiecie i doskona\u0142y dodatek do najlepszych \u015bwiatowych sk\u0142adnik\u00f3w. Poniewa\u017c nic tak nie inspiruje ducha wsp\u00f3lnoty jak S.Pellegrino. Od momentu powstania w 1899 roku S.Pellegrino jest ikonicznym symbolem w\u0142oskiego stylu, dobrego jedzenia i stylu \u017cycia. Jest [&hellip;]<\/p>\n","protected":false},"featured_media":2652,"comment_status":"open","ping_status":"closed","template":"","meta":[],"product_brand":[172],"product_cat":[116],"product_tag":[],"class_list":{"0":"post-2649","1":"product","2":"type-product","3":"status-publish","4":"has-post-thumbnail","6":"product_brand-san-pellegrino","7":"product_cat-napoje-i-akcesoria","9":"first","10":"instock","11":"taxable","12":"shipping-taxable","13":"purchasable","14":"product-type-simple"},"yoast_head":"<!-- This site is optimized with the Yoast SEO plugin v27.3 - https:\/\/yoast.com\/product\/yoast-seo-wordpress\/ -->\n<title>WODA Mineralna San Pellegrino GAZOWANA ZGRZEWKA 12 sztuk 1L - Mix Market - Supermarket z wszystkim co potrzeba<\/title>\n<meta name=\"robots\" content=\"index, follow, max-snippet:-1, max-image-preview:large, max-video-preview:-1\" \/>\n<link rel=\"canonical\" href=\"https:\/\/racom.com.pl\/index.php\/produkt\/woda-mineralna-san-pellegrino-gazowana-zgrzewka-12-sztuk-1l\/\" \/>\n<meta property=\"og:locale\" content=\"pl_PL\" \/>\n<meta property=\"og:type\" content=\"article\" \/>\n<meta property=\"og:title\" content=\"WODA Mineralna San Pellegrino GAZOWANA ZGRZEWKA 12 sztuk 1L - Mix Market - Supermarket z wszystkim co potrzeba\" \/>\n<meta property=\"og:description\" content=\"WODA S. PELLEGRINO GAZOWANA MINERALNA PET 1L Zgrzewka 12 szt. x 1L Jest to jedna z najbardziej znanych w\u00f3d na \u015bwiecie i doskona\u0142y dodatek do najlepszych \u015bwiatowych sk\u0142adnik\u00f3w. Poniewa\u017c nic tak nie inspiruje ducha wsp\u00f3lnoty jak S.Pellegrino. Od momentu powstania w 1899 roku S.Pellegrino jest ikonicznym symbolem w\u0142oskiego stylu, dobrego jedzenia i stylu \u017cycia. Jest [&hellip;]\" \/>\n<meta property=\"og:url\" content=\"https:\/\/racom.com.pl\/index.php\/produkt\/woda-mineralna-san-pellegrino-gazowana-zgrzewka-12-sztuk-1l\/\" \/>\n<meta property=\"og:site_name\" content=\"Mix Market - Supermarket z wszystkim co potrzeba\" \/>\n<meta property=\"og:image\" content=\"https:\/\/racom.com.pl\/wp-content\/uploads\/2025\/07\/allegro_687ac2e9eb1137.64449521_be5b1b60490f97dbebf1a0903b3c.jpg\" \/>\n\t<meta property=\"og:image:width\" content=\"2500\" \/>\n\t<meta property=\"og:image:height\" content=\"2500\" \/>\n\t<meta property=\"og:image:type\" content=\"image\/jpeg\" \/>\n<meta name=\"twitter:card\" content=\"summary_large_image\" \/>\n<meta name=\"twitter:label1\" content=\"Szacowany czas czytania\" \/>\n\t<meta name=\"twitter:data1\" content=\"1 minuta\" \/>\n<script type=\"application\/ld+json\" class=\"yoast-schema-graph\">{\"@context\":\"https:\\\/\\\/schema.org\",\"@graph\":[{\"@type\":\"WebPage\",\"@id\":\"https:\\\/\\\/racom.com.pl\\\/index.php\\\/produkt\\\/woda-mineralna-san-pellegrino-gazowana-zgrzewka-12-sztuk-1l\\\/\",\"url\":\"https:\\\/\\\/racom.com.pl\\\/index.php\\\/produkt\\\/woda-mineralna-san-pellegrino-gazowana-zgrzewka-12-sztuk-1l\\\/\",\"name\":\"WODA Mineralna San Pellegrino GAZOWANA ZGRZEWKA 12 sztuk 1L - Mix Market - Supermarket z wszystkim co potrzeba\",\"isPartOf\":{\"@id\":\"https:\\\/\\\/racom.com.pl\\\/#website\"},\"primaryImageOfPage\":{\"@id\":\"https:\\\/\\\/racom.com.pl\\\/index.php\\\/produkt\\\/woda-mineralna-san-pellegrino-gazowana-zgrzewka-12-sztuk-1l\\\/#primaryimage\"},\"image\":{\"@id\":\"https:\\\/\\\/racom.com.pl\\\/index.php\\\/produkt\\\/woda-mineralna-san-pellegrino-gazowana-zgrzewka-12-sztuk-1l\\\/#primaryimage\"},\"thumbnailUrl\":\"https:\\\/\\\/racom.com.pl\\\/wp-content\\\/uploads\\\/2025\\\/07\\\/allegro_687ac2e9eb1137.64449521_be5b1b60490f97dbebf1a0903b3c.jpg\",\"datePublished\":\"2025-07-18T21:54:58+00:00\",\"breadcrumb\":{\"@id\":\"https:\\\/\\\/racom.com.pl\\\/index.php\\\/produkt\\\/woda-mineralna-san-pellegrino-gazowana-zgrzewka-12-sztuk-1l\\\/#breadcrumb\"},\"inLanguage\":\"pl-PL\",\"potentialAction\":[{\"@type\":\"ReadAction\",\"target\":[\"https:\\\/\\\/racom.com.pl\\\/index.php\\\/produkt\\\/woda-mineralna-san-pellegrino-gazowana-zgrzewka-12-sztuk-1l\\\/\"]}]},{\"@type\":\"ImageObject\",\"inLanguage\":\"pl-PL\",\"@id\":\"https:\\\/\\\/racom.com.pl\\\/index.php\\\/produkt\\\/woda-mineralna-san-pellegrino-gazowana-zgrzewka-12-sztuk-1l\\\/#primaryimage\",\"url\":\"https:\\\/\\\/racom.com.pl\\\/wp-content\\\/uploads\\\/2025\\\/07\\\/allegro_687ac2e9eb1137.64449521_be5b1b60490f97dbebf1a0903b3c.jpg\",\"contentUrl\":\"https:\\\/\\\/racom.com.pl\\\/wp-content\\\/uploads\\\/2025\\\/07\\\/allegro_687ac2e9eb1137.64449521_be5b1b60490f97dbebf1a0903b3c.jpg\",\"width\":2500,\"height\":2500},{\"@type\":\"BreadcrumbList\",\"@id\":\"https:\\\/\\\/racom.com.pl\\\/index.php\\\/produkt\\\/woda-mineralna-san-pellegrino-gazowana-zgrzewka-12-sztuk-1l\\\/#breadcrumb\",\"itemListElement\":[{\"@type\":\"ListItem\",\"position\":1,\"name\":\"Strona g\u0142\u00f3wna\",\"item\":\"https:\\\/\\\/racom.com.pl\\\/\"},{\"@type\":\"ListItem\",\"position\":2,\"name\":\"Sklep\",\"item\":\"https:\\\/\\\/racom.com.pl\\\/\"},{\"@type\":\"ListItem\",\"position\":3,\"name\":\"WODA Mineralna San Pellegrino GAZOWANA ZGRZEWKA 12 sztuk 1L\"}]},{\"@type\":\"WebSite\",\"@id\":\"https:\\\/\\\/racom.com.pl\\\/#website\",\"url\":\"https:\\\/\\\/racom.com.pl\\\/\",\"name\":\"Mix Market - Supermarket z wszystkim co potrzeba do domu i nie tylko\",\"description\":\"\",\"publisher\":{\"@id\":\"https:\\\/\\\/racom.com.pl\\\/#organization\"},\"potentialAction\":[{\"@type\":\"SearchAction\",\"target\":{\"@type\":\"EntryPoint\",\"urlTemplate\":\"https:\\\/\\\/racom.com.pl\\\/?s={search_term_string}\"},\"query-input\":{\"@type\":\"PropertyValueSpecification\",\"valueRequired\":true,\"valueName\":\"search_term_string\"}}],\"inLanguage\":\"pl-PL\"},{\"@type\":\"Organization\",\"@id\":\"https:\\\/\\\/racom.com.pl\\\/#organization\",\"name\":\"Mix Market - Supermarket z wszystkim co potrzeba do domu i nie tylko\",\"url\":\"https:\\\/\\\/racom.com.pl\\\/\",\"logo\":{\"@type\":\"ImageObject\",\"inLanguage\":\"pl-PL\",\"@id\":\"https:\\\/\\\/racom.com.pl\\\/#\\\/schema\\\/logo\\\/image\\\/\",\"url\":\"https:\\\/\\\/racom.com.pl\\\/wp-content\\\/uploads\\\/2025\\\/07\\\/mixmarket_logo.png\",\"contentUrl\":\"https:\\\/\\\/racom.com.pl\\\/wp-content\\\/uploads\\\/2025\\\/07\\\/mixmarket_logo.png\",\"width\":1024,\"height\":1024,\"caption\":\"Mix Market - Supermarket z wszystkim co potrzeba do domu i nie tylko\"},\"image\":{\"@id\":\"https:\\\/\\\/racom.com.pl\\\/#\\\/schema\\\/logo\\\/image\\\/\"}}]}<\/script>\n<!-- \/ Yoast SEO plugin. -->","yoast_head_json":{"title":"WODA Mineralna San Pellegrino GAZOWANA ZGRZEWKA 12 sztuk 1L - Mix Market - Supermarket z wszystkim co potrzeba","robots":{"index":"index","follow":"follow","max-snippet":"max-snippet:-1","max-image-preview":"max-image-preview:large","max-video-preview":"max-video-preview:-1"},"canonical":"https:\/\/racom.com.pl\/index.php\/produkt\/woda-mineralna-san-pellegrino-gazowana-zgrzewka-12-sztuk-1l\/","og_locale":"pl_PL","og_type":"article","og_title":"WODA Mineralna San Pellegrino GAZOWANA ZGRZEWKA 12 sztuk 1L - Mix Market - Supermarket z wszystkim co potrzeba","og_description":"WODA S. PELLEGRINO GAZOWANA MINERALNA PET 1L Zgrzewka 12 szt. x 1L Jest to jedna z najbardziej znanych w\u00f3d na \u015bwiecie i doskona\u0142y dodatek do najlepszych \u015bwiatowych sk\u0142adnik\u00f3w. Poniewa\u017c nic tak nie inspiruje ducha wsp\u00f3lnoty jak S.Pellegrino. Od momentu powstania w 1899 roku S.Pellegrino jest ikonicznym symbolem w\u0142oskiego stylu, dobrego jedzenia i stylu \u017cycia. Jest [&hellip;]","og_url":"https:\/\/racom.com.pl\/index.php\/produkt\/woda-mineralna-san-pellegrino-gazowana-zgrzewka-12-sztuk-1l\/","og_site_name":"Mix Market - Supermarket z wszystkim co potrzeba","og_image":[{"width":2500,"height":2500,"url":"https:\/\/racom.com.pl\/wp-content\/uploads\/2025\/07\/allegro_687ac2e9eb1137.64449521_be5b1b60490f97dbebf1a0903b3c.jpg","type":"image\/jpeg"}],"twitter_card":"summary_large_image","twitter_misc":{"Szacowany czas czytania":"1 minuta"},"schema":{"@context":"https:\/\/schema.org","@graph":[{"@type":"WebPage","@id":"https:\/\/racom.com.pl\/index.php\/produkt\/woda-mineralna-san-pellegrino-gazowana-zgrzewka-12-sztuk-1l\/","url":"https:\/\/racom.com.pl\/index.php\/produkt\/woda-mineralna-san-pellegrino-gazowana-zgrzewka-12-sztuk-1l\/","name":"WODA Mineralna San Pellegrino GAZOWANA ZGRZEWKA 12 sztuk 1L - Mix Market - Supermarket z wszystkim co potrzeba","isPartOf":{"@id":"https:\/\/racom.com.pl\/#website"},"primaryImageOfPage":{"@id":"https:\/\/racom.com.pl\/index.php\/produkt\/woda-mineralna-san-pellegrino-gazowana-zgrzewka-12-sztuk-1l\/#primaryimage"},"image":{"@id":"https:\/\/racom.com.pl\/index.php\/produkt\/woda-mineralna-san-pellegrino-gazowana-zgrzewka-12-sztuk-1l\/#primaryimage"},"thumbnailUrl":"https:\/\/racom.com.pl\/wp-content\/uploads\/2025\/07\/allegro_687ac2e9eb1137.64449521_be5b1b60490f97dbebf1a0903b3c.jpg","datePublished":"2025-07-18T21:54:58+00:00","breadcrumb":{"@id":"https:\/\/racom.com.pl\/index.php\/produkt\/woda-mineralna-san-pellegrino-gazowana-zgrzewka-12-sztuk-1l\/#breadcrumb"},"inLanguage":"pl-PL","potentialAction":[{"@type":"ReadAction","target":["https:\/\/racom.com.pl\/index.php\/produkt\/woda-mineralna-san-pellegrino-gazowana-zgrzewka-12-sztuk-1l\/"]}]},{"@type":"ImageObject","inLanguage":"pl-PL","@id":"https:\/\/racom.com.pl\/index.php\/produkt\/woda-mineralna-san-pellegrino-gazowana-zgrzewka-12-sztuk-1l\/#primaryimage","url":"https:\/\/racom.com.pl\/wp-content\/uploads\/2025\/07\/allegro_687ac2e9eb1137.64449521_be5b1b60490f97dbebf1a0903b3c.jpg","contentUrl":"https:\/\/racom.com.pl\/wp-content\/uploads\/2025\/07\/allegro_687ac2e9eb1137.64449521_be5b1b60490f97dbebf1a0903b3c.jpg","width":2500,"height":2500},{"@type":"BreadcrumbList","@id":"https:\/\/racom.com.pl\/index.php\/produkt\/woda-mineralna-san-pellegrino-gazowana-zgrzewka-12-sztuk-1l\/#breadcrumb","itemListElement":[{"@type":"ListItem","position":1,"name":"Strona g\u0142\u00f3wna","item":"https:\/\/racom.com.pl\/"},{"@type":"ListItem","position":2,"name":"Sklep","item":"https:\/\/racom.com.pl\/"},{"@type":"ListItem","position":3,"name":"WODA Mineralna San Pellegrino GAZOWANA ZGRZEWKA 12 sztuk 1L"}]},{"@type":"WebSite","@id":"https:\/\/racom.com.pl\/#website","url":"https:\/\/racom.com.pl\/","name":"Mix Market - Supermarket z wszystkim co potrzeba do domu i nie tylko","description":"","publisher":{"@id":"https:\/\/racom.com.pl\/#organization"},"potentialAction":[{"@type":"SearchAction","target":{"@type":"EntryPoint","urlTemplate":"https:\/\/racom.com.pl\/?s={search_term_string}"},"query-input":{"@type":"PropertyValueSpecification","valueRequired":true,"valueName":"search_term_string"}}],"inLanguage":"pl-PL"},{"@type":"Organization","@id":"https:\/\/racom.com.pl\/#organization","name":"Mix Market - Supermarket z wszystkim co potrzeba do domu i nie tylko","url":"https:\/\/racom.com.pl\/","logo":{"@type":"ImageObject","inLanguage":"pl-PL","@id":"https:\/\/racom.com.pl\/#\/schema\/logo\/image\/","url":"https:\/\/racom.com.pl\/wp-content\/uploads\/2025\/07\/mixmarket_logo.png","contentUrl":"https:\/\/racom.com.pl\/wp-content\/uploads\/2025\/07\/mixmarket_logo.png","width":1024,"height":1024,"caption":"Mix Market - Supermarket z wszystkim co potrzeba do domu i nie tylko"},"image":{"@id":"https:\/\/racom.com.pl\/#\/schema\/logo\/image\/"}}]}},"_links":{"self":[{"href":"https:\/\/racom.com.pl\/index.php\/wp-json\/wp\/v2\/product\/2649","targetHints":{"allow":["GET"]}}],"collection":[{"href":"https:\/\/racom.com.pl\/index.php\/wp-json\/wp\/v2\/product"}],"about":[{"href":"https:\/\/racom.com.pl\/index.php\/wp-json\/wp\/v2\/types\/product"}],"replies":[{"embeddable":true,"href":"https:\/\/racom.com.pl\/index.php\/wp-json\/wp\/v2\/comments?post=2649"}],"wp:featuredmedia":[{"embeddable":true,"href":"https:\/\/racom.com.pl\/index.php\/wp-json\/wp\/v2\/media\/2652"}],"wp:attachment":[{"href":"https:\/\/racom.com.pl\/index.php\/wp-json\/wp\/v2\/media?parent=2649"}],"wp:term":[{"taxonomy":"product_brand","embeddable":true,"href":"https:\/\/racom.com.pl\/index.php\/wp-json\/wp\/v2\/product_brand?post=2649"},{"taxonomy":"product_cat","embeddable":true,"href":"https:\/\/racom.com.pl\/index.php\/wp-json\/wp\/v2\/product_cat?post=2649"},{"taxonomy":"product_tag","embeddable":true,"href":"https:\/\/racom.com.pl\/index.php\/wp-json\/wp\/v2\/product_tag?post=2649"}],"curies":[{"name":"wp","href":"https:\/\/api.w.org\/{rel}","templated":true}]}}