{"id":2670,"date":"2025-07-18T23:59:11","date_gmt":"2025-07-18T21:59:11","guid":{"rendered":"http:\/\/192.168.2.106\/index.php\/produkt\/zestaw-woda-lecznicza-zuber-3l-woda-lecznicza-jan-3l-zestaw-6l\/"},"modified":"2025-07-18T23:59:11","modified_gmt":"2025-07-18T21:59:11","slug":"zestaw-woda-lecznicza-zuber-3l-woda-lecznicza-jan-3l-zestaw-6l","status":"publish","type":"product","link":"https:\/\/racom.com.pl\/index.php\/produkt\/zestaw-woda-lecznicza-zuber-3l-woda-lecznicza-jan-3l-zestaw-6l\/","title":{"rendered":"ZESTAW Woda Lecznicza Zuber 3L + Woda Lecznicza Jan 3L (Zestaw 6L)"},"content":{"rendered":"<h2>Zuber &#8211; Karton 3 l &#8211; Woda Lecznicza &#8211; Krynica + Woda Lecznicza w Kartonie Jan Oczyszczenie 3 l &#8211; Krynica<\/h2>\n<p>Uzdrowisko Krynica-\u017begiest\u00f3w S.A.<\/p>\n<p><b>Oferta dotyczy dw\u00f3ch karton\u00f3w wody leczniczej:<\/b><\/p>\n<p><b>1x Woda Zuber 3L<\/b><\/p>\n<p><b>1x Woda Jan 3L<\/b><\/p>\n<h2>ZUBER WODA LECZNICZA<\/h2>\n<p>Zawarto\u015b\u0107 netto: 3 L<\/p>\n<p>Zalecana w chorobach uk\u0142adu trawienia, w leczeniu chor\u00f3b wrzodowych \u017co\u0142\u0105dka i dwunastnicy, zwalcza nadkwasot\u0119, zwi\u0119ksza spalanie t\u0142uszcz\u00f3w, powoduj\u0105c spadek wagi, \u0142agodzi przykre objawy spo\u017cycia alkoholu, w po\u0142\u0105czeniu z wod\u0105 Jan wspomaga leczenie chor\u00f3b naczy\u0144 obwodowych i mia\u017cd\u017cycy.<\/p>\n<p>Zawiera naturalny dwutlenek w\u0119gla ze \u017ar\u00f3d\u0142a.<\/p>\n<p>Woda posiada \u015bwiadectwo, potwierdzaj\u0105ce w\u0142a\u015bciwo\u015bci lecznicze naturalnego surowca leczniczego.<\/p>\n<p>Spos\u00f3b dawkowania: Profilaktycznie 3x dziennie 1 szklanka wody (mo\u017cna lekko podgrza\u0107) oko\u0142o p\u00f3\u0142 godziny przed posi\u0142kiem. Uwaga! Nie zaleca si\u0119 jedzenia surowych owoc\u00f3w i warzyw na godzin\u0119 przed spo\u017cyciem wody.<\/p>\n<p>Warunki przechowania: Przechowywa\u0107 w suchym i ch\u0142odnym miejscu (zalecana temp. od 4 do 20 st. C). Chroni\u0107 przed zamro\u017ceniem i promieniami s\u0142onecznymi.<\/p>\n<p>Informacje dodatkowe: Analiz\u0119 fizyko-chemiczn\u0105 wykonano przez akredytowane laboratorium.<\/p>\n<p>Og\u00f3lna zawarto\u015b\u0107 sk\u0142adnik\u00f3w mineralnych: 23 977,10 mg\/l<\/p>\n<p>Aniony:<\/p>\n<p>Wodorow\u0119glanowy &#8211; 16342,00<\/p>\n<p>Chlorkowy &#8211; 1001,00<\/p>\n<p>Siarczanowy &#8211; 54,78<\/p>\n<p>Bromkowy &#8211; 1,54<\/p>\n<p>Jodkowy &#8211; 1,16<\/p>\n<p>Kationy:<\/p>\n<p>Sodowy &#8211; 5994,00<\/p>\n<p>Magnezowy &#8211; 234,90<\/p>\n<p>Potasowy &#8211; 211,90<\/p>\n<p>Litowy &#8211; 27,94<\/p>\n<p>Wapniowy 27,35<\/p>\n<h2>NATURALNA WODA LECZNICZA Z KRYNICY-ZDROJU JAN OCZYSZCZENIE<\/h2>\n<p>Zalecana w chorobach nerek i dr\u00f3g moczowych, wspomaga leczenie cukrzycy i oty\u0142o\u015bci, obni\u017ca cholesterol we krwi, sprzyja leczeniu parodontozy poprzez p\u0142ukanie jamy ustnej, w po\u0142\u0105czeniu z wod\u0105 Zuber wspomaga leczenie chor\u00f3b naczy\u0144 obwodowych i mia\u017cd\u017cycy.<\/p>\n<p>Zawiera naturalny dwutlenek w\u0119gla ze \u017ar\u00f3d\u0142a.<\/p>\n<p>Zawarto\u015b\u0107 netto: 3 L<\/p>\n<p>Zastosowanie: Profilaktycznie 3 x dziennie 1 szklanka wody (mo\u017cna lekko podgrza\u0107) oko\u0142o p\u00f3\u0142 godziny przed posi\u0142kiem.<\/p>\n<p>Warunki przechowania: Przechowywa\u0107 w temp. od 4 do 20\u00baC. Chroni\u0107 przed zamro\u017ceniem i promieniami s\u0142onecznymi.<\/p>\n<p>Informacje dodatkowe: Analiz\u0119 fizyko-chemiczn\u0105 wykonano w akredytowanym laboratorium. Posiada \u015bwiadectwo potwierdzaj\u0105ce w\u0142a\u015bciwo\u015bci lecznicze naturalnego surowca leczniczego. Rozlewana ze \u017ar\u00f3d\u0142a &#8222;Jan&#8221; w Krynicy-Zdroju.<\/p>\n<p>Osad jest zjawiskiem naturalnym.<\/p>\n<p>Og\u00f3lna zawarto\u015b\u0107 sk\u0142adnik\u00f3w mineralnych: 587,70 mg\/l<\/p>\n<p>Kationy:<\/p>\n<p>Wapniowy 103,30<\/p>\n<p>Magnezowy&nbsp;16,70<\/p>\n<p>Sodowy 16,76<\/p>\n<p>Potasowy 1,60<\/p>\n<p>Aniony:<\/p>\n<p>Wodorow\u0119glanowy 329,50<\/p>\n<p>Chlorkowy 51,50<\/p>\n<p>Siarczanowy 39,75<\/p>\n","protected":false},"excerpt":{"rendered":"<p>Zuber &#8211; Karton 3 l &#8211; Woda Lecznicza &#8211; Krynica + Woda Lecznicza w Kartonie Jan Oczyszczenie 3 l &#8211; Krynica Uzdrowisko Krynica-\u017begiest\u00f3w S.A. Oferta dotyczy dw\u00f3ch karton\u00f3w wody leczniczej: 1x Woda Zuber 3L 1x Woda Jan 3L ZUBER WODA LECZNICZA Zawarto\u015b\u0107 netto: 3 L Zalecana w chorobach uk\u0142adu trawienia, w leczeniu chor\u00f3b wrzodowych \u017co\u0142\u0105dka [&hellip;]<\/p>\n","protected":false},"featured_media":2674,"comment_status":"open","ping_status":"closed","template":"","meta":[],"product_brand":[182],"product_cat":[116],"product_tag":[],"class_list":{"0":"post-2670","1":"product","2":"type-product","3":"status-publish","4":"has-post-thumbnail","6":"product_brand-krynica-zdroj","7":"product_cat-napoje-i-akcesoria","9":"first","10":"instock","11":"taxable","12":"shipping-taxable","13":"purchasable","14":"product-type-simple"},"yoast_head":"<!-- This site is optimized with the Yoast SEO plugin v27.3 - https:\/\/yoast.com\/product\/yoast-seo-wordpress\/ -->\n<title>ZESTAW Woda Lecznicza Zuber 3L + Woda Lecznicza Jan 3L (Zestaw 6L) - Mix Market - Supermarket z wszystkim co potrzeba<\/title>\n<meta name=\"robots\" content=\"index, follow, max-snippet:-1, max-image-preview:large, max-video-preview:-1\" \/>\n<link rel=\"canonical\" href=\"https:\/\/racom.com.pl\/index.php\/produkt\/zestaw-woda-lecznicza-zuber-3l-woda-lecznicza-jan-3l-zestaw-6l\/\" \/>\n<meta property=\"og:locale\" content=\"pl_PL\" \/>\n<meta property=\"og:type\" content=\"article\" \/>\n<meta property=\"og:title\" content=\"ZESTAW Woda Lecznicza Zuber 3L + Woda Lecznicza Jan 3L (Zestaw 6L) - Mix Market - Supermarket z wszystkim co potrzeba\" \/>\n<meta property=\"og:description\" content=\"Zuber &#8211; Karton 3 l &#8211; Woda Lecznicza &#8211; Krynica + Woda Lecznicza w Kartonie Jan Oczyszczenie 3 l &#8211; Krynica Uzdrowisko Krynica-\u017begiest\u00f3w S.A. Oferta dotyczy dw\u00f3ch karton\u00f3w wody leczniczej: 1x Woda Zuber 3L 1x Woda Jan 3L ZUBER WODA LECZNICZA Zawarto\u015b\u0107 netto: 3 L Zalecana w chorobach uk\u0142adu trawienia, w leczeniu chor\u00f3b wrzodowych \u017co\u0142\u0105dka [&hellip;]\" \/>\n<meta property=\"og:url\" content=\"https:\/\/racom.com.pl\/index.php\/produkt\/zestaw-woda-lecznicza-zuber-3l-woda-lecznicza-jan-3l-zestaw-6l\/\" \/>\n<meta property=\"og:site_name\" content=\"Mix Market - Supermarket z wszystkim co potrzeba\" \/>\n<meta property=\"og:image\" content=\"https:\/\/racom.com.pl\/wp-content\/uploads\/2025\/07\/allegro_687ac3cf7085d6.59057857_6935f79b482b87b53e8f504c7a1e.jpg\" \/>\n\t<meta property=\"og:image:width\" content=\"678\" \/>\n\t<meta property=\"og:image:height\" content=\"949\" \/>\n\t<meta property=\"og:image:type\" content=\"image\/jpeg\" \/>\n<meta name=\"twitter:card\" content=\"summary_large_image\" \/>\n<meta name=\"twitter:label1\" content=\"Szacowany czas czytania\" \/>\n\t<meta name=\"twitter:data1\" content=\"2 minuty\" \/>\n<script type=\"application\/ld+json\" class=\"yoast-schema-graph\">{\"@context\":\"https:\\\/\\\/schema.org\",\"@graph\":[{\"@type\":\"WebPage\",\"@id\":\"https:\\\/\\\/racom.com.pl\\\/index.php\\\/produkt\\\/zestaw-woda-lecznicza-zuber-3l-woda-lecznicza-jan-3l-zestaw-6l\\\/\",\"url\":\"https:\\\/\\\/racom.com.pl\\\/index.php\\\/produkt\\\/zestaw-woda-lecznicza-zuber-3l-woda-lecznicza-jan-3l-zestaw-6l\\\/\",\"name\":\"ZESTAW Woda Lecznicza Zuber 3L + Woda Lecznicza Jan 3L (Zestaw 6L) - Mix Market - Supermarket z wszystkim co potrzeba\",\"isPartOf\":{\"@id\":\"https:\\\/\\\/racom.com.pl\\\/#website\"},\"primaryImageOfPage\":{\"@id\":\"https:\\\/\\\/racom.com.pl\\\/index.php\\\/produkt\\\/zestaw-woda-lecznicza-zuber-3l-woda-lecznicza-jan-3l-zestaw-6l\\\/#primaryimage\"},\"image\":{\"@id\":\"https:\\\/\\\/racom.com.pl\\\/index.php\\\/produkt\\\/zestaw-woda-lecznicza-zuber-3l-woda-lecznicza-jan-3l-zestaw-6l\\\/#primaryimage\"},\"thumbnailUrl\":\"https:\\\/\\\/racom.com.pl\\\/wp-content\\\/uploads\\\/2025\\\/07\\\/allegro_687ac3cf7085d6.59057857_6935f79b482b87b53e8f504c7a1e.jpg\",\"datePublished\":\"2025-07-18T21:59:11+00:00\",\"breadcrumb\":{\"@id\":\"https:\\\/\\\/racom.com.pl\\\/index.php\\\/produkt\\\/zestaw-woda-lecznicza-zuber-3l-woda-lecznicza-jan-3l-zestaw-6l\\\/#breadcrumb\"},\"inLanguage\":\"pl-PL\",\"potentialAction\":[{\"@type\":\"ReadAction\",\"target\":[\"https:\\\/\\\/racom.com.pl\\\/index.php\\\/produkt\\\/zestaw-woda-lecznicza-zuber-3l-woda-lecznicza-jan-3l-zestaw-6l\\\/\"]}]},{\"@type\":\"ImageObject\",\"inLanguage\":\"pl-PL\",\"@id\":\"https:\\\/\\\/racom.com.pl\\\/index.php\\\/produkt\\\/zestaw-woda-lecznicza-zuber-3l-woda-lecznicza-jan-3l-zestaw-6l\\\/#primaryimage\",\"url\":\"https:\\\/\\\/racom.com.pl\\\/wp-content\\\/uploads\\\/2025\\\/07\\\/allegro_687ac3cf7085d6.59057857_6935f79b482b87b53e8f504c7a1e.jpg\",\"contentUrl\":\"https:\\\/\\\/racom.com.pl\\\/wp-content\\\/uploads\\\/2025\\\/07\\\/allegro_687ac3cf7085d6.59057857_6935f79b482b87b53e8f504c7a1e.jpg\",\"width\":678,\"height\":949},{\"@type\":\"BreadcrumbList\",\"@id\":\"https:\\\/\\\/racom.com.pl\\\/index.php\\\/produkt\\\/zestaw-woda-lecznicza-zuber-3l-woda-lecznicza-jan-3l-zestaw-6l\\\/#breadcrumb\",\"itemListElement\":[{\"@type\":\"ListItem\",\"position\":1,\"name\":\"Strona g\u0142\u00f3wna\",\"item\":\"https:\\\/\\\/racom.com.pl\\\/\"},{\"@type\":\"ListItem\",\"position\":2,\"name\":\"Sklep\",\"item\":\"https:\\\/\\\/racom.com.pl\\\/\"},{\"@type\":\"ListItem\",\"position\":3,\"name\":\"ZESTAW Woda Lecznicza Zuber 3L + Woda Lecznicza Jan 3L (Zestaw 6L)\"}]},{\"@type\":\"WebSite\",\"@id\":\"https:\\\/\\\/racom.com.pl\\\/#website\",\"url\":\"https:\\\/\\\/racom.com.pl\\\/\",\"name\":\"Mix Market - Supermarket z wszystkim co potrzeba do domu i nie tylko\",\"description\":\"\",\"publisher\":{\"@id\":\"https:\\\/\\\/racom.com.pl\\\/#organization\"},\"potentialAction\":[{\"@type\":\"SearchAction\",\"target\":{\"@type\":\"EntryPoint\",\"urlTemplate\":\"https:\\\/\\\/racom.com.pl\\\/?s={search_term_string}\"},\"query-input\":{\"@type\":\"PropertyValueSpecification\",\"valueRequired\":true,\"valueName\":\"search_term_string\"}}],\"inLanguage\":\"pl-PL\"},{\"@type\":\"Organization\",\"@id\":\"https:\\\/\\\/racom.com.pl\\\/#organization\",\"name\":\"Mix Market - Supermarket z wszystkim co potrzeba do domu i nie tylko\",\"url\":\"https:\\\/\\\/racom.com.pl\\\/\",\"logo\":{\"@type\":\"ImageObject\",\"inLanguage\":\"pl-PL\",\"@id\":\"https:\\\/\\\/racom.com.pl\\\/#\\\/schema\\\/logo\\\/image\\\/\",\"url\":\"https:\\\/\\\/racom.com.pl\\\/wp-content\\\/uploads\\\/2025\\\/07\\\/mixmarket_logo.png\",\"contentUrl\":\"https:\\\/\\\/racom.com.pl\\\/wp-content\\\/uploads\\\/2025\\\/07\\\/mixmarket_logo.png\",\"width\":1024,\"height\":1024,\"caption\":\"Mix Market - Supermarket z wszystkim co potrzeba do domu i nie tylko\"},\"image\":{\"@id\":\"https:\\\/\\\/racom.com.pl\\\/#\\\/schema\\\/logo\\\/image\\\/\"}}]}<\/script>\n<!-- \/ Yoast SEO plugin. -->","yoast_head_json":{"title":"ZESTAW Woda Lecznicza Zuber 3L + Woda Lecznicza Jan 3L (Zestaw 6L) - Mix Market - Supermarket z wszystkim co potrzeba","robots":{"index":"index","follow":"follow","max-snippet":"max-snippet:-1","max-image-preview":"max-image-preview:large","max-video-preview":"max-video-preview:-1"},"canonical":"https:\/\/racom.com.pl\/index.php\/produkt\/zestaw-woda-lecznicza-zuber-3l-woda-lecznicza-jan-3l-zestaw-6l\/","og_locale":"pl_PL","og_type":"article","og_title":"ZESTAW Woda Lecznicza Zuber 3L + Woda Lecznicza Jan 3L (Zestaw 6L) - Mix Market - Supermarket z wszystkim co potrzeba","og_description":"Zuber &#8211; Karton 3 l &#8211; Woda Lecznicza &#8211; Krynica + Woda Lecznicza w Kartonie Jan Oczyszczenie 3 l &#8211; Krynica Uzdrowisko Krynica-\u017begiest\u00f3w S.A. Oferta dotyczy dw\u00f3ch karton\u00f3w wody leczniczej: 1x Woda Zuber 3L 1x Woda Jan 3L ZUBER WODA LECZNICZA Zawarto\u015b\u0107 netto: 3 L Zalecana w chorobach uk\u0142adu trawienia, w leczeniu chor\u00f3b wrzodowych \u017co\u0142\u0105dka [&hellip;]","og_url":"https:\/\/racom.com.pl\/index.php\/produkt\/zestaw-woda-lecznicza-zuber-3l-woda-lecznicza-jan-3l-zestaw-6l\/","og_site_name":"Mix Market - Supermarket z wszystkim co potrzeba","og_image":[{"width":678,"height":949,"url":"https:\/\/racom.com.pl\/wp-content\/uploads\/2025\/07\/allegro_687ac3cf7085d6.59057857_6935f79b482b87b53e8f504c7a1e.jpg","type":"image\/jpeg"}],"twitter_card":"summary_large_image","twitter_misc":{"Szacowany czas czytania":"2 minuty"},"schema":{"@context":"https:\/\/schema.org","@graph":[{"@type":"WebPage","@id":"https:\/\/racom.com.pl\/index.php\/produkt\/zestaw-woda-lecznicza-zuber-3l-woda-lecznicza-jan-3l-zestaw-6l\/","url":"https:\/\/racom.com.pl\/index.php\/produkt\/zestaw-woda-lecznicza-zuber-3l-woda-lecznicza-jan-3l-zestaw-6l\/","name":"ZESTAW Woda Lecznicza Zuber 3L + Woda Lecznicza Jan 3L (Zestaw 6L) - Mix Market - Supermarket z wszystkim co potrzeba","isPartOf":{"@id":"https:\/\/racom.com.pl\/#website"},"primaryImageOfPage":{"@id":"https:\/\/racom.com.pl\/index.php\/produkt\/zestaw-woda-lecznicza-zuber-3l-woda-lecznicza-jan-3l-zestaw-6l\/#primaryimage"},"image":{"@id":"https:\/\/racom.com.pl\/index.php\/produkt\/zestaw-woda-lecznicza-zuber-3l-woda-lecznicza-jan-3l-zestaw-6l\/#primaryimage"},"thumbnailUrl":"https:\/\/racom.com.pl\/wp-content\/uploads\/2025\/07\/allegro_687ac3cf7085d6.59057857_6935f79b482b87b53e8f504c7a1e.jpg","datePublished":"2025-07-18T21:59:11+00:00","breadcrumb":{"@id":"https:\/\/racom.com.pl\/index.php\/produkt\/zestaw-woda-lecznicza-zuber-3l-woda-lecznicza-jan-3l-zestaw-6l\/#breadcrumb"},"inLanguage":"pl-PL","potentialAction":[{"@type":"ReadAction","target":["https:\/\/racom.com.pl\/index.php\/produkt\/zestaw-woda-lecznicza-zuber-3l-woda-lecznicza-jan-3l-zestaw-6l\/"]}]},{"@type":"ImageObject","inLanguage":"pl-PL","@id":"https:\/\/racom.com.pl\/index.php\/produkt\/zestaw-woda-lecznicza-zuber-3l-woda-lecznicza-jan-3l-zestaw-6l\/#primaryimage","url":"https:\/\/racom.com.pl\/wp-content\/uploads\/2025\/07\/allegro_687ac3cf7085d6.59057857_6935f79b482b87b53e8f504c7a1e.jpg","contentUrl":"https:\/\/racom.com.pl\/wp-content\/uploads\/2025\/07\/allegro_687ac3cf7085d6.59057857_6935f79b482b87b53e8f504c7a1e.jpg","width":678,"height":949},{"@type":"BreadcrumbList","@id":"https:\/\/racom.com.pl\/index.php\/produkt\/zestaw-woda-lecznicza-zuber-3l-woda-lecznicza-jan-3l-zestaw-6l\/#breadcrumb","itemListElement":[{"@type":"ListItem","position":1,"name":"Strona g\u0142\u00f3wna","item":"https:\/\/racom.com.pl\/"},{"@type":"ListItem","position":2,"name":"Sklep","item":"https:\/\/racom.com.pl\/"},{"@type":"ListItem","position":3,"name":"ZESTAW Woda Lecznicza Zuber 3L + Woda Lecznicza Jan 3L (Zestaw 6L)"}]},{"@type":"WebSite","@id":"https:\/\/racom.com.pl\/#website","url":"https:\/\/racom.com.pl\/","name":"Mix Market - Supermarket z wszystkim co potrzeba do domu i nie tylko","description":"","publisher":{"@id":"https:\/\/racom.com.pl\/#organization"},"potentialAction":[{"@type":"SearchAction","target":{"@type":"EntryPoint","urlTemplate":"https:\/\/racom.com.pl\/?s={search_term_string}"},"query-input":{"@type":"PropertyValueSpecification","valueRequired":true,"valueName":"search_term_string"}}],"inLanguage":"pl-PL"},{"@type":"Organization","@id":"https:\/\/racom.com.pl\/#organization","name":"Mix Market - Supermarket z wszystkim co potrzeba do domu i nie tylko","url":"https:\/\/racom.com.pl\/","logo":{"@type":"ImageObject","inLanguage":"pl-PL","@id":"https:\/\/racom.com.pl\/#\/schema\/logo\/image\/","url":"https:\/\/racom.com.pl\/wp-content\/uploads\/2025\/07\/mixmarket_logo.png","contentUrl":"https:\/\/racom.com.pl\/wp-content\/uploads\/2025\/07\/mixmarket_logo.png","width":1024,"height":1024,"caption":"Mix Market - Supermarket z wszystkim co potrzeba do domu i nie tylko"},"image":{"@id":"https:\/\/racom.com.pl\/#\/schema\/logo\/image\/"}}]}},"_links":{"self":[{"href":"https:\/\/racom.com.pl\/index.php\/wp-json\/wp\/v2\/product\/2670","targetHints":{"allow":["GET"]}}],"collection":[{"href":"https:\/\/racom.com.pl\/index.php\/wp-json\/wp\/v2\/product"}],"about":[{"href":"https:\/\/racom.com.pl\/index.php\/wp-json\/wp\/v2\/types\/product"}],"replies":[{"embeddable":true,"href":"https:\/\/racom.com.pl\/index.php\/wp-json\/wp\/v2\/comments?post=2670"}],"wp:featuredmedia":[{"embeddable":true,"href":"https:\/\/racom.com.pl\/index.php\/wp-json\/wp\/v2\/media\/2674"}],"wp:attachment":[{"href":"https:\/\/racom.com.pl\/index.php\/wp-json\/wp\/v2\/media?parent=2670"}],"wp:term":[{"taxonomy":"product_brand","embeddable":true,"href":"https:\/\/racom.com.pl\/index.php\/wp-json\/wp\/v2\/product_brand?post=2670"},{"taxonomy":"product_cat","embeddable":true,"href":"https:\/\/racom.com.pl\/index.php\/wp-json\/wp\/v2\/product_cat?post=2670"},{"taxonomy":"product_tag","embeddable":true,"href":"https:\/\/racom.com.pl\/index.php\/wp-json\/wp\/v2\/product_tag?post=2670"}],"curies":[{"name":"wp","href":"https:\/\/api.w.org\/{rel}","templated":true}]}}