{"id":2683,"date":"2025-07-19T00:01:01","date_gmt":"2025-07-18T22:01:01","guid":{"rendered":"http:\/\/192.168.2.106\/index.php\/produkt\/konserwa-krakus-12x300g-luksusowa-mielonka-zgrzewka-zestaw\/"},"modified":"2025-07-19T00:01:01","modified_gmt":"2025-07-18T22:01:01","slug":"konserwa-krakus-12x300g-luksusowa-mielonka-zgrzewka-zestaw","status":"publish","type":"product","link":"https:\/\/racom.com.pl\/index.php\/produkt\/konserwa-krakus-12x300g-luksusowa-mielonka-zgrzewka-zestaw\/","title":{"rendered":"Konserwa Krakus 12x300g Luksusowa Mielonka ZGRZEWKA ZESTAW"},"content":{"rendered":"<h2>12xKonserwa mi\u0119sna 94% mi\u0119saMielonka luksusowa 300g<\/h2>\n<p>Oferta dotyczy zgrzewki produktu (12 sztuk ka\u017cda po 300g).<\/p>\n<p><b>Wy\u015bmienity i tradycyjny smak<\/b> konserwy marki Krakus<\/p>\n<h2>Sk\u0142ad:<\/h2>\n<ul>\n<li>mi\u0119so wieprzowe 94%<\/li>\n<li>s\u00f3l<\/li>\n<li>stabilizatory: difosforany<\/li>\n<li>pieprz bia\u0142y<\/li>\n<li>substancja konserwuj\u0105ca: azotyn sodu<\/li>\n<\/ul>\n<h2>Warto\u015bci od\u017cywcze w 100g produktu:<\/h2>\n<ul>\n<li>Warto\u015b\u0107 energetyczna : 967 kJ \/ 233 kcal<\/li>\n<li>T\u0142uszcz (g): 19<\/li>\n<li>w tym kwasy t\u0142uszczowe nasycone (g): 7,6<\/li>\n<li>W\u0119glowodany (g): 0,5<\/li>\n<li>w tym cukry (g): 0<\/li>\n<li>Bia\u0142ko (g): 15<\/li>\n<li>S\u00f3l (g): 1,8<\/li>\n<\/ul>\n<h2>Spos\u00f3b przechowywania:<\/h2>\n<p>Przechowywa\u0107 w temperaturze od +2\u00b0C do +25\u00b0C. Po otwarciu przechowywa\u0107 w lod\u00f3wce i spo\u017cy\u0107 w ci\u0105gu 48 godzin.<\/p>\n<h2>Informacja alergenach:<\/h2>\n<ul>\n<li>Seler &#8211; Mo\u017ce zawiera\u0107<\/li>\n<li>Mleko &#8211; Mo\u017ce zawiera\u0107<\/li>\n<li>Gorczyca &#8211; Mo\u017ce zawiera\u0107<\/li>\n<li>Soja &#8211; Mo\u017ce zawiera\u0107<\/li>\n<\/ul>\n","protected":false},"excerpt":{"rendered":"<p>12xKonserwa mi\u0119sna 94% mi\u0119saMielonka luksusowa 300g Oferta dotyczy zgrzewki produktu (12 sztuk ka\u017cda po 300g). Wy\u015bmienity i tradycyjny smak konserwy marki Krakus Sk\u0142ad: mi\u0119so wieprzowe 94% s\u00f3l stabilizatory: difosforany pieprz bia\u0142y substancja konserwuj\u0105ca: azotyn sodu Warto\u015bci od\u017cywcze w 100g produktu: Warto\u015b\u0107 energetyczna : 967 kJ \/ 233 kcal T\u0142uszcz (g): 19 w tym kwasy t\u0142uszczowe [&hellip;]<\/p>\n","protected":false},"featured_media":2687,"comment_status":"open","ping_status":"closed","template":"","meta":[],"product_brand":[176],"product_cat":[164],"product_tag":[],"class_list":{"0":"post-2683","1":"product","2":"type-product","3":"status-publish","4":"has-post-thumbnail","6":"product_brand-krakus","7":"product_cat-mieso-i-wedliny","9":"first","10":"instock","11":"taxable","12":"shipping-taxable","13":"purchasable","14":"product-type-simple"},"yoast_head":"<!-- This site is optimized with the Yoast SEO plugin v27.3 - https:\/\/yoast.com\/product\/yoast-seo-wordpress\/ -->\n<title>Konserwa Krakus 12x300g Luksusowa Mielonka ZGRZEWKA ZESTAW - Mix Market - Supermarket z wszystkim co potrzeba<\/title>\n<meta name=\"robots\" content=\"index, follow, max-snippet:-1, max-image-preview:large, max-video-preview:-1\" \/>\n<link rel=\"canonical\" href=\"https:\/\/racom.com.pl\/index.php\/produkt\/konserwa-krakus-12x300g-luksusowa-mielonka-zgrzewka-zestaw\/\" \/>\n<meta property=\"og:locale\" content=\"pl_PL\" \/>\n<meta property=\"og:type\" content=\"article\" \/>\n<meta property=\"og:title\" content=\"Konserwa Krakus 12x300g Luksusowa Mielonka ZGRZEWKA ZESTAW - Mix Market - Supermarket z wszystkim co potrzeba\" \/>\n<meta property=\"og:description\" content=\"12xKonserwa mi\u0119sna 94% mi\u0119saMielonka luksusowa 300g Oferta dotyczy zgrzewki produktu (12 sztuk ka\u017cda po 300g). Wy\u015bmienity i tradycyjny smak konserwy marki Krakus Sk\u0142ad: mi\u0119so wieprzowe 94% s\u00f3l stabilizatory: difosforany pieprz bia\u0142y substancja konserwuj\u0105ca: azotyn sodu Warto\u015bci od\u017cywcze w 100g produktu: Warto\u015b\u0107 energetyczna : 967 kJ \/ 233 kcal T\u0142uszcz (g): 19 w tym kwasy t\u0142uszczowe [&hellip;]\" \/>\n<meta property=\"og:url\" content=\"https:\/\/racom.com.pl\/index.php\/produkt\/konserwa-krakus-12x300g-luksusowa-mielonka-zgrzewka-zestaw\/\" \/>\n<meta property=\"og:site_name\" content=\"Mix Market - Supermarket z wszystkim co potrzeba\" \/>\n<meta property=\"og:image\" content=\"https:\/\/racom.com.pl\/wp-content\/uploads\/2025\/07\/allegro_687ac43617e9e1.67365459_fa7854364b548682b565277bbd33.jpg\" \/>\n\t<meta property=\"og:image:width\" content=\"1000\" \/>\n\t<meta property=\"og:image:height\" content=\"882\" \/>\n\t<meta property=\"og:image:type\" content=\"image\/jpeg\" \/>\n<meta name=\"twitter:card\" content=\"summary_large_image\" \/>\n<meta name=\"twitter:label1\" content=\"Szacowany czas czytania\" \/>\n\t<meta name=\"twitter:data1\" content=\"1 minuta\" \/>\n<script type=\"application\/ld+json\" class=\"yoast-schema-graph\">{\"@context\":\"https:\\\/\\\/schema.org\",\"@graph\":[{\"@type\":\"WebPage\",\"@id\":\"https:\\\/\\\/racom.com.pl\\\/index.php\\\/produkt\\\/konserwa-krakus-12x300g-luksusowa-mielonka-zgrzewka-zestaw\\\/\",\"url\":\"https:\\\/\\\/racom.com.pl\\\/index.php\\\/produkt\\\/konserwa-krakus-12x300g-luksusowa-mielonka-zgrzewka-zestaw\\\/\",\"name\":\"Konserwa Krakus 12x300g Luksusowa Mielonka ZGRZEWKA ZESTAW - Mix Market - Supermarket z wszystkim co potrzeba\",\"isPartOf\":{\"@id\":\"https:\\\/\\\/racom.com.pl\\\/#website\"},\"primaryImageOfPage\":{\"@id\":\"https:\\\/\\\/racom.com.pl\\\/index.php\\\/produkt\\\/konserwa-krakus-12x300g-luksusowa-mielonka-zgrzewka-zestaw\\\/#primaryimage\"},\"image\":{\"@id\":\"https:\\\/\\\/racom.com.pl\\\/index.php\\\/produkt\\\/konserwa-krakus-12x300g-luksusowa-mielonka-zgrzewka-zestaw\\\/#primaryimage\"},\"thumbnailUrl\":\"https:\\\/\\\/racom.com.pl\\\/wp-content\\\/uploads\\\/2025\\\/07\\\/allegro_687ac43617e9e1.67365459_fa7854364b548682b565277bbd33.jpg\",\"datePublished\":\"2025-07-18T22:01:01+00:00\",\"breadcrumb\":{\"@id\":\"https:\\\/\\\/racom.com.pl\\\/index.php\\\/produkt\\\/konserwa-krakus-12x300g-luksusowa-mielonka-zgrzewka-zestaw\\\/#breadcrumb\"},\"inLanguage\":\"pl-PL\",\"potentialAction\":[{\"@type\":\"ReadAction\",\"target\":[\"https:\\\/\\\/racom.com.pl\\\/index.php\\\/produkt\\\/konserwa-krakus-12x300g-luksusowa-mielonka-zgrzewka-zestaw\\\/\"]}]},{\"@type\":\"ImageObject\",\"inLanguage\":\"pl-PL\",\"@id\":\"https:\\\/\\\/racom.com.pl\\\/index.php\\\/produkt\\\/konserwa-krakus-12x300g-luksusowa-mielonka-zgrzewka-zestaw\\\/#primaryimage\",\"url\":\"https:\\\/\\\/racom.com.pl\\\/wp-content\\\/uploads\\\/2025\\\/07\\\/allegro_687ac43617e9e1.67365459_fa7854364b548682b565277bbd33.jpg\",\"contentUrl\":\"https:\\\/\\\/racom.com.pl\\\/wp-content\\\/uploads\\\/2025\\\/07\\\/allegro_687ac43617e9e1.67365459_fa7854364b548682b565277bbd33.jpg\",\"width\":1000,\"height\":882},{\"@type\":\"BreadcrumbList\",\"@id\":\"https:\\\/\\\/racom.com.pl\\\/index.php\\\/produkt\\\/konserwa-krakus-12x300g-luksusowa-mielonka-zgrzewka-zestaw\\\/#breadcrumb\",\"itemListElement\":[{\"@type\":\"ListItem\",\"position\":1,\"name\":\"Strona g\u0142\u00f3wna\",\"item\":\"https:\\\/\\\/racom.com.pl\\\/\"},{\"@type\":\"ListItem\",\"position\":2,\"name\":\"Sklep\",\"item\":\"https:\\\/\\\/racom.com.pl\\\/\"},{\"@type\":\"ListItem\",\"position\":3,\"name\":\"Konserwa Krakus 12x300g Luksusowa Mielonka ZGRZEWKA ZESTAW\"}]},{\"@type\":\"WebSite\",\"@id\":\"https:\\\/\\\/racom.com.pl\\\/#website\",\"url\":\"https:\\\/\\\/racom.com.pl\\\/\",\"name\":\"Mix Market - Supermarket z wszystkim co potrzeba do domu i nie tylko\",\"description\":\"\",\"publisher\":{\"@id\":\"https:\\\/\\\/racom.com.pl\\\/#organization\"},\"potentialAction\":[{\"@type\":\"SearchAction\",\"target\":{\"@type\":\"EntryPoint\",\"urlTemplate\":\"https:\\\/\\\/racom.com.pl\\\/?s={search_term_string}\"},\"query-input\":{\"@type\":\"PropertyValueSpecification\",\"valueRequired\":true,\"valueName\":\"search_term_string\"}}],\"inLanguage\":\"pl-PL\"},{\"@type\":\"Organization\",\"@id\":\"https:\\\/\\\/racom.com.pl\\\/#organization\",\"name\":\"Mix Market - Supermarket z wszystkim co potrzeba do domu i nie tylko\",\"url\":\"https:\\\/\\\/racom.com.pl\\\/\",\"logo\":{\"@type\":\"ImageObject\",\"inLanguage\":\"pl-PL\",\"@id\":\"https:\\\/\\\/racom.com.pl\\\/#\\\/schema\\\/logo\\\/image\\\/\",\"url\":\"https:\\\/\\\/racom.com.pl\\\/wp-content\\\/uploads\\\/2025\\\/07\\\/mixmarket_logo.png\",\"contentUrl\":\"https:\\\/\\\/racom.com.pl\\\/wp-content\\\/uploads\\\/2025\\\/07\\\/mixmarket_logo.png\",\"width\":1024,\"height\":1024,\"caption\":\"Mix Market - Supermarket z wszystkim co potrzeba do domu i nie tylko\"},\"image\":{\"@id\":\"https:\\\/\\\/racom.com.pl\\\/#\\\/schema\\\/logo\\\/image\\\/\"}}]}<\/script>\n<!-- \/ Yoast SEO plugin. -->","yoast_head_json":{"title":"Konserwa Krakus 12x300g Luksusowa Mielonka ZGRZEWKA ZESTAW - Mix Market - Supermarket z wszystkim co potrzeba","robots":{"index":"index","follow":"follow","max-snippet":"max-snippet:-1","max-image-preview":"max-image-preview:large","max-video-preview":"max-video-preview:-1"},"canonical":"https:\/\/racom.com.pl\/index.php\/produkt\/konserwa-krakus-12x300g-luksusowa-mielonka-zgrzewka-zestaw\/","og_locale":"pl_PL","og_type":"article","og_title":"Konserwa Krakus 12x300g Luksusowa Mielonka ZGRZEWKA ZESTAW - Mix Market - Supermarket z wszystkim co potrzeba","og_description":"12xKonserwa mi\u0119sna 94% mi\u0119saMielonka luksusowa 300g Oferta dotyczy zgrzewki produktu (12 sztuk ka\u017cda po 300g). Wy\u015bmienity i tradycyjny smak konserwy marki Krakus Sk\u0142ad: mi\u0119so wieprzowe 94% s\u00f3l stabilizatory: difosforany pieprz bia\u0142y substancja konserwuj\u0105ca: azotyn sodu Warto\u015bci od\u017cywcze w 100g produktu: Warto\u015b\u0107 energetyczna : 967 kJ \/ 233 kcal T\u0142uszcz (g): 19 w tym kwasy t\u0142uszczowe [&hellip;]","og_url":"https:\/\/racom.com.pl\/index.php\/produkt\/konserwa-krakus-12x300g-luksusowa-mielonka-zgrzewka-zestaw\/","og_site_name":"Mix Market - Supermarket z wszystkim co potrzeba","og_image":[{"width":1000,"height":882,"url":"https:\/\/racom.com.pl\/wp-content\/uploads\/2025\/07\/allegro_687ac43617e9e1.67365459_fa7854364b548682b565277bbd33.jpg","type":"image\/jpeg"}],"twitter_card":"summary_large_image","twitter_misc":{"Szacowany czas czytania":"1 minuta"},"schema":{"@context":"https:\/\/schema.org","@graph":[{"@type":"WebPage","@id":"https:\/\/racom.com.pl\/index.php\/produkt\/konserwa-krakus-12x300g-luksusowa-mielonka-zgrzewka-zestaw\/","url":"https:\/\/racom.com.pl\/index.php\/produkt\/konserwa-krakus-12x300g-luksusowa-mielonka-zgrzewka-zestaw\/","name":"Konserwa Krakus 12x300g Luksusowa Mielonka ZGRZEWKA ZESTAW - Mix Market - Supermarket z wszystkim co potrzeba","isPartOf":{"@id":"https:\/\/racom.com.pl\/#website"},"primaryImageOfPage":{"@id":"https:\/\/racom.com.pl\/index.php\/produkt\/konserwa-krakus-12x300g-luksusowa-mielonka-zgrzewka-zestaw\/#primaryimage"},"image":{"@id":"https:\/\/racom.com.pl\/index.php\/produkt\/konserwa-krakus-12x300g-luksusowa-mielonka-zgrzewka-zestaw\/#primaryimage"},"thumbnailUrl":"https:\/\/racom.com.pl\/wp-content\/uploads\/2025\/07\/allegro_687ac43617e9e1.67365459_fa7854364b548682b565277bbd33.jpg","datePublished":"2025-07-18T22:01:01+00:00","breadcrumb":{"@id":"https:\/\/racom.com.pl\/index.php\/produkt\/konserwa-krakus-12x300g-luksusowa-mielonka-zgrzewka-zestaw\/#breadcrumb"},"inLanguage":"pl-PL","potentialAction":[{"@type":"ReadAction","target":["https:\/\/racom.com.pl\/index.php\/produkt\/konserwa-krakus-12x300g-luksusowa-mielonka-zgrzewka-zestaw\/"]}]},{"@type":"ImageObject","inLanguage":"pl-PL","@id":"https:\/\/racom.com.pl\/index.php\/produkt\/konserwa-krakus-12x300g-luksusowa-mielonka-zgrzewka-zestaw\/#primaryimage","url":"https:\/\/racom.com.pl\/wp-content\/uploads\/2025\/07\/allegro_687ac43617e9e1.67365459_fa7854364b548682b565277bbd33.jpg","contentUrl":"https:\/\/racom.com.pl\/wp-content\/uploads\/2025\/07\/allegro_687ac43617e9e1.67365459_fa7854364b548682b565277bbd33.jpg","width":1000,"height":882},{"@type":"BreadcrumbList","@id":"https:\/\/racom.com.pl\/index.php\/produkt\/konserwa-krakus-12x300g-luksusowa-mielonka-zgrzewka-zestaw\/#breadcrumb","itemListElement":[{"@type":"ListItem","position":1,"name":"Strona g\u0142\u00f3wna","item":"https:\/\/racom.com.pl\/"},{"@type":"ListItem","position":2,"name":"Sklep","item":"https:\/\/racom.com.pl\/"},{"@type":"ListItem","position":3,"name":"Konserwa Krakus 12x300g Luksusowa Mielonka ZGRZEWKA ZESTAW"}]},{"@type":"WebSite","@id":"https:\/\/racom.com.pl\/#website","url":"https:\/\/racom.com.pl\/","name":"Mix Market - Supermarket z wszystkim co potrzeba do domu i nie tylko","description":"","publisher":{"@id":"https:\/\/racom.com.pl\/#organization"},"potentialAction":[{"@type":"SearchAction","target":{"@type":"EntryPoint","urlTemplate":"https:\/\/racom.com.pl\/?s={search_term_string}"},"query-input":{"@type":"PropertyValueSpecification","valueRequired":true,"valueName":"search_term_string"}}],"inLanguage":"pl-PL"},{"@type":"Organization","@id":"https:\/\/racom.com.pl\/#organization","name":"Mix Market - Supermarket z wszystkim co potrzeba do domu i nie tylko","url":"https:\/\/racom.com.pl\/","logo":{"@type":"ImageObject","inLanguage":"pl-PL","@id":"https:\/\/racom.com.pl\/#\/schema\/logo\/image\/","url":"https:\/\/racom.com.pl\/wp-content\/uploads\/2025\/07\/mixmarket_logo.png","contentUrl":"https:\/\/racom.com.pl\/wp-content\/uploads\/2025\/07\/mixmarket_logo.png","width":1024,"height":1024,"caption":"Mix Market - Supermarket z wszystkim co potrzeba do domu i nie tylko"},"image":{"@id":"https:\/\/racom.com.pl\/#\/schema\/logo\/image\/"}}]}},"_links":{"self":[{"href":"https:\/\/racom.com.pl\/index.php\/wp-json\/wp\/v2\/product\/2683","targetHints":{"allow":["GET"]}}],"collection":[{"href":"https:\/\/racom.com.pl\/index.php\/wp-json\/wp\/v2\/product"}],"about":[{"href":"https:\/\/racom.com.pl\/index.php\/wp-json\/wp\/v2\/types\/product"}],"replies":[{"embeddable":true,"href":"https:\/\/racom.com.pl\/index.php\/wp-json\/wp\/v2\/comments?post=2683"}],"wp:featuredmedia":[{"embeddable":true,"href":"https:\/\/racom.com.pl\/index.php\/wp-json\/wp\/v2\/media\/2687"}],"wp:attachment":[{"href":"https:\/\/racom.com.pl\/index.php\/wp-json\/wp\/v2\/media?parent=2683"}],"wp:term":[{"taxonomy":"product_brand","embeddable":true,"href":"https:\/\/racom.com.pl\/index.php\/wp-json\/wp\/v2\/product_brand?post=2683"},{"taxonomy":"product_cat","embeddable":true,"href":"https:\/\/racom.com.pl\/index.php\/wp-json\/wp\/v2\/product_cat?post=2683"},{"taxonomy":"product_tag","embeddable":true,"href":"https:\/\/racom.com.pl\/index.php\/wp-json\/wp\/v2\/product_tag?post=2683"}],"curies":[{"name":"wp","href":"https:\/\/api.w.org\/{rel}","templated":true}]}}