{"id":2691,"date":"2025-07-19T00:01:57","date_gmt":"2025-07-18T22:01:57","guid":{"rendered":"http:\/\/192.168.2.106\/index.php\/produkt\/napoj-gazowany-coca-cola-500-ml-zgrzewka-24-sztuki\/"},"modified":"2025-07-19T00:01:57","modified_gmt":"2025-07-18T22:01:57","slug":"napoj-gazowany-coca-cola-500-ml-zgrzewka-24-sztuki","status":"publish","type":"product","link":"https:\/\/racom.com.pl\/index.php\/produkt\/napoj-gazowany-coca-cola-500-ml-zgrzewka-24-sztuki\/","title":{"rendered":"Nap\u00f3j gazowany Coca-Cola 500 ml ZGRZEWKA &#8211; 24 sztuki"},"content":{"rendered":"<h2>Coca-Cola 500 ml ZGRZEWKA &#8211; 24 sztuki<\/h2>\n<p>Tego napoju nie trzeba nikomu przedstawia\u0107. Jedyna i niepowtarzalna Coca-Cola.<\/p>\n<p><b>Oferta dotyczy 24 sztuk napoju o pojemno\u015bci 500ml ka\u017cdy.<\/b><\/p>\n<p>Coca\u2011Cola to jeden z najpopularniejszych i najch\u0119tniej kupowanych napoj\u00f3w gazowanych na \u015bwiecie. Mimo up\u0142ywu czasu jej smak pozostaje ten sam. Od 125 lat oparty jest na naturalnych aromatach i pozbawiony konserwant\u00f3w.<\/p>\n<p>W Polsce Coca\u2011Cola pojawi\u0142a si\u0119 ju\u017c w 1957 roku na Targach Pozna\u0144skich, jednak nie trafi\u0142a jeszcze do sklep\u00f3w. Butelki wyprodukowane i nape\u0142nione w naszym kraju zjecha\u0142y z linii produkcyjnej w 1972 roku. Pierwszego dnia sprzeda\u017cy &#8222;spragnieni&#8221; klienci w ci\u0105gu godziny wykupili ponad 5 tysi\u0119cy sztuk Coca-Coli!<\/p>\n<p>Odkryj niepowtarzalny smak oryginalnej Coca-Coli, kt\u00f3ra ju\u017c od lat zachwyca miliony ludzi na ca\u0142ym \u015bwiecie. Teraz masz okazj\u0119 cieszy\u0107 si\u0119 tym klasycznym napojem, dost\u0119pnym w wyj\u0105tkowej ofercie!<\/p>\n<p>\u27a1\ufe0f <b>Sk\u0142adniki:<\/b> woda, cukier, dwutlenek w\u0119gla, barwnik E 150d, kwas: kwas fosforowy, naturalne aromaty w tym kofeina.<\/p>\n","protected":false},"excerpt":{"rendered":"<p>Coca-Cola 500 ml ZGRZEWKA &#8211; 24 sztuki Tego napoju nie trzeba nikomu przedstawia\u0107. Jedyna i niepowtarzalna Coca-Cola. Oferta dotyczy 24 sztuk napoju o pojemno\u015bci 500ml ka\u017cdy. Coca\u2011Cola to jeden z najpopularniejszych i najch\u0119tniej kupowanych napoj\u00f3w gazowanych na \u015bwiecie. Mimo up\u0142ywu czasu jej smak pozostaje ten sam. Od 125 lat oparty jest na naturalnych aromatach i [&hellip;]<\/p>\n","protected":false},"featured_media":2696,"comment_status":"open","ping_status":"closed","template":"","meta":[],"product_brand":[186],"product_cat":[116],"product_tag":[],"class_list":{"0":"post-2691","1":"product","2":"type-product","3":"status-publish","4":"has-post-thumbnail","6":"product_brand-coca-cola","7":"product_cat-napoje-i-akcesoria","9":"first","10":"instock","11":"taxable","12":"shipping-taxable","13":"purchasable","14":"product-type-simple"},"yoast_head":"<!-- This site is optimized with the Yoast SEO plugin v27.3 - https:\/\/yoast.com\/product\/yoast-seo-wordpress\/ -->\n<title>Nap\u00f3j gazowany Coca-Cola 500 ml ZGRZEWKA - 24 sztuki - Mix Market - Supermarket z wszystkim co potrzeba<\/title>\n<meta name=\"robots\" content=\"index, follow, max-snippet:-1, max-image-preview:large, max-video-preview:-1\" \/>\n<link rel=\"canonical\" href=\"https:\/\/racom.com.pl\/index.php\/produkt\/napoj-gazowany-coca-cola-500-ml-zgrzewka-24-sztuki\/\" \/>\n<meta property=\"og:locale\" content=\"pl_PL\" \/>\n<meta property=\"og:type\" content=\"article\" \/>\n<meta property=\"og:title\" content=\"Nap\u00f3j gazowany Coca-Cola 500 ml ZGRZEWKA - 24 sztuki - Mix Market - Supermarket z wszystkim co potrzeba\" \/>\n<meta property=\"og:description\" content=\"Coca-Cola 500 ml ZGRZEWKA &#8211; 24 sztuki Tego napoju nie trzeba nikomu przedstawia\u0107. Jedyna i niepowtarzalna Coca-Cola. Oferta dotyczy 24 sztuk napoju o pojemno\u015bci 500ml ka\u017cdy. Coca\u2011Cola to jeden z najpopularniejszych i najch\u0119tniej kupowanych napoj\u00f3w gazowanych na \u015bwiecie. Mimo up\u0142ywu czasu jej smak pozostaje ten sam. Od 125 lat oparty jest na naturalnych aromatach i [&hellip;]\" \/>\n<meta property=\"og:url\" content=\"https:\/\/racom.com.pl\/index.php\/produkt\/napoj-gazowany-coca-cola-500-ml-zgrzewka-24-sztuki\/\" \/>\n<meta property=\"og:site_name\" content=\"Mix Market - Supermarket z wszystkim co potrzeba\" \/>\n<meta property=\"og:image\" content=\"https:\/\/racom.com.pl\/wp-content\/uploads\/2025\/07\/allegro_687ac47c6f8a75.06299653_a50cb61244a3be7eea507b528497.jpg\" \/>\n\t<meta property=\"og:image:width\" content=\"614\" \/>\n\t<meta property=\"og:image:height\" content=\"614\" \/>\n\t<meta property=\"og:image:type\" content=\"image\/jpeg\" \/>\n<meta name=\"twitter:card\" content=\"summary_large_image\" \/>\n<meta name=\"twitter:label1\" content=\"Szacowany czas czytania\" \/>\n\t<meta name=\"twitter:data1\" content=\"1 minuta\" \/>\n<script type=\"application\/ld+json\" class=\"yoast-schema-graph\">{\"@context\":\"https:\\\/\\\/schema.org\",\"@graph\":[{\"@type\":\"WebPage\",\"@id\":\"https:\\\/\\\/racom.com.pl\\\/index.php\\\/produkt\\\/napoj-gazowany-coca-cola-500-ml-zgrzewka-24-sztuki\\\/\",\"url\":\"https:\\\/\\\/racom.com.pl\\\/index.php\\\/produkt\\\/napoj-gazowany-coca-cola-500-ml-zgrzewka-24-sztuki\\\/\",\"name\":\"Nap\u00f3j gazowany Coca-Cola 500 ml ZGRZEWKA - 24 sztuki - Mix Market - Supermarket z wszystkim co potrzeba\",\"isPartOf\":{\"@id\":\"https:\\\/\\\/racom.com.pl\\\/#website\"},\"primaryImageOfPage\":{\"@id\":\"https:\\\/\\\/racom.com.pl\\\/index.php\\\/produkt\\\/napoj-gazowany-coca-cola-500-ml-zgrzewka-24-sztuki\\\/#primaryimage\"},\"image\":{\"@id\":\"https:\\\/\\\/racom.com.pl\\\/index.php\\\/produkt\\\/napoj-gazowany-coca-cola-500-ml-zgrzewka-24-sztuki\\\/#primaryimage\"},\"thumbnailUrl\":\"https:\\\/\\\/racom.com.pl\\\/wp-content\\\/uploads\\\/2025\\\/07\\\/allegro_687ac47c6f8a75.06299653_a50cb61244a3be7eea507b528497.jpg\",\"datePublished\":\"2025-07-18T22:01:57+00:00\",\"breadcrumb\":{\"@id\":\"https:\\\/\\\/racom.com.pl\\\/index.php\\\/produkt\\\/napoj-gazowany-coca-cola-500-ml-zgrzewka-24-sztuki\\\/#breadcrumb\"},\"inLanguage\":\"pl-PL\",\"potentialAction\":[{\"@type\":\"ReadAction\",\"target\":[\"https:\\\/\\\/racom.com.pl\\\/index.php\\\/produkt\\\/napoj-gazowany-coca-cola-500-ml-zgrzewka-24-sztuki\\\/\"]}]},{\"@type\":\"ImageObject\",\"inLanguage\":\"pl-PL\",\"@id\":\"https:\\\/\\\/racom.com.pl\\\/index.php\\\/produkt\\\/napoj-gazowany-coca-cola-500-ml-zgrzewka-24-sztuki\\\/#primaryimage\",\"url\":\"https:\\\/\\\/racom.com.pl\\\/wp-content\\\/uploads\\\/2025\\\/07\\\/allegro_687ac47c6f8a75.06299653_a50cb61244a3be7eea507b528497.jpg\",\"contentUrl\":\"https:\\\/\\\/racom.com.pl\\\/wp-content\\\/uploads\\\/2025\\\/07\\\/allegro_687ac47c6f8a75.06299653_a50cb61244a3be7eea507b528497.jpg\",\"width\":614,\"height\":614},{\"@type\":\"BreadcrumbList\",\"@id\":\"https:\\\/\\\/racom.com.pl\\\/index.php\\\/produkt\\\/napoj-gazowany-coca-cola-500-ml-zgrzewka-24-sztuki\\\/#breadcrumb\",\"itemListElement\":[{\"@type\":\"ListItem\",\"position\":1,\"name\":\"Strona g\u0142\u00f3wna\",\"item\":\"https:\\\/\\\/racom.com.pl\\\/\"},{\"@type\":\"ListItem\",\"position\":2,\"name\":\"Sklep\",\"item\":\"https:\\\/\\\/racom.com.pl\\\/\"},{\"@type\":\"ListItem\",\"position\":3,\"name\":\"Nap\u00f3j gazowany Coca-Cola 500 ml ZGRZEWKA &#8211; 24 sztuki\"}]},{\"@type\":\"WebSite\",\"@id\":\"https:\\\/\\\/racom.com.pl\\\/#website\",\"url\":\"https:\\\/\\\/racom.com.pl\\\/\",\"name\":\"Mix Market - Supermarket z wszystkim co potrzeba do domu i nie tylko\",\"description\":\"\",\"publisher\":{\"@id\":\"https:\\\/\\\/racom.com.pl\\\/#organization\"},\"potentialAction\":[{\"@type\":\"SearchAction\",\"target\":{\"@type\":\"EntryPoint\",\"urlTemplate\":\"https:\\\/\\\/racom.com.pl\\\/?s={search_term_string}\"},\"query-input\":{\"@type\":\"PropertyValueSpecification\",\"valueRequired\":true,\"valueName\":\"search_term_string\"}}],\"inLanguage\":\"pl-PL\"},{\"@type\":\"Organization\",\"@id\":\"https:\\\/\\\/racom.com.pl\\\/#organization\",\"name\":\"Mix Market - Supermarket z wszystkim co potrzeba do domu i nie tylko\",\"url\":\"https:\\\/\\\/racom.com.pl\\\/\",\"logo\":{\"@type\":\"ImageObject\",\"inLanguage\":\"pl-PL\",\"@id\":\"https:\\\/\\\/racom.com.pl\\\/#\\\/schema\\\/logo\\\/image\\\/\",\"url\":\"https:\\\/\\\/racom.com.pl\\\/wp-content\\\/uploads\\\/2025\\\/07\\\/mixmarket_logo.png\",\"contentUrl\":\"https:\\\/\\\/racom.com.pl\\\/wp-content\\\/uploads\\\/2025\\\/07\\\/mixmarket_logo.png\",\"width\":1024,\"height\":1024,\"caption\":\"Mix Market - Supermarket z wszystkim co potrzeba do domu i nie tylko\"},\"image\":{\"@id\":\"https:\\\/\\\/racom.com.pl\\\/#\\\/schema\\\/logo\\\/image\\\/\"}}]}<\/script>\n<!-- \/ Yoast SEO plugin. -->","yoast_head_json":{"title":"Nap\u00f3j gazowany Coca-Cola 500 ml ZGRZEWKA - 24 sztuki - Mix Market - Supermarket z wszystkim co potrzeba","robots":{"index":"index","follow":"follow","max-snippet":"max-snippet:-1","max-image-preview":"max-image-preview:large","max-video-preview":"max-video-preview:-1"},"canonical":"https:\/\/racom.com.pl\/index.php\/produkt\/napoj-gazowany-coca-cola-500-ml-zgrzewka-24-sztuki\/","og_locale":"pl_PL","og_type":"article","og_title":"Nap\u00f3j gazowany Coca-Cola 500 ml ZGRZEWKA - 24 sztuki - Mix Market - Supermarket z wszystkim co potrzeba","og_description":"Coca-Cola 500 ml ZGRZEWKA &#8211; 24 sztuki Tego napoju nie trzeba nikomu przedstawia\u0107. Jedyna i niepowtarzalna Coca-Cola. Oferta dotyczy 24 sztuk napoju o pojemno\u015bci 500ml ka\u017cdy. Coca\u2011Cola to jeden z najpopularniejszych i najch\u0119tniej kupowanych napoj\u00f3w gazowanych na \u015bwiecie. Mimo up\u0142ywu czasu jej smak pozostaje ten sam. Od 125 lat oparty jest na naturalnych aromatach i [&hellip;]","og_url":"https:\/\/racom.com.pl\/index.php\/produkt\/napoj-gazowany-coca-cola-500-ml-zgrzewka-24-sztuki\/","og_site_name":"Mix Market - Supermarket z wszystkim co potrzeba","og_image":[{"width":614,"height":614,"url":"https:\/\/racom.com.pl\/wp-content\/uploads\/2025\/07\/allegro_687ac47c6f8a75.06299653_a50cb61244a3be7eea507b528497.jpg","type":"image\/jpeg"}],"twitter_card":"summary_large_image","twitter_misc":{"Szacowany czas czytania":"1 minuta"},"schema":{"@context":"https:\/\/schema.org","@graph":[{"@type":"WebPage","@id":"https:\/\/racom.com.pl\/index.php\/produkt\/napoj-gazowany-coca-cola-500-ml-zgrzewka-24-sztuki\/","url":"https:\/\/racom.com.pl\/index.php\/produkt\/napoj-gazowany-coca-cola-500-ml-zgrzewka-24-sztuki\/","name":"Nap\u00f3j gazowany Coca-Cola 500 ml ZGRZEWKA - 24 sztuki - Mix Market - Supermarket z wszystkim co potrzeba","isPartOf":{"@id":"https:\/\/racom.com.pl\/#website"},"primaryImageOfPage":{"@id":"https:\/\/racom.com.pl\/index.php\/produkt\/napoj-gazowany-coca-cola-500-ml-zgrzewka-24-sztuki\/#primaryimage"},"image":{"@id":"https:\/\/racom.com.pl\/index.php\/produkt\/napoj-gazowany-coca-cola-500-ml-zgrzewka-24-sztuki\/#primaryimage"},"thumbnailUrl":"https:\/\/racom.com.pl\/wp-content\/uploads\/2025\/07\/allegro_687ac47c6f8a75.06299653_a50cb61244a3be7eea507b528497.jpg","datePublished":"2025-07-18T22:01:57+00:00","breadcrumb":{"@id":"https:\/\/racom.com.pl\/index.php\/produkt\/napoj-gazowany-coca-cola-500-ml-zgrzewka-24-sztuki\/#breadcrumb"},"inLanguage":"pl-PL","potentialAction":[{"@type":"ReadAction","target":["https:\/\/racom.com.pl\/index.php\/produkt\/napoj-gazowany-coca-cola-500-ml-zgrzewka-24-sztuki\/"]}]},{"@type":"ImageObject","inLanguage":"pl-PL","@id":"https:\/\/racom.com.pl\/index.php\/produkt\/napoj-gazowany-coca-cola-500-ml-zgrzewka-24-sztuki\/#primaryimage","url":"https:\/\/racom.com.pl\/wp-content\/uploads\/2025\/07\/allegro_687ac47c6f8a75.06299653_a50cb61244a3be7eea507b528497.jpg","contentUrl":"https:\/\/racom.com.pl\/wp-content\/uploads\/2025\/07\/allegro_687ac47c6f8a75.06299653_a50cb61244a3be7eea507b528497.jpg","width":614,"height":614},{"@type":"BreadcrumbList","@id":"https:\/\/racom.com.pl\/index.php\/produkt\/napoj-gazowany-coca-cola-500-ml-zgrzewka-24-sztuki\/#breadcrumb","itemListElement":[{"@type":"ListItem","position":1,"name":"Strona g\u0142\u00f3wna","item":"https:\/\/racom.com.pl\/"},{"@type":"ListItem","position":2,"name":"Sklep","item":"https:\/\/racom.com.pl\/"},{"@type":"ListItem","position":3,"name":"Nap\u00f3j gazowany Coca-Cola 500 ml ZGRZEWKA &#8211; 24 sztuki"}]},{"@type":"WebSite","@id":"https:\/\/racom.com.pl\/#website","url":"https:\/\/racom.com.pl\/","name":"Mix Market - Supermarket z wszystkim co potrzeba do domu i nie tylko","description":"","publisher":{"@id":"https:\/\/racom.com.pl\/#organization"},"potentialAction":[{"@type":"SearchAction","target":{"@type":"EntryPoint","urlTemplate":"https:\/\/racom.com.pl\/?s={search_term_string}"},"query-input":{"@type":"PropertyValueSpecification","valueRequired":true,"valueName":"search_term_string"}}],"inLanguage":"pl-PL"},{"@type":"Organization","@id":"https:\/\/racom.com.pl\/#organization","name":"Mix Market - Supermarket z wszystkim co potrzeba do domu i nie tylko","url":"https:\/\/racom.com.pl\/","logo":{"@type":"ImageObject","inLanguage":"pl-PL","@id":"https:\/\/racom.com.pl\/#\/schema\/logo\/image\/","url":"https:\/\/racom.com.pl\/wp-content\/uploads\/2025\/07\/mixmarket_logo.png","contentUrl":"https:\/\/racom.com.pl\/wp-content\/uploads\/2025\/07\/mixmarket_logo.png","width":1024,"height":1024,"caption":"Mix Market - Supermarket z wszystkim co potrzeba do domu i nie tylko"},"image":{"@id":"https:\/\/racom.com.pl\/#\/schema\/logo\/image\/"}}]}},"_links":{"self":[{"href":"https:\/\/racom.com.pl\/index.php\/wp-json\/wp\/v2\/product\/2691","targetHints":{"allow":["GET"]}}],"collection":[{"href":"https:\/\/racom.com.pl\/index.php\/wp-json\/wp\/v2\/product"}],"about":[{"href":"https:\/\/racom.com.pl\/index.php\/wp-json\/wp\/v2\/types\/product"}],"replies":[{"embeddable":true,"href":"https:\/\/racom.com.pl\/index.php\/wp-json\/wp\/v2\/comments?post=2691"}],"wp:featuredmedia":[{"embeddable":true,"href":"https:\/\/racom.com.pl\/index.php\/wp-json\/wp\/v2\/media\/2696"}],"wp:attachment":[{"href":"https:\/\/racom.com.pl\/index.php\/wp-json\/wp\/v2\/media?parent=2691"}],"wp:term":[{"taxonomy":"product_brand","embeddable":true,"href":"https:\/\/racom.com.pl\/index.php\/wp-json\/wp\/v2\/product_brand?post=2691"},{"taxonomy":"product_cat","embeddable":true,"href":"https:\/\/racom.com.pl\/index.php\/wp-json\/wp\/v2\/product_cat?post=2691"},{"taxonomy":"product_tag","embeddable":true,"href":"https:\/\/racom.com.pl\/index.php\/wp-json\/wp\/v2\/product_tag?post=2691"}],"curies":[{"name":"wp","href":"https:\/\/api.w.org\/{rel}","templated":true}]}}