{"id":2697,"date":"2025-07-19T00:02:47","date_gmt":"2025-07-18T22:02:47","guid":{"rendered":"http:\/\/192.168.2.106\/index.php\/produkt\/cisowianka-naturalna-woda-mineralna-niegazowana-niskosodowa-pet-24-x-700ml\/"},"modified":"2025-07-19T00:02:47","modified_gmt":"2025-07-18T22:02:47","slug":"cisowianka-naturalna-woda-mineralna-niegazowana-niskosodowa-pet-24-x-700ml","status":"publish","type":"product","link":"https:\/\/racom.com.pl\/index.php\/produkt\/cisowianka-naturalna-woda-mineralna-niegazowana-niskosodowa-pet-24-x-700ml\/","title":{"rendered":"Cisowianka Naturalna woda mineralna niegazowana niskosodowa PET 24 x 700ml"},"content":{"rendered":"<h2>CISOWIANKA Naturalna Woda Mineralna Niegazowana 24 x 700ml PET<\/h2>\n<p>Oferta dotyczy 24 sztuk wody &#8211; ka\u017cda butelka 700ml PET.<\/p>\n<p><b>Cisowianka<\/b> naturalna woda mineralna niegazowana. Pochodzi z <b>N<\/b><b>a\u0142\u0119czowskich <\/b><b>P<\/b><b>ok\u0142ad\u00f3w <\/b><b>W<\/b><b>odono\u015bnych<\/b>, znajduj\u0105cych si\u0119 na g\u0142\u0119boko\u015bci <b>100 metr\u00f3w,<\/b> nierozerwalnie zwi\u0105zanych z mikroklimatem uzdrowiskowym. Wiek naturalnej wody mineralnej <b>Cisowianka<\/b>, czyli czas przenikania kropli do pok\u0142ad\u00f3w, z kt\u00f3rych jest czerpana wynosi <b>oko\u0142o 400 la<\/b>t co stanowi ewenement na skal\u0119 \u015bwiatow\u0105. <b>Cisowianka<\/b> to <b>W<\/b><b>oda <\/b><b>N<\/b><b>aturalna <\/b><b>N<\/b><b>iskosodowa<\/b>, odpowiednia dla diety ubogiej w s\u00f3d. \u015arednia mineralizacja i naturalny smak sprawiaj\u0105, \u017ce <b>Cisowianka<\/b> to idealna woda na ka\u017cd\u0105 okazj\u0119.<\/p>\n<p><b>Warto zaznaczy\u0107, \u017ce woda mineralna:<\/b><\/p>\n<ul>\n<li>nie zawiera zanieczyszcze\u0144 chemicznych,<\/li>\n<li>jest napowietrzana i filtrowana,<\/li>\n<li>nie jest nasycona dwutlenkiem w\u0119gla.<\/li>\n<\/ul>\n<p><b>Nazwa uj\u0119cia: Cisowianka.<\/b><\/p>\n<p><b>Sk\u0142adniki:<\/b>&nbsp;Naturalna woda mineralna,.<\/p>\n<p><b>Og\u00f3lna mineralizacja (mg\/l) 742<\/b><\/p>\n<p><b>G\u0142\u00f3wne sk\u0142adniki mineralne (mg\/l)<\/b>&nbsp;Ca2+ 130,3; Mg2+ 21,9; Na+ 11; HCO3- 539,1; SiO2 22,1;<\/p>\n<p><b>Dane producenta:<\/b>&nbsp;Na\u0142\u0119cz\u00f3w Zdr\u00f3j S.A. Drzewce 35,24-150 Na\u0142\u0119cz\u00f3w<\/p>\n","protected":false},"excerpt":{"rendered":"<p>CISOWIANKA Naturalna Woda Mineralna Niegazowana 24 x 700ml PET Oferta dotyczy 24 sztuk wody &#8211; ka\u017cda butelka 700ml PET. Cisowianka naturalna woda mineralna niegazowana. Pochodzi z Na\u0142\u0119czowskich Pok\u0142ad\u00f3w Wodono\u015bnych, znajduj\u0105cych si\u0119 na g\u0142\u0119boko\u015bci 100 metr\u00f3w, nierozerwalnie zwi\u0105zanych z mikroklimatem uzdrowiskowym. Wiek naturalnej wody mineralnej Cisowianka, czyli czas przenikania kropli do pok\u0142ad\u00f3w, z kt\u00f3rych jest czerpana [&hellip;]<\/p>\n","protected":false},"featured_media":2701,"comment_status":"open","ping_status":"closed","template":"","meta":[],"product_brand":[159],"product_cat":[116],"product_tag":[],"class_list":{"0":"post-2697","1":"product","2":"type-product","3":"status-publish","4":"has-post-thumbnail","6":"product_brand-cisowianka","7":"product_cat-napoje-i-akcesoria","9":"first","10":"instock","11":"taxable","12":"shipping-taxable","13":"purchasable","14":"product-type-simple"},"yoast_head":"<!-- This site is optimized with the Yoast SEO plugin v27.3 - https:\/\/yoast.com\/product\/yoast-seo-wordpress\/ -->\n<title>Cisowianka Naturalna woda mineralna niegazowana niskosodowa PET 24 x 700ml - Mix Market - Supermarket z wszystkim co potrzeba<\/title>\n<meta name=\"robots\" content=\"index, follow, max-snippet:-1, max-image-preview:large, max-video-preview:-1\" \/>\n<link rel=\"canonical\" href=\"https:\/\/racom.com.pl\/index.php\/produkt\/cisowianka-naturalna-woda-mineralna-niegazowana-niskosodowa-pet-24-x-700ml\/\" \/>\n<meta property=\"og:locale\" content=\"pl_PL\" \/>\n<meta property=\"og:type\" content=\"article\" \/>\n<meta property=\"og:title\" content=\"Cisowianka Naturalna woda mineralna niegazowana niskosodowa PET 24 x 700ml - Mix Market - Supermarket z wszystkim co potrzeba\" \/>\n<meta property=\"og:description\" content=\"CISOWIANKA Naturalna Woda Mineralna Niegazowana 24 x 700ml PET Oferta dotyczy 24 sztuk wody &#8211; ka\u017cda butelka 700ml PET. Cisowianka naturalna woda mineralna niegazowana. Pochodzi z Na\u0142\u0119czowskich Pok\u0142ad\u00f3w Wodono\u015bnych, znajduj\u0105cych si\u0119 na g\u0142\u0119boko\u015bci 100 metr\u00f3w, nierozerwalnie zwi\u0105zanych z mikroklimatem uzdrowiskowym. Wiek naturalnej wody mineralnej Cisowianka, czyli czas przenikania kropli do pok\u0142ad\u00f3w, z kt\u00f3rych jest czerpana [&hellip;]\" \/>\n<meta property=\"og:url\" content=\"https:\/\/racom.com.pl\/index.php\/produkt\/cisowianka-naturalna-woda-mineralna-niegazowana-niskosodowa-pet-24-x-700ml\/\" \/>\n<meta property=\"og:site_name\" content=\"Mix Market - Supermarket z wszystkim co potrzeba\" \/>\n<meta property=\"og:image\" content=\"https:\/\/racom.com.pl\/wp-content\/uploads\/2025\/07\/allegro_687ac4babff578.07222455_8349e29e419ebc3226b76fdee5e5.jpg\" \/>\n\t<meta property=\"og:image:width\" content=\"1300\" \/>\n\t<meta property=\"og:image:height\" content=\"1300\" \/>\n\t<meta property=\"og:image:type\" content=\"image\/jpeg\" \/>\n<meta name=\"twitter:card\" content=\"summary_large_image\" \/>\n<meta name=\"twitter:label1\" content=\"Szacowany czas czytania\" \/>\n\t<meta name=\"twitter:data1\" content=\"1 minuta\" \/>\n<script type=\"application\/ld+json\" class=\"yoast-schema-graph\">{\"@context\":\"https:\\\/\\\/schema.org\",\"@graph\":[{\"@type\":\"WebPage\",\"@id\":\"https:\\\/\\\/racom.com.pl\\\/index.php\\\/produkt\\\/cisowianka-naturalna-woda-mineralna-niegazowana-niskosodowa-pet-24-x-700ml\\\/\",\"url\":\"https:\\\/\\\/racom.com.pl\\\/index.php\\\/produkt\\\/cisowianka-naturalna-woda-mineralna-niegazowana-niskosodowa-pet-24-x-700ml\\\/\",\"name\":\"Cisowianka Naturalna woda mineralna niegazowana niskosodowa PET 24 x 700ml - Mix Market - Supermarket z wszystkim co potrzeba\",\"isPartOf\":{\"@id\":\"https:\\\/\\\/racom.com.pl\\\/#website\"},\"primaryImageOfPage\":{\"@id\":\"https:\\\/\\\/racom.com.pl\\\/index.php\\\/produkt\\\/cisowianka-naturalna-woda-mineralna-niegazowana-niskosodowa-pet-24-x-700ml\\\/#primaryimage\"},\"image\":{\"@id\":\"https:\\\/\\\/racom.com.pl\\\/index.php\\\/produkt\\\/cisowianka-naturalna-woda-mineralna-niegazowana-niskosodowa-pet-24-x-700ml\\\/#primaryimage\"},\"thumbnailUrl\":\"https:\\\/\\\/racom.com.pl\\\/wp-content\\\/uploads\\\/2025\\\/07\\\/allegro_687ac4babff578.07222455_8349e29e419ebc3226b76fdee5e5.jpg\",\"datePublished\":\"2025-07-18T22:02:47+00:00\",\"breadcrumb\":{\"@id\":\"https:\\\/\\\/racom.com.pl\\\/index.php\\\/produkt\\\/cisowianka-naturalna-woda-mineralna-niegazowana-niskosodowa-pet-24-x-700ml\\\/#breadcrumb\"},\"inLanguage\":\"pl-PL\",\"potentialAction\":[{\"@type\":\"ReadAction\",\"target\":[\"https:\\\/\\\/racom.com.pl\\\/index.php\\\/produkt\\\/cisowianka-naturalna-woda-mineralna-niegazowana-niskosodowa-pet-24-x-700ml\\\/\"]}]},{\"@type\":\"ImageObject\",\"inLanguage\":\"pl-PL\",\"@id\":\"https:\\\/\\\/racom.com.pl\\\/index.php\\\/produkt\\\/cisowianka-naturalna-woda-mineralna-niegazowana-niskosodowa-pet-24-x-700ml\\\/#primaryimage\",\"url\":\"https:\\\/\\\/racom.com.pl\\\/wp-content\\\/uploads\\\/2025\\\/07\\\/allegro_687ac4babff578.07222455_8349e29e419ebc3226b76fdee5e5.jpg\",\"contentUrl\":\"https:\\\/\\\/racom.com.pl\\\/wp-content\\\/uploads\\\/2025\\\/07\\\/allegro_687ac4babff578.07222455_8349e29e419ebc3226b76fdee5e5.jpg\",\"width\":1300,\"height\":1300},{\"@type\":\"BreadcrumbList\",\"@id\":\"https:\\\/\\\/racom.com.pl\\\/index.php\\\/produkt\\\/cisowianka-naturalna-woda-mineralna-niegazowana-niskosodowa-pet-24-x-700ml\\\/#breadcrumb\",\"itemListElement\":[{\"@type\":\"ListItem\",\"position\":1,\"name\":\"Strona g\u0142\u00f3wna\",\"item\":\"https:\\\/\\\/racom.com.pl\\\/\"},{\"@type\":\"ListItem\",\"position\":2,\"name\":\"Sklep\",\"item\":\"https:\\\/\\\/racom.com.pl\\\/\"},{\"@type\":\"ListItem\",\"position\":3,\"name\":\"Cisowianka Naturalna woda mineralna niegazowana niskosodowa PET 24 x 700ml\"}]},{\"@type\":\"WebSite\",\"@id\":\"https:\\\/\\\/racom.com.pl\\\/#website\",\"url\":\"https:\\\/\\\/racom.com.pl\\\/\",\"name\":\"Mix Market - Supermarket z wszystkim co potrzeba do domu i nie tylko\",\"description\":\"\",\"publisher\":{\"@id\":\"https:\\\/\\\/racom.com.pl\\\/#organization\"},\"potentialAction\":[{\"@type\":\"SearchAction\",\"target\":{\"@type\":\"EntryPoint\",\"urlTemplate\":\"https:\\\/\\\/racom.com.pl\\\/?s={search_term_string}\"},\"query-input\":{\"@type\":\"PropertyValueSpecification\",\"valueRequired\":true,\"valueName\":\"search_term_string\"}}],\"inLanguage\":\"pl-PL\"},{\"@type\":\"Organization\",\"@id\":\"https:\\\/\\\/racom.com.pl\\\/#organization\",\"name\":\"Mix Market - Supermarket z wszystkim co potrzeba do domu i nie tylko\",\"url\":\"https:\\\/\\\/racom.com.pl\\\/\",\"logo\":{\"@type\":\"ImageObject\",\"inLanguage\":\"pl-PL\",\"@id\":\"https:\\\/\\\/racom.com.pl\\\/#\\\/schema\\\/logo\\\/image\\\/\",\"url\":\"https:\\\/\\\/racom.com.pl\\\/wp-content\\\/uploads\\\/2025\\\/07\\\/mixmarket_logo.png\",\"contentUrl\":\"https:\\\/\\\/racom.com.pl\\\/wp-content\\\/uploads\\\/2025\\\/07\\\/mixmarket_logo.png\",\"width\":1024,\"height\":1024,\"caption\":\"Mix Market - Supermarket z wszystkim co potrzeba do domu i nie tylko\"},\"image\":{\"@id\":\"https:\\\/\\\/racom.com.pl\\\/#\\\/schema\\\/logo\\\/image\\\/\"}}]}<\/script>\n<!-- \/ Yoast SEO plugin. -->","yoast_head_json":{"title":"Cisowianka Naturalna woda mineralna niegazowana niskosodowa PET 24 x 700ml - Mix Market - Supermarket z wszystkim co potrzeba","robots":{"index":"index","follow":"follow","max-snippet":"max-snippet:-1","max-image-preview":"max-image-preview:large","max-video-preview":"max-video-preview:-1"},"canonical":"https:\/\/racom.com.pl\/index.php\/produkt\/cisowianka-naturalna-woda-mineralna-niegazowana-niskosodowa-pet-24-x-700ml\/","og_locale":"pl_PL","og_type":"article","og_title":"Cisowianka Naturalna woda mineralna niegazowana niskosodowa PET 24 x 700ml - Mix Market - Supermarket z wszystkim co potrzeba","og_description":"CISOWIANKA Naturalna Woda Mineralna Niegazowana 24 x 700ml PET Oferta dotyczy 24 sztuk wody &#8211; ka\u017cda butelka 700ml PET. Cisowianka naturalna woda mineralna niegazowana. Pochodzi z Na\u0142\u0119czowskich Pok\u0142ad\u00f3w Wodono\u015bnych, znajduj\u0105cych si\u0119 na g\u0142\u0119boko\u015bci 100 metr\u00f3w, nierozerwalnie zwi\u0105zanych z mikroklimatem uzdrowiskowym. Wiek naturalnej wody mineralnej Cisowianka, czyli czas przenikania kropli do pok\u0142ad\u00f3w, z kt\u00f3rych jest czerpana [&hellip;]","og_url":"https:\/\/racom.com.pl\/index.php\/produkt\/cisowianka-naturalna-woda-mineralna-niegazowana-niskosodowa-pet-24-x-700ml\/","og_site_name":"Mix Market - Supermarket z wszystkim co potrzeba","og_image":[{"width":1300,"height":1300,"url":"https:\/\/racom.com.pl\/wp-content\/uploads\/2025\/07\/allegro_687ac4babff578.07222455_8349e29e419ebc3226b76fdee5e5.jpg","type":"image\/jpeg"}],"twitter_card":"summary_large_image","twitter_misc":{"Szacowany czas czytania":"1 minuta"},"schema":{"@context":"https:\/\/schema.org","@graph":[{"@type":"WebPage","@id":"https:\/\/racom.com.pl\/index.php\/produkt\/cisowianka-naturalna-woda-mineralna-niegazowana-niskosodowa-pet-24-x-700ml\/","url":"https:\/\/racom.com.pl\/index.php\/produkt\/cisowianka-naturalna-woda-mineralna-niegazowana-niskosodowa-pet-24-x-700ml\/","name":"Cisowianka Naturalna woda mineralna niegazowana niskosodowa PET 24 x 700ml - Mix Market - Supermarket z wszystkim co potrzeba","isPartOf":{"@id":"https:\/\/racom.com.pl\/#website"},"primaryImageOfPage":{"@id":"https:\/\/racom.com.pl\/index.php\/produkt\/cisowianka-naturalna-woda-mineralna-niegazowana-niskosodowa-pet-24-x-700ml\/#primaryimage"},"image":{"@id":"https:\/\/racom.com.pl\/index.php\/produkt\/cisowianka-naturalna-woda-mineralna-niegazowana-niskosodowa-pet-24-x-700ml\/#primaryimage"},"thumbnailUrl":"https:\/\/racom.com.pl\/wp-content\/uploads\/2025\/07\/allegro_687ac4babff578.07222455_8349e29e419ebc3226b76fdee5e5.jpg","datePublished":"2025-07-18T22:02:47+00:00","breadcrumb":{"@id":"https:\/\/racom.com.pl\/index.php\/produkt\/cisowianka-naturalna-woda-mineralna-niegazowana-niskosodowa-pet-24-x-700ml\/#breadcrumb"},"inLanguage":"pl-PL","potentialAction":[{"@type":"ReadAction","target":["https:\/\/racom.com.pl\/index.php\/produkt\/cisowianka-naturalna-woda-mineralna-niegazowana-niskosodowa-pet-24-x-700ml\/"]}]},{"@type":"ImageObject","inLanguage":"pl-PL","@id":"https:\/\/racom.com.pl\/index.php\/produkt\/cisowianka-naturalna-woda-mineralna-niegazowana-niskosodowa-pet-24-x-700ml\/#primaryimage","url":"https:\/\/racom.com.pl\/wp-content\/uploads\/2025\/07\/allegro_687ac4babff578.07222455_8349e29e419ebc3226b76fdee5e5.jpg","contentUrl":"https:\/\/racom.com.pl\/wp-content\/uploads\/2025\/07\/allegro_687ac4babff578.07222455_8349e29e419ebc3226b76fdee5e5.jpg","width":1300,"height":1300},{"@type":"BreadcrumbList","@id":"https:\/\/racom.com.pl\/index.php\/produkt\/cisowianka-naturalna-woda-mineralna-niegazowana-niskosodowa-pet-24-x-700ml\/#breadcrumb","itemListElement":[{"@type":"ListItem","position":1,"name":"Strona g\u0142\u00f3wna","item":"https:\/\/racom.com.pl\/"},{"@type":"ListItem","position":2,"name":"Sklep","item":"https:\/\/racom.com.pl\/"},{"@type":"ListItem","position":3,"name":"Cisowianka Naturalna woda mineralna niegazowana niskosodowa PET 24 x 700ml"}]},{"@type":"WebSite","@id":"https:\/\/racom.com.pl\/#website","url":"https:\/\/racom.com.pl\/","name":"Mix Market - Supermarket z wszystkim co potrzeba do domu i nie tylko","description":"","publisher":{"@id":"https:\/\/racom.com.pl\/#organization"},"potentialAction":[{"@type":"SearchAction","target":{"@type":"EntryPoint","urlTemplate":"https:\/\/racom.com.pl\/?s={search_term_string}"},"query-input":{"@type":"PropertyValueSpecification","valueRequired":true,"valueName":"search_term_string"}}],"inLanguage":"pl-PL"},{"@type":"Organization","@id":"https:\/\/racom.com.pl\/#organization","name":"Mix Market - Supermarket z wszystkim co potrzeba do domu i nie tylko","url":"https:\/\/racom.com.pl\/","logo":{"@type":"ImageObject","inLanguage":"pl-PL","@id":"https:\/\/racom.com.pl\/#\/schema\/logo\/image\/","url":"https:\/\/racom.com.pl\/wp-content\/uploads\/2025\/07\/mixmarket_logo.png","contentUrl":"https:\/\/racom.com.pl\/wp-content\/uploads\/2025\/07\/mixmarket_logo.png","width":1024,"height":1024,"caption":"Mix Market - Supermarket z wszystkim co potrzeba do domu i nie tylko"},"image":{"@id":"https:\/\/racom.com.pl\/#\/schema\/logo\/image\/"}}]}},"_links":{"self":[{"href":"https:\/\/racom.com.pl\/index.php\/wp-json\/wp\/v2\/product\/2697","targetHints":{"allow":["GET"]}}],"collection":[{"href":"https:\/\/racom.com.pl\/index.php\/wp-json\/wp\/v2\/product"}],"about":[{"href":"https:\/\/racom.com.pl\/index.php\/wp-json\/wp\/v2\/types\/product"}],"replies":[{"embeddable":true,"href":"https:\/\/racom.com.pl\/index.php\/wp-json\/wp\/v2\/comments?post=2697"}],"wp:featuredmedia":[{"embeddable":true,"href":"https:\/\/racom.com.pl\/index.php\/wp-json\/wp\/v2\/media\/2701"}],"wp:attachment":[{"href":"https:\/\/racom.com.pl\/index.php\/wp-json\/wp\/v2\/media?parent=2697"}],"wp:term":[{"taxonomy":"product_brand","embeddable":true,"href":"https:\/\/racom.com.pl\/index.php\/wp-json\/wp\/v2\/product_brand?post=2697"},{"taxonomy":"product_cat","embeddable":true,"href":"https:\/\/racom.com.pl\/index.php\/wp-json\/wp\/v2\/product_cat?post=2697"},{"taxonomy":"product_tag","embeddable":true,"href":"https:\/\/racom.com.pl\/index.php\/wp-json\/wp\/v2\/product_tag?post=2697"}],"curies":[{"name":"wp","href":"https:\/\/api.w.org\/{rel}","templated":true}]}}