{"id":2702,"date":"2025-07-19T00:03:47","date_gmt":"2025-07-18T22:03:47","guid":{"rendered":"http:\/\/192.168.2.106\/index.php\/produkt\/syrop-imbirowy-herbapol-owocowa-spizarnia-imbirowa-imbir-kanister-5l\/"},"modified":"2025-07-19T00:03:47","modified_gmt":"2025-07-18T22:03:47","slug":"syrop-imbirowy-herbapol-owocowa-spizarnia-imbirowa-imbir-kanister-5l","status":"publish","type":"product","link":"https:\/\/racom.com.pl\/index.php\/produkt\/syrop-imbirowy-herbapol-owocowa-spizarnia-imbirowa-imbir-kanister-5l\/","title":{"rendered":"Syrop Imbirowy Herbapol Owocowa Spi\u017carnia Imbirowa IMBIR kanister 5L"},"content":{"rendered":"<h2>5L HERBAPOL Lublin Owocowa Spi\u017carnia syrop Imbir<\/h2>\n<h2>OWOCOWA SPI\u017bARNIA Imbirowa<\/h2>\n<h2>Suplement diety w p\u0142ynie z witamin\u0105 C o smaku imbirowym<\/h2>\n<p>Przyjemnie rozgrzewaj\u0105cy imbirowy smak to doskona\u0142y dodatek zar\u00f3wno do ciep\u0142ych, jak i zimnych napoj\u00f3w zamkni\u0119ty w opakowaniu 5 l. Zim\u0105 \u015bwietnie si\u0119 sprawdzi z gor\u0105ca wod\u0105 i cytryn\u0105 lub jako dodatek do herbaty. Latem b\u0119dzie doskona\u0142ym dope\u0142nieniem orze\u017awiaj\u0105cych napoj\u00f3w z lekko korzenn\u0105 nut\u0105.<\/p>\n<p>Dzi\u0119ki wysokiej jako\u015bci i g\u0119sto\u015bci jest niezwykle wydajny, a co wa\u017cniejsze \u2013 ma intensywny smak i kolor, kt\u00f3ry z pewno\u015bci\u0105 zachwyci Twoich klient\u00f3w.<\/p>\n<p>Zalecane spo\u017cycie: 20 ml (1 naci\u015bni\u0119cie pompki) po rozcie\u0144czeniu wod\u0105 (200 ml).<\/p>\n<p>Spo\u017cywa\u0107 2 razy dziennie. Nie nale\u017cy przekracza\u0107 porcji zalecanej do spo\u017cycia w ci\u0105gu dnia.<\/p>\n<p>Opakowanie zawiera 125 zalecanych dziennych porcji po 40 ml.<\/p>\n<p>Korzystny efekt wynikaj\u0105cy z deklarowanego dzia\u0142ania sk\u0142adnik\u00f3w wyst\u0119puje w przypadku spo\u017cycia 40 ml produktu. Suplement diety nie mo\u017ce by\u0107 stosowany jako substytut zr\u00f3\u017cnicowanej diety. Zr\u00f3wnowa\u017cona i zr\u00f3\u017cnicowana dieta oraz zdrowy styl \u017cycia s\u0105 podstaw\u0105 zapewnienia prawid\u0142owego funkcjonowania organizmu. Produkt nieodpowiedni dla diabetyk\u00f3w.<\/p>\n<p>Sk\u0142ad: A &#8211; cukier lub B &#8211; syrop glukozowo-fruktozowy, woda, wyci\u0105g z imbiru (5%), wyci\u0105g z korzenia lubczyka, regulator kwasowo\u015bci: kwas cytrynowy, naturalny aromat przypraw korzennych z innymi naturalnymi aromatami, barwnik: E150d, substancja konserwuj\u0105ca: benzoesan sodu, zag\u0119szczony sok aroniowy, przeciwutleniacz: kwas askorbinowy. Litera (A lub B) umieszczona przy numerze partii wskazuje na u\u017cyty do produkcji sk\u0142adnik.<\/p>\n","protected":false},"excerpt":{"rendered":"<p>5L HERBAPOL Lublin Owocowa Spi\u017carnia syrop Imbir OWOCOWA SPI\u017bARNIA Imbirowa Suplement diety w p\u0142ynie z witamin\u0105 C o smaku imbirowym Przyjemnie rozgrzewaj\u0105cy imbirowy smak to doskona\u0142y dodatek zar\u00f3wno do ciep\u0142ych, jak i zimnych napoj\u00f3w zamkni\u0119ty w opakowaniu 5 l. Zim\u0105 \u015bwietnie si\u0119 sprawdzi z gor\u0105ca wod\u0105 i cytryn\u0105 lub jako dodatek do herbaty. Latem b\u0119dzie [&hellip;]<\/p>\n","protected":false},"featured_media":2704,"comment_status":"open","ping_status":"closed","template":"","meta":[],"product_brand":[144],"product_cat":[116],"product_tag":[],"class_list":{"0":"post-2702","1":"product","2":"type-product","3":"status-publish","4":"has-post-thumbnail","6":"product_brand-herbapol","7":"product_cat-napoje-i-akcesoria","9":"first","10":"instock","11":"taxable","12":"shipping-taxable","13":"purchasable","14":"product-type-simple"},"yoast_head":"<!-- This site is optimized with the Yoast SEO plugin v27.4 - https:\/\/yoast.com\/product\/yoast-seo-wordpress\/ -->\n<title>Syrop Imbirowy Herbapol Owocowa Spi\u017carnia Imbirowa IMBIR kanister 5L - Mix Market - Supermarket z wszystkim co potrzeba<\/title>\n<meta name=\"robots\" content=\"index, follow, max-snippet:-1, max-image-preview:large, max-video-preview:-1\" \/>\n<link rel=\"canonical\" href=\"https:\/\/racom.com.pl\/index.php\/produkt\/syrop-imbirowy-herbapol-owocowa-spizarnia-imbirowa-imbir-kanister-5l\/\" \/>\n<meta property=\"og:locale\" content=\"pl_PL\" \/>\n<meta property=\"og:type\" content=\"article\" \/>\n<meta property=\"og:title\" content=\"Syrop Imbirowy Herbapol Owocowa Spi\u017carnia Imbirowa IMBIR kanister 5L - Mix Market - Supermarket z wszystkim co potrzeba\" \/>\n<meta property=\"og:description\" content=\"5L HERBAPOL Lublin Owocowa Spi\u017carnia syrop Imbir OWOCOWA SPI\u017bARNIA Imbirowa Suplement diety w p\u0142ynie z witamin\u0105 C o smaku imbirowym Przyjemnie rozgrzewaj\u0105cy imbirowy smak to doskona\u0142y dodatek zar\u00f3wno do ciep\u0142ych, jak i zimnych napoj\u00f3w zamkni\u0119ty w opakowaniu 5 l. Zim\u0105 \u015bwietnie si\u0119 sprawdzi z gor\u0105ca wod\u0105 i cytryn\u0105 lub jako dodatek do herbaty. Latem b\u0119dzie [&hellip;]\" \/>\n<meta property=\"og:url\" content=\"https:\/\/racom.com.pl\/index.php\/produkt\/syrop-imbirowy-herbapol-owocowa-spizarnia-imbirowa-imbir-kanister-5l\/\" \/>\n<meta property=\"og:site_name\" content=\"Mix Market - Supermarket z wszystkim co potrzeba\" \/>\n<meta property=\"og:image\" content=\"https:\/\/racom.com.pl\/wp-content\/uploads\/2025\/07\/allegro_687ac4e1424602.92758743_940742344cb48ad6cbe4e885faab.jpg\" \/>\n\t<meta property=\"og:image:width\" content=\"2560\" \/>\n\t<meta property=\"og:image:height\" content=\"2560\" \/>\n\t<meta property=\"og:image:type\" content=\"image\/jpeg\" \/>\n<meta name=\"twitter:card\" content=\"summary_large_image\" \/>\n<meta name=\"twitter:label1\" content=\"Szacowany czas czytania\" \/>\n\t<meta name=\"twitter:data1\" content=\"1 minuta\" \/>\n<script type=\"application\/ld+json\" class=\"yoast-schema-graph\">{\"@context\":\"https:\\\/\\\/schema.org\",\"@graph\":[{\"@type\":\"WebPage\",\"@id\":\"https:\\\/\\\/racom.com.pl\\\/index.php\\\/produkt\\\/syrop-imbirowy-herbapol-owocowa-spizarnia-imbirowa-imbir-kanister-5l\\\/\",\"url\":\"https:\\\/\\\/racom.com.pl\\\/index.php\\\/produkt\\\/syrop-imbirowy-herbapol-owocowa-spizarnia-imbirowa-imbir-kanister-5l\\\/\",\"name\":\"Syrop Imbirowy Herbapol Owocowa Spi\u017carnia Imbirowa IMBIR kanister 5L - Mix Market - Supermarket z wszystkim co potrzeba\",\"isPartOf\":{\"@id\":\"https:\\\/\\\/racom.com.pl\\\/#website\"},\"primaryImageOfPage\":{\"@id\":\"https:\\\/\\\/racom.com.pl\\\/index.php\\\/produkt\\\/syrop-imbirowy-herbapol-owocowa-spizarnia-imbirowa-imbir-kanister-5l\\\/#primaryimage\"},\"image\":{\"@id\":\"https:\\\/\\\/racom.com.pl\\\/index.php\\\/produkt\\\/syrop-imbirowy-herbapol-owocowa-spizarnia-imbirowa-imbir-kanister-5l\\\/#primaryimage\"},\"thumbnailUrl\":\"https:\\\/\\\/racom.com.pl\\\/wp-content\\\/uploads\\\/2025\\\/07\\\/allegro_687ac4e1424602.92758743_940742344cb48ad6cbe4e885faab.jpg\",\"datePublished\":\"2025-07-18T22:03:47+00:00\",\"breadcrumb\":{\"@id\":\"https:\\\/\\\/racom.com.pl\\\/index.php\\\/produkt\\\/syrop-imbirowy-herbapol-owocowa-spizarnia-imbirowa-imbir-kanister-5l\\\/#breadcrumb\"},\"inLanguage\":\"pl-PL\",\"potentialAction\":[{\"@type\":\"ReadAction\",\"target\":[\"https:\\\/\\\/racom.com.pl\\\/index.php\\\/produkt\\\/syrop-imbirowy-herbapol-owocowa-spizarnia-imbirowa-imbir-kanister-5l\\\/\"]}]},{\"@type\":\"ImageObject\",\"inLanguage\":\"pl-PL\",\"@id\":\"https:\\\/\\\/racom.com.pl\\\/index.php\\\/produkt\\\/syrop-imbirowy-herbapol-owocowa-spizarnia-imbirowa-imbir-kanister-5l\\\/#primaryimage\",\"url\":\"https:\\\/\\\/racom.com.pl\\\/wp-content\\\/uploads\\\/2025\\\/07\\\/allegro_687ac4e1424602.92758743_940742344cb48ad6cbe4e885faab.jpg\",\"contentUrl\":\"https:\\\/\\\/racom.com.pl\\\/wp-content\\\/uploads\\\/2025\\\/07\\\/allegro_687ac4e1424602.92758743_940742344cb48ad6cbe4e885faab.jpg\",\"width\":2560,\"height\":2560},{\"@type\":\"BreadcrumbList\",\"@id\":\"https:\\\/\\\/racom.com.pl\\\/index.php\\\/produkt\\\/syrop-imbirowy-herbapol-owocowa-spizarnia-imbirowa-imbir-kanister-5l\\\/#breadcrumb\",\"itemListElement\":[{\"@type\":\"ListItem\",\"position\":1,\"name\":\"Strona g\u0142\u00f3wna\",\"item\":\"https:\\\/\\\/racom.com.pl\\\/\"},{\"@type\":\"ListItem\",\"position\":2,\"name\":\"Sklep\",\"item\":\"https:\\\/\\\/racom.com.pl\\\/\"},{\"@type\":\"ListItem\",\"position\":3,\"name\":\"Syrop Imbirowy Herbapol Owocowa Spi\u017carnia Imbirowa IMBIR kanister 5L\"}]},{\"@type\":\"WebSite\",\"@id\":\"https:\\\/\\\/racom.com.pl\\\/#website\",\"url\":\"https:\\\/\\\/racom.com.pl\\\/\",\"name\":\"Mix Market - Supermarket z wszystkim co potrzeba do domu i nie tylko\",\"description\":\"\",\"publisher\":{\"@id\":\"https:\\\/\\\/racom.com.pl\\\/#organization\"},\"potentialAction\":[{\"@type\":\"SearchAction\",\"target\":{\"@type\":\"EntryPoint\",\"urlTemplate\":\"https:\\\/\\\/racom.com.pl\\\/?s={search_term_string}\"},\"query-input\":{\"@type\":\"PropertyValueSpecification\",\"valueRequired\":true,\"valueName\":\"search_term_string\"}}],\"inLanguage\":\"pl-PL\"},{\"@type\":\"Organization\",\"@id\":\"https:\\\/\\\/racom.com.pl\\\/#organization\",\"name\":\"Mix Market - Supermarket z wszystkim co potrzeba do domu i nie tylko\",\"url\":\"https:\\\/\\\/racom.com.pl\\\/\",\"logo\":{\"@type\":\"ImageObject\",\"inLanguage\":\"pl-PL\",\"@id\":\"https:\\\/\\\/racom.com.pl\\\/#\\\/schema\\\/logo\\\/image\\\/\",\"url\":\"https:\\\/\\\/racom.com.pl\\\/wp-content\\\/uploads\\\/2025\\\/07\\\/mixmarket_logo.png\",\"contentUrl\":\"https:\\\/\\\/racom.com.pl\\\/wp-content\\\/uploads\\\/2025\\\/07\\\/mixmarket_logo.png\",\"width\":1024,\"height\":1024,\"caption\":\"Mix Market - Supermarket z wszystkim co potrzeba do domu i nie tylko\"},\"image\":{\"@id\":\"https:\\\/\\\/racom.com.pl\\\/#\\\/schema\\\/logo\\\/image\\\/\"}}]}<\/script>\n<!-- \/ Yoast SEO plugin. -->","yoast_head_json":{"title":"Syrop Imbirowy Herbapol Owocowa Spi\u017carnia Imbirowa IMBIR kanister 5L - Mix Market - Supermarket z wszystkim co potrzeba","robots":{"index":"index","follow":"follow","max-snippet":"max-snippet:-1","max-image-preview":"max-image-preview:large","max-video-preview":"max-video-preview:-1"},"canonical":"https:\/\/racom.com.pl\/index.php\/produkt\/syrop-imbirowy-herbapol-owocowa-spizarnia-imbirowa-imbir-kanister-5l\/","og_locale":"pl_PL","og_type":"article","og_title":"Syrop Imbirowy Herbapol Owocowa Spi\u017carnia Imbirowa IMBIR kanister 5L - Mix Market - Supermarket z wszystkim co potrzeba","og_description":"5L HERBAPOL Lublin Owocowa Spi\u017carnia syrop Imbir OWOCOWA SPI\u017bARNIA Imbirowa Suplement diety w p\u0142ynie z witamin\u0105 C o smaku imbirowym Przyjemnie rozgrzewaj\u0105cy imbirowy smak to doskona\u0142y dodatek zar\u00f3wno do ciep\u0142ych, jak i zimnych napoj\u00f3w zamkni\u0119ty w opakowaniu 5 l. Zim\u0105 \u015bwietnie si\u0119 sprawdzi z gor\u0105ca wod\u0105 i cytryn\u0105 lub jako dodatek do herbaty. Latem b\u0119dzie [&hellip;]","og_url":"https:\/\/racom.com.pl\/index.php\/produkt\/syrop-imbirowy-herbapol-owocowa-spizarnia-imbirowa-imbir-kanister-5l\/","og_site_name":"Mix Market - Supermarket z wszystkim co potrzeba","og_image":[{"width":2560,"height":2560,"url":"https:\/\/racom.com.pl\/wp-content\/uploads\/2025\/07\/allegro_687ac4e1424602.92758743_940742344cb48ad6cbe4e885faab.jpg","type":"image\/jpeg"}],"twitter_card":"summary_large_image","twitter_misc":{"Szacowany czas czytania":"1 minuta"},"schema":{"@context":"https:\/\/schema.org","@graph":[{"@type":"WebPage","@id":"https:\/\/racom.com.pl\/index.php\/produkt\/syrop-imbirowy-herbapol-owocowa-spizarnia-imbirowa-imbir-kanister-5l\/","url":"https:\/\/racom.com.pl\/index.php\/produkt\/syrop-imbirowy-herbapol-owocowa-spizarnia-imbirowa-imbir-kanister-5l\/","name":"Syrop Imbirowy Herbapol Owocowa Spi\u017carnia Imbirowa IMBIR kanister 5L - Mix Market - Supermarket z wszystkim co potrzeba","isPartOf":{"@id":"https:\/\/racom.com.pl\/#website"},"primaryImageOfPage":{"@id":"https:\/\/racom.com.pl\/index.php\/produkt\/syrop-imbirowy-herbapol-owocowa-spizarnia-imbirowa-imbir-kanister-5l\/#primaryimage"},"image":{"@id":"https:\/\/racom.com.pl\/index.php\/produkt\/syrop-imbirowy-herbapol-owocowa-spizarnia-imbirowa-imbir-kanister-5l\/#primaryimage"},"thumbnailUrl":"https:\/\/racom.com.pl\/wp-content\/uploads\/2025\/07\/allegro_687ac4e1424602.92758743_940742344cb48ad6cbe4e885faab.jpg","datePublished":"2025-07-18T22:03:47+00:00","breadcrumb":{"@id":"https:\/\/racom.com.pl\/index.php\/produkt\/syrop-imbirowy-herbapol-owocowa-spizarnia-imbirowa-imbir-kanister-5l\/#breadcrumb"},"inLanguage":"pl-PL","potentialAction":[{"@type":"ReadAction","target":["https:\/\/racom.com.pl\/index.php\/produkt\/syrop-imbirowy-herbapol-owocowa-spizarnia-imbirowa-imbir-kanister-5l\/"]}]},{"@type":"ImageObject","inLanguage":"pl-PL","@id":"https:\/\/racom.com.pl\/index.php\/produkt\/syrop-imbirowy-herbapol-owocowa-spizarnia-imbirowa-imbir-kanister-5l\/#primaryimage","url":"https:\/\/racom.com.pl\/wp-content\/uploads\/2025\/07\/allegro_687ac4e1424602.92758743_940742344cb48ad6cbe4e885faab.jpg","contentUrl":"https:\/\/racom.com.pl\/wp-content\/uploads\/2025\/07\/allegro_687ac4e1424602.92758743_940742344cb48ad6cbe4e885faab.jpg","width":2560,"height":2560},{"@type":"BreadcrumbList","@id":"https:\/\/racom.com.pl\/index.php\/produkt\/syrop-imbirowy-herbapol-owocowa-spizarnia-imbirowa-imbir-kanister-5l\/#breadcrumb","itemListElement":[{"@type":"ListItem","position":1,"name":"Strona g\u0142\u00f3wna","item":"https:\/\/racom.com.pl\/"},{"@type":"ListItem","position":2,"name":"Sklep","item":"https:\/\/racom.com.pl\/"},{"@type":"ListItem","position":3,"name":"Syrop Imbirowy Herbapol Owocowa Spi\u017carnia Imbirowa IMBIR kanister 5L"}]},{"@type":"WebSite","@id":"https:\/\/racom.com.pl\/#website","url":"https:\/\/racom.com.pl\/","name":"Mix Market - Supermarket z wszystkim co potrzeba do domu i nie tylko","description":"","publisher":{"@id":"https:\/\/racom.com.pl\/#organization"},"potentialAction":[{"@type":"SearchAction","target":{"@type":"EntryPoint","urlTemplate":"https:\/\/racom.com.pl\/?s={search_term_string}"},"query-input":{"@type":"PropertyValueSpecification","valueRequired":true,"valueName":"search_term_string"}}],"inLanguage":"pl-PL"},{"@type":"Organization","@id":"https:\/\/racom.com.pl\/#organization","name":"Mix Market - Supermarket z wszystkim co potrzeba do domu i nie tylko","url":"https:\/\/racom.com.pl\/","logo":{"@type":"ImageObject","inLanguage":"pl-PL","@id":"https:\/\/racom.com.pl\/#\/schema\/logo\/image\/","url":"https:\/\/racom.com.pl\/wp-content\/uploads\/2025\/07\/mixmarket_logo.png","contentUrl":"https:\/\/racom.com.pl\/wp-content\/uploads\/2025\/07\/mixmarket_logo.png","width":1024,"height":1024,"caption":"Mix Market - Supermarket z wszystkim co potrzeba do domu i nie tylko"},"image":{"@id":"https:\/\/racom.com.pl\/#\/schema\/logo\/image\/"}}]}},"_links":{"self":[{"href":"https:\/\/racom.com.pl\/index.php\/wp-json\/wp\/v2\/product\/2702","targetHints":{"allow":["GET"]}}],"collection":[{"href":"https:\/\/racom.com.pl\/index.php\/wp-json\/wp\/v2\/product"}],"about":[{"href":"https:\/\/racom.com.pl\/index.php\/wp-json\/wp\/v2\/types\/product"}],"replies":[{"embeddable":true,"href":"https:\/\/racom.com.pl\/index.php\/wp-json\/wp\/v2\/comments?post=2702"}],"wp:featuredmedia":[{"embeddable":true,"href":"https:\/\/racom.com.pl\/index.php\/wp-json\/wp\/v2\/media\/2704"}],"wp:attachment":[{"href":"https:\/\/racom.com.pl\/index.php\/wp-json\/wp\/v2\/media?parent=2702"}],"wp:term":[{"taxonomy":"product_brand","embeddable":true,"href":"https:\/\/racom.com.pl\/index.php\/wp-json\/wp\/v2\/product_brand?post=2702"},{"taxonomy":"product_cat","embeddable":true,"href":"https:\/\/racom.com.pl\/index.php\/wp-json\/wp\/v2\/product_cat?post=2702"},{"taxonomy":"product_tag","embeddable":true,"href":"https:\/\/racom.com.pl\/index.php\/wp-json\/wp\/v2\/product_tag?post=2702"}],"curies":[{"name":"wp","href":"https:\/\/api.w.org\/{rel}","templated":true}]}}