{"id":2705,"date":"2025-07-19T00:04:33","date_gmt":"2025-07-18T22:04:33","guid":{"rendered":"http:\/\/192.168.2.106\/index.php\/produkt\/42x-baton-3bit-z-nadzieniem-mlecznym-46g-karton-duze-opakowanie-42-sztuki\/"},"modified":"2025-07-19T00:04:33","modified_gmt":"2025-07-18T22:04:33","slug":"42x-baton-3bit-z-nadzieniem-mlecznym-46g-karton-duze-opakowanie-42-sztuki","status":"publish","type":"product","link":"https:\/\/racom.com.pl\/index.php\/produkt\/42x-baton-3bit-z-nadzieniem-mlecznym-46g-karton-duze-opakowanie-42-sztuki\/","title":{"rendered":"42x Baton 3Bit z nadzieniem mlecznym 46g KARTON Du\u017ce opakowanie (42 sztuki)"},"content":{"rendered":"<h2>Baton 3BIT Czekolada Mleczne Nadzienie 42szt x 46g<\/h2>\n<ul>\n<li>Doskona\u0142a s\u0142odka przek\u0105ska<\/li>\n<li>3 warstwy: mleczna czekolada, kremowe nadzienie i kruchy herbatnik<\/li>\n<\/ul>\n<p><b>Oferta dotyczy ca\u0142ego kartonu (\u0142\u0105cznie 42 sztuki)<\/b><\/p>\n<p><b>Sk\u0142ad:<\/b><\/p>\n<p>cukier, t\u0142uszcz ro\u015blinny (palmowy), herbatnik 14% [m\u0105ka <b>pszenna<\/b>, cukier, olej palmowy, pe\u0142ne&nbsp;<b>mleko<\/b>&nbsp;w proszku, s\u00f3l, substancje spulchniaj\u0105ce (w\u0119glany sodu, w\u0119glany amonu), emulgator (E 481)], odt\u0142uszczone&nbsp;<b>mleko<\/b>&nbsp;w proszku (w nadzieniu 7%), serwatka w proszku (z&nbsp;<b>mleka<\/b>), t\u0142uszcz kakaowy, miazga kakaowa, t\u0142uszcz&nbsp;<b>mleczny<\/b>, emulgator (E 442, lecytyna&nbsp;<b>sojowa<\/b>, lecytyna s\u0142onecznikowa), aromaty, s\u00f3l, Opr\u00f3cz t\u0142uszczu kakaowego zawiera t\u0142uszcze ro\u015blinne<\/p>\n<ul>\n<li><b>Warto\u015b\u0107 energetyczna, 555 kcal<\/b><\/li>\n<\/ul>\n<p>T\u0142uszcz: 33,5 g<\/p>\n<p>w tym kwasy t\u0142uszczowe nasycone: 18,5 g<\/p>\n<p>W\u0119glowodany: 57,0 g<\/p>\n<p>w tym cukry: 49,5 g<\/p>\n<p>B\u0142onnik: 1,2 g<\/p>\n<p>Bia\u0142ko: 5,3 g<\/p>\n<p>S\u00f3l: 0,40 g<\/p>\n","protected":false},"excerpt":{"rendered":"<p>Baton 3BIT Czekolada Mleczne Nadzienie 42szt x 46g Doskona\u0142a s\u0142odka przek\u0105ska 3 warstwy: mleczna czekolada, kremowe nadzienie i kruchy herbatnik Oferta dotyczy ca\u0142ego kartonu (\u0142\u0105cznie 42 sztuki) Sk\u0142ad: cukier, t\u0142uszcz ro\u015blinny (palmowy), herbatnik 14% [m\u0105ka pszenna, cukier, olej palmowy, pe\u0142ne&nbsp;mleko&nbsp;w proszku, s\u00f3l, substancje spulchniaj\u0105ce (w\u0119glany sodu, w\u0119glany amonu), emulgator (E 481)], odt\u0142uszczone&nbsp;mleko&nbsp;w proszku (w nadzieniu [&hellip;]<\/p>\n","protected":false},"featured_media":2713,"comment_status":"open","ping_status":"closed","template":"","meta":[],"product_brand":[187],"product_cat":[120],"product_tag":[],"class_list":{"0":"post-2705","1":"product","2":"type-product","3":"status-publish","4":"has-post-thumbnail","6":"product_brand-mondelez","7":"product_cat-slodycze-przekaski-desery","9":"first","10":"instock","11":"taxable","12":"shipping-taxable","13":"purchasable","14":"product-type-simple"},"yoast_head":"<!-- This site is optimized with the Yoast SEO plugin v27.3 - https:\/\/yoast.com\/product\/yoast-seo-wordpress\/ -->\n<title>42x Baton 3Bit z nadzieniem mlecznym 46g KARTON Du\u017ce opakowanie (42 sztuki) - Mix Market - Supermarket z wszystkim co potrzeba<\/title>\n<meta name=\"robots\" content=\"index, follow, max-snippet:-1, max-image-preview:large, max-video-preview:-1\" \/>\n<link rel=\"canonical\" href=\"https:\/\/racom.com.pl\/index.php\/produkt\/42x-baton-3bit-z-nadzieniem-mlecznym-46g-karton-duze-opakowanie-42-sztuki\/\" \/>\n<meta property=\"og:locale\" content=\"pl_PL\" \/>\n<meta property=\"og:type\" content=\"article\" \/>\n<meta property=\"og:title\" content=\"42x Baton 3Bit z nadzieniem mlecznym 46g KARTON Du\u017ce opakowanie (42 sztuki) - Mix Market - Supermarket z wszystkim co potrzeba\" \/>\n<meta property=\"og:description\" content=\"Baton 3BIT Czekolada Mleczne Nadzienie 42szt x 46g Doskona\u0142a s\u0142odka przek\u0105ska 3 warstwy: mleczna czekolada, kremowe nadzienie i kruchy herbatnik Oferta dotyczy ca\u0142ego kartonu (\u0142\u0105cznie 42 sztuki) Sk\u0142ad: cukier, t\u0142uszcz ro\u015blinny (palmowy), herbatnik 14% [m\u0105ka pszenna, cukier, olej palmowy, pe\u0142ne&nbsp;mleko&nbsp;w proszku, s\u00f3l, substancje spulchniaj\u0105ce (w\u0119glany sodu, w\u0119glany amonu), emulgator (E 481)], odt\u0142uszczone&nbsp;mleko&nbsp;w proszku (w nadzieniu [&hellip;]\" \/>\n<meta property=\"og:url\" content=\"https:\/\/racom.com.pl\/index.php\/produkt\/42x-baton-3bit-z-nadzieniem-mlecznym-46g-karton-duze-opakowanie-42-sztuki\/\" \/>\n<meta property=\"og:site_name\" content=\"Mix Market - Supermarket z wszystkim co potrzeba\" \/>\n<meta property=\"og:image\" content=\"https:\/\/racom.com.pl\/wp-content\/uploads\/2025\/07\/allegro_687ac54d392570.72635080_09bea50e4d11b27a8cbc25c49fa9.jpg\" \/>\n\t<meta property=\"og:image:width\" content=\"2560\" \/>\n\t<meta property=\"og:image:height\" content=\"2560\" \/>\n\t<meta property=\"og:image:type\" content=\"image\/jpeg\" \/>\n<meta name=\"twitter:card\" content=\"summary_large_image\" \/>\n<meta name=\"twitter:label1\" content=\"Szacowany czas czytania\" \/>\n\t<meta name=\"twitter:data1\" content=\"1 minuta\" \/>\n<script type=\"application\/ld+json\" class=\"yoast-schema-graph\">{\"@context\":\"https:\\\/\\\/schema.org\",\"@graph\":[{\"@type\":\"WebPage\",\"@id\":\"https:\\\/\\\/racom.com.pl\\\/index.php\\\/produkt\\\/42x-baton-3bit-z-nadzieniem-mlecznym-46g-karton-duze-opakowanie-42-sztuki\\\/\",\"url\":\"https:\\\/\\\/racom.com.pl\\\/index.php\\\/produkt\\\/42x-baton-3bit-z-nadzieniem-mlecznym-46g-karton-duze-opakowanie-42-sztuki\\\/\",\"name\":\"42x Baton 3Bit z nadzieniem mlecznym 46g KARTON Du\u017ce opakowanie (42 sztuki) - Mix Market - Supermarket z wszystkim co potrzeba\",\"isPartOf\":{\"@id\":\"https:\\\/\\\/racom.com.pl\\\/#website\"},\"primaryImageOfPage\":{\"@id\":\"https:\\\/\\\/racom.com.pl\\\/index.php\\\/produkt\\\/42x-baton-3bit-z-nadzieniem-mlecznym-46g-karton-duze-opakowanie-42-sztuki\\\/#primaryimage\"},\"image\":{\"@id\":\"https:\\\/\\\/racom.com.pl\\\/index.php\\\/produkt\\\/42x-baton-3bit-z-nadzieniem-mlecznym-46g-karton-duze-opakowanie-42-sztuki\\\/#primaryimage\"},\"thumbnailUrl\":\"https:\\\/\\\/racom.com.pl\\\/wp-content\\\/uploads\\\/2025\\\/07\\\/allegro_687ac54d392570.72635080_09bea50e4d11b27a8cbc25c49fa9.jpg\",\"datePublished\":\"2025-07-18T22:04:33+00:00\",\"breadcrumb\":{\"@id\":\"https:\\\/\\\/racom.com.pl\\\/index.php\\\/produkt\\\/42x-baton-3bit-z-nadzieniem-mlecznym-46g-karton-duze-opakowanie-42-sztuki\\\/#breadcrumb\"},\"inLanguage\":\"pl-PL\",\"potentialAction\":[{\"@type\":\"ReadAction\",\"target\":[\"https:\\\/\\\/racom.com.pl\\\/index.php\\\/produkt\\\/42x-baton-3bit-z-nadzieniem-mlecznym-46g-karton-duze-opakowanie-42-sztuki\\\/\"]}]},{\"@type\":\"ImageObject\",\"inLanguage\":\"pl-PL\",\"@id\":\"https:\\\/\\\/racom.com.pl\\\/index.php\\\/produkt\\\/42x-baton-3bit-z-nadzieniem-mlecznym-46g-karton-duze-opakowanie-42-sztuki\\\/#primaryimage\",\"url\":\"https:\\\/\\\/racom.com.pl\\\/wp-content\\\/uploads\\\/2025\\\/07\\\/allegro_687ac54d392570.72635080_09bea50e4d11b27a8cbc25c49fa9.jpg\",\"contentUrl\":\"https:\\\/\\\/racom.com.pl\\\/wp-content\\\/uploads\\\/2025\\\/07\\\/allegro_687ac54d392570.72635080_09bea50e4d11b27a8cbc25c49fa9.jpg\",\"width\":2560,\"height\":2560},{\"@type\":\"BreadcrumbList\",\"@id\":\"https:\\\/\\\/racom.com.pl\\\/index.php\\\/produkt\\\/42x-baton-3bit-z-nadzieniem-mlecznym-46g-karton-duze-opakowanie-42-sztuki\\\/#breadcrumb\",\"itemListElement\":[{\"@type\":\"ListItem\",\"position\":1,\"name\":\"Strona g\u0142\u00f3wna\",\"item\":\"https:\\\/\\\/racom.com.pl\\\/\"},{\"@type\":\"ListItem\",\"position\":2,\"name\":\"Sklep\",\"item\":\"https:\\\/\\\/racom.com.pl\\\/\"},{\"@type\":\"ListItem\",\"position\":3,\"name\":\"42x Baton 3Bit z nadzieniem mlecznym 46g KARTON Du\u017ce opakowanie (42 sztuki)\"}]},{\"@type\":\"WebSite\",\"@id\":\"https:\\\/\\\/racom.com.pl\\\/#website\",\"url\":\"https:\\\/\\\/racom.com.pl\\\/\",\"name\":\"Mix Market - Supermarket z wszystkim co potrzeba do domu i nie tylko\",\"description\":\"\",\"publisher\":{\"@id\":\"https:\\\/\\\/racom.com.pl\\\/#organization\"},\"potentialAction\":[{\"@type\":\"SearchAction\",\"target\":{\"@type\":\"EntryPoint\",\"urlTemplate\":\"https:\\\/\\\/racom.com.pl\\\/?s={search_term_string}\"},\"query-input\":{\"@type\":\"PropertyValueSpecification\",\"valueRequired\":true,\"valueName\":\"search_term_string\"}}],\"inLanguage\":\"pl-PL\"},{\"@type\":\"Organization\",\"@id\":\"https:\\\/\\\/racom.com.pl\\\/#organization\",\"name\":\"Mix Market - Supermarket z wszystkim co potrzeba do domu i nie tylko\",\"url\":\"https:\\\/\\\/racom.com.pl\\\/\",\"logo\":{\"@type\":\"ImageObject\",\"inLanguage\":\"pl-PL\",\"@id\":\"https:\\\/\\\/racom.com.pl\\\/#\\\/schema\\\/logo\\\/image\\\/\",\"url\":\"https:\\\/\\\/racom.com.pl\\\/wp-content\\\/uploads\\\/2025\\\/07\\\/mixmarket_logo.png\",\"contentUrl\":\"https:\\\/\\\/racom.com.pl\\\/wp-content\\\/uploads\\\/2025\\\/07\\\/mixmarket_logo.png\",\"width\":1024,\"height\":1024,\"caption\":\"Mix Market - Supermarket z wszystkim co potrzeba do domu i nie tylko\"},\"image\":{\"@id\":\"https:\\\/\\\/racom.com.pl\\\/#\\\/schema\\\/logo\\\/image\\\/\"}}]}<\/script>\n<!-- \/ Yoast SEO plugin. -->","yoast_head_json":{"title":"42x Baton 3Bit z nadzieniem mlecznym 46g KARTON Du\u017ce opakowanie (42 sztuki) - Mix Market - Supermarket z wszystkim co potrzeba","robots":{"index":"index","follow":"follow","max-snippet":"max-snippet:-1","max-image-preview":"max-image-preview:large","max-video-preview":"max-video-preview:-1"},"canonical":"https:\/\/racom.com.pl\/index.php\/produkt\/42x-baton-3bit-z-nadzieniem-mlecznym-46g-karton-duze-opakowanie-42-sztuki\/","og_locale":"pl_PL","og_type":"article","og_title":"42x Baton 3Bit z nadzieniem mlecznym 46g KARTON Du\u017ce opakowanie (42 sztuki) - Mix Market - Supermarket z wszystkim co potrzeba","og_description":"Baton 3BIT Czekolada Mleczne Nadzienie 42szt x 46g Doskona\u0142a s\u0142odka przek\u0105ska 3 warstwy: mleczna czekolada, kremowe nadzienie i kruchy herbatnik Oferta dotyczy ca\u0142ego kartonu (\u0142\u0105cznie 42 sztuki) Sk\u0142ad: cukier, t\u0142uszcz ro\u015blinny (palmowy), herbatnik 14% [m\u0105ka pszenna, cukier, olej palmowy, pe\u0142ne&nbsp;mleko&nbsp;w proszku, s\u00f3l, substancje spulchniaj\u0105ce (w\u0119glany sodu, w\u0119glany amonu), emulgator (E 481)], odt\u0142uszczone&nbsp;mleko&nbsp;w proszku (w nadzieniu [&hellip;]","og_url":"https:\/\/racom.com.pl\/index.php\/produkt\/42x-baton-3bit-z-nadzieniem-mlecznym-46g-karton-duze-opakowanie-42-sztuki\/","og_site_name":"Mix Market - Supermarket z wszystkim co potrzeba","og_image":[{"width":2560,"height":2560,"url":"https:\/\/racom.com.pl\/wp-content\/uploads\/2025\/07\/allegro_687ac54d392570.72635080_09bea50e4d11b27a8cbc25c49fa9.jpg","type":"image\/jpeg"}],"twitter_card":"summary_large_image","twitter_misc":{"Szacowany czas czytania":"1 minuta"},"schema":{"@context":"https:\/\/schema.org","@graph":[{"@type":"WebPage","@id":"https:\/\/racom.com.pl\/index.php\/produkt\/42x-baton-3bit-z-nadzieniem-mlecznym-46g-karton-duze-opakowanie-42-sztuki\/","url":"https:\/\/racom.com.pl\/index.php\/produkt\/42x-baton-3bit-z-nadzieniem-mlecznym-46g-karton-duze-opakowanie-42-sztuki\/","name":"42x Baton 3Bit z nadzieniem mlecznym 46g KARTON Du\u017ce opakowanie (42 sztuki) - Mix Market - Supermarket z wszystkim co potrzeba","isPartOf":{"@id":"https:\/\/racom.com.pl\/#website"},"primaryImageOfPage":{"@id":"https:\/\/racom.com.pl\/index.php\/produkt\/42x-baton-3bit-z-nadzieniem-mlecznym-46g-karton-duze-opakowanie-42-sztuki\/#primaryimage"},"image":{"@id":"https:\/\/racom.com.pl\/index.php\/produkt\/42x-baton-3bit-z-nadzieniem-mlecznym-46g-karton-duze-opakowanie-42-sztuki\/#primaryimage"},"thumbnailUrl":"https:\/\/racom.com.pl\/wp-content\/uploads\/2025\/07\/allegro_687ac54d392570.72635080_09bea50e4d11b27a8cbc25c49fa9.jpg","datePublished":"2025-07-18T22:04:33+00:00","breadcrumb":{"@id":"https:\/\/racom.com.pl\/index.php\/produkt\/42x-baton-3bit-z-nadzieniem-mlecznym-46g-karton-duze-opakowanie-42-sztuki\/#breadcrumb"},"inLanguage":"pl-PL","potentialAction":[{"@type":"ReadAction","target":["https:\/\/racom.com.pl\/index.php\/produkt\/42x-baton-3bit-z-nadzieniem-mlecznym-46g-karton-duze-opakowanie-42-sztuki\/"]}]},{"@type":"ImageObject","inLanguage":"pl-PL","@id":"https:\/\/racom.com.pl\/index.php\/produkt\/42x-baton-3bit-z-nadzieniem-mlecznym-46g-karton-duze-opakowanie-42-sztuki\/#primaryimage","url":"https:\/\/racom.com.pl\/wp-content\/uploads\/2025\/07\/allegro_687ac54d392570.72635080_09bea50e4d11b27a8cbc25c49fa9.jpg","contentUrl":"https:\/\/racom.com.pl\/wp-content\/uploads\/2025\/07\/allegro_687ac54d392570.72635080_09bea50e4d11b27a8cbc25c49fa9.jpg","width":2560,"height":2560},{"@type":"BreadcrumbList","@id":"https:\/\/racom.com.pl\/index.php\/produkt\/42x-baton-3bit-z-nadzieniem-mlecznym-46g-karton-duze-opakowanie-42-sztuki\/#breadcrumb","itemListElement":[{"@type":"ListItem","position":1,"name":"Strona g\u0142\u00f3wna","item":"https:\/\/racom.com.pl\/"},{"@type":"ListItem","position":2,"name":"Sklep","item":"https:\/\/racom.com.pl\/"},{"@type":"ListItem","position":3,"name":"42x Baton 3Bit z nadzieniem mlecznym 46g KARTON Du\u017ce opakowanie (42 sztuki)"}]},{"@type":"WebSite","@id":"https:\/\/racom.com.pl\/#website","url":"https:\/\/racom.com.pl\/","name":"Mix Market - Supermarket z wszystkim co potrzeba do domu i nie tylko","description":"","publisher":{"@id":"https:\/\/racom.com.pl\/#organization"},"potentialAction":[{"@type":"SearchAction","target":{"@type":"EntryPoint","urlTemplate":"https:\/\/racom.com.pl\/?s={search_term_string}"},"query-input":{"@type":"PropertyValueSpecification","valueRequired":true,"valueName":"search_term_string"}}],"inLanguage":"pl-PL"},{"@type":"Organization","@id":"https:\/\/racom.com.pl\/#organization","name":"Mix Market - Supermarket z wszystkim co potrzeba do domu i nie tylko","url":"https:\/\/racom.com.pl\/","logo":{"@type":"ImageObject","inLanguage":"pl-PL","@id":"https:\/\/racom.com.pl\/#\/schema\/logo\/image\/","url":"https:\/\/racom.com.pl\/wp-content\/uploads\/2025\/07\/mixmarket_logo.png","contentUrl":"https:\/\/racom.com.pl\/wp-content\/uploads\/2025\/07\/mixmarket_logo.png","width":1024,"height":1024,"caption":"Mix Market - Supermarket z wszystkim co potrzeba do domu i nie tylko"},"image":{"@id":"https:\/\/racom.com.pl\/#\/schema\/logo\/image\/"}}]}},"_links":{"self":[{"href":"https:\/\/racom.com.pl\/index.php\/wp-json\/wp\/v2\/product\/2705","targetHints":{"allow":["GET"]}}],"collection":[{"href":"https:\/\/racom.com.pl\/index.php\/wp-json\/wp\/v2\/product"}],"about":[{"href":"https:\/\/racom.com.pl\/index.php\/wp-json\/wp\/v2\/types\/product"}],"replies":[{"embeddable":true,"href":"https:\/\/racom.com.pl\/index.php\/wp-json\/wp\/v2\/comments?post=2705"}],"wp:featuredmedia":[{"embeddable":true,"href":"https:\/\/racom.com.pl\/index.php\/wp-json\/wp\/v2\/media\/2713"}],"wp:attachment":[{"href":"https:\/\/racom.com.pl\/index.php\/wp-json\/wp\/v2\/media?parent=2705"}],"wp:term":[{"taxonomy":"product_brand","embeddable":true,"href":"https:\/\/racom.com.pl\/index.php\/wp-json\/wp\/v2\/product_brand?post=2705"},{"taxonomy":"product_cat","embeddable":true,"href":"https:\/\/racom.com.pl\/index.php\/wp-json\/wp\/v2\/product_cat?post=2705"},{"taxonomy":"product_tag","embeddable":true,"href":"https:\/\/racom.com.pl\/index.php\/wp-json\/wp\/v2\/product_tag?post=2705"}],"curies":[{"name":"wp","href":"https:\/\/api.w.org\/{rel}","templated":true}]}}