{"id":2714,"date":"2025-07-19T00:06:15","date_gmt":"2025-07-18T22:06:15","guid":{"rendered":"http:\/\/192.168.2.106\/index.php\/produkt\/syrop-barmanski-rioba-do-drinkow-blue-curacao-07-2\/"},"modified":"2025-07-19T00:06:15","modified_gmt":"2025-07-18T22:06:15","slug":"syrop-barmanski-rioba-do-drinkow-blue-curacao-07-2","status":"publish","type":"product","link":"https:\/\/racom.com.pl\/index.php\/produkt\/syrop-barmanski-rioba-do-drinkow-blue-curacao-07-2\/","title":{"rendered":"Syrop barma\u0144ski RIOBA do drink\u00f3w BLUE CURACAO 0,7"},"content":{"rendered":"<h2>SYROP BARMA\u0143SKI Pomara\u0144czowy RIOBA Blue Curacao 700ML<\/h2>\n<p><b>Barma\u0144ski Syrop RIOBA o smaku pomara\u0144czowym <\/b>doskonale nadaje si\u0119 do aromatyzowania mieszanego napoju&nbsp;<b>alkoholowego i bezalkoholowego<\/b>.<\/p>\n<p>Najcz\u0119\u015bciej u\u017cywany do tworzenia r\u00f3\u017cnych drink\u00f3w i szot\u00f3w. Nale\u017cy wstrz\u0105sn\u0105\u0107 syropem przed u\u017cyciem.<\/p>\n<p>Marka Rioba zosta\u0142a pierwotnie opracowana do profesjonalnych zastosowa\u0144 w kawiarniach, restauracjach i barach. Syropy s\u0105 idealnym dodatkiem nawet do najlepszych drink\u00f3w i koktajli oraz doskona\u0142ym dodatkiem do kawy i herbaty.<\/p>\n","protected":false},"excerpt":{"rendered":"<p>SYROP BARMA\u0143SKI Pomara\u0144czowy RIOBA Blue Curacao 700ML Barma\u0144ski Syrop RIOBA o smaku pomara\u0144czowym doskonale nadaje si\u0119 do aromatyzowania mieszanego napoju&nbsp;alkoholowego i bezalkoholowego. Najcz\u0119\u015bciej u\u017cywany do tworzenia r\u00f3\u017cnych drink\u00f3w i szot\u00f3w. Nale\u017cy wstrz\u0105sn\u0105\u0107 syropem przed u\u017cyciem. Marka Rioba zosta\u0142a pierwotnie opracowana do profesjonalnych zastosowa\u0144 w kawiarniach, restauracjach i barach. Syropy s\u0105 idealnym dodatkiem nawet do najlepszych [&hellip;]<\/p>\n","protected":false},"featured_media":2292,"comment_status":"open","ping_status":"closed","template":"","meta":[],"product_brand":[117],"product_cat":[116],"product_tag":[],"class_list":{"0":"post-2714","1":"product","2":"type-product","3":"status-publish","4":"has-post-thumbnail","6":"product_brand-rioba","7":"product_cat-napoje-i-akcesoria","9":"first","10":"instock","11":"taxable","12":"shipping-taxable","13":"purchasable","14":"product-type-simple"},"yoast_head":"<!-- This site is optimized with the Yoast SEO plugin v27.3 - https:\/\/yoast.com\/product\/yoast-seo-wordpress\/ -->\n<title>Syrop barma\u0144ski RIOBA do drink\u00f3w BLUE CURACAO 0,7 - Mix Market - Supermarket z wszystkim co potrzeba<\/title>\n<meta name=\"robots\" content=\"index, follow, max-snippet:-1, max-image-preview:large, max-video-preview:-1\" \/>\n<link rel=\"canonical\" href=\"https:\/\/racom.com.pl\/index.php\/produkt\/syrop-barmanski-rioba-do-drinkow-blue-curacao-07-2\/\" \/>\n<meta property=\"og:locale\" content=\"pl_PL\" \/>\n<meta property=\"og:type\" content=\"article\" \/>\n<meta property=\"og:title\" content=\"Syrop barma\u0144ski RIOBA do drink\u00f3w BLUE CURACAO 0,7 - Mix Market - Supermarket z wszystkim co potrzeba\" \/>\n<meta property=\"og:description\" content=\"SYROP BARMA\u0143SKI Pomara\u0144czowy RIOBA Blue Curacao 700ML Barma\u0144ski Syrop RIOBA o smaku pomara\u0144czowym doskonale nadaje si\u0119 do aromatyzowania mieszanego napoju&nbsp;alkoholowego i bezalkoholowego. Najcz\u0119\u015bciej u\u017cywany do tworzenia r\u00f3\u017cnych drink\u00f3w i szot\u00f3w. Nale\u017cy wstrz\u0105sn\u0105\u0107 syropem przed u\u017cyciem. Marka Rioba zosta\u0142a pierwotnie opracowana do profesjonalnych zastosowa\u0144 w kawiarniach, restauracjach i barach. Syropy s\u0105 idealnym dodatkiem nawet do najlepszych [&hellip;]\" \/>\n<meta property=\"og:url\" content=\"https:\/\/racom.com.pl\/index.php\/produkt\/syrop-barmanski-rioba-do-drinkow-blue-curacao-07-2\/\" \/>\n<meta property=\"og:site_name\" content=\"Mix Market - Supermarket z wszystkim co potrzeba\" \/>\n<meta property=\"og:image\" content=\"https:\/\/racom.com.pl\/wp-content\/uploads\/2025\/07\/allegro_687ab01c08b629.60618500_5be7108f4e4c9f2ca9bb6904674b.jpg\" \/>\n\t<meta property=\"og:image:width\" content=\"581\" \/>\n\t<meta property=\"og:image:height\" content=\"654\" \/>\n\t<meta property=\"og:image:type\" content=\"image\/jpeg\" \/>\n<meta name=\"twitter:card\" content=\"summary_large_image\" \/>\n<script type=\"application\/ld+json\" class=\"yoast-schema-graph\">{\"@context\":\"https:\\\/\\\/schema.org\",\"@graph\":[{\"@type\":\"WebPage\",\"@id\":\"https:\\\/\\\/racom.com.pl\\\/index.php\\\/produkt\\\/syrop-barmanski-rioba-do-drinkow-blue-curacao-07-2\\\/\",\"url\":\"https:\\\/\\\/racom.com.pl\\\/index.php\\\/produkt\\\/syrop-barmanski-rioba-do-drinkow-blue-curacao-07-2\\\/\",\"name\":\"Syrop barma\u0144ski RIOBA do drink\u00f3w BLUE CURACAO 0,7 - Mix Market - Supermarket z wszystkim co potrzeba\",\"isPartOf\":{\"@id\":\"https:\\\/\\\/racom.com.pl\\\/#website\"},\"primaryImageOfPage\":{\"@id\":\"https:\\\/\\\/racom.com.pl\\\/index.php\\\/produkt\\\/syrop-barmanski-rioba-do-drinkow-blue-curacao-07-2\\\/#primaryimage\"},\"image\":{\"@id\":\"https:\\\/\\\/racom.com.pl\\\/index.php\\\/produkt\\\/syrop-barmanski-rioba-do-drinkow-blue-curacao-07-2\\\/#primaryimage\"},\"thumbnailUrl\":\"https:\\\/\\\/racom.com.pl\\\/wp-content\\\/uploads\\\/2025\\\/07\\\/allegro_687ab01c08b629.60618500_5be7108f4e4c9f2ca9bb6904674b.jpg\",\"datePublished\":\"2025-07-18T22:06:15+00:00\",\"breadcrumb\":{\"@id\":\"https:\\\/\\\/racom.com.pl\\\/index.php\\\/produkt\\\/syrop-barmanski-rioba-do-drinkow-blue-curacao-07-2\\\/#breadcrumb\"},\"inLanguage\":\"pl-PL\",\"potentialAction\":[{\"@type\":\"ReadAction\",\"target\":[\"https:\\\/\\\/racom.com.pl\\\/index.php\\\/produkt\\\/syrop-barmanski-rioba-do-drinkow-blue-curacao-07-2\\\/\"]}]},{\"@type\":\"ImageObject\",\"inLanguage\":\"pl-PL\",\"@id\":\"https:\\\/\\\/racom.com.pl\\\/index.php\\\/produkt\\\/syrop-barmanski-rioba-do-drinkow-blue-curacao-07-2\\\/#primaryimage\",\"url\":\"https:\\\/\\\/racom.com.pl\\\/wp-content\\\/uploads\\\/2025\\\/07\\\/allegro_687ab01c08b629.60618500_5be7108f4e4c9f2ca9bb6904674b.jpg\",\"contentUrl\":\"https:\\\/\\\/racom.com.pl\\\/wp-content\\\/uploads\\\/2025\\\/07\\\/allegro_687ab01c08b629.60618500_5be7108f4e4c9f2ca9bb6904674b.jpg\",\"width\":581,\"height\":654},{\"@type\":\"BreadcrumbList\",\"@id\":\"https:\\\/\\\/racom.com.pl\\\/index.php\\\/produkt\\\/syrop-barmanski-rioba-do-drinkow-blue-curacao-07-2\\\/#breadcrumb\",\"itemListElement\":[{\"@type\":\"ListItem\",\"position\":1,\"name\":\"Strona g\u0142\u00f3wna\",\"item\":\"https:\\\/\\\/racom.com.pl\\\/\"},{\"@type\":\"ListItem\",\"position\":2,\"name\":\"Sklep\",\"item\":\"https:\\\/\\\/racom.com.pl\\\/\"},{\"@type\":\"ListItem\",\"position\":3,\"name\":\"Syrop barma\u0144ski RIOBA do drink\u00f3w BLUE CURACAO 0,7\"}]},{\"@type\":\"WebSite\",\"@id\":\"https:\\\/\\\/racom.com.pl\\\/#website\",\"url\":\"https:\\\/\\\/racom.com.pl\\\/\",\"name\":\"Mix Market - Supermarket z wszystkim co potrzeba do domu i nie tylko\",\"description\":\"\",\"publisher\":{\"@id\":\"https:\\\/\\\/racom.com.pl\\\/#organization\"},\"potentialAction\":[{\"@type\":\"SearchAction\",\"target\":{\"@type\":\"EntryPoint\",\"urlTemplate\":\"https:\\\/\\\/racom.com.pl\\\/?s={search_term_string}\"},\"query-input\":{\"@type\":\"PropertyValueSpecification\",\"valueRequired\":true,\"valueName\":\"search_term_string\"}}],\"inLanguage\":\"pl-PL\"},{\"@type\":\"Organization\",\"@id\":\"https:\\\/\\\/racom.com.pl\\\/#organization\",\"name\":\"Mix Market - Supermarket z wszystkim co potrzeba do domu i nie tylko\",\"url\":\"https:\\\/\\\/racom.com.pl\\\/\",\"logo\":{\"@type\":\"ImageObject\",\"inLanguage\":\"pl-PL\",\"@id\":\"https:\\\/\\\/racom.com.pl\\\/#\\\/schema\\\/logo\\\/image\\\/\",\"url\":\"https:\\\/\\\/racom.com.pl\\\/wp-content\\\/uploads\\\/2025\\\/07\\\/mixmarket_logo.png\",\"contentUrl\":\"https:\\\/\\\/racom.com.pl\\\/wp-content\\\/uploads\\\/2025\\\/07\\\/mixmarket_logo.png\",\"width\":1024,\"height\":1024,\"caption\":\"Mix Market - Supermarket z wszystkim co potrzeba do domu i nie tylko\"},\"image\":{\"@id\":\"https:\\\/\\\/racom.com.pl\\\/#\\\/schema\\\/logo\\\/image\\\/\"}}]}<\/script>\n<!-- \/ Yoast SEO plugin. -->","yoast_head_json":{"title":"Syrop barma\u0144ski RIOBA do drink\u00f3w BLUE CURACAO 0,7 - Mix Market - Supermarket z wszystkim co potrzeba","robots":{"index":"index","follow":"follow","max-snippet":"max-snippet:-1","max-image-preview":"max-image-preview:large","max-video-preview":"max-video-preview:-1"},"canonical":"https:\/\/racom.com.pl\/index.php\/produkt\/syrop-barmanski-rioba-do-drinkow-blue-curacao-07-2\/","og_locale":"pl_PL","og_type":"article","og_title":"Syrop barma\u0144ski RIOBA do drink\u00f3w BLUE CURACAO 0,7 - Mix Market - Supermarket z wszystkim co potrzeba","og_description":"SYROP BARMA\u0143SKI Pomara\u0144czowy RIOBA Blue Curacao 700ML Barma\u0144ski Syrop RIOBA o smaku pomara\u0144czowym doskonale nadaje si\u0119 do aromatyzowania mieszanego napoju&nbsp;alkoholowego i bezalkoholowego. Najcz\u0119\u015bciej u\u017cywany do tworzenia r\u00f3\u017cnych drink\u00f3w i szot\u00f3w. Nale\u017cy wstrz\u0105sn\u0105\u0107 syropem przed u\u017cyciem. Marka Rioba zosta\u0142a pierwotnie opracowana do profesjonalnych zastosowa\u0144 w kawiarniach, restauracjach i barach. Syropy s\u0105 idealnym dodatkiem nawet do najlepszych [&hellip;]","og_url":"https:\/\/racom.com.pl\/index.php\/produkt\/syrop-barmanski-rioba-do-drinkow-blue-curacao-07-2\/","og_site_name":"Mix Market - Supermarket z wszystkim co potrzeba","og_image":[{"width":581,"height":654,"url":"https:\/\/racom.com.pl\/wp-content\/uploads\/2025\/07\/allegro_687ab01c08b629.60618500_5be7108f4e4c9f2ca9bb6904674b.jpg","type":"image\/jpeg"}],"twitter_card":"summary_large_image","schema":{"@context":"https:\/\/schema.org","@graph":[{"@type":"WebPage","@id":"https:\/\/racom.com.pl\/index.php\/produkt\/syrop-barmanski-rioba-do-drinkow-blue-curacao-07-2\/","url":"https:\/\/racom.com.pl\/index.php\/produkt\/syrop-barmanski-rioba-do-drinkow-blue-curacao-07-2\/","name":"Syrop barma\u0144ski RIOBA do drink\u00f3w BLUE CURACAO 0,7 - Mix Market - Supermarket z wszystkim co potrzeba","isPartOf":{"@id":"https:\/\/racom.com.pl\/#website"},"primaryImageOfPage":{"@id":"https:\/\/racom.com.pl\/index.php\/produkt\/syrop-barmanski-rioba-do-drinkow-blue-curacao-07-2\/#primaryimage"},"image":{"@id":"https:\/\/racom.com.pl\/index.php\/produkt\/syrop-barmanski-rioba-do-drinkow-blue-curacao-07-2\/#primaryimage"},"thumbnailUrl":"https:\/\/racom.com.pl\/wp-content\/uploads\/2025\/07\/allegro_687ab01c08b629.60618500_5be7108f4e4c9f2ca9bb6904674b.jpg","datePublished":"2025-07-18T22:06:15+00:00","breadcrumb":{"@id":"https:\/\/racom.com.pl\/index.php\/produkt\/syrop-barmanski-rioba-do-drinkow-blue-curacao-07-2\/#breadcrumb"},"inLanguage":"pl-PL","potentialAction":[{"@type":"ReadAction","target":["https:\/\/racom.com.pl\/index.php\/produkt\/syrop-barmanski-rioba-do-drinkow-blue-curacao-07-2\/"]}]},{"@type":"ImageObject","inLanguage":"pl-PL","@id":"https:\/\/racom.com.pl\/index.php\/produkt\/syrop-barmanski-rioba-do-drinkow-blue-curacao-07-2\/#primaryimage","url":"https:\/\/racom.com.pl\/wp-content\/uploads\/2025\/07\/allegro_687ab01c08b629.60618500_5be7108f4e4c9f2ca9bb6904674b.jpg","contentUrl":"https:\/\/racom.com.pl\/wp-content\/uploads\/2025\/07\/allegro_687ab01c08b629.60618500_5be7108f4e4c9f2ca9bb6904674b.jpg","width":581,"height":654},{"@type":"BreadcrumbList","@id":"https:\/\/racom.com.pl\/index.php\/produkt\/syrop-barmanski-rioba-do-drinkow-blue-curacao-07-2\/#breadcrumb","itemListElement":[{"@type":"ListItem","position":1,"name":"Strona g\u0142\u00f3wna","item":"https:\/\/racom.com.pl\/"},{"@type":"ListItem","position":2,"name":"Sklep","item":"https:\/\/racom.com.pl\/"},{"@type":"ListItem","position":3,"name":"Syrop barma\u0144ski RIOBA do drink\u00f3w BLUE CURACAO 0,7"}]},{"@type":"WebSite","@id":"https:\/\/racom.com.pl\/#website","url":"https:\/\/racom.com.pl\/","name":"Mix Market - Supermarket z wszystkim co potrzeba do domu i nie tylko","description":"","publisher":{"@id":"https:\/\/racom.com.pl\/#organization"},"potentialAction":[{"@type":"SearchAction","target":{"@type":"EntryPoint","urlTemplate":"https:\/\/racom.com.pl\/?s={search_term_string}"},"query-input":{"@type":"PropertyValueSpecification","valueRequired":true,"valueName":"search_term_string"}}],"inLanguage":"pl-PL"},{"@type":"Organization","@id":"https:\/\/racom.com.pl\/#organization","name":"Mix Market - Supermarket z wszystkim co potrzeba do domu i nie tylko","url":"https:\/\/racom.com.pl\/","logo":{"@type":"ImageObject","inLanguage":"pl-PL","@id":"https:\/\/racom.com.pl\/#\/schema\/logo\/image\/","url":"https:\/\/racom.com.pl\/wp-content\/uploads\/2025\/07\/mixmarket_logo.png","contentUrl":"https:\/\/racom.com.pl\/wp-content\/uploads\/2025\/07\/mixmarket_logo.png","width":1024,"height":1024,"caption":"Mix Market - Supermarket z wszystkim co potrzeba do domu i nie tylko"},"image":{"@id":"https:\/\/racom.com.pl\/#\/schema\/logo\/image\/"}}]}},"_links":{"self":[{"href":"https:\/\/racom.com.pl\/index.php\/wp-json\/wp\/v2\/product\/2714","targetHints":{"allow":["GET"]}}],"collection":[{"href":"https:\/\/racom.com.pl\/index.php\/wp-json\/wp\/v2\/product"}],"about":[{"href":"https:\/\/racom.com.pl\/index.php\/wp-json\/wp\/v2\/types\/product"}],"replies":[{"embeddable":true,"href":"https:\/\/racom.com.pl\/index.php\/wp-json\/wp\/v2\/comments?post=2714"}],"wp:featuredmedia":[{"embeddable":true,"href":"https:\/\/racom.com.pl\/index.php\/wp-json\/wp\/v2\/media\/2292"}],"wp:attachment":[{"href":"https:\/\/racom.com.pl\/index.php\/wp-json\/wp\/v2\/media?parent=2714"}],"wp:term":[{"taxonomy":"product_brand","embeddable":true,"href":"https:\/\/racom.com.pl\/index.php\/wp-json\/wp\/v2\/product_brand?post=2714"},{"taxonomy":"product_cat","embeddable":true,"href":"https:\/\/racom.com.pl\/index.php\/wp-json\/wp\/v2\/product_cat?post=2714"},{"taxonomy":"product_tag","embeddable":true,"href":"https:\/\/racom.com.pl\/index.php\/wp-json\/wp\/v2\/product_tag?post=2714"}],"curies":[{"name":"wp","href":"https:\/\/api.w.org\/{rel}","templated":true}]}}