{"id":272,"date":"2025-07-18T17:21:07","date_gmt":"2025-07-18T15:21:07","guid":{"rendered":"http:\/\/192.168.2.106\/index.php\/produkt\/router-d-link-dir-816l-wifi-ac750-24-5ghz-usb\/"},"modified":"2025-07-18T17:21:07","modified_gmt":"2025-07-18T15:21:07","slug":"router-d-link-dir-816l-wifi-ac750-24-5ghz-usb","status":"publish","type":"product","link":"https:\/\/racom.com.pl\/index.php\/produkt\/router-d-link-dir-816l-wifi-ac750-24-5ghz-usb\/","title":{"rendered":"ROUTER D-LINK DIR-816L WIFI AC750 2,4 &#8211; 5GHZ USB"},"content":{"rendered":"<h2>D-LINK DIR-816L WiFi AC750 2,4Ghz 5Ghz z portem USB<\/h2>\n<p>Router DIR-816L jest jednym z urz\u0105dze\u0144 pracuj\u0105cych w technologii Wireless AC. Jednoczesna praca na dw\u00f3ch cz\u0119stotliwo\u015bciach oraz szybkie porty Fast Ethernet zapewniaj\u0105 stabiln\u0105 domow\u0105 sie\u0107.<\/p>\n<p>Specyfikacja techniczna:<\/p>\n<p>G\u0142\u00f3wne<\/p>\n<p>Interfejsy urz\u0105dzenia<\/p>\n<p>IEEE 802.11ac wireless LAN<\/p>\n<p>IEEE 802.11 a\/b\/g\/n wireless LAN<\/p>\n<p>port 10\/100 fast Ethernet WAN<\/p>\n<p>4 porty 10\/100 fast Ethernet LAN<\/p>\n<p>Diody LED<\/p>\n<p>Zasilanie<\/p>\n<p>Internet<\/p>\n<p>WLAN<\/p>\n<p>LAN (dla ka\u017cdego portu)<\/p>\n<p>WPS<\/p>\n<p>Rodzaj anteny<\/p>\n<p>Dwie zewn\u0119trzne anteny<\/p>\n<p>Zakres cz\u0119stotliwo\u015bci<\/p>\n<p>2.4 GHz: 2400 &#8211; 2483.5 MHz<\/p>\n<p>5 GHz: 5150 &#8211; 5725 MHz<\/p>\n<p>Standardy<\/p>\n<p>IEEE 802.11ac (draft)<\/p>\n<p>IEEE 802.11n<\/p>\n<p>IEEE 802.11g<\/p>\n<p>IEEE 802.11b<\/p>\n<p>IEEE 802.11a<\/p>\n<p>IEEE 802.3u<\/p>\n<p>Miminalne wymagania<\/p>\n<p>Windows 8\/7\/Vista\/XP SP3, Mac OS X 10.4 lub nowszy<\/p>\n<p>Internet Explorer 7, Firefox 12.0, Chrome 20.0, Safari 4.0, lub przegl\u0105darka z Java<\/p>\n<p>Wi-Fi lub wej\u015bcie Ethernet<\/p>\n<p>Modem DSL lub po\u0142\u0105czenie kablowe od dostawcy us\u0142ug internetowych<\/p>\n<p>Funkcjonalno\u015b\u0107<\/p>\n<p>Bezpiecze\u0144stwo<\/p>\n<p>WPA &amp; WPA2 (Wi-Fi Protected Access)<\/p>\n<p>WPS (Wi-Fi Protected Setup)<\/p>\n<p>Zaawansowane funkcjonalno\u015bci<\/p>\n<p>Web setup wizard<\/p>\n<p>QoS (Quality of Service)<\/p>\n<p>DMZ (Demilitarised Zone)<\/p>\n<p>Firewall &#8211; Network Address Translation (NAT)<\/p>\n<p>Strefa go\u015bcinna<\/p>\n<p>IPv6<\/p>\n<p>Aplikacja mydlink\u2122 SharePort\u2122<\/p>\n<p>Zdalny dost\u0119p: Dost\u0119p do plik\u00f3w przez Internet<\/p>\n<p>SharePort Web File Access (web browser)<\/p>\n<p>Dost\u0119p do plik\u00f3w z dowolnego urz\u0105dzenia pod\u0142\u0105czonego do DIR-816L<\/p>\n<p>Wsparcie pami\u0119ci masowej USB o poj. do 250GB<\/p>\n<p>Aplikacja mydlink\u2122 Lite<\/p>\n<p>Zdalne zarz\u0105dzanie<\/p>\n<p>Wy\u015bwietlanie bie\u017c\u0105cej przepustowo\u015bci przesy\u0142ania\/pobierania<\/p>\n<p>Wy\u015bwietlanie aktualnie pod\u0142\u0105czonych klient\u00f3w<\/p>\n<p>Wy\u015bwietlanie historii przegl\u0105dania stron WWW dla ka\u017cdego klienta<\/p>\n<p>Blokowanie\/odblokowywanie dost\u0119pu do sieci dla klienta<\/p>\n<p>Zarz\u0105dzanie szczeg\u00f3\u0142ami sieci bezprzewodowej<\/p>\n<p>Dost\u0119p przez przegl\u0105dark\u0119 WWW albo aplikacj\u0119 na urz\u0105dzenia przeno\u015bne z systemem iOS lub Android<\/p>\n<p>Wspierane aplikacje mobilne<\/p>\n<p>mydlink\u2122 Lite<\/p>\n<p>mydlink\u2122 SharePort\u2122<\/p>\n<p>QRS Mobile<\/p>\n<p>Aplikacje na iPhone, iPad, iPod Touch, oraz urz\u0105dzenia z systemem Android<\/p>\n<p>Wymiary<\/p>\n<p>151.6 x 112 x 30.5 mm<\/p>\n<p>Waga<\/p>\n<p>204 gram<\/p>\n<p>Zasilanie<\/p>\n<p>Wej\u015bcie: 100 do 240 V AC, 50\/60 Hz<\/p>\n<p>Temperatura<\/p>\n<p>Operacyjna: od 0 do 40 \u00b0C<\/p>\n<p>Przechowywania: od -20 do 65 \u00b0C<\/p>\n<p>Wilgotno\u015b\u0107<\/p>\n<p>Operacyjna: od 10% do 90% bez kondensacji<\/p>\n<p>Przechowywania: od 5% do 95% bez kondensacji<\/p>\n<p>Certyfikaty<\/p>\n<p>IC<\/p>\n<p>CE<\/p>\n<p>CSA<\/p>\n<p>FCC<\/p>\n<p>C-Tick<\/p>\n","protected":false},"excerpt":{"rendered":"<p>D-LINK DIR-816L WiFi AC750 2,4Ghz 5Ghz z portem USB Router DIR-816L jest jednym z urz\u0105dze\u0144 pracuj\u0105cych w technologii Wireless AC. Jednoczesna praca na dw\u00f3ch cz\u0119stotliwo\u015bciach oraz szybkie porty Fast Ethernet zapewniaj\u0105 stabiln\u0105 domow\u0105 sie\u0107. Specyfikacja techniczna: G\u0142\u00f3wne Interfejsy urz\u0105dzenia IEEE 802.11ac wireless LAN IEEE 802.11 a\/b\/g\/n wireless LAN port 10\/100 fast Ethernet WAN 4 porty [&hellip;]<\/p>\n","protected":false},"featured_media":276,"comment_status":"open","ping_status":"closed","template":"","meta":[],"product_brand":[],"product_cat":[42],"product_tag":[],"class_list":{"0":"post-272","1":"product","2":"type-product","3":"status-publish","4":"has-post-thumbnail","6":"product_cat-urzadzenia-sieciowe","8":"first","9":"instock","10":"taxable","11":"shipping-taxable","12":"purchasable","13":"product-type-simple"},"yoast_head":"<!-- This site is optimized with the Yoast SEO plugin v27.3 - https:\/\/yoast.com\/product\/yoast-seo-wordpress\/ -->\n<title>ROUTER D-LINK DIR-816L WIFI AC750 2,4 - 5GHZ USB - Mix Market - Supermarket z wszystkim co potrzeba<\/title>\n<meta name=\"robots\" content=\"index, follow, max-snippet:-1, max-image-preview:large, max-video-preview:-1\" \/>\n<link rel=\"canonical\" href=\"https:\/\/racom.com.pl\/index.php\/produkt\/router-d-link-dir-816l-wifi-ac750-24-5ghz-usb\/\" \/>\n<meta property=\"og:locale\" content=\"pl_PL\" \/>\n<meta property=\"og:type\" content=\"article\" \/>\n<meta property=\"og:title\" content=\"ROUTER D-LINK DIR-816L WIFI AC750 2,4 - 5GHZ USB - Mix Market - Supermarket z wszystkim co potrzeba\" \/>\n<meta property=\"og:description\" content=\"D-LINK DIR-816L WiFi AC750 2,4Ghz 5Ghz z portem USB Router DIR-816L jest jednym z urz\u0105dze\u0144 pracuj\u0105cych w technologii Wireless AC. Jednoczesna praca na dw\u00f3ch cz\u0119stotliwo\u015bciach oraz szybkie porty Fast Ethernet zapewniaj\u0105 stabiln\u0105 domow\u0105 sie\u0107. Specyfikacja techniczna: G\u0142\u00f3wne Interfejsy urz\u0105dzenia IEEE 802.11ac wireless LAN IEEE 802.11 a\/b\/g\/n wireless LAN port 10\/100 fast Ethernet WAN 4 porty [&hellip;]\" \/>\n<meta property=\"og:url\" content=\"https:\/\/racom.com.pl\/index.php\/produkt\/router-d-link-dir-816l-wifi-ac750-24-5ghz-usb\/\" \/>\n<meta property=\"og:site_name\" content=\"Mix Market - Supermarket z wszystkim co potrzeba\" \/>\n<meta property=\"og:image\" content=\"https:\/\/racom.com.pl\/wp-content\/uploads\/2025\/07\/allegro_687a666e32d7f5.70564848_934de6d340db8cce580b440cec69.jpg\" \/>\n\t<meta property=\"og:image:width\" content=\"452\" \/>\n\t<meta property=\"og:image:height\" content=\"452\" \/>\n\t<meta property=\"og:image:type\" content=\"image\/jpeg\" \/>\n<meta name=\"twitter:card\" content=\"summary_large_image\" \/>\n<meta name=\"twitter:label1\" content=\"Szacowany czas czytania\" \/>\n\t<meta name=\"twitter:data1\" content=\"1 minuta\" \/>\n<script type=\"application\/ld+json\" class=\"yoast-schema-graph\">{\"@context\":\"https:\\\/\\\/schema.org\",\"@graph\":[{\"@type\":\"WebPage\",\"@id\":\"https:\\\/\\\/racom.com.pl\\\/index.php\\\/produkt\\\/router-d-link-dir-816l-wifi-ac750-24-5ghz-usb\\\/\",\"url\":\"https:\\\/\\\/racom.com.pl\\\/index.php\\\/produkt\\\/router-d-link-dir-816l-wifi-ac750-24-5ghz-usb\\\/\",\"name\":\"ROUTER D-LINK DIR-816L WIFI AC750 2,4 - 5GHZ USB - Mix Market - Supermarket z wszystkim co potrzeba\",\"isPartOf\":{\"@id\":\"https:\\\/\\\/racom.com.pl\\\/#website\"},\"primaryImageOfPage\":{\"@id\":\"https:\\\/\\\/racom.com.pl\\\/index.php\\\/produkt\\\/router-d-link-dir-816l-wifi-ac750-24-5ghz-usb\\\/#primaryimage\"},\"image\":{\"@id\":\"https:\\\/\\\/racom.com.pl\\\/index.php\\\/produkt\\\/router-d-link-dir-816l-wifi-ac750-24-5ghz-usb\\\/#primaryimage\"},\"thumbnailUrl\":\"https:\\\/\\\/racom.com.pl\\\/wp-content\\\/uploads\\\/2025\\\/07\\\/allegro_687a666e32d7f5.70564848_934de6d340db8cce580b440cec69.jpg\",\"datePublished\":\"2025-07-18T15:21:07+00:00\",\"breadcrumb\":{\"@id\":\"https:\\\/\\\/racom.com.pl\\\/index.php\\\/produkt\\\/router-d-link-dir-816l-wifi-ac750-24-5ghz-usb\\\/#breadcrumb\"},\"inLanguage\":\"pl-PL\",\"potentialAction\":[{\"@type\":\"ReadAction\",\"target\":[\"https:\\\/\\\/racom.com.pl\\\/index.php\\\/produkt\\\/router-d-link-dir-816l-wifi-ac750-24-5ghz-usb\\\/\"]}]},{\"@type\":\"ImageObject\",\"inLanguage\":\"pl-PL\",\"@id\":\"https:\\\/\\\/racom.com.pl\\\/index.php\\\/produkt\\\/router-d-link-dir-816l-wifi-ac750-24-5ghz-usb\\\/#primaryimage\",\"url\":\"https:\\\/\\\/racom.com.pl\\\/wp-content\\\/uploads\\\/2025\\\/07\\\/allegro_687a666e32d7f5.70564848_934de6d340db8cce580b440cec69.jpg\",\"contentUrl\":\"https:\\\/\\\/racom.com.pl\\\/wp-content\\\/uploads\\\/2025\\\/07\\\/allegro_687a666e32d7f5.70564848_934de6d340db8cce580b440cec69.jpg\",\"width\":452,\"height\":452},{\"@type\":\"BreadcrumbList\",\"@id\":\"https:\\\/\\\/racom.com.pl\\\/index.php\\\/produkt\\\/router-d-link-dir-816l-wifi-ac750-24-5ghz-usb\\\/#breadcrumb\",\"itemListElement\":[{\"@type\":\"ListItem\",\"position\":1,\"name\":\"Strona g\u0142\u00f3wna\",\"item\":\"https:\\\/\\\/racom.com.pl\\\/\"},{\"@type\":\"ListItem\",\"position\":2,\"name\":\"Sklep\",\"item\":\"https:\\\/\\\/racom.com.pl\\\/\"},{\"@type\":\"ListItem\",\"position\":3,\"name\":\"ROUTER D-LINK DIR-816L WIFI AC750 2,4 &#8211; 5GHZ USB\"}]},{\"@type\":\"WebSite\",\"@id\":\"https:\\\/\\\/racom.com.pl\\\/#website\",\"url\":\"https:\\\/\\\/racom.com.pl\\\/\",\"name\":\"Mix Market - Supermarket z wszystkim co potrzeba do domu i nie tylko\",\"description\":\"\",\"publisher\":{\"@id\":\"https:\\\/\\\/racom.com.pl\\\/#organization\"},\"potentialAction\":[{\"@type\":\"SearchAction\",\"target\":{\"@type\":\"EntryPoint\",\"urlTemplate\":\"https:\\\/\\\/racom.com.pl\\\/?s={search_term_string}\"},\"query-input\":{\"@type\":\"PropertyValueSpecification\",\"valueRequired\":true,\"valueName\":\"search_term_string\"}}],\"inLanguage\":\"pl-PL\"},{\"@type\":\"Organization\",\"@id\":\"https:\\\/\\\/racom.com.pl\\\/#organization\",\"name\":\"Mix Market - Supermarket z wszystkim co potrzeba do domu i nie tylko\",\"url\":\"https:\\\/\\\/racom.com.pl\\\/\",\"logo\":{\"@type\":\"ImageObject\",\"inLanguage\":\"pl-PL\",\"@id\":\"https:\\\/\\\/racom.com.pl\\\/#\\\/schema\\\/logo\\\/image\\\/\",\"url\":\"https:\\\/\\\/racom.com.pl\\\/wp-content\\\/uploads\\\/2025\\\/07\\\/mixmarket_logo.png\",\"contentUrl\":\"https:\\\/\\\/racom.com.pl\\\/wp-content\\\/uploads\\\/2025\\\/07\\\/mixmarket_logo.png\",\"width\":1024,\"height\":1024,\"caption\":\"Mix Market - Supermarket z wszystkim co potrzeba do domu i nie tylko\"},\"image\":{\"@id\":\"https:\\\/\\\/racom.com.pl\\\/#\\\/schema\\\/logo\\\/image\\\/\"}}]}<\/script>\n<!-- \/ Yoast SEO plugin. -->","yoast_head_json":{"title":"ROUTER D-LINK DIR-816L WIFI AC750 2,4 - 5GHZ USB - Mix Market - Supermarket z wszystkim co potrzeba","robots":{"index":"index","follow":"follow","max-snippet":"max-snippet:-1","max-image-preview":"max-image-preview:large","max-video-preview":"max-video-preview:-1"},"canonical":"https:\/\/racom.com.pl\/index.php\/produkt\/router-d-link-dir-816l-wifi-ac750-24-5ghz-usb\/","og_locale":"pl_PL","og_type":"article","og_title":"ROUTER D-LINK DIR-816L WIFI AC750 2,4 - 5GHZ USB - Mix Market - Supermarket z wszystkim co potrzeba","og_description":"D-LINK DIR-816L WiFi AC750 2,4Ghz 5Ghz z portem USB Router DIR-816L jest jednym z urz\u0105dze\u0144 pracuj\u0105cych w technologii Wireless AC. Jednoczesna praca na dw\u00f3ch cz\u0119stotliwo\u015bciach oraz szybkie porty Fast Ethernet zapewniaj\u0105 stabiln\u0105 domow\u0105 sie\u0107. Specyfikacja techniczna: G\u0142\u00f3wne Interfejsy urz\u0105dzenia IEEE 802.11ac wireless LAN IEEE 802.11 a\/b\/g\/n wireless LAN port 10\/100 fast Ethernet WAN 4 porty [&hellip;]","og_url":"https:\/\/racom.com.pl\/index.php\/produkt\/router-d-link-dir-816l-wifi-ac750-24-5ghz-usb\/","og_site_name":"Mix Market - Supermarket z wszystkim co potrzeba","og_image":[{"width":452,"height":452,"url":"https:\/\/racom.com.pl\/wp-content\/uploads\/2025\/07\/allegro_687a666e32d7f5.70564848_934de6d340db8cce580b440cec69.jpg","type":"image\/jpeg"}],"twitter_card":"summary_large_image","twitter_misc":{"Szacowany czas czytania":"1 minuta"},"schema":{"@context":"https:\/\/schema.org","@graph":[{"@type":"WebPage","@id":"https:\/\/racom.com.pl\/index.php\/produkt\/router-d-link-dir-816l-wifi-ac750-24-5ghz-usb\/","url":"https:\/\/racom.com.pl\/index.php\/produkt\/router-d-link-dir-816l-wifi-ac750-24-5ghz-usb\/","name":"ROUTER D-LINK DIR-816L WIFI AC750 2,4 - 5GHZ USB - Mix Market - Supermarket z wszystkim co potrzeba","isPartOf":{"@id":"https:\/\/racom.com.pl\/#website"},"primaryImageOfPage":{"@id":"https:\/\/racom.com.pl\/index.php\/produkt\/router-d-link-dir-816l-wifi-ac750-24-5ghz-usb\/#primaryimage"},"image":{"@id":"https:\/\/racom.com.pl\/index.php\/produkt\/router-d-link-dir-816l-wifi-ac750-24-5ghz-usb\/#primaryimage"},"thumbnailUrl":"https:\/\/racom.com.pl\/wp-content\/uploads\/2025\/07\/allegro_687a666e32d7f5.70564848_934de6d340db8cce580b440cec69.jpg","datePublished":"2025-07-18T15:21:07+00:00","breadcrumb":{"@id":"https:\/\/racom.com.pl\/index.php\/produkt\/router-d-link-dir-816l-wifi-ac750-24-5ghz-usb\/#breadcrumb"},"inLanguage":"pl-PL","potentialAction":[{"@type":"ReadAction","target":["https:\/\/racom.com.pl\/index.php\/produkt\/router-d-link-dir-816l-wifi-ac750-24-5ghz-usb\/"]}]},{"@type":"ImageObject","inLanguage":"pl-PL","@id":"https:\/\/racom.com.pl\/index.php\/produkt\/router-d-link-dir-816l-wifi-ac750-24-5ghz-usb\/#primaryimage","url":"https:\/\/racom.com.pl\/wp-content\/uploads\/2025\/07\/allegro_687a666e32d7f5.70564848_934de6d340db8cce580b440cec69.jpg","contentUrl":"https:\/\/racom.com.pl\/wp-content\/uploads\/2025\/07\/allegro_687a666e32d7f5.70564848_934de6d340db8cce580b440cec69.jpg","width":452,"height":452},{"@type":"BreadcrumbList","@id":"https:\/\/racom.com.pl\/index.php\/produkt\/router-d-link-dir-816l-wifi-ac750-24-5ghz-usb\/#breadcrumb","itemListElement":[{"@type":"ListItem","position":1,"name":"Strona g\u0142\u00f3wna","item":"https:\/\/racom.com.pl\/"},{"@type":"ListItem","position":2,"name":"Sklep","item":"https:\/\/racom.com.pl\/"},{"@type":"ListItem","position":3,"name":"ROUTER D-LINK DIR-816L WIFI AC750 2,4 &#8211; 5GHZ USB"}]},{"@type":"WebSite","@id":"https:\/\/racom.com.pl\/#website","url":"https:\/\/racom.com.pl\/","name":"Mix Market - Supermarket z wszystkim co potrzeba do domu i nie tylko","description":"","publisher":{"@id":"https:\/\/racom.com.pl\/#organization"},"potentialAction":[{"@type":"SearchAction","target":{"@type":"EntryPoint","urlTemplate":"https:\/\/racom.com.pl\/?s={search_term_string}"},"query-input":{"@type":"PropertyValueSpecification","valueRequired":true,"valueName":"search_term_string"}}],"inLanguage":"pl-PL"},{"@type":"Organization","@id":"https:\/\/racom.com.pl\/#organization","name":"Mix Market - Supermarket z wszystkim co potrzeba do domu i nie tylko","url":"https:\/\/racom.com.pl\/","logo":{"@type":"ImageObject","inLanguage":"pl-PL","@id":"https:\/\/racom.com.pl\/#\/schema\/logo\/image\/","url":"https:\/\/racom.com.pl\/wp-content\/uploads\/2025\/07\/mixmarket_logo.png","contentUrl":"https:\/\/racom.com.pl\/wp-content\/uploads\/2025\/07\/mixmarket_logo.png","width":1024,"height":1024,"caption":"Mix Market - Supermarket z wszystkim co potrzeba do domu i nie tylko"},"image":{"@id":"https:\/\/racom.com.pl\/#\/schema\/logo\/image\/"}}]}},"_links":{"self":[{"href":"https:\/\/racom.com.pl\/index.php\/wp-json\/wp\/v2\/product\/272","targetHints":{"allow":["GET"]}}],"collection":[{"href":"https:\/\/racom.com.pl\/index.php\/wp-json\/wp\/v2\/product"}],"about":[{"href":"https:\/\/racom.com.pl\/index.php\/wp-json\/wp\/v2\/types\/product"}],"replies":[{"embeddable":true,"href":"https:\/\/racom.com.pl\/index.php\/wp-json\/wp\/v2\/comments?post=272"}],"wp:featuredmedia":[{"embeddable":true,"href":"https:\/\/racom.com.pl\/index.php\/wp-json\/wp\/v2\/media\/276"}],"wp:attachment":[{"href":"https:\/\/racom.com.pl\/index.php\/wp-json\/wp\/v2\/media?parent=272"}],"wp:term":[{"taxonomy":"product_brand","embeddable":true,"href":"https:\/\/racom.com.pl\/index.php\/wp-json\/wp\/v2\/product_brand?post=272"},{"taxonomy":"product_cat","embeddable":true,"href":"https:\/\/racom.com.pl\/index.php\/wp-json\/wp\/v2\/product_cat?post=272"},{"taxonomy":"product_tag","embeddable":true,"href":"https:\/\/racom.com.pl\/index.php\/wp-json\/wp\/v2\/product_tag?post=272"}],"curies":[{"name":"wp","href":"https:\/\/api.w.org\/{rel}","templated":true}]}}