{"id":2724,"date":"2025-07-19T15:25:06","date_gmt":"2025-07-19T13:25:06","guid":{"rendered":"http:\/\/192.168.2.106\/index.php\/produkt\/72x-kinder-joy-jajko-niespodzianka-dla-dzieci-z-zabawka-20g\/"},"modified":"2025-07-19T15:25:06","modified_gmt":"2025-07-19T13:25:06","slug":"72x-kinder-joy-jajko-niespodzianka-dla-dzieci-z-zabawka-20g","status":"publish","type":"product","link":"https:\/\/racom.com.pl\/index.php\/produkt\/72x-kinder-joy-jajko-niespodzianka-dla-dzieci-z-zabawka-20g\/","title":{"rendered":"72x Kinder Joy Jajko Niespodzianka Dla Dzieci z Zabawk\u0105 20g"},"content":{"rendered":"<h2>Jajko niespodzianka Kinder Joy<\/h2>\n<h2>Zestaw 72 szt. jajek Kinder Joy<\/h2>\n<h2>\u2611\ufe0f Kinder Joy \u2013 Rado\u015b\u0107 dla dzieci i doros\u0142ych<\/h2>\n<p><b>\u2705 Kinder Joy to wyj\u0105tkowy produkt,<\/b>&nbsp;kt\u00f3ry \u0142\u0105czy w sobie niezr\u00f3wnan\u0105 przyjemno\u015b\u0107 z jedzenia z ekscytacj\u0105 odkrywania niespodzianki ukrytej wewn\u0105trz.<\/p>\n<p><b>\u2705 To jajko, kt\u00f3re zachwyca zar\u00f3wno dzieci, jak i doros\u0142ych, oferuj\u0105c nie tylko pyszny, kremowy deser, ale tak\u017ce zabawk\u0119,&nbsp;<\/b>kt\u00f3ra dostarcza rado\u015bci na d\u0142ugo po zjedzeniu smako\u0142yku.<\/p>\n<p><b>\u2705 Kinder Joy to nieod\u0142\u0105czny element dzieci\u0144stwa, kt\u00f3ry sprawia,&nbsp;<\/b>\u017ce ka\u017cda chwila staje si\u0119 wyj\u0105tkowa.<\/p>\n<p>Po\u0142\u0105czenie odt\u0142uszczonej \u015bmietanki mlecznej (36,5%) i odt\u0142uszczonej mlecznej \u015bmietanki kakaowej (30,5%) z dwoma chrupi\u0105cymi cukierkami (32,5%) pokrytymi delikatn\u0105 polew\u0105 z t\u0142uszczu kakaowego (5,5%).<\/p>\n<p>Sk\u0142ad: Cukier, t\u0142uszcze ro\u015blinne (palmowy*, shea),&nbsp;<b>ODT\u0141USZCZONE MLEKO W PROSZKU<\/b>&nbsp;(19,5%),&nbsp;<b>M\u0104KA PSZENNA<\/b>&nbsp;, kakao niskot\u0142uszczowe (3,5%),&nbsp;<b>SKROBIA PSZENNA<\/b>&nbsp;, miazga kakaowa,&nbsp;<b>EKSTRAKT Z S\u0141ODU J\u0118CZMIENNEGO W PROSZKU<\/b>&nbsp;, emulgator lecytyny (&nbsp;<b>SOJA<\/b>&nbsp;), olej s\u0142onecznikowy,&nbsp;<b>BIA\u0141KO MLEKA<\/b>&nbsp;, mas\u0142o kakaowe, substancje spulchniaj\u0105ce: wodorow\u0119glan amonu, wodorow\u0119glan sodu;&nbsp;Aromaty, Wanilina, S\u00f3l.<\/p>\n","protected":false},"excerpt":{"rendered":"<p>Jajko niespodzianka Kinder Joy Zestaw 72 szt. jajek Kinder Joy \u2611\ufe0f Kinder Joy \u2013 Rado\u015b\u0107 dla dzieci i doros\u0142ych \u2705 Kinder Joy to wyj\u0105tkowy produkt,&nbsp;kt\u00f3ry \u0142\u0105czy w sobie niezr\u00f3wnan\u0105 przyjemno\u015b\u0107 z jedzenia z ekscytacj\u0105 odkrywania niespodzianki ukrytej wewn\u0105trz. \u2705 To jajko, kt\u00f3re zachwyca zar\u00f3wno dzieci, jak i doros\u0142ych, oferuj\u0105c nie tylko pyszny, kremowy deser, ale [&hellip;]<\/p>\n","protected":false},"featured_media":2726,"comment_status":"open","ping_status":"closed","template":"","meta":[],"product_brand":[188],"product_cat":[120],"product_tag":[],"class_list":{"0":"post-2724","1":"product","2":"type-product","3":"status-publish","4":"has-post-thumbnail","6":"product_brand-kinder","7":"product_cat-slodycze-przekaski-desery","9":"first","10":"instock","11":"taxable","12":"shipping-taxable","13":"purchasable","14":"product-type-simple"},"yoast_head":"<!-- This site is optimized with the Yoast SEO plugin v27.3 - https:\/\/yoast.com\/product\/yoast-seo-wordpress\/ -->\n<title>72x Kinder Joy Jajko Niespodzianka Dla Dzieci z Zabawk\u0105 20g - Mix Market - Supermarket z wszystkim co potrzeba<\/title>\n<meta name=\"robots\" content=\"index, follow, max-snippet:-1, max-image-preview:large, max-video-preview:-1\" \/>\n<link rel=\"canonical\" href=\"https:\/\/racom.com.pl\/index.php\/produkt\/72x-kinder-joy-jajko-niespodzianka-dla-dzieci-z-zabawka-20g\/\" \/>\n<meta property=\"og:locale\" content=\"pl_PL\" \/>\n<meta property=\"og:type\" content=\"article\" \/>\n<meta property=\"og:title\" content=\"72x Kinder Joy Jajko Niespodzianka Dla Dzieci z Zabawk\u0105 20g - Mix Market - Supermarket z wszystkim co potrzeba\" \/>\n<meta property=\"og:description\" content=\"Jajko niespodzianka Kinder Joy Zestaw 72 szt. jajek Kinder Joy \u2611\ufe0f Kinder Joy \u2013 Rado\u015b\u0107 dla dzieci i doros\u0142ych \u2705 Kinder Joy to wyj\u0105tkowy produkt,&nbsp;kt\u00f3ry \u0142\u0105czy w sobie niezr\u00f3wnan\u0105 przyjemno\u015b\u0107 z jedzenia z ekscytacj\u0105 odkrywania niespodzianki ukrytej wewn\u0105trz. \u2705 To jajko, kt\u00f3re zachwyca zar\u00f3wno dzieci, jak i doros\u0142ych, oferuj\u0105c nie tylko pyszny, kremowy deser, ale [&hellip;]\" \/>\n<meta property=\"og:url\" content=\"https:\/\/racom.com.pl\/index.php\/produkt\/72x-kinder-joy-jajko-niespodzianka-dla-dzieci-z-zabawka-20g\/\" \/>\n<meta property=\"og:site_name\" content=\"Mix Market - Supermarket z wszystkim co potrzeba\" \/>\n<meta property=\"og:image\" content=\"https:\/\/racom.com.pl\/wp-content\/uploads\/2025\/07\/allegro_687b9ce8c64265.56009727_eeef1b33474f8fce6317efb439e9.jpg\" \/>\n\t<meta property=\"og:image:width\" content=\"2560\" \/>\n\t<meta property=\"og:image:height\" content=\"2560\" \/>\n\t<meta property=\"og:image:type\" content=\"image\/jpeg\" \/>\n<meta name=\"twitter:card\" content=\"summary_large_image\" \/>\n<meta name=\"twitter:label1\" content=\"Szacowany czas czytania\" \/>\n\t<meta name=\"twitter:data1\" content=\"1 minuta\" \/>\n<script type=\"application\/ld+json\" class=\"yoast-schema-graph\">{\"@context\":\"https:\\\/\\\/schema.org\",\"@graph\":[{\"@type\":\"WebPage\",\"@id\":\"https:\\\/\\\/racom.com.pl\\\/index.php\\\/produkt\\\/72x-kinder-joy-jajko-niespodzianka-dla-dzieci-z-zabawka-20g\\\/\",\"url\":\"https:\\\/\\\/racom.com.pl\\\/index.php\\\/produkt\\\/72x-kinder-joy-jajko-niespodzianka-dla-dzieci-z-zabawka-20g\\\/\",\"name\":\"72x Kinder Joy Jajko Niespodzianka Dla Dzieci z Zabawk\u0105 20g - Mix Market - Supermarket z wszystkim co potrzeba\",\"isPartOf\":{\"@id\":\"https:\\\/\\\/racom.com.pl\\\/#website\"},\"primaryImageOfPage\":{\"@id\":\"https:\\\/\\\/racom.com.pl\\\/index.php\\\/produkt\\\/72x-kinder-joy-jajko-niespodzianka-dla-dzieci-z-zabawka-20g\\\/#primaryimage\"},\"image\":{\"@id\":\"https:\\\/\\\/racom.com.pl\\\/index.php\\\/produkt\\\/72x-kinder-joy-jajko-niespodzianka-dla-dzieci-z-zabawka-20g\\\/#primaryimage\"},\"thumbnailUrl\":\"https:\\\/\\\/racom.com.pl\\\/wp-content\\\/uploads\\\/2025\\\/07\\\/allegro_687b9ce8c64265.56009727_eeef1b33474f8fce6317efb439e9.jpg\",\"datePublished\":\"2025-07-19T13:25:06+00:00\",\"breadcrumb\":{\"@id\":\"https:\\\/\\\/racom.com.pl\\\/index.php\\\/produkt\\\/72x-kinder-joy-jajko-niespodzianka-dla-dzieci-z-zabawka-20g\\\/#breadcrumb\"},\"inLanguage\":\"pl-PL\",\"potentialAction\":[{\"@type\":\"ReadAction\",\"target\":[\"https:\\\/\\\/racom.com.pl\\\/index.php\\\/produkt\\\/72x-kinder-joy-jajko-niespodzianka-dla-dzieci-z-zabawka-20g\\\/\"]}]},{\"@type\":\"ImageObject\",\"inLanguage\":\"pl-PL\",\"@id\":\"https:\\\/\\\/racom.com.pl\\\/index.php\\\/produkt\\\/72x-kinder-joy-jajko-niespodzianka-dla-dzieci-z-zabawka-20g\\\/#primaryimage\",\"url\":\"https:\\\/\\\/racom.com.pl\\\/wp-content\\\/uploads\\\/2025\\\/07\\\/allegro_687b9ce8c64265.56009727_eeef1b33474f8fce6317efb439e9.jpg\",\"contentUrl\":\"https:\\\/\\\/racom.com.pl\\\/wp-content\\\/uploads\\\/2025\\\/07\\\/allegro_687b9ce8c64265.56009727_eeef1b33474f8fce6317efb439e9.jpg\",\"width\":2560,\"height\":2560},{\"@type\":\"BreadcrumbList\",\"@id\":\"https:\\\/\\\/racom.com.pl\\\/index.php\\\/produkt\\\/72x-kinder-joy-jajko-niespodzianka-dla-dzieci-z-zabawka-20g\\\/#breadcrumb\",\"itemListElement\":[{\"@type\":\"ListItem\",\"position\":1,\"name\":\"Strona g\u0142\u00f3wna\",\"item\":\"https:\\\/\\\/racom.com.pl\\\/\"},{\"@type\":\"ListItem\",\"position\":2,\"name\":\"Sklep\",\"item\":\"https:\\\/\\\/racom.com.pl\\\/\"},{\"@type\":\"ListItem\",\"position\":3,\"name\":\"72x Kinder Joy Jajko Niespodzianka Dla Dzieci z Zabawk\u0105 20g\"}]},{\"@type\":\"WebSite\",\"@id\":\"https:\\\/\\\/racom.com.pl\\\/#website\",\"url\":\"https:\\\/\\\/racom.com.pl\\\/\",\"name\":\"Mix Market - Supermarket z wszystkim co potrzeba do domu i nie tylko\",\"description\":\"\",\"publisher\":{\"@id\":\"https:\\\/\\\/racom.com.pl\\\/#organization\"},\"potentialAction\":[{\"@type\":\"SearchAction\",\"target\":{\"@type\":\"EntryPoint\",\"urlTemplate\":\"https:\\\/\\\/racom.com.pl\\\/?s={search_term_string}\"},\"query-input\":{\"@type\":\"PropertyValueSpecification\",\"valueRequired\":true,\"valueName\":\"search_term_string\"}}],\"inLanguage\":\"pl-PL\"},{\"@type\":\"Organization\",\"@id\":\"https:\\\/\\\/racom.com.pl\\\/#organization\",\"name\":\"Mix Market - Supermarket z wszystkim co potrzeba do domu i nie tylko\",\"url\":\"https:\\\/\\\/racom.com.pl\\\/\",\"logo\":{\"@type\":\"ImageObject\",\"inLanguage\":\"pl-PL\",\"@id\":\"https:\\\/\\\/racom.com.pl\\\/#\\\/schema\\\/logo\\\/image\\\/\",\"url\":\"https:\\\/\\\/racom.com.pl\\\/wp-content\\\/uploads\\\/2025\\\/07\\\/mixmarket_logo.png\",\"contentUrl\":\"https:\\\/\\\/racom.com.pl\\\/wp-content\\\/uploads\\\/2025\\\/07\\\/mixmarket_logo.png\",\"width\":1024,\"height\":1024,\"caption\":\"Mix Market - Supermarket z wszystkim co potrzeba do domu i nie tylko\"},\"image\":{\"@id\":\"https:\\\/\\\/racom.com.pl\\\/#\\\/schema\\\/logo\\\/image\\\/\"}}]}<\/script>\n<!-- \/ Yoast SEO plugin. -->","yoast_head_json":{"title":"72x Kinder Joy Jajko Niespodzianka Dla Dzieci z Zabawk\u0105 20g - Mix Market - Supermarket z wszystkim co potrzeba","robots":{"index":"index","follow":"follow","max-snippet":"max-snippet:-1","max-image-preview":"max-image-preview:large","max-video-preview":"max-video-preview:-1"},"canonical":"https:\/\/racom.com.pl\/index.php\/produkt\/72x-kinder-joy-jajko-niespodzianka-dla-dzieci-z-zabawka-20g\/","og_locale":"pl_PL","og_type":"article","og_title":"72x Kinder Joy Jajko Niespodzianka Dla Dzieci z Zabawk\u0105 20g - Mix Market - Supermarket z wszystkim co potrzeba","og_description":"Jajko niespodzianka Kinder Joy Zestaw 72 szt. jajek Kinder Joy \u2611\ufe0f Kinder Joy \u2013 Rado\u015b\u0107 dla dzieci i doros\u0142ych \u2705 Kinder Joy to wyj\u0105tkowy produkt,&nbsp;kt\u00f3ry \u0142\u0105czy w sobie niezr\u00f3wnan\u0105 przyjemno\u015b\u0107 z jedzenia z ekscytacj\u0105 odkrywania niespodzianki ukrytej wewn\u0105trz. \u2705 To jajko, kt\u00f3re zachwyca zar\u00f3wno dzieci, jak i doros\u0142ych, oferuj\u0105c nie tylko pyszny, kremowy deser, ale [&hellip;]","og_url":"https:\/\/racom.com.pl\/index.php\/produkt\/72x-kinder-joy-jajko-niespodzianka-dla-dzieci-z-zabawka-20g\/","og_site_name":"Mix Market - Supermarket z wszystkim co potrzeba","og_image":[{"width":2560,"height":2560,"url":"https:\/\/racom.com.pl\/wp-content\/uploads\/2025\/07\/allegro_687b9ce8c64265.56009727_eeef1b33474f8fce6317efb439e9.jpg","type":"image\/jpeg"}],"twitter_card":"summary_large_image","twitter_misc":{"Szacowany czas czytania":"1 minuta"},"schema":{"@context":"https:\/\/schema.org","@graph":[{"@type":"WebPage","@id":"https:\/\/racom.com.pl\/index.php\/produkt\/72x-kinder-joy-jajko-niespodzianka-dla-dzieci-z-zabawka-20g\/","url":"https:\/\/racom.com.pl\/index.php\/produkt\/72x-kinder-joy-jajko-niespodzianka-dla-dzieci-z-zabawka-20g\/","name":"72x Kinder Joy Jajko Niespodzianka Dla Dzieci z Zabawk\u0105 20g - Mix Market - Supermarket z wszystkim co potrzeba","isPartOf":{"@id":"https:\/\/racom.com.pl\/#website"},"primaryImageOfPage":{"@id":"https:\/\/racom.com.pl\/index.php\/produkt\/72x-kinder-joy-jajko-niespodzianka-dla-dzieci-z-zabawka-20g\/#primaryimage"},"image":{"@id":"https:\/\/racom.com.pl\/index.php\/produkt\/72x-kinder-joy-jajko-niespodzianka-dla-dzieci-z-zabawka-20g\/#primaryimage"},"thumbnailUrl":"https:\/\/racom.com.pl\/wp-content\/uploads\/2025\/07\/allegro_687b9ce8c64265.56009727_eeef1b33474f8fce6317efb439e9.jpg","datePublished":"2025-07-19T13:25:06+00:00","breadcrumb":{"@id":"https:\/\/racom.com.pl\/index.php\/produkt\/72x-kinder-joy-jajko-niespodzianka-dla-dzieci-z-zabawka-20g\/#breadcrumb"},"inLanguage":"pl-PL","potentialAction":[{"@type":"ReadAction","target":["https:\/\/racom.com.pl\/index.php\/produkt\/72x-kinder-joy-jajko-niespodzianka-dla-dzieci-z-zabawka-20g\/"]}]},{"@type":"ImageObject","inLanguage":"pl-PL","@id":"https:\/\/racom.com.pl\/index.php\/produkt\/72x-kinder-joy-jajko-niespodzianka-dla-dzieci-z-zabawka-20g\/#primaryimage","url":"https:\/\/racom.com.pl\/wp-content\/uploads\/2025\/07\/allegro_687b9ce8c64265.56009727_eeef1b33474f8fce6317efb439e9.jpg","contentUrl":"https:\/\/racom.com.pl\/wp-content\/uploads\/2025\/07\/allegro_687b9ce8c64265.56009727_eeef1b33474f8fce6317efb439e9.jpg","width":2560,"height":2560},{"@type":"BreadcrumbList","@id":"https:\/\/racom.com.pl\/index.php\/produkt\/72x-kinder-joy-jajko-niespodzianka-dla-dzieci-z-zabawka-20g\/#breadcrumb","itemListElement":[{"@type":"ListItem","position":1,"name":"Strona g\u0142\u00f3wna","item":"https:\/\/racom.com.pl\/"},{"@type":"ListItem","position":2,"name":"Sklep","item":"https:\/\/racom.com.pl\/"},{"@type":"ListItem","position":3,"name":"72x Kinder Joy Jajko Niespodzianka Dla Dzieci z Zabawk\u0105 20g"}]},{"@type":"WebSite","@id":"https:\/\/racom.com.pl\/#website","url":"https:\/\/racom.com.pl\/","name":"Mix Market - Supermarket z wszystkim co potrzeba do domu i nie tylko","description":"","publisher":{"@id":"https:\/\/racom.com.pl\/#organization"},"potentialAction":[{"@type":"SearchAction","target":{"@type":"EntryPoint","urlTemplate":"https:\/\/racom.com.pl\/?s={search_term_string}"},"query-input":{"@type":"PropertyValueSpecification","valueRequired":true,"valueName":"search_term_string"}}],"inLanguage":"pl-PL"},{"@type":"Organization","@id":"https:\/\/racom.com.pl\/#organization","name":"Mix Market - Supermarket z wszystkim co potrzeba do domu i nie tylko","url":"https:\/\/racom.com.pl\/","logo":{"@type":"ImageObject","inLanguage":"pl-PL","@id":"https:\/\/racom.com.pl\/#\/schema\/logo\/image\/","url":"https:\/\/racom.com.pl\/wp-content\/uploads\/2025\/07\/mixmarket_logo.png","contentUrl":"https:\/\/racom.com.pl\/wp-content\/uploads\/2025\/07\/mixmarket_logo.png","width":1024,"height":1024,"caption":"Mix Market - Supermarket z wszystkim co potrzeba do domu i nie tylko"},"image":{"@id":"https:\/\/racom.com.pl\/#\/schema\/logo\/image\/"}}]}},"_links":{"self":[{"href":"https:\/\/racom.com.pl\/index.php\/wp-json\/wp\/v2\/product\/2724","targetHints":{"allow":["GET"]}}],"collection":[{"href":"https:\/\/racom.com.pl\/index.php\/wp-json\/wp\/v2\/product"}],"about":[{"href":"https:\/\/racom.com.pl\/index.php\/wp-json\/wp\/v2\/types\/product"}],"replies":[{"embeddable":true,"href":"https:\/\/racom.com.pl\/index.php\/wp-json\/wp\/v2\/comments?post=2724"}],"wp:featuredmedia":[{"embeddable":true,"href":"https:\/\/racom.com.pl\/index.php\/wp-json\/wp\/v2\/media\/2726"}],"wp:attachment":[{"href":"https:\/\/racom.com.pl\/index.php\/wp-json\/wp\/v2\/media?parent=2724"}],"wp:term":[{"taxonomy":"product_brand","embeddable":true,"href":"https:\/\/racom.com.pl\/index.php\/wp-json\/wp\/v2\/product_brand?post=2724"},{"taxonomy":"product_cat","embeddable":true,"href":"https:\/\/racom.com.pl\/index.php\/wp-json\/wp\/v2\/product_cat?post=2724"},{"taxonomy":"product_tag","embeddable":true,"href":"https:\/\/racom.com.pl\/index.php\/wp-json\/wp\/v2\/product_tag?post=2724"}],"curies":[{"name":"wp","href":"https:\/\/api.w.org\/{rel}","templated":true}]}}