{"id":2727,"date":"2025-07-19T15:26:22","date_gmt":"2025-07-19T13:26:22","guid":{"rendered":"http:\/\/192.168.2.106\/index.php\/produkt\/napoj-gazowany-pepsi-max-bez-cukru-puszka-200-ml\/"},"modified":"2025-07-19T15:26:22","modified_gmt":"2025-07-19T13:26:22","slug":"napoj-gazowany-pepsi-max-bez-cukru-puszka-200-ml","status":"publish","type":"product","link":"https:\/\/racom.com.pl\/index.php\/produkt\/napoj-gazowany-pepsi-max-bez-cukru-puszka-200-ml\/","title":{"rendered":"Nap\u00f3j gazowany Pepsi Max Bez cukru puszka 200 ml"},"content":{"rendered":"<h2>24x Pepsi MAX Zero Cukru Nap\u00f3j gazowany&nbsp; puszka 200ml<\/h2>\n<p>Od ponad 100 lat Pepsi niesie rado\u015b\u0107 i orze\u017awienie na ca\u0142ym \u015bwiecie. Historia marki si\u0119ga 1898 roku, kiedy to Caleb Bradham na ty\u0142ach swojej apteki stworzy\u0142 nowy nap\u00f3j. Orze\u017awiaj\u0105ca mieszanka wody gazowanej, wanilii, cukru i orzech\u00f3w coli od razu zdoby\u0142a serca klient\u00f3w.<\/p>\n<p>G\u0142\u00f3wnym sk\u0142adnikiem Pepsi s\u0105 orzechy coli b\u0142yszcz\u0105cej, u kt\u00f3rych zawarto\u015b\u0107 kofeiny si\u0119ga 2%. Od niepami\u0119tnych czas\u00f3w nasiona coli by\u0142y u\u017cytkowane do \u017cucia. W 1893 roku to w\u0142a\u015bnie nasiona coli sta\u0142y si\u0119 baz\u0105 do produkcji tak znanego dzisiaj napoju.<\/p>\n<p><b>Sk\u0142adniki<\/b><\/p>\n<ul>\n<li>woda<\/li>\n<li>dwutlenek w\u0119gla<\/li>\n<li>barwnik (E150d)<\/li>\n<li>substancje s\u0142odz\u0105ce (aspartam, acesulfam K)<\/li>\n<li>kwasy (kwas fosforowy, kwas cytrynowy)<\/li>\n<li>regulator kwasowo\u015bci (cytryniany sodu)<\/li>\n<li>aromaty, w tym kofeina<\/li>\n<\/ul>\n<p>\u015arednia warto\u015b\u0107 od\u017cywcza w 100 ml:<\/p>\n<ul>\n<li><b>Energia:<\/b>&nbsp;2 kJ\/&lt;1 kcal<\/li>\n<li><b>T\u0142uszcz:<\/b>&nbsp;0 g<\/li>\n<li><b>w tym kwasy nasycone:<\/b>&nbsp;0 g<\/li>\n<li><b>W\u0119glowodany:<\/b>&nbsp;0 g<\/li>\n<li><b>w tym cukry:<\/b>&nbsp;0 g<\/li>\n<li><b>Bia\u0142ko:<\/b>&nbsp;0 g<\/li>\n<li><b>S\u00f3l:<\/b>&nbsp;0,01 g<\/li>\n<\/ul>\n","protected":false},"excerpt":{"rendered":"<p>24x Pepsi MAX Zero Cukru Nap\u00f3j gazowany&nbsp; puszka 200ml Od ponad 100 lat Pepsi niesie rado\u015b\u0107 i orze\u017awienie na ca\u0142ym \u015bwiecie. Historia marki si\u0119ga 1898 roku, kiedy to Caleb Bradham na ty\u0142ach swojej apteki stworzy\u0142 nowy nap\u00f3j. Orze\u017awiaj\u0105ca mieszanka wody gazowanej, wanilii, cukru i orzech\u00f3w coli od razu zdoby\u0142a serca klient\u00f3w. G\u0142\u00f3wnym sk\u0142adnikiem Pepsi s\u0105 [&hellip;]<\/p>\n","protected":false},"featured_media":2730,"comment_status":"open","ping_status":"closed","template":"","meta":[],"product_brand":[189],"product_cat":[116],"product_tag":[],"class_list":{"0":"post-2727","1":"product","2":"type-product","3":"status-publish","4":"has-post-thumbnail","6":"product_brand-pepsi","7":"product_cat-napoje-i-akcesoria","9":"first","10":"instock","11":"taxable","12":"shipping-taxable","13":"purchasable","14":"product-type-simple"},"yoast_head":"<!-- This site is optimized with the Yoast SEO plugin v27.3 - https:\/\/yoast.com\/product\/yoast-seo-wordpress\/ -->\n<title>Nap\u00f3j gazowany Pepsi Max Bez cukru puszka 200 ml - Mix Market - Supermarket z wszystkim co potrzeba<\/title>\n<meta name=\"robots\" content=\"index, follow, max-snippet:-1, max-image-preview:large, max-video-preview:-1\" \/>\n<link rel=\"canonical\" href=\"https:\/\/racom.com.pl\/index.php\/produkt\/napoj-gazowany-pepsi-max-bez-cukru-puszka-200-ml\/\" \/>\n<meta property=\"og:locale\" content=\"pl_PL\" \/>\n<meta property=\"og:type\" content=\"article\" \/>\n<meta property=\"og:title\" content=\"Nap\u00f3j gazowany Pepsi Max Bez cukru puszka 200 ml - Mix Market - Supermarket z wszystkim co potrzeba\" \/>\n<meta property=\"og:description\" content=\"24x Pepsi MAX Zero Cukru Nap\u00f3j gazowany&nbsp; puszka 200ml Od ponad 100 lat Pepsi niesie rado\u015b\u0107 i orze\u017awienie na ca\u0142ym \u015bwiecie. Historia marki si\u0119ga 1898 roku, kiedy to Caleb Bradham na ty\u0142ach swojej apteki stworzy\u0142 nowy nap\u00f3j. Orze\u017awiaj\u0105ca mieszanka wody gazowanej, wanilii, cukru i orzech\u00f3w coli od razu zdoby\u0142a serca klient\u00f3w. G\u0142\u00f3wnym sk\u0142adnikiem Pepsi s\u0105 [&hellip;]\" \/>\n<meta property=\"og:url\" content=\"https:\/\/racom.com.pl\/index.php\/produkt\/napoj-gazowany-pepsi-max-bez-cukru-puszka-200-ml\/\" \/>\n<meta property=\"og:site_name\" content=\"Mix Market - Supermarket z wszystkim co potrzeba\" \/>\n<meta property=\"og:image\" content=\"https:\/\/racom.com.pl\/wp-content\/uploads\/2025\/07\/allegro_687b9d5686f458.81244326_52f8e58243dd925c065ca2ab8a3e.jpg\" \/>\n\t<meta property=\"og:image:width\" content=\"2365\" \/>\n\t<meta property=\"og:image:height\" content=\"2365\" \/>\n\t<meta property=\"og:image:type\" content=\"image\/jpeg\" \/>\n<meta name=\"twitter:card\" content=\"summary_large_image\" \/>\n<meta name=\"twitter:label1\" content=\"Szacowany czas czytania\" \/>\n\t<meta name=\"twitter:data1\" content=\"1 minuta\" \/>\n<script type=\"application\/ld+json\" class=\"yoast-schema-graph\">{\"@context\":\"https:\\\/\\\/schema.org\",\"@graph\":[{\"@type\":\"WebPage\",\"@id\":\"https:\\\/\\\/racom.com.pl\\\/index.php\\\/produkt\\\/napoj-gazowany-pepsi-max-bez-cukru-puszka-200-ml\\\/\",\"url\":\"https:\\\/\\\/racom.com.pl\\\/index.php\\\/produkt\\\/napoj-gazowany-pepsi-max-bez-cukru-puszka-200-ml\\\/\",\"name\":\"Nap\u00f3j gazowany Pepsi Max Bez cukru puszka 200 ml - Mix Market - Supermarket z wszystkim co potrzeba\",\"isPartOf\":{\"@id\":\"https:\\\/\\\/racom.com.pl\\\/#website\"},\"primaryImageOfPage\":{\"@id\":\"https:\\\/\\\/racom.com.pl\\\/index.php\\\/produkt\\\/napoj-gazowany-pepsi-max-bez-cukru-puszka-200-ml\\\/#primaryimage\"},\"image\":{\"@id\":\"https:\\\/\\\/racom.com.pl\\\/index.php\\\/produkt\\\/napoj-gazowany-pepsi-max-bez-cukru-puszka-200-ml\\\/#primaryimage\"},\"thumbnailUrl\":\"https:\\\/\\\/racom.com.pl\\\/wp-content\\\/uploads\\\/2025\\\/07\\\/allegro_687b9d5686f458.81244326_52f8e58243dd925c065ca2ab8a3e.jpg\",\"datePublished\":\"2025-07-19T13:26:22+00:00\",\"breadcrumb\":{\"@id\":\"https:\\\/\\\/racom.com.pl\\\/index.php\\\/produkt\\\/napoj-gazowany-pepsi-max-bez-cukru-puszka-200-ml\\\/#breadcrumb\"},\"inLanguage\":\"pl-PL\",\"potentialAction\":[{\"@type\":\"ReadAction\",\"target\":[\"https:\\\/\\\/racom.com.pl\\\/index.php\\\/produkt\\\/napoj-gazowany-pepsi-max-bez-cukru-puszka-200-ml\\\/\"]}]},{\"@type\":\"ImageObject\",\"inLanguage\":\"pl-PL\",\"@id\":\"https:\\\/\\\/racom.com.pl\\\/index.php\\\/produkt\\\/napoj-gazowany-pepsi-max-bez-cukru-puszka-200-ml\\\/#primaryimage\",\"url\":\"https:\\\/\\\/racom.com.pl\\\/wp-content\\\/uploads\\\/2025\\\/07\\\/allegro_687b9d5686f458.81244326_52f8e58243dd925c065ca2ab8a3e.jpg\",\"contentUrl\":\"https:\\\/\\\/racom.com.pl\\\/wp-content\\\/uploads\\\/2025\\\/07\\\/allegro_687b9d5686f458.81244326_52f8e58243dd925c065ca2ab8a3e.jpg\",\"width\":2365,\"height\":2365},{\"@type\":\"BreadcrumbList\",\"@id\":\"https:\\\/\\\/racom.com.pl\\\/index.php\\\/produkt\\\/napoj-gazowany-pepsi-max-bez-cukru-puszka-200-ml\\\/#breadcrumb\",\"itemListElement\":[{\"@type\":\"ListItem\",\"position\":1,\"name\":\"Strona g\u0142\u00f3wna\",\"item\":\"https:\\\/\\\/racom.com.pl\\\/\"},{\"@type\":\"ListItem\",\"position\":2,\"name\":\"Sklep\",\"item\":\"https:\\\/\\\/racom.com.pl\\\/\"},{\"@type\":\"ListItem\",\"position\":3,\"name\":\"Nap\u00f3j gazowany Pepsi Max Bez cukru puszka 200 ml\"}]},{\"@type\":\"WebSite\",\"@id\":\"https:\\\/\\\/racom.com.pl\\\/#website\",\"url\":\"https:\\\/\\\/racom.com.pl\\\/\",\"name\":\"Mix Market - Supermarket z wszystkim co potrzeba do domu i nie tylko\",\"description\":\"\",\"publisher\":{\"@id\":\"https:\\\/\\\/racom.com.pl\\\/#organization\"},\"potentialAction\":[{\"@type\":\"SearchAction\",\"target\":{\"@type\":\"EntryPoint\",\"urlTemplate\":\"https:\\\/\\\/racom.com.pl\\\/?s={search_term_string}\"},\"query-input\":{\"@type\":\"PropertyValueSpecification\",\"valueRequired\":true,\"valueName\":\"search_term_string\"}}],\"inLanguage\":\"pl-PL\"},{\"@type\":\"Organization\",\"@id\":\"https:\\\/\\\/racom.com.pl\\\/#organization\",\"name\":\"Mix Market - Supermarket z wszystkim co potrzeba do domu i nie tylko\",\"url\":\"https:\\\/\\\/racom.com.pl\\\/\",\"logo\":{\"@type\":\"ImageObject\",\"inLanguage\":\"pl-PL\",\"@id\":\"https:\\\/\\\/racom.com.pl\\\/#\\\/schema\\\/logo\\\/image\\\/\",\"url\":\"https:\\\/\\\/racom.com.pl\\\/wp-content\\\/uploads\\\/2025\\\/07\\\/mixmarket_logo.png\",\"contentUrl\":\"https:\\\/\\\/racom.com.pl\\\/wp-content\\\/uploads\\\/2025\\\/07\\\/mixmarket_logo.png\",\"width\":1024,\"height\":1024,\"caption\":\"Mix Market - Supermarket z wszystkim co potrzeba do domu i nie tylko\"},\"image\":{\"@id\":\"https:\\\/\\\/racom.com.pl\\\/#\\\/schema\\\/logo\\\/image\\\/\"}}]}<\/script>\n<!-- \/ Yoast SEO plugin. -->","yoast_head_json":{"title":"Nap\u00f3j gazowany Pepsi Max Bez cukru puszka 200 ml - Mix Market - Supermarket z wszystkim co potrzeba","robots":{"index":"index","follow":"follow","max-snippet":"max-snippet:-1","max-image-preview":"max-image-preview:large","max-video-preview":"max-video-preview:-1"},"canonical":"https:\/\/racom.com.pl\/index.php\/produkt\/napoj-gazowany-pepsi-max-bez-cukru-puszka-200-ml\/","og_locale":"pl_PL","og_type":"article","og_title":"Nap\u00f3j gazowany Pepsi Max Bez cukru puszka 200 ml - Mix Market - Supermarket z wszystkim co potrzeba","og_description":"24x Pepsi MAX Zero Cukru Nap\u00f3j gazowany&nbsp; puszka 200ml Od ponad 100 lat Pepsi niesie rado\u015b\u0107 i orze\u017awienie na ca\u0142ym \u015bwiecie. Historia marki si\u0119ga 1898 roku, kiedy to Caleb Bradham na ty\u0142ach swojej apteki stworzy\u0142 nowy nap\u00f3j. Orze\u017awiaj\u0105ca mieszanka wody gazowanej, wanilii, cukru i orzech\u00f3w coli od razu zdoby\u0142a serca klient\u00f3w. G\u0142\u00f3wnym sk\u0142adnikiem Pepsi s\u0105 [&hellip;]","og_url":"https:\/\/racom.com.pl\/index.php\/produkt\/napoj-gazowany-pepsi-max-bez-cukru-puszka-200-ml\/","og_site_name":"Mix Market - Supermarket z wszystkim co potrzeba","og_image":[{"width":2365,"height":2365,"url":"https:\/\/racom.com.pl\/wp-content\/uploads\/2025\/07\/allegro_687b9d5686f458.81244326_52f8e58243dd925c065ca2ab8a3e.jpg","type":"image\/jpeg"}],"twitter_card":"summary_large_image","twitter_misc":{"Szacowany czas czytania":"1 minuta"},"schema":{"@context":"https:\/\/schema.org","@graph":[{"@type":"WebPage","@id":"https:\/\/racom.com.pl\/index.php\/produkt\/napoj-gazowany-pepsi-max-bez-cukru-puszka-200-ml\/","url":"https:\/\/racom.com.pl\/index.php\/produkt\/napoj-gazowany-pepsi-max-bez-cukru-puszka-200-ml\/","name":"Nap\u00f3j gazowany Pepsi Max Bez cukru puszka 200 ml - Mix Market - Supermarket z wszystkim co potrzeba","isPartOf":{"@id":"https:\/\/racom.com.pl\/#website"},"primaryImageOfPage":{"@id":"https:\/\/racom.com.pl\/index.php\/produkt\/napoj-gazowany-pepsi-max-bez-cukru-puszka-200-ml\/#primaryimage"},"image":{"@id":"https:\/\/racom.com.pl\/index.php\/produkt\/napoj-gazowany-pepsi-max-bez-cukru-puszka-200-ml\/#primaryimage"},"thumbnailUrl":"https:\/\/racom.com.pl\/wp-content\/uploads\/2025\/07\/allegro_687b9d5686f458.81244326_52f8e58243dd925c065ca2ab8a3e.jpg","datePublished":"2025-07-19T13:26:22+00:00","breadcrumb":{"@id":"https:\/\/racom.com.pl\/index.php\/produkt\/napoj-gazowany-pepsi-max-bez-cukru-puszka-200-ml\/#breadcrumb"},"inLanguage":"pl-PL","potentialAction":[{"@type":"ReadAction","target":["https:\/\/racom.com.pl\/index.php\/produkt\/napoj-gazowany-pepsi-max-bez-cukru-puszka-200-ml\/"]}]},{"@type":"ImageObject","inLanguage":"pl-PL","@id":"https:\/\/racom.com.pl\/index.php\/produkt\/napoj-gazowany-pepsi-max-bez-cukru-puszka-200-ml\/#primaryimage","url":"https:\/\/racom.com.pl\/wp-content\/uploads\/2025\/07\/allegro_687b9d5686f458.81244326_52f8e58243dd925c065ca2ab8a3e.jpg","contentUrl":"https:\/\/racom.com.pl\/wp-content\/uploads\/2025\/07\/allegro_687b9d5686f458.81244326_52f8e58243dd925c065ca2ab8a3e.jpg","width":2365,"height":2365},{"@type":"BreadcrumbList","@id":"https:\/\/racom.com.pl\/index.php\/produkt\/napoj-gazowany-pepsi-max-bez-cukru-puszka-200-ml\/#breadcrumb","itemListElement":[{"@type":"ListItem","position":1,"name":"Strona g\u0142\u00f3wna","item":"https:\/\/racom.com.pl\/"},{"@type":"ListItem","position":2,"name":"Sklep","item":"https:\/\/racom.com.pl\/"},{"@type":"ListItem","position":3,"name":"Nap\u00f3j gazowany Pepsi Max Bez cukru puszka 200 ml"}]},{"@type":"WebSite","@id":"https:\/\/racom.com.pl\/#website","url":"https:\/\/racom.com.pl\/","name":"Mix Market - Supermarket z wszystkim co potrzeba do domu i nie tylko","description":"","publisher":{"@id":"https:\/\/racom.com.pl\/#organization"},"potentialAction":[{"@type":"SearchAction","target":{"@type":"EntryPoint","urlTemplate":"https:\/\/racom.com.pl\/?s={search_term_string}"},"query-input":{"@type":"PropertyValueSpecification","valueRequired":true,"valueName":"search_term_string"}}],"inLanguage":"pl-PL"},{"@type":"Organization","@id":"https:\/\/racom.com.pl\/#organization","name":"Mix Market - Supermarket z wszystkim co potrzeba do domu i nie tylko","url":"https:\/\/racom.com.pl\/","logo":{"@type":"ImageObject","inLanguage":"pl-PL","@id":"https:\/\/racom.com.pl\/#\/schema\/logo\/image\/","url":"https:\/\/racom.com.pl\/wp-content\/uploads\/2025\/07\/mixmarket_logo.png","contentUrl":"https:\/\/racom.com.pl\/wp-content\/uploads\/2025\/07\/mixmarket_logo.png","width":1024,"height":1024,"caption":"Mix Market - Supermarket z wszystkim co potrzeba do domu i nie tylko"},"image":{"@id":"https:\/\/racom.com.pl\/#\/schema\/logo\/image\/"}}]}},"_links":{"self":[{"href":"https:\/\/racom.com.pl\/index.php\/wp-json\/wp\/v2\/product\/2727","targetHints":{"allow":["GET"]}}],"collection":[{"href":"https:\/\/racom.com.pl\/index.php\/wp-json\/wp\/v2\/product"}],"about":[{"href":"https:\/\/racom.com.pl\/index.php\/wp-json\/wp\/v2\/types\/product"}],"replies":[{"embeddable":true,"href":"https:\/\/racom.com.pl\/index.php\/wp-json\/wp\/v2\/comments?post=2727"}],"wp:featuredmedia":[{"embeddable":true,"href":"https:\/\/racom.com.pl\/index.php\/wp-json\/wp\/v2\/media\/2730"}],"wp:attachment":[{"href":"https:\/\/racom.com.pl\/index.php\/wp-json\/wp\/v2\/media?parent=2727"}],"wp:term":[{"taxonomy":"product_brand","embeddable":true,"href":"https:\/\/racom.com.pl\/index.php\/wp-json\/wp\/v2\/product_brand?post=2727"},{"taxonomy":"product_cat","embeddable":true,"href":"https:\/\/racom.com.pl\/index.php\/wp-json\/wp\/v2\/product_cat?post=2727"},{"taxonomy":"product_tag","embeddable":true,"href":"https:\/\/racom.com.pl\/index.php\/wp-json\/wp\/v2\/product_tag?post=2727"}],"curies":[{"name":"wp","href":"https:\/\/api.w.org\/{rel}","templated":true}]}}