{"id":2731,"date":"2025-07-19T15:28:24","date_gmt":"2025-07-19T13:28:24","guid":{"rendered":"http:\/\/192.168.2.106\/index.php\/produkt\/1l-fortuna-sok-grejpfrutowy-grejpfrut-czerwony-zgrzewka\/"},"modified":"2025-07-19T15:28:24","modified_gmt":"2025-07-19T13:28:24","slug":"1l-fortuna-sok-grejpfrutowy-grejpfrut-czerwony-zgrzewka","status":"publish","type":"product","link":"https:\/\/racom.com.pl\/index.php\/produkt\/1l-fortuna-sok-grejpfrutowy-grejpfrut-czerwony-zgrzewka\/","title":{"rendered":"1L FORTUNA sok Grejpfrutowy Grejpfrut Czerwony ZGRZEWKA"},"content":{"rendered":"<h2>6x Fortuna Sok 100 % Grejpfrut Czerwony 1 L (zgrzewka)<\/h2>\n<p><b>\u2714\ufe0f&nbsp;W naszym soku znajdziesz tylko dojrzewaj\u0105ce w s\u0142o\u0144cu grejpfuty i nic wi\u0119cej.<\/b><\/p>\n<p>Fortuna. Dbaj o siebie. To proste.<\/p>\n<p>Czy wiesz, \u017ce szklanka soku mo\u017ce zast\u0105pi\u0107 Ci jedn\u0105 z pi\u0119ciu zalecanych dziennych porcji owoc\u00f3w i warzyw? Soki Fortuna to smaczny i prosty element zr\u00f3wnowa\u017conej diety.<\/p>\n<p>zakr\u0119tka z trzciny cukrowej. Marka Dekady 2009 &#8211; 2019 &#8211; Jako\u015b\u0107, Zaufanie, Renoma. 1\/5 dziennej porcji owoc\u00f3w i warzyw<\/p>\n<ul>\n<li><b>Spos\u00f3b przechowywania: Przechowywa\u0107 w temperaturze otoczenia<\/b>Spos\u00f3b u\u017cycia: Przed otwarciem wstrz\u0105sn\u0105\u0107.Termin wa\u017cno\u015bci: Po otwarciu przechowywa\u0107 w lod\u00f3wce nie d\u0142u\u017cej ni\u017c 48 godzin.<\/li>\n<li><b>Sk\u0142ad produktu: sok z czerwonych grejpfrut\u00f3w z zag\u0119szczonego soku z czerwonych grejpfrut\u00f3w<\/b>Warto\u015b\u0107 od\u017cywcza w 100 ml produktuWarto\u015b\u0107 energetyczna168 kJ \/ 40 kcalT\u0142uszcz&lt;0,5 gw tym kwasy t\u0142uszczowe nasycone&lt;0,1 gW\u0119glowodany9,1 gw tym cukry9,1 gBia\u0142ko&lt;0,5 gS\u00f3l&lt;0,01 g<\/li>\n<\/ul>\n","protected":false},"excerpt":{"rendered":"<p>6x Fortuna Sok 100 % Grejpfrut Czerwony 1 L (zgrzewka) \u2714\ufe0f&nbsp;W naszym soku znajdziesz tylko dojrzewaj\u0105ce w s\u0142o\u0144cu grejpfuty i nic wi\u0119cej. Fortuna. Dbaj o siebie. To proste. Czy wiesz, \u017ce szklanka soku mo\u017ce zast\u0105pi\u0107 Ci jedn\u0105 z pi\u0119ciu zalecanych dziennych porcji owoc\u00f3w i warzyw? Soki Fortuna to smaczny i prosty element zr\u00f3wnowa\u017conej diety. zakr\u0119tka [&hellip;]<\/p>\n","protected":false},"featured_media":2734,"comment_status":"open","ping_status":"closed","template":"","meta":[],"product_brand":[190],"product_cat":[116],"product_tag":[],"class_list":{"0":"post-2731","1":"product","2":"type-product","3":"status-publish","4":"has-post-thumbnail","6":"product_brand-fortuna","7":"product_cat-napoje-i-akcesoria","9":"first","10":"instock","11":"taxable","12":"shipping-taxable","13":"purchasable","14":"product-type-simple"},"yoast_head":"<!-- This site is optimized with the Yoast SEO plugin v27.3 - https:\/\/yoast.com\/product\/yoast-seo-wordpress\/ -->\n<title>1L FORTUNA sok Grejpfrutowy Grejpfrut Czerwony ZGRZEWKA - Mix Market - Supermarket z wszystkim co potrzeba<\/title>\n<meta name=\"robots\" content=\"index, follow, max-snippet:-1, max-image-preview:large, max-video-preview:-1\" \/>\n<link rel=\"canonical\" href=\"https:\/\/racom.com.pl\/index.php\/produkt\/1l-fortuna-sok-grejpfrutowy-grejpfrut-czerwony-zgrzewka\/\" \/>\n<meta property=\"og:locale\" content=\"pl_PL\" \/>\n<meta property=\"og:type\" content=\"article\" \/>\n<meta property=\"og:title\" content=\"1L FORTUNA sok Grejpfrutowy Grejpfrut Czerwony ZGRZEWKA - Mix Market - Supermarket z wszystkim co potrzeba\" \/>\n<meta property=\"og:description\" content=\"6x Fortuna Sok 100 % Grejpfrut Czerwony 1 L (zgrzewka) \u2714\ufe0f&nbsp;W naszym soku znajdziesz tylko dojrzewaj\u0105ce w s\u0142o\u0144cu grejpfuty i nic wi\u0119cej. Fortuna. Dbaj o siebie. To proste. Czy wiesz, \u017ce szklanka soku mo\u017ce zast\u0105pi\u0107 Ci jedn\u0105 z pi\u0119ciu zalecanych dziennych porcji owoc\u00f3w i warzyw? Soki Fortuna to smaczny i prosty element zr\u00f3wnowa\u017conej diety. zakr\u0119tka [&hellip;]\" \/>\n<meta property=\"og:url\" content=\"https:\/\/racom.com.pl\/index.php\/produkt\/1l-fortuna-sok-grejpfrutowy-grejpfrut-czerwony-zgrzewka\/\" \/>\n<meta property=\"og:site_name\" content=\"Mix Market - Supermarket z wszystkim co potrzeba\" \/>\n<meta property=\"og:image\" content=\"https:\/\/racom.com.pl\/wp-content\/uploads\/2025\/07\/allegro_687b9da98a86e0.91255789_ad3e1b9845a3af1d9fb857115491.jpg\" \/>\n\t<meta property=\"og:image:width\" content=\"2365\" \/>\n\t<meta property=\"og:image:height\" content=\"2365\" \/>\n\t<meta property=\"og:image:type\" content=\"image\/jpeg\" \/>\n<meta name=\"twitter:card\" content=\"summary_large_image\" \/>\n<meta name=\"twitter:label1\" content=\"Szacowany czas czytania\" \/>\n\t<meta name=\"twitter:data1\" content=\"1 minuta\" \/>\n<script type=\"application\/ld+json\" class=\"yoast-schema-graph\">{\"@context\":\"https:\\\/\\\/schema.org\",\"@graph\":[{\"@type\":\"WebPage\",\"@id\":\"https:\\\/\\\/racom.com.pl\\\/index.php\\\/produkt\\\/1l-fortuna-sok-grejpfrutowy-grejpfrut-czerwony-zgrzewka\\\/\",\"url\":\"https:\\\/\\\/racom.com.pl\\\/index.php\\\/produkt\\\/1l-fortuna-sok-grejpfrutowy-grejpfrut-czerwony-zgrzewka\\\/\",\"name\":\"1L FORTUNA sok Grejpfrutowy Grejpfrut Czerwony ZGRZEWKA - Mix Market - Supermarket z wszystkim co potrzeba\",\"isPartOf\":{\"@id\":\"https:\\\/\\\/racom.com.pl\\\/#website\"},\"primaryImageOfPage\":{\"@id\":\"https:\\\/\\\/racom.com.pl\\\/index.php\\\/produkt\\\/1l-fortuna-sok-grejpfrutowy-grejpfrut-czerwony-zgrzewka\\\/#primaryimage\"},\"image\":{\"@id\":\"https:\\\/\\\/racom.com.pl\\\/index.php\\\/produkt\\\/1l-fortuna-sok-grejpfrutowy-grejpfrut-czerwony-zgrzewka\\\/#primaryimage\"},\"thumbnailUrl\":\"https:\\\/\\\/racom.com.pl\\\/wp-content\\\/uploads\\\/2025\\\/07\\\/allegro_687b9da98a86e0.91255789_ad3e1b9845a3af1d9fb857115491.jpg\",\"datePublished\":\"2025-07-19T13:28:24+00:00\",\"breadcrumb\":{\"@id\":\"https:\\\/\\\/racom.com.pl\\\/index.php\\\/produkt\\\/1l-fortuna-sok-grejpfrutowy-grejpfrut-czerwony-zgrzewka\\\/#breadcrumb\"},\"inLanguage\":\"pl-PL\",\"potentialAction\":[{\"@type\":\"ReadAction\",\"target\":[\"https:\\\/\\\/racom.com.pl\\\/index.php\\\/produkt\\\/1l-fortuna-sok-grejpfrutowy-grejpfrut-czerwony-zgrzewka\\\/\"]}]},{\"@type\":\"ImageObject\",\"inLanguage\":\"pl-PL\",\"@id\":\"https:\\\/\\\/racom.com.pl\\\/index.php\\\/produkt\\\/1l-fortuna-sok-grejpfrutowy-grejpfrut-czerwony-zgrzewka\\\/#primaryimage\",\"url\":\"https:\\\/\\\/racom.com.pl\\\/wp-content\\\/uploads\\\/2025\\\/07\\\/allegro_687b9da98a86e0.91255789_ad3e1b9845a3af1d9fb857115491.jpg\",\"contentUrl\":\"https:\\\/\\\/racom.com.pl\\\/wp-content\\\/uploads\\\/2025\\\/07\\\/allegro_687b9da98a86e0.91255789_ad3e1b9845a3af1d9fb857115491.jpg\",\"width\":2365,\"height\":2365},{\"@type\":\"BreadcrumbList\",\"@id\":\"https:\\\/\\\/racom.com.pl\\\/index.php\\\/produkt\\\/1l-fortuna-sok-grejpfrutowy-grejpfrut-czerwony-zgrzewka\\\/#breadcrumb\",\"itemListElement\":[{\"@type\":\"ListItem\",\"position\":1,\"name\":\"Strona g\u0142\u00f3wna\",\"item\":\"https:\\\/\\\/racom.com.pl\\\/\"},{\"@type\":\"ListItem\",\"position\":2,\"name\":\"Sklep\",\"item\":\"https:\\\/\\\/racom.com.pl\\\/\"},{\"@type\":\"ListItem\",\"position\":3,\"name\":\"1L FORTUNA sok Grejpfrutowy Grejpfrut Czerwony ZGRZEWKA\"}]},{\"@type\":\"WebSite\",\"@id\":\"https:\\\/\\\/racom.com.pl\\\/#website\",\"url\":\"https:\\\/\\\/racom.com.pl\\\/\",\"name\":\"Mix Market - Supermarket z wszystkim co potrzeba do domu i nie tylko\",\"description\":\"\",\"publisher\":{\"@id\":\"https:\\\/\\\/racom.com.pl\\\/#organization\"},\"potentialAction\":[{\"@type\":\"SearchAction\",\"target\":{\"@type\":\"EntryPoint\",\"urlTemplate\":\"https:\\\/\\\/racom.com.pl\\\/?s={search_term_string}\"},\"query-input\":{\"@type\":\"PropertyValueSpecification\",\"valueRequired\":true,\"valueName\":\"search_term_string\"}}],\"inLanguage\":\"pl-PL\"},{\"@type\":\"Organization\",\"@id\":\"https:\\\/\\\/racom.com.pl\\\/#organization\",\"name\":\"Mix Market - Supermarket z wszystkim co potrzeba do domu i nie tylko\",\"url\":\"https:\\\/\\\/racom.com.pl\\\/\",\"logo\":{\"@type\":\"ImageObject\",\"inLanguage\":\"pl-PL\",\"@id\":\"https:\\\/\\\/racom.com.pl\\\/#\\\/schema\\\/logo\\\/image\\\/\",\"url\":\"https:\\\/\\\/racom.com.pl\\\/wp-content\\\/uploads\\\/2025\\\/07\\\/mixmarket_logo.png\",\"contentUrl\":\"https:\\\/\\\/racom.com.pl\\\/wp-content\\\/uploads\\\/2025\\\/07\\\/mixmarket_logo.png\",\"width\":1024,\"height\":1024,\"caption\":\"Mix Market - Supermarket z wszystkim co potrzeba do domu i nie tylko\"},\"image\":{\"@id\":\"https:\\\/\\\/racom.com.pl\\\/#\\\/schema\\\/logo\\\/image\\\/\"}}]}<\/script>\n<!-- \/ Yoast SEO plugin. -->","yoast_head_json":{"title":"1L FORTUNA sok Grejpfrutowy Grejpfrut Czerwony ZGRZEWKA - Mix Market - Supermarket z wszystkim co potrzeba","robots":{"index":"index","follow":"follow","max-snippet":"max-snippet:-1","max-image-preview":"max-image-preview:large","max-video-preview":"max-video-preview:-1"},"canonical":"https:\/\/racom.com.pl\/index.php\/produkt\/1l-fortuna-sok-grejpfrutowy-grejpfrut-czerwony-zgrzewka\/","og_locale":"pl_PL","og_type":"article","og_title":"1L FORTUNA sok Grejpfrutowy Grejpfrut Czerwony ZGRZEWKA - Mix Market - Supermarket z wszystkim co potrzeba","og_description":"6x Fortuna Sok 100 % Grejpfrut Czerwony 1 L (zgrzewka) \u2714\ufe0f&nbsp;W naszym soku znajdziesz tylko dojrzewaj\u0105ce w s\u0142o\u0144cu grejpfuty i nic wi\u0119cej. Fortuna. Dbaj o siebie. To proste. Czy wiesz, \u017ce szklanka soku mo\u017ce zast\u0105pi\u0107 Ci jedn\u0105 z pi\u0119ciu zalecanych dziennych porcji owoc\u00f3w i warzyw? Soki Fortuna to smaczny i prosty element zr\u00f3wnowa\u017conej diety. zakr\u0119tka [&hellip;]","og_url":"https:\/\/racom.com.pl\/index.php\/produkt\/1l-fortuna-sok-grejpfrutowy-grejpfrut-czerwony-zgrzewka\/","og_site_name":"Mix Market - Supermarket z wszystkim co potrzeba","og_image":[{"width":2365,"height":2365,"url":"https:\/\/racom.com.pl\/wp-content\/uploads\/2025\/07\/allegro_687b9da98a86e0.91255789_ad3e1b9845a3af1d9fb857115491.jpg","type":"image\/jpeg"}],"twitter_card":"summary_large_image","twitter_misc":{"Szacowany czas czytania":"1 minuta"},"schema":{"@context":"https:\/\/schema.org","@graph":[{"@type":"WebPage","@id":"https:\/\/racom.com.pl\/index.php\/produkt\/1l-fortuna-sok-grejpfrutowy-grejpfrut-czerwony-zgrzewka\/","url":"https:\/\/racom.com.pl\/index.php\/produkt\/1l-fortuna-sok-grejpfrutowy-grejpfrut-czerwony-zgrzewka\/","name":"1L FORTUNA sok Grejpfrutowy Grejpfrut Czerwony ZGRZEWKA - Mix Market - Supermarket z wszystkim co potrzeba","isPartOf":{"@id":"https:\/\/racom.com.pl\/#website"},"primaryImageOfPage":{"@id":"https:\/\/racom.com.pl\/index.php\/produkt\/1l-fortuna-sok-grejpfrutowy-grejpfrut-czerwony-zgrzewka\/#primaryimage"},"image":{"@id":"https:\/\/racom.com.pl\/index.php\/produkt\/1l-fortuna-sok-grejpfrutowy-grejpfrut-czerwony-zgrzewka\/#primaryimage"},"thumbnailUrl":"https:\/\/racom.com.pl\/wp-content\/uploads\/2025\/07\/allegro_687b9da98a86e0.91255789_ad3e1b9845a3af1d9fb857115491.jpg","datePublished":"2025-07-19T13:28:24+00:00","breadcrumb":{"@id":"https:\/\/racom.com.pl\/index.php\/produkt\/1l-fortuna-sok-grejpfrutowy-grejpfrut-czerwony-zgrzewka\/#breadcrumb"},"inLanguage":"pl-PL","potentialAction":[{"@type":"ReadAction","target":["https:\/\/racom.com.pl\/index.php\/produkt\/1l-fortuna-sok-grejpfrutowy-grejpfrut-czerwony-zgrzewka\/"]}]},{"@type":"ImageObject","inLanguage":"pl-PL","@id":"https:\/\/racom.com.pl\/index.php\/produkt\/1l-fortuna-sok-grejpfrutowy-grejpfrut-czerwony-zgrzewka\/#primaryimage","url":"https:\/\/racom.com.pl\/wp-content\/uploads\/2025\/07\/allegro_687b9da98a86e0.91255789_ad3e1b9845a3af1d9fb857115491.jpg","contentUrl":"https:\/\/racom.com.pl\/wp-content\/uploads\/2025\/07\/allegro_687b9da98a86e0.91255789_ad3e1b9845a3af1d9fb857115491.jpg","width":2365,"height":2365},{"@type":"BreadcrumbList","@id":"https:\/\/racom.com.pl\/index.php\/produkt\/1l-fortuna-sok-grejpfrutowy-grejpfrut-czerwony-zgrzewka\/#breadcrumb","itemListElement":[{"@type":"ListItem","position":1,"name":"Strona g\u0142\u00f3wna","item":"https:\/\/racom.com.pl\/"},{"@type":"ListItem","position":2,"name":"Sklep","item":"https:\/\/racom.com.pl\/"},{"@type":"ListItem","position":3,"name":"1L FORTUNA sok Grejpfrutowy Grejpfrut Czerwony ZGRZEWKA"}]},{"@type":"WebSite","@id":"https:\/\/racom.com.pl\/#website","url":"https:\/\/racom.com.pl\/","name":"Mix Market - Supermarket z wszystkim co potrzeba do domu i nie tylko","description":"","publisher":{"@id":"https:\/\/racom.com.pl\/#organization"},"potentialAction":[{"@type":"SearchAction","target":{"@type":"EntryPoint","urlTemplate":"https:\/\/racom.com.pl\/?s={search_term_string}"},"query-input":{"@type":"PropertyValueSpecification","valueRequired":true,"valueName":"search_term_string"}}],"inLanguage":"pl-PL"},{"@type":"Organization","@id":"https:\/\/racom.com.pl\/#organization","name":"Mix Market - Supermarket z wszystkim co potrzeba do domu i nie tylko","url":"https:\/\/racom.com.pl\/","logo":{"@type":"ImageObject","inLanguage":"pl-PL","@id":"https:\/\/racom.com.pl\/#\/schema\/logo\/image\/","url":"https:\/\/racom.com.pl\/wp-content\/uploads\/2025\/07\/mixmarket_logo.png","contentUrl":"https:\/\/racom.com.pl\/wp-content\/uploads\/2025\/07\/mixmarket_logo.png","width":1024,"height":1024,"caption":"Mix Market - Supermarket z wszystkim co potrzeba do domu i nie tylko"},"image":{"@id":"https:\/\/racom.com.pl\/#\/schema\/logo\/image\/"}}]}},"_links":{"self":[{"href":"https:\/\/racom.com.pl\/index.php\/wp-json\/wp\/v2\/product\/2731","targetHints":{"allow":["GET"]}}],"collection":[{"href":"https:\/\/racom.com.pl\/index.php\/wp-json\/wp\/v2\/product"}],"about":[{"href":"https:\/\/racom.com.pl\/index.php\/wp-json\/wp\/v2\/types\/product"}],"replies":[{"embeddable":true,"href":"https:\/\/racom.com.pl\/index.php\/wp-json\/wp\/v2\/comments?post=2731"}],"wp:featuredmedia":[{"embeddable":true,"href":"https:\/\/racom.com.pl\/index.php\/wp-json\/wp\/v2\/media\/2734"}],"wp:attachment":[{"href":"https:\/\/racom.com.pl\/index.php\/wp-json\/wp\/v2\/media?parent=2731"}],"wp:term":[{"taxonomy":"product_brand","embeddable":true,"href":"https:\/\/racom.com.pl\/index.php\/wp-json\/wp\/v2\/product_brand?post=2731"},{"taxonomy":"product_cat","embeddable":true,"href":"https:\/\/racom.com.pl\/index.php\/wp-json\/wp\/v2\/product_cat?post=2731"},{"taxonomy":"product_tag","embeddable":true,"href":"https:\/\/racom.com.pl\/index.php\/wp-json\/wp\/v2\/product_tag?post=2731"}],"curies":[{"name":"wp","href":"https:\/\/api.w.org\/{rel}","templated":true}]}}