{"id":2735,"date":"2025-07-19T15:29:40","date_gmt":"2025-07-19T13:29:40","guid":{"rendered":"http:\/\/192.168.2.106\/index.php\/produkt\/zgrzewka-mleko-wysokobialkowe-proteinowe-uht-laciate-1l-80gramow-bialka\/"},"modified":"2025-11-18T23:29:01","modified_gmt":"2025-11-18T22:29:01","slug":"zgrzewka-mleko-wysokobialkowe-proteinowe-uht-laciate-1l-80gramow-bialka","status":"publish","type":"product","link":"https:\/\/racom.com.pl\/index.php\/produkt\/zgrzewka-mleko-wysokobialkowe-proteinowe-uht-laciate-1l-80gramow-bialka\/","title":{"rendered":"ZGRZEWKA Mleko Wysokobia\u0142kowe PROTEINOWE UHT \u0141aciate 1L 80Gram\u00f3w BIA\u0141KA"},"content":{"rendered":"<h2>ZGRZEWKA 12 sztuk Mleko Wysokobia\u0142kowe PROTEINOWE UHT \u0141aciate 1L 80Gram\u00f3w BIA\u0141KA<\/h2>\n<p>MLEKO \u0141ACIATE PROTEIN 1L 05% to wysokiej jako\u015bci mleko, kt\u00f3re dostarczy Ci nie tylko doskona\u0142ego smaku, ale tak\u017ce warto\u015bci od\u017cywczych niezb\u0119dnych do codziennego funkcjonowania. Dzi\u0119ki zawarto\u015bci 5% bia\u0142ka, to mleko jest idealnym wyborem dla os\u00f3b aktywnych, sportowc\u00f3w oraz wszystkich, kt\u00f3rzy chc\u0105 zadba\u0107 o swoj\u0105 sylwetk\u0119 i zdrowie.<\/p>\n<p>MLEKO \u0141ACIATE pochodzi z polskich kr\u00f3w, co zapewnia naturalno\u015b\u0107 oraz \u015bwie\u017co\u015b\u0107 produktu. Jest doskona\u0142ym \u017ar\u00f3d\u0142em wapnia, witamin oraz minera\u0142\u00f3w, co czyni go nieod\u0142\u0105cznym elementem zdrowej diety. Mo\u017cna je spo\u017cywa\u0107 na wiele sposob\u00f3w \u2013 zar\u00f3wno solo, jak i jako sk\u0142adnik koktajli, smoothies czy potraw.<\/p>\n<p>Zalecamy przechowywanie mleka w lod\u00f3wce w temperaturze od 2 do 6\u00b0C.<\/p>\n<p>Wybierz MLEKO \u0141ACIATE PROTEIN 1L 05% i zadbaj o swoje zdrowie oraz smak na co dzie\u0144!<\/p>\n<p><b>Oferta dotyczy ca\u0142ej zgrzewki 12 sztuk<\/b><\/p>\n","protected":false},"excerpt":{"rendered":"<p>ZGRZEWKA 12 sztuk Mleko Wysokobia\u0142kowe PROTEINOWE UHT \u0141aciate 1L 80Gram\u00f3w BIA\u0141KA MLEKO \u0141ACIATE PROTEIN 1L 05% to wysokiej jako\u015bci mleko, kt\u00f3re dostarczy Ci nie tylko doskona\u0142ego smaku, ale tak\u017ce warto\u015bci od\u017cywczych niezb\u0119dnych do codziennego funkcjonowania. Dzi\u0119ki zawarto\u015bci 5% bia\u0142ka, to mleko jest idealnym wyborem dla os\u00f3b aktywnych, sportowc\u00f3w oraz wszystkich, kt\u00f3rzy chc\u0105 zadba\u0107 o swoj\u0105 [&hellip;]<\/p>\n","protected":false},"featured_media":2740,"comment_status":"open","ping_status":"closed","template":"","meta":[],"product_brand":[191],"product_cat":[179],"product_tag":[],"class_list":{"0":"post-2735","1":"product","2":"type-product","3":"status-publish","4":"has-post-thumbnail","6":"product_brand-laciate","7":"product_cat-nabial-i-jaja","9":"first","10":"instock","11":"taxable","12":"shipping-taxable","13":"purchasable","14":"product-type-simple"},"yoast_head":"<!-- This site is optimized with the Yoast SEO plugin v27.3 - https:\/\/yoast.com\/product\/yoast-seo-wordpress\/ -->\n<title>ZGRZEWKA Mleko Wysokobia\u0142kowe PROTEINOWE UHT \u0141aciate 1L 80Gram\u00f3w BIA\u0141KA - Mix Market - Supermarket z wszystkim co potrzeba<\/title>\n<meta name=\"robots\" content=\"index, follow, max-snippet:-1, max-image-preview:large, max-video-preview:-1\" \/>\n<link rel=\"canonical\" href=\"https:\/\/racom.com.pl\/index.php\/produkt\/zgrzewka-mleko-wysokobialkowe-proteinowe-uht-laciate-1l-80gramow-bialka\/\" \/>\n<meta property=\"og:locale\" content=\"pl_PL\" \/>\n<meta property=\"og:type\" content=\"article\" \/>\n<meta property=\"og:title\" content=\"ZGRZEWKA Mleko Wysokobia\u0142kowe PROTEINOWE UHT \u0141aciate 1L 80Gram\u00f3w BIA\u0141KA - Mix Market - Supermarket z wszystkim co potrzeba\" \/>\n<meta property=\"og:description\" content=\"ZGRZEWKA 12 sztuk Mleko Wysokobia\u0142kowe PROTEINOWE UHT \u0141aciate 1L 80Gram\u00f3w BIA\u0141KA MLEKO \u0141ACIATE PROTEIN 1L 05% to wysokiej jako\u015bci mleko, kt\u00f3re dostarczy Ci nie tylko doskona\u0142ego smaku, ale tak\u017ce warto\u015bci od\u017cywczych niezb\u0119dnych do codziennego funkcjonowania. Dzi\u0119ki zawarto\u015bci 5% bia\u0142ka, to mleko jest idealnym wyborem dla os\u00f3b aktywnych, sportowc\u00f3w oraz wszystkich, kt\u00f3rzy chc\u0105 zadba\u0107 o swoj\u0105 [&hellip;]\" \/>\n<meta property=\"og:url\" content=\"https:\/\/racom.com.pl\/index.php\/produkt\/zgrzewka-mleko-wysokobialkowe-proteinowe-uht-laciate-1l-80gramow-bialka\/\" \/>\n<meta property=\"og:site_name\" content=\"Mix Market - Supermarket z wszystkim co potrzeba\" \/>\n<meta property=\"article:modified_time\" content=\"2025-11-18T22:29:01+00:00\" \/>\n<meta property=\"og:image\" content=\"https:\/\/racom.com.pl\/wp-content\/uploads\/2025\/07\/allegro_687b9e56b9fe60.15630751_2fb21fa04b749cb123650d0e1034.jpg\" \/>\n\t<meta property=\"og:image:width\" content=\"1080\" \/>\n\t<meta property=\"og:image:height\" content=\"1080\" \/>\n\t<meta property=\"og:image:type\" content=\"image\/jpeg\" \/>\n<meta name=\"twitter:card\" content=\"summary_large_image\" \/>\n<meta name=\"twitter:label1\" content=\"Szacowany czas czytania\" \/>\n\t<meta name=\"twitter:data1\" content=\"2 minuty\" \/>\n<script type=\"application\/ld+json\" class=\"yoast-schema-graph\">{\"@context\":\"https:\\\/\\\/schema.org\",\"@graph\":[{\"@type\":\"WebPage\",\"@id\":\"https:\\\/\\\/racom.com.pl\\\/index.php\\\/produkt\\\/zgrzewka-mleko-wysokobialkowe-proteinowe-uht-laciate-1l-80gramow-bialka\\\/\",\"url\":\"https:\\\/\\\/racom.com.pl\\\/index.php\\\/produkt\\\/zgrzewka-mleko-wysokobialkowe-proteinowe-uht-laciate-1l-80gramow-bialka\\\/\",\"name\":\"ZGRZEWKA Mleko Wysokobia\u0142kowe PROTEINOWE UHT \u0141aciate 1L 80Gram\u00f3w BIA\u0141KA - Mix Market - Supermarket z wszystkim co potrzeba\",\"isPartOf\":{\"@id\":\"https:\\\/\\\/racom.com.pl\\\/#website\"},\"primaryImageOfPage\":{\"@id\":\"https:\\\/\\\/racom.com.pl\\\/index.php\\\/produkt\\\/zgrzewka-mleko-wysokobialkowe-proteinowe-uht-laciate-1l-80gramow-bialka\\\/#primaryimage\"},\"image\":{\"@id\":\"https:\\\/\\\/racom.com.pl\\\/index.php\\\/produkt\\\/zgrzewka-mleko-wysokobialkowe-proteinowe-uht-laciate-1l-80gramow-bialka\\\/#primaryimage\"},\"thumbnailUrl\":\"https:\\\/\\\/racom.com.pl\\\/wp-content\\\/uploads\\\/2025\\\/07\\\/allegro_687b9e56b9fe60.15630751_2fb21fa04b749cb123650d0e1034.jpg\",\"datePublished\":\"2025-07-19T13:29:40+00:00\",\"dateModified\":\"2025-11-18T22:29:01+00:00\",\"breadcrumb\":{\"@id\":\"https:\\\/\\\/racom.com.pl\\\/index.php\\\/produkt\\\/zgrzewka-mleko-wysokobialkowe-proteinowe-uht-laciate-1l-80gramow-bialka\\\/#breadcrumb\"},\"inLanguage\":\"pl-PL\",\"potentialAction\":[{\"@type\":\"ReadAction\",\"target\":[\"https:\\\/\\\/racom.com.pl\\\/index.php\\\/produkt\\\/zgrzewka-mleko-wysokobialkowe-proteinowe-uht-laciate-1l-80gramow-bialka\\\/\"]}]},{\"@type\":\"ImageObject\",\"inLanguage\":\"pl-PL\",\"@id\":\"https:\\\/\\\/racom.com.pl\\\/index.php\\\/produkt\\\/zgrzewka-mleko-wysokobialkowe-proteinowe-uht-laciate-1l-80gramow-bialka\\\/#primaryimage\",\"url\":\"https:\\\/\\\/racom.com.pl\\\/wp-content\\\/uploads\\\/2025\\\/07\\\/allegro_687b9e56b9fe60.15630751_2fb21fa04b749cb123650d0e1034.jpg\",\"contentUrl\":\"https:\\\/\\\/racom.com.pl\\\/wp-content\\\/uploads\\\/2025\\\/07\\\/allegro_687b9e56b9fe60.15630751_2fb21fa04b749cb123650d0e1034.jpg\",\"width\":1080,\"height\":1080},{\"@type\":\"BreadcrumbList\",\"@id\":\"https:\\\/\\\/racom.com.pl\\\/index.php\\\/produkt\\\/zgrzewka-mleko-wysokobialkowe-proteinowe-uht-laciate-1l-80gramow-bialka\\\/#breadcrumb\",\"itemListElement\":[{\"@type\":\"ListItem\",\"position\":1,\"name\":\"Strona g\u0142\u00f3wna\",\"item\":\"https:\\\/\\\/racom.com.pl\\\/\"},{\"@type\":\"ListItem\",\"position\":2,\"name\":\"Sklep\",\"item\":\"https:\\\/\\\/racom.com.pl\\\/\"},{\"@type\":\"ListItem\",\"position\":3,\"name\":\"ZGRZEWKA Mleko Wysokobia\u0142kowe PROTEINOWE UHT \u0141aciate 1L 80Gram\u00f3w BIA\u0141KA\"}]},{\"@type\":\"WebSite\",\"@id\":\"https:\\\/\\\/racom.com.pl\\\/#website\",\"url\":\"https:\\\/\\\/racom.com.pl\\\/\",\"name\":\"Mix Market - Supermarket z wszystkim co potrzeba do domu i nie tylko\",\"description\":\"\",\"publisher\":{\"@id\":\"https:\\\/\\\/racom.com.pl\\\/#organization\"},\"potentialAction\":[{\"@type\":\"SearchAction\",\"target\":{\"@type\":\"EntryPoint\",\"urlTemplate\":\"https:\\\/\\\/racom.com.pl\\\/?s={search_term_string}\"},\"query-input\":{\"@type\":\"PropertyValueSpecification\",\"valueRequired\":true,\"valueName\":\"search_term_string\"}}],\"inLanguage\":\"pl-PL\"},{\"@type\":\"Organization\",\"@id\":\"https:\\\/\\\/racom.com.pl\\\/#organization\",\"name\":\"Mix Market - Supermarket z wszystkim co potrzeba do domu i nie tylko\",\"url\":\"https:\\\/\\\/racom.com.pl\\\/\",\"logo\":{\"@type\":\"ImageObject\",\"inLanguage\":\"pl-PL\",\"@id\":\"https:\\\/\\\/racom.com.pl\\\/#\\\/schema\\\/logo\\\/image\\\/\",\"url\":\"https:\\\/\\\/racom.com.pl\\\/wp-content\\\/uploads\\\/2025\\\/07\\\/mixmarket_logo.png\",\"contentUrl\":\"https:\\\/\\\/racom.com.pl\\\/wp-content\\\/uploads\\\/2025\\\/07\\\/mixmarket_logo.png\",\"width\":1024,\"height\":1024,\"caption\":\"Mix Market - Supermarket z wszystkim co potrzeba do domu i nie tylko\"},\"image\":{\"@id\":\"https:\\\/\\\/racom.com.pl\\\/#\\\/schema\\\/logo\\\/image\\\/\"}}]}<\/script>\n<!-- \/ Yoast SEO plugin. -->","yoast_head_json":{"title":"ZGRZEWKA Mleko Wysokobia\u0142kowe PROTEINOWE UHT \u0141aciate 1L 80Gram\u00f3w BIA\u0141KA - Mix Market - Supermarket z wszystkim co potrzeba","robots":{"index":"index","follow":"follow","max-snippet":"max-snippet:-1","max-image-preview":"max-image-preview:large","max-video-preview":"max-video-preview:-1"},"canonical":"https:\/\/racom.com.pl\/index.php\/produkt\/zgrzewka-mleko-wysokobialkowe-proteinowe-uht-laciate-1l-80gramow-bialka\/","og_locale":"pl_PL","og_type":"article","og_title":"ZGRZEWKA Mleko Wysokobia\u0142kowe PROTEINOWE UHT \u0141aciate 1L 80Gram\u00f3w BIA\u0141KA - Mix Market - Supermarket z wszystkim co potrzeba","og_description":"ZGRZEWKA 12 sztuk Mleko Wysokobia\u0142kowe PROTEINOWE UHT \u0141aciate 1L 80Gram\u00f3w BIA\u0141KA MLEKO \u0141ACIATE PROTEIN 1L 05% to wysokiej jako\u015bci mleko, kt\u00f3re dostarczy Ci nie tylko doskona\u0142ego smaku, ale tak\u017ce warto\u015bci od\u017cywczych niezb\u0119dnych do codziennego funkcjonowania. Dzi\u0119ki zawarto\u015bci 5% bia\u0142ka, to mleko jest idealnym wyborem dla os\u00f3b aktywnych, sportowc\u00f3w oraz wszystkich, kt\u00f3rzy chc\u0105 zadba\u0107 o swoj\u0105 [&hellip;]","og_url":"https:\/\/racom.com.pl\/index.php\/produkt\/zgrzewka-mleko-wysokobialkowe-proteinowe-uht-laciate-1l-80gramow-bialka\/","og_site_name":"Mix Market - Supermarket z wszystkim co potrzeba","article_modified_time":"2025-11-18T22:29:01+00:00","og_image":[{"width":1080,"height":1080,"url":"https:\/\/racom.com.pl\/wp-content\/uploads\/2025\/07\/allegro_687b9e56b9fe60.15630751_2fb21fa04b749cb123650d0e1034.jpg","type":"image\/jpeg"}],"twitter_card":"summary_large_image","twitter_misc":{"Szacowany czas czytania":"2 minuty"},"schema":{"@context":"https:\/\/schema.org","@graph":[{"@type":"WebPage","@id":"https:\/\/racom.com.pl\/index.php\/produkt\/zgrzewka-mleko-wysokobialkowe-proteinowe-uht-laciate-1l-80gramow-bialka\/","url":"https:\/\/racom.com.pl\/index.php\/produkt\/zgrzewka-mleko-wysokobialkowe-proteinowe-uht-laciate-1l-80gramow-bialka\/","name":"ZGRZEWKA Mleko Wysokobia\u0142kowe PROTEINOWE UHT \u0141aciate 1L 80Gram\u00f3w BIA\u0141KA - Mix Market - Supermarket z wszystkim co potrzeba","isPartOf":{"@id":"https:\/\/racom.com.pl\/#website"},"primaryImageOfPage":{"@id":"https:\/\/racom.com.pl\/index.php\/produkt\/zgrzewka-mleko-wysokobialkowe-proteinowe-uht-laciate-1l-80gramow-bialka\/#primaryimage"},"image":{"@id":"https:\/\/racom.com.pl\/index.php\/produkt\/zgrzewka-mleko-wysokobialkowe-proteinowe-uht-laciate-1l-80gramow-bialka\/#primaryimage"},"thumbnailUrl":"https:\/\/racom.com.pl\/wp-content\/uploads\/2025\/07\/allegro_687b9e56b9fe60.15630751_2fb21fa04b749cb123650d0e1034.jpg","datePublished":"2025-07-19T13:29:40+00:00","dateModified":"2025-11-18T22:29:01+00:00","breadcrumb":{"@id":"https:\/\/racom.com.pl\/index.php\/produkt\/zgrzewka-mleko-wysokobialkowe-proteinowe-uht-laciate-1l-80gramow-bialka\/#breadcrumb"},"inLanguage":"pl-PL","potentialAction":[{"@type":"ReadAction","target":["https:\/\/racom.com.pl\/index.php\/produkt\/zgrzewka-mleko-wysokobialkowe-proteinowe-uht-laciate-1l-80gramow-bialka\/"]}]},{"@type":"ImageObject","inLanguage":"pl-PL","@id":"https:\/\/racom.com.pl\/index.php\/produkt\/zgrzewka-mleko-wysokobialkowe-proteinowe-uht-laciate-1l-80gramow-bialka\/#primaryimage","url":"https:\/\/racom.com.pl\/wp-content\/uploads\/2025\/07\/allegro_687b9e56b9fe60.15630751_2fb21fa04b749cb123650d0e1034.jpg","contentUrl":"https:\/\/racom.com.pl\/wp-content\/uploads\/2025\/07\/allegro_687b9e56b9fe60.15630751_2fb21fa04b749cb123650d0e1034.jpg","width":1080,"height":1080},{"@type":"BreadcrumbList","@id":"https:\/\/racom.com.pl\/index.php\/produkt\/zgrzewka-mleko-wysokobialkowe-proteinowe-uht-laciate-1l-80gramow-bialka\/#breadcrumb","itemListElement":[{"@type":"ListItem","position":1,"name":"Strona g\u0142\u00f3wna","item":"https:\/\/racom.com.pl\/"},{"@type":"ListItem","position":2,"name":"Sklep","item":"https:\/\/racom.com.pl\/"},{"@type":"ListItem","position":3,"name":"ZGRZEWKA Mleko Wysokobia\u0142kowe PROTEINOWE UHT \u0141aciate 1L 80Gram\u00f3w BIA\u0141KA"}]},{"@type":"WebSite","@id":"https:\/\/racom.com.pl\/#website","url":"https:\/\/racom.com.pl\/","name":"Mix Market - Supermarket z wszystkim co potrzeba do domu i nie tylko","description":"","publisher":{"@id":"https:\/\/racom.com.pl\/#organization"},"potentialAction":[{"@type":"SearchAction","target":{"@type":"EntryPoint","urlTemplate":"https:\/\/racom.com.pl\/?s={search_term_string}"},"query-input":{"@type":"PropertyValueSpecification","valueRequired":true,"valueName":"search_term_string"}}],"inLanguage":"pl-PL"},{"@type":"Organization","@id":"https:\/\/racom.com.pl\/#organization","name":"Mix Market - Supermarket z wszystkim co potrzeba do domu i nie tylko","url":"https:\/\/racom.com.pl\/","logo":{"@type":"ImageObject","inLanguage":"pl-PL","@id":"https:\/\/racom.com.pl\/#\/schema\/logo\/image\/","url":"https:\/\/racom.com.pl\/wp-content\/uploads\/2025\/07\/mixmarket_logo.png","contentUrl":"https:\/\/racom.com.pl\/wp-content\/uploads\/2025\/07\/mixmarket_logo.png","width":1024,"height":1024,"caption":"Mix Market - Supermarket z wszystkim co potrzeba do domu i nie tylko"},"image":{"@id":"https:\/\/racom.com.pl\/#\/schema\/logo\/image\/"}}]}},"_links":{"self":[{"href":"https:\/\/racom.com.pl\/index.php\/wp-json\/wp\/v2\/product\/2735","targetHints":{"allow":["GET"]}}],"collection":[{"href":"https:\/\/racom.com.pl\/index.php\/wp-json\/wp\/v2\/product"}],"about":[{"href":"https:\/\/racom.com.pl\/index.php\/wp-json\/wp\/v2\/types\/product"}],"replies":[{"embeddable":true,"href":"https:\/\/racom.com.pl\/index.php\/wp-json\/wp\/v2\/comments?post=2735"}],"wp:featuredmedia":[{"embeddable":true,"href":"https:\/\/racom.com.pl\/index.php\/wp-json\/wp\/v2\/media\/2740"}],"wp:attachment":[{"href":"https:\/\/racom.com.pl\/index.php\/wp-json\/wp\/v2\/media?parent=2735"}],"wp:term":[{"taxonomy":"product_brand","embeddable":true,"href":"https:\/\/racom.com.pl\/index.php\/wp-json\/wp\/v2\/product_brand?post=2735"},{"taxonomy":"product_cat","embeddable":true,"href":"https:\/\/racom.com.pl\/index.php\/wp-json\/wp\/v2\/product_cat?post=2735"},{"taxonomy":"product_tag","embeddable":true,"href":"https:\/\/racom.com.pl\/index.php\/wp-json\/wp\/v2\/product_tag?post=2735"}],"curies":[{"name":"wp","href":"https:\/\/api.w.org\/{rel}","templated":true}]}}