{"id":2746,"date":"2025-07-19T15:34:24","date_gmt":"2025-07-19T13:34:24","guid":{"rendered":"http:\/\/192.168.2.106\/index.php\/produkt\/tortex-ketchup-lagodny-pomidorowy-do-gastronomii-wiaderko-55-kg\/"},"modified":"2025-07-19T15:34:24","modified_gmt":"2025-07-19T13:34:24","slug":"tortex-ketchup-lagodny-pomidorowy-do-gastronomii-wiaderko-55-kg","status":"publish","type":"product","link":"https:\/\/racom.com.pl\/index.php\/produkt\/tortex-ketchup-lagodny-pomidorowy-do-gastronomii-wiaderko-55-kg\/","title":{"rendered":"Tortex Ketchup \u0142agodny pomidorowy do gastronomii wiaderko 5,5 kg"},"content":{"rendered":"<h2>Tortex Ketchup \u0142agodny 5,5 kg<\/h2>\n<p><b>Wyprodukowano z my\u015bl\u0105 o bran\u017cy gastronomicznej<\/b><\/p>\n<p>Wspania\u0142y smak pomidor\u00f3w z lekko s\u0142odk\u0105 nut\u0105. Idealny jako sos do pizzy, hot-dog\u00f3w, hamburger\u00f3w czy zapiekanek oraz do innych da\u0144 warzywno-mi\u0119snych. Wysoka jako\u015b\u0107 za niewyg\u00f3rowan\u0105 cen\u0119.<\/p>\n<p><b>Sk\u0142adniki:<\/b><\/p>\n<p>koncentrat pomidorowy (37%), woda, cukier, ocet spirytusowy, skrobia modyfikowana, s\u00f3l, regulatory kwasowo\u015bci (kwas cytrynowy, kwas winowy), substancja konserwuj\u0105ca (benzoesan sodu), aromat, przyprawy (kolendra, tymianek, cz\u0105ber, oregano, sza\u0142wia).<\/p>\n<p><b>Dodatki:<\/b><\/p>\n<ul>\n<li>Bez dodatku barwnik\u00f3w<\/li>\n<li>Bez dodatku glutaminianu sodu<\/li>\n<\/ul>\n<p><b>Informacje dietetyczne:<\/b><\/p>\n<ul>\n<li>Odpowiedni dla wegan<\/li>\n<li>Odpowiedni dla wegetarian<\/li>\n<\/ul>\n","protected":false},"excerpt":{"rendered":"<p>Tortex Ketchup \u0142agodny 5,5 kg Wyprodukowano z my\u015bl\u0105 o bran\u017cy gastronomicznej Wspania\u0142y smak pomidor\u00f3w z lekko s\u0142odk\u0105 nut\u0105. Idealny jako sos do pizzy, hot-dog\u00f3w, hamburger\u00f3w czy zapiekanek oraz do innych da\u0144 warzywno-mi\u0119snych. Wysoka jako\u015b\u0107 za niewyg\u00f3rowan\u0105 cen\u0119. Sk\u0142adniki: koncentrat pomidorowy (37%), woda, cukier, ocet spirytusowy, skrobia modyfikowana, s\u00f3l, regulatory kwasowo\u015bci (kwas cytrynowy, kwas winowy), substancja [&hellip;]<\/p>\n","protected":false},"featured_media":2748,"comment_status":"open","ping_status":"closed","template":"","meta":[],"product_brand":[192],"product_cat":[109],"product_tag":[],"class_list":{"0":"post-2746","1":"product","2":"type-product","3":"status-publish","4":"has-post-thumbnail","6":"product_brand-tortex","7":"product_cat-sosy-kanapkowe-i-dressingi","9":"first","10":"instock","11":"taxable","12":"shipping-taxable","13":"purchasable","14":"product-type-simple"},"yoast_head":"<!-- This site is optimized with the Yoast SEO plugin v27.3 - https:\/\/yoast.com\/product\/yoast-seo-wordpress\/ -->\n<title>Tortex Ketchup \u0142agodny pomidorowy do gastronomii wiaderko 5,5 kg - Mix Market - Supermarket z wszystkim co potrzeba<\/title>\n<meta name=\"robots\" content=\"index, follow, max-snippet:-1, max-image-preview:large, max-video-preview:-1\" \/>\n<link rel=\"canonical\" href=\"https:\/\/racom.com.pl\/index.php\/produkt\/tortex-ketchup-lagodny-pomidorowy-do-gastronomii-wiaderko-55-kg\/\" \/>\n<meta property=\"og:locale\" content=\"pl_PL\" \/>\n<meta property=\"og:type\" content=\"article\" \/>\n<meta property=\"og:title\" content=\"Tortex Ketchup \u0142agodny pomidorowy do gastronomii wiaderko 5,5 kg - Mix Market - Supermarket z wszystkim co potrzeba\" \/>\n<meta property=\"og:description\" content=\"Tortex Ketchup \u0142agodny 5,5 kg Wyprodukowano z my\u015bl\u0105 o bran\u017cy gastronomicznej Wspania\u0142y smak pomidor\u00f3w z lekko s\u0142odk\u0105 nut\u0105. Idealny jako sos do pizzy, hot-dog\u00f3w, hamburger\u00f3w czy zapiekanek oraz do innych da\u0144 warzywno-mi\u0119snych. Wysoka jako\u015b\u0107 za niewyg\u00f3rowan\u0105 cen\u0119. Sk\u0142adniki: koncentrat pomidorowy (37%), woda, cukier, ocet spirytusowy, skrobia modyfikowana, s\u00f3l, regulatory kwasowo\u015bci (kwas cytrynowy, kwas winowy), substancja [&hellip;]\" \/>\n<meta property=\"og:url\" content=\"https:\/\/racom.com.pl\/index.php\/produkt\/tortex-ketchup-lagodny-pomidorowy-do-gastronomii-wiaderko-55-kg\/\" \/>\n<meta property=\"og:site_name\" content=\"Mix Market - Supermarket z wszystkim co potrzeba\" \/>\n<meta property=\"og:image\" content=\"https:\/\/racom.com.pl\/wp-content\/uploads\/2025\/07\/allegro_687b9f15f0d056.42332415_a5a2d9a44ffc8be99d4b9bae609c.jpg\" \/>\n\t<meta property=\"og:image:width\" content=\"2365\" \/>\n\t<meta property=\"og:image:height\" content=\"2365\" \/>\n\t<meta property=\"og:image:type\" content=\"image\/jpeg\" \/>\n<meta name=\"twitter:card\" content=\"summary_large_image\" \/>\n<script type=\"application\/ld+json\" class=\"yoast-schema-graph\">{\"@context\":\"https:\\\/\\\/schema.org\",\"@graph\":[{\"@type\":\"WebPage\",\"@id\":\"https:\\\/\\\/racom.com.pl\\\/index.php\\\/produkt\\\/tortex-ketchup-lagodny-pomidorowy-do-gastronomii-wiaderko-55-kg\\\/\",\"url\":\"https:\\\/\\\/racom.com.pl\\\/index.php\\\/produkt\\\/tortex-ketchup-lagodny-pomidorowy-do-gastronomii-wiaderko-55-kg\\\/\",\"name\":\"Tortex Ketchup \u0142agodny pomidorowy do gastronomii wiaderko 5,5 kg - Mix Market - Supermarket z wszystkim co potrzeba\",\"isPartOf\":{\"@id\":\"https:\\\/\\\/racom.com.pl\\\/#website\"},\"primaryImageOfPage\":{\"@id\":\"https:\\\/\\\/racom.com.pl\\\/index.php\\\/produkt\\\/tortex-ketchup-lagodny-pomidorowy-do-gastronomii-wiaderko-55-kg\\\/#primaryimage\"},\"image\":{\"@id\":\"https:\\\/\\\/racom.com.pl\\\/index.php\\\/produkt\\\/tortex-ketchup-lagodny-pomidorowy-do-gastronomii-wiaderko-55-kg\\\/#primaryimage\"},\"thumbnailUrl\":\"https:\\\/\\\/racom.com.pl\\\/wp-content\\\/uploads\\\/2025\\\/07\\\/allegro_687b9f15f0d056.42332415_a5a2d9a44ffc8be99d4b9bae609c.jpg\",\"datePublished\":\"2025-07-19T13:34:24+00:00\",\"breadcrumb\":{\"@id\":\"https:\\\/\\\/racom.com.pl\\\/index.php\\\/produkt\\\/tortex-ketchup-lagodny-pomidorowy-do-gastronomii-wiaderko-55-kg\\\/#breadcrumb\"},\"inLanguage\":\"pl-PL\",\"potentialAction\":[{\"@type\":\"ReadAction\",\"target\":[\"https:\\\/\\\/racom.com.pl\\\/index.php\\\/produkt\\\/tortex-ketchup-lagodny-pomidorowy-do-gastronomii-wiaderko-55-kg\\\/\"]}]},{\"@type\":\"ImageObject\",\"inLanguage\":\"pl-PL\",\"@id\":\"https:\\\/\\\/racom.com.pl\\\/index.php\\\/produkt\\\/tortex-ketchup-lagodny-pomidorowy-do-gastronomii-wiaderko-55-kg\\\/#primaryimage\",\"url\":\"https:\\\/\\\/racom.com.pl\\\/wp-content\\\/uploads\\\/2025\\\/07\\\/allegro_687b9f15f0d056.42332415_a5a2d9a44ffc8be99d4b9bae609c.jpg\",\"contentUrl\":\"https:\\\/\\\/racom.com.pl\\\/wp-content\\\/uploads\\\/2025\\\/07\\\/allegro_687b9f15f0d056.42332415_a5a2d9a44ffc8be99d4b9bae609c.jpg\",\"width\":2365,\"height\":2365},{\"@type\":\"BreadcrumbList\",\"@id\":\"https:\\\/\\\/racom.com.pl\\\/index.php\\\/produkt\\\/tortex-ketchup-lagodny-pomidorowy-do-gastronomii-wiaderko-55-kg\\\/#breadcrumb\",\"itemListElement\":[{\"@type\":\"ListItem\",\"position\":1,\"name\":\"Strona g\u0142\u00f3wna\",\"item\":\"https:\\\/\\\/racom.com.pl\\\/\"},{\"@type\":\"ListItem\",\"position\":2,\"name\":\"Sklep\",\"item\":\"https:\\\/\\\/racom.com.pl\\\/\"},{\"@type\":\"ListItem\",\"position\":3,\"name\":\"Tortex Ketchup \u0142agodny pomidorowy do gastronomii wiaderko 5,5 kg\"}]},{\"@type\":\"WebSite\",\"@id\":\"https:\\\/\\\/racom.com.pl\\\/#website\",\"url\":\"https:\\\/\\\/racom.com.pl\\\/\",\"name\":\"Mix Market - Supermarket z wszystkim co potrzeba do domu i nie tylko\",\"description\":\"\",\"publisher\":{\"@id\":\"https:\\\/\\\/racom.com.pl\\\/#organization\"},\"potentialAction\":[{\"@type\":\"SearchAction\",\"target\":{\"@type\":\"EntryPoint\",\"urlTemplate\":\"https:\\\/\\\/racom.com.pl\\\/?s={search_term_string}\"},\"query-input\":{\"@type\":\"PropertyValueSpecification\",\"valueRequired\":true,\"valueName\":\"search_term_string\"}}],\"inLanguage\":\"pl-PL\"},{\"@type\":\"Organization\",\"@id\":\"https:\\\/\\\/racom.com.pl\\\/#organization\",\"name\":\"Mix Market - Supermarket z wszystkim co potrzeba do domu i nie tylko\",\"url\":\"https:\\\/\\\/racom.com.pl\\\/\",\"logo\":{\"@type\":\"ImageObject\",\"inLanguage\":\"pl-PL\",\"@id\":\"https:\\\/\\\/racom.com.pl\\\/#\\\/schema\\\/logo\\\/image\\\/\",\"url\":\"https:\\\/\\\/racom.com.pl\\\/wp-content\\\/uploads\\\/2025\\\/07\\\/mixmarket_logo.png\",\"contentUrl\":\"https:\\\/\\\/racom.com.pl\\\/wp-content\\\/uploads\\\/2025\\\/07\\\/mixmarket_logo.png\",\"width\":1024,\"height\":1024,\"caption\":\"Mix Market - Supermarket z wszystkim co potrzeba do domu i nie tylko\"},\"image\":{\"@id\":\"https:\\\/\\\/racom.com.pl\\\/#\\\/schema\\\/logo\\\/image\\\/\"}}]}<\/script>\n<!-- \/ Yoast SEO plugin. -->","yoast_head_json":{"title":"Tortex Ketchup \u0142agodny pomidorowy do gastronomii wiaderko 5,5 kg - Mix Market - Supermarket z wszystkim co potrzeba","robots":{"index":"index","follow":"follow","max-snippet":"max-snippet:-1","max-image-preview":"max-image-preview:large","max-video-preview":"max-video-preview:-1"},"canonical":"https:\/\/racom.com.pl\/index.php\/produkt\/tortex-ketchup-lagodny-pomidorowy-do-gastronomii-wiaderko-55-kg\/","og_locale":"pl_PL","og_type":"article","og_title":"Tortex Ketchup \u0142agodny pomidorowy do gastronomii wiaderko 5,5 kg - Mix Market - Supermarket z wszystkim co potrzeba","og_description":"Tortex Ketchup \u0142agodny 5,5 kg Wyprodukowano z my\u015bl\u0105 o bran\u017cy gastronomicznej Wspania\u0142y smak pomidor\u00f3w z lekko s\u0142odk\u0105 nut\u0105. Idealny jako sos do pizzy, hot-dog\u00f3w, hamburger\u00f3w czy zapiekanek oraz do innych da\u0144 warzywno-mi\u0119snych. Wysoka jako\u015b\u0107 za niewyg\u00f3rowan\u0105 cen\u0119. Sk\u0142adniki: koncentrat pomidorowy (37%), woda, cukier, ocet spirytusowy, skrobia modyfikowana, s\u00f3l, regulatory kwasowo\u015bci (kwas cytrynowy, kwas winowy), substancja [&hellip;]","og_url":"https:\/\/racom.com.pl\/index.php\/produkt\/tortex-ketchup-lagodny-pomidorowy-do-gastronomii-wiaderko-55-kg\/","og_site_name":"Mix Market - Supermarket z wszystkim co potrzeba","og_image":[{"width":2365,"height":2365,"url":"https:\/\/racom.com.pl\/wp-content\/uploads\/2025\/07\/allegro_687b9f15f0d056.42332415_a5a2d9a44ffc8be99d4b9bae609c.jpg","type":"image\/jpeg"}],"twitter_card":"summary_large_image","schema":{"@context":"https:\/\/schema.org","@graph":[{"@type":"WebPage","@id":"https:\/\/racom.com.pl\/index.php\/produkt\/tortex-ketchup-lagodny-pomidorowy-do-gastronomii-wiaderko-55-kg\/","url":"https:\/\/racom.com.pl\/index.php\/produkt\/tortex-ketchup-lagodny-pomidorowy-do-gastronomii-wiaderko-55-kg\/","name":"Tortex Ketchup \u0142agodny pomidorowy do gastronomii wiaderko 5,5 kg - Mix Market - Supermarket z wszystkim co potrzeba","isPartOf":{"@id":"https:\/\/racom.com.pl\/#website"},"primaryImageOfPage":{"@id":"https:\/\/racom.com.pl\/index.php\/produkt\/tortex-ketchup-lagodny-pomidorowy-do-gastronomii-wiaderko-55-kg\/#primaryimage"},"image":{"@id":"https:\/\/racom.com.pl\/index.php\/produkt\/tortex-ketchup-lagodny-pomidorowy-do-gastronomii-wiaderko-55-kg\/#primaryimage"},"thumbnailUrl":"https:\/\/racom.com.pl\/wp-content\/uploads\/2025\/07\/allegro_687b9f15f0d056.42332415_a5a2d9a44ffc8be99d4b9bae609c.jpg","datePublished":"2025-07-19T13:34:24+00:00","breadcrumb":{"@id":"https:\/\/racom.com.pl\/index.php\/produkt\/tortex-ketchup-lagodny-pomidorowy-do-gastronomii-wiaderko-55-kg\/#breadcrumb"},"inLanguage":"pl-PL","potentialAction":[{"@type":"ReadAction","target":["https:\/\/racom.com.pl\/index.php\/produkt\/tortex-ketchup-lagodny-pomidorowy-do-gastronomii-wiaderko-55-kg\/"]}]},{"@type":"ImageObject","inLanguage":"pl-PL","@id":"https:\/\/racom.com.pl\/index.php\/produkt\/tortex-ketchup-lagodny-pomidorowy-do-gastronomii-wiaderko-55-kg\/#primaryimage","url":"https:\/\/racom.com.pl\/wp-content\/uploads\/2025\/07\/allegro_687b9f15f0d056.42332415_a5a2d9a44ffc8be99d4b9bae609c.jpg","contentUrl":"https:\/\/racom.com.pl\/wp-content\/uploads\/2025\/07\/allegro_687b9f15f0d056.42332415_a5a2d9a44ffc8be99d4b9bae609c.jpg","width":2365,"height":2365},{"@type":"BreadcrumbList","@id":"https:\/\/racom.com.pl\/index.php\/produkt\/tortex-ketchup-lagodny-pomidorowy-do-gastronomii-wiaderko-55-kg\/#breadcrumb","itemListElement":[{"@type":"ListItem","position":1,"name":"Strona g\u0142\u00f3wna","item":"https:\/\/racom.com.pl\/"},{"@type":"ListItem","position":2,"name":"Sklep","item":"https:\/\/racom.com.pl\/"},{"@type":"ListItem","position":3,"name":"Tortex Ketchup \u0142agodny pomidorowy do gastronomii wiaderko 5,5 kg"}]},{"@type":"WebSite","@id":"https:\/\/racom.com.pl\/#website","url":"https:\/\/racom.com.pl\/","name":"Mix Market - Supermarket z wszystkim co potrzeba do domu i nie tylko","description":"","publisher":{"@id":"https:\/\/racom.com.pl\/#organization"},"potentialAction":[{"@type":"SearchAction","target":{"@type":"EntryPoint","urlTemplate":"https:\/\/racom.com.pl\/?s={search_term_string}"},"query-input":{"@type":"PropertyValueSpecification","valueRequired":true,"valueName":"search_term_string"}}],"inLanguage":"pl-PL"},{"@type":"Organization","@id":"https:\/\/racom.com.pl\/#organization","name":"Mix Market - Supermarket z wszystkim co potrzeba do domu i nie tylko","url":"https:\/\/racom.com.pl\/","logo":{"@type":"ImageObject","inLanguage":"pl-PL","@id":"https:\/\/racom.com.pl\/#\/schema\/logo\/image\/","url":"https:\/\/racom.com.pl\/wp-content\/uploads\/2025\/07\/mixmarket_logo.png","contentUrl":"https:\/\/racom.com.pl\/wp-content\/uploads\/2025\/07\/mixmarket_logo.png","width":1024,"height":1024,"caption":"Mix Market - Supermarket z wszystkim co potrzeba do domu i nie tylko"},"image":{"@id":"https:\/\/racom.com.pl\/#\/schema\/logo\/image\/"}}]}},"_links":{"self":[{"href":"https:\/\/racom.com.pl\/index.php\/wp-json\/wp\/v2\/product\/2746","targetHints":{"allow":["GET"]}}],"collection":[{"href":"https:\/\/racom.com.pl\/index.php\/wp-json\/wp\/v2\/product"}],"about":[{"href":"https:\/\/racom.com.pl\/index.php\/wp-json\/wp\/v2\/types\/product"}],"replies":[{"embeddable":true,"href":"https:\/\/racom.com.pl\/index.php\/wp-json\/wp\/v2\/comments?post=2746"}],"wp:featuredmedia":[{"embeddable":true,"href":"https:\/\/racom.com.pl\/index.php\/wp-json\/wp\/v2\/media\/2748"}],"wp:attachment":[{"href":"https:\/\/racom.com.pl\/index.php\/wp-json\/wp\/v2\/media?parent=2746"}],"wp:term":[{"taxonomy":"product_brand","embeddable":true,"href":"https:\/\/racom.com.pl\/index.php\/wp-json\/wp\/v2\/product_brand?post=2746"},{"taxonomy":"product_cat","embeddable":true,"href":"https:\/\/racom.com.pl\/index.php\/wp-json\/wp\/v2\/product_cat?post=2746"},{"taxonomy":"product_tag","embeddable":true,"href":"https:\/\/racom.com.pl\/index.php\/wp-json\/wp\/v2\/product_tag?post=2746"}],"curies":[{"name":"wp","href":"https:\/\/api.w.org\/{rel}","templated":true}]}}