{"id":2749,"date":"2025-07-19T15:35:54","date_gmt":"2025-07-19T13:35:54","guid":{"rendered":"http:\/\/192.168.2.106\/index.php\/produkt\/retartu-tartufo-estivo-puder-truflowy-30g\/"},"modified":"2025-07-19T15:35:54","modified_gmt":"2025-07-19T13:35:54","slug":"retartu-tartufo-estivo-puder-truflowy-30g","status":"publish","type":"product","link":"https:\/\/racom.com.pl\/index.php\/produkt\/retartu-tartufo-estivo-puder-truflowy-30g\/","title":{"rendered":"Retartu Tartufo Estivo Puder Truflowy 30g"},"content":{"rendered":"<h2>Retartu Puder Truflowy 30g<\/h2>\n<p><b>`Spolverata al Tartufo `<\/b> &#8211; doskona\u0142y, a zarazem bardzo uniwersalny produkt ze sproszkowanych grzyb\u00f3w i czarnej trufli letniej, dzi\u0119ki kt\u00f3remu w prosty spos\u00f3b urozmaicisz ka\u017cd\u0105 potraw\u0119. Sk\u0142ad: sproszkowane grzyby (Agaricus Bisporus), suszona trufla letnia (Tuber Aestivum Vitt.) 5%, s\u00f3l, skrobia ziemniaczana, aromat.<\/p>\n<p>Produkt pochodzi od renomowanego producenta z Umbrii &#8211; Giuliano Tartufi, kt\u00f3ryrekomenduje u\u017cycie pudru do niezliczonej ilo\u015bci potraw, ogranicza nas tylko fantazja &#8211; pocz\u0105wszy od omlet\u00f3w, jajecznik, jajek na mi\u0119kko czy na twardo, sa\u0142atek, pasztet\u00f3w, wypiek\u00f3w, grzanek, pizzy, posypywania \u015bwie\u017cych czy te\u017c grillowanych warzyw, mi\u0119s, w\u0119dlin, dojrzewaj\u0105cych ser\u00f3w itp, itd.<\/p>\n<p>Produkt nie zawiera glutenu, jaj, siarczan\u00f3w, produkt\u00f3w z selera, ryb czy orzech\u00f3w.<\/p>\n<p><b>Produkt ten otrzyma\u0142 wiele nagr\u00f3d i wyr\u00f3\u017cnie\u0144 zar\u00f3wno we W\u0142oszech i poza ich granicami:<\/b><\/p>\n<p>Nagroda za najbardziej innowacyjny produkt roku (GULFOOD INNOVATION) otrzymana na&nbsp; targach GULFOOD (DUBAJ &#8211; ZEA)&nbsp; luty 2019<\/p>\n<p>Nagroda za innowacyjno\u015b\u0107 otrzymana na&nbsp; targach CIBUS CONNECT&nbsp; w Parmie &#8211; maj 2019<\/p>\n<p>Nagroda Produktu Roku na&nbsp; targach FOOD VABKEURS SPECIALITEITEN&nbsp; w Holandii &#8211; wrzesie\u0144 2019 r.<\/p>\n<p>\u200bBardzo prosty w u\u017cyciu i bardzo smaczny na podniebieniu, jednym dotkni\u0119ciem pozwala nada\u0107 niepowtarzalny charakter ka\u017cdemu przepisowi.<\/p>\n","protected":false},"excerpt":{"rendered":"<p>Retartu Puder Truflowy 30g `Spolverata al Tartufo ` &#8211; doskona\u0142y, a zarazem bardzo uniwersalny produkt ze sproszkowanych grzyb\u00f3w i czarnej trufli letniej, dzi\u0119ki kt\u00f3remu w prosty spos\u00f3b urozmaicisz ka\u017cd\u0105 potraw\u0119. Sk\u0142ad: sproszkowane grzyby (Agaricus Bisporus), suszona trufla letnia (Tuber Aestivum Vitt.) 5%, s\u00f3l, skrobia ziemniaczana, aromat. Produkt pochodzi od renomowanego producenta z Umbrii &#8211; Giuliano [&hellip;]<\/p>\n","protected":false},"featured_media":2751,"comment_status":"open","ping_status":"closed","template":"","meta":[],"product_brand":[193],"product_cat":[132],"product_tag":[],"class_list":{"0":"post-2749","1":"product","2":"type-product","3":"status-publish","4":"has-post-thumbnail","6":"product_brand-giuliano-tartufi","7":"product_cat-kuchnie-swiata","9":"first","10":"instock","11":"taxable","12":"shipping-taxable","13":"purchasable","14":"product-type-simple"},"yoast_head":"<!-- This site is optimized with the Yoast SEO plugin v27.3 - https:\/\/yoast.com\/product\/yoast-seo-wordpress\/ -->\n<title>Retartu Tartufo Estivo Puder Truflowy 30g - Mix Market - Supermarket z wszystkim co potrzeba<\/title>\n<meta name=\"robots\" content=\"index, follow, max-snippet:-1, max-image-preview:large, max-video-preview:-1\" \/>\n<link rel=\"canonical\" href=\"https:\/\/racom.com.pl\/index.php\/produkt\/retartu-tartufo-estivo-puder-truflowy-30g\/\" \/>\n<meta property=\"og:locale\" content=\"pl_PL\" \/>\n<meta property=\"og:type\" content=\"article\" \/>\n<meta property=\"og:title\" content=\"Retartu Tartufo Estivo Puder Truflowy 30g - Mix Market - Supermarket z wszystkim co potrzeba\" \/>\n<meta property=\"og:description\" content=\"Retartu Puder Truflowy 30g `Spolverata al Tartufo ` &#8211; doskona\u0142y, a zarazem bardzo uniwersalny produkt ze sproszkowanych grzyb\u00f3w i czarnej trufli letniej, dzi\u0119ki kt\u00f3remu w prosty spos\u00f3b urozmaicisz ka\u017cd\u0105 potraw\u0119. Sk\u0142ad: sproszkowane grzyby (Agaricus Bisporus), suszona trufla letnia (Tuber Aestivum Vitt.) 5%, s\u00f3l, skrobia ziemniaczana, aromat. Produkt pochodzi od renomowanego producenta z Umbrii &#8211; Giuliano [&hellip;]\" \/>\n<meta property=\"og:url\" content=\"https:\/\/racom.com.pl\/index.php\/produkt\/retartu-tartufo-estivo-puder-truflowy-30g\/\" \/>\n<meta property=\"og:site_name\" content=\"Mix Market - Supermarket z wszystkim co potrzeba\" \/>\n<meta property=\"og:image\" content=\"https:\/\/racom.com.pl\/wp-content\/uploads\/2025\/07\/allegro_687b9f73392977.61035105_4c133d644dba8d0250f187bdc821.jpg\" \/>\n\t<meta property=\"og:image:width\" content=\"2560\" \/>\n\t<meta property=\"og:image:height\" content=\"2560\" \/>\n\t<meta property=\"og:image:type\" content=\"image\/jpeg\" \/>\n<meta name=\"twitter:card\" content=\"summary_large_image\" \/>\n<meta name=\"twitter:label1\" content=\"Szacowany czas czytania\" \/>\n\t<meta name=\"twitter:data1\" content=\"1 minuta\" \/>\n<script type=\"application\/ld+json\" class=\"yoast-schema-graph\">{\"@context\":\"https:\\\/\\\/schema.org\",\"@graph\":[{\"@type\":\"WebPage\",\"@id\":\"https:\\\/\\\/racom.com.pl\\\/index.php\\\/produkt\\\/retartu-tartufo-estivo-puder-truflowy-30g\\\/\",\"url\":\"https:\\\/\\\/racom.com.pl\\\/index.php\\\/produkt\\\/retartu-tartufo-estivo-puder-truflowy-30g\\\/\",\"name\":\"Retartu Tartufo Estivo Puder Truflowy 30g - Mix Market - Supermarket z wszystkim co potrzeba\",\"isPartOf\":{\"@id\":\"https:\\\/\\\/racom.com.pl\\\/#website\"},\"primaryImageOfPage\":{\"@id\":\"https:\\\/\\\/racom.com.pl\\\/index.php\\\/produkt\\\/retartu-tartufo-estivo-puder-truflowy-30g\\\/#primaryimage\"},\"image\":{\"@id\":\"https:\\\/\\\/racom.com.pl\\\/index.php\\\/produkt\\\/retartu-tartufo-estivo-puder-truflowy-30g\\\/#primaryimage\"},\"thumbnailUrl\":\"https:\\\/\\\/racom.com.pl\\\/wp-content\\\/uploads\\\/2025\\\/07\\\/allegro_687b9f73392977.61035105_4c133d644dba8d0250f187bdc821.jpg\",\"datePublished\":\"2025-07-19T13:35:54+00:00\",\"breadcrumb\":{\"@id\":\"https:\\\/\\\/racom.com.pl\\\/index.php\\\/produkt\\\/retartu-tartufo-estivo-puder-truflowy-30g\\\/#breadcrumb\"},\"inLanguage\":\"pl-PL\",\"potentialAction\":[{\"@type\":\"ReadAction\",\"target\":[\"https:\\\/\\\/racom.com.pl\\\/index.php\\\/produkt\\\/retartu-tartufo-estivo-puder-truflowy-30g\\\/\"]}]},{\"@type\":\"ImageObject\",\"inLanguage\":\"pl-PL\",\"@id\":\"https:\\\/\\\/racom.com.pl\\\/index.php\\\/produkt\\\/retartu-tartufo-estivo-puder-truflowy-30g\\\/#primaryimage\",\"url\":\"https:\\\/\\\/racom.com.pl\\\/wp-content\\\/uploads\\\/2025\\\/07\\\/allegro_687b9f73392977.61035105_4c133d644dba8d0250f187bdc821.jpg\",\"contentUrl\":\"https:\\\/\\\/racom.com.pl\\\/wp-content\\\/uploads\\\/2025\\\/07\\\/allegro_687b9f73392977.61035105_4c133d644dba8d0250f187bdc821.jpg\",\"width\":2560,\"height\":2560},{\"@type\":\"BreadcrumbList\",\"@id\":\"https:\\\/\\\/racom.com.pl\\\/index.php\\\/produkt\\\/retartu-tartufo-estivo-puder-truflowy-30g\\\/#breadcrumb\",\"itemListElement\":[{\"@type\":\"ListItem\",\"position\":1,\"name\":\"Strona g\u0142\u00f3wna\",\"item\":\"https:\\\/\\\/racom.com.pl\\\/\"},{\"@type\":\"ListItem\",\"position\":2,\"name\":\"Sklep\",\"item\":\"https:\\\/\\\/racom.com.pl\\\/\"},{\"@type\":\"ListItem\",\"position\":3,\"name\":\"Retartu Tartufo Estivo Puder Truflowy 30g\"}]},{\"@type\":\"WebSite\",\"@id\":\"https:\\\/\\\/racom.com.pl\\\/#website\",\"url\":\"https:\\\/\\\/racom.com.pl\\\/\",\"name\":\"Mix Market - Supermarket z wszystkim co potrzeba do domu i nie tylko\",\"description\":\"\",\"publisher\":{\"@id\":\"https:\\\/\\\/racom.com.pl\\\/#organization\"},\"potentialAction\":[{\"@type\":\"SearchAction\",\"target\":{\"@type\":\"EntryPoint\",\"urlTemplate\":\"https:\\\/\\\/racom.com.pl\\\/?s={search_term_string}\"},\"query-input\":{\"@type\":\"PropertyValueSpecification\",\"valueRequired\":true,\"valueName\":\"search_term_string\"}}],\"inLanguage\":\"pl-PL\"},{\"@type\":\"Organization\",\"@id\":\"https:\\\/\\\/racom.com.pl\\\/#organization\",\"name\":\"Mix Market - Supermarket z wszystkim co potrzeba do domu i nie tylko\",\"url\":\"https:\\\/\\\/racom.com.pl\\\/\",\"logo\":{\"@type\":\"ImageObject\",\"inLanguage\":\"pl-PL\",\"@id\":\"https:\\\/\\\/racom.com.pl\\\/#\\\/schema\\\/logo\\\/image\\\/\",\"url\":\"https:\\\/\\\/racom.com.pl\\\/wp-content\\\/uploads\\\/2025\\\/07\\\/mixmarket_logo.png\",\"contentUrl\":\"https:\\\/\\\/racom.com.pl\\\/wp-content\\\/uploads\\\/2025\\\/07\\\/mixmarket_logo.png\",\"width\":1024,\"height\":1024,\"caption\":\"Mix Market - Supermarket z wszystkim co potrzeba do domu i nie tylko\"},\"image\":{\"@id\":\"https:\\\/\\\/racom.com.pl\\\/#\\\/schema\\\/logo\\\/image\\\/\"}}]}<\/script>\n<!-- \/ Yoast SEO plugin. -->","yoast_head_json":{"title":"Retartu Tartufo Estivo Puder Truflowy 30g - Mix Market - Supermarket z wszystkim co potrzeba","robots":{"index":"index","follow":"follow","max-snippet":"max-snippet:-1","max-image-preview":"max-image-preview:large","max-video-preview":"max-video-preview:-1"},"canonical":"https:\/\/racom.com.pl\/index.php\/produkt\/retartu-tartufo-estivo-puder-truflowy-30g\/","og_locale":"pl_PL","og_type":"article","og_title":"Retartu Tartufo Estivo Puder Truflowy 30g - Mix Market - Supermarket z wszystkim co potrzeba","og_description":"Retartu Puder Truflowy 30g `Spolverata al Tartufo ` &#8211; doskona\u0142y, a zarazem bardzo uniwersalny produkt ze sproszkowanych grzyb\u00f3w i czarnej trufli letniej, dzi\u0119ki kt\u00f3remu w prosty spos\u00f3b urozmaicisz ka\u017cd\u0105 potraw\u0119. Sk\u0142ad: sproszkowane grzyby (Agaricus Bisporus), suszona trufla letnia (Tuber Aestivum Vitt.) 5%, s\u00f3l, skrobia ziemniaczana, aromat. Produkt pochodzi od renomowanego producenta z Umbrii &#8211; Giuliano [&hellip;]","og_url":"https:\/\/racom.com.pl\/index.php\/produkt\/retartu-tartufo-estivo-puder-truflowy-30g\/","og_site_name":"Mix Market - Supermarket z wszystkim co potrzeba","og_image":[{"width":2560,"height":2560,"url":"https:\/\/racom.com.pl\/wp-content\/uploads\/2025\/07\/allegro_687b9f73392977.61035105_4c133d644dba8d0250f187bdc821.jpg","type":"image\/jpeg"}],"twitter_card":"summary_large_image","twitter_misc":{"Szacowany czas czytania":"1 minuta"},"schema":{"@context":"https:\/\/schema.org","@graph":[{"@type":"WebPage","@id":"https:\/\/racom.com.pl\/index.php\/produkt\/retartu-tartufo-estivo-puder-truflowy-30g\/","url":"https:\/\/racom.com.pl\/index.php\/produkt\/retartu-tartufo-estivo-puder-truflowy-30g\/","name":"Retartu Tartufo Estivo Puder Truflowy 30g - Mix Market - Supermarket z wszystkim co potrzeba","isPartOf":{"@id":"https:\/\/racom.com.pl\/#website"},"primaryImageOfPage":{"@id":"https:\/\/racom.com.pl\/index.php\/produkt\/retartu-tartufo-estivo-puder-truflowy-30g\/#primaryimage"},"image":{"@id":"https:\/\/racom.com.pl\/index.php\/produkt\/retartu-tartufo-estivo-puder-truflowy-30g\/#primaryimage"},"thumbnailUrl":"https:\/\/racom.com.pl\/wp-content\/uploads\/2025\/07\/allegro_687b9f73392977.61035105_4c133d644dba8d0250f187bdc821.jpg","datePublished":"2025-07-19T13:35:54+00:00","breadcrumb":{"@id":"https:\/\/racom.com.pl\/index.php\/produkt\/retartu-tartufo-estivo-puder-truflowy-30g\/#breadcrumb"},"inLanguage":"pl-PL","potentialAction":[{"@type":"ReadAction","target":["https:\/\/racom.com.pl\/index.php\/produkt\/retartu-tartufo-estivo-puder-truflowy-30g\/"]}]},{"@type":"ImageObject","inLanguage":"pl-PL","@id":"https:\/\/racom.com.pl\/index.php\/produkt\/retartu-tartufo-estivo-puder-truflowy-30g\/#primaryimage","url":"https:\/\/racom.com.pl\/wp-content\/uploads\/2025\/07\/allegro_687b9f73392977.61035105_4c133d644dba8d0250f187bdc821.jpg","contentUrl":"https:\/\/racom.com.pl\/wp-content\/uploads\/2025\/07\/allegro_687b9f73392977.61035105_4c133d644dba8d0250f187bdc821.jpg","width":2560,"height":2560},{"@type":"BreadcrumbList","@id":"https:\/\/racom.com.pl\/index.php\/produkt\/retartu-tartufo-estivo-puder-truflowy-30g\/#breadcrumb","itemListElement":[{"@type":"ListItem","position":1,"name":"Strona g\u0142\u00f3wna","item":"https:\/\/racom.com.pl\/"},{"@type":"ListItem","position":2,"name":"Sklep","item":"https:\/\/racom.com.pl\/"},{"@type":"ListItem","position":3,"name":"Retartu Tartufo Estivo Puder Truflowy 30g"}]},{"@type":"WebSite","@id":"https:\/\/racom.com.pl\/#website","url":"https:\/\/racom.com.pl\/","name":"Mix Market - Supermarket z wszystkim co potrzeba do domu i nie tylko","description":"","publisher":{"@id":"https:\/\/racom.com.pl\/#organization"},"potentialAction":[{"@type":"SearchAction","target":{"@type":"EntryPoint","urlTemplate":"https:\/\/racom.com.pl\/?s={search_term_string}"},"query-input":{"@type":"PropertyValueSpecification","valueRequired":true,"valueName":"search_term_string"}}],"inLanguage":"pl-PL"},{"@type":"Organization","@id":"https:\/\/racom.com.pl\/#organization","name":"Mix Market - Supermarket z wszystkim co potrzeba do domu i nie tylko","url":"https:\/\/racom.com.pl\/","logo":{"@type":"ImageObject","inLanguage":"pl-PL","@id":"https:\/\/racom.com.pl\/#\/schema\/logo\/image\/","url":"https:\/\/racom.com.pl\/wp-content\/uploads\/2025\/07\/mixmarket_logo.png","contentUrl":"https:\/\/racom.com.pl\/wp-content\/uploads\/2025\/07\/mixmarket_logo.png","width":1024,"height":1024,"caption":"Mix Market - Supermarket z wszystkim co potrzeba do domu i nie tylko"},"image":{"@id":"https:\/\/racom.com.pl\/#\/schema\/logo\/image\/"}}]}},"_links":{"self":[{"href":"https:\/\/racom.com.pl\/index.php\/wp-json\/wp\/v2\/product\/2749","targetHints":{"allow":["GET"]}}],"collection":[{"href":"https:\/\/racom.com.pl\/index.php\/wp-json\/wp\/v2\/product"}],"about":[{"href":"https:\/\/racom.com.pl\/index.php\/wp-json\/wp\/v2\/types\/product"}],"replies":[{"embeddable":true,"href":"https:\/\/racom.com.pl\/index.php\/wp-json\/wp\/v2\/comments?post=2749"}],"wp:featuredmedia":[{"embeddable":true,"href":"https:\/\/racom.com.pl\/index.php\/wp-json\/wp\/v2\/media\/2751"}],"wp:attachment":[{"href":"https:\/\/racom.com.pl\/index.php\/wp-json\/wp\/v2\/media?parent=2749"}],"wp:term":[{"taxonomy":"product_brand","embeddable":true,"href":"https:\/\/racom.com.pl\/index.php\/wp-json\/wp\/v2\/product_brand?post=2749"},{"taxonomy":"product_cat","embeddable":true,"href":"https:\/\/racom.com.pl\/index.php\/wp-json\/wp\/v2\/product_cat?post=2749"},{"taxonomy":"product_tag","embeddable":true,"href":"https:\/\/racom.com.pl\/index.php\/wp-json\/wp\/v2\/product_tag?post=2749"}],"curies":[{"name":"wp","href":"https:\/\/api.w.org\/{rel}","templated":true}]}}