{"id":2756,"date":"2025-07-19T15:38:33","date_gmt":"2025-07-19T13:38:33","guid":{"rendered":"http:\/\/192.168.2.106\/index.php\/produkt\/prymat-gastroline-przyprawa-do-kurczaka-z-rozna-3800g-3-8kg\/"},"modified":"2025-07-19T15:38:33","modified_gmt":"2025-07-19T13:38:33","slug":"prymat-gastroline-przyprawa-do-kurczaka-z-rozna-3800g-3-8kg","status":"publish","type":"product","link":"https:\/\/racom.com.pl\/index.php\/produkt\/prymat-gastroline-przyprawa-do-kurczaka-z-rozna-3800g-3-8kg\/","title":{"rendered":"Prymat GastroLine Przyprawa do KURCZAKA Z RO\u017bNA 3800g 3.8kg"},"content":{"rendered":"<h2>Prymat GastroLine Przyp. do kurczaka z ro\u017cna 3800g 3.8kg<\/h2>\n<p>Przyprawa do kurczaka jest doskona\u0142a do da\u0144 gotowanych, sma\u017conych i pieczonych. Mo\u017cna ni\u0105 naciera\u0107 kawa\u0142ki mi\u0119sa lub na jej bazie stworzy\u0107 marynat\u0119. Idealnie nadaje si\u0119 do wszystkich rodzaj\u00f3w mi\u0119sa drobiowego: kurczaka, indyka, kaczki, g\u0119si.<\/p>\n<p><b>Sk\u0142adniki:<\/b><\/p>\n<p>S\u00f3l, papryka s\u0142odka, wzmacniacz smaku: glutaminian monosodowy; papryka ostra, czosnek, nasiona kolendry, kurkuma, cebula, imbir, kozieradka, kmin rzymski, chili, cynamon, go\u017adziki, ga\u0142ka muszkato\u0142owa.<\/p>\n<p><b>Profil alergenny:<\/b><\/p>\n<p>Produkt mo\u017ce zawiera\u0107: zbo\u017ca zawieraj\u0105ce gluten, jaja, mleko (\u0142\u0105cznie z laktoz\u0105), soj\u0119, gorczyc\u0119, seler, orzeszki ziemne i sezam.<\/p>\n<p><b>Zastosowanie:<\/b><\/p>\n<p>Do potraw z drobiu z ro\u017cna.<\/p>\n<p><b>Warto\u015bci od\u017cywcze:<\/b><\/p>\n<p>Warto\u015b\u0107 od\u017cywcza w 100 g produktu: Warto\u015b\u0107 energetyczna 613 kJ \/ 147 kcal; T\u0142uszcz 3,6 g, w tym kwasy t\u0142uszczowe nasycone 0,7 g; W\u0119glowodany 15 g, w tym cukry 3,7 g; Bia\u0142ko 8,5 g; S\u00f3l 56,5 g.<\/p>\n","protected":false},"excerpt":{"rendered":"<p>Prymat GastroLine Przyp. do kurczaka z ro\u017cna 3800g 3.8kg Przyprawa do kurczaka jest doskona\u0142a do da\u0144 gotowanych, sma\u017conych i pieczonych. Mo\u017cna ni\u0105 naciera\u0107 kawa\u0142ki mi\u0119sa lub na jej bazie stworzy\u0107 marynat\u0119. Idealnie nadaje si\u0119 do wszystkich rodzaj\u00f3w mi\u0119sa drobiowego: kurczaka, indyka, kaczki, g\u0119si. Sk\u0142adniki: S\u00f3l, papryka s\u0142odka, wzmacniacz smaku: glutaminian monosodowy; papryka ostra, czosnek, nasiona [&hellip;]<\/p>\n","protected":false},"featured_media":2759,"comment_status":"open","ping_status":"closed","template":"","meta":[],"product_brand":[163],"product_cat":[125],"product_tag":[],"class_list":{"0":"post-2756","1":"product","2":"type-product","3":"status-publish","4":"has-post-thumbnail","6":"product_brand-prymat","7":"product_cat-przyprawy-i-ziola","9":"first","10":"instock","11":"taxable","12":"shipping-taxable","13":"purchasable","14":"product-type-simple"},"yoast_head":"<!-- This site is optimized with the Yoast SEO plugin v27.3 - https:\/\/yoast.com\/product\/yoast-seo-wordpress\/ -->\n<title>Prymat GastroLine Przyprawa do KURCZAKA Z RO\u017bNA 3800g 3.8kg - Mix Market - Supermarket z wszystkim co potrzeba<\/title>\n<meta name=\"robots\" content=\"index, follow, max-snippet:-1, max-image-preview:large, max-video-preview:-1\" \/>\n<link rel=\"canonical\" href=\"https:\/\/racom.com.pl\/index.php\/produkt\/prymat-gastroline-przyprawa-do-kurczaka-z-rozna-3800g-3-8kg\/\" \/>\n<meta property=\"og:locale\" content=\"pl_PL\" \/>\n<meta property=\"og:type\" content=\"article\" \/>\n<meta property=\"og:title\" content=\"Prymat GastroLine Przyprawa do KURCZAKA Z RO\u017bNA 3800g 3.8kg - Mix Market - Supermarket z wszystkim co potrzeba\" \/>\n<meta property=\"og:description\" content=\"Prymat GastroLine Przyp. do kurczaka z ro\u017cna 3800g 3.8kg Przyprawa do kurczaka jest doskona\u0142a do da\u0144 gotowanych, sma\u017conych i pieczonych. Mo\u017cna ni\u0105 naciera\u0107 kawa\u0142ki mi\u0119sa lub na jej bazie stworzy\u0107 marynat\u0119. Idealnie nadaje si\u0119 do wszystkich rodzaj\u00f3w mi\u0119sa drobiowego: kurczaka, indyka, kaczki, g\u0119si. Sk\u0142adniki: S\u00f3l, papryka s\u0142odka, wzmacniacz smaku: glutaminian monosodowy; papryka ostra, czosnek, nasiona [&hellip;]\" \/>\n<meta property=\"og:url\" content=\"https:\/\/racom.com.pl\/index.php\/produkt\/prymat-gastroline-przyprawa-do-kurczaka-z-rozna-3800g-3-8kg\/\" \/>\n<meta property=\"og:site_name\" content=\"Mix Market - Supermarket z wszystkim co potrzeba\" \/>\n<meta property=\"og:image\" content=\"https:\/\/racom.com.pl\/wp-content\/uploads\/2025\/07\/allegro_687b9ff4f3c515.82787271_82c3962b404da03faca1cd693d29.jpg\" \/>\n\t<meta property=\"og:image:width\" content=\"467\" \/>\n\t<meta property=\"og:image:height\" content=\"500\" \/>\n\t<meta property=\"og:image:type\" content=\"image\/jpeg\" \/>\n<meta name=\"twitter:card\" content=\"summary_large_image\" \/>\n<meta name=\"twitter:label1\" content=\"Szacowany czas czytania\" \/>\n\t<meta name=\"twitter:data1\" content=\"1 minuta\" \/>\n<script type=\"application\/ld+json\" class=\"yoast-schema-graph\">{\"@context\":\"https:\\\/\\\/schema.org\",\"@graph\":[{\"@type\":\"WebPage\",\"@id\":\"https:\\\/\\\/racom.com.pl\\\/index.php\\\/produkt\\\/prymat-gastroline-przyprawa-do-kurczaka-z-rozna-3800g-3-8kg\\\/\",\"url\":\"https:\\\/\\\/racom.com.pl\\\/index.php\\\/produkt\\\/prymat-gastroline-przyprawa-do-kurczaka-z-rozna-3800g-3-8kg\\\/\",\"name\":\"Prymat GastroLine Przyprawa do KURCZAKA Z RO\u017bNA 3800g 3.8kg - Mix Market - Supermarket z wszystkim co potrzeba\",\"isPartOf\":{\"@id\":\"https:\\\/\\\/racom.com.pl\\\/#website\"},\"primaryImageOfPage\":{\"@id\":\"https:\\\/\\\/racom.com.pl\\\/index.php\\\/produkt\\\/prymat-gastroline-przyprawa-do-kurczaka-z-rozna-3800g-3-8kg\\\/#primaryimage\"},\"image\":{\"@id\":\"https:\\\/\\\/racom.com.pl\\\/index.php\\\/produkt\\\/prymat-gastroline-przyprawa-do-kurczaka-z-rozna-3800g-3-8kg\\\/#primaryimage\"},\"thumbnailUrl\":\"https:\\\/\\\/racom.com.pl\\\/wp-content\\\/uploads\\\/2025\\\/07\\\/allegro_687b9ff4f3c515.82787271_82c3962b404da03faca1cd693d29.jpg\",\"datePublished\":\"2025-07-19T13:38:33+00:00\",\"breadcrumb\":{\"@id\":\"https:\\\/\\\/racom.com.pl\\\/index.php\\\/produkt\\\/prymat-gastroline-przyprawa-do-kurczaka-z-rozna-3800g-3-8kg\\\/#breadcrumb\"},\"inLanguage\":\"pl-PL\",\"potentialAction\":[{\"@type\":\"ReadAction\",\"target\":[\"https:\\\/\\\/racom.com.pl\\\/index.php\\\/produkt\\\/prymat-gastroline-przyprawa-do-kurczaka-z-rozna-3800g-3-8kg\\\/\"]}]},{\"@type\":\"ImageObject\",\"inLanguage\":\"pl-PL\",\"@id\":\"https:\\\/\\\/racom.com.pl\\\/index.php\\\/produkt\\\/prymat-gastroline-przyprawa-do-kurczaka-z-rozna-3800g-3-8kg\\\/#primaryimage\",\"url\":\"https:\\\/\\\/racom.com.pl\\\/wp-content\\\/uploads\\\/2025\\\/07\\\/allegro_687b9ff4f3c515.82787271_82c3962b404da03faca1cd693d29.jpg\",\"contentUrl\":\"https:\\\/\\\/racom.com.pl\\\/wp-content\\\/uploads\\\/2025\\\/07\\\/allegro_687b9ff4f3c515.82787271_82c3962b404da03faca1cd693d29.jpg\",\"width\":467,\"height\":500},{\"@type\":\"BreadcrumbList\",\"@id\":\"https:\\\/\\\/racom.com.pl\\\/index.php\\\/produkt\\\/prymat-gastroline-przyprawa-do-kurczaka-z-rozna-3800g-3-8kg\\\/#breadcrumb\",\"itemListElement\":[{\"@type\":\"ListItem\",\"position\":1,\"name\":\"Strona g\u0142\u00f3wna\",\"item\":\"https:\\\/\\\/racom.com.pl\\\/\"},{\"@type\":\"ListItem\",\"position\":2,\"name\":\"Sklep\",\"item\":\"https:\\\/\\\/racom.com.pl\\\/\"},{\"@type\":\"ListItem\",\"position\":3,\"name\":\"Prymat GastroLine Przyprawa do KURCZAKA Z RO\u017bNA 3800g 3.8kg\"}]},{\"@type\":\"WebSite\",\"@id\":\"https:\\\/\\\/racom.com.pl\\\/#website\",\"url\":\"https:\\\/\\\/racom.com.pl\\\/\",\"name\":\"Mix Market - Supermarket z wszystkim co potrzeba do domu i nie tylko\",\"description\":\"\",\"publisher\":{\"@id\":\"https:\\\/\\\/racom.com.pl\\\/#organization\"},\"potentialAction\":[{\"@type\":\"SearchAction\",\"target\":{\"@type\":\"EntryPoint\",\"urlTemplate\":\"https:\\\/\\\/racom.com.pl\\\/?s={search_term_string}\"},\"query-input\":{\"@type\":\"PropertyValueSpecification\",\"valueRequired\":true,\"valueName\":\"search_term_string\"}}],\"inLanguage\":\"pl-PL\"},{\"@type\":\"Organization\",\"@id\":\"https:\\\/\\\/racom.com.pl\\\/#organization\",\"name\":\"Mix Market - Supermarket z wszystkim co potrzeba do domu i nie tylko\",\"url\":\"https:\\\/\\\/racom.com.pl\\\/\",\"logo\":{\"@type\":\"ImageObject\",\"inLanguage\":\"pl-PL\",\"@id\":\"https:\\\/\\\/racom.com.pl\\\/#\\\/schema\\\/logo\\\/image\\\/\",\"url\":\"https:\\\/\\\/racom.com.pl\\\/wp-content\\\/uploads\\\/2025\\\/07\\\/mixmarket_logo.png\",\"contentUrl\":\"https:\\\/\\\/racom.com.pl\\\/wp-content\\\/uploads\\\/2025\\\/07\\\/mixmarket_logo.png\",\"width\":1024,\"height\":1024,\"caption\":\"Mix Market - Supermarket z wszystkim co potrzeba do domu i nie tylko\"},\"image\":{\"@id\":\"https:\\\/\\\/racom.com.pl\\\/#\\\/schema\\\/logo\\\/image\\\/\"}}]}<\/script>\n<!-- \/ Yoast SEO plugin. -->","yoast_head_json":{"title":"Prymat GastroLine Przyprawa do KURCZAKA Z RO\u017bNA 3800g 3.8kg - Mix Market - Supermarket z wszystkim co potrzeba","robots":{"index":"index","follow":"follow","max-snippet":"max-snippet:-1","max-image-preview":"max-image-preview:large","max-video-preview":"max-video-preview:-1"},"canonical":"https:\/\/racom.com.pl\/index.php\/produkt\/prymat-gastroline-przyprawa-do-kurczaka-z-rozna-3800g-3-8kg\/","og_locale":"pl_PL","og_type":"article","og_title":"Prymat GastroLine Przyprawa do KURCZAKA Z RO\u017bNA 3800g 3.8kg - Mix Market - Supermarket z wszystkim co potrzeba","og_description":"Prymat GastroLine Przyp. do kurczaka z ro\u017cna 3800g 3.8kg Przyprawa do kurczaka jest doskona\u0142a do da\u0144 gotowanych, sma\u017conych i pieczonych. Mo\u017cna ni\u0105 naciera\u0107 kawa\u0142ki mi\u0119sa lub na jej bazie stworzy\u0107 marynat\u0119. Idealnie nadaje si\u0119 do wszystkich rodzaj\u00f3w mi\u0119sa drobiowego: kurczaka, indyka, kaczki, g\u0119si. Sk\u0142adniki: S\u00f3l, papryka s\u0142odka, wzmacniacz smaku: glutaminian monosodowy; papryka ostra, czosnek, nasiona [&hellip;]","og_url":"https:\/\/racom.com.pl\/index.php\/produkt\/prymat-gastroline-przyprawa-do-kurczaka-z-rozna-3800g-3-8kg\/","og_site_name":"Mix Market - Supermarket z wszystkim co potrzeba","og_image":[{"width":467,"height":500,"url":"https:\/\/racom.com.pl\/wp-content\/uploads\/2025\/07\/allegro_687b9ff4f3c515.82787271_82c3962b404da03faca1cd693d29.jpg","type":"image\/jpeg"}],"twitter_card":"summary_large_image","twitter_misc":{"Szacowany czas czytania":"1 minuta"},"schema":{"@context":"https:\/\/schema.org","@graph":[{"@type":"WebPage","@id":"https:\/\/racom.com.pl\/index.php\/produkt\/prymat-gastroline-przyprawa-do-kurczaka-z-rozna-3800g-3-8kg\/","url":"https:\/\/racom.com.pl\/index.php\/produkt\/prymat-gastroline-przyprawa-do-kurczaka-z-rozna-3800g-3-8kg\/","name":"Prymat GastroLine Przyprawa do KURCZAKA Z RO\u017bNA 3800g 3.8kg - Mix Market - Supermarket z wszystkim co potrzeba","isPartOf":{"@id":"https:\/\/racom.com.pl\/#website"},"primaryImageOfPage":{"@id":"https:\/\/racom.com.pl\/index.php\/produkt\/prymat-gastroline-przyprawa-do-kurczaka-z-rozna-3800g-3-8kg\/#primaryimage"},"image":{"@id":"https:\/\/racom.com.pl\/index.php\/produkt\/prymat-gastroline-przyprawa-do-kurczaka-z-rozna-3800g-3-8kg\/#primaryimage"},"thumbnailUrl":"https:\/\/racom.com.pl\/wp-content\/uploads\/2025\/07\/allegro_687b9ff4f3c515.82787271_82c3962b404da03faca1cd693d29.jpg","datePublished":"2025-07-19T13:38:33+00:00","breadcrumb":{"@id":"https:\/\/racom.com.pl\/index.php\/produkt\/prymat-gastroline-przyprawa-do-kurczaka-z-rozna-3800g-3-8kg\/#breadcrumb"},"inLanguage":"pl-PL","potentialAction":[{"@type":"ReadAction","target":["https:\/\/racom.com.pl\/index.php\/produkt\/prymat-gastroline-przyprawa-do-kurczaka-z-rozna-3800g-3-8kg\/"]}]},{"@type":"ImageObject","inLanguage":"pl-PL","@id":"https:\/\/racom.com.pl\/index.php\/produkt\/prymat-gastroline-przyprawa-do-kurczaka-z-rozna-3800g-3-8kg\/#primaryimage","url":"https:\/\/racom.com.pl\/wp-content\/uploads\/2025\/07\/allegro_687b9ff4f3c515.82787271_82c3962b404da03faca1cd693d29.jpg","contentUrl":"https:\/\/racom.com.pl\/wp-content\/uploads\/2025\/07\/allegro_687b9ff4f3c515.82787271_82c3962b404da03faca1cd693d29.jpg","width":467,"height":500},{"@type":"BreadcrumbList","@id":"https:\/\/racom.com.pl\/index.php\/produkt\/prymat-gastroline-przyprawa-do-kurczaka-z-rozna-3800g-3-8kg\/#breadcrumb","itemListElement":[{"@type":"ListItem","position":1,"name":"Strona g\u0142\u00f3wna","item":"https:\/\/racom.com.pl\/"},{"@type":"ListItem","position":2,"name":"Sklep","item":"https:\/\/racom.com.pl\/"},{"@type":"ListItem","position":3,"name":"Prymat GastroLine Przyprawa do KURCZAKA Z RO\u017bNA 3800g 3.8kg"}]},{"@type":"WebSite","@id":"https:\/\/racom.com.pl\/#website","url":"https:\/\/racom.com.pl\/","name":"Mix Market - Supermarket z wszystkim co potrzeba do domu i nie tylko","description":"","publisher":{"@id":"https:\/\/racom.com.pl\/#organization"},"potentialAction":[{"@type":"SearchAction","target":{"@type":"EntryPoint","urlTemplate":"https:\/\/racom.com.pl\/?s={search_term_string}"},"query-input":{"@type":"PropertyValueSpecification","valueRequired":true,"valueName":"search_term_string"}}],"inLanguage":"pl-PL"},{"@type":"Organization","@id":"https:\/\/racom.com.pl\/#organization","name":"Mix Market - Supermarket z wszystkim co potrzeba do domu i nie tylko","url":"https:\/\/racom.com.pl\/","logo":{"@type":"ImageObject","inLanguage":"pl-PL","@id":"https:\/\/racom.com.pl\/#\/schema\/logo\/image\/","url":"https:\/\/racom.com.pl\/wp-content\/uploads\/2025\/07\/mixmarket_logo.png","contentUrl":"https:\/\/racom.com.pl\/wp-content\/uploads\/2025\/07\/mixmarket_logo.png","width":1024,"height":1024,"caption":"Mix Market - Supermarket z wszystkim co potrzeba do domu i nie tylko"},"image":{"@id":"https:\/\/racom.com.pl\/#\/schema\/logo\/image\/"}}]}},"_links":{"self":[{"href":"https:\/\/racom.com.pl\/index.php\/wp-json\/wp\/v2\/product\/2756","targetHints":{"allow":["GET"]}}],"collection":[{"href":"https:\/\/racom.com.pl\/index.php\/wp-json\/wp\/v2\/product"}],"about":[{"href":"https:\/\/racom.com.pl\/index.php\/wp-json\/wp\/v2\/types\/product"}],"replies":[{"embeddable":true,"href":"https:\/\/racom.com.pl\/index.php\/wp-json\/wp\/v2\/comments?post=2756"}],"wp:featuredmedia":[{"embeddable":true,"href":"https:\/\/racom.com.pl\/index.php\/wp-json\/wp\/v2\/media\/2759"}],"wp:attachment":[{"href":"https:\/\/racom.com.pl\/index.php\/wp-json\/wp\/v2\/media?parent=2756"}],"wp:term":[{"taxonomy":"product_brand","embeddable":true,"href":"https:\/\/racom.com.pl\/index.php\/wp-json\/wp\/v2\/product_brand?post=2756"},{"taxonomy":"product_cat","embeddable":true,"href":"https:\/\/racom.com.pl\/index.php\/wp-json\/wp\/v2\/product_cat?post=2756"},{"taxonomy":"product_tag","embeddable":true,"href":"https:\/\/racom.com.pl\/index.php\/wp-json\/wp\/v2\/product_tag?post=2756"}],"curies":[{"name":"wp","href":"https:\/\/api.w.org\/{rel}","templated":true}]}}