{"id":2763,"date":"2025-07-19T15:40:38","date_gmt":"2025-07-19T13:40:38","guid":{"rendered":"http:\/\/192.168.2.106\/index.php\/produkt\/knorr-sos-pieczeniowy-baza-linia-1-2-3-wiaderko-3-kg\/"},"modified":"2025-07-19T15:40:38","modified_gmt":"2025-07-19T13:40:38","slug":"knorr-sos-pieczeniowy-baza-linia-1-2-3-wiaderko-3-kg","status":"publish","type":"product","link":"https:\/\/racom.com.pl\/index.php\/produkt\/knorr-sos-pieczeniowy-baza-linia-1-2-3-wiaderko-3-kg\/","title":{"rendered":"Knorr Sos pieczeniowy baza linia 1-2-3 wiaderko 3 kg"},"content":{"rendered":"<h2>Knorr &#8211; Sos Pieczeniowy 1-2-3 baza (wiadro) &#8211; 3kg<\/h2>\n<p><b>W\u0142a\u015bciwo\u015bci<\/b>: Idealny jako baza lub przyprawa, podkre\u015bla mi\u0119sny smak sos\u00f3w oraz nadaje im ciemnoz\u0142oty kolor. Ma rumiany kolor i dobr\u0105 konsystencj\u0119, zachowuje stabilno\u015b\u0107 w bemarze.<\/p>\n<p><b>Spos\u00f3b przygotowania<\/b>: zawarto\u015b\u0107 opakowania wsyp do 37 litr\u00f3w wrz\u0105cej wody, dok\u0142adnie wymieszaj, doprowad\u017a do wrzenia. Aby przygotowa\u0107 1 litr sosu, wsyp 80g produktu do 1 litra wrz\u0105cej wody.<\/p>\n<p><b>Produktywno\u015b\u0107<\/b>:<\/p>\n<ul>\n<li>masa netto: 3kg<\/li>\n<li>wydajno\u015b\u0107: 37 litr\u00f3w<\/li>\n<li>ilo\u015b\u0107 porcji: 370 x 100ml<\/li>\n<li>dozowanie: 80g \/1 litr<\/li>\n<\/ul>\n<p><b>Korzy\u015bci<\/b>: na gor\u0105c\u0105 wod\u0119, \u00a0stabilny w bemarze.<\/p>\n<p><b>Przechowywanie<\/b>: przechowywa\u0107 w suchym, ch\u0142odnym i zaciemnionym miejscu.<\/p><\/p>\n","protected":false},"excerpt":{"rendered":"<p>Knorr &#8211; Sos Pieczeniowy 1-2-3 baza (wiadro) &#8211; 3kg W\u0142a\u015bciwo\u015bci: Idealny jako baza lub przyprawa, podkre\u015bla mi\u0119sny smak sos\u00f3w oraz nadaje im ciemnoz\u0142oty kolor. Ma rumiany kolor i dobr\u0105 konsystencj\u0119, zachowuje stabilno\u015b\u0107 w bemarze. Spos\u00f3b przygotowania: zawarto\u015b\u0107 opakowania wsyp do 37 litr\u00f3w wrz\u0105cej wody, dok\u0142adnie wymieszaj, doprowad\u017a do wrzenia. Aby przygotowa\u0107 1 litr sosu, wsyp [&hellip;]<\/p>\n","protected":false},"featured_media":2765,"comment_status":"open","ping_status":"closed","template":"","meta":[],"product_brand":[112],"product_cat":[109],"product_tag":[],"class_list":{"0":"post-2763","1":"product","2":"type-product","3":"status-publish","4":"has-post-thumbnail","6":"product_brand-knorr","7":"product_cat-sosy-kanapkowe-i-dressingi","9":"first","10":"instock","11":"taxable","12":"shipping-taxable","13":"purchasable","14":"product-type-simple"},"yoast_head":"<!-- This site is optimized with the Yoast SEO plugin v27.3 - https:\/\/yoast.com\/product\/yoast-seo-wordpress\/ -->\n<title>Knorr Sos pieczeniowy baza linia 1-2-3 wiaderko 3 kg - Mix Market - Supermarket z wszystkim co potrzeba<\/title>\n<meta name=\"robots\" content=\"index, follow, max-snippet:-1, max-image-preview:large, max-video-preview:-1\" \/>\n<link rel=\"canonical\" href=\"https:\/\/racom.com.pl\/index.php\/produkt\/knorr-sos-pieczeniowy-baza-linia-1-2-3-wiaderko-3-kg\/\" \/>\n<meta property=\"og:locale\" content=\"pl_PL\" \/>\n<meta property=\"og:type\" content=\"article\" \/>\n<meta property=\"og:title\" content=\"Knorr Sos pieczeniowy baza linia 1-2-3 wiaderko 3 kg - Mix Market - Supermarket z wszystkim co potrzeba\" \/>\n<meta property=\"og:description\" content=\"Knorr &#8211; Sos Pieczeniowy 1-2-3 baza (wiadro) &#8211; 3kg W\u0142a\u015bciwo\u015bci: Idealny jako baza lub przyprawa, podkre\u015bla mi\u0119sny smak sos\u00f3w oraz nadaje im ciemnoz\u0142oty kolor. Ma rumiany kolor i dobr\u0105 konsystencj\u0119, zachowuje stabilno\u015b\u0107 w bemarze. Spos\u00f3b przygotowania: zawarto\u015b\u0107 opakowania wsyp do 37 litr\u00f3w wrz\u0105cej wody, dok\u0142adnie wymieszaj, doprowad\u017a do wrzenia. Aby przygotowa\u0107 1 litr sosu, wsyp [&hellip;]\" \/>\n<meta property=\"og:url\" content=\"https:\/\/racom.com.pl\/index.php\/produkt\/knorr-sos-pieczeniowy-baza-linia-1-2-3-wiaderko-3-kg\/\" \/>\n<meta property=\"og:site_name\" content=\"Mix Market - Supermarket z wszystkim co potrzeba\" \/>\n<meta property=\"og:image\" content=\"https:\/\/racom.com.pl\/wp-content\/uploads\/2025\/07\/allegro_687ba09096a251.95130914_1ca293d54996b8f1fcd684d76d1f.jpg\" \/>\n\t<meta property=\"og:image:width\" content=\"2365\" \/>\n\t<meta property=\"og:image:height\" content=\"2365\" \/>\n\t<meta property=\"og:image:type\" content=\"image\/jpeg\" \/>\n<meta name=\"twitter:card\" content=\"summary_large_image\" \/>\n<meta name=\"twitter:label1\" content=\"Szacowany czas czytania\" \/>\n\t<meta name=\"twitter:data1\" content=\"1 minuta\" \/>\n<script type=\"application\/ld+json\" class=\"yoast-schema-graph\">{\"@context\":\"https:\\\/\\\/schema.org\",\"@graph\":[{\"@type\":\"WebPage\",\"@id\":\"https:\\\/\\\/racom.com.pl\\\/index.php\\\/produkt\\\/knorr-sos-pieczeniowy-baza-linia-1-2-3-wiaderko-3-kg\\\/\",\"url\":\"https:\\\/\\\/racom.com.pl\\\/index.php\\\/produkt\\\/knorr-sos-pieczeniowy-baza-linia-1-2-3-wiaderko-3-kg\\\/\",\"name\":\"Knorr Sos pieczeniowy baza linia 1-2-3 wiaderko 3 kg - Mix Market - Supermarket z wszystkim co potrzeba\",\"isPartOf\":{\"@id\":\"https:\\\/\\\/racom.com.pl\\\/#website\"},\"primaryImageOfPage\":{\"@id\":\"https:\\\/\\\/racom.com.pl\\\/index.php\\\/produkt\\\/knorr-sos-pieczeniowy-baza-linia-1-2-3-wiaderko-3-kg\\\/#primaryimage\"},\"image\":{\"@id\":\"https:\\\/\\\/racom.com.pl\\\/index.php\\\/produkt\\\/knorr-sos-pieczeniowy-baza-linia-1-2-3-wiaderko-3-kg\\\/#primaryimage\"},\"thumbnailUrl\":\"https:\\\/\\\/racom.com.pl\\\/wp-content\\\/uploads\\\/2025\\\/07\\\/allegro_687ba09096a251.95130914_1ca293d54996b8f1fcd684d76d1f.jpg\",\"datePublished\":\"2025-07-19T13:40:38+00:00\",\"breadcrumb\":{\"@id\":\"https:\\\/\\\/racom.com.pl\\\/index.php\\\/produkt\\\/knorr-sos-pieczeniowy-baza-linia-1-2-3-wiaderko-3-kg\\\/#breadcrumb\"},\"inLanguage\":\"pl-PL\",\"potentialAction\":[{\"@type\":\"ReadAction\",\"target\":[\"https:\\\/\\\/racom.com.pl\\\/index.php\\\/produkt\\\/knorr-sos-pieczeniowy-baza-linia-1-2-3-wiaderko-3-kg\\\/\"]}]},{\"@type\":\"ImageObject\",\"inLanguage\":\"pl-PL\",\"@id\":\"https:\\\/\\\/racom.com.pl\\\/index.php\\\/produkt\\\/knorr-sos-pieczeniowy-baza-linia-1-2-3-wiaderko-3-kg\\\/#primaryimage\",\"url\":\"https:\\\/\\\/racom.com.pl\\\/wp-content\\\/uploads\\\/2025\\\/07\\\/allegro_687ba09096a251.95130914_1ca293d54996b8f1fcd684d76d1f.jpg\",\"contentUrl\":\"https:\\\/\\\/racom.com.pl\\\/wp-content\\\/uploads\\\/2025\\\/07\\\/allegro_687ba09096a251.95130914_1ca293d54996b8f1fcd684d76d1f.jpg\",\"width\":2365,\"height\":2365},{\"@type\":\"BreadcrumbList\",\"@id\":\"https:\\\/\\\/racom.com.pl\\\/index.php\\\/produkt\\\/knorr-sos-pieczeniowy-baza-linia-1-2-3-wiaderko-3-kg\\\/#breadcrumb\",\"itemListElement\":[{\"@type\":\"ListItem\",\"position\":1,\"name\":\"Strona g\u0142\u00f3wna\",\"item\":\"https:\\\/\\\/racom.com.pl\\\/\"},{\"@type\":\"ListItem\",\"position\":2,\"name\":\"Sklep\",\"item\":\"https:\\\/\\\/racom.com.pl\\\/\"},{\"@type\":\"ListItem\",\"position\":3,\"name\":\"Knorr Sos pieczeniowy baza linia 1-2-3 wiaderko 3 kg\"}]},{\"@type\":\"WebSite\",\"@id\":\"https:\\\/\\\/racom.com.pl\\\/#website\",\"url\":\"https:\\\/\\\/racom.com.pl\\\/\",\"name\":\"Mix Market - Supermarket z wszystkim co potrzeba do domu i nie tylko\",\"description\":\"\",\"publisher\":{\"@id\":\"https:\\\/\\\/racom.com.pl\\\/#organization\"},\"potentialAction\":[{\"@type\":\"SearchAction\",\"target\":{\"@type\":\"EntryPoint\",\"urlTemplate\":\"https:\\\/\\\/racom.com.pl\\\/?s={search_term_string}\"},\"query-input\":{\"@type\":\"PropertyValueSpecification\",\"valueRequired\":true,\"valueName\":\"search_term_string\"}}],\"inLanguage\":\"pl-PL\"},{\"@type\":\"Organization\",\"@id\":\"https:\\\/\\\/racom.com.pl\\\/#organization\",\"name\":\"Mix Market - Supermarket z wszystkim co potrzeba do domu i nie tylko\",\"url\":\"https:\\\/\\\/racom.com.pl\\\/\",\"logo\":{\"@type\":\"ImageObject\",\"inLanguage\":\"pl-PL\",\"@id\":\"https:\\\/\\\/racom.com.pl\\\/#\\\/schema\\\/logo\\\/image\\\/\",\"url\":\"https:\\\/\\\/racom.com.pl\\\/wp-content\\\/uploads\\\/2025\\\/07\\\/mixmarket_logo.png\",\"contentUrl\":\"https:\\\/\\\/racom.com.pl\\\/wp-content\\\/uploads\\\/2025\\\/07\\\/mixmarket_logo.png\",\"width\":1024,\"height\":1024,\"caption\":\"Mix Market - Supermarket z wszystkim co potrzeba do domu i nie tylko\"},\"image\":{\"@id\":\"https:\\\/\\\/racom.com.pl\\\/#\\\/schema\\\/logo\\\/image\\\/\"}}]}<\/script>\n<!-- \/ Yoast SEO plugin. -->","yoast_head_json":{"title":"Knorr Sos pieczeniowy baza linia 1-2-3 wiaderko 3 kg - Mix Market - Supermarket z wszystkim co potrzeba","robots":{"index":"index","follow":"follow","max-snippet":"max-snippet:-1","max-image-preview":"max-image-preview:large","max-video-preview":"max-video-preview:-1"},"canonical":"https:\/\/racom.com.pl\/index.php\/produkt\/knorr-sos-pieczeniowy-baza-linia-1-2-3-wiaderko-3-kg\/","og_locale":"pl_PL","og_type":"article","og_title":"Knorr Sos pieczeniowy baza linia 1-2-3 wiaderko 3 kg - Mix Market - Supermarket z wszystkim co potrzeba","og_description":"Knorr &#8211; Sos Pieczeniowy 1-2-3 baza (wiadro) &#8211; 3kg W\u0142a\u015bciwo\u015bci: Idealny jako baza lub przyprawa, podkre\u015bla mi\u0119sny smak sos\u00f3w oraz nadaje im ciemnoz\u0142oty kolor. Ma rumiany kolor i dobr\u0105 konsystencj\u0119, zachowuje stabilno\u015b\u0107 w bemarze. Spos\u00f3b przygotowania: zawarto\u015b\u0107 opakowania wsyp do 37 litr\u00f3w wrz\u0105cej wody, dok\u0142adnie wymieszaj, doprowad\u017a do wrzenia. Aby przygotowa\u0107 1 litr sosu, wsyp [&hellip;]","og_url":"https:\/\/racom.com.pl\/index.php\/produkt\/knorr-sos-pieczeniowy-baza-linia-1-2-3-wiaderko-3-kg\/","og_site_name":"Mix Market - Supermarket z wszystkim co potrzeba","og_image":[{"width":2365,"height":2365,"url":"https:\/\/racom.com.pl\/wp-content\/uploads\/2025\/07\/allegro_687ba09096a251.95130914_1ca293d54996b8f1fcd684d76d1f.jpg","type":"image\/jpeg"}],"twitter_card":"summary_large_image","twitter_misc":{"Szacowany czas czytania":"1 minuta"},"schema":{"@context":"https:\/\/schema.org","@graph":[{"@type":"WebPage","@id":"https:\/\/racom.com.pl\/index.php\/produkt\/knorr-sos-pieczeniowy-baza-linia-1-2-3-wiaderko-3-kg\/","url":"https:\/\/racom.com.pl\/index.php\/produkt\/knorr-sos-pieczeniowy-baza-linia-1-2-3-wiaderko-3-kg\/","name":"Knorr Sos pieczeniowy baza linia 1-2-3 wiaderko 3 kg - Mix Market - Supermarket z wszystkim co potrzeba","isPartOf":{"@id":"https:\/\/racom.com.pl\/#website"},"primaryImageOfPage":{"@id":"https:\/\/racom.com.pl\/index.php\/produkt\/knorr-sos-pieczeniowy-baza-linia-1-2-3-wiaderko-3-kg\/#primaryimage"},"image":{"@id":"https:\/\/racom.com.pl\/index.php\/produkt\/knorr-sos-pieczeniowy-baza-linia-1-2-3-wiaderko-3-kg\/#primaryimage"},"thumbnailUrl":"https:\/\/racom.com.pl\/wp-content\/uploads\/2025\/07\/allegro_687ba09096a251.95130914_1ca293d54996b8f1fcd684d76d1f.jpg","datePublished":"2025-07-19T13:40:38+00:00","breadcrumb":{"@id":"https:\/\/racom.com.pl\/index.php\/produkt\/knorr-sos-pieczeniowy-baza-linia-1-2-3-wiaderko-3-kg\/#breadcrumb"},"inLanguage":"pl-PL","potentialAction":[{"@type":"ReadAction","target":["https:\/\/racom.com.pl\/index.php\/produkt\/knorr-sos-pieczeniowy-baza-linia-1-2-3-wiaderko-3-kg\/"]}]},{"@type":"ImageObject","inLanguage":"pl-PL","@id":"https:\/\/racom.com.pl\/index.php\/produkt\/knorr-sos-pieczeniowy-baza-linia-1-2-3-wiaderko-3-kg\/#primaryimage","url":"https:\/\/racom.com.pl\/wp-content\/uploads\/2025\/07\/allegro_687ba09096a251.95130914_1ca293d54996b8f1fcd684d76d1f.jpg","contentUrl":"https:\/\/racom.com.pl\/wp-content\/uploads\/2025\/07\/allegro_687ba09096a251.95130914_1ca293d54996b8f1fcd684d76d1f.jpg","width":2365,"height":2365},{"@type":"BreadcrumbList","@id":"https:\/\/racom.com.pl\/index.php\/produkt\/knorr-sos-pieczeniowy-baza-linia-1-2-3-wiaderko-3-kg\/#breadcrumb","itemListElement":[{"@type":"ListItem","position":1,"name":"Strona g\u0142\u00f3wna","item":"https:\/\/racom.com.pl\/"},{"@type":"ListItem","position":2,"name":"Sklep","item":"https:\/\/racom.com.pl\/"},{"@type":"ListItem","position":3,"name":"Knorr Sos pieczeniowy baza linia 1-2-3 wiaderko 3 kg"}]},{"@type":"WebSite","@id":"https:\/\/racom.com.pl\/#website","url":"https:\/\/racom.com.pl\/","name":"Mix Market - Supermarket z wszystkim co potrzeba do domu i nie tylko","description":"","publisher":{"@id":"https:\/\/racom.com.pl\/#organization"},"potentialAction":[{"@type":"SearchAction","target":{"@type":"EntryPoint","urlTemplate":"https:\/\/racom.com.pl\/?s={search_term_string}"},"query-input":{"@type":"PropertyValueSpecification","valueRequired":true,"valueName":"search_term_string"}}],"inLanguage":"pl-PL"},{"@type":"Organization","@id":"https:\/\/racom.com.pl\/#organization","name":"Mix Market - Supermarket z wszystkim co potrzeba do domu i nie tylko","url":"https:\/\/racom.com.pl\/","logo":{"@type":"ImageObject","inLanguage":"pl-PL","@id":"https:\/\/racom.com.pl\/#\/schema\/logo\/image\/","url":"https:\/\/racom.com.pl\/wp-content\/uploads\/2025\/07\/mixmarket_logo.png","contentUrl":"https:\/\/racom.com.pl\/wp-content\/uploads\/2025\/07\/mixmarket_logo.png","width":1024,"height":1024,"caption":"Mix Market - Supermarket z wszystkim co potrzeba do domu i nie tylko"},"image":{"@id":"https:\/\/racom.com.pl\/#\/schema\/logo\/image\/"}}]}},"_links":{"self":[{"href":"https:\/\/racom.com.pl\/index.php\/wp-json\/wp\/v2\/product\/2763","targetHints":{"allow":["GET"]}}],"collection":[{"href":"https:\/\/racom.com.pl\/index.php\/wp-json\/wp\/v2\/product"}],"about":[{"href":"https:\/\/racom.com.pl\/index.php\/wp-json\/wp\/v2\/types\/product"}],"replies":[{"embeddable":true,"href":"https:\/\/racom.com.pl\/index.php\/wp-json\/wp\/v2\/comments?post=2763"}],"wp:featuredmedia":[{"embeddable":true,"href":"https:\/\/racom.com.pl\/index.php\/wp-json\/wp\/v2\/media\/2765"}],"wp:attachment":[{"href":"https:\/\/racom.com.pl\/index.php\/wp-json\/wp\/v2\/media?parent=2763"}],"wp:term":[{"taxonomy":"product_brand","embeddable":true,"href":"https:\/\/racom.com.pl\/index.php\/wp-json\/wp\/v2\/product_brand?post=2763"},{"taxonomy":"product_cat","embeddable":true,"href":"https:\/\/racom.com.pl\/index.php\/wp-json\/wp\/v2\/product_cat?post=2763"},{"taxonomy":"product_tag","embeddable":true,"href":"https:\/\/racom.com.pl\/index.php\/wp-json\/wp\/v2\/product_tag?post=2763"}],"curies":[{"name":"wp","href":"https:\/\/api.w.org\/{rel}","templated":true}]}}