{"id":277,"date":"2025-07-18T17:21:20","date_gmt":"2025-07-18T15:21:20","guid":{"rendered":"http:\/\/192.168.2.106\/index.php\/produkt\/toner-do-hp-17a-17h-17x-cf217-crg047-m102a-m102w-m130a-m130fw-xxl-5000str\/"},"modified":"2025-07-18T17:21:20","modified_gmt":"2025-07-18T15:21:20","slug":"toner-do-hp-17a-17h-17x-cf217-crg047-m102a-m102w-m130a-m130fw-xxl-5000str","status":"publish","type":"product","link":"https:\/\/racom.com.pl\/index.php\/produkt\/toner-do-hp-17a-17h-17x-cf217-crg047-m102a-m102w-m130a-m130fw-xxl-5000str\/","title":{"rendered":"TONER DO HP 17A 17H 17X CF217 CRG047 M102a M102w M130a M130fw XXL 5000str."},"content":{"rendered":"<h2>TONER DO HP 17A 17H 17X CF217 CRG047 M102a M102w M130a M130fw XXL 5000str.<\/h2>\n<p>Fabrycznie nowy toner zamienny do drukarek i urz\u0105dze\u0144 wielofunkcyjnych marki HP.<\/p>\n<p>Oznaczenie producenta &#8211;&nbsp;<b>HT-CF217H<\/b><\/p>\n<p>Oznaczenie fabryczne &#8211;&nbsp;<b>17H<\/b><\/p>\n<p>Modele <b>CF217A, CF217X <\/b>i<b> CF217H<\/b> s\u0105 kompatybilne z tymi samymi urz\u0105dzeniami.<\/p>\n<p>Model 17H oferuje wydruk do <b>5000str<\/b>.<\/p>\n<p>Toner 100% NOWY, nieregenerowany, zapakowany hermetycznie w foli\u0119 i karton widoczny na zdj\u0119ciu, wydruk do 1600str. (pokrycie 5%)<\/p>\n<p>Toner nie posiada CHIP, nale\u017cy prze\u0142o\u017cy\u0107 oryginalny z poprzedniego toneru.<\/p>\n<p>Posiada certyfikaty ISO9001, ISO14001<\/p>\n<p>Kompatybilny z urz\u0105dzeniami HP:<\/p>\n<ul>\n<li>HP Laser Jet PRO M102a, M102w, M130a, M130a, M130fn, M130fw, M130nw<\/li>\n<li>HP Laser Jet PRO M 102a, 102w<\/li>\n<li>HP Laser Jet PRO MFP M 130a, 130fn, 130fw, 130nw, 132a, 132fn, 132fp, 132fw, 132nw, 132snw,<\/li>\n<\/ul>\n<p>I inne z oznaczeniem 17A, 17X, 17H lub CF217A, CF217H, CF217X<\/p>\n","protected":false},"excerpt":{"rendered":"<p>TONER DO HP 17A 17H 17X CF217 CRG047 M102a M102w M130a M130fw XXL 5000str. Fabrycznie nowy toner zamienny do drukarek i urz\u0105dze\u0144 wielofunkcyjnych marki HP. Oznaczenie producenta &#8211;&nbsp;HT-CF217H Oznaczenie fabryczne &#8211;&nbsp;17H Modele CF217A, CF217X i CF217H s\u0105 kompatybilne z tymi samymi urz\u0105dzeniami. Model 17H oferuje wydruk do 5000str. Toner 100% NOWY, nieregenerowany, zapakowany hermetycznie w [&hellip;]<\/p>\n","protected":false},"featured_media":279,"comment_status":"open","ping_status":"closed","template":"","meta":[],"product_brand":[],"product_cat":[35],"product_tag":[],"class_list":{"0":"post-277","1":"product","2":"type-product","3":"status-publish","4":"has-post-thumbnail","6":"product_cat-drukarki-i-skanery","8":"first","9":"instock","10":"taxable","11":"shipping-taxable","12":"purchasable","13":"product-type-simple"},"yoast_head":"<!-- This site is optimized with the Yoast SEO plugin v27.3 - https:\/\/yoast.com\/product\/yoast-seo-wordpress\/ -->\n<title>TONER DO HP 17A 17H 17X CF217 CRG047 M102a M102w M130a M130fw XXL 5000str. - Mix Market - Supermarket z wszystkim co potrzeba<\/title>\n<meta name=\"robots\" content=\"index, follow, max-snippet:-1, max-image-preview:large, max-video-preview:-1\" \/>\n<link rel=\"canonical\" href=\"https:\/\/racom.com.pl\/index.php\/produkt\/toner-do-hp-17a-17h-17x-cf217-crg047-m102a-m102w-m130a-m130fw-xxl-5000str\/\" \/>\n<meta property=\"og:locale\" content=\"pl_PL\" \/>\n<meta property=\"og:type\" content=\"article\" \/>\n<meta property=\"og:title\" content=\"TONER DO HP 17A 17H 17X CF217 CRG047 M102a M102w M130a M130fw XXL 5000str. - Mix Market - Supermarket z wszystkim co potrzeba\" \/>\n<meta property=\"og:description\" content=\"TONER DO HP 17A 17H 17X CF217 CRG047 M102a M102w M130a M130fw XXL 5000str. Fabrycznie nowy toner zamienny do drukarek i urz\u0105dze\u0144 wielofunkcyjnych marki HP. Oznaczenie producenta &#8211;&nbsp;HT-CF217H Oznaczenie fabryczne &#8211;&nbsp;17H Modele CF217A, CF217X i CF217H s\u0105 kompatybilne z tymi samymi urz\u0105dzeniami. Model 17H oferuje wydruk do 5000str. Toner 100% NOWY, nieregenerowany, zapakowany hermetycznie w [&hellip;]\" \/>\n<meta property=\"og:url\" content=\"https:\/\/racom.com.pl\/index.php\/produkt\/toner-do-hp-17a-17h-17x-cf217-crg047-m102a-m102w-m130a-m130fw-xxl-5000str\/\" \/>\n<meta property=\"og:site_name\" content=\"Mix Market - Supermarket z wszystkim co potrzeba\" \/>\n<meta property=\"og:image\" content=\"https:\/\/racom.com.pl\/wp-content\/uploads\/2025\/07\/allegro_687a66752797c4.18339288_6309fe06422cad4c225ce9fae734.jpg\" \/>\n\t<meta property=\"og:image:width\" content=\"524\" \/>\n\t<meta property=\"og:image:height\" content=\"430\" \/>\n\t<meta property=\"og:image:type\" content=\"image\/jpeg\" \/>\n<meta name=\"twitter:card\" content=\"summary_large_image\" \/>\n<meta name=\"twitter:label1\" content=\"Szacowany czas czytania\" \/>\n\t<meta name=\"twitter:data1\" content=\"1 minuta\" \/>\n<script type=\"application\/ld+json\" class=\"yoast-schema-graph\">{\"@context\":\"https:\\\/\\\/schema.org\",\"@graph\":[{\"@type\":\"WebPage\",\"@id\":\"https:\\\/\\\/racom.com.pl\\\/index.php\\\/produkt\\\/toner-do-hp-17a-17h-17x-cf217-crg047-m102a-m102w-m130a-m130fw-xxl-5000str\\\/\",\"url\":\"https:\\\/\\\/racom.com.pl\\\/index.php\\\/produkt\\\/toner-do-hp-17a-17h-17x-cf217-crg047-m102a-m102w-m130a-m130fw-xxl-5000str\\\/\",\"name\":\"TONER DO HP 17A 17H 17X CF217 CRG047 M102a M102w M130a M130fw XXL 5000str. - Mix Market - Supermarket z wszystkim co potrzeba\",\"isPartOf\":{\"@id\":\"https:\\\/\\\/racom.com.pl\\\/#website\"},\"primaryImageOfPage\":{\"@id\":\"https:\\\/\\\/racom.com.pl\\\/index.php\\\/produkt\\\/toner-do-hp-17a-17h-17x-cf217-crg047-m102a-m102w-m130a-m130fw-xxl-5000str\\\/#primaryimage\"},\"image\":{\"@id\":\"https:\\\/\\\/racom.com.pl\\\/index.php\\\/produkt\\\/toner-do-hp-17a-17h-17x-cf217-crg047-m102a-m102w-m130a-m130fw-xxl-5000str\\\/#primaryimage\"},\"thumbnailUrl\":\"https:\\\/\\\/racom.com.pl\\\/wp-content\\\/uploads\\\/2025\\\/07\\\/allegro_687a66752797c4.18339288_6309fe06422cad4c225ce9fae734.jpg\",\"datePublished\":\"2025-07-18T15:21:20+00:00\",\"breadcrumb\":{\"@id\":\"https:\\\/\\\/racom.com.pl\\\/index.php\\\/produkt\\\/toner-do-hp-17a-17h-17x-cf217-crg047-m102a-m102w-m130a-m130fw-xxl-5000str\\\/#breadcrumb\"},\"inLanguage\":\"pl-PL\",\"potentialAction\":[{\"@type\":\"ReadAction\",\"target\":[\"https:\\\/\\\/racom.com.pl\\\/index.php\\\/produkt\\\/toner-do-hp-17a-17h-17x-cf217-crg047-m102a-m102w-m130a-m130fw-xxl-5000str\\\/\"]}]},{\"@type\":\"ImageObject\",\"inLanguage\":\"pl-PL\",\"@id\":\"https:\\\/\\\/racom.com.pl\\\/index.php\\\/produkt\\\/toner-do-hp-17a-17h-17x-cf217-crg047-m102a-m102w-m130a-m130fw-xxl-5000str\\\/#primaryimage\",\"url\":\"https:\\\/\\\/racom.com.pl\\\/wp-content\\\/uploads\\\/2025\\\/07\\\/allegro_687a66752797c4.18339288_6309fe06422cad4c225ce9fae734.jpg\",\"contentUrl\":\"https:\\\/\\\/racom.com.pl\\\/wp-content\\\/uploads\\\/2025\\\/07\\\/allegro_687a66752797c4.18339288_6309fe06422cad4c225ce9fae734.jpg\",\"width\":524,\"height\":430},{\"@type\":\"BreadcrumbList\",\"@id\":\"https:\\\/\\\/racom.com.pl\\\/index.php\\\/produkt\\\/toner-do-hp-17a-17h-17x-cf217-crg047-m102a-m102w-m130a-m130fw-xxl-5000str\\\/#breadcrumb\",\"itemListElement\":[{\"@type\":\"ListItem\",\"position\":1,\"name\":\"Strona g\u0142\u00f3wna\",\"item\":\"https:\\\/\\\/racom.com.pl\\\/\"},{\"@type\":\"ListItem\",\"position\":2,\"name\":\"Sklep\",\"item\":\"https:\\\/\\\/racom.com.pl\\\/\"},{\"@type\":\"ListItem\",\"position\":3,\"name\":\"TONER DO HP 17A 17H 17X CF217 CRG047 M102a M102w M130a M130fw XXL 5000str.\"}]},{\"@type\":\"WebSite\",\"@id\":\"https:\\\/\\\/racom.com.pl\\\/#website\",\"url\":\"https:\\\/\\\/racom.com.pl\\\/\",\"name\":\"Mix Market - Supermarket z wszystkim co potrzeba do domu i nie tylko\",\"description\":\"\",\"publisher\":{\"@id\":\"https:\\\/\\\/racom.com.pl\\\/#organization\"},\"potentialAction\":[{\"@type\":\"SearchAction\",\"target\":{\"@type\":\"EntryPoint\",\"urlTemplate\":\"https:\\\/\\\/racom.com.pl\\\/?s={search_term_string}\"},\"query-input\":{\"@type\":\"PropertyValueSpecification\",\"valueRequired\":true,\"valueName\":\"search_term_string\"}}],\"inLanguage\":\"pl-PL\"},{\"@type\":\"Organization\",\"@id\":\"https:\\\/\\\/racom.com.pl\\\/#organization\",\"name\":\"Mix Market - Supermarket z wszystkim co potrzeba do domu i nie tylko\",\"url\":\"https:\\\/\\\/racom.com.pl\\\/\",\"logo\":{\"@type\":\"ImageObject\",\"inLanguage\":\"pl-PL\",\"@id\":\"https:\\\/\\\/racom.com.pl\\\/#\\\/schema\\\/logo\\\/image\\\/\",\"url\":\"https:\\\/\\\/racom.com.pl\\\/wp-content\\\/uploads\\\/2025\\\/07\\\/mixmarket_logo.png\",\"contentUrl\":\"https:\\\/\\\/racom.com.pl\\\/wp-content\\\/uploads\\\/2025\\\/07\\\/mixmarket_logo.png\",\"width\":1024,\"height\":1024,\"caption\":\"Mix Market - Supermarket z wszystkim co potrzeba do domu i nie tylko\"},\"image\":{\"@id\":\"https:\\\/\\\/racom.com.pl\\\/#\\\/schema\\\/logo\\\/image\\\/\"}}]}<\/script>\n<!-- \/ Yoast SEO plugin. -->","yoast_head_json":{"title":"TONER DO HP 17A 17H 17X CF217 CRG047 M102a M102w M130a M130fw XXL 5000str. - Mix Market - Supermarket z wszystkim co potrzeba","robots":{"index":"index","follow":"follow","max-snippet":"max-snippet:-1","max-image-preview":"max-image-preview:large","max-video-preview":"max-video-preview:-1"},"canonical":"https:\/\/racom.com.pl\/index.php\/produkt\/toner-do-hp-17a-17h-17x-cf217-crg047-m102a-m102w-m130a-m130fw-xxl-5000str\/","og_locale":"pl_PL","og_type":"article","og_title":"TONER DO HP 17A 17H 17X CF217 CRG047 M102a M102w M130a M130fw XXL 5000str. - Mix Market - Supermarket z wszystkim co potrzeba","og_description":"TONER DO HP 17A 17H 17X CF217 CRG047 M102a M102w M130a M130fw XXL 5000str. Fabrycznie nowy toner zamienny do drukarek i urz\u0105dze\u0144 wielofunkcyjnych marki HP. Oznaczenie producenta &#8211;&nbsp;HT-CF217H Oznaczenie fabryczne &#8211;&nbsp;17H Modele CF217A, CF217X i CF217H s\u0105 kompatybilne z tymi samymi urz\u0105dzeniami. Model 17H oferuje wydruk do 5000str. Toner 100% NOWY, nieregenerowany, zapakowany hermetycznie w [&hellip;]","og_url":"https:\/\/racom.com.pl\/index.php\/produkt\/toner-do-hp-17a-17h-17x-cf217-crg047-m102a-m102w-m130a-m130fw-xxl-5000str\/","og_site_name":"Mix Market - Supermarket z wszystkim co potrzeba","og_image":[{"width":524,"height":430,"url":"https:\/\/racom.com.pl\/wp-content\/uploads\/2025\/07\/allegro_687a66752797c4.18339288_6309fe06422cad4c225ce9fae734.jpg","type":"image\/jpeg"}],"twitter_card":"summary_large_image","twitter_misc":{"Szacowany czas czytania":"1 minuta"},"schema":{"@context":"https:\/\/schema.org","@graph":[{"@type":"WebPage","@id":"https:\/\/racom.com.pl\/index.php\/produkt\/toner-do-hp-17a-17h-17x-cf217-crg047-m102a-m102w-m130a-m130fw-xxl-5000str\/","url":"https:\/\/racom.com.pl\/index.php\/produkt\/toner-do-hp-17a-17h-17x-cf217-crg047-m102a-m102w-m130a-m130fw-xxl-5000str\/","name":"TONER DO HP 17A 17H 17X CF217 CRG047 M102a M102w M130a M130fw XXL 5000str. - Mix Market - Supermarket z wszystkim co potrzeba","isPartOf":{"@id":"https:\/\/racom.com.pl\/#website"},"primaryImageOfPage":{"@id":"https:\/\/racom.com.pl\/index.php\/produkt\/toner-do-hp-17a-17h-17x-cf217-crg047-m102a-m102w-m130a-m130fw-xxl-5000str\/#primaryimage"},"image":{"@id":"https:\/\/racom.com.pl\/index.php\/produkt\/toner-do-hp-17a-17h-17x-cf217-crg047-m102a-m102w-m130a-m130fw-xxl-5000str\/#primaryimage"},"thumbnailUrl":"https:\/\/racom.com.pl\/wp-content\/uploads\/2025\/07\/allegro_687a66752797c4.18339288_6309fe06422cad4c225ce9fae734.jpg","datePublished":"2025-07-18T15:21:20+00:00","breadcrumb":{"@id":"https:\/\/racom.com.pl\/index.php\/produkt\/toner-do-hp-17a-17h-17x-cf217-crg047-m102a-m102w-m130a-m130fw-xxl-5000str\/#breadcrumb"},"inLanguage":"pl-PL","potentialAction":[{"@type":"ReadAction","target":["https:\/\/racom.com.pl\/index.php\/produkt\/toner-do-hp-17a-17h-17x-cf217-crg047-m102a-m102w-m130a-m130fw-xxl-5000str\/"]}]},{"@type":"ImageObject","inLanguage":"pl-PL","@id":"https:\/\/racom.com.pl\/index.php\/produkt\/toner-do-hp-17a-17h-17x-cf217-crg047-m102a-m102w-m130a-m130fw-xxl-5000str\/#primaryimage","url":"https:\/\/racom.com.pl\/wp-content\/uploads\/2025\/07\/allegro_687a66752797c4.18339288_6309fe06422cad4c225ce9fae734.jpg","contentUrl":"https:\/\/racom.com.pl\/wp-content\/uploads\/2025\/07\/allegro_687a66752797c4.18339288_6309fe06422cad4c225ce9fae734.jpg","width":524,"height":430},{"@type":"BreadcrumbList","@id":"https:\/\/racom.com.pl\/index.php\/produkt\/toner-do-hp-17a-17h-17x-cf217-crg047-m102a-m102w-m130a-m130fw-xxl-5000str\/#breadcrumb","itemListElement":[{"@type":"ListItem","position":1,"name":"Strona g\u0142\u00f3wna","item":"https:\/\/racom.com.pl\/"},{"@type":"ListItem","position":2,"name":"Sklep","item":"https:\/\/racom.com.pl\/"},{"@type":"ListItem","position":3,"name":"TONER DO HP 17A 17H 17X CF217 CRG047 M102a M102w M130a M130fw XXL 5000str."}]},{"@type":"WebSite","@id":"https:\/\/racom.com.pl\/#website","url":"https:\/\/racom.com.pl\/","name":"Mix Market - Supermarket z wszystkim co potrzeba do domu i nie tylko","description":"","publisher":{"@id":"https:\/\/racom.com.pl\/#organization"},"potentialAction":[{"@type":"SearchAction","target":{"@type":"EntryPoint","urlTemplate":"https:\/\/racom.com.pl\/?s={search_term_string}"},"query-input":{"@type":"PropertyValueSpecification","valueRequired":true,"valueName":"search_term_string"}}],"inLanguage":"pl-PL"},{"@type":"Organization","@id":"https:\/\/racom.com.pl\/#organization","name":"Mix Market - Supermarket z wszystkim co potrzeba do domu i nie tylko","url":"https:\/\/racom.com.pl\/","logo":{"@type":"ImageObject","inLanguage":"pl-PL","@id":"https:\/\/racom.com.pl\/#\/schema\/logo\/image\/","url":"https:\/\/racom.com.pl\/wp-content\/uploads\/2025\/07\/mixmarket_logo.png","contentUrl":"https:\/\/racom.com.pl\/wp-content\/uploads\/2025\/07\/mixmarket_logo.png","width":1024,"height":1024,"caption":"Mix Market - Supermarket z wszystkim co potrzeba do domu i nie tylko"},"image":{"@id":"https:\/\/racom.com.pl\/#\/schema\/logo\/image\/"}}]}},"_links":{"self":[{"href":"https:\/\/racom.com.pl\/index.php\/wp-json\/wp\/v2\/product\/277","targetHints":{"allow":["GET"]}}],"collection":[{"href":"https:\/\/racom.com.pl\/index.php\/wp-json\/wp\/v2\/product"}],"about":[{"href":"https:\/\/racom.com.pl\/index.php\/wp-json\/wp\/v2\/types\/product"}],"replies":[{"embeddable":true,"href":"https:\/\/racom.com.pl\/index.php\/wp-json\/wp\/v2\/comments?post=277"}],"wp:featuredmedia":[{"embeddable":true,"href":"https:\/\/racom.com.pl\/index.php\/wp-json\/wp\/v2\/media\/279"}],"wp:attachment":[{"href":"https:\/\/racom.com.pl\/index.php\/wp-json\/wp\/v2\/media?parent=277"}],"wp:term":[{"taxonomy":"product_brand","embeddable":true,"href":"https:\/\/racom.com.pl\/index.php\/wp-json\/wp\/v2\/product_brand?post=277"},{"taxonomy":"product_cat","embeddable":true,"href":"https:\/\/racom.com.pl\/index.php\/wp-json\/wp\/v2\/product_cat?post=277"},{"taxonomy":"product_tag","embeddable":true,"href":"https:\/\/racom.com.pl\/index.php\/wp-json\/wp\/v2\/product_tag?post=277"}],"curies":[{"name":"wp","href":"https:\/\/api.w.org\/{rel}","templated":true}]}}