{"id":2770,"date":"2025-07-19T15:42:27","date_gmt":"2025-07-19T13:42:27","guid":{"rendered":"http:\/\/192.168.2.106\/index.php\/produkt\/zywiec-zdroj-mocny-gaz-gazowana-woda-smakowa-mango-limonka-1-5l-zgrzewka\/"},"modified":"2025-07-19T15:42:27","modified_gmt":"2025-07-19T13:42:27","slug":"zywiec-zdroj-mocny-gaz-gazowana-woda-smakowa-mango-limonka-1-5l-zgrzewka","status":"publish","type":"product","link":"https:\/\/racom.com.pl\/index.php\/produkt\/zywiec-zdroj-mocny-gaz-gazowana-woda-smakowa-mango-limonka-1-5l-zgrzewka\/","title":{"rendered":"\u017bYWIEC ZDR\u00d3J Mocny Gaz Gazowana Woda Smakowa Mango Limonka 1.5L ZGRZEWKA"},"content":{"rendered":"<h2>\u017bYWIEC ZDR\u00d3J GAZOWANY I Mango-Limonka 1,5 L (zgrzewka 6szt.)<\/h2>\n<h2>\u017bYWIEC ZDR\u00d3J MOCNY GAZ NAP\u00d3J GAZOWANY Mango-Limonka 1,5 L<\/h2>\n<p><b>Zgrzewka 6szt.<\/b><\/p>\n<p><b>Krystaliczna woda gazowana \u017bywiec Zdr\u00f3j i naturalna nuta Mango i Limonki.<\/b><\/p>\n<p>Nap\u00f3j gazowany bez cukru o smaku mango i limonki. Pasteryzowany.<\/p>\n<p>Sk\u0142ad: Woda \u017ar\u00f3dlana 99%, dwutlenek w\u0119gla, naturalne aromaty mango i limonki z innymi naturalnymi aromatami.<\/p>\n","protected":false},"excerpt":{"rendered":"<p>\u017bYWIEC ZDR\u00d3J GAZOWANY I Mango-Limonka 1,5 L (zgrzewka 6szt.) \u017bYWIEC ZDR\u00d3J MOCNY GAZ NAP\u00d3J GAZOWANY Mango-Limonka 1,5 L Zgrzewka 6szt. Krystaliczna woda gazowana \u017bywiec Zdr\u00f3j i naturalna nuta Mango i Limonki. Nap\u00f3j gazowany bez cukru o smaku mango i limonki. Pasteryzowany. Sk\u0142ad: Woda \u017ar\u00f3dlana 99%, dwutlenek w\u0119gla, naturalne aromaty mango i limonki z innymi naturalnymi [&hellip;]<\/p>\n","protected":false},"featured_media":2773,"comment_status":"open","ping_status":"closed","template":"","meta":[],"product_brand":[196],"product_cat":[116],"product_tag":[],"class_list":{"0":"post-2770","1":"product","2":"type-product","3":"status-publish","4":"has-post-thumbnail","6":"product_brand-zywiec-zdroj","7":"product_cat-napoje-i-akcesoria","9":"first","10":"instock","11":"taxable","12":"shipping-taxable","13":"purchasable","14":"product-type-simple"},"yoast_head":"<!-- This site is optimized with the Yoast SEO plugin v27.3 - https:\/\/yoast.com\/product\/yoast-seo-wordpress\/ -->\n<title>\u017bYWIEC ZDR\u00d3J Mocny Gaz Gazowana Woda Smakowa Mango Limonka 1.5L ZGRZEWKA - Mix Market - Supermarket z wszystkim co potrzeba<\/title>\n<meta name=\"robots\" content=\"index, follow, max-snippet:-1, max-image-preview:large, max-video-preview:-1\" \/>\n<link rel=\"canonical\" href=\"https:\/\/racom.com.pl\/index.php\/produkt\/zywiec-zdroj-mocny-gaz-gazowana-woda-smakowa-mango-limonka-1-5l-zgrzewka\/\" \/>\n<meta property=\"og:locale\" content=\"pl_PL\" \/>\n<meta property=\"og:type\" content=\"article\" \/>\n<meta property=\"og:title\" content=\"\u017bYWIEC ZDR\u00d3J Mocny Gaz Gazowana Woda Smakowa Mango Limonka 1.5L ZGRZEWKA - Mix Market - Supermarket z wszystkim co potrzeba\" \/>\n<meta property=\"og:description\" content=\"\u017bYWIEC ZDR\u00d3J GAZOWANY I Mango-Limonka 1,5 L (zgrzewka 6szt.) \u017bYWIEC ZDR\u00d3J MOCNY GAZ NAP\u00d3J GAZOWANY Mango-Limonka 1,5 L Zgrzewka 6szt. Krystaliczna woda gazowana \u017bywiec Zdr\u00f3j i naturalna nuta Mango i Limonki. Nap\u00f3j gazowany bez cukru o smaku mango i limonki. Pasteryzowany. Sk\u0142ad: Woda \u017ar\u00f3dlana 99%, dwutlenek w\u0119gla, naturalne aromaty mango i limonki z innymi naturalnymi [&hellip;]\" \/>\n<meta property=\"og:url\" content=\"https:\/\/racom.com.pl\/index.php\/produkt\/zywiec-zdroj-mocny-gaz-gazowana-woda-smakowa-mango-limonka-1-5l-zgrzewka\/\" \/>\n<meta property=\"og:site_name\" content=\"Mix Market - Supermarket z wszystkim co potrzeba\" \/>\n<meta property=\"og:image\" content=\"https:\/\/racom.com.pl\/wp-content\/uploads\/2025\/07\/allegro_687ba0d3d73031.42554596_55076c124f93a60a91385eb14bff.jpg\" \/>\n\t<meta property=\"og:image:width\" content=\"2365\" \/>\n\t<meta property=\"og:image:height\" content=\"2365\" \/>\n\t<meta property=\"og:image:type\" content=\"image\/jpeg\" \/>\n<meta name=\"twitter:card\" content=\"summary_large_image\" \/>\n<script type=\"application\/ld+json\" class=\"yoast-schema-graph\">{\"@context\":\"https:\\\/\\\/schema.org\",\"@graph\":[{\"@type\":\"WebPage\",\"@id\":\"https:\\\/\\\/racom.com.pl\\\/index.php\\\/produkt\\\/zywiec-zdroj-mocny-gaz-gazowana-woda-smakowa-mango-limonka-1-5l-zgrzewka\\\/\",\"url\":\"https:\\\/\\\/racom.com.pl\\\/index.php\\\/produkt\\\/zywiec-zdroj-mocny-gaz-gazowana-woda-smakowa-mango-limonka-1-5l-zgrzewka\\\/\",\"name\":\"\u017bYWIEC ZDR\u00d3J Mocny Gaz Gazowana Woda Smakowa Mango Limonka 1.5L ZGRZEWKA - Mix Market - Supermarket z wszystkim co potrzeba\",\"isPartOf\":{\"@id\":\"https:\\\/\\\/racom.com.pl\\\/#website\"},\"primaryImageOfPage\":{\"@id\":\"https:\\\/\\\/racom.com.pl\\\/index.php\\\/produkt\\\/zywiec-zdroj-mocny-gaz-gazowana-woda-smakowa-mango-limonka-1-5l-zgrzewka\\\/#primaryimage\"},\"image\":{\"@id\":\"https:\\\/\\\/racom.com.pl\\\/index.php\\\/produkt\\\/zywiec-zdroj-mocny-gaz-gazowana-woda-smakowa-mango-limonka-1-5l-zgrzewka\\\/#primaryimage\"},\"thumbnailUrl\":\"https:\\\/\\\/racom.com.pl\\\/wp-content\\\/uploads\\\/2025\\\/07\\\/allegro_687ba0d3d73031.42554596_55076c124f93a60a91385eb14bff.jpg\",\"datePublished\":\"2025-07-19T13:42:27+00:00\",\"breadcrumb\":{\"@id\":\"https:\\\/\\\/racom.com.pl\\\/index.php\\\/produkt\\\/zywiec-zdroj-mocny-gaz-gazowana-woda-smakowa-mango-limonka-1-5l-zgrzewka\\\/#breadcrumb\"},\"inLanguage\":\"pl-PL\",\"potentialAction\":[{\"@type\":\"ReadAction\",\"target\":[\"https:\\\/\\\/racom.com.pl\\\/index.php\\\/produkt\\\/zywiec-zdroj-mocny-gaz-gazowana-woda-smakowa-mango-limonka-1-5l-zgrzewka\\\/\"]}]},{\"@type\":\"ImageObject\",\"inLanguage\":\"pl-PL\",\"@id\":\"https:\\\/\\\/racom.com.pl\\\/index.php\\\/produkt\\\/zywiec-zdroj-mocny-gaz-gazowana-woda-smakowa-mango-limonka-1-5l-zgrzewka\\\/#primaryimage\",\"url\":\"https:\\\/\\\/racom.com.pl\\\/wp-content\\\/uploads\\\/2025\\\/07\\\/allegro_687ba0d3d73031.42554596_55076c124f93a60a91385eb14bff.jpg\",\"contentUrl\":\"https:\\\/\\\/racom.com.pl\\\/wp-content\\\/uploads\\\/2025\\\/07\\\/allegro_687ba0d3d73031.42554596_55076c124f93a60a91385eb14bff.jpg\",\"width\":2365,\"height\":2365},{\"@type\":\"BreadcrumbList\",\"@id\":\"https:\\\/\\\/racom.com.pl\\\/index.php\\\/produkt\\\/zywiec-zdroj-mocny-gaz-gazowana-woda-smakowa-mango-limonka-1-5l-zgrzewka\\\/#breadcrumb\",\"itemListElement\":[{\"@type\":\"ListItem\",\"position\":1,\"name\":\"Strona g\u0142\u00f3wna\",\"item\":\"https:\\\/\\\/racom.com.pl\\\/\"},{\"@type\":\"ListItem\",\"position\":2,\"name\":\"Sklep\",\"item\":\"https:\\\/\\\/racom.com.pl\\\/\"},{\"@type\":\"ListItem\",\"position\":3,\"name\":\"\u017bYWIEC ZDR\u00d3J Mocny Gaz Gazowana Woda Smakowa Mango Limonka 1.5L ZGRZEWKA\"}]},{\"@type\":\"WebSite\",\"@id\":\"https:\\\/\\\/racom.com.pl\\\/#website\",\"url\":\"https:\\\/\\\/racom.com.pl\\\/\",\"name\":\"Mix Market - Supermarket z wszystkim co potrzeba do domu i nie tylko\",\"description\":\"\",\"publisher\":{\"@id\":\"https:\\\/\\\/racom.com.pl\\\/#organization\"},\"potentialAction\":[{\"@type\":\"SearchAction\",\"target\":{\"@type\":\"EntryPoint\",\"urlTemplate\":\"https:\\\/\\\/racom.com.pl\\\/?s={search_term_string}\"},\"query-input\":{\"@type\":\"PropertyValueSpecification\",\"valueRequired\":true,\"valueName\":\"search_term_string\"}}],\"inLanguage\":\"pl-PL\"},{\"@type\":\"Organization\",\"@id\":\"https:\\\/\\\/racom.com.pl\\\/#organization\",\"name\":\"Mix Market - Supermarket z wszystkim co potrzeba do domu i nie tylko\",\"url\":\"https:\\\/\\\/racom.com.pl\\\/\",\"logo\":{\"@type\":\"ImageObject\",\"inLanguage\":\"pl-PL\",\"@id\":\"https:\\\/\\\/racom.com.pl\\\/#\\\/schema\\\/logo\\\/image\\\/\",\"url\":\"https:\\\/\\\/racom.com.pl\\\/wp-content\\\/uploads\\\/2025\\\/07\\\/mixmarket_logo.png\",\"contentUrl\":\"https:\\\/\\\/racom.com.pl\\\/wp-content\\\/uploads\\\/2025\\\/07\\\/mixmarket_logo.png\",\"width\":1024,\"height\":1024,\"caption\":\"Mix Market - Supermarket z wszystkim co potrzeba do domu i nie tylko\"},\"image\":{\"@id\":\"https:\\\/\\\/racom.com.pl\\\/#\\\/schema\\\/logo\\\/image\\\/\"}}]}<\/script>\n<!-- \/ Yoast SEO plugin. -->","yoast_head_json":{"title":"\u017bYWIEC ZDR\u00d3J Mocny Gaz Gazowana Woda Smakowa Mango Limonka 1.5L ZGRZEWKA - Mix Market - Supermarket z wszystkim co potrzeba","robots":{"index":"index","follow":"follow","max-snippet":"max-snippet:-1","max-image-preview":"max-image-preview:large","max-video-preview":"max-video-preview:-1"},"canonical":"https:\/\/racom.com.pl\/index.php\/produkt\/zywiec-zdroj-mocny-gaz-gazowana-woda-smakowa-mango-limonka-1-5l-zgrzewka\/","og_locale":"pl_PL","og_type":"article","og_title":"\u017bYWIEC ZDR\u00d3J Mocny Gaz Gazowana Woda Smakowa Mango Limonka 1.5L ZGRZEWKA - Mix Market - Supermarket z wszystkim co potrzeba","og_description":"\u017bYWIEC ZDR\u00d3J GAZOWANY I Mango-Limonka 1,5 L (zgrzewka 6szt.) \u017bYWIEC ZDR\u00d3J MOCNY GAZ NAP\u00d3J GAZOWANY Mango-Limonka 1,5 L Zgrzewka 6szt. Krystaliczna woda gazowana \u017bywiec Zdr\u00f3j i naturalna nuta Mango i Limonki. Nap\u00f3j gazowany bez cukru o smaku mango i limonki. Pasteryzowany. Sk\u0142ad: Woda \u017ar\u00f3dlana 99%, dwutlenek w\u0119gla, naturalne aromaty mango i limonki z innymi naturalnymi [&hellip;]","og_url":"https:\/\/racom.com.pl\/index.php\/produkt\/zywiec-zdroj-mocny-gaz-gazowana-woda-smakowa-mango-limonka-1-5l-zgrzewka\/","og_site_name":"Mix Market - Supermarket z wszystkim co potrzeba","og_image":[{"width":2365,"height":2365,"url":"https:\/\/racom.com.pl\/wp-content\/uploads\/2025\/07\/allegro_687ba0d3d73031.42554596_55076c124f93a60a91385eb14bff.jpg","type":"image\/jpeg"}],"twitter_card":"summary_large_image","schema":{"@context":"https:\/\/schema.org","@graph":[{"@type":"WebPage","@id":"https:\/\/racom.com.pl\/index.php\/produkt\/zywiec-zdroj-mocny-gaz-gazowana-woda-smakowa-mango-limonka-1-5l-zgrzewka\/","url":"https:\/\/racom.com.pl\/index.php\/produkt\/zywiec-zdroj-mocny-gaz-gazowana-woda-smakowa-mango-limonka-1-5l-zgrzewka\/","name":"\u017bYWIEC ZDR\u00d3J Mocny Gaz Gazowana Woda Smakowa Mango Limonka 1.5L ZGRZEWKA - Mix Market - Supermarket z wszystkim co potrzeba","isPartOf":{"@id":"https:\/\/racom.com.pl\/#website"},"primaryImageOfPage":{"@id":"https:\/\/racom.com.pl\/index.php\/produkt\/zywiec-zdroj-mocny-gaz-gazowana-woda-smakowa-mango-limonka-1-5l-zgrzewka\/#primaryimage"},"image":{"@id":"https:\/\/racom.com.pl\/index.php\/produkt\/zywiec-zdroj-mocny-gaz-gazowana-woda-smakowa-mango-limonka-1-5l-zgrzewka\/#primaryimage"},"thumbnailUrl":"https:\/\/racom.com.pl\/wp-content\/uploads\/2025\/07\/allegro_687ba0d3d73031.42554596_55076c124f93a60a91385eb14bff.jpg","datePublished":"2025-07-19T13:42:27+00:00","breadcrumb":{"@id":"https:\/\/racom.com.pl\/index.php\/produkt\/zywiec-zdroj-mocny-gaz-gazowana-woda-smakowa-mango-limonka-1-5l-zgrzewka\/#breadcrumb"},"inLanguage":"pl-PL","potentialAction":[{"@type":"ReadAction","target":["https:\/\/racom.com.pl\/index.php\/produkt\/zywiec-zdroj-mocny-gaz-gazowana-woda-smakowa-mango-limonka-1-5l-zgrzewka\/"]}]},{"@type":"ImageObject","inLanguage":"pl-PL","@id":"https:\/\/racom.com.pl\/index.php\/produkt\/zywiec-zdroj-mocny-gaz-gazowana-woda-smakowa-mango-limonka-1-5l-zgrzewka\/#primaryimage","url":"https:\/\/racom.com.pl\/wp-content\/uploads\/2025\/07\/allegro_687ba0d3d73031.42554596_55076c124f93a60a91385eb14bff.jpg","contentUrl":"https:\/\/racom.com.pl\/wp-content\/uploads\/2025\/07\/allegro_687ba0d3d73031.42554596_55076c124f93a60a91385eb14bff.jpg","width":2365,"height":2365},{"@type":"BreadcrumbList","@id":"https:\/\/racom.com.pl\/index.php\/produkt\/zywiec-zdroj-mocny-gaz-gazowana-woda-smakowa-mango-limonka-1-5l-zgrzewka\/#breadcrumb","itemListElement":[{"@type":"ListItem","position":1,"name":"Strona g\u0142\u00f3wna","item":"https:\/\/racom.com.pl\/"},{"@type":"ListItem","position":2,"name":"Sklep","item":"https:\/\/racom.com.pl\/"},{"@type":"ListItem","position":3,"name":"\u017bYWIEC ZDR\u00d3J Mocny Gaz Gazowana Woda Smakowa Mango Limonka 1.5L ZGRZEWKA"}]},{"@type":"WebSite","@id":"https:\/\/racom.com.pl\/#website","url":"https:\/\/racom.com.pl\/","name":"Mix Market - Supermarket z wszystkim co potrzeba do domu i nie tylko","description":"","publisher":{"@id":"https:\/\/racom.com.pl\/#organization"},"potentialAction":[{"@type":"SearchAction","target":{"@type":"EntryPoint","urlTemplate":"https:\/\/racom.com.pl\/?s={search_term_string}"},"query-input":{"@type":"PropertyValueSpecification","valueRequired":true,"valueName":"search_term_string"}}],"inLanguage":"pl-PL"},{"@type":"Organization","@id":"https:\/\/racom.com.pl\/#organization","name":"Mix Market - Supermarket z wszystkim co potrzeba do domu i nie tylko","url":"https:\/\/racom.com.pl\/","logo":{"@type":"ImageObject","inLanguage":"pl-PL","@id":"https:\/\/racom.com.pl\/#\/schema\/logo\/image\/","url":"https:\/\/racom.com.pl\/wp-content\/uploads\/2025\/07\/mixmarket_logo.png","contentUrl":"https:\/\/racom.com.pl\/wp-content\/uploads\/2025\/07\/mixmarket_logo.png","width":1024,"height":1024,"caption":"Mix Market - Supermarket z wszystkim co potrzeba do domu i nie tylko"},"image":{"@id":"https:\/\/racom.com.pl\/#\/schema\/logo\/image\/"}}]}},"_links":{"self":[{"href":"https:\/\/racom.com.pl\/index.php\/wp-json\/wp\/v2\/product\/2770","targetHints":{"allow":["GET"]}}],"collection":[{"href":"https:\/\/racom.com.pl\/index.php\/wp-json\/wp\/v2\/product"}],"about":[{"href":"https:\/\/racom.com.pl\/index.php\/wp-json\/wp\/v2\/types\/product"}],"replies":[{"embeddable":true,"href":"https:\/\/racom.com.pl\/index.php\/wp-json\/wp\/v2\/comments?post=2770"}],"wp:featuredmedia":[{"embeddable":true,"href":"https:\/\/racom.com.pl\/index.php\/wp-json\/wp\/v2\/media\/2773"}],"wp:attachment":[{"href":"https:\/\/racom.com.pl\/index.php\/wp-json\/wp\/v2\/media?parent=2770"}],"wp:term":[{"taxonomy":"product_brand","embeddable":true,"href":"https:\/\/racom.com.pl\/index.php\/wp-json\/wp\/v2\/product_brand?post=2770"},{"taxonomy":"product_cat","embeddable":true,"href":"https:\/\/racom.com.pl\/index.php\/wp-json\/wp\/v2\/product_cat?post=2770"},{"taxonomy":"product_tag","embeddable":true,"href":"https:\/\/racom.com.pl\/index.php\/wp-json\/wp\/v2\/product_tag?post=2770"}],"curies":[{"name":"wp","href":"https:\/\/api.w.org\/{rel}","templated":true}]}}